{"id":55951,"date":"2026-01-14T08:46:33","date_gmt":"2026-01-14T08:46:33","guid":{"rendered":"https:\/\/testwebsite.citygame.com\/games\/unknown-location\/secrets-of-stockholm-south\/"},"modified":"2026-04-07T21:49:51","modified_gmt":"2026-04-07T21:49:51","slug":"secrets-of-stockholm-south","status":"publish","type":"product","link":"https:\/\/testwebsite.citygame.com\/is\/games\/stockholm\/secrets-of-stockholm-south\/","title":{"rendered":"Secrets of Stockholm South"},"content":{"rendered":"<p>Borgarleikurinn Stokkh\u00f3lmur er sj\u00e1lfst\u00fdr\u00f0ur borgarleikur sem fer fram \u00e1 \u00e1kve\u00f0nu sv\u00e6\u00f0i \u00ed Stokkh\u00f3lmi, n\u00e1nar tilteki\u00f0 \u00ed Su\u00f0ur-Stokkh\u00f3lmi. \u00deessi GPS-bundni leikur lei\u00f0ir leikmenn um g\u00f6turnar me\u00f0 snjalls\u00edmum s\u00ednum, \u00fear sem \u00feeir leysa \u00ferautir, g\u00e1tur og lj\u00f3smynda\u00e1skoranir \u00e1 lei\u00f0inni. K\u00f6nnunarleikurinn veitir inns\u00fdn \u00ed s\u00f6gu sv\u00e6\u00f0isins, menningu og falin sm\u00e1atri\u00f0i, sem gerir hann b\u00e6\u00f0i uppl\u00fdsandi og gr\u00edpandi. Hentar b\u00e6\u00f0i gestum og heimam\u00f6nnum og hvetur Borgarleikurinn Stokkh\u00f3lmur \u00feig til a\u00f0 sj\u00e1 kunnuglega sta\u00f0i fr\u00e1 n\u00fdju sj\u00f3narhorni. Hvort sem spila\u00f0 er einleik, \u00ed p\u00f6rum, e\u00f0a me\u00f0 fj\u00f6lskyldu og vinum, er upplifunin sveigjanleg og skemmtileg fyrir alla.<\/p>\n","protected":false},"excerpt":{"rendered":"<p>Afhj\u00fapa\u00f0u skugga og leyndarm\u00e1l Stokkh\u00f3lms! St\u00edg\u00f0u inn \u00ed borg \u00fear sem hellulag\u00f0ar g\u00f6tur \u00f3ma af s\u00f6gu og falnum s\u00f6gum, hj\u00e1lpandi Bj\u00f6rn the Shadow Watch a\u00f0 finna L\u00edsu og Lilly \u00e1\u00f0ur en \u00fe\u00e6r hverfa inn \u00ed hv\u00edsli borgarinnar a\u00f0 eil\u00edfu.<\/p>\n","protected":false},"featured_media":3977,"template":"","meta":{"_acf_changed":false,"_yoast_wpseo_focuskw":"Secrets of Stockholm South","_yoast_wpseo_metadesc":"Secrets of Stockholm South. Spila\u00f0u sj\u00e1lfst\u00fdr\u00f0an Borgarleik og sko\u00f0a\u00f0u borgina me\u00f0 \u00ferautum, g\u00e1tum og \u00e1skorunum. Spila\u00f0u \u00e1 \u00fe\u00ednum eigin hra\u00f0a og uppg\u00f6tva\u00f0u eins og heimama\u00f0ur!","_kad_blocks_custom_css":"","_kad_blocks_head_custom_js":"","_kad_blocks_body_custom_js":"","_kad_blocks_footer_custom_js":"","ghostkit_customizer_options":"","ghostkit_custom_css":"","ghostkit_custom_js_head":"","ghostkit_custom_js_foot":"","ghostkit_typography":"","_kad_post_transparent":"default","_kad_post_title":"","_kad_post_layout":"default","_kad_post_sidebar_id":"","_kad_post_content_style":"default","_kad_post_vertical_padding":"default","_kad_post_feature":"","_kad_post_feature_position":"","_kad_post_header":false,"_kad_post_footer":false,"_kad_post_classname":"","_links_to":"","_links_to_target":""},"game-concept":[717],"location":[380],"product_brand":[],"product_cat":[27],"product_tag":[],"class_list":{"0":"post-55951","1":"product","2":"type-product","3":"status-publish","4":"has-post-thumbnail","6":"game-concept-secrets","7":"location-stockholm","8":"product_cat-geen-categorie","10":"first","11":"instock","12":"shipping-taxable","13":"purchasable","14":"product-type-simple","15":"entry","16":"content-bg","17":"loop-entry"},"acf":{"full_bokun_product_name":"Self-Guided Secrets of Stockholm South Exploration Game","location_name":"Stockholm South","bokun_calendar_widget_code":"<script type=\"text\/javascript\" src=\"https:\/\/widgets.bokun.io\/assets\/javascripts\/apps\/build\/BokunWidgetsLoader.js?bookingChannelUUID=a1e93e96-5232-4734-a595-28405f4b5a31\" async><\/script>\n     \n    <div class=\"bokunWidget\" data-src=\"https:\/\/widgets.bokun.io\/online-sales\/a1e93e96-5232-4734-a595-28405f4b5a31\/experience-calendar\/1072344\"><\/div>\n    <noscript>Please enable javascript in your browser to book<\/noscript>","bokun_button_widget_code":"<script type=\"text\/javascript\" src=\"https:\/\/widgets.bokun.io\/assets\/javascripts\/apps\/build\/BokunWidgetsLoader.js?bookingChannelUUID=a1e93e96-5232-4734-a595-28405f4b5a31\" async><\/script>\n      <style> #bokun_ed001e45_5927_4f62_b470_ca766338d083 { display: inline-block; padding: .4em 1em; background: #47b82e; border-radius: 999999px; box-shadow: none; font-weight: 600; font-size: 24px; text-decoration: none; text-align: center; color: #FFFFFF; border:none; cursor: pointer; transition: background .2s ease; } #bokun_ed001e45_5927_4f62_b470_ca766338d083:hover{ background: #2f7b1f; } #bokun_ed001e45_5927_4f62_b470_ca766338d083:active{ background: #378f24; } <\/style> <button class=\"bokunButton\" disabled id=bokun_ed001e45_5927_4f62_b470_ca766338d083 data-src=\"https:\/\/widgets.bokun.io\/online-sales\/a1e93e96-5232-4734-a595-28405f4b5a31\/experience-calendar\/1072344?partialView=1\" data-testid=\"widget-book-button\" > Book now <\/button> ","what_you\u2019ll_experience_during_the_game":"\u00deegar \u00fe\u00fa sko\u00f0ar su\u00f0ursv\u00e6\u00f0i Stokkh\u00f3lms, blandar \u00feessi Borgarleikur uppg\u00f6tvun og s\u00f6gur, lei\u00f0ir \u00feig \u00ed gegnum bl\u00f6ndu af vel\u00feekktum kennileitum og r\u00f3legri hornum. \u00c1 lei\u00f0inni muntu fara framhj\u00e1 \u00e1berandi st\u00f6\u00f0um eins og S\u00f6dra Teatern, sta\u00f0 \u00e1 h\u00e6\u00f0 me\u00f0 v\u00ed\u00f0\u00e1ttumiklu \u00fats\u00fdni, og s\u00f6gulega Stockholm City Museum, sem veitir inns\u00fdn \u00ed fort\u00ed\u00f0 borgarinnar. Lei\u00f0in tekur \u00feig framhj\u00e1 Mariahissen, \u00fear sem n\u00fat\u00edmal\u00edf m\u00e6tir klettasi\u00f0i, auk menningarheima eins og Folkoperan og umbreyttra i\u00f0na\u00f0arsala M\u00fcnchenbryggeriet. Hver stoppista\u00f0ur afhj\u00fapar eitthva\u00f0 n\u00fdtt um Su\u00f0ur-Stokkh\u00f3lm, b\u00fd\u00f0ur upp \u00e1 d\u00fdpri inns\u00fdn \u00ed \u00fer\u00f3unarsvi\u00f0 sv\u00e6\u00f0isins og skapandi anda.\r\n\r\n\u00cd gegnum leikinn muntu standa frammi fyrir \u00fdmsum gagnvirkum \u00e1skorunum, allt fr\u00e1 g\u00e1tum og fr\u00f3\u00f0leik til lj\u00f3smyndaverkefna sem \u00f6rva leikr\u00e6na sk\u00f6punarg\u00e1fu. A\u00f0 kl\u00e1ra \u00feessar hj\u00e1lpar \u00fe\u00e9r a\u00f0 vinna \u00fe\u00e9r inn stig, afhj\u00fapa v\u00edsbendingar og komast \u00e1fram \u00ed \u00e1tt a\u00f0 loka leyndard\u00f3mnum. Leiknum er h\u00e6gt a\u00f0 gera hl\u00e9 hven\u00e6r sem \u00fe\u00fa \u00fearft \u00e1 p\u00e1su a\u00f0 halda og halda \u00e1fram \u00e1 \u00fe\u00ednum eigin hra\u00f0a, sem gerir \u00fea\u00f0 au\u00f0velt a\u00f0 sam\u00fe\u00e6tta hann inn \u00ed daginn \u00feinn. Li\u00f0 e\u00f0a einleikarar me\u00f0 keppnisskap geta fylgst me\u00f0 stigum s\u00ednum og s\u00e9\u00f0 hvernig \u00feeir ra\u00f0ast \u00e1 stigat\u00f6flunni \u00e1 me\u00f0an \u00feeir sko\u00f0a Su\u00f0ur-Stokkh\u00f3lm.","how_to_play":"","start_location":"Stockholm, S\u00f6dra Teatern","available_languages":"","players_per_group":"1-4","duration":"1.5-2 hours","image_overlay_color_image":"https:\/\/testwebsite.citygame.com\/wp-content\/blogs.dir\/1\/files\/sites\/62\/2026\/01\/SecretsColor.svg","image_overlay_game_logo":"https:\/\/testwebsite.citygame.com\/wp-content\/blogs.dir\/1\/files\/sites\/62\/2026\/01\/SecretsLogo.png","city_page":5571,"woocommerce_general_content":null},"yoast_head":"<!-- This site is optimized with the Yoast SEO Premium plugin v26.2 (Yoast SEO v26.3) - https:\/\/yoast.com\/wordpress\/plugins\/seo\/ -->\n<title>Secrets of Stockholm South - City Game<\/title>\n<meta name=\"description\" content=\"Secrets of Stockholm South. Spila\u00f0u sj\u00e1lfst\u00fdr\u00f0an Borgarleik og sko\u00f0a\u00f0u borgina me\u00f0 \u00ferautum, g\u00e1tum og \u00e1skorunum. Spila\u00f0u \u00e1 \u00fe\u00ednum eigin hra\u00f0a og uppg\u00f6tva\u00f0u eins og heimama\u00f0ur!\" \/>\n<meta name=\"robots\" content=\"noindex, follow, max-snippet:-1, max-image-preview:large, max-video-preview:-1\" \/>\n<meta property=\"og:locale\" content=\"is_IS\" \/>\n<meta property=\"og:type\" content=\"article\" \/>\n<meta property=\"og:title\" content=\"Secrets of Stockholm South\" \/>\n<meta property=\"og:description\" content=\"Secrets of Stockholm South. Spila\u00f0u sj\u00e1lfst\u00fdr\u00f0an Borgarleik og sko\u00f0a\u00f0u borgina me\u00f0 \u00ferautum, g\u00e1tum og \u00e1skorunum. Spila\u00f0u \u00e1 \u00fe\u00ednum eigin hra\u00f0a og uppg\u00f6tva\u00f0u eins og heimama\u00f0ur!\" \/>\n<meta property=\"og:url\" content=\"https:\/\/testwebsite.citygame.com\/is\/games\/stockholm\/secrets-of-stockholm-south\/\" \/>\n<meta property=\"og:site_name\" content=\"City Game\" \/>\n<meta property=\"article:publisher\" content=\"https:\/\/www.facebook.com\/profile.php?id=100086426226253\" \/>\n<meta property=\"article:modified_time\" content=\"2026-04-07T21:49:51+00:00\" \/>\n<meta property=\"og:image\" content=\"https:\/\/testwebsite.citygame.com\/wp-content\/blogs.dir\/1\/files\/sites\/62\/2026\/01\/group-of-friends-playing-city-game-stockholm-south.jpg\" \/>\n\t<meta property=\"og:image:width\" content=\"1024\" \/>\n\t<meta property=\"og:image:height\" content=\"1024\" \/>\n\t<meta property=\"og:image:type\" content=\"image\/jpeg\" \/>\n<meta name=\"twitter:card\" content=\"summary_large_image\" \/>\n<meta name=\"twitter:label1\" content=\"Est. reading time\" \/>\n\t<meta name=\"twitter:data1\" content=\"1 minute\" \/>\n<script type=\"application\/ld+json\" class=\"yoast-schema-graph\">{\"@context\":\"https:\/\/schema.org\",\"@graph\":[{\"@type\":\"WebPage\",\"@id\":\"https:\/\/testwebsite.citygame.com\/is\/games\/stockholm\/secrets-of-stockholm-south\/\",\"url\":\"https:\/\/testwebsite.citygame.com\/is\/games\/stockholm\/secrets-of-stockholm-south\/\",\"name\":\"Secrets of Stockholm South - City Game\",\"isPartOf\":{\"@id\":\"https:\/\/testwebsite.upevents.nl\/#website\"},\"primaryImageOfPage\":{\"@id\":\"https:\/\/testwebsite.citygame.com\/is\/games\/stockholm\/secrets-of-stockholm-south\/#primaryimage\"},\"image\":{\"@id\":\"https:\/\/testwebsite.citygame.com\/is\/games\/stockholm\/secrets-of-stockholm-south\/#primaryimage\"},\"thumbnailUrl\":\"https:\/\/testwebsite.citygame.com\/wp-content\/blogs.dir\/1\/files\/sites\/62\/2026\/01\/group-of-friends-playing-city-game-stockholm-south.jpg\",\"datePublished\":\"2026-01-14T08:46:33+00:00\",\"dateModified\":\"2026-04-07T21:49:51+00:00\",\"description\":\"Secrets of Stockholm South. Spila\u00f0u sj\u00e1lfst\u00fdr\u00f0an Borgarleik og sko\u00f0a\u00f0u borgina me\u00f0 \u00ferautum, g\u00e1tum og \u00e1skorunum. Spila\u00f0u \u00e1 \u00fe\u00ednum eigin hra\u00f0a og uppg\u00f6tva\u00f0u eins og heimama\u00f0ur!\",\"breadcrumb\":{\"@id\":\"https:\/\/testwebsite.citygame.com\/is\/games\/stockholm\/secrets-of-stockholm-south\/#breadcrumb\"},\"inLanguage\":\"is\",\"potentialAction\":[{\"@type\":\"ReadAction\",\"target\":[\"https:\/\/testwebsite.citygame.com\/is\/games\/stockholm\/secrets-of-stockholm-south\/\"]}]},{\"@type\":\"ImageObject\",\"inLanguage\":\"is\",\"@id\":\"https:\/\/testwebsite.citygame.com\/is\/games\/stockholm\/secrets-of-stockholm-south\/#primaryimage\",\"url\":\"https:\/\/testwebsite.citygame.com\/wp-content\/blogs.dir\/1\/files\/sites\/62\/2026\/01\/group-of-friends-playing-city-game-stockholm-south.jpg\",\"contentUrl\":\"https:\/\/testwebsite.citygame.com\/wp-content\/blogs.dir\/1\/files\/sites\/62\/2026\/01\/group-of-friends-playing-city-game-stockholm-south.jpg\",\"width\":1024,\"height\":1024,\"caption\":\"A group of young friends collaborates while playing an outdoor discovery game on a smartphone.\"},{\"@type\":\"BreadcrumbList\",\"@id\":\"https:\/\/testwebsite.citygame.com\/is\/games\/stockholm\/secrets-of-stockholm-south\/#breadcrumb\",\"itemListElement\":[{\"@type\":\"ListItem\",\"position\":1,\"name\":\"Home\",\"item\":\"https:\/\/testwebsite.citygame.com\/is\/\"},{\"@type\":\"ListItem\",\"position\":2,\"name\":\"Shop\",\"item\":\"https:\/\/testwebsite.citygame.com\/shop\/\"},{\"@type\":\"ListItem\",\"position\":3,\"name\":\"Secrets of Stockholm South\"}]},{\"@type\":\"WebSite\",\"@id\":\"https:\/\/testwebsite.upevents.nl\/#website\",\"url\":\"https:\/\/testwebsite.upevents.nl\/\",\"name\":\"City Game\",\"description\":\"\",\"publisher\":{\"@id\":\"https:\/\/testwebsite.upevents.nl\/#organization\"},\"alternateName\":\"citygame.com\",\"potentialAction\":[{\"@type\":\"SearchAction\",\"target\":{\"@type\":\"EntryPoint\",\"urlTemplate\":\"https:\/\/testwebsite.upevents.nl\/?s={search_term_string}\"},\"query-input\":{\"@type\":\"PropertyValueSpecification\",\"valueRequired\":true,\"valueName\":\"search_term_string\"}}],\"inLanguage\":\"is\"},{\"@type\":[\"Organization\",\"Place\"],\"@id\":\"https:\/\/testwebsite.upevents.nl\/#organization\",\"name\":\"City Game\",\"alternateName\":\"citygame.com\",\"url\":\"https:\/\/testwebsite.upevents.nl\/\",\"logo\":{\"@id\":\"https:\/\/testwebsite.citygame.com\/is\/games\/stockholm\/secrets-of-stockholm-south\/#local-main-organization-logo\"},\"image\":{\"@id\":\"https:\/\/testwebsite.citygame.com\/is\/games\/stockholm\/secrets-of-stockholm-south\/#local-main-organization-logo\"},\"sameAs\":[\"https:\/\/www.facebook.com\/profile.php?id=100086426226253\",\"https:\/\/www.instagram.com\/citygame_com\",\"https:\/\/www.tiktok.com\/@citygamecom\/\",\"https:\/\/www.linkedin.com\/company\/citygame-com\"],\"description\":\"Turn any city into a playground with our interactive City Games and self-guided tours. Fun, flexible, and ideal for groups and team building.\",\"telephone\":[],\"openingHoursSpecification\":[{\"@type\":\"OpeningHoursSpecification\",\"dayOfWeek\":[\"Monday\",\"Tuesday\",\"Wednesday\",\"Thursday\",\"Friday\",\"Saturday\",\"Sunday\"],\"opens\":\"09:00\",\"closes\":\"17:00\"}]},{\"@type\":\"ImageObject\",\"inLanguage\":\"is\",\"@id\":\"https:\/\/testwebsite.citygame.com\/is\/games\/stockholm\/secrets-of-stockholm-south\/#local-main-organization-logo\",\"url\":\"https:\/\/testwebsite.citygame.com\/wp-content\/blogs.dir\/1\/files\/sites\/62\/2025\/10\/CG_LOGO-City-Game.png\",\"contentUrl\":\"https:\/\/testwebsite.citygame.com\/wp-content\/blogs.dir\/1\/files\/sites\/62\/2025\/10\/CG_LOGO-City-Game.png\",\"width\":351,\"height\":377,\"caption\":\"City Game\"}]}<\/script>\n<!-- \/ Yoast SEO Premium plugin. -->","yoast_head_json":{"title":"Secrets of Stockholm South - City Game","description":"Secrets of Stockholm South. Spila\u00f0u sj\u00e1lfst\u00fdr\u00f0an Borgarleik og sko\u00f0a\u00f0u borgina me\u00f0 \u00ferautum, g\u00e1tum og \u00e1skorunum. Spila\u00f0u \u00e1 \u00fe\u00ednum eigin hra\u00f0a og uppg\u00f6tva\u00f0u eins og heimama\u00f0ur!","robots":{"index":"noindex","follow":"follow","max-snippet":"max-snippet:-1","max-image-preview":"max-image-preview:large","max-video-preview":"max-video-preview:-1"},"og_locale":"is_IS","og_type":"article","og_title":"Secrets of Stockholm South","og_description":"Secrets of Stockholm South. Spila\u00f0u sj\u00e1lfst\u00fdr\u00f0an Borgarleik og sko\u00f0a\u00f0u borgina me\u00f0 \u00ferautum, g\u00e1tum og \u00e1skorunum. Spila\u00f0u \u00e1 \u00fe\u00ednum eigin hra\u00f0a og uppg\u00f6tva\u00f0u eins og heimama\u00f0ur!","og_url":"https:\/\/testwebsite.citygame.com\/is\/games\/stockholm\/secrets-of-stockholm-south\/","og_site_name":"City Game","article_publisher":"https:\/\/www.facebook.com\/profile.php?id=100086426226253","article_modified_time":"2026-04-07T21:49:51+00:00","og_image":[{"width":1024,"height":1024,"url":"https:\/\/testwebsite.citygame.com\/wp-content\/blogs.dir\/1\/files\/sites\/62\/2026\/01\/group-of-friends-playing-city-game-stockholm-south.jpg","type":"image\/jpeg"}],"twitter_card":"summary_large_image","twitter_misc":{"Est. reading time":"1 minute"},"schema":{"@context":"https:\/\/schema.org","@graph":[{"@type":"WebPage","@id":"https:\/\/testwebsite.citygame.com\/is\/games\/stockholm\/secrets-of-stockholm-south\/","url":"https:\/\/testwebsite.citygame.com\/is\/games\/stockholm\/secrets-of-stockholm-south\/","name":"Secrets of Stockholm South - City Game","isPartOf":{"@id":"https:\/\/testwebsite.upevents.nl\/#website"},"primaryImageOfPage":{"@id":"https:\/\/testwebsite.citygame.com\/is\/games\/stockholm\/secrets-of-stockholm-south\/#primaryimage"},"image":{"@id":"https:\/\/testwebsite.citygame.com\/is\/games\/stockholm\/secrets-of-stockholm-south\/#primaryimage"},"thumbnailUrl":"https:\/\/testwebsite.citygame.com\/wp-content\/blogs.dir\/1\/files\/sites\/62\/2026\/01\/group-of-friends-playing-city-game-stockholm-south.jpg","datePublished":"2026-01-14T08:46:33+00:00","dateModified":"2026-04-07T21:49:51+00:00","description":"Secrets of Stockholm South. Spila\u00f0u sj\u00e1lfst\u00fdr\u00f0an Borgarleik og sko\u00f0a\u00f0u borgina me\u00f0 \u00ferautum, g\u00e1tum og \u00e1skorunum. Spila\u00f0u \u00e1 \u00fe\u00ednum eigin hra\u00f0a og uppg\u00f6tva\u00f0u eins og heimama\u00f0ur!","breadcrumb":{"@id":"https:\/\/testwebsite.citygame.com\/is\/games\/stockholm\/secrets-of-stockholm-south\/#breadcrumb"},"inLanguage":"is","potentialAction":[{"@type":"ReadAction","target":["https:\/\/testwebsite.citygame.com\/is\/games\/stockholm\/secrets-of-stockholm-south\/"]}]},{"@type":"ImageObject","inLanguage":"is","@id":"https:\/\/testwebsite.citygame.com\/is\/games\/stockholm\/secrets-of-stockholm-south\/#primaryimage","url":"https:\/\/testwebsite.citygame.com\/wp-content\/blogs.dir\/1\/files\/sites\/62\/2026\/01\/group-of-friends-playing-city-game-stockholm-south.jpg","contentUrl":"https:\/\/testwebsite.citygame.com\/wp-content\/blogs.dir\/1\/files\/sites\/62\/2026\/01\/group-of-friends-playing-city-game-stockholm-south.jpg","width":1024,"height":1024,"caption":"A group of young friends collaborates while playing an outdoor discovery game on a smartphone."},{"@type":"BreadcrumbList","@id":"https:\/\/testwebsite.citygame.com\/is\/games\/stockholm\/secrets-of-stockholm-south\/#breadcrumb","itemListElement":[{"@type":"ListItem","position":1,"name":"Home","item":"https:\/\/testwebsite.citygame.com\/is\/"},{"@type":"ListItem","position":2,"name":"Shop","item":"https:\/\/testwebsite.citygame.com\/shop\/"},{"@type":"ListItem","position":3,"name":"Secrets of Stockholm South"}]},{"@type":"WebSite","@id":"https:\/\/testwebsite.upevents.nl\/#website","url":"https:\/\/testwebsite.upevents.nl\/","name":"City Game","description":"","publisher":{"@id":"https:\/\/testwebsite.upevents.nl\/#organization"},"alternateName":"citygame.com","potentialAction":[{"@type":"SearchAction","target":{"@type":"EntryPoint","urlTemplate":"https:\/\/testwebsite.upevents.nl\/?s={search_term_string}"},"query-input":{"@type":"PropertyValueSpecification","valueRequired":true,"valueName":"search_term_string"}}],"inLanguage":"is"},{"@type":["Organization","Place"],"@id":"https:\/\/testwebsite.upevents.nl\/#organization","name":"City Game","alternateName":"citygame.com","url":"https:\/\/testwebsite.upevents.nl\/","logo":{"@id":"https:\/\/testwebsite.citygame.com\/is\/games\/stockholm\/secrets-of-stockholm-south\/#local-main-organization-logo"},"image":{"@id":"https:\/\/testwebsite.citygame.com\/is\/games\/stockholm\/secrets-of-stockholm-south\/#local-main-organization-logo"},"sameAs":["https:\/\/www.facebook.com\/profile.php?id=100086426226253","https:\/\/www.instagram.com\/citygame_com","https:\/\/www.tiktok.com\/@citygamecom\/","https:\/\/www.linkedin.com\/company\/citygame-com"],"description":"Turn any city into a playground with our interactive City Games and self-guided tours. Fun, flexible, and ideal for groups and team building.","telephone":[],"openingHoursSpecification":[{"@type":"OpeningHoursSpecification","dayOfWeek":["Monday","Tuesday","Wednesday","Thursday","Friday","Saturday","Sunday"],"opens":"09:00","closes":"17:00"}]},{"@type":"ImageObject","inLanguage":"is","@id":"https:\/\/testwebsite.citygame.com\/is\/games\/stockholm\/secrets-of-stockholm-south\/#local-main-organization-logo","url":"https:\/\/testwebsite.citygame.com\/wp-content\/blogs.dir\/1\/files\/sites\/62\/2025\/10\/CG_LOGO-City-Game.png","contentUrl":"https:\/\/testwebsite.citygame.com\/wp-content\/blogs.dir\/1\/files\/sites\/62\/2025\/10\/CG_LOGO-City-Game.png","width":351,"height":377,"caption":"City Game"}]}},"taxonomy_info":{"game-concept":[{"value":717,"label":"Secrets"}],"location":[{"value":380,"label":"Stockholm"}],"product_cat":[{"value":27,"label":"Geen categorie"}]},"featured_image_src_large":["https:\/\/testwebsite.citygame.com\/wp-content\/blogs.dir\/1\/files\/sites\/62\/2026\/01\/group-of-friends-playing-city-game-stockholm-south.jpg",1024,1024,false],"author_info":[],"comment_info":"","_links":{"self":[{"href":"https:\/\/testwebsite.citygame.com\/is\/wp-json\/wp\/v2\/product\/55951","targetHints":{"allow":["GET"]}}],"collection":[{"href":"https:\/\/testwebsite.citygame.com\/is\/wp-json\/wp\/v2\/product"}],"about":[{"href":"https:\/\/testwebsite.citygame.com\/is\/wp-json\/wp\/v2\/types\/product"}],"acf:post":[{"embeddable":true,"href":"https:\/\/testwebsite.citygame.com\/is\/wp-json\/wp\/v2\/pages\/5571"}],"wp:featuredmedia":[{"embeddable":true,"href":"https:\/\/testwebsite.citygame.com\/is\/wp-json\/wp\/v2\/media\/3977"}],"wp:attachment":[{"href":"https:\/\/testwebsite.citygame.com\/is\/wp-json\/wp\/v2\/media?parent=55951"}],"wp:term":[{"taxonomy":"game-concept","embeddable":true,"href":"https:\/\/testwebsite.citygame.com\/is\/wp-json\/wp\/v2\/game-concept?post=55951"},{"taxonomy":"location","embeddable":true,"href":"https:\/\/testwebsite.citygame.com\/is\/wp-json\/wp\/v2\/location?post=55951"},{"taxonomy":"product_brand","embeddable":true,"href":"https:\/\/testwebsite.citygame.com\/is\/wp-json\/wp\/v2\/product_brand?post=55951"},{"taxonomy":"product_cat","embeddable":true,"href":"https:\/\/testwebsite.citygame.com\/is\/wp-json\/wp\/v2\/product_cat?post=55951"},{"taxonomy":"product_tag","embeddable":true,"href":"https:\/\/testwebsite.citygame.com\/is\/wp-json\/wp\/v2\/product_tag?post=55951"}],"curies":[{"name":"wp","href":"https:\/\/api.w.org\/{rel}","templated":true}]}}