{"id":55776,"date":"2026-02-13T15:28:09","date_gmt":"2026-02-13T15:28:09","guid":{"rendered":"https:\/\/testwebsite.citygame.com\/games\/unknown-location\/the-leiden-syndicate\/"},"modified":"2026-04-07T21:30:55","modified_gmt":"2026-04-07T21:30:55","slug":"the-leiden-syndicate","status":"publish","type":"product","link":"https:\/\/testwebsite.citygame.com\/is\/games\/leiden\/the-leiden-syndicate\/","title":{"rendered":"The Leiden Syndicate"},"content":{"rendered":"<p>\u00deessi sj\u00e1lfst\u00fdr\u00f0i borgarfl\u00f3ttaleikur \u00ed Leiden fer fram \u00ed s\u00f6gulegum mi\u00f0b\u00e6 Leiden. Sem teymi fylgja leikmenn s\u00f6gu\u00fer\u00e6\u00f0inum til a\u00f0 finna Magnus og endurheimta sex stolnar form\u00falur, og ganga skref fyrir skref \u00ed gegnum verkefni\u00f0. Borgarleikurinn \u00ed Leiden b\u00fd\u00f0ur upp \u00e1 \u00ferautir, verkefni og \u00e1skoranir sem krefjast samvinnu og herk\u00e6nsku, og veitir gr\u00edpandi upplifun sem kn\u00fain er \u00e1fram af teymisvinnu og yfirgripsmikilli s\u00f6gus\u00f6gn.<\/p>\n","protected":false},"excerpt":{"rendered":"<p>St\u00edg\u00f0u inn \u00ed hjarta Leiden, leystu r\u00e1\u00f0g\u00e1tur borgarinnar \u00ed sj\u00e1lfst\u00fdr\u00f0um borgarfl\u00f3ttaleik. Fylgdu dularfullum v\u00edsbendingum, leystu spennandi \u00ferautir og vinn\u00f0u saman me\u00f0 teyminu \u00fe\u00ednu til a\u00f0 afhj\u00fapa sannleikann \u2014 t\u00edminn er naumur, taktu \u00e1skoruninni!<\/p>\n","protected":false},"featured_media":13634,"template":"","meta":{"_acf_changed":false,"_yoast_wpseo_focuskw":"The Leiden Syndicate","_yoast_wpseo_metadesc":"The Leiden Syndicate. Spila\u00f0u sj\u00e1lfst\u00fdr\u00f0an borgarfl\u00f3ttaleik, leystu \u00ferautir, kl\u00e1ra\u00f0u verkefni og endurheimtu stolnu form\u00falurnar \u00e1 \u00fe\u00ednum eigin hra\u00f0a!","_kad_blocks_custom_css":"","_kad_blocks_head_custom_js":"","_kad_blocks_body_custom_js":"","_kad_blocks_footer_custom_js":"","ghostkit_customizer_options":"","ghostkit_custom_css":"","ghostkit_custom_js_head":"","ghostkit_custom_js_foot":"","ghostkit_typography":"","_kad_post_transparent":"default","_kad_post_title":"","_kad_post_layout":"default","_kad_post_sidebar_id":"","_kad_post_content_style":"default","_kad_post_vertical_padding":"default","_kad_post_feature":"","_kad_post_feature_position":"","_kad_post_header":false,"_kad_post_footer":false,"_kad_post_classname":"","_links_to":"","_links_to_target":""},"game-concept":[747],"location":[239],"product_brand":[],"product_cat":[27],"product_tag":[],"class_list":{"0":"post-55776","1":"product","2":"type-product","3":"status-publish","4":"has-post-thumbnail","6":"game-concept-syndicate","7":"location-leiden","8":"product_cat-geen-categorie","10":"first","11":"instock","12":"shipping-taxable","13":"purchasable","14":"product-type-simple","15":"entry","16":"content-bg","17":"loop-entry"},"acf":{"full_bokun_product_name":"Self-Guided The Leiden Syndicate City Escape Game","location_name":"Leiden","bokun_calendar_widget_code":"<script type=\"text\/javascript\" src=\"https:\/\/widgets.bokun.io\/assets\/javascripts\/apps\/build\/BokunWidgetsLoader.js?bookingChannelUUID=a1e93e96-5232-4734-a595-28405f4b5a31\" async><\/script>\n     \n    <div class=\"bokunWidget\" data-src=\"https:\/\/widgets.bokun.io\/online-sales\/a1e93e96-5232-4734-a595-28405f4b5a31\/experience-calendar\/773738\"><\/div>\n    <noscript>Please enable javascript in your browser to book<\/noscript>","bokun_button_widget_code":"<script type=\"text\/javascript\" src=\"https:\/\/widgets.bokun.io\/assets\/javascripts\/apps\/build\/BokunWidgetsLoader.js?bookingChannelUUID=a1e93e96-5232-4734-a595-28405f4b5a31\" async><\/script>\n      <style> #bokun_ed001e45_5927_4f62_b470_ca766338d083 { display: inline-block; padding: .4em 1em; background: #47b82e; border-radius: 999999px; box-shadow: none; font-weight: 600; font-size: 24px; text-decoration: none; text-align: center; color: #FFFFFF; border:none; cursor: pointer; transition: background .2s ease; } #bokun_ed001e45_5927_4f62_b470_ca766338d083:hover{ background: #2f7b1f; } #bokun_ed001e45_5927_4f62_b470_ca766338d083:active{ background: #378f24; } <\/style> <button class=\"bokunButton\" disabled id=bokun_ed001e45_5927_4f62_b470_ca766338d083 data-src=\"https:\/\/widgets.bokun.io\/online-sales\/a1e93e96-5232-4734-a595-28405f4b5a31\/experience-calendar\/773738?partialView=1\" data-testid=\"widget-book-button\" > Book now <\/button> ","what_you\u2019ll_experience_during_the_game":"\u00de\u00fa og teymi\u00f0 \u00feitt eru\u00f0 send \u00ed fl\u00f3ttaverkefni me\u00f0 mikla \u00e1h\u00e6ttu dj\u00fapt \u00ed hjarta Leiden. Sem leyni\u00fej\u00f3nustuf\u00f3lk sem vinnur undir t\u00edmapressu er markmi\u00f0 ykkar sk\u00fdrt: finna svikara a\u00f0 nafni Magnus og endurheimta sex stolnar efnaform\u00falur \u00e1\u00f0ur en \u00fe\u00e6r hverfa fyrir fullt og allt. Borgin ver\u00f0ur v\u00edgv\u00f6llur ykkar \u00fear sem hvert skref verkefnisins fer fram \u00e1 breytilegum st\u00f6\u00f0um, og hver beygja afhj\u00fapar n\u00fd l\u00f6g af \u00e1h\u00e6ttu og fl\u00f3kinni.\r\n\r\n\u00deegar \u00fei\u00f0 fer\u00f0ist um Leiden munu\u00f0 \u00fei\u00f0 rekast \u00e1 \u00ferautir til a\u00f0 leysa, dulritu\u00f0 skilabo\u00f0 til a\u00f0 afk\u00f3\u00f0a og leynileg verkefni sem krefjast skarprar hugsunar og sameiginlegs \u00e1taks. S\u00e9rhver \u00e1skorun er fl\u00e9ttu\u00f0 inn \u00ed fullkomlega yfirgripsmikla s\u00f6gu\u00fer\u00e1\u00f0 sem a\u00f0lagast \u00e1kv\u00f6r\u00f0unum ykkar og reynir \u00e1 teymisvinnu, samskipti og herk\u00e6nsku. H\u00e6gt er a\u00f0 gera hl\u00e9 \u00e1 verkefninu og halda \u00e1fram \u00e1 ykkar eigin hra\u00f0a, sem gefur teyminu ykkar sveigjanleika til a\u00f0 sigla um s\u00f6guna \u00e1 ykkar forsendum.","how_to_play":"B\u00f3ka\u00f0u borgarleikinn, sko\u00f0a\u00f0u t\u00f6lvup\u00f3stinn sem vi\u00f0 sendum \u00fe\u00e9r me\u00f0 lei\u00f0beiningunum, hala\u00f0u ni\u00f0ur Loquiz appinu og byrja\u00f0u leikupplifun \u00fe\u00edna! Kanna\u00f0u borgina \u00e1 \u00feann h\u00e1tt sem \u00fe\u00fa hefur aldrei gert \u00e1\u00f0ur. \u00deessi fl\u00f3ttaleikur er s\u00f6gubundinn hlutverkaleikur, og hver me\u00f0limur teymisins mun hafa mikilv\u00e6gt hlutverk \u00ed verkefninu. Gakktu um borgina til a\u00f0 finna lausnina me\u00f0 \u00fev\u00ed a\u00f0 leysa krefjandi \u00ferautir, g\u00e1tur og lj\u00f3smyndaverkefni.","start_location":"Leiden, Stadhuisplein","available_languages":["en","nl"],"players_per_group":"1-4","duration":"1.5-2 hours","image_overlay_color_image":"https:\/\/testwebsite.citygame.com\/wp-content\/blogs.dir\/1\/files\/sites\/62\/2026\/01\/SyndicateColor.svg","image_overlay_game_logo":"https:\/\/testwebsite.citygame.com\/wp-content\/blogs.dir\/1\/files\/sites\/62\/2026\/01\/SyndicateLogo.png","city_page":4622,"woocommerce_general_content":null},"yoast_head":"<!-- This site is optimized with the Yoast SEO Premium plugin v26.2 (Yoast SEO v26.3) - https:\/\/yoast.com\/wordpress\/plugins\/seo\/ -->\n<title>The Leiden Syndicate - City Game<\/title>\n<meta name=\"description\" content=\"The Leiden Syndicate. Spila\u00f0u sj\u00e1lfst\u00fdr\u00f0an borgarfl\u00f3ttaleik, leystu \u00ferautir, kl\u00e1ra\u00f0u verkefni og endurheimtu stolnu form\u00falurnar \u00e1 \u00fe\u00ednum eigin hra\u00f0a!\" \/>\n<meta name=\"robots\" content=\"noindex, follow, max-snippet:-1, max-image-preview:large, max-video-preview:-1\" \/>\n<meta property=\"og:locale\" content=\"is_IS\" \/>\n<meta property=\"og:type\" content=\"article\" \/>\n<meta property=\"og:title\" content=\"The Leiden Syndicate\" \/>\n<meta property=\"og:description\" content=\"The Leiden Syndicate. Spila\u00f0u sj\u00e1lfst\u00fdr\u00f0an borgarfl\u00f3ttaleik, leystu \u00ferautir, kl\u00e1ra\u00f0u verkefni og endurheimtu stolnu form\u00falurnar \u00e1 \u00fe\u00ednum eigin hra\u00f0a!\" \/>\n<meta property=\"og:url\" content=\"https:\/\/testwebsite.citygame.com\/is\/games\/leiden\/the-leiden-syndicate\/\" \/>\n<meta property=\"og:site_name\" content=\"City Game\" \/>\n<meta property=\"article:publisher\" content=\"https:\/\/www.facebook.com\/profile.php?id=100086426226253\" \/>\n<meta property=\"article:modified_time\" content=\"2026-04-07T21:30:55+00:00\" \/>\n<meta property=\"og:image\" content=\"https:\/\/testwebsite.citygame.com\/wp-content\/blogs.dir\/1\/files\/sites\/62\/2026\/02\/group-playing-city-game-leiden.jpg\" \/>\n\t<meta property=\"og:image:width\" content=\"1024\" \/>\n\t<meta property=\"og:image:height\" content=\"1024\" \/>\n\t<meta property=\"og:image:type\" content=\"image\/jpeg\" \/>\n<meta name=\"twitter:card\" content=\"summary_large_image\" \/>\n<script type=\"application\/ld+json\" class=\"yoast-schema-graph\">{\"@context\":\"https:\/\/schema.org\",\"@graph\":[{\"@type\":\"WebPage\",\"@id\":\"https:\/\/testwebsite.citygame.com\/is\/games\/leiden\/the-leiden-syndicate\/\",\"url\":\"https:\/\/testwebsite.citygame.com\/is\/games\/leiden\/the-leiden-syndicate\/\",\"name\":\"The Leiden Syndicate - City Game\",\"isPartOf\":{\"@id\":\"https:\/\/testwebsite.upevents.nl\/#website\"},\"primaryImageOfPage\":{\"@id\":\"https:\/\/testwebsite.citygame.com\/is\/games\/leiden\/the-leiden-syndicate\/#primaryimage\"},\"image\":{\"@id\":\"https:\/\/testwebsite.citygame.com\/is\/games\/leiden\/the-leiden-syndicate\/#primaryimage\"},\"thumbnailUrl\":\"https:\/\/testwebsite.citygame.com\/wp-content\/blogs.dir\/1\/files\/sites\/62\/2026\/02\/group-playing-city-game-leiden.jpg\",\"datePublished\":\"2026-02-13T15:28:09+00:00\",\"dateModified\":\"2026-04-07T21:30:55+00:00\",\"description\":\"The Leiden Syndicate. Spila\u00f0u sj\u00e1lfst\u00fdr\u00f0an borgarfl\u00f3ttaleik, leystu \u00ferautir, kl\u00e1ra\u00f0u verkefni og endurheimtu stolnu form\u00falurnar \u00e1 \u00fe\u00ednum eigin hra\u00f0a!\",\"breadcrumb\":{\"@id\":\"https:\/\/testwebsite.citygame.com\/is\/games\/leiden\/the-leiden-syndicate\/#breadcrumb\"},\"inLanguage\":\"is\",\"potentialAction\":[{\"@type\":\"ReadAction\",\"target\":[\"https:\/\/testwebsite.citygame.com\/is\/games\/leiden\/the-leiden-syndicate\/\"]}]},{\"@type\":\"ImageObject\",\"inLanguage\":\"is\",\"@id\":\"https:\/\/testwebsite.citygame.com\/is\/games\/leiden\/the-leiden-syndicate\/#primaryimage\",\"url\":\"https:\/\/testwebsite.citygame.com\/wp-content\/blogs.dir\/1\/files\/sites\/62\/2026\/02\/group-playing-city-game-leiden.jpg\",\"contentUrl\":\"https:\/\/testwebsite.citygame.com\/wp-content\/blogs.dir\/1\/files\/sites\/62\/2026\/02\/group-playing-city-game-leiden.jpg\",\"width\":1024,\"height\":1024,\"caption\":\"A group of friends collaborate while playing an outdoor discovery game on a mobile phone in Leiden.\"},{\"@type\":\"BreadcrumbList\",\"@id\":\"https:\/\/testwebsite.citygame.com\/is\/games\/leiden\/the-leiden-syndicate\/#breadcrumb\",\"itemListElement\":[{\"@type\":\"ListItem\",\"position\":1,\"name\":\"Home\",\"item\":\"https:\/\/testwebsite.citygame.com\/is\/\"},{\"@type\":\"ListItem\",\"position\":2,\"name\":\"Shop\",\"item\":\"https:\/\/testwebsite.citygame.com\/shop\/\"},{\"@type\":\"ListItem\",\"position\":3,\"name\":\"The Leiden Syndicate\"}]},{\"@type\":\"WebSite\",\"@id\":\"https:\/\/testwebsite.upevents.nl\/#website\",\"url\":\"https:\/\/testwebsite.upevents.nl\/\",\"name\":\"City Game\",\"description\":\"\",\"publisher\":{\"@id\":\"https:\/\/testwebsite.upevents.nl\/#organization\"},\"alternateName\":\"citygame.com\",\"potentialAction\":[{\"@type\":\"SearchAction\",\"target\":{\"@type\":\"EntryPoint\",\"urlTemplate\":\"https:\/\/testwebsite.upevents.nl\/?s={search_term_string}\"},\"query-input\":{\"@type\":\"PropertyValueSpecification\",\"valueRequired\":true,\"valueName\":\"search_term_string\"}}],\"inLanguage\":\"is\"},{\"@type\":[\"Organization\",\"Place\"],\"@id\":\"https:\/\/testwebsite.upevents.nl\/#organization\",\"name\":\"City Game\",\"alternateName\":\"citygame.com\",\"url\":\"https:\/\/testwebsite.upevents.nl\/\",\"logo\":{\"@id\":\"https:\/\/testwebsite.citygame.com\/is\/games\/leiden\/the-leiden-syndicate\/#local-main-organization-logo\"},\"image\":{\"@id\":\"https:\/\/testwebsite.citygame.com\/is\/games\/leiden\/the-leiden-syndicate\/#local-main-organization-logo\"},\"sameAs\":[\"https:\/\/www.facebook.com\/profile.php?id=100086426226253\",\"https:\/\/www.instagram.com\/citygame_com\",\"https:\/\/www.tiktok.com\/@citygamecom\/\",\"https:\/\/www.linkedin.com\/company\/citygame-com\"],\"description\":\"Turn any city into a playground with our interactive City Games and self-guided tours. Fun, flexible, and ideal for groups and team building.\",\"telephone\":[],\"openingHoursSpecification\":[{\"@type\":\"OpeningHoursSpecification\",\"dayOfWeek\":[\"Monday\",\"Tuesday\",\"Wednesday\",\"Thursday\",\"Friday\",\"Saturday\",\"Sunday\"],\"opens\":\"09:00\",\"closes\":\"17:00\"}]},{\"@type\":\"ImageObject\",\"inLanguage\":\"is\",\"@id\":\"https:\/\/testwebsite.citygame.com\/is\/games\/leiden\/the-leiden-syndicate\/#local-main-organization-logo\",\"url\":\"https:\/\/testwebsite.citygame.com\/wp-content\/blogs.dir\/1\/files\/sites\/62\/2025\/10\/CG_LOGO-City-Game.png\",\"contentUrl\":\"https:\/\/testwebsite.citygame.com\/wp-content\/blogs.dir\/1\/files\/sites\/62\/2025\/10\/CG_LOGO-City-Game.png\",\"width\":351,\"height\":377,\"caption\":\"City Game\"}]}<\/script>\n<!-- \/ Yoast SEO Premium plugin. -->","yoast_head_json":{"title":"The Leiden Syndicate - City Game","description":"The Leiden Syndicate. Spila\u00f0u sj\u00e1lfst\u00fdr\u00f0an borgarfl\u00f3ttaleik, leystu \u00ferautir, kl\u00e1ra\u00f0u verkefni og endurheimtu stolnu form\u00falurnar \u00e1 \u00fe\u00ednum eigin hra\u00f0a!","robots":{"index":"noindex","follow":"follow","max-snippet":"max-snippet:-1","max-image-preview":"max-image-preview:large","max-video-preview":"max-video-preview:-1"},"og_locale":"is_IS","og_type":"article","og_title":"The Leiden Syndicate","og_description":"The Leiden Syndicate. Spila\u00f0u sj\u00e1lfst\u00fdr\u00f0an borgarfl\u00f3ttaleik, leystu \u00ferautir, kl\u00e1ra\u00f0u verkefni og endurheimtu stolnu form\u00falurnar \u00e1 \u00fe\u00ednum eigin hra\u00f0a!","og_url":"https:\/\/testwebsite.citygame.com\/is\/games\/leiden\/the-leiden-syndicate\/","og_site_name":"City Game","article_publisher":"https:\/\/www.facebook.com\/profile.php?id=100086426226253","article_modified_time":"2026-04-07T21:30:55+00:00","og_image":[{"width":1024,"height":1024,"url":"https:\/\/testwebsite.citygame.com\/wp-content\/blogs.dir\/1\/files\/sites\/62\/2026\/02\/group-playing-city-game-leiden.jpg","type":"image\/jpeg"}],"twitter_card":"summary_large_image","schema":{"@context":"https:\/\/schema.org","@graph":[{"@type":"WebPage","@id":"https:\/\/testwebsite.citygame.com\/is\/games\/leiden\/the-leiden-syndicate\/","url":"https:\/\/testwebsite.citygame.com\/is\/games\/leiden\/the-leiden-syndicate\/","name":"The Leiden Syndicate - City Game","isPartOf":{"@id":"https:\/\/testwebsite.upevents.nl\/#website"},"primaryImageOfPage":{"@id":"https:\/\/testwebsite.citygame.com\/is\/games\/leiden\/the-leiden-syndicate\/#primaryimage"},"image":{"@id":"https:\/\/testwebsite.citygame.com\/is\/games\/leiden\/the-leiden-syndicate\/#primaryimage"},"thumbnailUrl":"https:\/\/testwebsite.citygame.com\/wp-content\/blogs.dir\/1\/files\/sites\/62\/2026\/02\/group-playing-city-game-leiden.jpg","datePublished":"2026-02-13T15:28:09+00:00","dateModified":"2026-04-07T21:30:55+00:00","description":"The Leiden Syndicate. Spila\u00f0u sj\u00e1lfst\u00fdr\u00f0an borgarfl\u00f3ttaleik, leystu \u00ferautir, kl\u00e1ra\u00f0u verkefni og endurheimtu stolnu form\u00falurnar \u00e1 \u00fe\u00ednum eigin hra\u00f0a!","breadcrumb":{"@id":"https:\/\/testwebsite.citygame.com\/is\/games\/leiden\/the-leiden-syndicate\/#breadcrumb"},"inLanguage":"is","potentialAction":[{"@type":"ReadAction","target":["https:\/\/testwebsite.citygame.com\/is\/games\/leiden\/the-leiden-syndicate\/"]}]},{"@type":"ImageObject","inLanguage":"is","@id":"https:\/\/testwebsite.citygame.com\/is\/games\/leiden\/the-leiden-syndicate\/#primaryimage","url":"https:\/\/testwebsite.citygame.com\/wp-content\/blogs.dir\/1\/files\/sites\/62\/2026\/02\/group-playing-city-game-leiden.jpg","contentUrl":"https:\/\/testwebsite.citygame.com\/wp-content\/blogs.dir\/1\/files\/sites\/62\/2026\/02\/group-playing-city-game-leiden.jpg","width":1024,"height":1024,"caption":"A group of friends collaborate while playing an outdoor discovery game on a mobile phone in Leiden."},{"@type":"BreadcrumbList","@id":"https:\/\/testwebsite.citygame.com\/is\/games\/leiden\/the-leiden-syndicate\/#breadcrumb","itemListElement":[{"@type":"ListItem","position":1,"name":"Home","item":"https:\/\/testwebsite.citygame.com\/is\/"},{"@type":"ListItem","position":2,"name":"Shop","item":"https:\/\/testwebsite.citygame.com\/shop\/"},{"@type":"ListItem","position":3,"name":"The Leiden Syndicate"}]},{"@type":"WebSite","@id":"https:\/\/testwebsite.upevents.nl\/#website","url":"https:\/\/testwebsite.upevents.nl\/","name":"City Game","description":"","publisher":{"@id":"https:\/\/testwebsite.upevents.nl\/#organization"},"alternateName":"citygame.com","potentialAction":[{"@type":"SearchAction","target":{"@type":"EntryPoint","urlTemplate":"https:\/\/testwebsite.upevents.nl\/?s={search_term_string}"},"query-input":{"@type":"PropertyValueSpecification","valueRequired":true,"valueName":"search_term_string"}}],"inLanguage":"is"},{"@type":["Organization","Place"],"@id":"https:\/\/testwebsite.upevents.nl\/#organization","name":"City Game","alternateName":"citygame.com","url":"https:\/\/testwebsite.upevents.nl\/","logo":{"@id":"https:\/\/testwebsite.citygame.com\/is\/games\/leiden\/the-leiden-syndicate\/#local-main-organization-logo"},"image":{"@id":"https:\/\/testwebsite.citygame.com\/is\/games\/leiden\/the-leiden-syndicate\/#local-main-organization-logo"},"sameAs":["https:\/\/www.facebook.com\/profile.php?id=100086426226253","https:\/\/www.instagram.com\/citygame_com","https:\/\/www.tiktok.com\/@citygamecom\/","https:\/\/www.linkedin.com\/company\/citygame-com"],"description":"Turn any city into a playground with our interactive City Games and self-guided tours. Fun, flexible, and ideal for groups and team building.","telephone":[],"openingHoursSpecification":[{"@type":"OpeningHoursSpecification","dayOfWeek":["Monday","Tuesday","Wednesday","Thursday","Friday","Saturday","Sunday"],"opens":"09:00","closes":"17:00"}]},{"@type":"ImageObject","inLanguage":"is","@id":"https:\/\/testwebsite.citygame.com\/is\/games\/leiden\/the-leiden-syndicate\/#local-main-organization-logo","url":"https:\/\/testwebsite.citygame.com\/wp-content\/blogs.dir\/1\/files\/sites\/62\/2025\/10\/CG_LOGO-City-Game.png","contentUrl":"https:\/\/testwebsite.citygame.com\/wp-content\/blogs.dir\/1\/files\/sites\/62\/2025\/10\/CG_LOGO-City-Game.png","width":351,"height":377,"caption":"City Game"}]}},"taxonomy_info":{"game-concept":[{"value":747,"label":"Syndicate"}],"location":[{"value":239,"label":"Leiden"}],"product_cat":[{"value":27,"label":"Geen categorie"}]},"featured_image_src_large":["https:\/\/testwebsite.citygame.com\/wp-content\/blogs.dir\/1\/files\/sites\/62\/2026\/02\/group-playing-city-game-leiden.jpg",1024,1024,false],"author_info":[],"comment_info":"","_links":{"self":[{"href":"https:\/\/testwebsite.citygame.com\/is\/wp-json\/wp\/v2\/product\/55776","targetHints":{"allow":["GET"]}}],"collection":[{"href":"https:\/\/testwebsite.citygame.com\/is\/wp-json\/wp\/v2\/product"}],"about":[{"href":"https:\/\/testwebsite.citygame.com\/is\/wp-json\/wp\/v2\/types\/product"}],"acf:post":[{"embeddable":true,"href":"https:\/\/testwebsite.citygame.com\/is\/wp-json\/wp\/v2\/pages\/4622"}],"wp:featuredmedia":[{"embeddable":true,"href":"https:\/\/testwebsite.citygame.com\/is\/wp-json\/wp\/v2\/media\/13634"}],"wp:attachment":[{"href":"https:\/\/testwebsite.citygame.com\/is\/wp-json\/wp\/v2\/media?parent=55776"}],"wp:term":[{"taxonomy":"game-concept","embeddable":true,"href":"https:\/\/testwebsite.citygame.com\/is\/wp-json\/wp\/v2\/game-concept?post=55776"},{"taxonomy":"location","embeddable":true,"href":"https:\/\/testwebsite.citygame.com\/is\/wp-json\/wp\/v2\/location?post=55776"},{"taxonomy":"product_brand","embeddable":true,"href":"https:\/\/testwebsite.citygame.com\/is\/wp-json\/wp\/v2\/product_brand?post=55776"},{"taxonomy":"product_cat","embeddable":true,"href":"https:\/\/testwebsite.citygame.com\/is\/wp-json\/wp\/v2\/product_cat?post=55776"},{"taxonomy":"product_tag","embeddable":true,"href":"https:\/\/testwebsite.citygame.com\/is\/wp-json\/wp\/v2\/product_tag?post=55776"}],"curies":[{"name":"wp","href":"https:\/\/api.w.org\/{rel}","templated":true}]}}