{"id":55059,"date":"2026-02-13T13:26:13","date_gmt":"2026-02-13T13:26:13","guid":{"rendered":"https:\/\/testwebsite.citygame.com\/games\/unknown-location\/the-nijmegen-syndicate\/"},"modified":"2026-04-07T20:06:08","modified_gmt":"2026-04-07T20:06:08","slug":"the-nijmegen-syndicate","status":"publish","type":"product","link":"https:\/\/testwebsite.citygame.com\/is\/games\/nijmegen\/the-nijmegen-syndicate\/","title":{"rendered":"The Nijmegen Syndicate"},"content":{"rendered":"<p>\u00deessi sj\u00e1lfst\u00fdr\u00f0i borgarfl\u00f3ttaleikur fer fram \u00ed s\u00f6gulegum mi\u00f0b\u00e6 Nijmegen. Me\u00f0 \u00fev\u00ed a\u00f0 vinna saman sem li\u00f0 fylgja leikmenn s\u00f6gu\u00fer\u00e6\u00f0i kn\u00fanu verkefni til a\u00f0 finna hinn undarlega Magnus og endurheimta sex stolnar form\u00falur. \u00deegar \u00feeir komast \u00e1fram \u00ed gegnum borgarleikinn \u00ed Nijmegen standa \u00fe\u00e1tttakendur frammi fyrir r\u00f6\u00f0 \u00ferauta, verkefna og \u00e1skorana sem krefjast samvinnu, gagnr\u00fdnnar hugsunar og n\u00e1kv\u00e6mrar samh\u00e6fingar til a\u00f0 n\u00e1 \u00e1rangri.<\/p>\n","protected":false},"excerpt":{"rendered":"<p>Kafa\u00f0u \u00fe\u00e9r inn \u00ed hjarta Nijmegen me\u00f0 \u00feessum gr\u00edpandi, sj\u00e1lfst\u00fdr\u00f0a borgarfl\u00f3ttaleik. Afhj\u00fapa\u00f0u leyndarm\u00e1l, leystu fl\u00f3kna \u00ferautir og samvinnu\u00f0u vi\u00f0 li\u00f0i\u00f0 \u00feitt til a\u00f0 uppg\u00f6tva sannleikann &#8211; verkefni\u00f0 \u00feitt b\u00ed\u00f0ur \u00fe\u00edn, \u00fea\u00f0 er enginn t\u00edmi til a\u00f0 missa!<\/p>\n","protected":false},"featured_media":13561,"template":"","meta":{"_acf_changed":false,"_yoast_wpseo_focuskw":"The Nijmegen Syndicate","_yoast_wpseo_metadesc":"The Nijmegen Syndicate. Spila\u00f0u sj\u00e1lfst\u00fdr\u00f0an borgarfl\u00f3ttaleik, leystu \u00ferautir, kl\u00e1ra\u00f0u verkefni og endurheimtu stolnu form\u00falurnar \u00e1 \u00fe\u00ednum eigin hra\u00f0a!","_kad_blocks_custom_css":"","_kad_blocks_head_custom_js":"","_kad_blocks_body_custom_js":"","_kad_blocks_footer_custom_js":"","ghostkit_customizer_options":"","ghostkit_custom_css":"","ghostkit_custom_js_head":"","ghostkit_custom_js_foot":"","ghostkit_typography":"","_kad_post_transparent":"default","_kad_post_title":"","_kad_post_layout":"default","_kad_post_sidebar_id":"","_kad_post_content_style":"default","_kad_post_vertical_padding":"default","_kad_post_feature":"","_kad_post_feature_position":"","_kad_post_header":false,"_kad_post_footer":false,"_kad_post_classname":"","_links_to":"","_links_to_target":""},"game-concept":[747],"location":[299],"product_brand":[],"product_cat":[27],"product_tag":[],"class_list":{"0":"post-55059","1":"product","2":"type-product","3":"status-publish","4":"has-post-thumbnail","6":"game-concept-syndicate","7":"location-nijmegen","8":"product_cat-geen-categorie","10":"first","11":"instock","12":"shipping-taxable","13":"purchasable","14":"product-type-simple","15":"entry","16":"content-bg","17":"loop-entry"},"acf":{"full_bokun_product_name":"Self-Guided The Nijmegen Syndicate City Escape Game","location_name":"Nijmegen","bokun_calendar_widget_code":"<script type=\"text\/javascript\" src=\"https:\/\/widgets.bokun.io\/assets\/javascripts\/apps\/build\/BokunWidgetsLoader.js?bookingChannelUUID=a1e93e96-5232-4734-a595-28405f4b5a31\" async><\/script>\n     \n    <div class=\"bokunWidget\" data-src=\"https:\/\/widgets.bokun.io\/online-sales\/a1e93e96-5232-4734-a595-28405f4b5a31\/experience-calendar\/772525\"><\/div>\n    <noscript>Please enable javascript in your browser to book<\/noscript>","bokun_button_widget_code":"<script type=\"text\/javascript\" src=\"https:\/\/widgets.bokun.io\/assets\/javascripts\/apps\/build\/BokunWidgetsLoader.js?bookingChannelUUID=a1e93e96-5232-4734-a595-28405f4b5a31\" async><\/script>\n      <style> #bokun_ed001e45_5927_4f62_b470_ca766338d083 { display: inline-block; padding: .4em 1em; background: #47b82e; border-radius: 999999px; box-shadow: none; font-weight: 600; font-size: 24px; text-decoration: none; text-align: center; color: #FFFFFF; border:none; cursor: pointer; transition: background .2s ease; } #bokun_ed001e45_5927_4f62_b470_ca766338d083:hover{ background: #2f7b1f; } #bokun_ed001e45_5927_4f62_b470_ca766338d083:active{ background: #378f24; } <\/style> <button class=\"bokunButton\" disabled id=bokun_ed001e45_5927_4f62_b470_ca766338d083 data-src=\"https:\/\/widgets.bokun.io\/online-sales\/a1e93e96-5232-4734-a595-28405f4b5a31\/experience-calendar\/772525?partialView=1\" data-testid=\"widget-book-button\" > Book now <\/button> ","what_you\u2019ll_experience_during_the_game":"\u00de\u00fa og teymi\u00f0 \u00feitt eru\u00f0 sta\u00f0sett \u00ed mi\u00f0ri spennu\u00ferunginni fl\u00f3ttalei\u00f0angri dj\u00fapt \u00ed g\u00f6tum Nijmegen. Sem leynilegir umbo\u00f0smenn er markmi\u00f0 ykkar a\u00f0 finna hinn undarlega Magnus og endurheimta sex stolnar form\u00falur \u00e1\u00f0ur en \u00fe\u00e6r hverfa fyrir fullt og allt. \u00d6ll upplifunin er algj\u00f6rlega s\u00f6gudrifin, \u00fear sem hvert skref lei\u00f0angursins \u00fer\u00f3ast \u00feegar \u00fei\u00f0 hreyfi\u00f0 ykkur \u00ed gegnum borgina og r\u00e1\u00f0i\u00f0 v\u00edsbendingar sem f\u00e6ra ykkur n\u00e6r sannleikanum.\r\n\r\nFramfarir eru h\u00e1\u00f0ar sameiginlegri vandam\u00e1lalausn ykkar: \u00fei\u00f0 munu\u00f0 r\u00e1\u00f0a dulrita\u00f0 skilabo\u00f0, leysa marglaga \u00ferautir og lj\u00faka t\u00edmabundnum verkefnum sem eru h\u00f6nnu\u00f0 til a\u00f0 \u00f6gra samskiptum ykkar og \u00e1kvar\u00f0anat\u00f6ku. Nijmegen ver\u00f0ur meira en bara bakgrunnur \u2013 h\u00fan er lifandi umhverfi fyrir teymisstarf ykkar. Hvort sem \u00fei\u00f0 velji\u00f0 a\u00f0 kl\u00e1ra \u00ed einni lotu e\u00f0a gera hl\u00e9 til a\u00f0 halda \u00e1fram s\u00ed\u00f0ar, a\u00f0lagast lei\u00f0angurinn ykkar hra\u00f0a \u00e1 sama t\u00edma og \u00fer\u00fdstingurinn er \u00e1.","how_to_play":"B\u00f3ka\u00f0u borgarleikinn, sko\u00f0a\u00f0u t\u00f6lvup\u00f3stinn sem vi\u00f0 sendum \u00fe\u00e9r me\u00f0 lei\u00f0beiningunum, hala\u00f0u ni\u00f0ur Loquiz Appinu og byrja\u00f0u leikupplifun \u00fe\u00edna!","start_location":"Nijmegen, Grote Markt","available_languages":["en","nl"],"players_per_group":"1-4","duration":"1.5-2 hours","image_overlay_color_image":"https:\/\/testwebsite.citygame.com\/wp-content\/blogs.dir\/1\/files\/sites\/62\/2026\/01\/SyndicateColor.svg","image_overlay_game_logo":"https:\/\/testwebsite.citygame.com\/wp-content\/blogs.dir\/1\/files\/sites\/62\/2026\/01\/SyndicateLogo.png","city_page":4556,"woocommerce_general_content":null},"yoast_head":"<!-- This site is optimized with the Yoast SEO Premium plugin v26.2 (Yoast SEO v26.3) - https:\/\/yoast.com\/wordpress\/plugins\/seo\/ -->\n<title>The Nijmegen Syndicate - City Game<\/title>\n<meta name=\"description\" content=\"The Nijmegen Syndicate. Spila\u00f0u sj\u00e1lfst\u00fdr\u00f0an borgarfl\u00f3ttaleik, leystu \u00ferautir, kl\u00e1ra\u00f0u verkefni og endurheimtu stolnu form\u00falurnar \u00e1 \u00fe\u00ednum eigin hra\u00f0a!\" \/>\n<meta name=\"robots\" content=\"noindex, follow, max-snippet:-1, max-image-preview:large, max-video-preview:-1\" \/>\n<meta property=\"og:locale\" content=\"is_IS\" \/>\n<meta property=\"og:type\" content=\"article\" \/>\n<meta property=\"og:title\" content=\"The Nijmegen Syndicate\" \/>\n<meta property=\"og:description\" content=\"The Nijmegen Syndicate. Spila\u00f0u sj\u00e1lfst\u00fdr\u00f0an borgarfl\u00f3ttaleik, leystu \u00ferautir, kl\u00e1ra\u00f0u verkefni og endurheimtu stolnu form\u00falurnar \u00e1 \u00fe\u00ednum eigin hra\u00f0a!\" \/>\n<meta property=\"og:url\" content=\"https:\/\/testwebsite.citygame.com\/is\/games\/nijmegen\/the-nijmegen-syndicate\/\" \/>\n<meta property=\"og:site_name\" content=\"City Game\" \/>\n<meta property=\"article:publisher\" content=\"https:\/\/www.facebook.com\/profile.php?id=100086426226253\" \/>\n<meta property=\"article:modified_time\" content=\"2026-04-07T20:06:08+00:00\" \/>\n<meta property=\"og:image\" content=\"https:\/\/testwebsite.citygame.com\/wp-content\/blogs.dir\/1\/files\/sites\/62\/2026\/02\/man-playing-city-game-on-phone-in-courtyard-nijmegen.jpg\" \/>\n\t<meta property=\"og:image:width\" content=\"1024\" \/>\n\t<meta property=\"og:image:height\" content=\"1024\" \/>\n\t<meta property=\"og:image:type\" content=\"image\/jpeg\" \/>\n<meta name=\"twitter:card\" content=\"summary_large_image\" \/>\n<script type=\"application\/ld+json\" class=\"yoast-schema-graph\">{\"@context\":\"https:\/\/schema.org\",\"@graph\":[{\"@type\":\"WebPage\",\"@id\":\"https:\/\/testwebsite.citygame.com\/is\/games\/nijmegen\/the-nijmegen-syndicate\/\",\"url\":\"https:\/\/testwebsite.citygame.com\/is\/games\/nijmegen\/the-nijmegen-syndicate\/\",\"name\":\"The Nijmegen Syndicate - City Game\",\"isPartOf\":{\"@id\":\"https:\/\/testwebsite.upevents.nl\/#website\"},\"primaryImageOfPage\":{\"@id\":\"https:\/\/testwebsite.citygame.com\/is\/games\/nijmegen\/the-nijmegen-syndicate\/#primaryimage\"},\"image\":{\"@id\":\"https:\/\/testwebsite.citygame.com\/is\/games\/nijmegen\/the-nijmegen-syndicate\/#primaryimage\"},\"thumbnailUrl\":\"https:\/\/testwebsite.citygame.com\/wp-content\/blogs.dir\/1\/files\/sites\/62\/2026\/02\/man-playing-city-game-on-phone-in-courtyard-nijmegen.jpg\",\"datePublished\":\"2026-02-13T13:26:13+00:00\",\"dateModified\":\"2026-04-07T20:06:08+00:00\",\"description\":\"The Nijmegen Syndicate. Spila\u00f0u sj\u00e1lfst\u00fdr\u00f0an borgarfl\u00f3ttaleik, leystu \u00ferautir, kl\u00e1ra\u00f0u verkefni og endurheimtu stolnu form\u00falurnar \u00e1 \u00fe\u00ednum eigin hra\u00f0a!\",\"breadcrumb\":{\"@id\":\"https:\/\/testwebsite.citygame.com\/is\/games\/nijmegen\/the-nijmegen-syndicate\/#breadcrumb\"},\"inLanguage\":\"is\",\"potentialAction\":[{\"@type\":\"ReadAction\",\"target\":[\"https:\/\/testwebsite.citygame.com\/is\/games\/nijmegen\/the-nijmegen-syndicate\/\"]}]},{\"@type\":\"ImageObject\",\"inLanguage\":\"is\",\"@id\":\"https:\/\/testwebsite.citygame.com\/is\/games\/nijmegen\/the-nijmegen-syndicate\/#primaryimage\",\"url\":\"https:\/\/testwebsite.citygame.com\/wp-content\/blogs.dir\/1\/files\/sites\/62\/2026\/02\/man-playing-city-game-on-phone-in-courtyard-nijmegen.jpg\",\"contentUrl\":\"https:\/\/testwebsite.citygame.com\/wp-content\/blogs.dir\/1\/files\/sites\/62\/2026\/02\/man-playing-city-game-on-phone-in-courtyard-nijmegen.jpg\",\"width\":1024,\"height\":1024,\"caption\":\"A player interacts with a game on his smartphone in a historic courtyard in Nijmegen.\"},{\"@type\":\"BreadcrumbList\",\"@id\":\"https:\/\/testwebsite.citygame.com\/is\/games\/nijmegen\/the-nijmegen-syndicate\/#breadcrumb\",\"itemListElement\":[{\"@type\":\"ListItem\",\"position\":1,\"name\":\"Home\",\"item\":\"https:\/\/testwebsite.citygame.com\/is\/\"},{\"@type\":\"ListItem\",\"position\":2,\"name\":\"Shop\",\"item\":\"https:\/\/testwebsite.citygame.com\/shop\/\"},{\"@type\":\"ListItem\",\"position\":3,\"name\":\"The Nijmegen Syndicate\"}]},{\"@type\":\"WebSite\",\"@id\":\"https:\/\/testwebsite.upevents.nl\/#website\",\"url\":\"https:\/\/testwebsite.upevents.nl\/\",\"name\":\"City Game\",\"description\":\"\",\"publisher\":{\"@id\":\"https:\/\/testwebsite.upevents.nl\/#organization\"},\"alternateName\":\"citygame.com\",\"potentialAction\":[{\"@type\":\"SearchAction\",\"target\":{\"@type\":\"EntryPoint\",\"urlTemplate\":\"https:\/\/testwebsite.upevents.nl\/?s={search_term_string}\"},\"query-input\":{\"@type\":\"PropertyValueSpecification\",\"valueRequired\":true,\"valueName\":\"search_term_string\"}}],\"inLanguage\":\"is\"},{\"@type\":[\"Organization\",\"Place\"],\"@id\":\"https:\/\/testwebsite.upevents.nl\/#organization\",\"name\":\"City Game\",\"alternateName\":\"citygame.com\",\"url\":\"https:\/\/testwebsite.upevents.nl\/\",\"logo\":{\"@id\":\"https:\/\/testwebsite.citygame.com\/is\/games\/nijmegen\/the-nijmegen-syndicate\/#local-main-organization-logo\"},\"image\":{\"@id\":\"https:\/\/testwebsite.citygame.com\/is\/games\/nijmegen\/the-nijmegen-syndicate\/#local-main-organization-logo\"},\"sameAs\":[\"https:\/\/www.facebook.com\/profile.php?id=100086426226253\",\"https:\/\/www.instagram.com\/citygame_com\",\"https:\/\/www.tiktok.com\/@citygamecom\/\",\"https:\/\/www.linkedin.com\/company\/citygame-com\"],\"description\":\"Turn any city into a playground with our interactive City Games and self-guided tours. Fun, flexible, and ideal for groups and team building.\",\"telephone\":[],\"openingHoursSpecification\":[{\"@type\":\"OpeningHoursSpecification\",\"dayOfWeek\":[\"Monday\",\"Tuesday\",\"Wednesday\",\"Thursday\",\"Friday\",\"Saturday\",\"Sunday\"],\"opens\":\"09:00\",\"closes\":\"17:00\"}]},{\"@type\":\"ImageObject\",\"inLanguage\":\"is\",\"@id\":\"https:\/\/testwebsite.citygame.com\/is\/games\/nijmegen\/the-nijmegen-syndicate\/#local-main-organization-logo\",\"url\":\"https:\/\/testwebsite.citygame.com\/wp-content\/blogs.dir\/1\/files\/sites\/62\/2025\/10\/CG_LOGO-City-Game.png\",\"contentUrl\":\"https:\/\/testwebsite.citygame.com\/wp-content\/blogs.dir\/1\/files\/sites\/62\/2025\/10\/CG_LOGO-City-Game.png\",\"width\":351,\"height\":377,\"caption\":\"City Game\"}]}<\/script>\n<!-- \/ Yoast SEO Premium plugin. -->","yoast_head_json":{"title":"The Nijmegen Syndicate - City Game","description":"The Nijmegen Syndicate. Spila\u00f0u sj\u00e1lfst\u00fdr\u00f0an borgarfl\u00f3ttaleik, leystu \u00ferautir, kl\u00e1ra\u00f0u verkefni og endurheimtu stolnu form\u00falurnar \u00e1 \u00fe\u00ednum eigin hra\u00f0a!","robots":{"index":"noindex","follow":"follow","max-snippet":"max-snippet:-1","max-image-preview":"max-image-preview:large","max-video-preview":"max-video-preview:-1"},"og_locale":"is_IS","og_type":"article","og_title":"The Nijmegen Syndicate","og_description":"The Nijmegen Syndicate. Spila\u00f0u sj\u00e1lfst\u00fdr\u00f0an borgarfl\u00f3ttaleik, leystu \u00ferautir, kl\u00e1ra\u00f0u verkefni og endurheimtu stolnu form\u00falurnar \u00e1 \u00fe\u00ednum eigin hra\u00f0a!","og_url":"https:\/\/testwebsite.citygame.com\/is\/games\/nijmegen\/the-nijmegen-syndicate\/","og_site_name":"City Game","article_publisher":"https:\/\/www.facebook.com\/profile.php?id=100086426226253","article_modified_time":"2026-04-07T20:06:08+00:00","og_image":[{"width":1024,"height":1024,"url":"https:\/\/testwebsite.citygame.com\/wp-content\/blogs.dir\/1\/files\/sites\/62\/2026\/02\/man-playing-city-game-on-phone-in-courtyard-nijmegen.jpg","type":"image\/jpeg"}],"twitter_card":"summary_large_image","schema":{"@context":"https:\/\/schema.org","@graph":[{"@type":"WebPage","@id":"https:\/\/testwebsite.citygame.com\/is\/games\/nijmegen\/the-nijmegen-syndicate\/","url":"https:\/\/testwebsite.citygame.com\/is\/games\/nijmegen\/the-nijmegen-syndicate\/","name":"The Nijmegen Syndicate - City Game","isPartOf":{"@id":"https:\/\/testwebsite.upevents.nl\/#website"},"primaryImageOfPage":{"@id":"https:\/\/testwebsite.citygame.com\/is\/games\/nijmegen\/the-nijmegen-syndicate\/#primaryimage"},"image":{"@id":"https:\/\/testwebsite.citygame.com\/is\/games\/nijmegen\/the-nijmegen-syndicate\/#primaryimage"},"thumbnailUrl":"https:\/\/testwebsite.citygame.com\/wp-content\/blogs.dir\/1\/files\/sites\/62\/2026\/02\/man-playing-city-game-on-phone-in-courtyard-nijmegen.jpg","datePublished":"2026-02-13T13:26:13+00:00","dateModified":"2026-04-07T20:06:08+00:00","description":"The Nijmegen Syndicate. Spila\u00f0u sj\u00e1lfst\u00fdr\u00f0an borgarfl\u00f3ttaleik, leystu \u00ferautir, kl\u00e1ra\u00f0u verkefni og endurheimtu stolnu form\u00falurnar \u00e1 \u00fe\u00ednum eigin hra\u00f0a!","breadcrumb":{"@id":"https:\/\/testwebsite.citygame.com\/is\/games\/nijmegen\/the-nijmegen-syndicate\/#breadcrumb"},"inLanguage":"is","potentialAction":[{"@type":"ReadAction","target":["https:\/\/testwebsite.citygame.com\/is\/games\/nijmegen\/the-nijmegen-syndicate\/"]}]},{"@type":"ImageObject","inLanguage":"is","@id":"https:\/\/testwebsite.citygame.com\/is\/games\/nijmegen\/the-nijmegen-syndicate\/#primaryimage","url":"https:\/\/testwebsite.citygame.com\/wp-content\/blogs.dir\/1\/files\/sites\/62\/2026\/02\/man-playing-city-game-on-phone-in-courtyard-nijmegen.jpg","contentUrl":"https:\/\/testwebsite.citygame.com\/wp-content\/blogs.dir\/1\/files\/sites\/62\/2026\/02\/man-playing-city-game-on-phone-in-courtyard-nijmegen.jpg","width":1024,"height":1024,"caption":"A player interacts with a game on his smartphone in a historic courtyard in Nijmegen."},{"@type":"BreadcrumbList","@id":"https:\/\/testwebsite.citygame.com\/is\/games\/nijmegen\/the-nijmegen-syndicate\/#breadcrumb","itemListElement":[{"@type":"ListItem","position":1,"name":"Home","item":"https:\/\/testwebsite.citygame.com\/is\/"},{"@type":"ListItem","position":2,"name":"Shop","item":"https:\/\/testwebsite.citygame.com\/shop\/"},{"@type":"ListItem","position":3,"name":"The Nijmegen Syndicate"}]},{"@type":"WebSite","@id":"https:\/\/testwebsite.upevents.nl\/#website","url":"https:\/\/testwebsite.upevents.nl\/","name":"City Game","description":"","publisher":{"@id":"https:\/\/testwebsite.upevents.nl\/#organization"},"alternateName":"citygame.com","potentialAction":[{"@type":"SearchAction","target":{"@type":"EntryPoint","urlTemplate":"https:\/\/testwebsite.upevents.nl\/?s={search_term_string}"},"query-input":{"@type":"PropertyValueSpecification","valueRequired":true,"valueName":"search_term_string"}}],"inLanguage":"is"},{"@type":["Organization","Place"],"@id":"https:\/\/testwebsite.upevents.nl\/#organization","name":"City Game","alternateName":"citygame.com","url":"https:\/\/testwebsite.upevents.nl\/","logo":{"@id":"https:\/\/testwebsite.citygame.com\/is\/games\/nijmegen\/the-nijmegen-syndicate\/#local-main-organization-logo"},"image":{"@id":"https:\/\/testwebsite.citygame.com\/is\/games\/nijmegen\/the-nijmegen-syndicate\/#local-main-organization-logo"},"sameAs":["https:\/\/www.facebook.com\/profile.php?id=100086426226253","https:\/\/www.instagram.com\/citygame_com","https:\/\/www.tiktok.com\/@citygamecom\/","https:\/\/www.linkedin.com\/company\/citygame-com"],"description":"Turn any city into a playground with our interactive City Games and self-guided tours. Fun, flexible, and ideal for groups and team building.","telephone":[],"openingHoursSpecification":[{"@type":"OpeningHoursSpecification","dayOfWeek":["Monday","Tuesday","Wednesday","Thursday","Friday","Saturday","Sunday"],"opens":"09:00","closes":"17:00"}]},{"@type":"ImageObject","inLanguage":"is","@id":"https:\/\/testwebsite.citygame.com\/is\/games\/nijmegen\/the-nijmegen-syndicate\/#local-main-organization-logo","url":"https:\/\/testwebsite.citygame.com\/wp-content\/blogs.dir\/1\/files\/sites\/62\/2025\/10\/CG_LOGO-City-Game.png","contentUrl":"https:\/\/testwebsite.citygame.com\/wp-content\/blogs.dir\/1\/files\/sites\/62\/2025\/10\/CG_LOGO-City-Game.png","width":351,"height":377,"caption":"City Game"}]}},"taxonomy_info":{"game-concept":[{"value":747,"label":"Syndicate"}],"location":[{"value":299,"label":"Nijmegen"}],"product_cat":[{"value":27,"label":"Geen categorie"}]},"featured_image_src_large":["https:\/\/testwebsite.citygame.com\/wp-content\/blogs.dir\/1\/files\/sites\/62\/2026\/02\/man-playing-city-game-on-phone-in-courtyard-nijmegen.jpg",1024,1024,false],"author_info":[],"comment_info":"","_links":{"self":[{"href":"https:\/\/testwebsite.citygame.com\/is\/wp-json\/wp\/v2\/product\/55059","targetHints":{"allow":["GET"]}}],"collection":[{"href":"https:\/\/testwebsite.citygame.com\/is\/wp-json\/wp\/v2\/product"}],"about":[{"href":"https:\/\/testwebsite.citygame.com\/is\/wp-json\/wp\/v2\/types\/product"}],"acf:post":[{"embeddable":true,"href":"https:\/\/testwebsite.citygame.com\/is\/wp-json\/wp\/v2\/pages\/4556"}],"wp:featuredmedia":[{"embeddable":true,"href":"https:\/\/testwebsite.citygame.com\/is\/wp-json\/wp\/v2\/media\/13561"}],"wp:attachment":[{"href":"https:\/\/testwebsite.citygame.com\/is\/wp-json\/wp\/v2\/media?parent=55059"}],"wp:term":[{"taxonomy":"game-concept","embeddable":true,"href":"https:\/\/testwebsite.citygame.com\/is\/wp-json\/wp\/v2\/game-concept?post=55059"},{"taxonomy":"location","embeddable":true,"href":"https:\/\/testwebsite.citygame.com\/is\/wp-json\/wp\/v2\/location?post=55059"},{"taxonomy":"product_brand","embeddable":true,"href":"https:\/\/testwebsite.citygame.com\/is\/wp-json\/wp\/v2\/product_brand?post=55059"},{"taxonomy":"product_cat","embeddable":true,"href":"https:\/\/testwebsite.citygame.com\/is\/wp-json\/wp\/v2\/product_cat?post=55059"},{"taxonomy":"product_tag","embeddable":true,"href":"https:\/\/testwebsite.citygame.com\/is\/wp-json\/wp\/v2\/product_tag?post=55059"}],"curies":[{"name":"wp","href":"https:\/\/api.w.org\/{rel}","templated":true}]}}