{"id":55027,"date":"2026-01-15T13:02:46","date_gmt":"2026-01-15T13:02:46","guid":{"rendered":"https:\/\/testwebsite.citygame.com\/games\/unknown-location\/secrets-of-warsaw\/"},"modified":"2026-04-07T20:02:16","modified_gmt":"2026-04-07T20:02:16","slug":"secrets-of-warsaw","status":"publish","type":"product","link":"https:\/\/testwebsite.citygame.com\/is\/games\/warsaw\/secrets-of-warsaw\/","title":{"rendered":"Secrets of Warsaw"},"content":{"rendered":"<p>Secrets of Warsaw borgarleikurinn er sj\u00e1lfst\u00fdr\u00f0ur, GPS-kn\u00fainn leikur sem fer fram \u00ed s\u00f6gulegum mi\u00f0b\u00e6 Varsj\u00e1r. Me\u00f0 snjalls\u00edmanum \u00fe\u00ednum kannar\u00f0u hjarta borgarinnar \u00e1 me\u00f0an \u00fe\u00fa leysir \u00ferautir, g\u00e1tur og kl\u00e1rar lj\u00f3smynda\u00e1skoranir. \u00deessi k\u00f6nnunarleikur b\u00fd\u00f0ur upp \u00e1 skemmtilega og gagnvirka lei\u00f0 til a\u00f0 uppg\u00f6tva s\u00f6gu Varsj\u00e1r, menningu og falin sm\u00e1atri\u00f0i \u00e1 \u00fe\u00ednum eigin hra\u00f0a. Borgarleikurinn \u00ed Varsj\u00e1 hentar b\u00e6\u00f0i gestum og heimam\u00f6nnum og virkar vel fyrir einstaklingsspilara, p\u00f6r, fj\u00f6lskyldur e\u00f0a vinah\u00f3pa. Hvort sem \u00fe\u00fa ert n\u00fdr \u00ed borginni e\u00f0a ert a\u00f0 enduruppg\u00f6tva hana, \u00fe\u00e1 veitir \u00feessi sj\u00e1lfst\u00fdr\u00f0i borgarleikur einstakt og gr\u00edpandi sj\u00f3narhorn \u00e1 Varsj\u00e1.<\/p>\n","protected":false},"excerpt":{"rendered":"<p>Afhj\u00fapa\u00f0u lj\u00f3\u00f0r\u00e6na s\u00e1l Varsj\u00e1r! St\u00edg\u00f0u inn \u00ed borg \u00fear sem seigla m\u00e6tir r\u00f3mant\u00edk, uppg\u00f6tva\u00f0u falin v\u00edsur, leystu v\u00edsbendingar \u00e1 me\u00f0al konunglegra torganna og vi\u00f0 \u00e1rnar, og hj\u00e1lpa\u00f0u Adam Mickiewicz a\u00f0 endurheimta r\u00f6ddina sem einu sinni hr\u00e6r\u00f0i \u00fej\u00f3\u00f0ina.<\/p>\n","protected":false},"featured_media":4113,"template":"","meta":{"_acf_changed":false,"_yoast_wpseo_focuskw":"Secrets of Warsaw","_yoast_wpseo_metadesc":"Secrets of Warsaw. Spila\u00f0u sj\u00e1lfst\u00fdr\u00f0an borgarleik og sko\u00f0a\u00f0u borgina \u00ed gegnum \u00ferautir, g\u00e1tur og \u00e1skoranir. Spila\u00f0u \u00e1 \u00fe\u00ednum eigin hra\u00f0a og uppg\u00f6tva\u00f0u eins og heimama\u00f0ur!","_kad_blocks_custom_css":"","_kad_blocks_head_custom_js":"","_kad_blocks_body_custom_js":"","_kad_blocks_footer_custom_js":"","ghostkit_customizer_options":"","ghostkit_custom_css":"","ghostkit_custom_js_head":"","ghostkit_custom_js_foot":"","ghostkit_typography":"","_kad_post_transparent":"","_kad_post_title":"","_kad_post_layout":"","_kad_post_sidebar_id":"","_kad_post_content_style":"","_kad_post_vertical_padding":"","_kad_post_feature":"","_kad_post_feature_position":"","_kad_post_header":false,"_kad_post_footer":false,"_kad_post_classname":"","_links_to":"","_links_to_target":""},"game-concept":[717],"location":[425],"product_brand":[],"product_cat":[27],"product_tag":[],"class_list":{"0":"post-55027","1":"product","2":"type-product","3":"status-publish","4":"has-post-thumbnail","6":"game-concept-secrets","7":"location-warsaw","8":"product_cat-geen-categorie","10":"first","11":"instock","12":"shipping-taxable","13":"purchasable","14":"product-type-simple","15":"entry","16":"content-bg","17":"loop-entry"},"acf":{"full_bokun_product_name":"Self-Guided Secrets of Warsaw Exploration Game","location_name":"Warsaw","bokun_calendar_widget_code":"<script type=\"text\/javascript\" src=\"https:\/\/widgets.bokun.io\/assets\/javascripts\/apps\/build\/BokunWidgetsLoader.js?bookingChannelUUID=a1e93e96-5232-4734-a595-28405f4b5a31\" async><\/script>\n     \n    <div class=\"bokunWidget\" data-src=\"https:\/\/widgets.bokun.io\/online-sales\/a1e93e96-5232-4734-a595-28405f4b5a31\/experience-calendar\/1111503\"><\/div>\n    <noscript>Please enable javascript in your browser to book<\/noscript>","bokun_button_widget_code":"<script type=\"text\/javascript\" src=\"https:\/\/widgets.bokun.io\/assets\/javascripts\/apps\/build\/BokunWidgetsLoader.js?bookingChannelUUID=a1e93e96-5232-4734-a595-28405f4b5a31\" async><\/script>\n      <style> #bokun_ed001e45_5927_4f62_b470_ca766338d083 { display: inline-block; padding: .4em 1em; background: #47b82e; border-radius: 999999px; box-shadow: none; font-weight: 600; font-size: 24px; text-decoration: none; text-align: center; color: #FFFFFF; border:none; cursor: pointer; transition: background .2s ease; } #bokun_ed001e45_5927_4f62_b470_ca766338d083:hover{ background: #2f7b1f; } #bokun_ed001e45_5927_4f62_b470_ca766338d083:active{ background: #378f24; } <\/style> <button class=\"bokunButton\" disabled id=bokun_ed001e45_5927_4f62_b470_ca766338d083 data-src=\"https:\/\/widgets.bokun.io\/online-sales\/a1e93e96-5232-4734-a595-28405f4b5a31\/experience-calendar\/1111503?partialView=1\" data-testid=\"widget-book-button\" > Book now <\/button> ","what_you\u2019ll_experience_during_the_game":"\u00deegar \u00fe\u00fa kannar Varsj\u00e1 \u00ed gegnum borgarleikinn, fylgir\u00f0u s\u00f6gu\u00fer\u00e6\u00f0i sem blandar saman sko\u00f0unarfer\u00f0um og spennandi uppg\u00f6tvunum. Upplifunin lei\u00f0ir \u00feig fr\u00e1 l\u00edflegu Old Town Market Square a\u00f0 r\u00f3legum gr\u00f3\u00f0ri University of Warsaw Library Garden, og afhj\u00fapar b\u00e6\u00f0i kunnugleg kennileiti og falin horn. \u00c1 lei\u00f0inni muntu rekast \u00e1 hi\u00f0 st\u00f3rkostlega Royal Castle, ganga framhj\u00e1 fri\u00f0s\u00e6lli framhli\u00f0 Church of the Visitants og uppg\u00f6tva \u00f3v\u00e6nt sm\u00e1atri\u00f0i vi\u00f0 Warsaw Barbican. Hver sta\u00f0setning er valin til a\u00f0 s\u00fdna fram \u00e1 mismunandi l\u00f6g af andr\u00famslofti borgarinnar, og b\u00fd\u00f0ur leikm\u00f6nnum a\u00f0 sj\u00e1 Varsj\u00e1 fr\u00e1 n\u00fdju sj\u00f3narhorni.\n\n\u00cd leiknum tekur\u00f0u a\u00f0 \u00fe\u00e9r \u00fdmsar \u00e1skoranir, \u00fear \u00e1 me\u00f0al g\u00e1tur, spurningar, \u00ferautir og skapandi lj\u00f3smyndaverkefni. Me\u00f0 \u00fev\u00ed a\u00f0 leysa \u00feessar \u00e1skoranir f\u00e6r\u00f0u stig og v\u00edsbendingar, sem hj\u00e1lpa \u00fe\u00e9r a\u00f0 opna n\u00fdjar sta\u00f0setningar og sm\u00e1m saman afhj\u00fapa lokamysteryi\u00f0 \u00ed hjarta leiksins. \u00de\u00fa getur hven\u00e6r sem er teki\u00f0 p\u00e1su til a\u00f0 nj\u00f3ta hv\u00edldar og haldi\u00f0 \u00e1fram s\u00ed\u00f0ar \u00e1 \u00fe\u00ednum eigin hra\u00f0a. Fyrir \u00fe\u00e1 sem nj\u00f3ta samkeppni er l\u00edka stigatafla \u00fear sem einstaklingar e\u00f0a li\u00f0 geta klifra\u00f0 upp stigalistann byggt \u00e1 frammist\u00f6\u00f0u sinni.","how_to_play":"Eftir b\u00f3kun f\u00e6r\u00f0u t\u00f6lvup\u00f3st me\u00f0 beinum hlekk \u00e1 leikinn. Far\u00f0u einfaldlega a\u00f0 Monument of J\u00f3zef Poniatowski (upphafssta\u00f0setningin \u00fe\u00edn) til a\u00f0 hefja \u00e6vint\u00fdri\u00f0 \u00feitt. Opna\u00f0u hlekkinn \u00e1 snjalls\u00edmanum \u00fe\u00ednum og l\u00e1ttu leikinn lei\u00f0a \u00feig fr\u00e1 einu leyndarm\u00e1li til \u00feess n\u00e6sta. \u00de\u00fa getur gert hl\u00e9 og haldi\u00f0 \u00e1fram hven\u00e6r sem er, sem gerir \u00fea\u00f0 au\u00f0velt a\u00f0 sko\u00f0a Varsj\u00e1 n\u00e1kv\u00e6mlega eins og \u00fe\u00fa vilt.","start_location":"Warsaw, Monument of J\u00f3zef Poniatowski","available_languages":[],"players_per_group":"1-4","duration":"1.5-2 hours","image_overlay_color_image":"https:\/\/testwebsite.citygame.com\/wp-content\/blogs.dir\/1\/files\/sites\/62\/2026\/01\/SecretsColor.svg","image_overlay_game_logo":"https:\/\/testwebsite.citygame.com\/wp-content\/blogs.dir\/1\/files\/sites\/62\/2026\/01\/SecretsLogo.png","city_page":8998,"woocommerce_general_content":null},"yoast_head":"<!-- This site is optimized with the Yoast SEO Premium plugin v26.2 (Yoast SEO v26.3) - https:\/\/yoast.com\/wordpress\/plugins\/seo\/ -->\n<title>Secrets of Warsaw - City Game<\/title>\n<meta name=\"description\" content=\"Secrets of Warsaw. Spila\u00f0u sj\u00e1lfst\u00fdr\u00f0an borgarleik og sko\u00f0a\u00f0u borgina \u00ed gegnum \u00ferautir, g\u00e1tur og \u00e1skoranir. Spila\u00f0u \u00e1 \u00fe\u00ednum eigin hra\u00f0a og uppg\u00f6tva\u00f0u eins og heimama\u00f0ur!\" \/>\n<meta name=\"robots\" content=\"noindex, follow, max-snippet:-1, max-image-preview:large, max-video-preview:-1\" \/>\n<meta property=\"og:locale\" content=\"is_IS\" \/>\n<meta property=\"og:type\" content=\"article\" \/>\n<meta property=\"og:title\" content=\"Secrets of Warsaw\" \/>\n<meta property=\"og:description\" content=\"Secrets of Warsaw. Spila\u00f0u sj\u00e1lfst\u00fdr\u00f0an borgarleik og sko\u00f0a\u00f0u borgina \u00ed gegnum \u00ferautir, g\u00e1tur og \u00e1skoranir. Spila\u00f0u \u00e1 \u00fe\u00ednum eigin hra\u00f0a og uppg\u00f6tva\u00f0u eins og heimama\u00f0ur!\" \/>\n<meta property=\"og:url\" content=\"https:\/\/testwebsite.citygame.com\/is\/games\/warsaw\/secrets-of-warsaw\/\" \/>\n<meta property=\"og:site_name\" content=\"City Game\" \/>\n<meta property=\"article:publisher\" content=\"https:\/\/www.facebook.com\/profile.php?id=100086426226253\" \/>\n<meta property=\"article:modified_time\" content=\"2026-04-07T20:02:16+00:00\" \/>\n<meta property=\"og:image\" content=\"https:\/\/testwebsite.citygame.com\/wp-content\/blogs.dir\/1\/files\/sites\/62\/2026\/01\/woman-with-phone-on-a-street-in-warsaw.jpg\" \/>\n\t<meta property=\"og:image:width\" content=\"1024\" \/>\n\t<meta property=\"og:image:height\" content=\"1024\" \/>\n\t<meta property=\"og:image:type\" content=\"image\/jpeg\" \/>\n<meta name=\"twitter:card\" content=\"summary_large_image\" \/>\n<meta name=\"twitter:label1\" content=\"Est. reading time\" \/>\n\t<meta name=\"twitter:data1\" content=\"1 minute\" \/>\n<script type=\"application\/ld+json\" class=\"yoast-schema-graph\">{\"@context\":\"https:\/\/schema.org\",\"@graph\":[{\"@type\":\"WebPage\",\"@id\":\"https:\/\/testwebsite.citygame.com\/is\/games\/warsaw\/secrets-of-warsaw\/\",\"url\":\"https:\/\/testwebsite.citygame.com\/is\/games\/warsaw\/secrets-of-warsaw\/\",\"name\":\"Secrets of Warsaw - City Game\",\"isPartOf\":{\"@id\":\"https:\/\/testwebsite.upevents.nl\/#website\"},\"primaryImageOfPage\":{\"@id\":\"https:\/\/testwebsite.citygame.com\/is\/games\/warsaw\/secrets-of-warsaw\/#primaryimage\"},\"image\":{\"@id\":\"https:\/\/testwebsite.citygame.com\/is\/games\/warsaw\/secrets-of-warsaw\/#primaryimage\"},\"thumbnailUrl\":\"https:\/\/testwebsite.citygame.com\/wp-content\/blogs.dir\/1\/files\/sites\/62\/2026\/01\/woman-with-phone-on-a-street-in-warsaw.jpg\",\"datePublished\":\"2026-01-15T13:02:46+00:00\",\"dateModified\":\"2026-04-07T20:02:16+00:00\",\"description\":\"Secrets of Warsaw. Spila\u00f0u sj\u00e1lfst\u00fdr\u00f0an borgarleik og sko\u00f0a\u00f0u borgina \u00ed gegnum \u00ferautir, g\u00e1tur og \u00e1skoranir. Spila\u00f0u \u00e1 \u00fe\u00ednum eigin hra\u00f0a og uppg\u00f6tva\u00f0u eins og heimama\u00f0ur!\",\"breadcrumb\":{\"@id\":\"https:\/\/testwebsite.citygame.com\/is\/games\/warsaw\/secrets-of-warsaw\/#breadcrumb\"},\"inLanguage\":\"is\",\"potentialAction\":[{\"@type\":\"ReadAction\",\"target\":[\"https:\/\/testwebsite.citygame.com\/is\/games\/warsaw\/secrets-of-warsaw\/\"]}]},{\"@type\":\"ImageObject\",\"inLanguage\":\"is\",\"@id\":\"https:\/\/testwebsite.citygame.com\/is\/games\/warsaw\/secrets-of-warsaw\/#primaryimage\",\"url\":\"https:\/\/testwebsite.citygame.com\/wp-content\/blogs.dir\/1\/files\/sites\/62\/2026\/01\/woman-with-phone-on-a-street-in-warsaw.jpg\",\"contentUrl\":\"https:\/\/testwebsite.citygame.com\/wp-content\/blogs.dir\/1\/files\/sites\/62\/2026\/01\/woman-with-phone-on-a-street-in-warsaw.jpg\",\"width\":1024,\"height\":1024,\"caption\":\"A person stands on a city sidewalk looking at their phone in Warsaw, Poland.\"},{\"@type\":\"BreadcrumbList\",\"@id\":\"https:\/\/testwebsite.citygame.com\/is\/games\/warsaw\/secrets-of-warsaw\/#breadcrumb\",\"itemListElement\":[{\"@type\":\"ListItem\",\"position\":1,\"name\":\"Home\",\"item\":\"https:\/\/testwebsite.citygame.com\/is\/\"},{\"@type\":\"ListItem\",\"position\":2,\"name\":\"Shop\",\"item\":\"https:\/\/testwebsite.citygame.com\/shop\/\"},{\"@type\":\"ListItem\",\"position\":3,\"name\":\"Secrets of Warsaw\"}]},{\"@type\":\"WebSite\",\"@id\":\"https:\/\/testwebsite.upevents.nl\/#website\",\"url\":\"https:\/\/testwebsite.upevents.nl\/\",\"name\":\"City Game\",\"description\":\"\",\"publisher\":{\"@id\":\"https:\/\/testwebsite.upevents.nl\/#organization\"},\"alternateName\":\"citygame.com\",\"potentialAction\":[{\"@type\":\"SearchAction\",\"target\":{\"@type\":\"EntryPoint\",\"urlTemplate\":\"https:\/\/testwebsite.upevents.nl\/?s={search_term_string}\"},\"query-input\":{\"@type\":\"PropertyValueSpecification\",\"valueRequired\":true,\"valueName\":\"search_term_string\"}}],\"inLanguage\":\"is\"},{\"@type\":[\"Organization\",\"Place\"],\"@id\":\"https:\/\/testwebsite.upevents.nl\/#organization\",\"name\":\"City Game\",\"alternateName\":\"citygame.com\",\"url\":\"https:\/\/testwebsite.upevents.nl\/\",\"logo\":{\"@id\":\"https:\/\/testwebsite.citygame.com\/is\/games\/warsaw\/secrets-of-warsaw\/#local-main-organization-logo\"},\"image\":{\"@id\":\"https:\/\/testwebsite.citygame.com\/is\/games\/warsaw\/secrets-of-warsaw\/#local-main-organization-logo\"},\"sameAs\":[\"https:\/\/www.facebook.com\/profile.php?id=100086426226253\",\"https:\/\/www.instagram.com\/citygame_com\",\"https:\/\/www.tiktok.com\/@citygamecom\/\",\"https:\/\/www.linkedin.com\/company\/citygame-com\"],\"description\":\"Turn any city into a playground with our interactive City Games and self-guided tours. Fun, flexible, and ideal for groups and team building.\",\"telephone\":[],\"openingHoursSpecification\":[{\"@type\":\"OpeningHoursSpecification\",\"dayOfWeek\":[\"Monday\",\"Tuesday\",\"Wednesday\",\"Thursday\",\"Friday\",\"Saturday\",\"Sunday\"],\"opens\":\"09:00\",\"closes\":\"17:00\"}]},{\"@type\":\"ImageObject\",\"inLanguage\":\"is\",\"@id\":\"https:\/\/testwebsite.citygame.com\/is\/games\/warsaw\/secrets-of-warsaw\/#local-main-organization-logo\",\"url\":\"https:\/\/testwebsite.citygame.com\/wp-content\/blogs.dir\/1\/files\/sites\/62\/2025\/10\/CG_LOGO-City-Game.png\",\"contentUrl\":\"https:\/\/testwebsite.citygame.com\/wp-content\/blogs.dir\/1\/files\/sites\/62\/2025\/10\/CG_LOGO-City-Game.png\",\"width\":351,\"height\":377,\"caption\":\"City Game\"}]}<\/script>\n<!-- \/ Yoast SEO Premium plugin. -->","yoast_head_json":{"title":"Secrets of Warsaw - City Game","description":"Secrets of Warsaw. Spila\u00f0u sj\u00e1lfst\u00fdr\u00f0an borgarleik og sko\u00f0a\u00f0u borgina \u00ed gegnum \u00ferautir, g\u00e1tur og \u00e1skoranir. Spila\u00f0u \u00e1 \u00fe\u00ednum eigin hra\u00f0a og uppg\u00f6tva\u00f0u eins og heimama\u00f0ur!","robots":{"index":"noindex","follow":"follow","max-snippet":"max-snippet:-1","max-image-preview":"max-image-preview:large","max-video-preview":"max-video-preview:-1"},"og_locale":"is_IS","og_type":"article","og_title":"Secrets of Warsaw","og_description":"Secrets of Warsaw. Spila\u00f0u sj\u00e1lfst\u00fdr\u00f0an borgarleik og sko\u00f0a\u00f0u borgina \u00ed gegnum \u00ferautir, g\u00e1tur og \u00e1skoranir. Spila\u00f0u \u00e1 \u00fe\u00ednum eigin hra\u00f0a og uppg\u00f6tva\u00f0u eins og heimama\u00f0ur!","og_url":"https:\/\/testwebsite.citygame.com\/is\/games\/warsaw\/secrets-of-warsaw\/","og_site_name":"City Game","article_publisher":"https:\/\/www.facebook.com\/profile.php?id=100086426226253","article_modified_time":"2026-04-07T20:02:16+00:00","og_image":[{"width":1024,"height":1024,"url":"https:\/\/testwebsite.citygame.com\/wp-content\/blogs.dir\/1\/files\/sites\/62\/2026\/01\/woman-with-phone-on-a-street-in-warsaw.jpg","type":"image\/jpeg"}],"twitter_card":"summary_large_image","twitter_misc":{"Est. reading time":"1 minute"},"schema":{"@context":"https:\/\/schema.org","@graph":[{"@type":"WebPage","@id":"https:\/\/testwebsite.citygame.com\/is\/games\/warsaw\/secrets-of-warsaw\/","url":"https:\/\/testwebsite.citygame.com\/is\/games\/warsaw\/secrets-of-warsaw\/","name":"Secrets of Warsaw - City Game","isPartOf":{"@id":"https:\/\/testwebsite.upevents.nl\/#website"},"primaryImageOfPage":{"@id":"https:\/\/testwebsite.citygame.com\/is\/games\/warsaw\/secrets-of-warsaw\/#primaryimage"},"image":{"@id":"https:\/\/testwebsite.citygame.com\/is\/games\/warsaw\/secrets-of-warsaw\/#primaryimage"},"thumbnailUrl":"https:\/\/testwebsite.citygame.com\/wp-content\/blogs.dir\/1\/files\/sites\/62\/2026\/01\/woman-with-phone-on-a-street-in-warsaw.jpg","datePublished":"2026-01-15T13:02:46+00:00","dateModified":"2026-04-07T20:02:16+00:00","description":"Secrets of Warsaw. Spila\u00f0u sj\u00e1lfst\u00fdr\u00f0an borgarleik og sko\u00f0a\u00f0u borgina \u00ed gegnum \u00ferautir, g\u00e1tur og \u00e1skoranir. Spila\u00f0u \u00e1 \u00fe\u00ednum eigin hra\u00f0a og uppg\u00f6tva\u00f0u eins og heimama\u00f0ur!","breadcrumb":{"@id":"https:\/\/testwebsite.citygame.com\/is\/games\/warsaw\/secrets-of-warsaw\/#breadcrumb"},"inLanguage":"is","potentialAction":[{"@type":"ReadAction","target":["https:\/\/testwebsite.citygame.com\/is\/games\/warsaw\/secrets-of-warsaw\/"]}]},{"@type":"ImageObject","inLanguage":"is","@id":"https:\/\/testwebsite.citygame.com\/is\/games\/warsaw\/secrets-of-warsaw\/#primaryimage","url":"https:\/\/testwebsite.citygame.com\/wp-content\/blogs.dir\/1\/files\/sites\/62\/2026\/01\/woman-with-phone-on-a-street-in-warsaw.jpg","contentUrl":"https:\/\/testwebsite.citygame.com\/wp-content\/blogs.dir\/1\/files\/sites\/62\/2026\/01\/woman-with-phone-on-a-street-in-warsaw.jpg","width":1024,"height":1024,"caption":"A person stands on a city sidewalk looking at their phone in Warsaw, Poland."},{"@type":"BreadcrumbList","@id":"https:\/\/testwebsite.citygame.com\/is\/games\/warsaw\/secrets-of-warsaw\/#breadcrumb","itemListElement":[{"@type":"ListItem","position":1,"name":"Home","item":"https:\/\/testwebsite.citygame.com\/is\/"},{"@type":"ListItem","position":2,"name":"Shop","item":"https:\/\/testwebsite.citygame.com\/shop\/"},{"@type":"ListItem","position":3,"name":"Secrets of Warsaw"}]},{"@type":"WebSite","@id":"https:\/\/testwebsite.upevents.nl\/#website","url":"https:\/\/testwebsite.upevents.nl\/","name":"City Game","description":"","publisher":{"@id":"https:\/\/testwebsite.upevents.nl\/#organization"},"alternateName":"citygame.com","potentialAction":[{"@type":"SearchAction","target":{"@type":"EntryPoint","urlTemplate":"https:\/\/testwebsite.upevents.nl\/?s={search_term_string}"},"query-input":{"@type":"PropertyValueSpecification","valueRequired":true,"valueName":"search_term_string"}}],"inLanguage":"is"},{"@type":["Organization","Place"],"@id":"https:\/\/testwebsite.upevents.nl\/#organization","name":"City Game","alternateName":"citygame.com","url":"https:\/\/testwebsite.upevents.nl\/","logo":{"@id":"https:\/\/testwebsite.citygame.com\/is\/games\/warsaw\/secrets-of-warsaw\/#local-main-organization-logo"},"image":{"@id":"https:\/\/testwebsite.citygame.com\/is\/games\/warsaw\/secrets-of-warsaw\/#local-main-organization-logo"},"sameAs":["https:\/\/www.facebook.com\/profile.php?id=100086426226253","https:\/\/www.instagram.com\/citygame_com","https:\/\/www.tiktok.com\/@citygamecom\/","https:\/\/www.linkedin.com\/company\/citygame-com"],"description":"Turn any city into a playground with our interactive City Games and self-guided tours. Fun, flexible, and ideal for groups and team building.","telephone":[],"openingHoursSpecification":[{"@type":"OpeningHoursSpecification","dayOfWeek":["Monday","Tuesday","Wednesday","Thursday","Friday","Saturday","Sunday"],"opens":"09:00","closes":"17:00"}]},{"@type":"ImageObject","inLanguage":"is","@id":"https:\/\/testwebsite.citygame.com\/is\/games\/warsaw\/secrets-of-warsaw\/#local-main-organization-logo","url":"https:\/\/testwebsite.citygame.com\/wp-content\/blogs.dir\/1\/files\/sites\/62\/2025\/10\/CG_LOGO-City-Game.png","contentUrl":"https:\/\/testwebsite.citygame.com\/wp-content\/blogs.dir\/1\/files\/sites\/62\/2025\/10\/CG_LOGO-City-Game.png","width":351,"height":377,"caption":"City Game"}]}},"taxonomy_info":{"game-concept":[{"value":717,"label":"Secrets"}],"location":[{"value":425,"label":"Warsaw"}],"product_cat":[{"value":27,"label":"Geen categorie"}]},"featured_image_src_large":["https:\/\/testwebsite.citygame.com\/wp-content\/blogs.dir\/1\/files\/sites\/62\/2026\/01\/woman-with-phone-on-a-street-in-warsaw.jpg",1024,1024,false],"author_info":[],"comment_info":"","_links":{"self":[{"href":"https:\/\/testwebsite.citygame.com\/is\/wp-json\/wp\/v2\/product\/55027","targetHints":{"allow":["GET"]}}],"collection":[{"href":"https:\/\/testwebsite.citygame.com\/is\/wp-json\/wp\/v2\/product"}],"about":[{"href":"https:\/\/testwebsite.citygame.com\/is\/wp-json\/wp\/v2\/types\/product"}],"acf:post":[{"embeddable":true,"href":"https:\/\/testwebsite.citygame.com\/is\/wp-json\/wp\/v2\/pages\/8998"}],"wp:featuredmedia":[{"embeddable":true,"href":"https:\/\/testwebsite.citygame.com\/is\/wp-json\/wp\/v2\/media\/4113"}],"wp:attachment":[{"href":"https:\/\/testwebsite.citygame.com\/is\/wp-json\/wp\/v2\/media?parent=55027"}],"wp:term":[{"taxonomy":"game-concept","embeddable":true,"href":"https:\/\/testwebsite.citygame.com\/is\/wp-json\/wp\/v2\/game-concept?post=55027"},{"taxonomy":"location","embeddable":true,"href":"https:\/\/testwebsite.citygame.com\/is\/wp-json\/wp\/v2\/location?post=55027"},{"taxonomy":"product_brand","embeddable":true,"href":"https:\/\/testwebsite.citygame.com\/is\/wp-json\/wp\/v2\/product_brand?post=55027"},{"taxonomy":"product_cat","embeddable":true,"href":"https:\/\/testwebsite.citygame.com\/is\/wp-json\/wp\/v2\/product_cat?post=55027"},{"taxonomy":"product_tag","embeddable":true,"href":"https:\/\/testwebsite.citygame.com\/is\/wp-json\/wp\/v2\/product_tag?post=55027"}],"curies":[{"name":"wp","href":"https:\/\/api.w.org\/{rel}","templated":true}]}}