{"id":54709,"date":"2026-02-09T09:51:26","date_gmt":"2026-02-09T09:51:26","guid":{"rendered":"https:\/\/testwebsite.citygame.com\/games\/unknown-location\/sherlock-holmes-fira\/"},"modified":"2026-04-07T19:26:54","modified_gmt":"2026-04-07T19:26:54","slug":"sherlock-holmes-fira","status":"publish","type":"product","link":"https:\/\/testwebsite.citygame.com\/is\/games\/fira\/sherlock-holmes-fira\/","title":{"rendered":"Sherlock Holmes Fira"},"content":{"rendered":"<p>St\u00edg\u00f0u inn \u00ed heim Sherlock Holmes me\u00f0 \u00feessum sj\u00e1lfslei\u00f0s\u00f6gna, s\u00f6gu-drifna mor\u00f0g\u00e1tu Borgarleik sem gerist \u00ed s\u00f6gulega mi\u00f0b\u00e6 Fira. \u00deegar \u00fe\u00fa fer\u00f0 um g\u00f6tur borgarinnar muntu leysa r\u00e1\u00f0g\u00e1tuna \u00e1 bak vi\u00f0 \u00edskalt mor\u00f0 sem \u00e1tti s\u00e9r sta\u00f0 \u00e1 Liberty Festival, fylgjandi s\u00f6gu\u00fer\u00e6\u00f0i sem setur \u00feig \u00ed hjarta ranns\u00f3knarinnar. F\u00e6r\u00f0u \u00feig \u00e1 eigin hra\u00f0a \u00e1 me\u00f0an \u00fe\u00fa safnar v\u00edsbendingum, leysir g\u00e1tur og yfirheyrir stafr\u00e6na gruna\u00f0a, allt innan upplifunarr\u00edkrar umgj\u00f6r\u00f0ar einkasp\u00e6jaram\u00e1ls sem er Holmes sj\u00e1lfum sambo\u00f0i\u00f0.<\/p>\n","protected":false},"excerpt":{"rendered":"<p>St\u00edg\u00f0u \u00ed \u00e1hugaver\u00f0a sporsk\u00f3 Sherlock Holmes og legg\u00f0u upp \u00ed spennandi sj\u00e1lfslei\u00f0s\u00f6gn mor\u00f0g\u00e1tu sem gerist \u00ed Fira. N\u00fdttu \u00fe\u00e9r f\u00e6rni \u00fe\u00edna \u00ed a\u00f0 r\u00e1\u00f0a g\u00e1tur, finna dularfullar v\u00edsbendingar og p\u00fasla saman sannleikanum me\u00f0 li\u00f0inu \u00fe\u00ednu. T\u00edminn er naumur, taktu \u00e1skoruninni!<\/p>\n","protected":false},"featured_media":11674,"template":"","meta":{"_acf_changed":false,"_yoast_wpseo_focuskw":"Sherlock Holmes Fira","_yoast_wpseo_metadesc":"Sherlock Holmes Fira. Spila\u00f0u sj\u00e1lfslei\u00f0s\u00f6gn mor\u00f0g\u00e1tu Borgarleik, leystu g\u00e1tur, fylgdu v\u00edsbendingum og uppg\u00f6tva\u00f0u mor\u00f0ingjann \u00e1 eigin hra\u00f0a!","_kad_blocks_custom_css":"","_kad_blocks_head_custom_js":"","_kad_blocks_body_custom_js":"","_kad_blocks_footer_custom_js":"","ghostkit_customizer_options":"","ghostkit_custom_css":"","ghostkit_custom_js_head":"","ghostkit_custom_js_foot":"","ghostkit_typography":"","_kad_post_transparent":"default","_kad_post_title":"","_kad_post_layout":"default","_kad_post_sidebar_id":"","_kad_post_content_style":"default","_kad_post_vertical_padding":"default","_kad_post_feature":"","_kad_post_feature_position":"","_kad_post_header":false,"_kad_post_footer":false,"_kad_post_classname":"","_links_to":"","_links_to_target":""},"game-concept":[778],"location":[517],"product_brand":[],"product_cat":[27],"product_tag":[],"class_list":{"0":"post-54709","1":"product","2":"type-product","3":"status-publish","4":"has-post-thumbnail","6":"game-concept-sherlock","7":"location-fira","8":"product_cat-geen-categorie","10":"first","11":"instock","12":"shipping-taxable","13":"purchasable","14":"product-type-simple","15":"entry","16":"content-bg","17":"loop-entry"},"acf":{"full_bokun_product_name":"Santorini Fira Self-Guided Sherlock Holmes Murder Mystery Game","location_name":"Fira","bokun_calendar_widget_code":"<script type=\"text\/javascript\" src=\"https:\/\/widgets.bokun.io\/assets\/javascripts\/apps\/build\/BokunWidgetsLoader.js?bookingChannelUUID=a1e93e96-5232-4734-a595-28405f4b5a31\" async><\/script>\n     \n    <div class=\"bokunWidget\" data-src=\"https:\/\/widgets.bokun.io\/online-sales\/a1e93e96-5232-4734-a595-28405f4b5a31\/experience-calendar\/768078\"><\/div>\n    <noscript>Please enable javascript in your browser to book<\/noscript>","bokun_button_widget_code":"<script type=\"text\/javascript\" src=\"https:\/\/widgets.bokun.io\/assets\/javascripts\/apps\/build\/BokunWidgetsLoader.js?bookingChannelUUID=a1e93e96-5232-4734-a595-28405f4b5a31\" async><\/script>\n      <style> #bokun_ed001e45_5927_4f62_b470_ca766338d083 { display: inline-block; padding: .4em 1em; background: #47b82e; border-radius: 999999px; box-shadow: none; font-weight: 600; font-size: 24px; text-decoration: none; text-align: center; color: #FFFFFF; border:none; cursor: pointer; transition: background .2s ease; } #bokun_ed001e45_5927_4f62_b470_ca766338d083:hover{ background: #2f7b1f; } #bokun_ed001e45_5927_4f62_b470_ca766338d083:active{ background: #378f24; } <\/style> <button class=\"bokunButton\" disabled id=bokun_ed001e45_5927_4f62_b470_ca766338d083 data-src=\"https:\/\/widgets.bokun.io\/online-sales\/a1e93e96-5232-4734-a595-28405f4b5a31\/experience-calendar\/768078?partialView=1\" data-testid=\"widget-book-button\" > Book now <\/button> ","what_you\u2019ll_experience_during_the_game":"\u00de\u00fa st\u00edgur inn \u00ed gr\u00edpandi einkasp\u00e6jaras\u00f6gu sem gerist \u00ed Fira, \u00fear sem hver \u00e1kv\u00f6r\u00f0un f\u00e6rir \u00feig d\u00fdpra inn \u00ed fl\u00f3kna mor\u00f0ranns\u00f3kn. \u00deegar \u00fe\u00fa eltir v\u00edsbendingar um g\u00f6tur borgarinnar, dregur r\u00e1\u00f0g\u00e1tan h\u00e6gt og r\u00f3lega upp sig. \u00de\u00fa uppg\u00f6tvar f\u00f6ldnar v\u00edsbendingar, leysir fl\u00f3knar g\u00e1tur og stendur frammi fyrir \u00f3v\u00e6ntum vendingum sem \u00f6gra inns\u00e6i \u00fe\u00ednu. Hvert skref f\u00e6rir \u00feig n\u00e6r sannleikanum, hvetur \u00feig til a\u00f0 efast um \u00fea\u00f0 sem \u00fe\u00fa s\u00e9r\u00f0 og hverjum \u00fe\u00fa treystir.\r\n\r\n\u00de\u00fa yfirheyrir stafr\u00e6na gruna\u00f0a, fer\u00f0 yfir fjarvistanir og finnur m\u00f3tsagnir sem a\u00f0rir g\u00e6tu misst af. \u00d6ll upplifunin er \u00fe\u00e9tt s\u00f6gu-drifin, krefst skarprar athugunar, r\u00f6kr\u00e9ttra \u00e1lyktana og gagnr\u00fdnnar hugsunar. Val \u00feitt m\u00f3tar hra\u00f0a m\u00e1lsins, og \u00fe\u00fa getur gert hl\u00e9 e\u00f0a haldi\u00f0 \u00e1fram hven\u00e6r sem \u00fe\u00fa vilt. Ef \u00fe\u00fa vinnur sem li\u00f0, g\u00e6tir\u00f0u jafnvel lent \u00ed kapphlaupi vi\u00f0 a\u00f0ra um a\u00f0 leysa m\u00e1li\u00f0. \u00cd hjarta alls liggur mor\u00f0i\u00f0 \u00e1 Liberty Festival, og a\u00f0eins me\u00f0 \u00edtarlegri ranns\u00f3kn muntu afhj\u00fapa hva\u00f0 raunverulega ger\u00f0ist.","how_to_play":"","start_location":"Santorini, Fira Theotokopoulos Main Square","available_languages":["en","es","fr","de","it","nl"],"players_per_group":"1-4","duration":"1.5-2 hours","image_overlay_color_image":"https:\/\/testwebsite.citygame.com\/wp-content\/blogs.dir\/1\/files\/sites\/62\/2026\/01\/SherlockColor.svg","image_overlay_game_logo":"https:\/\/testwebsite.citygame.com\/wp-content\/blogs.dir\/1\/files\/sites\/62\/2026\/01\/SherlockLogo.png","city_page":11662,"woocommerce_general_content":null},"yoast_head":"<!-- This site is optimized with the Yoast SEO Premium plugin v26.2 (Yoast SEO v26.3) - https:\/\/yoast.com\/wordpress\/plugins\/seo\/ -->\n<title>Sherlock Holmes Fira - City Game<\/title>\n<meta name=\"description\" content=\"Sherlock Holmes Fira. Spila\u00f0u sj\u00e1lfslei\u00f0s\u00f6gn mor\u00f0g\u00e1tu Borgarleik, leystu g\u00e1tur, fylgdu v\u00edsbendingum og uppg\u00f6tva\u00f0u mor\u00f0ingjann \u00e1 eigin hra\u00f0a!\" \/>\n<meta name=\"robots\" content=\"noindex, follow, max-snippet:-1, max-image-preview:large, max-video-preview:-1\" \/>\n<meta property=\"og:locale\" content=\"is_IS\" \/>\n<meta property=\"og:type\" content=\"article\" \/>\n<meta property=\"og:title\" content=\"Sherlock Holmes Fira\" \/>\n<meta property=\"og:description\" content=\"Sherlock Holmes Fira. Spila\u00f0u sj\u00e1lfslei\u00f0s\u00f6gn mor\u00f0g\u00e1tu Borgarleik, leystu g\u00e1tur, fylgdu v\u00edsbendingum og uppg\u00f6tva\u00f0u mor\u00f0ingjann \u00e1 eigin hra\u00f0a!\" \/>\n<meta property=\"og:url\" content=\"https:\/\/testwebsite.citygame.com\/is\/games\/fira\/sherlock-holmes-fira\/\" \/>\n<meta property=\"og:site_name\" content=\"City Game\" \/>\n<meta property=\"article:publisher\" content=\"https:\/\/www.facebook.com\/profile.php?id=100086426226253\" \/>\n<meta property=\"article:modified_time\" content=\"2026-04-07T19:26:54+00:00\" \/>\n<meta property=\"og:image\" content=\"https:\/\/testwebsite.citygame.com\/wp-content\/blogs.dir\/1\/files\/sites\/62\/2026\/02\/fira-greece-players-looking-at-smartphone.jpg\" \/>\n\t<meta property=\"og:image:width\" content=\"1024\" \/>\n\t<meta property=\"og:image:height\" content=\"1024\" \/>\n\t<meta property=\"og:image:type\" content=\"image\/jpeg\" \/>\n<meta name=\"twitter:card\" content=\"summary_large_image\" \/>\n<script type=\"application\/ld+json\" class=\"yoast-schema-graph\">{\"@context\":\"https:\/\/schema.org\",\"@graph\":[{\"@type\":\"WebPage\",\"@id\":\"https:\/\/testwebsite.citygame.com\/is\/games\/fira\/sherlock-holmes-fira\/\",\"url\":\"https:\/\/testwebsite.citygame.com\/is\/games\/fira\/sherlock-holmes-fira\/\",\"name\":\"Sherlock Holmes Fira - City Game\",\"isPartOf\":{\"@id\":\"https:\/\/testwebsite.upevents.nl\/#website\"},\"primaryImageOfPage\":{\"@id\":\"https:\/\/testwebsite.citygame.com\/is\/games\/fira\/sherlock-holmes-fira\/#primaryimage\"},\"image\":{\"@id\":\"https:\/\/testwebsite.citygame.com\/is\/games\/fira\/sherlock-holmes-fira\/#primaryimage\"},\"thumbnailUrl\":\"https:\/\/testwebsite.citygame.com\/wp-content\/blogs.dir\/1\/files\/sites\/62\/2026\/02\/fira-greece-players-looking-at-smartphone.jpg\",\"datePublished\":\"2026-02-09T09:51:26+00:00\",\"dateModified\":\"2026-04-07T19:26:54+00:00\",\"description\":\"Sherlock Holmes Fira. Spila\u00f0u sj\u00e1lfslei\u00f0s\u00f6gn mor\u00f0g\u00e1tu Borgarleik, leystu g\u00e1tur, fylgdu v\u00edsbendingum og uppg\u00f6tva\u00f0u mor\u00f0ingjann \u00e1 eigin hra\u00f0a!\",\"breadcrumb\":{\"@id\":\"https:\/\/testwebsite.citygame.com\/is\/games\/fira\/sherlock-holmes-fira\/#breadcrumb\"},\"inLanguage\":\"is\",\"potentialAction\":[{\"@type\":\"ReadAction\",\"target\":[\"https:\/\/testwebsite.citygame.com\/is\/games\/fira\/sherlock-holmes-fira\/\"]}]},{\"@type\":\"ImageObject\",\"inLanguage\":\"is\",\"@id\":\"https:\/\/testwebsite.citygame.com\/is\/games\/fira\/sherlock-holmes-fira\/#primaryimage\",\"url\":\"https:\/\/testwebsite.citygame.com\/wp-content\/blogs.dir\/1\/files\/sites\/62\/2026\/02\/fira-greece-players-looking-at-smartphone.jpg\",\"contentUrl\":\"https:\/\/testwebsite.citygame.com\/wp-content\/blogs.dir\/1\/files\/sites\/62\/2026\/02\/fira-greece-players-looking-at-smartphone.jpg\",\"width\":1024,\"height\":1024,\"caption\":\"A group of friends gathers around a smartphone to solve a puzzle in Fira, Greece.\"},{\"@type\":\"BreadcrumbList\",\"@id\":\"https:\/\/testwebsite.citygame.com\/is\/games\/fira\/sherlock-holmes-fira\/#breadcrumb\",\"itemListElement\":[{\"@type\":\"ListItem\",\"position\":1,\"name\":\"Home\",\"item\":\"https:\/\/testwebsite.citygame.com\/is\/\"},{\"@type\":\"ListItem\",\"position\":2,\"name\":\"Shop\",\"item\":\"https:\/\/testwebsite.citygame.com\/shop\/\"},{\"@type\":\"ListItem\",\"position\":3,\"name\":\"Sherlock Holmes Fira\"}]},{\"@type\":\"WebSite\",\"@id\":\"https:\/\/testwebsite.upevents.nl\/#website\",\"url\":\"https:\/\/testwebsite.upevents.nl\/\",\"name\":\"City Game\",\"description\":\"\",\"publisher\":{\"@id\":\"https:\/\/testwebsite.upevents.nl\/#organization\"},\"alternateName\":\"citygame.com\",\"potentialAction\":[{\"@type\":\"SearchAction\",\"target\":{\"@type\":\"EntryPoint\",\"urlTemplate\":\"https:\/\/testwebsite.upevents.nl\/?s={search_term_string}\"},\"query-input\":{\"@type\":\"PropertyValueSpecification\",\"valueRequired\":true,\"valueName\":\"search_term_string\"}}],\"inLanguage\":\"is\"},{\"@type\":[\"Organization\",\"Place\"],\"@id\":\"https:\/\/testwebsite.upevents.nl\/#organization\",\"name\":\"City Game\",\"alternateName\":\"citygame.com\",\"url\":\"https:\/\/testwebsite.upevents.nl\/\",\"logo\":{\"@id\":\"https:\/\/testwebsite.citygame.com\/is\/games\/fira\/sherlock-holmes-fira\/#local-main-organization-logo\"},\"image\":{\"@id\":\"https:\/\/testwebsite.citygame.com\/is\/games\/fira\/sherlock-holmes-fira\/#local-main-organization-logo\"},\"sameAs\":[\"https:\/\/www.facebook.com\/profile.php?id=100086426226253\",\"https:\/\/www.instagram.com\/citygame_com\",\"https:\/\/www.tiktok.com\/@citygamecom\/\",\"https:\/\/www.linkedin.com\/company\/citygame-com\"],\"description\":\"Turn any city into a playground with our interactive City Games and self-guided tours. Fun, flexible, and ideal for groups and team building.\",\"telephone\":[],\"openingHoursSpecification\":[{\"@type\":\"OpeningHoursSpecification\",\"dayOfWeek\":[\"Monday\",\"Tuesday\",\"Wednesday\",\"Thursday\",\"Friday\",\"Saturday\",\"Sunday\"],\"opens\":\"09:00\",\"closes\":\"17:00\"}]},{\"@type\":\"ImageObject\",\"inLanguage\":\"is\",\"@id\":\"https:\/\/testwebsite.citygame.com\/is\/games\/fira\/sherlock-holmes-fira\/#local-main-organization-logo\",\"url\":\"https:\/\/testwebsite.citygame.com\/wp-content\/blogs.dir\/1\/files\/sites\/62\/2025\/10\/CG_LOGO-City-Game.png\",\"contentUrl\":\"https:\/\/testwebsite.citygame.com\/wp-content\/blogs.dir\/1\/files\/sites\/62\/2025\/10\/CG_LOGO-City-Game.png\",\"width\":351,\"height\":377,\"caption\":\"City Game\"}]}<\/script>\n<!-- \/ Yoast SEO Premium plugin. -->","yoast_head_json":{"title":"Sherlock Holmes Fira - City Game","description":"Sherlock Holmes Fira. Spila\u00f0u sj\u00e1lfslei\u00f0s\u00f6gn mor\u00f0g\u00e1tu Borgarleik, leystu g\u00e1tur, fylgdu v\u00edsbendingum og uppg\u00f6tva\u00f0u mor\u00f0ingjann \u00e1 eigin hra\u00f0a!","robots":{"index":"noindex","follow":"follow","max-snippet":"max-snippet:-1","max-image-preview":"max-image-preview:large","max-video-preview":"max-video-preview:-1"},"og_locale":"is_IS","og_type":"article","og_title":"Sherlock Holmes Fira","og_description":"Sherlock Holmes Fira. Spila\u00f0u sj\u00e1lfslei\u00f0s\u00f6gn mor\u00f0g\u00e1tu Borgarleik, leystu g\u00e1tur, fylgdu v\u00edsbendingum og uppg\u00f6tva\u00f0u mor\u00f0ingjann \u00e1 eigin hra\u00f0a!","og_url":"https:\/\/testwebsite.citygame.com\/is\/games\/fira\/sherlock-holmes-fira\/","og_site_name":"City Game","article_publisher":"https:\/\/www.facebook.com\/profile.php?id=100086426226253","article_modified_time":"2026-04-07T19:26:54+00:00","og_image":[{"width":1024,"height":1024,"url":"https:\/\/testwebsite.citygame.com\/wp-content\/blogs.dir\/1\/files\/sites\/62\/2026\/02\/fira-greece-players-looking-at-smartphone.jpg","type":"image\/jpeg"}],"twitter_card":"summary_large_image","schema":{"@context":"https:\/\/schema.org","@graph":[{"@type":"WebPage","@id":"https:\/\/testwebsite.citygame.com\/is\/games\/fira\/sherlock-holmes-fira\/","url":"https:\/\/testwebsite.citygame.com\/is\/games\/fira\/sherlock-holmes-fira\/","name":"Sherlock Holmes Fira - City Game","isPartOf":{"@id":"https:\/\/testwebsite.upevents.nl\/#website"},"primaryImageOfPage":{"@id":"https:\/\/testwebsite.citygame.com\/is\/games\/fira\/sherlock-holmes-fira\/#primaryimage"},"image":{"@id":"https:\/\/testwebsite.citygame.com\/is\/games\/fira\/sherlock-holmes-fira\/#primaryimage"},"thumbnailUrl":"https:\/\/testwebsite.citygame.com\/wp-content\/blogs.dir\/1\/files\/sites\/62\/2026\/02\/fira-greece-players-looking-at-smartphone.jpg","datePublished":"2026-02-09T09:51:26+00:00","dateModified":"2026-04-07T19:26:54+00:00","description":"Sherlock Holmes Fira. Spila\u00f0u sj\u00e1lfslei\u00f0s\u00f6gn mor\u00f0g\u00e1tu Borgarleik, leystu g\u00e1tur, fylgdu v\u00edsbendingum og uppg\u00f6tva\u00f0u mor\u00f0ingjann \u00e1 eigin hra\u00f0a!","breadcrumb":{"@id":"https:\/\/testwebsite.citygame.com\/is\/games\/fira\/sherlock-holmes-fira\/#breadcrumb"},"inLanguage":"is","potentialAction":[{"@type":"ReadAction","target":["https:\/\/testwebsite.citygame.com\/is\/games\/fira\/sherlock-holmes-fira\/"]}]},{"@type":"ImageObject","inLanguage":"is","@id":"https:\/\/testwebsite.citygame.com\/is\/games\/fira\/sherlock-holmes-fira\/#primaryimage","url":"https:\/\/testwebsite.citygame.com\/wp-content\/blogs.dir\/1\/files\/sites\/62\/2026\/02\/fira-greece-players-looking-at-smartphone.jpg","contentUrl":"https:\/\/testwebsite.citygame.com\/wp-content\/blogs.dir\/1\/files\/sites\/62\/2026\/02\/fira-greece-players-looking-at-smartphone.jpg","width":1024,"height":1024,"caption":"A group of friends gathers around a smartphone to solve a puzzle in Fira, Greece."},{"@type":"BreadcrumbList","@id":"https:\/\/testwebsite.citygame.com\/is\/games\/fira\/sherlock-holmes-fira\/#breadcrumb","itemListElement":[{"@type":"ListItem","position":1,"name":"Home","item":"https:\/\/testwebsite.citygame.com\/is\/"},{"@type":"ListItem","position":2,"name":"Shop","item":"https:\/\/testwebsite.citygame.com\/shop\/"},{"@type":"ListItem","position":3,"name":"Sherlock Holmes Fira"}]},{"@type":"WebSite","@id":"https:\/\/testwebsite.upevents.nl\/#website","url":"https:\/\/testwebsite.upevents.nl\/","name":"City Game","description":"","publisher":{"@id":"https:\/\/testwebsite.upevents.nl\/#organization"},"alternateName":"citygame.com","potentialAction":[{"@type":"SearchAction","target":{"@type":"EntryPoint","urlTemplate":"https:\/\/testwebsite.upevents.nl\/?s={search_term_string}"},"query-input":{"@type":"PropertyValueSpecification","valueRequired":true,"valueName":"search_term_string"}}],"inLanguage":"is"},{"@type":["Organization","Place"],"@id":"https:\/\/testwebsite.upevents.nl\/#organization","name":"City Game","alternateName":"citygame.com","url":"https:\/\/testwebsite.upevents.nl\/","logo":{"@id":"https:\/\/testwebsite.citygame.com\/is\/games\/fira\/sherlock-holmes-fira\/#local-main-organization-logo"},"image":{"@id":"https:\/\/testwebsite.citygame.com\/is\/games\/fira\/sherlock-holmes-fira\/#local-main-organization-logo"},"sameAs":["https:\/\/www.facebook.com\/profile.php?id=100086426226253","https:\/\/www.instagram.com\/citygame_com","https:\/\/www.tiktok.com\/@citygamecom\/","https:\/\/www.linkedin.com\/company\/citygame-com"],"description":"Turn any city into a playground with our interactive City Games and self-guided tours. Fun, flexible, and ideal for groups and team building.","telephone":[],"openingHoursSpecification":[{"@type":"OpeningHoursSpecification","dayOfWeek":["Monday","Tuesday","Wednesday","Thursday","Friday","Saturday","Sunday"],"opens":"09:00","closes":"17:00"}]},{"@type":"ImageObject","inLanguage":"is","@id":"https:\/\/testwebsite.citygame.com\/is\/games\/fira\/sherlock-holmes-fira\/#local-main-organization-logo","url":"https:\/\/testwebsite.citygame.com\/wp-content\/blogs.dir\/1\/files\/sites\/62\/2025\/10\/CG_LOGO-City-Game.png","contentUrl":"https:\/\/testwebsite.citygame.com\/wp-content\/blogs.dir\/1\/files\/sites\/62\/2025\/10\/CG_LOGO-City-Game.png","width":351,"height":377,"caption":"City Game"}]}},"taxonomy_info":{"game-concept":[{"value":778,"label":"Sherlock"}],"location":[{"value":517,"label":"Fira"}],"product_cat":[{"value":27,"label":"Geen categorie"}]},"featured_image_src_large":["https:\/\/testwebsite.citygame.com\/wp-content\/blogs.dir\/1\/files\/sites\/62\/2026\/02\/fira-greece-players-looking-at-smartphone.jpg",1024,1024,false],"author_info":[],"comment_info":"","_links":{"self":[{"href":"https:\/\/testwebsite.citygame.com\/is\/wp-json\/wp\/v2\/product\/54709","targetHints":{"allow":["GET"]}}],"collection":[{"href":"https:\/\/testwebsite.citygame.com\/is\/wp-json\/wp\/v2\/product"}],"about":[{"href":"https:\/\/testwebsite.citygame.com\/is\/wp-json\/wp\/v2\/types\/product"}],"acf:post":[{"embeddable":true,"href":"https:\/\/testwebsite.citygame.com\/is\/wp-json\/wp\/v2\/pages\/11662"}],"wp:featuredmedia":[{"embeddable":true,"href":"https:\/\/testwebsite.citygame.com\/is\/wp-json\/wp\/v2\/media\/11674"}],"wp:attachment":[{"href":"https:\/\/testwebsite.citygame.com\/is\/wp-json\/wp\/v2\/media?parent=54709"}],"wp:term":[{"taxonomy":"game-concept","embeddable":true,"href":"https:\/\/testwebsite.citygame.com\/is\/wp-json\/wp\/v2\/game-concept?post=54709"},{"taxonomy":"location","embeddable":true,"href":"https:\/\/testwebsite.citygame.com\/is\/wp-json\/wp\/v2\/location?post=54709"},{"taxonomy":"product_brand","embeddable":true,"href":"https:\/\/testwebsite.citygame.com\/is\/wp-json\/wp\/v2\/product_brand?post=54709"},{"taxonomy":"product_cat","embeddable":true,"href":"https:\/\/testwebsite.citygame.com\/is\/wp-json\/wp\/v2\/product_cat?post=54709"},{"taxonomy":"product_tag","embeddable":true,"href":"https:\/\/testwebsite.citygame.com\/is\/wp-json\/wp\/v2\/product_tag?post=54709"}],"curies":[{"name":"wp","href":"https:\/\/api.w.org\/{rel}","templated":true}]}}