{"id":54492,"date":"2026-02-19T10:58:44","date_gmt":"2026-02-19T10:58:44","guid":{"rendered":"https:\/\/testwebsite.citygame.com\/games\/unknown-location\/sherlock-holmes-ibiza\/"},"modified":"2026-04-07T19:00:26","modified_gmt":"2026-04-07T19:00:26","slug":"sherlock-holmes-ibiza","status":"publish","type":"product","link":"https:\/\/testwebsite.citygame.com\/is\/games\/ibiza\/sherlock-holmes-ibiza\/","title":{"rendered":"Sherlock Holmes Ibiza"},"content":{"rendered":"<p>S\u00f6kkva \u00fe\u00e9r ni\u00f0ur \u00ed heim Sherlock Holmes me\u00f0 sj\u00e1lfst\u00fdr\u00f0um, s\u00f6gudrifnum mor\u00f0g\u00e1tu Borgarleik okkar, sta\u00f0settum \u00ed mi\u00f0b\u00e6 Ibiza. Sem hollur ranns\u00f3knarl\u00f6gregluma\u00f0ur muntu rannsaka \u00f3skiljanlegan gl\u00e6p sem \u00e1tti s\u00e9r sta\u00f0 \u00e1 Liberty h\u00e1t\u00ed\u00f0inni, safna v\u00edsbendingum, leysa \u00ferautir og yfirheyra stafr\u00e6na gruna\u00f0a \u00feegar \u00fe\u00fa fer\u00f0ast um borgina. \u00deessi heillandi fr\u00e1s\u00f6gn \u00fer\u00f3ast \u00e1 \u00fe\u00ednum eigin hra\u00f0a \u00e1 me\u00f0an \u00fe\u00fa n\u00fdtur sannf\u00e6randi ranns\u00f3knarupplifunarinnar, s\u00f6kkvir \u00fe\u00e9r inn \u00ed andr\u00famsloft borgarinnar \u00feegar \u00fe\u00fa leysir r\u00e1\u00f0g\u00e1tuna me\u00f0 n\u00e1kv\u00e6mri n\u00e1kv\u00e6mni Sherlock Holmes sj\u00e1lfs.<\/p>\n","protected":false},"excerpt":{"rendered":"<p>St\u00edg\u00f0u \u00ed skarpa sk\u00f3 Sherlock Holmes og finndu \u00feig fl\u00e6ktan \u00ed spennandi mor\u00f0g\u00e1tu r\u00e9tt \u00ed hjarta Ibiza. \u00deegar \u00fe\u00fa r\u00e1\u00f0ir fl\u00f3knar \u00ferautir og fylgir dularfullum v\u00edsbendingum me\u00f0 li\u00f0inu \u00fe\u00ednu, \u00fe\u00e1 \u00fer\u00f3ast kapphlaupi\u00f0 um a\u00f0 afhj\u00fapa sannleikann &#8211; t\u00edminn er d\u00fdrm\u00e6tur, ranns\u00f3knarl\u00f6gregluma\u00f0ur!<\/p>\n","protected":false},"featured_media":14806,"template":"","meta":{"_acf_changed":false,"_yoast_wpseo_focuskw":"Sherlock Holmes Ibiza","_yoast_wpseo_metadesc":"Sherlock Holmes Ibiza. Spila\u00f0u sj\u00e1lfst\u00fdr\u00f0an mor\u00f0g\u00e1tu Borgarleik, leystu \u00ferautir, fylgdu v\u00edsbendingum og uppg\u00f6tva\u00f0u mor\u00f0ingjann \u00e1 \u00fe\u00ednum eigin hra\u00f0a!","_kad_blocks_custom_css":"","_kad_blocks_head_custom_js":"","_kad_blocks_body_custom_js":"","_kad_blocks_footer_custom_js":"","ghostkit_customizer_options":"","ghostkit_custom_css":"","ghostkit_custom_js_head":"","ghostkit_custom_js_foot":"","ghostkit_typography":"","_kad_post_transparent":"","_kad_post_title":"","_kad_post_layout":"","_kad_post_sidebar_id":"","_kad_post_content_style":"","_kad_post_vertical_padding":"","_kad_post_feature":"","_kad_post_feature_position":"","_kad_post_header":false,"_kad_post_footer":false,"_kad_post_classname":"","_links_to":"","_links_to_target":""},"game-concept":[778],"location":[204],"product_brand":[],"product_cat":[27],"product_tag":[],"class_list":{"0":"post-54492","1":"product","2":"type-product","3":"status-publish","4":"has-post-thumbnail","6":"game-concept-sherlock","7":"location-ibiza","8":"product_cat-geen-categorie","10":"first","11":"instock","12":"shipping-taxable","13":"purchasable","14":"product-type-simple","15":"entry","16":"content-bg","17":"loop-entry"},"acf":{"full_bokun_product_name":"Ibiza Self-Guided Sherlock Holmes Murder Mystery Game","location_name":"Ibiza","bokun_calendar_widget_code":"<script type=\"text\/javascript\" src=\"https:\/\/widgets.bokun.io\/assets\/javascripts\/apps\/build\/BokunWidgetsLoader.js?bookingChannelUUID=a1e93e96-5232-4734-a595-28405f4b5a31\" async><\/script>\n     \n    <div class=\"bokunWidget\" data-src=\"https:\/\/widgets.bokun.io\/online-sales\/a1e93e96-5232-4734-a595-28405f4b5a31\/experience-calendar\/767994\"><\/div>\n    <noscript>Please enable javascript in your browser to book<\/noscript>","bokun_button_widget_code":"<script type=\"text\/javascript\" src=\"https:\/\/widgets.bokun.io\/assets\/javascripts\/apps\/build\/BokunWidgetsLoader.js?bookingChannelUUID=a1e93e96-5232-4734-a595-28405f4b5a31\" async><\/script>\n      <style> #bokun_ed001e45_5927_4f62_b470_ca766338d083 { display: inline-block; padding: .4em 1em; background: #47b82e; border-radius: 999999px; box-shadow: none; font-weight: 600; font-size: 24px; text-decoration: none; text-align: center; color: #FFFFFF; border:none; cursor: pointer; transition: background .2s ease; } #bokun_ed001e45_5927_4f62_b470_ca766338d083:hover{ background: #2f7b1f; } #bokun_ed001e45_5927_4f62_b470_ca766338d083:active{ background: #378f24; } <\/style> <button class=\"bokunButton\" disabled id=bokun_ed001e45_5927_4f62_b470_ca766338d083 data-src=\"https:\/\/widgets.bokun.io\/online-sales\/a1e93e96-5232-4734-a595-28405f4b5a31\/experience-calendar\/767994?partialView=1\" data-testid=\"widget-book-button\" > Book now <\/button> ","what_you\u2019ll_experience_during_the_game":"\u00cd Sherlock Holmes Borgarleiknum \u00e1 Ibiza muntu kafa beint ofan \u00ed spennandi einkasp\u00e6jaras\u00f6gu, \u00fear sem \u00f6ll borgin er svi\u00f0 \u00feitt. \u00deegar \u00fe\u00fa fer\u00f0 um g\u00f6turnar ver\u00f0ur \u00fe\u00fa lykilhlutur \u00ed r\u00e1\u00f0g\u00e1tu sem \u00fer\u00f3ast me\u00f0 hverju skrefi sem \u00fe\u00fa tekur. Hver sta\u00f0ur sem \u00fe\u00fa sko\u00f0ar mun afhj\u00fapa n\u00fdjar v\u00edsbendingar og \u00ferautir, og bj\u00f3\u00f0a \u00fe\u00e9r a\u00f0 beita r\u00f6ksemdaf\u00e6rni \u00feinni og n\u00fdta athugunargetu \u00fe\u00edna. Sn\u00faningar og \u00f3v\u00e6ntir atbur\u00f0ir \u00ed ranns\u00f3kn \u00feinni munu halda \u00fe\u00e9r st\u00f6\u00f0ugt vi\u00f0 efni\u00f0.\n\n\u00de\u00fa f\u00e6r\u00f0 t\u00e6kif\u00e6ri til a\u00f0 yfirheyra stafr\u00e6na gruna\u00f0a, greina fjarvistarvottor\u00f0 og r\u00fdna \u00ed m\u00f3tsagnir til a\u00f0 afhj\u00fapa sannleikann. Sagan byggist \u00e1 \u00fev\u00ed a\u00f0 \u00fe\u00fa afhj\u00fapar sannleikann \u00e1 bak vi\u00f0 mor\u00f0 sem \u00e1tti s\u00e9r sta\u00f0 \u00e1 Liberty h\u00e1t\u00ed\u00f0inni. \u00de\u00fa g\u00e6tir l\u00edka lent \u00ed vinalegri keppni vi\u00f0 \u00f6nnur li\u00f0, en mundu a\u00f0 a\u00f0al\u00e1herslan er sagan. Mundu a\u00f0 skarpskyggni \u00fe\u00edn, athygli \u00e1 sm\u00e1atri\u00f0um og r\u00f6ksemdaf\u00e6rni eru helstu t\u00e6kin \u00fe\u00edn til a\u00f0 leysa \u00feessa r\u00e1\u00f0g\u00e1tu. \u00de\u00fa getur spila\u00f0 leikinn \u00e1 \u00fe\u00ednum eigin hra\u00f0a, sett saman s\u00f6guna \u00e1 hverjum t\u00edmapunkti, me\u00f0 frelsi til a\u00f0 gera hl\u00e9 og halda \u00e1fram hven\u00e6r sem \u00fe\u00fa vilt. Leystu fl\u00f3kinn vef \u00feessa algj\u00f6rlega s\u00f6gudrifna \u00e6vint\u00fdris \u00e1 Ibiza og s\u00f6kkva \u00fe\u00e9r inn \u00ed hlutverk besta ranns\u00f3knarl\u00f6greglumanns heims.","how_to_play":"Spila\u00f0u einn e\u00f0a me\u00f0 vinum, fj\u00f6lskyldu e\u00f0a samstarfsf\u00f3lki \u00ed li\u00f0um me\u00f0 allt a\u00f0 fj\u00f3rum \u00e1 hvert t\u00e6ki. Eftir b\u00f3kun f\u00e6r\u00f0u t\u00f6lvup\u00f3st me\u00f0 lei\u00f0beiningum og \u00f6llu sem \u00fe\u00fa \u00fearft.","start_location":"Portal de ses Taules","available_languages":["en","es","fr","de","it","nl"],"players_per_group":"1-4","duration":"1.5-2 hours","image_overlay_color_image":"https:\/\/testwebsite.citygame.com\/wp-content\/blogs.dir\/1\/files\/sites\/62\/2026\/01\/SherlockColor.svg","image_overlay_game_logo":"https:\/\/testwebsite.citygame.com\/wp-content\/blogs.dir\/1\/files\/sites\/62\/2026\/01\/SherlockLogo.png","city_page":8555,"woocommerce_general_content":null},"yoast_head":"<!-- This site is optimized with the Yoast SEO Premium plugin v26.2 (Yoast SEO v26.3) - https:\/\/yoast.com\/wordpress\/plugins\/seo\/ -->\n<title>Sherlock Holmes Ibiza - City Game<\/title>\n<meta name=\"description\" content=\"Sherlock Holmes Ibiza. Spila\u00f0u sj\u00e1lfst\u00fdr\u00f0an mor\u00f0g\u00e1tu Borgarleik, leystu \u00ferautir, fylgdu v\u00edsbendingum og uppg\u00f6tva\u00f0u mor\u00f0ingjann \u00e1 \u00fe\u00ednum eigin hra\u00f0a!\" \/>\n<meta name=\"robots\" content=\"noindex, follow, max-snippet:-1, max-image-preview:large, max-video-preview:-1\" \/>\n<meta property=\"og:locale\" content=\"is_IS\" \/>\n<meta property=\"og:type\" content=\"article\" \/>\n<meta property=\"og:title\" content=\"Sherlock Holmes Ibiza\" \/>\n<meta property=\"og:description\" content=\"Sherlock Holmes Ibiza. Spila\u00f0u sj\u00e1lfst\u00fdr\u00f0an mor\u00f0g\u00e1tu Borgarleik, leystu \u00ferautir, fylgdu v\u00edsbendingum og uppg\u00f6tva\u00f0u mor\u00f0ingjann \u00e1 \u00fe\u00ednum eigin hra\u00f0a!\" \/>\n<meta property=\"og:url\" content=\"https:\/\/testwebsite.citygame.com\/is\/games\/ibiza\/sherlock-holmes-ibiza\/\" \/>\n<meta property=\"og:site_name\" content=\"City Game\" \/>\n<meta property=\"article:publisher\" content=\"https:\/\/www.facebook.com\/profile.php?id=100086426226253\" \/>\n<meta property=\"article:modified_time\" content=\"2026-04-07T19:00:26+00:00\" \/>\n<meta property=\"og:image\" content=\"https:\/\/testwebsite.citygame.com\/wp-content\/blogs.dir\/1\/files\/sites\/62\/2026\/02\/team-playing-city-game-on-stone-steps-ibiza.jpg\" \/>\n\t<meta property=\"og:image:width\" content=\"1024\" \/>\n\t<meta property=\"og:image:height\" content=\"1024\" \/>\n\t<meta property=\"og:image:type\" content=\"image\/jpeg\" \/>\n<meta name=\"twitter:card\" content=\"summary_large_image\" \/>\n<meta name=\"twitter:label1\" content=\"Est. reading time\" \/>\n\t<meta name=\"twitter:data1\" content=\"1 minute\" \/>\n<script type=\"application\/ld+json\" class=\"yoast-schema-graph\">{\"@context\":\"https:\/\/schema.org\",\"@graph\":[{\"@type\":\"WebPage\",\"@id\":\"https:\/\/testwebsite.citygame.com\/is\/games\/ibiza\/sherlock-holmes-ibiza\/\",\"url\":\"https:\/\/testwebsite.citygame.com\/is\/games\/ibiza\/sherlock-holmes-ibiza\/\",\"name\":\"Sherlock Holmes Ibiza - City Game\",\"isPartOf\":{\"@id\":\"https:\/\/testwebsite.upevents.nl\/#website\"},\"primaryImageOfPage\":{\"@id\":\"https:\/\/testwebsite.citygame.com\/is\/games\/ibiza\/sherlock-holmes-ibiza\/#primaryimage\"},\"image\":{\"@id\":\"https:\/\/testwebsite.citygame.com\/is\/games\/ibiza\/sherlock-holmes-ibiza\/#primaryimage\"},\"thumbnailUrl\":\"https:\/\/testwebsite.citygame.com\/wp-content\/blogs.dir\/1\/files\/sites\/62\/2026\/02\/team-playing-city-game-on-stone-steps-ibiza.jpg\",\"datePublished\":\"2026-02-19T10:58:44+00:00\",\"dateModified\":\"2026-04-07T19:00:26+00:00\",\"description\":\"Sherlock Holmes Ibiza. Spila\u00f0u sj\u00e1lfst\u00fdr\u00f0an mor\u00f0g\u00e1tu Borgarleik, leystu \u00ferautir, fylgdu v\u00edsbendingum og uppg\u00f6tva\u00f0u mor\u00f0ingjann \u00e1 \u00fe\u00ednum eigin hra\u00f0a!\",\"breadcrumb\":{\"@id\":\"https:\/\/testwebsite.citygame.com\/is\/games\/ibiza\/sherlock-holmes-ibiza\/#breadcrumb\"},\"inLanguage\":\"is\",\"potentialAction\":[{\"@type\":\"ReadAction\",\"target\":[\"https:\/\/testwebsite.citygame.com\/is\/games\/ibiza\/sherlock-holmes-ibiza\/\"]}]},{\"@type\":\"ImageObject\",\"inLanguage\":\"is\",\"@id\":\"https:\/\/testwebsite.citygame.com\/is\/games\/ibiza\/sherlock-holmes-ibiza\/#primaryimage\",\"url\":\"https:\/\/testwebsite.citygame.com\/wp-content\/blogs.dir\/1\/files\/sites\/62\/2026\/02\/team-playing-city-game-on-stone-steps-ibiza.jpg\",\"contentUrl\":\"https:\/\/testwebsite.citygame.com\/wp-content\/blogs.dir\/1\/files\/sites\/62\/2026\/02\/team-playing-city-game-on-stone-steps-ibiza.jpg\",\"width\":1024,\"height\":1024,\"caption\":\"A team of players consults their smartphone while exploring the historic streets of Ibiza.\"},{\"@type\":\"BreadcrumbList\",\"@id\":\"https:\/\/testwebsite.citygame.com\/is\/games\/ibiza\/sherlock-holmes-ibiza\/#breadcrumb\",\"itemListElement\":[{\"@type\":\"ListItem\",\"position\":1,\"name\":\"Home\",\"item\":\"https:\/\/testwebsite.citygame.com\/is\/\"},{\"@type\":\"ListItem\",\"position\":2,\"name\":\"Shop\",\"item\":\"https:\/\/testwebsite.citygame.com\/shop\/\"},{\"@type\":\"ListItem\",\"position\":3,\"name\":\"Sherlock Holmes Ibiza\"}]},{\"@type\":\"WebSite\",\"@id\":\"https:\/\/testwebsite.upevents.nl\/#website\",\"url\":\"https:\/\/testwebsite.upevents.nl\/\",\"name\":\"City Game\",\"description\":\"\",\"publisher\":{\"@id\":\"https:\/\/testwebsite.upevents.nl\/#organization\"},\"alternateName\":\"citygame.com\",\"potentialAction\":[{\"@type\":\"SearchAction\",\"target\":{\"@type\":\"EntryPoint\",\"urlTemplate\":\"https:\/\/testwebsite.upevents.nl\/?s={search_term_string}\"},\"query-input\":{\"@type\":\"PropertyValueSpecification\",\"valueRequired\":true,\"valueName\":\"search_term_string\"}}],\"inLanguage\":\"is\"},{\"@type\":[\"Organization\",\"Place\"],\"@id\":\"https:\/\/testwebsite.upevents.nl\/#organization\",\"name\":\"City Game\",\"alternateName\":\"citygame.com\",\"url\":\"https:\/\/testwebsite.upevents.nl\/\",\"logo\":{\"@id\":\"https:\/\/testwebsite.citygame.com\/is\/games\/ibiza\/sherlock-holmes-ibiza\/#local-main-organization-logo\"},\"image\":{\"@id\":\"https:\/\/testwebsite.citygame.com\/is\/games\/ibiza\/sherlock-holmes-ibiza\/#local-main-organization-logo\"},\"sameAs\":[\"https:\/\/www.facebook.com\/profile.php?id=100086426226253\",\"https:\/\/www.instagram.com\/citygame_com\",\"https:\/\/www.tiktok.com\/@citygamecom\/\",\"https:\/\/www.linkedin.com\/company\/citygame-com\"],\"description\":\"Turn any city into a playground with our interactive City Games and self-guided tours. Fun, flexible, and ideal for groups and team building.\",\"telephone\":[],\"openingHoursSpecification\":[{\"@type\":\"OpeningHoursSpecification\",\"dayOfWeek\":[\"Monday\",\"Tuesday\",\"Wednesday\",\"Thursday\",\"Friday\",\"Saturday\",\"Sunday\"],\"opens\":\"09:00\",\"closes\":\"17:00\"}]},{\"@type\":\"ImageObject\",\"inLanguage\":\"is\",\"@id\":\"https:\/\/testwebsite.citygame.com\/is\/games\/ibiza\/sherlock-holmes-ibiza\/#local-main-organization-logo\",\"url\":\"https:\/\/testwebsite.citygame.com\/wp-content\/blogs.dir\/1\/files\/sites\/62\/2025\/10\/CG_LOGO-City-Game.png\",\"contentUrl\":\"https:\/\/testwebsite.citygame.com\/wp-content\/blogs.dir\/1\/files\/sites\/62\/2025\/10\/CG_LOGO-City-Game.png\",\"width\":351,\"height\":377,\"caption\":\"City Game\"}]}<\/script>\n<!-- \/ Yoast SEO Premium plugin. -->","yoast_head_json":{"title":"Sherlock Holmes Ibiza - City Game","description":"Sherlock Holmes Ibiza. Spila\u00f0u sj\u00e1lfst\u00fdr\u00f0an mor\u00f0g\u00e1tu Borgarleik, leystu \u00ferautir, fylgdu v\u00edsbendingum og uppg\u00f6tva\u00f0u mor\u00f0ingjann \u00e1 \u00fe\u00ednum eigin hra\u00f0a!","robots":{"index":"noindex","follow":"follow","max-snippet":"max-snippet:-1","max-image-preview":"max-image-preview:large","max-video-preview":"max-video-preview:-1"},"og_locale":"is_IS","og_type":"article","og_title":"Sherlock Holmes Ibiza","og_description":"Sherlock Holmes Ibiza. Spila\u00f0u sj\u00e1lfst\u00fdr\u00f0an mor\u00f0g\u00e1tu Borgarleik, leystu \u00ferautir, fylgdu v\u00edsbendingum og uppg\u00f6tva\u00f0u mor\u00f0ingjann \u00e1 \u00fe\u00ednum eigin hra\u00f0a!","og_url":"https:\/\/testwebsite.citygame.com\/is\/games\/ibiza\/sherlock-holmes-ibiza\/","og_site_name":"City Game","article_publisher":"https:\/\/www.facebook.com\/profile.php?id=100086426226253","article_modified_time":"2026-04-07T19:00:26+00:00","og_image":[{"width":1024,"height":1024,"url":"https:\/\/testwebsite.citygame.com\/wp-content\/blogs.dir\/1\/files\/sites\/62\/2026\/02\/team-playing-city-game-on-stone-steps-ibiza.jpg","type":"image\/jpeg"}],"twitter_card":"summary_large_image","twitter_misc":{"Est. reading time":"1 minute"},"schema":{"@context":"https:\/\/schema.org","@graph":[{"@type":"WebPage","@id":"https:\/\/testwebsite.citygame.com\/is\/games\/ibiza\/sherlock-holmes-ibiza\/","url":"https:\/\/testwebsite.citygame.com\/is\/games\/ibiza\/sherlock-holmes-ibiza\/","name":"Sherlock Holmes Ibiza - City Game","isPartOf":{"@id":"https:\/\/testwebsite.upevents.nl\/#website"},"primaryImageOfPage":{"@id":"https:\/\/testwebsite.citygame.com\/is\/games\/ibiza\/sherlock-holmes-ibiza\/#primaryimage"},"image":{"@id":"https:\/\/testwebsite.citygame.com\/is\/games\/ibiza\/sherlock-holmes-ibiza\/#primaryimage"},"thumbnailUrl":"https:\/\/testwebsite.citygame.com\/wp-content\/blogs.dir\/1\/files\/sites\/62\/2026\/02\/team-playing-city-game-on-stone-steps-ibiza.jpg","datePublished":"2026-02-19T10:58:44+00:00","dateModified":"2026-04-07T19:00:26+00:00","description":"Sherlock Holmes Ibiza. Spila\u00f0u sj\u00e1lfst\u00fdr\u00f0an mor\u00f0g\u00e1tu Borgarleik, leystu \u00ferautir, fylgdu v\u00edsbendingum og uppg\u00f6tva\u00f0u mor\u00f0ingjann \u00e1 \u00fe\u00ednum eigin hra\u00f0a!","breadcrumb":{"@id":"https:\/\/testwebsite.citygame.com\/is\/games\/ibiza\/sherlock-holmes-ibiza\/#breadcrumb"},"inLanguage":"is","potentialAction":[{"@type":"ReadAction","target":["https:\/\/testwebsite.citygame.com\/is\/games\/ibiza\/sherlock-holmes-ibiza\/"]}]},{"@type":"ImageObject","inLanguage":"is","@id":"https:\/\/testwebsite.citygame.com\/is\/games\/ibiza\/sherlock-holmes-ibiza\/#primaryimage","url":"https:\/\/testwebsite.citygame.com\/wp-content\/blogs.dir\/1\/files\/sites\/62\/2026\/02\/team-playing-city-game-on-stone-steps-ibiza.jpg","contentUrl":"https:\/\/testwebsite.citygame.com\/wp-content\/blogs.dir\/1\/files\/sites\/62\/2026\/02\/team-playing-city-game-on-stone-steps-ibiza.jpg","width":1024,"height":1024,"caption":"A team of players consults their smartphone while exploring the historic streets of Ibiza."},{"@type":"BreadcrumbList","@id":"https:\/\/testwebsite.citygame.com\/is\/games\/ibiza\/sherlock-holmes-ibiza\/#breadcrumb","itemListElement":[{"@type":"ListItem","position":1,"name":"Home","item":"https:\/\/testwebsite.citygame.com\/is\/"},{"@type":"ListItem","position":2,"name":"Shop","item":"https:\/\/testwebsite.citygame.com\/shop\/"},{"@type":"ListItem","position":3,"name":"Sherlock Holmes Ibiza"}]},{"@type":"WebSite","@id":"https:\/\/testwebsite.upevents.nl\/#website","url":"https:\/\/testwebsite.upevents.nl\/","name":"City Game","description":"","publisher":{"@id":"https:\/\/testwebsite.upevents.nl\/#organization"},"alternateName":"citygame.com","potentialAction":[{"@type":"SearchAction","target":{"@type":"EntryPoint","urlTemplate":"https:\/\/testwebsite.upevents.nl\/?s={search_term_string}"},"query-input":{"@type":"PropertyValueSpecification","valueRequired":true,"valueName":"search_term_string"}}],"inLanguage":"is"},{"@type":["Organization","Place"],"@id":"https:\/\/testwebsite.upevents.nl\/#organization","name":"City Game","alternateName":"citygame.com","url":"https:\/\/testwebsite.upevents.nl\/","logo":{"@id":"https:\/\/testwebsite.citygame.com\/is\/games\/ibiza\/sherlock-holmes-ibiza\/#local-main-organization-logo"},"image":{"@id":"https:\/\/testwebsite.citygame.com\/is\/games\/ibiza\/sherlock-holmes-ibiza\/#local-main-organization-logo"},"sameAs":["https:\/\/www.facebook.com\/profile.php?id=100086426226253","https:\/\/www.instagram.com\/citygame_com","https:\/\/www.tiktok.com\/@citygamecom\/","https:\/\/www.linkedin.com\/company\/citygame-com"],"description":"Turn any city into a playground with our interactive City Games and self-guided tours. Fun, flexible, and ideal for groups and team building.","telephone":[],"openingHoursSpecification":[{"@type":"OpeningHoursSpecification","dayOfWeek":["Monday","Tuesday","Wednesday","Thursday","Friday","Saturday","Sunday"],"opens":"09:00","closes":"17:00"}]},{"@type":"ImageObject","inLanguage":"is","@id":"https:\/\/testwebsite.citygame.com\/is\/games\/ibiza\/sherlock-holmes-ibiza\/#local-main-organization-logo","url":"https:\/\/testwebsite.citygame.com\/wp-content\/blogs.dir\/1\/files\/sites\/62\/2025\/10\/CG_LOGO-City-Game.png","contentUrl":"https:\/\/testwebsite.citygame.com\/wp-content\/blogs.dir\/1\/files\/sites\/62\/2025\/10\/CG_LOGO-City-Game.png","width":351,"height":377,"caption":"City Game"}]}},"taxonomy_info":{"game-concept":[{"value":778,"label":"Sherlock"}],"location":[{"value":204,"label":"Ibiza"}],"product_cat":[{"value":27,"label":"Geen categorie"}]},"featured_image_src_large":["https:\/\/testwebsite.citygame.com\/wp-content\/blogs.dir\/1\/files\/sites\/62\/2026\/02\/team-playing-city-game-on-stone-steps-ibiza.jpg",1024,1024,false],"author_info":[],"comment_info":"","_links":{"self":[{"href":"https:\/\/testwebsite.citygame.com\/is\/wp-json\/wp\/v2\/product\/54492","targetHints":{"allow":["GET"]}}],"collection":[{"href":"https:\/\/testwebsite.citygame.com\/is\/wp-json\/wp\/v2\/product"}],"about":[{"href":"https:\/\/testwebsite.citygame.com\/is\/wp-json\/wp\/v2\/types\/product"}],"acf:post":[{"embeddable":true,"href":"https:\/\/testwebsite.citygame.com\/is\/wp-json\/wp\/v2\/pages\/8555"}],"wp:featuredmedia":[{"embeddable":true,"href":"https:\/\/testwebsite.citygame.com\/is\/wp-json\/wp\/v2\/media\/14806"}],"wp:attachment":[{"href":"https:\/\/testwebsite.citygame.com\/is\/wp-json\/wp\/v2\/media?parent=54492"}],"wp:term":[{"taxonomy":"game-concept","embeddable":true,"href":"https:\/\/testwebsite.citygame.com\/is\/wp-json\/wp\/v2\/game-concept?post=54492"},{"taxonomy":"location","embeddable":true,"href":"https:\/\/testwebsite.citygame.com\/is\/wp-json\/wp\/v2\/location?post=54492"},{"taxonomy":"product_brand","embeddable":true,"href":"https:\/\/testwebsite.citygame.com\/is\/wp-json\/wp\/v2\/product_brand?post=54492"},{"taxonomy":"product_cat","embeddable":true,"href":"https:\/\/testwebsite.citygame.com\/is\/wp-json\/wp\/v2\/product_cat?post=54492"},{"taxonomy":"product_tag","embeddable":true,"href":"https:\/\/testwebsite.citygame.com\/is\/wp-json\/wp\/v2\/product_tag?post=54492"}],"curies":[{"name":"wp","href":"https:\/\/api.w.org\/{rel}","templated":true}]}}