{"id":54340,"date":"2026-01-13T10:37:16","date_gmt":"2026-01-13T10:37:16","guid":{"rendered":"https:\/\/testwebsite.citygame.com\/games\/unknown-location\/secrets-of-katowice\/"},"modified":"2026-04-07T18:41:59","modified_gmt":"2026-04-07T18:41:59","slug":"secrets-of-katowice","status":"publish","type":"product","link":"https:\/\/testwebsite.citygame.com\/is\/games\/katowice\/secrets-of-katowice\/","title":{"rendered":"Secrets of Katowice"},"content":{"rendered":"<p>Borgarleikurinn Katowice er sj\u00e1lflei\u00f0sagnarleikur sem fer fram \u00ed mi\u00f0borg Katowice. \u00deessi GPS-kn\u00fani leikur gerir leikm\u00f6nnum kleift a\u00f0 kanna borgina me\u00f0 snjalls\u00edmanum s\u00ednum, leysa \u00ferautir, g\u00e1tur og lj\u00f3smynda\u00e1skoranir \u00e1 lei\u00f0inni. \u00cd gegnum upplifunina uppg\u00f6tva \u00fe\u00e1tttakendur falin sm\u00e1atri\u00f0i og f\u00e1 inns\u00fdn \u00ed s\u00f6gu Katowice og sta\u00f0bundna menningu. K\u00f6nnunarleikurinn hentar b\u00e6\u00f0i gestum og heimam\u00f6nnum, b\u00fd\u00f0ur upp \u00e1 skemmtilega og gr\u00edpandi af\u00fereyingu fyrir alla sem hafa \u00e1huga \u00e1 a\u00f0 l\u00e6ra meira um borgina. Hann virkar jafnvel vel fyrir einstaklinga, p\u00f6r, fj\u00f6lskyldur e\u00f0a vinah\u00f3pa.<\/p>\n","protected":false},"excerpt":{"rendered":"<p>Losa\u00f0u \u00far l\u00e6\u00f0ingi frelsisanda Katowice! R\u00e1fa\u00f0u um g\u00f6tur \u00fear sem st\u00e1l m\u00e6tir s\u00e1l, uppg\u00f6tva\u00f0u falnar v\u00edsbendingar og taktu \u00fe\u00e1tt me\u00f0 Wojciech Korfanty \u00ed spennandi lei\u00f0angri til a\u00f0 endurreisa Frelsisv\u00e6ngina, stein\u00fatskori\u00f0 t\u00e1kn \u00f3brj\u00f3tanlegs hugrekkis Sl\u00e9s\u00edu.<\/p>\n","protected":false},"featured_media":3596,"template":"","meta":{"_acf_changed":false,"_yoast_wpseo_focuskw":"Secrets of Katowice","_yoast_wpseo_metadesc":"Secrets of Katowice. Spila\u00f0u sj\u00e1lflei\u00f0sagnarleik og kanna\u00f0u borgina me\u00f0 \u00ferautum, g\u00e1tum og \u00e1skorunum. Spila\u00f0u \u00e1 eigin hra\u00f0a og uppg\u00f6tva\u00f0u eins og heimama\u00f0ur!","_kad_blocks_custom_css":"","_kad_blocks_head_custom_js":"","_kad_blocks_body_custom_js":"","_kad_blocks_footer_custom_js":"","ghostkit_customizer_options":"","ghostkit_custom_css":"","ghostkit_custom_js_head":"","ghostkit_custom_js_foot":"","ghostkit_typography":"","_kad_post_transparent":"default","_kad_post_title":"","_kad_post_layout":"default","_kad_post_sidebar_id":"","_kad_post_content_style":"default","_kad_post_vertical_padding":"default","_kad_post_feature":"","_kad_post_feature_position":"","_kad_post_header":false,"_kad_post_footer":false,"_kad_post_classname":"","_links_to":"","_links_to_target":""},"game-concept":[717],"location":[219],"product_brand":[],"product_cat":[27],"product_tag":[],"class_list":{"0":"post-54340","1":"product","2":"type-product","3":"status-publish","4":"has-post-thumbnail","6":"game-concept-secrets","7":"location-katowice","8":"product_cat-geen-categorie","10":"first","11":"instock","12":"shipping-taxable","13":"purchasable","14":"product-type-simple","15":"entry","16":"content-bg","17":"loop-entry"},"acf":{"full_bokun_product_name":"Self-Guided Secrets of Katowice Exploration Game","location_name":"Katowice","bokun_calendar_widget_code":"<script type=\"text\/javascript\" src=\"https:\/\/widgets.bokun.io\/assets\/javascripts\/apps\/build\/BokunWidgetsLoader.js?bookingChannelUUID=a1e93e96-5232-4734-a595-28405f4b5a31\" async><\/script>\n     \n    <div class=\"bokunWidget\" data-src=\"https:\/\/widgets.bokun.io\/online-sales\/a1e93e96-5232-4734-a595-28405f4b5a31\/experience-calendar\/1102509\"><\/div>\n    <noscript>Please enable javascript in your browser to book<\/noscript>","bokun_button_widget_code":"<script type=\"text\/javascript\" src=\"https:\/\/widgets.bokun.io\/assets\/javascripts\/apps\/build\/BokunWidgetsLoader.js?bookingChannelUUID=a1e93e96-5232-4734-a595-28405f4b5a31\" async><\/script>\n      <style> #bokun_ed001e45_5927_4f62_b470_ca766338d083 { display: inline-block; padding: .4em 1em; background: #47b82e; border-radius: 999999px; box-shadow: none; font-weight: 600; font-size: 24px; text-decoration: none; text-align: center; color: #FFFFFF; border:none; cursor: pointer; transition: background .2s ease; } #bokun_ed001e45_5927_4f62_b470_ca766338d083:hover{ background: #2f7b1f; } #bokun_ed001e45_5927_4f62_b470_ca766338d083:active{ background: #378f24; } <\/style> <button class=\"bokunButton\" disabled id=bokun_ed001e45_5927_4f62_b470_ca766338d083 data-src=\"https:\/\/widgets.bokun.io\/online-sales\/a1e93e96-5232-4734-a595-28405f4b5a31\/experience-calendar\/1102509?partialView=1\" data-testid=\"widget-book-button\" > Book now <\/button> ","what_you\u2019ll_experience_during_the_game":"\u00deegar \u00fe\u00fa kannar Katowice \u00ed gegnum borgarleikinn \u00fer\u00f3ast upplifunin sem blanda af uppg\u00f6tvun \u00ed borginni og yfirgripsmikilli fr\u00e1sagnarg\u00e1fu. Leiddur af fr\u00e1s\u00f6gn leiksins muntu lenda \u00e1 b\u00e6\u00f0i kennileitum og st\u00f6\u00f0um sem oft er gengi\u00f0 framhj\u00e1 \u00e1n \u00feess a\u00f0 taka eftir. \u00c1 lei\u00f0inni g\u00e6tir\u00f0u sta\u00f0i\u00f0 fyrir framan fram\u00farstefnulega Spodek leikvanginn, hugsa\u00f0 \u00feig um vi\u00f0 minnisvar\u00f0ann um Henryk S\u0142awik og J\u00f3zsef Antall eldri, e\u00f0a d\u00e1\u00f0st a\u00f0 arkitekt\u00far t\u00f3nleikahallarinnar sem bygg\u00f0 er \u00e1 fyrrum i\u00f0na\u00f0arsv\u00e6\u00f0i. Lei\u00f0in mun einnig lei\u00f0a \u00feig a\u00f0 falnum kr\u00f3kum, eins og hinum leikandi Labyrinth e\u00f0a hinni fl\u00f3knu m\u00f3sa\u00edkmynd \u00ed Opna h\u00e1sk\u00f3lanum, og opinbera marg\u00fe\u00e6tta mynd af Katowice.\r\n\r\n\u00cd gegnum leikinn muntu leysa r\u00f6\u00f0 af fl\u00f3knum \u00e1skorunum, fr\u00e1 r\u00f6kfr\u00e6\u00f0ilegum \u00ferautum til skapandi lj\u00f3smyndaverkefna sem koma umhverfi \u00fe\u00ednu \u00ed f\u00f3kus. Me\u00f0 \u00fev\u00ed a\u00f0 lj\u00faka hverri \u00e1skorun f\u00e6r\u00f0u stig og afhj\u00fapar n\u00fdjar v\u00edsbendingar, sem sm\u00e1m saman f\u00e6rir \u00feig n\u00e6r \u00fev\u00ed a\u00f0 leysa lokamysteri\u00f0. Borgarleikurinn er h\u00e6gt a\u00f0 gera hl\u00e9 \u00e1 og halda \u00e1fram aftur \u00e1 eigin hra\u00f0a, sem gerir \u00fea\u00f0 au\u00f0velt a\u00f0 kanna Katowice eftir \u00feinni eigin \u00e1\u00e6tlun. Fyrir \u00fe\u00e1 sem hafa samkeppnisanda er einnig m\u00f6guleiki \u00e1 a\u00f0 keppa um s\u00e6ti \u00e1 stigat\u00f6flunni.","how_to_play":"Eftir b\u00f3kun f\u00e6r\u00f0u t\u00f6lvup\u00f3st me\u00f0 beinum leikjatengli. Far\u00f0u einfaldlega \u00e1 upphafssta\u00f0inn vi\u00f0 Henryk S\u0142awik og J\u00f3zsef Antall eldri, opna\u00f0u tengilinn \u00e1 snjalls\u00edmanum \u00fe\u00ednum og byrja\u00f0u fer\u00f0 \u00fe\u00edna. Leikurinn er GPS-kn\u00fainn, svo s\u00edminn \u00feinn mun lei\u00f0a \u00feig fr\u00e1 einum sta\u00f0 til annars. \u00de\u00fa getur gert hl\u00e9 \u00e1 leiknum hven\u00e6r sem \u00fe\u00fa vilt og haldi\u00f0 \u00e1fram s\u00ed\u00f0ar til a\u00f0 lj\u00faka verkefni \u00fe\u00ednu um a\u00f0 endurreisa Frelsisv\u00e6ngina.","start_location":"katowice, Henryk S\u0142awik and J\u00f3zsef Antall Sr.","available_languages":"","players_per_group":"1-4","duration":"1.5-2 hours","image_overlay_color_image":"https:\/\/testwebsite.citygame.com\/wp-content\/blogs.dir\/1\/files\/sites\/62\/2026\/01\/SecretsColor.svg","image_overlay_game_logo":"https:\/\/testwebsite.citygame.com\/wp-content\/blogs.dir\/1\/files\/sites\/62\/2026\/01\/SecretsLogo.png","city_page":15929,"woocommerce_general_content":null},"yoast_head":"<!-- This site is optimized with the Yoast SEO Premium plugin v26.2 (Yoast SEO v26.3) - https:\/\/yoast.com\/wordpress\/plugins\/seo\/ -->\n<title>Secrets of Katowice - City Game<\/title>\n<meta name=\"description\" content=\"Secrets of Katowice. Spila\u00f0u sj\u00e1lflei\u00f0sagnarleik og kanna\u00f0u borgina me\u00f0 \u00ferautum, g\u00e1tum og \u00e1skorunum. Spila\u00f0u \u00e1 eigin hra\u00f0a og uppg\u00f6tva\u00f0u eins og heimama\u00f0ur!\" \/>\n<meta name=\"robots\" content=\"noindex, follow, max-snippet:-1, max-image-preview:large, max-video-preview:-1\" \/>\n<meta property=\"og:locale\" content=\"is_IS\" \/>\n<meta property=\"og:type\" content=\"article\" \/>\n<meta property=\"og:title\" content=\"Secrets of Katowice\" \/>\n<meta property=\"og:description\" content=\"Secrets of Katowice. Spila\u00f0u sj\u00e1lflei\u00f0sagnarleik og kanna\u00f0u borgina me\u00f0 \u00ferautum, g\u00e1tum og \u00e1skorunum. Spila\u00f0u \u00e1 eigin hra\u00f0a og uppg\u00f6tva\u00f0u eins og heimama\u00f0ur!\" \/>\n<meta property=\"og:url\" content=\"https:\/\/testwebsite.citygame.com\/is\/games\/katowice\/secrets-of-katowice\/\" \/>\n<meta property=\"og:site_name\" content=\"City Game\" \/>\n<meta property=\"article:publisher\" content=\"https:\/\/www.facebook.com\/profile.php?id=100086426226253\" \/>\n<meta property=\"article:modified_time\" content=\"2026-04-07T18:41:59+00:00\" \/>\n<meta property=\"og:image\" content=\"https:\/\/testwebsite.citygame.com\/wp-content\/blogs.dir\/1\/files\/sites\/62\/2026\/01\/man-with-phone-in-front-of-spodek-arena-in-katowice.jpg\" \/>\n\t<meta property=\"og:image:width\" content=\"1024\" \/>\n\t<meta property=\"og:image:height\" content=\"1024\" \/>\n\t<meta property=\"og:image:type\" content=\"image\/jpeg\" \/>\n<meta name=\"twitter:card\" content=\"summary_large_image\" \/>\n<meta name=\"twitter:label1\" content=\"Est. reading time\" \/>\n\t<meta name=\"twitter:data1\" content=\"1 minute\" \/>\n<script type=\"application\/ld+json\" class=\"yoast-schema-graph\">{\"@context\":\"https:\/\/schema.org\",\"@graph\":[{\"@type\":\"WebPage\",\"@id\":\"https:\/\/testwebsite.citygame.com\/is\/games\/katowice\/secrets-of-katowice\/\",\"url\":\"https:\/\/testwebsite.citygame.com\/is\/games\/katowice\/secrets-of-katowice\/\",\"name\":\"Secrets of Katowice - City Game\",\"isPartOf\":{\"@id\":\"https:\/\/testwebsite.upevents.nl\/#website\"},\"primaryImageOfPage\":{\"@id\":\"https:\/\/testwebsite.citygame.com\/is\/games\/katowice\/secrets-of-katowice\/#primaryimage\"},\"image\":{\"@id\":\"https:\/\/testwebsite.citygame.com\/is\/games\/katowice\/secrets-of-katowice\/#primaryimage\"},\"thumbnailUrl\":\"https:\/\/testwebsite.citygame.com\/wp-content\/blogs.dir\/1\/files\/sites\/62\/2026\/01\/man-with-phone-in-front-of-spodek-arena-in-katowice.jpg\",\"datePublished\":\"2026-01-13T10:37:16+00:00\",\"dateModified\":\"2026-04-07T18:41:59+00:00\",\"description\":\"Secrets of Katowice. Spila\u00f0u sj\u00e1lflei\u00f0sagnarleik og kanna\u00f0u borgina me\u00f0 \u00ferautum, g\u00e1tum og \u00e1skorunum. Spila\u00f0u \u00e1 eigin hra\u00f0a og uppg\u00f6tva\u00f0u eins og heimama\u00f0ur!\",\"breadcrumb\":{\"@id\":\"https:\/\/testwebsite.citygame.com\/is\/games\/katowice\/secrets-of-katowice\/#breadcrumb\"},\"inLanguage\":\"is\",\"potentialAction\":[{\"@type\":\"ReadAction\",\"target\":[\"https:\/\/testwebsite.citygame.com\/is\/games\/katowice\/secrets-of-katowice\/\"]}]},{\"@type\":\"ImageObject\",\"inLanguage\":\"is\",\"@id\":\"https:\/\/testwebsite.citygame.com\/is\/games\/katowice\/secrets-of-katowice\/#primaryimage\",\"url\":\"https:\/\/testwebsite.citygame.com\/wp-content\/blogs.dir\/1\/files\/sites\/62\/2026\/01\/man-with-phone-in-front-of-spodek-arena-in-katowice.jpg\",\"contentUrl\":\"https:\/\/testwebsite.citygame.com\/wp-content\/blogs.dir\/1\/files\/sites\/62\/2026\/01\/man-with-phone-in-front-of-spodek-arena-in-katowice.jpg\",\"width\":1024,\"height\":1024,\"caption\":\"A man uses his smartphone in a large plaza in front of the Spodek arena in Katowice.\"},{\"@type\":\"BreadcrumbList\",\"@id\":\"https:\/\/testwebsite.citygame.com\/is\/games\/katowice\/secrets-of-katowice\/#breadcrumb\",\"itemListElement\":[{\"@type\":\"ListItem\",\"position\":1,\"name\":\"Home\",\"item\":\"https:\/\/testwebsite.citygame.com\/is\/\"},{\"@type\":\"ListItem\",\"position\":2,\"name\":\"Shop\",\"item\":\"https:\/\/testwebsite.citygame.com\/shop\/\"},{\"@type\":\"ListItem\",\"position\":3,\"name\":\"Secrets of Katowice\"}]},{\"@type\":\"WebSite\",\"@id\":\"https:\/\/testwebsite.upevents.nl\/#website\",\"url\":\"https:\/\/testwebsite.upevents.nl\/\",\"name\":\"City Game\",\"description\":\"\",\"publisher\":{\"@id\":\"https:\/\/testwebsite.upevents.nl\/#organization\"},\"alternateName\":\"citygame.com\",\"potentialAction\":[{\"@type\":\"SearchAction\",\"target\":{\"@type\":\"EntryPoint\",\"urlTemplate\":\"https:\/\/testwebsite.upevents.nl\/?s={search_term_string}\"},\"query-input\":{\"@type\":\"PropertyValueSpecification\",\"valueRequired\":true,\"valueName\":\"search_term_string\"}}],\"inLanguage\":\"is\"},{\"@type\":[\"Organization\",\"Place\"],\"@id\":\"https:\/\/testwebsite.upevents.nl\/#organization\",\"name\":\"City Game\",\"alternateName\":\"citygame.com\",\"url\":\"https:\/\/testwebsite.upevents.nl\/\",\"logo\":{\"@id\":\"https:\/\/testwebsite.citygame.com\/is\/games\/katowice\/secrets-of-katowice\/#local-main-organization-logo\"},\"image\":{\"@id\":\"https:\/\/testwebsite.citygame.com\/is\/games\/katowice\/secrets-of-katowice\/#local-main-organization-logo\"},\"sameAs\":[\"https:\/\/www.facebook.com\/profile.php?id=100086426226253\",\"https:\/\/www.instagram.com\/citygame_com\",\"https:\/\/www.tiktok.com\/@citygamecom\/\",\"https:\/\/www.linkedin.com\/company\/citygame-com\"],\"description\":\"Turn any city into a playground with our interactive City Games and self-guided tours. Fun, flexible, and ideal for groups and team building.\",\"telephone\":[],\"openingHoursSpecification\":[{\"@type\":\"OpeningHoursSpecification\",\"dayOfWeek\":[\"Monday\",\"Tuesday\",\"Wednesday\",\"Thursday\",\"Friday\",\"Saturday\",\"Sunday\"],\"opens\":\"09:00\",\"closes\":\"17:00\"}]},{\"@type\":\"ImageObject\",\"inLanguage\":\"is\",\"@id\":\"https:\/\/testwebsite.citygame.com\/is\/games\/katowice\/secrets-of-katowice\/#local-main-organization-logo\",\"url\":\"https:\/\/testwebsite.citygame.com\/wp-content\/blogs.dir\/1\/files\/sites\/62\/2025\/10\/CG_LOGO-City-Game.png\",\"contentUrl\":\"https:\/\/testwebsite.citygame.com\/wp-content\/blogs.dir\/1\/files\/sites\/62\/2025\/10\/CG_LOGO-City-Game.png\",\"width\":351,\"height\":377,\"caption\":\"City Game\"}]}<\/script>\n<!-- \/ Yoast SEO Premium plugin. -->","yoast_head_json":{"title":"Secrets of Katowice - City Game","description":"Secrets of Katowice. Spila\u00f0u sj\u00e1lflei\u00f0sagnarleik og kanna\u00f0u borgina me\u00f0 \u00ferautum, g\u00e1tum og \u00e1skorunum. Spila\u00f0u \u00e1 eigin hra\u00f0a og uppg\u00f6tva\u00f0u eins og heimama\u00f0ur!","robots":{"index":"noindex","follow":"follow","max-snippet":"max-snippet:-1","max-image-preview":"max-image-preview:large","max-video-preview":"max-video-preview:-1"},"og_locale":"is_IS","og_type":"article","og_title":"Secrets of Katowice","og_description":"Secrets of Katowice. Spila\u00f0u sj\u00e1lflei\u00f0sagnarleik og kanna\u00f0u borgina me\u00f0 \u00ferautum, g\u00e1tum og \u00e1skorunum. Spila\u00f0u \u00e1 eigin hra\u00f0a og uppg\u00f6tva\u00f0u eins og heimama\u00f0ur!","og_url":"https:\/\/testwebsite.citygame.com\/is\/games\/katowice\/secrets-of-katowice\/","og_site_name":"City Game","article_publisher":"https:\/\/www.facebook.com\/profile.php?id=100086426226253","article_modified_time":"2026-04-07T18:41:59+00:00","og_image":[{"width":1024,"height":1024,"url":"https:\/\/testwebsite.citygame.com\/wp-content\/blogs.dir\/1\/files\/sites\/62\/2026\/01\/man-with-phone-in-front-of-spodek-arena-in-katowice.jpg","type":"image\/jpeg"}],"twitter_card":"summary_large_image","twitter_misc":{"Est. reading time":"1 minute"},"schema":{"@context":"https:\/\/schema.org","@graph":[{"@type":"WebPage","@id":"https:\/\/testwebsite.citygame.com\/is\/games\/katowice\/secrets-of-katowice\/","url":"https:\/\/testwebsite.citygame.com\/is\/games\/katowice\/secrets-of-katowice\/","name":"Secrets of Katowice - City Game","isPartOf":{"@id":"https:\/\/testwebsite.upevents.nl\/#website"},"primaryImageOfPage":{"@id":"https:\/\/testwebsite.citygame.com\/is\/games\/katowice\/secrets-of-katowice\/#primaryimage"},"image":{"@id":"https:\/\/testwebsite.citygame.com\/is\/games\/katowice\/secrets-of-katowice\/#primaryimage"},"thumbnailUrl":"https:\/\/testwebsite.citygame.com\/wp-content\/blogs.dir\/1\/files\/sites\/62\/2026\/01\/man-with-phone-in-front-of-spodek-arena-in-katowice.jpg","datePublished":"2026-01-13T10:37:16+00:00","dateModified":"2026-04-07T18:41:59+00:00","description":"Secrets of Katowice. Spila\u00f0u sj\u00e1lflei\u00f0sagnarleik og kanna\u00f0u borgina me\u00f0 \u00ferautum, g\u00e1tum og \u00e1skorunum. Spila\u00f0u \u00e1 eigin hra\u00f0a og uppg\u00f6tva\u00f0u eins og heimama\u00f0ur!","breadcrumb":{"@id":"https:\/\/testwebsite.citygame.com\/is\/games\/katowice\/secrets-of-katowice\/#breadcrumb"},"inLanguage":"is","potentialAction":[{"@type":"ReadAction","target":["https:\/\/testwebsite.citygame.com\/is\/games\/katowice\/secrets-of-katowice\/"]}]},{"@type":"ImageObject","inLanguage":"is","@id":"https:\/\/testwebsite.citygame.com\/is\/games\/katowice\/secrets-of-katowice\/#primaryimage","url":"https:\/\/testwebsite.citygame.com\/wp-content\/blogs.dir\/1\/files\/sites\/62\/2026\/01\/man-with-phone-in-front-of-spodek-arena-in-katowice.jpg","contentUrl":"https:\/\/testwebsite.citygame.com\/wp-content\/blogs.dir\/1\/files\/sites\/62\/2026\/01\/man-with-phone-in-front-of-spodek-arena-in-katowice.jpg","width":1024,"height":1024,"caption":"A man uses his smartphone in a large plaza in front of the Spodek arena in Katowice."},{"@type":"BreadcrumbList","@id":"https:\/\/testwebsite.citygame.com\/is\/games\/katowice\/secrets-of-katowice\/#breadcrumb","itemListElement":[{"@type":"ListItem","position":1,"name":"Home","item":"https:\/\/testwebsite.citygame.com\/is\/"},{"@type":"ListItem","position":2,"name":"Shop","item":"https:\/\/testwebsite.citygame.com\/shop\/"},{"@type":"ListItem","position":3,"name":"Secrets of Katowice"}]},{"@type":"WebSite","@id":"https:\/\/testwebsite.upevents.nl\/#website","url":"https:\/\/testwebsite.upevents.nl\/","name":"City Game","description":"","publisher":{"@id":"https:\/\/testwebsite.upevents.nl\/#organization"},"alternateName":"citygame.com","potentialAction":[{"@type":"SearchAction","target":{"@type":"EntryPoint","urlTemplate":"https:\/\/testwebsite.upevents.nl\/?s={search_term_string}"},"query-input":{"@type":"PropertyValueSpecification","valueRequired":true,"valueName":"search_term_string"}}],"inLanguage":"is"},{"@type":["Organization","Place"],"@id":"https:\/\/testwebsite.upevents.nl\/#organization","name":"City Game","alternateName":"citygame.com","url":"https:\/\/testwebsite.upevents.nl\/","logo":{"@id":"https:\/\/testwebsite.citygame.com\/is\/games\/katowice\/secrets-of-katowice\/#local-main-organization-logo"},"image":{"@id":"https:\/\/testwebsite.citygame.com\/is\/games\/katowice\/secrets-of-katowice\/#local-main-organization-logo"},"sameAs":["https:\/\/www.facebook.com\/profile.php?id=100086426226253","https:\/\/www.instagram.com\/citygame_com","https:\/\/www.tiktok.com\/@citygamecom\/","https:\/\/www.linkedin.com\/company\/citygame-com"],"description":"Turn any city into a playground with our interactive City Games and self-guided tours. Fun, flexible, and ideal for groups and team building.","telephone":[],"openingHoursSpecification":[{"@type":"OpeningHoursSpecification","dayOfWeek":["Monday","Tuesday","Wednesday","Thursday","Friday","Saturday","Sunday"],"opens":"09:00","closes":"17:00"}]},{"@type":"ImageObject","inLanguage":"is","@id":"https:\/\/testwebsite.citygame.com\/is\/games\/katowice\/secrets-of-katowice\/#local-main-organization-logo","url":"https:\/\/testwebsite.citygame.com\/wp-content\/blogs.dir\/1\/files\/sites\/62\/2025\/10\/CG_LOGO-City-Game.png","contentUrl":"https:\/\/testwebsite.citygame.com\/wp-content\/blogs.dir\/1\/files\/sites\/62\/2025\/10\/CG_LOGO-City-Game.png","width":351,"height":377,"caption":"City Game"}]}},"taxonomy_info":{"game-concept":[{"value":717,"label":"Secrets"}],"location":[{"value":219,"label":"Katowice"}],"product_cat":[{"value":27,"label":"Geen categorie"}]},"featured_image_src_large":["https:\/\/testwebsite.citygame.com\/wp-content\/blogs.dir\/1\/files\/sites\/62\/2026\/01\/man-with-phone-in-front-of-spodek-arena-in-katowice.jpg",1024,1024,false],"author_info":[],"comment_info":"","_links":{"self":[{"href":"https:\/\/testwebsite.citygame.com\/is\/wp-json\/wp\/v2\/product\/54340","targetHints":{"allow":["GET"]}}],"collection":[{"href":"https:\/\/testwebsite.citygame.com\/is\/wp-json\/wp\/v2\/product"}],"about":[{"href":"https:\/\/testwebsite.citygame.com\/is\/wp-json\/wp\/v2\/types\/product"}],"acf:post":[{"embeddable":true,"href":"https:\/\/testwebsite.citygame.com\/is\/wp-json\/wp\/v2\/pages\/15929"}],"wp:featuredmedia":[{"embeddable":true,"href":"https:\/\/testwebsite.citygame.com\/is\/wp-json\/wp\/v2\/media\/3596"}],"wp:attachment":[{"href":"https:\/\/testwebsite.citygame.com\/is\/wp-json\/wp\/v2\/media?parent=54340"}],"wp:term":[{"taxonomy":"game-concept","embeddable":true,"href":"https:\/\/testwebsite.citygame.com\/is\/wp-json\/wp\/v2\/game-concept?post=54340"},{"taxonomy":"location","embeddable":true,"href":"https:\/\/testwebsite.citygame.com\/is\/wp-json\/wp\/v2\/location?post=54340"},{"taxonomy":"product_brand","embeddable":true,"href":"https:\/\/testwebsite.citygame.com\/is\/wp-json\/wp\/v2\/product_brand?post=54340"},{"taxonomy":"product_cat","embeddable":true,"href":"https:\/\/testwebsite.citygame.com\/is\/wp-json\/wp\/v2\/product_cat?post=54340"},{"taxonomy":"product_tag","embeddable":true,"href":"https:\/\/testwebsite.citygame.com\/is\/wp-json\/wp\/v2\/product_tag?post=54340"}],"curies":[{"name":"wp","href":"https:\/\/api.w.org\/{rel}","templated":true}]}}