{"id":54192,"date":"2026-01-13T10:35:55","date_gmt":"2026-01-13T10:35:55","guid":{"rendered":"https:\/\/testwebsite.citygame.com\/games\/unknown-location\/secrets-of-czestochowa\/"},"modified":"2026-04-07T18:25:45","modified_gmt":"2026-04-07T18:25:45","slug":"secrets-of-czestochowa","status":"publish","type":"product","link":"https:\/\/testwebsite.citygame.com\/is\/games\/czestochowa\/secrets-of-czestochowa\/","title":{"rendered":"Secrets of Czestochowa"},"content":{"rendered":"<p>Borgarleikurinn Secrets of Czestochowa er sj\u00e1lfst\u00fdr\u00f0ur, GPS-kn\u00fainn leikur sem fer fram \u00ed mi\u00f0borg Czestochowa. Me\u00f0 snjalls\u00edmanum \u00fe\u00ednum kannar\u00f0u sv\u00e6\u00f0i\u00f0 \u00e1 me\u00f0an \u00fe\u00fa leysir \u00ferautir, g\u00e1tur og lj\u00f3smynda\u00e1skoranir sem afhj\u00fapa faldar s\u00f6gur og forvitnilegar uppl\u00fdsingar um menningu og s\u00f6gu borgarinnar. \u00deessi sj\u00e1lfst\u00fdr\u00f0i borgarleikur b\u00fd\u00f0ur upp \u00e1 gr\u00edpandi lei\u00f0 til a\u00f0 uppg\u00f6tva Czestochowa \u00e1 \u00fe\u00ednum eigin hra\u00f0a, hvort sem \u00fe\u00fa ert a\u00f0 heims\u00e6kja borgina e\u00f0a \u00feekkir hana n\u00fa \u00feegar. K\u00f6nnunarleikurinn er hanna\u00f0ur til a\u00f0 vera skemmtilegur fyrir einleikara sem og p\u00f6r, fj\u00f6lskyldur og vinah\u00f3pa. Borgarleikurinn Czestochowa sameinar gagnvirkar \u00e1skoranir vi\u00f0 g\u00f6ngumi\u00f0a\u00f0a uppg\u00f6tvun, sem gerir hann a\u00f0 skemmtilegri og fr\u00e6\u00f0andi GPS-kn\u00fainni leikupplifun.<\/p>\n","protected":false},"excerpt":{"rendered":"<p>Tileinka\u00f0u \u00fe\u00e9r anda og neista Cz\u0119stochowa! R\u00f6ltu fr\u00e1 l\u00edflegum veggmyndum a\u00f0 hringjandi klausturbj\u00f6llum og graf\u00f0u upp v\u00edsbendingar \u00ed borg \u00fear sem tr\u00fa, seigla og menning sameinast, \u00e1 me\u00f0an \u00fe\u00fa hj\u00e1lpar Marshal J\u00f3zef Pi\u0142sudski a\u00f0 endurheimta hattinn sem eitt sinn st\u00f3\u00f0 fyrir styrk og stolt.<\/p>\n","protected":false},"featured_media":3583,"template":"","meta":{"_acf_changed":false,"_yoast_wpseo_focuskw":"Secrets of Czestochowa","_yoast_wpseo_metadesc":"Secrets of Czestochowa. Spila\u00f0u sj\u00e1lfst\u00fdr\u00f0an borgarleik og kanna\u00f0u borgina me\u00f0 \u00ferautum, g\u00e1tum og \u00e1skorunum. Spila\u00f0u \u00e1 \u00fe\u00ednum eigin hra\u00f0a og uppg\u00f6tva\u00f0u eins og heimama\u00f0ur!","_kad_blocks_custom_css":"","_kad_blocks_head_custom_js":"","_kad_blocks_body_custom_js":"","_kad_blocks_footer_custom_js":"","ghostkit_customizer_options":"","ghostkit_custom_css":"","ghostkit_custom_js_head":"","ghostkit_custom_js_foot":"","ghostkit_typography":"","_kad_post_transparent":"","_kad_post_title":"","_kad_post_layout":"","_kad_post_sidebar_id":"","_kad_post_content_style":"","_kad_post_vertical_padding":"","_kad_post_feature":"","_kad_post_feature_position":"","_kad_post_header":false,"_kad_post_footer":false,"_kad_post_classname":"","_links_to":"","_links_to_target":""},"game-concept":[717],"location":[135],"product_brand":[],"product_cat":[27],"product_tag":[],"class_list":{"0":"post-54192","1":"product","2":"type-product","3":"status-publish","4":"has-post-thumbnail","6":"game-concept-secrets","7":"location-czestochowa","8":"product_cat-geen-categorie","10":"first","11":"instock","12":"shipping-taxable","13":"purchasable","14":"product-type-simple","15":"entry","16":"content-bg","17":"loop-entry"},"acf":{"full_bokun_product_name":"Self-Guided Secrets of Cz\u0119stochowa Exploration Game","location_name":"Czestochowa","bokun_calendar_widget_code":"<script type=\"text\/javascript\" src=\"https:\/\/widgets.bokun.io\/assets\/javascripts\/apps\/build\/BokunWidgetsLoader.js?bookingChannelUUID=a1e93e96-5232-4734-a595-28405f4b5a31\" async><\/script>\n     \n    <div class=\"bokunWidget\" data-src=\"https:\/\/widgets.bokun.io\/online-sales\/a1e93e96-5232-4734-a595-28405f4b5a31\/experience-calendar\/1103803\"><\/div>\n    <noscript>Please enable javascript in your browser to book<\/noscript>","bokun_button_widget_code":"<script type=\"text\/javascript\" src=\"https:\/\/widgets.bokun.io\/assets\/javascripts\/apps\/build\/BokunWidgetsLoader.js?bookingChannelUUID=a1e93e96-5232-4734-a595-28405f4b5a31\" async><\/script>\n      <style> #bokun_ed001e45_5927_4f62_b470_ca766338d083 { display: inline-block; padding: .4em 1em; background: #47b82e; border-radius: 999999px; box-shadow: none; font-weight: 600; font-size: 24px; text-decoration: none; text-align: center; color: #FFFFFF; border:none; cursor: pointer; transition: background .2s ease; } #bokun_ed001e45_5927_4f62_b470_ca766338d083:hover{ background: #2f7b1f; } #bokun_ed001e45_5927_4f62_b470_ca766338d083:active{ background: #378f24; } <\/style> <button class=\"bokunButton\" disabled id=bokun_ed001e45_5927_4f62_b470_ca766338d083 data-src=\"https:\/\/widgets.bokun.io\/online-sales\/a1e93e96-5232-4734-a595-28405f4b5a31\/experience-calendar\/1103803?partialView=1\" data-testid=\"widget-book-button\" > Book now <\/button> ","what_you\u2019ll_experience_during_the_game":"\u00cd borgarleiknum Secrets of Cz\u0119stochowa muntu kanna borgina me\u00f0 gr\u00edpandi bl\u00f6ndu af s\u00f6gum og gagnvirkri ranns\u00f3kn. \u00deegar \u00fe\u00fa fer\u00f0 \u00e1 milli b\u00e6\u00f0i t\u00e1knr\u00e6nna og \u00f3v\u00e6ntra kennileita lei\u00f0ir leikurinn \u00feig inn \u00ed kjarna andr\u00famslofts borgarinnar. \u00de\u00fa g\u00e6tir stoppa\u00f0 undir hinni tignarlegu veggmynd eftir Tomasz S\u0119towski, r\u00e1fa\u00f0 um h\u00e1t\u00ed\u00f0legar lendur Jasna G\u00f3ra til a\u00f0 koma auga \u00e1 Lubomirski hli\u00f0i\u00f0, e\u00f0a fundi\u00f0 \u00feig \u00e1 bronss\u00e6tisbekknum sem er tileinka\u00f0ur Marek Perepeczko. \u00c1 lei\u00f0inni bj\u00f3\u00f0a sta\u00f0ir eins og R\u00e1\u00f0h\u00fassafni\u00f0 og listr\u00e6na m\u00f3sa\u00edkstyttan \u00e1 Solidarity Square inns\u00fdn \u00ed marglaga e\u00f0li og menningarlegt minni Cz\u0119stochowa.\n\n\u00deegar \u00fe\u00fa spilar ver\u00f0ur \u00fe\u00fa be\u00f0inn um a\u00f0 leysa \u00fdmsar \u00e1skoranir\u2014\u00fear \u00e1 me\u00f0al \u00ferautir, g\u00e1tur, sta\u00f0setningartengdar spurningar og skapandi lj\u00f3smynda\u00e1skoranir\u2014sem vekja hvern sta\u00f0 til l\u00edfsins. Hvert vel heppna\u00f0 verkefni gefur \u00fe\u00e9r stig, afhj\u00fapar v\u00edsbendingar og f\u00e6rir \u00feig n\u00e6r lokamysteryinu sem b\u00ed\u00f0ur \u00ed lokin. H\u00e6gt er a\u00f0 gera hl\u00e9 \u00e1 leiknum og halda honum \u00e1fram hven\u00e6r sem er, sem gerir \u00fe\u00e9r kleift a\u00f0 uppg\u00f6tva Cz\u0119stochowa \u00e1 \u00fe\u00ednum eigin hra\u00f0a. Ef \u00fe\u00fa ert \u00ed samkeppnisskapi getur\u00f0u fylgst me\u00f0 framf\u00f6rum \u00fe\u00ednum \u00e1 stigat\u00f6flunni og bori\u00f0 saman stig \u00fe\u00edn vi\u00f0 a\u00f0ra landk\u00f6nnu\u00f0i.","how_to_play":"Eftir b\u00f3kun f\u00e6r\u00f0u t\u00f6lvup\u00f3st me\u00f0 beinum leiktengli \u00ed borgarleikinn Secrets of Cz\u0119stochowa. Far\u00f0u \u00e1 upphafssta\u00f0inn vi\u00f0 Tomasz S\u0119towski veggmyndina ('Turninn \u00ed Babel') og byrja\u00f0u verkefni \u00feitt hven\u00e6r sem \u00fe\u00fa ert tilb\u00fainn. Nota\u00f0u snjalls\u00edmann \u00feinn til a\u00f0 rata um borgina, leysa verkefni og uppg\u00f6tva leyndarm\u00e1l hennar \u00e1 \u00fe\u00ednum eigin hra\u00f0a. \u00de\u00fa getur gert hl\u00e9 \u00e1 leiknum hven\u00e6r sem er og haldi\u00f0 \u00e1fram s\u00ed\u00f0ar\u2014sagan og framfarir \u00fe\u00ednar ver\u00f0a alltaf vista\u00f0ar.","start_location":"Tomasz S\u0119towski Mural (\"Tower of Babel\")","available_languages":[],"players_per_group":"1-4","duration":"1.5-2 hours","image_overlay_color_image":"https:\/\/testwebsite.citygame.com\/wp-content\/blogs.dir\/1\/files\/sites\/62\/2026\/01\/SecretsColor.svg","image_overlay_game_logo":"https:\/\/testwebsite.citygame.com\/wp-content\/blogs.dir\/1\/files\/sites\/62\/2026\/01\/SecretsLogo.png","city_page":15923,"woocommerce_general_content":null},"yoast_head":"<!-- This site is optimized with the Yoast SEO Premium plugin v26.2 (Yoast SEO v26.3) - https:\/\/yoast.com\/wordpress\/plugins\/seo\/ -->\n<title>Secrets of Czestochowa - City Game<\/title>\n<meta name=\"description\" content=\"Secrets of Czestochowa. Spila\u00f0u sj\u00e1lfst\u00fdr\u00f0an borgarleik og kanna\u00f0u borgina me\u00f0 \u00ferautum, g\u00e1tum og \u00e1skorunum. Spila\u00f0u \u00e1 \u00fe\u00ednum eigin hra\u00f0a og uppg\u00f6tva\u00f0u eins og heimama\u00f0ur!\" \/>\n<meta name=\"robots\" content=\"noindex, follow, max-snippet:-1, max-image-preview:large, max-video-preview:-1\" \/>\n<meta property=\"og:locale\" content=\"is_IS\" \/>\n<meta property=\"og:type\" content=\"article\" \/>\n<meta property=\"og:title\" content=\"Secrets of Czestochowa\" \/>\n<meta property=\"og:description\" content=\"Secrets of Czestochowa. Spila\u00f0u sj\u00e1lfst\u00fdr\u00f0an borgarleik og kanna\u00f0u borgina me\u00f0 \u00ferautum, g\u00e1tum og \u00e1skorunum. Spila\u00f0u \u00e1 \u00fe\u00ednum eigin hra\u00f0a og uppg\u00f6tva\u00f0u eins og heimama\u00f0ur!\" \/>\n<meta property=\"og:url\" content=\"https:\/\/testwebsite.citygame.com\/is\/games\/czestochowa\/secrets-of-czestochowa\/\" \/>\n<meta property=\"og:site_name\" content=\"City Game\" \/>\n<meta property=\"article:publisher\" content=\"https:\/\/www.facebook.com\/profile.php?id=100086426226253\" \/>\n<meta property=\"article:modified_time\" content=\"2026-04-07T18:25:45+00:00\" \/>\n<meta property=\"og:image\" content=\"https:\/\/testwebsite.citygame.com\/wp-content\/blogs.dir\/1\/files\/sites\/62\/2026\/01\/czestochowa-jasna-gora-monastery-outdoor-event-stage.jpg\" \/>\n\t<meta property=\"og:image:width\" content=\"864\" \/>\n\t<meta property=\"og:image:height\" content=\"1184\" \/>\n\t<meta property=\"og:image:type\" content=\"image\/jpeg\" \/>\n<meta name=\"twitter:card\" content=\"summary_large_image\" \/>\n<meta name=\"twitter:label1\" content=\"Est. reading time\" \/>\n\t<meta name=\"twitter:data1\" content=\"1 minute\" \/>\n<script type=\"application\/ld+json\" class=\"yoast-schema-graph\">{\"@context\":\"https:\/\/schema.org\",\"@graph\":[{\"@type\":\"WebPage\",\"@id\":\"https:\/\/testwebsite.citygame.com\/is\/games\/czestochowa\/secrets-of-czestochowa\/\",\"url\":\"https:\/\/testwebsite.citygame.com\/is\/games\/czestochowa\/secrets-of-czestochowa\/\",\"name\":\"Secrets of Czestochowa - City Game\",\"isPartOf\":{\"@id\":\"https:\/\/testwebsite.upevents.nl\/#website\"},\"primaryImageOfPage\":{\"@id\":\"https:\/\/testwebsite.citygame.com\/is\/games\/czestochowa\/secrets-of-czestochowa\/#primaryimage\"},\"image\":{\"@id\":\"https:\/\/testwebsite.citygame.com\/is\/games\/czestochowa\/secrets-of-czestochowa\/#primaryimage\"},\"thumbnailUrl\":\"https:\/\/testwebsite.citygame.com\/wp-content\/blogs.dir\/1\/files\/sites\/62\/2026\/01\/czestochowa-jasna-gora-monastery-outdoor-event-stage.jpg\",\"datePublished\":\"2026-01-13T10:35:55+00:00\",\"dateModified\":\"2026-04-07T18:25:45+00:00\",\"description\":\"Secrets of Czestochowa. Spila\u00f0u sj\u00e1lfst\u00fdr\u00f0an borgarleik og kanna\u00f0u borgina me\u00f0 \u00ferautum, g\u00e1tum og \u00e1skorunum. Spila\u00f0u \u00e1 \u00fe\u00ednum eigin hra\u00f0a og uppg\u00f6tva\u00f0u eins og heimama\u00f0ur!\",\"breadcrumb\":{\"@id\":\"https:\/\/testwebsite.citygame.com\/is\/games\/czestochowa\/secrets-of-czestochowa\/#breadcrumb\"},\"inLanguage\":\"is\",\"potentialAction\":[{\"@type\":\"ReadAction\",\"target\":[\"https:\/\/testwebsite.citygame.com\/is\/games\/czestochowa\/secrets-of-czestochowa\/\"]}]},{\"@type\":\"ImageObject\",\"inLanguage\":\"is\",\"@id\":\"https:\/\/testwebsite.citygame.com\/is\/games\/czestochowa\/secrets-of-czestochowa\/#primaryimage\",\"url\":\"https:\/\/testwebsite.citygame.com\/wp-content\/blogs.dir\/1\/files\/sites\/62\/2026\/01\/czestochowa-jasna-gora-monastery-outdoor-event-stage.jpg\",\"contentUrl\":\"https:\/\/testwebsite.citygame.com\/wp-content\/blogs.dir\/1\/files\/sites\/62\/2026\/01\/czestochowa-jasna-gora-monastery-outdoor-event-stage.jpg\",\"width\":864,\"height\":1184,\"caption\":\"A large outdoor stage is set up for an event in front of the Jasna G\u00f3ra Monastery.\"},{\"@type\":\"BreadcrumbList\",\"@id\":\"https:\/\/testwebsite.citygame.com\/is\/games\/czestochowa\/secrets-of-czestochowa\/#breadcrumb\",\"itemListElement\":[{\"@type\":\"ListItem\",\"position\":1,\"name\":\"Home\",\"item\":\"https:\/\/testwebsite.citygame.com\/is\/\"},{\"@type\":\"ListItem\",\"position\":2,\"name\":\"Shop\",\"item\":\"https:\/\/testwebsite.citygame.com\/shop\/\"},{\"@type\":\"ListItem\",\"position\":3,\"name\":\"Secrets of Czestochowa\"}]},{\"@type\":\"WebSite\",\"@id\":\"https:\/\/testwebsite.upevents.nl\/#website\",\"url\":\"https:\/\/testwebsite.upevents.nl\/\",\"name\":\"City Game\",\"description\":\"\",\"publisher\":{\"@id\":\"https:\/\/testwebsite.upevents.nl\/#organization\"},\"alternateName\":\"citygame.com\",\"potentialAction\":[{\"@type\":\"SearchAction\",\"target\":{\"@type\":\"EntryPoint\",\"urlTemplate\":\"https:\/\/testwebsite.upevents.nl\/?s={search_term_string}\"},\"query-input\":{\"@type\":\"PropertyValueSpecification\",\"valueRequired\":true,\"valueName\":\"search_term_string\"}}],\"inLanguage\":\"is\"},{\"@type\":[\"Organization\",\"Place\"],\"@id\":\"https:\/\/testwebsite.upevents.nl\/#organization\",\"name\":\"City Game\",\"alternateName\":\"citygame.com\",\"url\":\"https:\/\/testwebsite.upevents.nl\/\",\"logo\":{\"@id\":\"https:\/\/testwebsite.citygame.com\/is\/games\/czestochowa\/secrets-of-czestochowa\/#local-main-organization-logo\"},\"image\":{\"@id\":\"https:\/\/testwebsite.citygame.com\/is\/games\/czestochowa\/secrets-of-czestochowa\/#local-main-organization-logo\"},\"sameAs\":[\"https:\/\/www.facebook.com\/profile.php?id=100086426226253\",\"https:\/\/www.instagram.com\/citygame_com\",\"https:\/\/www.tiktok.com\/@citygamecom\/\",\"https:\/\/www.linkedin.com\/company\/citygame-com\"],\"description\":\"Turn any city into a playground with our interactive City Games and self-guided tours. Fun, flexible, and ideal for groups and team building.\",\"telephone\":[],\"openingHoursSpecification\":[{\"@type\":\"OpeningHoursSpecification\",\"dayOfWeek\":[\"Monday\",\"Tuesday\",\"Wednesday\",\"Thursday\",\"Friday\",\"Saturday\",\"Sunday\"],\"opens\":\"09:00\",\"closes\":\"17:00\"}]},{\"@type\":\"ImageObject\",\"inLanguage\":\"is\",\"@id\":\"https:\/\/testwebsite.citygame.com\/is\/games\/czestochowa\/secrets-of-czestochowa\/#local-main-organization-logo\",\"url\":\"https:\/\/testwebsite.citygame.com\/wp-content\/blogs.dir\/1\/files\/sites\/62\/2025\/10\/CG_LOGO-City-Game.png\",\"contentUrl\":\"https:\/\/testwebsite.citygame.com\/wp-content\/blogs.dir\/1\/files\/sites\/62\/2025\/10\/CG_LOGO-City-Game.png\",\"width\":351,\"height\":377,\"caption\":\"City Game\"}]}<\/script>\n<!-- \/ Yoast SEO Premium plugin. -->","yoast_head_json":{"title":"Secrets of Czestochowa - City Game","description":"Secrets of Czestochowa. Spila\u00f0u sj\u00e1lfst\u00fdr\u00f0an borgarleik og kanna\u00f0u borgina me\u00f0 \u00ferautum, g\u00e1tum og \u00e1skorunum. Spila\u00f0u \u00e1 \u00fe\u00ednum eigin hra\u00f0a og uppg\u00f6tva\u00f0u eins og heimama\u00f0ur!","robots":{"index":"noindex","follow":"follow","max-snippet":"max-snippet:-1","max-image-preview":"max-image-preview:large","max-video-preview":"max-video-preview:-1"},"og_locale":"is_IS","og_type":"article","og_title":"Secrets of Czestochowa","og_description":"Secrets of Czestochowa. Spila\u00f0u sj\u00e1lfst\u00fdr\u00f0an borgarleik og kanna\u00f0u borgina me\u00f0 \u00ferautum, g\u00e1tum og \u00e1skorunum. Spila\u00f0u \u00e1 \u00fe\u00ednum eigin hra\u00f0a og uppg\u00f6tva\u00f0u eins og heimama\u00f0ur!","og_url":"https:\/\/testwebsite.citygame.com\/is\/games\/czestochowa\/secrets-of-czestochowa\/","og_site_name":"City Game","article_publisher":"https:\/\/www.facebook.com\/profile.php?id=100086426226253","article_modified_time":"2026-04-07T18:25:45+00:00","og_image":[{"width":864,"height":1184,"url":"https:\/\/testwebsite.citygame.com\/wp-content\/blogs.dir\/1\/files\/sites\/62\/2026\/01\/czestochowa-jasna-gora-monastery-outdoor-event-stage.jpg","type":"image\/jpeg"}],"twitter_card":"summary_large_image","twitter_misc":{"Est. reading time":"1 minute"},"schema":{"@context":"https:\/\/schema.org","@graph":[{"@type":"WebPage","@id":"https:\/\/testwebsite.citygame.com\/is\/games\/czestochowa\/secrets-of-czestochowa\/","url":"https:\/\/testwebsite.citygame.com\/is\/games\/czestochowa\/secrets-of-czestochowa\/","name":"Secrets of Czestochowa - City Game","isPartOf":{"@id":"https:\/\/testwebsite.upevents.nl\/#website"},"primaryImageOfPage":{"@id":"https:\/\/testwebsite.citygame.com\/is\/games\/czestochowa\/secrets-of-czestochowa\/#primaryimage"},"image":{"@id":"https:\/\/testwebsite.citygame.com\/is\/games\/czestochowa\/secrets-of-czestochowa\/#primaryimage"},"thumbnailUrl":"https:\/\/testwebsite.citygame.com\/wp-content\/blogs.dir\/1\/files\/sites\/62\/2026\/01\/czestochowa-jasna-gora-monastery-outdoor-event-stage.jpg","datePublished":"2026-01-13T10:35:55+00:00","dateModified":"2026-04-07T18:25:45+00:00","description":"Secrets of Czestochowa. Spila\u00f0u sj\u00e1lfst\u00fdr\u00f0an borgarleik og kanna\u00f0u borgina me\u00f0 \u00ferautum, g\u00e1tum og \u00e1skorunum. Spila\u00f0u \u00e1 \u00fe\u00ednum eigin hra\u00f0a og uppg\u00f6tva\u00f0u eins og heimama\u00f0ur!","breadcrumb":{"@id":"https:\/\/testwebsite.citygame.com\/is\/games\/czestochowa\/secrets-of-czestochowa\/#breadcrumb"},"inLanguage":"is","potentialAction":[{"@type":"ReadAction","target":["https:\/\/testwebsite.citygame.com\/is\/games\/czestochowa\/secrets-of-czestochowa\/"]}]},{"@type":"ImageObject","inLanguage":"is","@id":"https:\/\/testwebsite.citygame.com\/is\/games\/czestochowa\/secrets-of-czestochowa\/#primaryimage","url":"https:\/\/testwebsite.citygame.com\/wp-content\/blogs.dir\/1\/files\/sites\/62\/2026\/01\/czestochowa-jasna-gora-monastery-outdoor-event-stage.jpg","contentUrl":"https:\/\/testwebsite.citygame.com\/wp-content\/blogs.dir\/1\/files\/sites\/62\/2026\/01\/czestochowa-jasna-gora-monastery-outdoor-event-stage.jpg","width":864,"height":1184,"caption":"A large outdoor stage is set up for an event in front of the Jasna G\u00f3ra Monastery."},{"@type":"BreadcrumbList","@id":"https:\/\/testwebsite.citygame.com\/is\/games\/czestochowa\/secrets-of-czestochowa\/#breadcrumb","itemListElement":[{"@type":"ListItem","position":1,"name":"Home","item":"https:\/\/testwebsite.citygame.com\/is\/"},{"@type":"ListItem","position":2,"name":"Shop","item":"https:\/\/testwebsite.citygame.com\/shop\/"},{"@type":"ListItem","position":3,"name":"Secrets of Czestochowa"}]},{"@type":"WebSite","@id":"https:\/\/testwebsite.upevents.nl\/#website","url":"https:\/\/testwebsite.upevents.nl\/","name":"City Game","description":"","publisher":{"@id":"https:\/\/testwebsite.upevents.nl\/#organization"},"alternateName":"citygame.com","potentialAction":[{"@type":"SearchAction","target":{"@type":"EntryPoint","urlTemplate":"https:\/\/testwebsite.upevents.nl\/?s={search_term_string}"},"query-input":{"@type":"PropertyValueSpecification","valueRequired":true,"valueName":"search_term_string"}}],"inLanguage":"is"},{"@type":["Organization","Place"],"@id":"https:\/\/testwebsite.upevents.nl\/#organization","name":"City Game","alternateName":"citygame.com","url":"https:\/\/testwebsite.upevents.nl\/","logo":{"@id":"https:\/\/testwebsite.citygame.com\/is\/games\/czestochowa\/secrets-of-czestochowa\/#local-main-organization-logo"},"image":{"@id":"https:\/\/testwebsite.citygame.com\/is\/games\/czestochowa\/secrets-of-czestochowa\/#local-main-organization-logo"},"sameAs":["https:\/\/www.facebook.com\/profile.php?id=100086426226253","https:\/\/www.instagram.com\/citygame_com","https:\/\/www.tiktok.com\/@citygamecom\/","https:\/\/www.linkedin.com\/company\/citygame-com"],"description":"Turn any city into a playground with our interactive City Games and self-guided tours. Fun, flexible, and ideal for groups and team building.","telephone":[],"openingHoursSpecification":[{"@type":"OpeningHoursSpecification","dayOfWeek":["Monday","Tuesday","Wednesday","Thursday","Friday","Saturday","Sunday"],"opens":"09:00","closes":"17:00"}]},{"@type":"ImageObject","inLanguage":"is","@id":"https:\/\/testwebsite.citygame.com\/is\/games\/czestochowa\/secrets-of-czestochowa\/#local-main-organization-logo","url":"https:\/\/testwebsite.citygame.com\/wp-content\/blogs.dir\/1\/files\/sites\/62\/2025\/10\/CG_LOGO-City-Game.png","contentUrl":"https:\/\/testwebsite.citygame.com\/wp-content\/blogs.dir\/1\/files\/sites\/62\/2025\/10\/CG_LOGO-City-Game.png","width":351,"height":377,"caption":"City Game"}]}},"taxonomy_info":{"game-concept":[{"value":717,"label":"Secrets"}],"location":[{"value":135,"label":"Cz\u0119stochowa"}],"product_cat":[{"value":27,"label":"Geen categorie"}]},"featured_image_src_large":["https:\/\/testwebsite.citygame.com\/wp-content\/blogs.dir\/1\/files\/sites\/62\/2026\/01\/czestochowa-jasna-gora-monastery-outdoor-event-stage-747x1024.jpg",747,1024,true],"author_info":[],"comment_info":"","_links":{"self":[{"href":"https:\/\/testwebsite.citygame.com\/is\/wp-json\/wp\/v2\/product\/54192","targetHints":{"allow":["GET"]}}],"collection":[{"href":"https:\/\/testwebsite.citygame.com\/is\/wp-json\/wp\/v2\/product"}],"about":[{"href":"https:\/\/testwebsite.citygame.com\/is\/wp-json\/wp\/v2\/types\/product"}],"acf:post":[{"embeddable":true,"href":"https:\/\/testwebsite.citygame.com\/is\/wp-json\/wp\/v2\/pages\/15923"}],"wp:featuredmedia":[{"embeddable":true,"href":"https:\/\/testwebsite.citygame.com\/is\/wp-json\/wp\/v2\/media\/3583"}],"wp:attachment":[{"href":"https:\/\/testwebsite.citygame.com\/is\/wp-json\/wp\/v2\/media?parent=54192"}],"wp:term":[{"taxonomy":"game-concept","embeddable":true,"href":"https:\/\/testwebsite.citygame.com\/is\/wp-json\/wp\/v2\/game-concept?post=54192"},{"taxonomy":"location","embeddable":true,"href":"https:\/\/testwebsite.citygame.com\/is\/wp-json\/wp\/v2\/location?post=54192"},{"taxonomy":"product_brand","embeddable":true,"href":"https:\/\/testwebsite.citygame.com\/is\/wp-json\/wp\/v2\/product_brand?post=54192"},{"taxonomy":"product_cat","embeddable":true,"href":"https:\/\/testwebsite.citygame.com\/is\/wp-json\/wp\/v2\/product_cat?post=54192"},{"taxonomy":"product_tag","embeddable":true,"href":"https:\/\/testwebsite.citygame.com\/is\/wp-json\/wp\/v2\/product_tag?post=54192"}],"curies":[{"name":"wp","href":"https:\/\/api.w.org\/{rel}","templated":true}]}}