{"id":54026,"date":"2026-01-13T09:41:41","date_gmt":"2026-01-13T09:41:41","guid":{"rendered":"https:\/\/testwebsite.citygame.com\/games\/unknown-location\/secrets-of-bydgoszcz\/"},"modified":"2026-04-07T18:07:41","modified_gmt":"2026-04-07T18:07:41","slug":"secrets-of-bydgoszcz","status":"publish","type":"product","link":"https:\/\/testwebsite.citygame.com\/is\/games\/bydgoszcz\/secrets-of-bydgoszcz\/","title":{"rendered":"Secrets of Bydgoszcz"},"content":{"rendered":"<p>City Game Bydgoszcz er sj\u00e1lfst\u00fdr\u00f0ur borgarleikur sem fer fram \u00ed s\u00f6gulegum mi\u00f0b\u00e6 Bydgoszcz. Me\u00f0 snjalls\u00edmanum \u00fe\u00ednum kannar\u00f0u borgina \u00ed gegnum GPS-leik fylltan spennandi \u00ferautum, g\u00e1tum og myndat\u00f6ku\u00e1skorunum. Eftir \u00fev\u00ed sem \u00fe\u00fa gengur lengra afhj\u00fapar k\u00f6nnunarleikurinn inns\u00fdn \u00ed s\u00f6gu Bydgoszcz, menningu og minna \u00feekkt sm\u00e1atri\u00f0i. Leikurinn er tilvalinn fyrir b\u00e6\u00f0i gesti og heimamenn og b\u00fd\u00f0ur upp \u00e1 sveigjanlega og gagnvirka upplifun sem hentar einstaklingum, p\u00f6rum, fj\u00f6lskyldum og vinah\u00f3pum. Uppg\u00f6tva\u00f0u Bydgoszcz \u00e1 n\u00fdjan h\u00e1tt \u00e1 me\u00f0an \u00fe\u00fa fer\u00f0 um s\u00f6gulegar g\u00f6tur hennar \u00e1 \u00fe\u00ednum eigin hra\u00f0a.<\/p>\n","protected":false},"excerpt":{"rendered":"<p>L\u00fdstu upp Bydgoszcz! Afhj\u00fapa\u00f0u faldar s\u00f6gur me\u00f0fram \u00e1m og br\u00fam hennar \u00e1 me\u00f0an \u00fe\u00fa hj\u00e1lpar Ron Sulimak a\u00f0 skila s\u00ed\u00f0ustu gl\u00f3andi lj\u00f3saperu borgarinnar \u00feanga\u00f0 sem h\u00fan \u00e1 heima.<\/p>\n","protected":false},"featured_media":3537,"template":"","meta":{"_acf_changed":false,"_yoast_wpseo_focuskw":"Secrets of Bydgoszcz","_yoast_wpseo_metadesc":"Secrets of Bydgoszcz. Spila\u00f0u sj\u00e1lfst\u00fdr\u00f0an borgarleik og sko\u00f0a\u00f0u borgina me\u00f0 \u00ferautum, g\u00e1tum og \u00e1skorunum. Spila\u00f0u \u00e1 \u00fe\u00ednum eigin hra\u00f0a og uppg\u00f6tva\u00f0u eins og heimama\u00f0ur!","_kad_blocks_custom_css":"","_kad_blocks_head_custom_js":"","_kad_blocks_body_custom_js":"","_kad_blocks_footer_custom_js":"","ghostkit_customizer_options":"","ghostkit_custom_css":"","ghostkit_custom_js_head":"","ghostkit_custom_js_foot":"","ghostkit_typography":"","_kad_post_transparent":"default","_kad_post_title":"","_kad_post_layout":"default","_kad_post_sidebar_id":"","_kad_post_content_style":"default","_kad_post_vertical_padding":"default","_kad_post_feature":"","_kad_post_feature_position":"","_kad_post_header":false,"_kad_post_footer":false,"_kad_post_classname":"","_links_to":"","_links_to_target":""},"game-concept":[717],"location":[109],"product_brand":[],"product_cat":[27],"product_tag":[],"class_list":{"0":"post-54026","1":"product","2":"type-product","3":"status-publish","4":"has-post-thumbnail","6":"game-concept-secrets","7":"location-bydgoszcz","8":"product_cat-geen-categorie","10":"first","11":"instock","12":"shipping-taxable","13":"purchasable","14":"product-type-simple","15":"entry","16":"content-bg","17":"loop-entry"},"acf":{"full_bokun_product_name":"Self-Guided Secrets of Bydgoszcz Exploration Game","location_name":"Bydgoszcz","bokun_calendar_widget_code":"<script type=\"text\/javascript\" src=\"https:\/\/widgets.bokun.io\/assets\/javascripts\/apps\/build\/BokunWidgetsLoader.js?bookingChannelUUID=a1e93e96-5232-4734-a595-28405f4b5a31\" async><\/script>\n     \n    <div class=\"bokunWidget\" data-src=\"https:\/\/widgets.bokun.io\/online-sales\/a1e93e96-5232-4734-a595-28405f4b5a31\/experience-calendar\/1102379\"><\/div>\n    <noscript>Please enable javascript in your browser to book<\/noscript>","bokun_button_widget_code":"<script type=\"text\/javascript\" src=\"https:\/\/widgets.bokun.io\/assets\/javascripts\/apps\/build\/BokunWidgetsLoader.js?bookingChannelUUID=a1e93e96-5232-4734-a595-28405f4b5a31\" async><\/script>\n      <style> #bokun_ed001e45_5927_4f62_b470_ca766338d083 { display: inline-block; padding: .4em 1em; background: #47b82e; border-radius: 999999px; box-shadow: none; font-weight: 600; font-size: 24px; text-decoration: none; text-align: center; color: #FFFFFF; border:none; cursor: pointer; transition: background .2s ease; } #bokun_ed001e45_5927_4f62_b470_ca766338d083:hover{ background: #2f7b1f; } #bokun_ed001e45_5927_4f62_b470_ca766338d083:active{ background: #378f24; } <\/style> <button class=\"bokunButton\" disabled id=bokun_ed001e45_5927_4f62_b470_ca766338d083 data-src=\"https:\/\/widgets.bokun.io\/online-sales\/a1e93e96-5232-4734-a595-28405f4b5a31\/experience-calendar\/1102379?partialView=1\" data-testid=\"widget-book-button\" > Book now <\/button> ","what_you\u2019ll_experience_during_the_game":"\u00cd borgarleiknum Secrets of Bydgoszcz muntu kanna borgina \u00ed gegnum bl\u00f6ndu af s\u00f6gum og gagnvirkri uppg\u00f6tvun. Me\u00f0 gr\u00edpandi fr\u00e1s\u00f6gn lei\u00f0ir leikurinn \u00feig um b\u00e6\u00f0i \u00e1sts\u00e6la kennileiti og r\u00f3legri kima borgarinnar. \u00de\u00fa munt rekast \u00e1 sta\u00f0i eins og l\u00edflega Stary Rynek, \u00e1rbakka heilla Mill Island og hugvekjandi Pomnik Pomordowanych Bydgoskich Adwokat\u00f3w. \u00c1 lei\u00f0inni muntu einnig fara um einstaka sta\u00f0i eins og Wenecja Bydgoska og litr\u00edka g\u00f6tulistarvegginn vi\u00f0 Graffiti na Bulwarach og uppg\u00f6tva sta\u00f0bundi\u00f0 einkenni \u00e1 lei\u00f0 \u00feinni.\r\n\r\n\u00deegar \u00fe\u00fa fer\u00f0 um Bydgoszcz muntu leysa \u00fdmsar \u00ferautir, g\u00e1tur og skapandi myndat\u00f6kuverkefni sem l\u00edfga upp \u00e1 hvern sta\u00f0. R\u00e9tt sv\u00f6r gefa \u00fe\u00e9r stig, opna gagnlegar v\u00edsbendingar og draga \u00feig n\u00e6r \u00fev\u00ed a\u00f0 leysa lokamysteri\u00f0 \u00ed hjarta borgarleiksins. \u00de\u00fa getur gert hl\u00e9 \u00e1 k\u00f6nnuninni hven\u00e6r sem \u00fe\u00fa vilt og haldi\u00f0 \u00e1fram \u00e1 \u00fe\u00ednum eigin hra\u00f0a, sem gerir \u00fea\u00f0 au\u00f0velt a\u00f0 l\u00e1ta upplifunina passa inn \u00ed daginn \u00feinn. Fyrir \u00fe\u00e1 sem hafa samkeppnisanda er m\u00f6guleiki \u00e1 a\u00f0 kl\u00edfa efst \u00e1 stigat\u00f6fluna me\u00f0 \u00fev\u00ed a\u00f0 n\u00e1 h\u00e1u stigi me\u00f0 li\u00f0inu \u00fe\u00ednu.","how_to_play":"Eftir b\u00f3kun f\u00e6r\u00f0u t\u00f6lvup\u00f3st me\u00f0 beinum spilunartengli. Far\u00f0u \u00e1 upphafssta\u00f0inn vi\u00f0 Muzeum Okr\u0119gowe im. Leona Wycz\u00f3\u0142kowskiego, opna\u00f0u tengilinn \u00e1 s\u00edmanum \u00fe\u00ednum og byrja\u00f0u \u00e6vint\u00fdri\u00f0 \u00feitt hven\u00e6r sem \u00fe\u00fa ert tilb\u00fainn. Leikurinn er algerlega \u00e1 \u00fe\u00ednum eigin hra\u00f0a, svo \u00fe\u00fa getur stoppa\u00f0 fyrir kaffi, sko\u00f0a\u00f0 hli\u00f0arg\u00f6tur e\u00f0a haldi\u00f0 fer\u00f0inni \u00e1fram s\u00ed\u00f0ar.","start_location":"Bydgoszcz, Muzeum Okr\u0119gowe im. Leona Wycz\u00f3\u0142kowskiego","available_languages":"","players_per_group":"1-4","duration":"1.5-2 hours","image_overlay_color_image":"https:\/\/testwebsite.citygame.com\/wp-content\/blogs.dir\/1\/files\/sites\/62\/2026\/01\/SecretsColor.svg","image_overlay_game_logo":"https:\/\/testwebsite.citygame.com\/wp-content\/blogs.dir\/1\/files\/sites\/62\/2026\/01\/SecretsLogo.png","city_page":15917,"woocommerce_general_content":null},"yoast_head":"<!-- This site is optimized with the Yoast SEO Premium plugin v26.2 (Yoast SEO v26.3) - https:\/\/yoast.com\/wordpress\/plugins\/seo\/ -->\n<title>Secrets of Bydgoszcz - City Game<\/title>\n<meta name=\"description\" content=\"Secrets of Bydgoszcz. Spila\u00f0u sj\u00e1lfst\u00fdr\u00f0an borgarleik og sko\u00f0a\u00f0u borgina me\u00f0 \u00ferautum, g\u00e1tum og \u00e1skorunum. Spila\u00f0u \u00e1 \u00fe\u00ednum eigin hra\u00f0a og uppg\u00f6tva\u00f0u eins og heimama\u00f0ur!\" \/>\n<meta name=\"robots\" content=\"noindex, follow, max-snippet:-1, max-image-preview:large, max-video-preview:-1\" \/>\n<meta property=\"og:locale\" content=\"is_IS\" \/>\n<meta property=\"og:type\" content=\"article\" \/>\n<meta property=\"og:title\" content=\"Secrets of Bydgoszcz\" \/>\n<meta property=\"og:description\" content=\"Secrets of Bydgoszcz. Spila\u00f0u sj\u00e1lfst\u00fdr\u00f0an borgarleik og sko\u00f0a\u00f0u borgina me\u00f0 \u00ferautum, g\u00e1tum og \u00e1skorunum. Spila\u00f0u \u00e1 \u00fe\u00ednum eigin hra\u00f0a og uppg\u00f6tva\u00f0u eins og heimama\u00f0ur!\" \/>\n<meta property=\"og:url\" content=\"https:\/\/testwebsite.citygame.com\/is\/games\/bydgoszcz\/secrets-of-bydgoszcz\/\" \/>\n<meta property=\"og:site_name\" content=\"City Game\" \/>\n<meta property=\"article:publisher\" content=\"https:\/\/www.facebook.com\/profile.php?id=100086426226253\" \/>\n<meta property=\"article:modified_time\" content=\"2026-04-07T18:07:41+00:00\" \/>\n<meta property=\"og:image\" content=\"https:\/\/testwebsite.citygame.com\/wp-content\/blogs.dir\/1\/files\/sites\/62\/2026\/01\/bydgoszcz-opera-nova-city-game-player.jpg\" \/>\n\t<meta property=\"og:image:width\" content=\"864\" \/>\n\t<meta property=\"og:image:height\" content=\"1184\" \/>\n\t<meta property=\"og:image:type\" content=\"image\/jpeg\" \/>\n<meta name=\"twitter:card\" content=\"summary_large_image\" \/>\n<meta name=\"twitter:label1\" content=\"Est. reading time\" \/>\n\t<meta name=\"twitter:data1\" content=\"1 minute\" \/>\n<script type=\"application\/ld+json\" class=\"yoast-schema-graph\">{\"@context\":\"https:\/\/schema.org\",\"@graph\":[{\"@type\":\"WebPage\",\"@id\":\"https:\/\/testwebsite.citygame.com\/is\/games\/bydgoszcz\/secrets-of-bydgoszcz\/\",\"url\":\"https:\/\/testwebsite.citygame.com\/is\/games\/bydgoszcz\/secrets-of-bydgoszcz\/\",\"name\":\"Secrets of Bydgoszcz - City Game\",\"isPartOf\":{\"@id\":\"https:\/\/testwebsite.upevents.nl\/#website\"},\"primaryImageOfPage\":{\"@id\":\"https:\/\/testwebsite.citygame.com\/is\/games\/bydgoszcz\/secrets-of-bydgoszcz\/#primaryimage\"},\"image\":{\"@id\":\"https:\/\/testwebsite.citygame.com\/is\/games\/bydgoszcz\/secrets-of-bydgoszcz\/#primaryimage\"},\"thumbnailUrl\":\"https:\/\/testwebsite.citygame.com\/wp-content\/blogs.dir\/1\/files\/sites\/62\/2026\/01\/bydgoszcz-opera-nova-city-game-player.jpg\",\"datePublished\":\"2026-01-13T09:41:41+00:00\",\"dateModified\":\"2026-04-07T18:07:41+00:00\",\"description\":\"Secrets of Bydgoszcz. Spila\u00f0u sj\u00e1lfst\u00fdr\u00f0an borgarleik og sko\u00f0a\u00f0u borgina me\u00f0 \u00ferautum, g\u00e1tum og \u00e1skorunum. Spila\u00f0u \u00e1 \u00fe\u00ednum eigin hra\u00f0a og uppg\u00f6tva\u00f0u eins og heimama\u00f0ur!\",\"breadcrumb\":{\"@id\":\"https:\/\/testwebsite.citygame.com\/is\/games\/bydgoszcz\/secrets-of-bydgoszcz\/#breadcrumb\"},\"inLanguage\":\"is\",\"potentialAction\":[{\"@type\":\"ReadAction\",\"target\":[\"https:\/\/testwebsite.citygame.com\/is\/games\/bydgoszcz\/secrets-of-bydgoszcz\/\"]}]},{\"@type\":\"ImageObject\",\"inLanguage\":\"is\",\"@id\":\"https:\/\/testwebsite.citygame.com\/is\/games\/bydgoszcz\/secrets-of-bydgoszcz\/#primaryimage\",\"url\":\"https:\/\/testwebsite.citygame.com\/wp-content\/blogs.dir\/1\/files\/sites\/62\/2026\/01\/bydgoszcz-opera-nova-city-game-player.jpg\",\"contentUrl\":\"https:\/\/testwebsite.citygame.com\/wp-content\/blogs.dir\/1\/files\/sites\/62\/2026\/01\/bydgoszcz-opera-nova-city-game-player.jpg\",\"width\":864,\"height\":1184,\"caption\":\"A player solves a challenge on her smartphone with the Opera Nova building in Bydgoszcz.\"},{\"@type\":\"BreadcrumbList\",\"@id\":\"https:\/\/testwebsite.citygame.com\/is\/games\/bydgoszcz\/secrets-of-bydgoszcz\/#breadcrumb\",\"itemListElement\":[{\"@type\":\"ListItem\",\"position\":1,\"name\":\"Home\",\"item\":\"https:\/\/testwebsite.citygame.com\/is\/\"},{\"@type\":\"ListItem\",\"position\":2,\"name\":\"Shop\",\"item\":\"https:\/\/testwebsite.citygame.com\/shop\/\"},{\"@type\":\"ListItem\",\"position\":3,\"name\":\"Secrets of Bydgoszcz\"}]},{\"@type\":\"WebSite\",\"@id\":\"https:\/\/testwebsite.upevents.nl\/#website\",\"url\":\"https:\/\/testwebsite.upevents.nl\/\",\"name\":\"City Game\",\"description\":\"\",\"publisher\":{\"@id\":\"https:\/\/testwebsite.upevents.nl\/#organization\"},\"alternateName\":\"citygame.com\",\"potentialAction\":[{\"@type\":\"SearchAction\",\"target\":{\"@type\":\"EntryPoint\",\"urlTemplate\":\"https:\/\/testwebsite.upevents.nl\/?s={search_term_string}\"},\"query-input\":{\"@type\":\"PropertyValueSpecification\",\"valueRequired\":true,\"valueName\":\"search_term_string\"}}],\"inLanguage\":\"is\"},{\"@type\":[\"Organization\",\"Place\"],\"@id\":\"https:\/\/testwebsite.upevents.nl\/#organization\",\"name\":\"City Game\",\"alternateName\":\"citygame.com\",\"url\":\"https:\/\/testwebsite.upevents.nl\/\",\"logo\":{\"@id\":\"https:\/\/testwebsite.citygame.com\/is\/games\/bydgoszcz\/secrets-of-bydgoszcz\/#local-main-organization-logo\"},\"image\":{\"@id\":\"https:\/\/testwebsite.citygame.com\/is\/games\/bydgoszcz\/secrets-of-bydgoszcz\/#local-main-organization-logo\"},\"sameAs\":[\"https:\/\/www.facebook.com\/profile.php?id=100086426226253\",\"https:\/\/www.instagram.com\/citygame_com\",\"https:\/\/www.tiktok.com\/@citygamecom\/\",\"https:\/\/www.linkedin.com\/company\/citygame-com\"],\"description\":\"Turn any city into a playground with our interactive City Games and self-guided tours. Fun, flexible, and ideal for groups and team building.\",\"telephone\":[],\"openingHoursSpecification\":[{\"@type\":\"OpeningHoursSpecification\",\"dayOfWeek\":[\"Monday\",\"Tuesday\",\"Wednesday\",\"Thursday\",\"Friday\",\"Saturday\",\"Sunday\"],\"opens\":\"09:00\",\"closes\":\"17:00\"}]},{\"@type\":\"ImageObject\",\"inLanguage\":\"is\",\"@id\":\"https:\/\/testwebsite.citygame.com\/is\/games\/bydgoszcz\/secrets-of-bydgoszcz\/#local-main-organization-logo\",\"url\":\"https:\/\/testwebsite.citygame.com\/wp-content\/blogs.dir\/1\/files\/sites\/62\/2025\/10\/CG_LOGO-City-Game.png\",\"contentUrl\":\"https:\/\/testwebsite.citygame.com\/wp-content\/blogs.dir\/1\/files\/sites\/62\/2025\/10\/CG_LOGO-City-Game.png\",\"width\":351,\"height\":377,\"caption\":\"City Game\"}]}<\/script>\n<!-- \/ Yoast SEO Premium plugin. -->","yoast_head_json":{"title":"Secrets of Bydgoszcz - City Game","description":"Secrets of Bydgoszcz. Spila\u00f0u sj\u00e1lfst\u00fdr\u00f0an borgarleik og sko\u00f0a\u00f0u borgina me\u00f0 \u00ferautum, g\u00e1tum og \u00e1skorunum. Spila\u00f0u \u00e1 \u00fe\u00ednum eigin hra\u00f0a og uppg\u00f6tva\u00f0u eins og heimama\u00f0ur!","robots":{"index":"noindex","follow":"follow","max-snippet":"max-snippet:-1","max-image-preview":"max-image-preview:large","max-video-preview":"max-video-preview:-1"},"og_locale":"is_IS","og_type":"article","og_title":"Secrets of Bydgoszcz","og_description":"Secrets of Bydgoszcz. Spila\u00f0u sj\u00e1lfst\u00fdr\u00f0an borgarleik og sko\u00f0a\u00f0u borgina me\u00f0 \u00ferautum, g\u00e1tum og \u00e1skorunum. Spila\u00f0u \u00e1 \u00fe\u00ednum eigin hra\u00f0a og uppg\u00f6tva\u00f0u eins og heimama\u00f0ur!","og_url":"https:\/\/testwebsite.citygame.com\/is\/games\/bydgoszcz\/secrets-of-bydgoszcz\/","og_site_name":"City Game","article_publisher":"https:\/\/www.facebook.com\/profile.php?id=100086426226253","article_modified_time":"2026-04-07T18:07:41+00:00","og_image":[{"width":864,"height":1184,"url":"https:\/\/testwebsite.citygame.com\/wp-content\/blogs.dir\/1\/files\/sites\/62\/2026\/01\/bydgoszcz-opera-nova-city-game-player.jpg","type":"image\/jpeg"}],"twitter_card":"summary_large_image","twitter_misc":{"Est. reading time":"1 minute"},"schema":{"@context":"https:\/\/schema.org","@graph":[{"@type":"WebPage","@id":"https:\/\/testwebsite.citygame.com\/is\/games\/bydgoszcz\/secrets-of-bydgoszcz\/","url":"https:\/\/testwebsite.citygame.com\/is\/games\/bydgoszcz\/secrets-of-bydgoszcz\/","name":"Secrets of Bydgoszcz - City Game","isPartOf":{"@id":"https:\/\/testwebsite.upevents.nl\/#website"},"primaryImageOfPage":{"@id":"https:\/\/testwebsite.citygame.com\/is\/games\/bydgoszcz\/secrets-of-bydgoszcz\/#primaryimage"},"image":{"@id":"https:\/\/testwebsite.citygame.com\/is\/games\/bydgoszcz\/secrets-of-bydgoszcz\/#primaryimage"},"thumbnailUrl":"https:\/\/testwebsite.citygame.com\/wp-content\/blogs.dir\/1\/files\/sites\/62\/2026\/01\/bydgoszcz-opera-nova-city-game-player.jpg","datePublished":"2026-01-13T09:41:41+00:00","dateModified":"2026-04-07T18:07:41+00:00","description":"Secrets of Bydgoszcz. Spila\u00f0u sj\u00e1lfst\u00fdr\u00f0an borgarleik og sko\u00f0a\u00f0u borgina me\u00f0 \u00ferautum, g\u00e1tum og \u00e1skorunum. Spila\u00f0u \u00e1 \u00fe\u00ednum eigin hra\u00f0a og uppg\u00f6tva\u00f0u eins og heimama\u00f0ur!","breadcrumb":{"@id":"https:\/\/testwebsite.citygame.com\/is\/games\/bydgoszcz\/secrets-of-bydgoszcz\/#breadcrumb"},"inLanguage":"is","potentialAction":[{"@type":"ReadAction","target":["https:\/\/testwebsite.citygame.com\/is\/games\/bydgoszcz\/secrets-of-bydgoszcz\/"]}]},{"@type":"ImageObject","inLanguage":"is","@id":"https:\/\/testwebsite.citygame.com\/is\/games\/bydgoszcz\/secrets-of-bydgoszcz\/#primaryimage","url":"https:\/\/testwebsite.citygame.com\/wp-content\/blogs.dir\/1\/files\/sites\/62\/2026\/01\/bydgoszcz-opera-nova-city-game-player.jpg","contentUrl":"https:\/\/testwebsite.citygame.com\/wp-content\/blogs.dir\/1\/files\/sites\/62\/2026\/01\/bydgoszcz-opera-nova-city-game-player.jpg","width":864,"height":1184,"caption":"A player solves a challenge on her smartphone with the Opera Nova building in Bydgoszcz."},{"@type":"BreadcrumbList","@id":"https:\/\/testwebsite.citygame.com\/is\/games\/bydgoszcz\/secrets-of-bydgoszcz\/#breadcrumb","itemListElement":[{"@type":"ListItem","position":1,"name":"Home","item":"https:\/\/testwebsite.citygame.com\/is\/"},{"@type":"ListItem","position":2,"name":"Shop","item":"https:\/\/testwebsite.citygame.com\/shop\/"},{"@type":"ListItem","position":3,"name":"Secrets of Bydgoszcz"}]},{"@type":"WebSite","@id":"https:\/\/testwebsite.upevents.nl\/#website","url":"https:\/\/testwebsite.upevents.nl\/","name":"City Game","description":"","publisher":{"@id":"https:\/\/testwebsite.upevents.nl\/#organization"},"alternateName":"citygame.com","potentialAction":[{"@type":"SearchAction","target":{"@type":"EntryPoint","urlTemplate":"https:\/\/testwebsite.upevents.nl\/?s={search_term_string}"},"query-input":{"@type":"PropertyValueSpecification","valueRequired":true,"valueName":"search_term_string"}}],"inLanguage":"is"},{"@type":["Organization","Place"],"@id":"https:\/\/testwebsite.upevents.nl\/#organization","name":"City Game","alternateName":"citygame.com","url":"https:\/\/testwebsite.upevents.nl\/","logo":{"@id":"https:\/\/testwebsite.citygame.com\/is\/games\/bydgoszcz\/secrets-of-bydgoszcz\/#local-main-organization-logo"},"image":{"@id":"https:\/\/testwebsite.citygame.com\/is\/games\/bydgoszcz\/secrets-of-bydgoszcz\/#local-main-organization-logo"},"sameAs":["https:\/\/www.facebook.com\/profile.php?id=100086426226253","https:\/\/www.instagram.com\/citygame_com","https:\/\/www.tiktok.com\/@citygamecom\/","https:\/\/www.linkedin.com\/company\/citygame-com"],"description":"Turn any city into a playground with our interactive City Games and self-guided tours. Fun, flexible, and ideal for groups and team building.","telephone":[],"openingHoursSpecification":[{"@type":"OpeningHoursSpecification","dayOfWeek":["Monday","Tuesday","Wednesday","Thursday","Friday","Saturday","Sunday"],"opens":"09:00","closes":"17:00"}]},{"@type":"ImageObject","inLanguage":"is","@id":"https:\/\/testwebsite.citygame.com\/is\/games\/bydgoszcz\/secrets-of-bydgoszcz\/#local-main-organization-logo","url":"https:\/\/testwebsite.citygame.com\/wp-content\/blogs.dir\/1\/files\/sites\/62\/2025\/10\/CG_LOGO-City-Game.png","contentUrl":"https:\/\/testwebsite.citygame.com\/wp-content\/blogs.dir\/1\/files\/sites\/62\/2025\/10\/CG_LOGO-City-Game.png","width":351,"height":377,"caption":"City Game"}]}},"taxonomy_info":{"game-concept":[{"value":717,"label":"Secrets"}],"location":[{"value":109,"label":"Bydgoszcz"}],"product_cat":[{"value":27,"label":"Geen categorie"}]},"featured_image_src_large":["https:\/\/testwebsite.citygame.com\/wp-content\/blogs.dir\/1\/files\/sites\/62\/2026\/01\/bydgoszcz-opera-nova-city-game-player-747x1024.jpg",747,1024,true],"author_info":[],"comment_info":"","_links":{"self":[{"href":"https:\/\/testwebsite.citygame.com\/is\/wp-json\/wp\/v2\/product\/54026","targetHints":{"allow":["GET"]}}],"collection":[{"href":"https:\/\/testwebsite.citygame.com\/is\/wp-json\/wp\/v2\/product"}],"about":[{"href":"https:\/\/testwebsite.citygame.com\/is\/wp-json\/wp\/v2\/types\/product"}],"acf:post":[{"embeddable":true,"href":"https:\/\/testwebsite.citygame.com\/is\/wp-json\/wp\/v2\/pages\/15917"}],"wp:featuredmedia":[{"embeddable":true,"href":"https:\/\/testwebsite.citygame.com\/is\/wp-json\/wp\/v2\/media\/3537"}],"wp:attachment":[{"href":"https:\/\/testwebsite.citygame.com\/is\/wp-json\/wp\/v2\/media?parent=54026"}],"wp:term":[{"taxonomy":"game-concept","embeddable":true,"href":"https:\/\/testwebsite.citygame.com\/is\/wp-json\/wp\/v2\/game-concept?post=54026"},{"taxonomy":"location","embeddable":true,"href":"https:\/\/testwebsite.citygame.com\/is\/wp-json\/wp\/v2\/location?post=54026"},{"taxonomy":"product_brand","embeddable":true,"href":"https:\/\/testwebsite.citygame.com\/is\/wp-json\/wp\/v2\/product_brand?post=54026"},{"taxonomy":"product_cat","embeddable":true,"href":"https:\/\/testwebsite.citygame.com\/is\/wp-json\/wp\/v2\/product_cat?post=54026"},{"taxonomy":"product_tag","embeddable":true,"href":"https:\/\/testwebsite.citygame.com\/is\/wp-json\/wp\/v2\/product_tag?post=54026"}],"curies":[{"name":"wp","href":"https:\/\/api.w.org\/{rel}","templated":true}]}}