{"id":52706,"date":"2026-02-03T15:29:30","date_gmt":"2026-02-03T15:29:30","guid":{"rendered":"https:\/\/testwebsite.citygame.com\/games\/unknown-location\/sherlock-holmes-rotterdam\/"},"modified":"2026-04-07T15:24:03","modified_gmt":"2026-04-07T15:24:03","slug":"sherlock-holmes-rotterdam","status":"publish","type":"product","link":"https:\/\/testwebsite.citygame.com\/is\/games\/rotterdam\/sherlock-holmes-rotterdam\/","title":{"rendered":"Sherlock Holmes Rotterdam"},"content":{"rendered":"<p>St\u00edg\u00f0u inn \u00ed heim Sherlock Holmes me\u00f0 \u00feessum sj\u00e1lfst\u00fdr\u00f0a, s\u00f6gu-drifna mor\u00f0g\u00e1tu borgarleik, sta\u00f0settum \u00ed mi\u00f0borg Rotterdam. Sem ranns\u00f3knarl\u00f6greglumenn sigla leikmenn um borgarlandslagi\u00f0 \u00e1 me\u00f0an \u00feeir rannsaka hrollvekjandi m\u00e1l: mor\u00f0 frami\u00f0 \u00e1 Liberty Festival. Eftir \u00fev\u00ed sem sagan \u00fer\u00f3ast muntu safna v\u00edsbendingum, leysa fl\u00f3knar \u00ferautir og yfirheyra stafr\u00e6na gruna\u00f0a \u00e1 \u00fe\u00ednum eigin hra\u00f0a, fullkomlega s\u00f6kkt \u00ed spennandi ranns\u00f3kn m\u00f3ta\u00f0a af \u00e1kv\u00f6r\u00f0unum \u00fe\u00ednum.<\/p>\n","protected":false},"excerpt":{"rendered":"<p>St\u00edg\u00f0u \u00ed vir\u00f0ulega sporsk\u00f3 Sherlock Holmes og s\u00f6kkktu \u00fe\u00e9r ni\u00f0ur \u00ed sj\u00e1lfst\u00fdr\u00f0a mor\u00f0g\u00e1tu sem fer\u00f0ast um heillandi borgarlandslag Rotterdam. Fylgdu dularfullum v\u00edsbendingum, leystu fl\u00f3knar \u00ferautir og, \u00e1samt teyminu \u00fe\u00ednu, afhj\u00fapa\u00f0u huldar sannleikur \u00e1\u00f0ur en t\u00edminn rennur \u00fat!<\/p>\n","protected":false},"featured_media":9818,"template":"","meta":{"_acf_changed":false,"_yoast_wpseo_focuskw":"Sherlock Holmes Rotterdam","_yoast_wpseo_metadesc":"Sherlock Holmes Rotterdam. Spila\u00f0u sj\u00e1lfst\u00fdr\u00f0an mor\u00f0g\u00e1tu borgarleik, leystu \u00ferautir, fylgdu v\u00edsbendingum og afhj\u00fapa\u00f0u mor\u00f0ingjann \u00e1 \u00fe\u00ednum eigin hra\u00f0a!","_kad_blocks_custom_css":"","_kad_blocks_head_custom_js":"","_kad_blocks_body_custom_js":"","_kad_blocks_footer_custom_js":"","ghostkit_customizer_options":"","ghostkit_custom_css":"","ghostkit_custom_js_head":"","ghostkit_custom_js_foot":"","ghostkit_typography":"","_kad_post_transparent":"","_kad_post_title":"","_kad_post_layout":"","_kad_post_sidebar_id":"","_kad_post_content_style":"","_kad_post_vertical_padding":"","_kad_post_feature":"","_kad_post_feature_position":"","_kad_post_header":false,"_kad_post_footer":false,"_kad_post_classname":"","_links_to":"","_links_to_target":""},"game-concept":[778],"location":[348],"product_brand":[],"product_cat":[27],"product_tag":[],"class_list":{"0":"post-52706","1":"product","2":"type-product","3":"status-publish","4":"has-post-thumbnail","6":"game-concept-sherlock","7":"location-rotterdam","8":"product_cat-geen-categorie","10":"first","11":"instock","12":"shipping-taxable","13":"purchasable","14":"product-type-simple","15":"entry","16":"content-bg","17":"loop-entry"},"acf":{"full_bokun_product_name":"Rotterdam Self-Guided Sherlock Holmes Murder Mystery Game","location_name":"Rotterdam","bokun_calendar_widget_code":"<script type=\"text\/javascript\" src=\"https:\/\/widgets.bokun.io\/assets\/javascripts\/apps\/build\/BokunWidgetsLoader.js?bookingChannelUUID=a1e93e96-5232-4734-a595-28405f4b5a31\" async><\/script>\n     \n    <div class=\"bokunWidget\" data-src=\"https:\/\/widgets.bokun.io\/online-sales\/a1e93e96-5232-4734-a595-28405f4b5a31\/experience-calendar\/719490\"><\/div>\n    <noscript>Please enable javascript in your browser to book<\/noscript>","bokun_button_widget_code":"<script type=\"text\/javascript\" src=\"https:\/\/widgets.bokun.io\/assets\/javascripts\/apps\/build\/BokunWidgetsLoader.js?bookingChannelUUID=a1e93e96-5232-4734-a595-28405f4b5a31\" async><\/script>\n      <style> #bokun_ed001e45_5927_4f62_b470_ca766338d083 { display: inline-block; padding: .4em 1em; background: #47b82e; border-radius: 999999px; box-shadow: none; font-weight: 600; font-size: 24px; text-decoration: none; text-align: center; color: #FFFFFF; border:none; cursor: pointer; transition: background .2s ease; } #bokun_ed001e45_5927_4f62_b470_ca766338d083:hover{ background: #2f7b1f; } #bokun_ed001e45_5927_4f62_b470_ca766338d083:active{ background: #378f24; } <\/style> <button class=\"bokunButton\" disabled id=bokun_ed001e45_5927_4f62_b470_ca766338d083 data-src=\"https:\/\/widgets.bokun.io\/online-sales\/a1e93e96-5232-4734-a595-28405f4b5a31\/experience-calendar\/719490?partialView=1\" data-testid=\"widget-book-button\" > Book now <\/button> ","what_you\u2019ll_experience_during_the_game":"St\u00edg\u00f0u inn \u00ed gr\u00edpandi sakam\u00e1las\u00f6gu sem gerist \u00ed hjarta Rotterdam, \u00fear sem hver gata geymir leyndarm\u00e1l og hvert horn g\u00e6ti leitt \u00ed lj\u00f3s n\u00e6stu v\u00edsbendingu \u00fe\u00edna. \u00deegar \u00fe\u00fa fer\u00f0 d\u00fdpra inn \u00ed ranns\u00f3knina \u00fer\u00f3ast sagan \u00ed kringum \u00feig og dregur \u00feig inn \u00ed marglaga r\u00e1\u00f0g\u00e1tu sem tengist \u00e1takanlegu mor\u00f0i \u00e1 Liberty Festival. \u00de\u00fa ert ekki bara a\u00f0 fylgja sl\u00f3\u00f0 \u2013 \u00fe\u00fa ert a\u00f0 byggja hana, me\u00f0 \u00fev\u00ed a\u00f0 nota h\u00e6fileika \u00fe\u00edna \u00ed athugun, \u00e1lyktun og gagnr\u00fdninni hugsun til a\u00f0 afhj\u00fapa \u00fea\u00f0 sem a\u00f0rir hafa misst af.\n\nLeystu fl\u00f3knar \u00ferautir, yfirheyr\u00f0u stafr\u00e6na gruna\u00f0a og sigta\u00f0u \u00ed gegnum \u00f3samr\u00e6mi saklausar sk\u00fdringar \u00e1 me\u00f0an \u00fe\u00fa afhj\u00fapar falin tengsl. S\u00e9rhver uppg\u00f6tvun f\u00e6rir \u00feig n\u00e6r sannleikanum, en b\u00faist vi\u00f0 \u00f3v\u00e6ntum vendingum sem \u00f6gra inns\u00e6i \u00fe\u00ednu og halda m\u00e1linu opnu. Upplifunin er fullkomlega s\u00f6gumi\u00f0u\u00f0, sem gerir \u00fe\u00e9r kleift a\u00f0 spila alveg \u00e1 \u00fe\u00ednum eigin hra\u00f0a \u2013 hvort sem \u00fe\u00fa velur a\u00f0 gera hl\u00e9 og halda \u00e1fram s\u00ed\u00f0ar e\u00f0a keppa vi\u00f0 anna\u00f0 li\u00f0 a\u00f0 ni\u00f0urst\u00f6\u00f0u. \u00cd \u00feessum borgarleik er r\u00e1\u00f0g\u00e1tan \u00fe\u00edn a\u00f0 leysa.","how_to_play":"Spila\u00f0u einn e\u00f0a me\u00f0 vinum, fj\u00f6lskyldu e\u00f0a samstarfsf\u00f3lki \u00ed teymum allt a\u00f0 fj\u00f6gurra \u00e1 hvert t\u00e6ki. Eftir b\u00f3kun f\u00e6r\u00f0u t\u00f6lvup\u00f3st me\u00f0 lei\u00f0beiningum og \u00f6llu sem \u00fe\u00fa \u00fearft.","start_location":"Staduis Rotterdam","available_languages":["en","es","fr","de","it","nl"],"players_per_group":"1-4","duration":"1.5-2 hours","image_overlay_color_image":"https:\/\/testwebsite.citygame.com\/wp-content\/blogs.dir\/1\/files\/sites\/62\/2026\/01\/SherlockColor.svg","image_overlay_game_logo":"https:\/\/testwebsite.citygame.com\/wp-content\/blogs.dir\/1\/files\/sites\/62\/2026\/01\/SherlockLogo.png","city_page":4437,"woocommerce_general_content":null},"yoast_head":"<!-- This site is optimized with the Yoast SEO Premium plugin v26.2 (Yoast SEO v26.3) - https:\/\/yoast.com\/wordpress\/plugins\/seo\/ -->\n<title>Sherlock Holmes Rotterdam - City Game<\/title>\n<meta name=\"description\" content=\"Sherlock Holmes Rotterdam. Spila\u00f0u sj\u00e1lfst\u00fdr\u00f0an mor\u00f0g\u00e1tu borgarleik, leystu \u00ferautir, fylgdu v\u00edsbendingum og afhj\u00fapa\u00f0u mor\u00f0ingjann \u00e1 \u00fe\u00ednum eigin hra\u00f0a!\" \/>\n<meta name=\"robots\" content=\"noindex, follow, max-snippet:-1, max-image-preview:large, max-video-preview:-1\" \/>\n<meta property=\"og:locale\" content=\"is_IS\" \/>\n<meta property=\"og:type\" content=\"article\" \/>\n<meta property=\"og:title\" content=\"Sherlock Holmes Rotterdam\" \/>\n<meta property=\"og:description\" content=\"Sherlock Holmes Rotterdam. Spila\u00f0u sj\u00e1lfst\u00fdr\u00f0an mor\u00f0g\u00e1tu borgarleik, leystu \u00ferautir, fylgdu v\u00edsbendingum og afhj\u00fapa\u00f0u mor\u00f0ingjann \u00e1 \u00fe\u00ednum eigin hra\u00f0a!\" \/>\n<meta property=\"og:url\" content=\"https:\/\/testwebsite.citygame.com\/is\/games\/rotterdam\/sherlock-holmes-rotterdam\/\" \/>\n<meta property=\"og:site_name\" content=\"City Game\" \/>\n<meta property=\"article:publisher\" content=\"https:\/\/www.facebook.com\/profile.php?id=100086426226253\" \/>\n<meta property=\"article:modified_time\" content=\"2026-04-07T15:24:03+00:00\" \/>\n<meta property=\"og:image\" content=\"https:\/\/testwebsite.citygame.com\/wp-content\/blogs.dir\/1\/files\/sites\/62\/2026\/02\/rotterdam-man-playing-city-game-sherlock-on-phone.jpg\" \/>\n\t<meta property=\"og:image:width\" content=\"896\" \/>\n\t<meta property=\"og:image:height\" content=\"1152\" \/>\n\t<meta property=\"og:image:type\" content=\"image\/jpeg\" \/>\n<meta name=\"twitter:card\" content=\"summary_large_image\" \/>\n<script type=\"application\/ld+json\" class=\"yoast-schema-graph\">{\"@context\":\"https:\/\/schema.org\",\"@graph\":[{\"@type\":\"WebPage\",\"@id\":\"https:\/\/testwebsite.citygame.com\/is\/games\/rotterdam\/sherlock-holmes-rotterdam\/\",\"url\":\"https:\/\/testwebsite.citygame.com\/is\/games\/rotterdam\/sherlock-holmes-rotterdam\/\",\"name\":\"Sherlock Holmes Rotterdam - City Game\",\"isPartOf\":{\"@id\":\"https:\/\/testwebsite.upevents.nl\/#website\"},\"primaryImageOfPage\":{\"@id\":\"https:\/\/testwebsite.citygame.com\/is\/games\/rotterdam\/sherlock-holmes-rotterdam\/#primaryimage\"},\"image\":{\"@id\":\"https:\/\/testwebsite.citygame.com\/is\/games\/rotterdam\/sherlock-holmes-rotterdam\/#primaryimage\"},\"thumbnailUrl\":\"https:\/\/testwebsite.citygame.com\/wp-content\/blogs.dir\/1\/files\/sites\/62\/2026\/02\/rotterdam-man-playing-city-game-sherlock-on-phone.jpg\",\"datePublished\":\"2026-02-03T15:29:30+00:00\",\"dateModified\":\"2026-04-07T15:24:03+00:00\",\"description\":\"Sherlock Holmes Rotterdam. Spila\u00f0u sj\u00e1lfst\u00fdr\u00f0an mor\u00f0g\u00e1tu borgarleik, leystu \u00ferautir, fylgdu v\u00edsbendingum og afhj\u00fapa\u00f0u mor\u00f0ingjann \u00e1 \u00fe\u00ednum eigin hra\u00f0a!\",\"breadcrumb\":{\"@id\":\"https:\/\/testwebsite.citygame.com\/is\/games\/rotterdam\/sherlock-holmes-rotterdam\/#breadcrumb\"},\"inLanguage\":\"is\",\"potentialAction\":[{\"@type\":\"ReadAction\",\"target\":[\"https:\/\/testwebsite.citygame.com\/is\/games\/rotterdam\/sherlock-holmes-rotterdam\/\"]}]},{\"@type\":\"ImageObject\",\"inLanguage\":\"is\",\"@id\":\"https:\/\/testwebsite.citygame.com\/is\/games\/rotterdam\/sherlock-holmes-rotterdam\/#primaryimage\",\"url\":\"https:\/\/testwebsite.citygame.com\/wp-content\/blogs.dir\/1\/files\/sites\/62\/2026\/02\/rotterdam-man-playing-city-game-sherlock-on-phone.jpg\",\"contentUrl\":\"https:\/\/testwebsite.citygame.com\/wp-content\/blogs.dir\/1\/files\/sites\/62\/2026\/02\/rotterdam-man-playing-city-game-sherlock-on-phone.jpg\",\"width\":896,\"height\":1152,\"caption\":\"A player stands on a crosswalk in Rotterdam while engaging with the Sherlock city game.\"},{\"@type\":\"BreadcrumbList\",\"@id\":\"https:\/\/testwebsite.citygame.com\/is\/games\/rotterdam\/sherlock-holmes-rotterdam\/#breadcrumb\",\"itemListElement\":[{\"@type\":\"ListItem\",\"position\":1,\"name\":\"Home\",\"item\":\"https:\/\/testwebsite.citygame.com\/is\/\"},{\"@type\":\"ListItem\",\"position\":2,\"name\":\"Shop\",\"item\":\"https:\/\/testwebsite.citygame.com\/shop\/\"},{\"@type\":\"ListItem\",\"position\":3,\"name\":\"Sherlock Holmes Rotterdam\"}]},{\"@type\":\"WebSite\",\"@id\":\"https:\/\/testwebsite.upevents.nl\/#website\",\"url\":\"https:\/\/testwebsite.upevents.nl\/\",\"name\":\"City Game\",\"description\":\"\",\"publisher\":{\"@id\":\"https:\/\/testwebsite.upevents.nl\/#organization\"},\"alternateName\":\"citygame.com\",\"potentialAction\":[{\"@type\":\"SearchAction\",\"target\":{\"@type\":\"EntryPoint\",\"urlTemplate\":\"https:\/\/testwebsite.upevents.nl\/?s={search_term_string}\"},\"query-input\":{\"@type\":\"PropertyValueSpecification\",\"valueRequired\":true,\"valueName\":\"search_term_string\"}}],\"inLanguage\":\"is\"},{\"@type\":[\"Organization\",\"Place\"],\"@id\":\"https:\/\/testwebsite.upevents.nl\/#organization\",\"name\":\"City Game\",\"alternateName\":\"citygame.com\",\"url\":\"https:\/\/testwebsite.upevents.nl\/\",\"logo\":{\"@id\":\"https:\/\/testwebsite.citygame.com\/is\/games\/rotterdam\/sherlock-holmes-rotterdam\/#local-main-organization-logo\"},\"image\":{\"@id\":\"https:\/\/testwebsite.citygame.com\/is\/games\/rotterdam\/sherlock-holmes-rotterdam\/#local-main-organization-logo\"},\"sameAs\":[\"https:\/\/www.facebook.com\/profile.php?id=100086426226253\",\"https:\/\/www.instagram.com\/citygame_com\",\"https:\/\/www.tiktok.com\/@citygamecom\/\",\"https:\/\/www.linkedin.com\/company\/citygame-com\"],\"description\":\"Turn any city into a playground with our interactive City Games and self-guided tours. Fun, flexible, and ideal for groups and team building.\",\"telephone\":[],\"openingHoursSpecification\":[{\"@type\":\"OpeningHoursSpecification\",\"dayOfWeek\":[\"Monday\",\"Tuesday\",\"Wednesday\",\"Thursday\",\"Friday\",\"Saturday\",\"Sunday\"],\"opens\":\"09:00\",\"closes\":\"17:00\"}]},{\"@type\":\"ImageObject\",\"inLanguage\":\"is\",\"@id\":\"https:\/\/testwebsite.citygame.com\/is\/games\/rotterdam\/sherlock-holmes-rotterdam\/#local-main-organization-logo\",\"url\":\"https:\/\/testwebsite.citygame.com\/wp-content\/blogs.dir\/1\/files\/sites\/62\/2025\/10\/CG_LOGO-City-Game.png\",\"contentUrl\":\"https:\/\/testwebsite.citygame.com\/wp-content\/blogs.dir\/1\/files\/sites\/62\/2025\/10\/CG_LOGO-City-Game.png\",\"width\":351,\"height\":377,\"caption\":\"City Game\"}]}<\/script>\n<!-- \/ Yoast SEO Premium plugin. -->","yoast_head_json":{"title":"Sherlock Holmes Rotterdam - City Game","description":"Sherlock Holmes Rotterdam. Spila\u00f0u sj\u00e1lfst\u00fdr\u00f0an mor\u00f0g\u00e1tu borgarleik, leystu \u00ferautir, fylgdu v\u00edsbendingum og afhj\u00fapa\u00f0u mor\u00f0ingjann \u00e1 \u00fe\u00ednum eigin hra\u00f0a!","robots":{"index":"noindex","follow":"follow","max-snippet":"max-snippet:-1","max-image-preview":"max-image-preview:large","max-video-preview":"max-video-preview:-1"},"og_locale":"is_IS","og_type":"article","og_title":"Sherlock Holmes Rotterdam","og_description":"Sherlock Holmes Rotterdam. Spila\u00f0u sj\u00e1lfst\u00fdr\u00f0an mor\u00f0g\u00e1tu borgarleik, leystu \u00ferautir, fylgdu v\u00edsbendingum og afhj\u00fapa\u00f0u mor\u00f0ingjann \u00e1 \u00fe\u00ednum eigin hra\u00f0a!","og_url":"https:\/\/testwebsite.citygame.com\/is\/games\/rotterdam\/sherlock-holmes-rotterdam\/","og_site_name":"City Game","article_publisher":"https:\/\/www.facebook.com\/profile.php?id=100086426226253","article_modified_time":"2026-04-07T15:24:03+00:00","og_image":[{"width":896,"height":1152,"url":"https:\/\/testwebsite.citygame.com\/wp-content\/blogs.dir\/1\/files\/sites\/62\/2026\/02\/rotterdam-man-playing-city-game-sherlock-on-phone.jpg","type":"image\/jpeg"}],"twitter_card":"summary_large_image","schema":{"@context":"https:\/\/schema.org","@graph":[{"@type":"WebPage","@id":"https:\/\/testwebsite.citygame.com\/is\/games\/rotterdam\/sherlock-holmes-rotterdam\/","url":"https:\/\/testwebsite.citygame.com\/is\/games\/rotterdam\/sherlock-holmes-rotterdam\/","name":"Sherlock Holmes Rotterdam - City Game","isPartOf":{"@id":"https:\/\/testwebsite.upevents.nl\/#website"},"primaryImageOfPage":{"@id":"https:\/\/testwebsite.citygame.com\/is\/games\/rotterdam\/sherlock-holmes-rotterdam\/#primaryimage"},"image":{"@id":"https:\/\/testwebsite.citygame.com\/is\/games\/rotterdam\/sherlock-holmes-rotterdam\/#primaryimage"},"thumbnailUrl":"https:\/\/testwebsite.citygame.com\/wp-content\/blogs.dir\/1\/files\/sites\/62\/2026\/02\/rotterdam-man-playing-city-game-sherlock-on-phone.jpg","datePublished":"2026-02-03T15:29:30+00:00","dateModified":"2026-04-07T15:24:03+00:00","description":"Sherlock Holmes Rotterdam. Spila\u00f0u sj\u00e1lfst\u00fdr\u00f0an mor\u00f0g\u00e1tu borgarleik, leystu \u00ferautir, fylgdu v\u00edsbendingum og afhj\u00fapa\u00f0u mor\u00f0ingjann \u00e1 \u00fe\u00ednum eigin hra\u00f0a!","breadcrumb":{"@id":"https:\/\/testwebsite.citygame.com\/is\/games\/rotterdam\/sherlock-holmes-rotterdam\/#breadcrumb"},"inLanguage":"is","potentialAction":[{"@type":"ReadAction","target":["https:\/\/testwebsite.citygame.com\/is\/games\/rotterdam\/sherlock-holmes-rotterdam\/"]}]},{"@type":"ImageObject","inLanguage":"is","@id":"https:\/\/testwebsite.citygame.com\/is\/games\/rotterdam\/sherlock-holmes-rotterdam\/#primaryimage","url":"https:\/\/testwebsite.citygame.com\/wp-content\/blogs.dir\/1\/files\/sites\/62\/2026\/02\/rotterdam-man-playing-city-game-sherlock-on-phone.jpg","contentUrl":"https:\/\/testwebsite.citygame.com\/wp-content\/blogs.dir\/1\/files\/sites\/62\/2026\/02\/rotterdam-man-playing-city-game-sherlock-on-phone.jpg","width":896,"height":1152,"caption":"A player stands on a crosswalk in Rotterdam while engaging with the Sherlock city game."},{"@type":"BreadcrumbList","@id":"https:\/\/testwebsite.citygame.com\/is\/games\/rotterdam\/sherlock-holmes-rotterdam\/#breadcrumb","itemListElement":[{"@type":"ListItem","position":1,"name":"Home","item":"https:\/\/testwebsite.citygame.com\/is\/"},{"@type":"ListItem","position":2,"name":"Shop","item":"https:\/\/testwebsite.citygame.com\/shop\/"},{"@type":"ListItem","position":3,"name":"Sherlock Holmes Rotterdam"}]},{"@type":"WebSite","@id":"https:\/\/testwebsite.upevents.nl\/#website","url":"https:\/\/testwebsite.upevents.nl\/","name":"City Game","description":"","publisher":{"@id":"https:\/\/testwebsite.upevents.nl\/#organization"},"alternateName":"citygame.com","potentialAction":[{"@type":"SearchAction","target":{"@type":"EntryPoint","urlTemplate":"https:\/\/testwebsite.upevents.nl\/?s={search_term_string}"},"query-input":{"@type":"PropertyValueSpecification","valueRequired":true,"valueName":"search_term_string"}}],"inLanguage":"is"},{"@type":["Organization","Place"],"@id":"https:\/\/testwebsite.upevents.nl\/#organization","name":"City Game","alternateName":"citygame.com","url":"https:\/\/testwebsite.upevents.nl\/","logo":{"@id":"https:\/\/testwebsite.citygame.com\/is\/games\/rotterdam\/sherlock-holmes-rotterdam\/#local-main-organization-logo"},"image":{"@id":"https:\/\/testwebsite.citygame.com\/is\/games\/rotterdam\/sherlock-holmes-rotterdam\/#local-main-organization-logo"},"sameAs":["https:\/\/www.facebook.com\/profile.php?id=100086426226253","https:\/\/www.instagram.com\/citygame_com","https:\/\/www.tiktok.com\/@citygamecom\/","https:\/\/www.linkedin.com\/company\/citygame-com"],"description":"Turn any city into a playground with our interactive City Games and self-guided tours. Fun, flexible, and ideal for groups and team building.","telephone":[],"openingHoursSpecification":[{"@type":"OpeningHoursSpecification","dayOfWeek":["Monday","Tuesday","Wednesday","Thursday","Friday","Saturday","Sunday"],"opens":"09:00","closes":"17:00"}]},{"@type":"ImageObject","inLanguage":"is","@id":"https:\/\/testwebsite.citygame.com\/is\/games\/rotterdam\/sherlock-holmes-rotterdam\/#local-main-organization-logo","url":"https:\/\/testwebsite.citygame.com\/wp-content\/blogs.dir\/1\/files\/sites\/62\/2025\/10\/CG_LOGO-City-Game.png","contentUrl":"https:\/\/testwebsite.citygame.com\/wp-content\/blogs.dir\/1\/files\/sites\/62\/2025\/10\/CG_LOGO-City-Game.png","width":351,"height":377,"caption":"City Game"}]}},"taxonomy_info":{"game-concept":[{"value":778,"label":"Sherlock"}],"location":[{"value":348,"label":"Rotterdam"}],"product_cat":[{"value":27,"label":"Geen categorie"}]},"featured_image_src_large":["https:\/\/testwebsite.citygame.com\/wp-content\/blogs.dir\/1\/files\/sites\/62\/2026\/02\/rotterdam-man-playing-city-game-sherlock-on-phone-796x1024.jpg",796,1024,true],"author_info":[],"comment_info":"","_links":{"self":[{"href":"https:\/\/testwebsite.citygame.com\/is\/wp-json\/wp\/v2\/product\/52706","targetHints":{"allow":["GET"]}}],"collection":[{"href":"https:\/\/testwebsite.citygame.com\/is\/wp-json\/wp\/v2\/product"}],"about":[{"href":"https:\/\/testwebsite.citygame.com\/is\/wp-json\/wp\/v2\/types\/product"}],"acf:post":[{"embeddable":true,"href":"https:\/\/testwebsite.citygame.com\/is\/wp-json\/wp\/v2\/pages\/4437"}],"wp:featuredmedia":[{"embeddable":true,"href":"https:\/\/testwebsite.citygame.com\/is\/wp-json\/wp\/v2\/media\/9818"}],"wp:attachment":[{"href":"https:\/\/testwebsite.citygame.com\/is\/wp-json\/wp\/v2\/media?parent=52706"}],"wp:term":[{"taxonomy":"game-concept","embeddable":true,"href":"https:\/\/testwebsite.citygame.com\/is\/wp-json\/wp\/v2\/game-concept?post=52706"},{"taxonomy":"location","embeddable":true,"href":"https:\/\/testwebsite.citygame.com\/is\/wp-json\/wp\/v2\/location?post=52706"},{"taxonomy":"product_brand","embeddable":true,"href":"https:\/\/testwebsite.citygame.com\/is\/wp-json\/wp\/v2\/product_brand?post=52706"},{"taxonomy":"product_cat","embeddable":true,"href":"https:\/\/testwebsite.citygame.com\/is\/wp-json\/wp\/v2\/product_cat?post=52706"},{"taxonomy":"product_tag","embeddable":true,"href":"https:\/\/testwebsite.citygame.com\/is\/wp-json\/wp\/v2\/product_tag?post=52706"}],"curies":[{"name":"wp","href":"https:\/\/api.w.org\/{rel}","templated":true}]}}