{"id":52647,"date":"2026-02-12T21:32:13","date_gmt":"2026-02-12T21:32:13","guid":{"rendered":"https:\/\/testwebsite.citygame.com\/games\/unknown-location\/sherlock-holmes-marbella\/"},"modified":"2026-04-07T14:59:02","modified_gmt":"2026-04-07T14:59:02","slug":"sherlock-holmes-marbella","status":"publish","type":"product","link":"https:\/\/testwebsite.citygame.com\/is\/games\/marbella\/sherlock-holmes-marbella\/","title":{"rendered":"Sherlock Holmes Marbella"},"content":{"rendered":"<p>St\u00edg\u00f0u inn \u00ed heim Sherlock Holmes me\u00f0 \u00feessum sj\u00e1lfst\u00fdr\u00f0a, s\u00f6gudrifna mor\u00f0g\u00e1tu Borgarleik sem fer fram \u00ed mi\u00f0b\u00e6 Marbella. \u00deegar \u00fe\u00fa fer\u00f0 um g\u00f6turnar muntu fylgja gr\u00edpandi fr\u00e1s\u00f6gn sem gerir borgina a\u00f0 yfirgripsmiklu umhverfi fyrir fl\u00f3kna ranns\u00f3kn \u00e1 mor\u00f0i sem \u00e1tti s\u00e9r sta\u00f0 \u00e1 Liberty Festival. Safna\u00f0u v\u00edsbendingum, leystu fl\u00f3knar \u00ferautir og yfirheyr\u00f0u stafr\u00e6na gruna\u00f0a \u00e1 \u00fe\u00ednum eigin hra\u00f0a, og s\u00f6kktu \u00fe\u00e9r a\u00f0 fullu \u00ed \u00f3leystu g\u00e1tuna.<\/p>\n","protected":false},"excerpt":{"rendered":"<p>St\u00edg\u00f0u \u00ed spor Sherlock Holmes og legg\u00f0u af sta\u00f0 \u00ed sj\u00e1lfst\u00fdr\u00f0a mor\u00f0g\u00e1tufer\u00f0 beint \u00ed hjarta Marbella. Me\u00f0 li\u00f0inu \u00fe\u00ednu skaltu kafa ofan \u00ed vef v\u00edsbendinga og \u00ferauta, keppa vi\u00f0 t\u00edmann til a\u00f0 afhj\u00fapa sannleikann sem leynist undir yfirbor\u00f0inu!<\/p>\n","protected":false},"featured_media":13287,"template":"","meta":{"_acf_changed":false,"_yoast_wpseo_focuskw":"Sherlock Holmes Marbella","_yoast_wpseo_metadesc":"Sherlock Holmes Marbella. Spila\u00f0u sj\u00e1lfst\u00fdr\u00f0an mor\u00f0g\u00e1tu Borgarleik, leystu \u00ferautir, fylgdu v\u00edsbendingum og afhj\u00fapa\u00f0u mor\u00f0ingjann \u00e1 \u00fe\u00ednum eigin hra\u00f0a!","_kad_blocks_custom_css":"","_kad_blocks_head_custom_js":"","_kad_blocks_body_custom_js":"","_kad_blocks_footer_custom_js":"","ghostkit_customizer_options":"","ghostkit_custom_css":"","ghostkit_custom_js_head":"","ghostkit_custom_js_foot":"","ghostkit_typography":"","_kad_post_transparent":"","_kad_post_title":"","_kad_post_layout":"","_kad_post_sidebar_id":"","_kad_post_content_style":"","_kad_post_vertical_padding":"","_kad_post_feature":"","_kad_post_feature_position":"","_kad_post_header":false,"_kad_post_footer":false,"_kad_post_classname":"","_links_to":"","_links_to_target":""},"game-concept":[778],"location":[268],"product_brand":[],"product_cat":[27],"product_tag":[],"class_list":{"0":"post-52647","1":"product","2":"type-product","3":"status-publish","4":"has-post-thumbnail","6":"game-concept-sherlock","7":"location-marbella","8":"product_cat-geen-categorie","10":"first","11":"instock","12":"shipping-taxable","13":"purchasable","14":"product-type-simple","15":"entry","16":"content-bg","17":"loop-entry"},"acf":{"full_bokun_product_name":"Marbella Self-Guided Sherlock Holmes Murder Mystery Game","location_name":"Marbella","bokun_calendar_widget_code":"<script type=\"text\/javascript\" src=\"https:\/\/widgets.bokun.io\/assets\/javascripts\/apps\/build\/BokunWidgetsLoader.js?bookingChannelUUID=a1e93e96-5232-4734-a595-28405f4b5a31\" async><\/script>\n     \n    <div class=\"bokunWidget\" data-src=\"https:\/\/widgets.bokun.io\/online-sales\/a1e93e96-5232-4734-a595-28405f4b5a31\/experience-calendar\/828164\"><\/div>\n    <noscript>Please enable javascript in your browser to book<\/noscript>","bokun_button_widget_code":"<script type=\"text\/javascript\" src=\"https:\/\/widgets.bokun.io\/assets\/javascripts\/apps\/build\/BokunWidgetsLoader.js?bookingChannelUUID=a1e93e96-5232-4734-a595-28405f4b5a31\" async><\/script>\n      <style> #bokun_ed001e45_5927_4f62_b470_ca766338d083 { display: inline-block; padding: .4em 1em; background: #47b82e; border-radius: 999999px; box-shadow: none; font-weight: 600; font-size: 24px; text-decoration: none; text-align: center; color: #FFFFFF; border:none; cursor: pointer; transition: background .2s ease; } #bokun_ed001e45_5927_4f62_b470_ca766338d083:hover{ background: #2f7b1f; } #bokun_ed001e45_5927_4f62_b470_ca766338d083:active{ background: #378f24; } <\/style> <button class=\"bokunButton\" disabled id=bokun_ed001e45_5927_4f62_b470_ca766338d083 data-src=\"https:\/\/widgets.bokun.io\/online-sales\/a1e93e96-5232-4734-a595-28405f4b5a31\/experience-calendar\/828164?partialView=1\" data-testid=\"widget-book-button\" > Book now <\/button> ","what_you\u2019ll_experience_during_the_game":"\u00de\u00fa st\u00edgur inn \u00ed gr\u00edpandi einkasp\u00e6jaras\u00f6gu sem gerist \u00ed Marbella, \u00fear sem hver gata hefur n\u00fdja v\u00edsbendingu og hver \u00e1kv\u00f6r\u00f0un tekur \u00feig d\u00fdpra inn \u00ed ranns\u00f3knina. \u00deegar m\u00e1li\u00f0 \u00fer\u00f3ast munt \u00fe\u00fa fer\u00f0ast um borgina, afhj\u00fapa falnar v\u00edsbendingar og leysa fl\u00f3knar \u00ferautir, allt fl\u00e9tta\u00f0 inn \u00ed algj\u00f6rlega s\u00f6gudrifna upplifun. Sn\u00faningar koma fram \u00feegar \u00fe\u00fa s\u00edst b\u00fdst vi\u00f0 \u00feeim, og reyna \u00e1 h\u00e6fni \u00fe\u00edna til a\u00f0 hugsa gagnr\u00fdnt, fylgjast vel me\u00f0 og draga skarpar \u00e1lyktanir eins og sannur einkasp\u00e6jari.\n\n\u00de\u00fa munt yfirheyra stafr\u00e6na gruna\u00f0a, pr\u00f3fa fjarvistarsannanir \u00feeirra og leita a\u00f0 \u00f3samr\u00e6mi sem g\u00e6ti leyst m\u00e1li\u00f0. Verkefni \u00feitt er a\u00f0 afhj\u00fapa sannleikann \u00e1 bak vi\u00f0 hr\u00e6\u00f0ilegt mor\u00f0 sem \u00e1tti s\u00e9r sta\u00f0 \u00e1 Liberty Festival, en sv\u00f6rin koma ekki au\u00f0veldlega. \u00de\u00fa r\u00e6\u00f0ur fer\u00f0inni, me\u00f0 frelsi til a\u00f0 gera hl\u00e9 og halda \u00e1fram ranns\u00f3kninni hven\u00e6r sem \u00fe\u00e9r hentar. Ef \u00fe\u00fa ert hluti af li\u00f0i, b\u00e6tir samkeppnish\u00e6fni aukalagi af spennu \u00e1n \u00feess a\u00f0 skyggja \u00e1 s\u00f6guna. Hvert skref sem \u00fe\u00fa tekur f\u00e6rir \u00feig n\u00e6r \u00fev\u00ed a\u00f0 leysa g\u00e1tuna sem Marbella felur.","how_to_play":"Spila\u00f0u einn e\u00f0a me\u00f0 vinum, fj\u00f6lskyldu e\u00f0a samstarfsf\u00f3lki \u00ed allt a\u00f0 fj\u00f6gurra manna li\u00f0um \u00e1 hvert t\u00e6ki. Eftir b\u00f3kun f\u00e6r\u00f0u t\u00f6lvup\u00f3st me\u00f0 lei\u00f0beiningum og \u00f6llu sem \u00fe\u00fa \u00fearft.","start_location":"Marbella, Plaza de los Naranjos","available_languages":["en","es","fr","de","it","nl"],"players_per_group":"1-4","duration":"1.5-2 hours","image_overlay_color_image":"https:\/\/testwebsite.citygame.com\/wp-content\/blogs.dir\/1\/files\/sites\/62\/2026\/01\/SherlockColor.svg","image_overlay_game_logo":"https:\/\/testwebsite.citygame.com\/wp-content\/blogs.dir\/1\/files\/sites\/62\/2026\/01\/SherlockLogo.png","city_page":13285,"woocommerce_general_content":null},"yoast_head":"<!-- This site is optimized with the Yoast SEO Premium plugin v26.2 (Yoast SEO v26.3) - https:\/\/yoast.com\/wordpress\/plugins\/seo\/ -->\n<title>Sherlock Holmes Marbella - City Game<\/title>\n<meta name=\"description\" content=\"Sherlock Holmes Marbella. Spila\u00f0u sj\u00e1lfst\u00fdr\u00f0an mor\u00f0g\u00e1tu Borgarleik, leystu \u00ferautir, fylgdu v\u00edsbendingum og afhj\u00fapa\u00f0u mor\u00f0ingjann \u00e1 \u00fe\u00ednum eigin hra\u00f0a!\" \/>\n<meta name=\"robots\" content=\"noindex, follow, max-snippet:-1, max-image-preview:large, max-video-preview:-1\" \/>\n<meta property=\"og:locale\" content=\"is_IS\" \/>\n<meta property=\"og:type\" content=\"article\" \/>\n<meta property=\"og:title\" content=\"Sherlock Holmes Marbella\" \/>\n<meta property=\"og:description\" content=\"Sherlock Holmes Marbella. Spila\u00f0u sj\u00e1lfst\u00fdr\u00f0an mor\u00f0g\u00e1tu Borgarleik, leystu \u00ferautir, fylgdu v\u00edsbendingum og afhj\u00fapa\u00f0u mor\u00f0ingjann \u00e1 \u00fe\u00ednum eigin hra\u00f0a!\" \/>\n<meta property=\"og:url\" content=\"https:\/\/testwebsite.citygame.com\/is\/games\/marbella\/sherlock-holmes-marbella\/\" \/>\n<meta property=\"og:site_name\" content=\"City Game\" \/>\n<meta property=\"article:publisher\" content=\"https:\/\/www.facebook.com\/profile.php?id=100086426226253\" \/>\n<meta property=\"article:modified_time\" content=\"2026-04-07T14:59:02+00:00\" \/>\n<meta property=\"og:image\" content=\"https:\/\/testwebsite.citygame.com\/wp-content\/blogs.dir\/1\/files\/sites\/62\/2026\/02\/player-playing-sherlock-city-game-marbella-old-town.jpg\" \/>\n\t<meta property=\"og:image:width\" content=\"1024\" \/>\n\t<meta property=\"og:image:height\" content=\"1024\" \/>\n\t<meta property=\"og:image:type\" content=\"image\/jpeg\" \/>\n<meta name=\"twitter:card\" content=\"summary_large_image\" \/>\n<script type=\"application\/ld+json\" class=\"yoast-schema-graph\">{\"@context\":\"https:\/\/schema.org\",\"@graph\":[{\"@type\":\"WebPage\",\"@id\":\"https:\/\/testwebsite.citygame.com\/is\/games\/marbella\/sherlock-holmes-marbella\/\",\"url\":\"https:\/\/testwebsite.citygame.com\/is\/games\/marbella\/sherlock-holmes-marbella\/\",\"name\":\"Sherlock Holmes Marbella - City Game\",\"isPartOf\":{\"@id\":\"https:\/\/testwebsite.upevents.nl\/#website\"},\"primaryImageOfPage\":{\"@id\":\"https:\/\/testwebsite.citygame.com\/is\/games\/marbella\/sherlock-holmes-marbella\/#primaryimage\"},\"image\":{\"@id\":\"https:\/\/testwebsite.citygame.com\/is\/games\/marbella\/sherlock-holmes-marbella\/#primaryimage\"},\"thumbnailUrl\":\"https:\/\/testwebsite.citygame.com\/wp-content\/blogs.dir\/1\/files\/sites\/62\/2026\/02\/player-playing-sherlock-city-game-marbella-old-town.jpg\",\"datePublished\":\"2026-02-12T21:32:13+00:00\",\"dateModified\":\"2026-04-07T14:59:02+00:00\",\"description\":\"Sherlock Holmes Marbella. Spila\u00f0u sj\u00e1lfst\u00fdr\u00f0an mor\u00f0g\u00e1tu Borgarleik, leystu \u00ferautir, fylgdu v\u00edsbendingum og afhj\u00fapa\u00f0u mor\u00f0ingjann \u00e1 \u00fe\u00ednum eigin hra\u00f0a!\",\"breadcrumb\":{\"@id\":\"https:\/\/testwebsite.citygame.com\/is\/games\/marbella\/sherlock-holmes-marbella\/#breadcrumb\"},\"inLanguage\":\"is\",\"potentialAction\":[{\"@type\":\"ReadAction\",\"target\":[\"https:\/\/testwebsite.citygame.com\/is\/games\/marbella\/sherlock-holmes-marbella\/\"]}]},{\"@type\":\"ImageObject\",\"inLanguage\":\"is\",\"@id\":\"https:\/\/testwebsite.citygame.com\/is\/games\/marbella\/sherlock-holmes-marbella\/#primaryimage\",\"url\":\"https:\/\/testwebsite.citygame.com\/wp-content\/blogs.dir\/1\/files\/sites\/62\/2026\/02\/player-playing-sherlock-city-game-marbella-old-town.jpg\",\"contentUrl\":\"https:\/\/testwebsite.citygame.com\/wp-content\/blogs.dir\/1\/files\/sites\/62\/2026\/02\/player-playing-sherlock-city-game-marbella-old-town.jpg\",\"width\":1024,\"height\":1024,\"caption\":\"A person playing an outdoor escape game on their phone in a historic alley in Marbella.\"},{\"@type\":\"BreadcrumbList\",\"@id\":\"https:\/\/testwebsite.citygame.com\/is\/games\/marbella\/sherlock-holmes-marbella\/#breadcrumb\",\"itemListElement\":[{\"@type\":\"ListItem\",\"position\":1,\"name\":\"Home\",\"item\":\"https:\/\/testwebsite.citygame.com\/is\/\"},{\"@type\":\"ListItem\",\"position\":2,\"name\":\"Shop\",\"item\":\"https:\/\/testwebsite.citygame.com\/shop\/\"},{\"@type\":\"ListItem\",\"position\":3,\"name\":\"Sherlock Holmes Marbella\"}]},{\"@type\":\"WebSite\",\"@id\":\"https:\/\/testwebsite.upevents.nl\/#website\",\"url\":\"https:\/\/testwebsite.upevents.nl\/\",\"name\":\"City Game\",\"description\":\"\",\"publisher\":{\"@id\":\"https:\/\/testwebsite.upevents.nl\/#organization\"},\"alternateName\":\"citygame.com\",\"potentialAction\":[{\"@type\":\"SearchAction\",\"target\":{\"@type\":\"EntryPoint\",\"urlTemplate\":\"https:\/\/testwebsite.upevents.nl\/?s={search_term_string}\"},\"query-input\":{\"@type\":\"PropertyValueSpecification\",\"valueRequired\":true,\"valueName\":\"search_term_string\"}}],\"inLanguage\":\"is\"},{\"@type\":[\"Organization\",\"Place\"],\"@id\":\"https:\/\/testwebsite.upevents.nl\/#organization\",\"name\":\"City Game\",\"alternateName\":\"citygame.com\",\"url\":\"https:\/\/testwebsite.upevents.nl\/\",\"logo\":{\"@id\":\"https:\/\/testwebsite.citygame.com\/is\/games\/marbella\/sherlock-holmes-marbella\/#local-main-organization-logo\"},\"image\":{\"@id\":\"https:\/\/testwebsite.citygame.com\/is\/games\/marbella\/sherlock-holmes-marbella\/#local-main-organization-logo\"},\"sameAs\":[\"https:\/\/www.facebook.com\/profile.php?id=100086426226253\",\"https:\/\/www.instagram.com\/citygame_com\",\"https:\/\/www.tiktok.com\/@citygamecom\/\",\"https:\/\/www.linkedin.com\/company\/citygame-com\"],\"description\":\"Turn any city into a playground with our interactive City Games and self-guided tours. Fun, flexible, and ideal for groups and team building.\",\"telephone\":[],\"openingHoursSpecification\":[{\"@type\":\"OpeningHoursSpecification\",\"dayOfWeek\":[\"Monday\",\"Tuesday\",\"Wednesday\",\"Thursday\",\"Friday\",\"Saturday\",\"Sunday\"],\"opens\":\"09:00\",\"closes\":\"17:00\"}]},{\"@type\":\"ImageObject\",\"inLanguage\":\"is\",\"@id\":\"https:\/\/testwebsite.citygame.com\/is\/games\/marbella\/sherlock-holmes-marbella\/#local-main-organization-logo\",\"url\":\"https:\/\/testwebsite.citygame.com\/wp-content\/blogs.dir\/1\/files\/sites\/62\/2025\/10\/CG_LOGO-City-Game.png\",\"contentUrl\":\"https:\/\/testwebsite.citygame.com\/wp-content\/blogs.dir\/1\/files\/sites\/62\/2025\/10\/CG_LOGO-City-Game.png\",\"width\":351,\"height\":377,\"caption\":\"City Game\"}]}<\/script>\n<!-- \/ Yoast SEO Premium plugin. -->","yoast_head_json":{"title":"Sherlock Holmes Marbella - City Game","description":"Sherlock Holmes Marbella. Spila\u00f0u sj\u00e1lfst\u00fdr\u00f0an mor\u00f0g\u00e1tu Borgarleik, leystu \u00ferautir, fylgdu v\u00edsbendingum og afhj\u00fapa\u00f0u mor\u00f0ingjann \u00e1 \u00fe\u00ednum eigin hra\u00f0a!","robots":{"index":"noindex","follow":"follow","max-snippet":"max-snippet:-1","max-image-preview":"max-image-preview:large","max-video-preview":"max-video-preview:-1"},"og_locale":"is_IS","og_type":"article","og_title":"Sherlock Holmes Marbella","og_description":"Sherlock Holmes Marbella. Spila\u00f0u sj\u00e1lfst\u00fdr\u00f0an mor\u00f0g\u00e1tu Borgarleik, leystu \u00ferautir, fylgdu v\u00edsbendingum og afhj\u00fapa\u00f0u mor\u00f0ingjann \u00e1 \u00fe\u00ednum eigin hra\u00f0a!","og_url":"https:\/\/testwebsite.citygame.com\/is\/games\/marbella\/sherlock-holmes-marbella\/","og_site_name":"City Game","article_publisher":"https:\/\/www.facebook.com\/profile.php?id=100086426226253","article_modified_time":"2026-04-07T14:59:02+00:00","og_image":[{"width":1024,"height":1024,"url":"https:\/\/testwebsite.citygame.com\/wp-content\/blogs.dir\/1\/files\/sites\/62\/2026\/02\/player-playing-sherlock-city-game-marbella-old-town.jpg","type":"image\/jpeg"}],"twitter_card":"summary_large_image","schema":{"@context":"https:\/\/schema.org","@graph":[{"@type":"WebPage","@id":"https:\/\/testwebsite.citygame.com\/is\/games\/marbella\/sherlock-holmes-marbella\/","url":"https:\/\/testwebsite.citygame.com\/is\/games\/marbella\/sherlock-holmes-marbella\/","name":"Sherlock Holmes Marbella - City Game","isPartOf":{"@id":"https:\/\/testwebsite.upevents.nl\/#website"},"primaryImageOfPage":{"@id":"https:\/\/testwebsite.citygame.com\/is\/games\/marbella\/sherlock-holmes-marbella\/#primaryimage"},"image":{"@id":"https:\/\/testwebsite.citygame.com\/is\/games\/marbella\/sherlock-holmes-marbella\/#primaryimage"},"thumbnailUrl":"https:\/\/testwebsite.citygame.com\/wp-content\/blogs.dir\/1\/files\/sites\/62\/2026\/02\/player-playing-sherlock-city-game-marbella-old-town.jpg","datePublished":"2026-02-12T21:32:13+00:00","dateModified":"2026-04-07T14:59:02+00:00","description":"Sherlock Holmes Marbella. Spila\u00f0u sj\u00e1lfst\u00fdr\u00f0an mor\u00f0g\u00e1tu Borgarleik, leystu \u00ferautir, fylgdu v\u00edsbendingum og afhj\u00fapa\u00f0u mor\u00f0ingjann \u00e1 \u00fe\u00ednum eigin hra\u00f0a!","breadcrumb":{"@id":"https:\/\/testwebsite.citygame.com\/is\/games\/marbella\/sherlock-holmes-marbella\/#breadcrumb"},"inLanguage":"is","potentialAction":[{"@type":"ReadAction","target":["https:\/\/testwebsite.citygame.com\/is\/games\/marbella\/sherlock-holmes-marbella\/"]}]},{"@type":"ImageObject","inLanguage":"is","@id":"https:\/\/testwebsite.citygame.com\/is\/games\/marbella\/sherlock-holmes-marbella\/#primaryimage","url":"https:\/\/testwebsite.citygame.com\/wp-content\/blogs.dir\/1\/files\/sites\/62\/2026\/02\/player-playing-sherlock-city-game-marbella-old-town.jpg","contentUrl":"https:\/\/testwebsite.citygame.com\/wp-content\/blogs.dir\/1\/files\/sites\/62\/2026\/02\/player-playing-sherlock-city-game-marbella-old-town.jpg","width":1024,"height":1024,"caption":"A person playing an outdoor escape game on their phone in a historic alley in Marbella."},{"@type":"BreadcrumbList","@id":"https:\/\/testwebsite.citygame.com\/is\/games\/marbella\/sherlock-holmes-marbella\/#breadcrumb","itemListElement":[{"@type":"ListItem","position":1,"name":"Home","item":"https:\/\/testwebsite.citygame.com\/is\/"},{"@type":"ListItem","position":2,"name":"Shop","item":"https:\/\/testwebsite.citygame.com\/shop\/"},{"@type":"ListItem","position":3,"name":"Sherlock Holmes Marbella"}]},{"@type":"WebSite","@id":"https:\/\/testwebsite.upevents.nl\/#website","url":"https:\/\/testwebsite.upevents.nl\/","name":"City Game","description":"","publisher":{"@id":"https:\/\/testwebsite.upevents.nl\/#organization"},"alternateName":"citygame.com","potentialAction":[{"@type":"SearchAction","target":{"@type":"EntryPoint","urlTemplate":"https:\/\/testwebsite.upevents.nl\/?s={search_term_string}"},"query-input":{"@type":"PropertyValueSpecification","valueRequired":true,"valueName":"search_term_string"}}],"inLanguage":"is"},{"@type":["Organization","Place"],"@id":"https:\/\/testwebsite.upevents.nl\/#organization","name":"City Game","alternateName":"citygame.com","url":"https:\/\/testwebsite.upevents.nl\/","logo":{"@id":"https:\/\/testwebsite.citygame.com\/is\/games\/marbella\/sherlock-holmes-marbella\/#local-main-organization-logo"},"image":{"@id":"https:\/\/testwebsite.citygame.com\/is\/games\/marbella\/sherlock-holmes-marbella\/#local-main-organization-logo"},"sameAs":["https:\/\/www.facebook.com\/profile.php?id=100086426226253","https:\/\/www.instagram.com\/citygame_com","https:\/\/www.tiktok.com\/@citygamecom\/","https:\/\/www.linkedin.com\/company\/citygame-com"],"description":"Turn any city into a playground with our interactive City Games and self-guided tours. Fun, flexible, and ideal for groups and team building.","telephone":[],"openingHoursSpecification":[{"@type":"OpeningHoursSpecification","dayOfWeek":["Monday","Tuesday","Wednesday","Thursday","Friday","Saturday","Sunday"],"opens":"09:00","closes":"17:00"}]},{"@type":"ImageObject","inLanguage":"is","@id":"https:\/\/testwebsite.citygame.com\/is\/games\/marbella\/sherlock-holmes-marbella\/#local-main-organization-logo","url":"https:\/\/testwebsite.citygame.com\/wp-content\/blogs.dir\/1\/files\/sites\/62\/2025\/10\/CG_LOGO-City-Game.png","contentUrl":"https:\/\/testwebsite.citygame.com\/wp-content\/blogs.dir\/1\/files\/sites\/62\/2025\/10\/CG_LOGO-City-Game.png","width":351,"height":377,"caption":"City Game"}]}},"taxonomy_info":{"game-concept":[{"value":778,"label":"Sherlock"}],"location":[{"value":268,"label":"Marbella"}],"product_cat":[{"value":27,"label":"Geen categorie"}]},"featured_image_src_large":["https:\/\/testwebsite.citygame.com\/wp-content\/blogs.dir\/1\/files\/sites\/62\/2026\/02\/player-playing-sherlock-city-game-marbella-old-town.jpg",1024,1024,false],"author_info":[],"comment_info":"","_links":{"self":[{"href":"https:\/\/testwebsite.citygame.com\/is\/wp-json\/wp\/v2\/product\/52647","targetHints":{"allow":["GET"]}}],"collection":[{"href":"https:\/\/testwebsite.citygame.com\/is\/wp-json\/wp\/v2\/product"}],"about":[{"href":"https:\/\/testwebsite.citygame.com\/is\/wp-json\/wp\/v2\/types\/product"}],"acf:post":[{"embeddable":true,"href":"https:\/\/testwebsite.citygame.com\/is\/wp-json\/wp\/v2\/pages\/13285"}],"wp:featuredmedia":[{"embeddable":true,"href":"https:\/\/testwebsite.citygame.com\/is\/wp-json\/wp\/v2\/media\/13287"}],"wp:attachment":[{"href":"https:\/\/testwebsite.citygame.com\/is\/wp-json\/wp\/v2\/media?parent=52647"}],"wp:term":[{"taxonomy":"game-concept","embeddable":true,"href":"https:\/\/testwebsite.citygame.com\/is\/wp-json\/wp\/v2\/game-concept?post=52647"},{"taxonomy":"location","embeddable":true,"href":"https:\/\/testwebsite.citygame.com\/is\/wp-json\/wp\/v2\/location?post=52647"},{"taxonomy":"product_brand","embeddable":true,"href":"https:\/\/testwebsite.citygame.com\/is\/wp-json\/wp\/v2\/product_brand?post=52647"},{"taxonomy":"product_cat","embeddable":true,"href":"https:\/\/testwebsite.citygame.com\/is\/wp-json\/wp\/v2\/product_cat?post=52647"},{"taxonomy":"product_tag","embeddable":true,"href":"https:\/\/testwebsite.citygame.com\/is\/wp-json\/wp\/v2\/product_tag?post=52647"}],"curies":[{"name":"wp","href":"https:\/\/api.w.org\/{rel}","templated":true}]}}