{"id":41662,"date":"2026-01-13T15:40:31","date_gmt":"2026-01-13T15:40:31","guid":{"rendered":"https:\/\/testwebsite.citygame.com\/games\/unknown-location\/product-361\/"},"modified":"2026-04-02T16:24:19","modified_gmt":"2026-04-02T16:24:19","slug":"product-361","status":"publish","type":"product","link":"https:\/\/testwebsite.citygame.com\/is\/games\/unknown-location\/product-361\/","title":{"rendered":"Product"},"content":{"rendered":"","protected":false},"excerpt":{"rendered":"","protected":false},"featured_media":3882,"template":"","meta":{"_acf_changed":false,"_yoast_wpseo_focuskw":"Secrets of Zaandam","_yoast_wpseo_metadesc":"Secrets of Zaandam. Spila\u00f0u sj\u00e1lfst\u00fdr\u00f0an borgarleik og kanna\u00f0u borgina me\u00f0 \u00ferautum, g\u00e1tum og \u00e1skorunum. Spila\u00f0u \u00e1 \u00fe\u00ednum eigin hra\u00f0a og uppg\u00f6tva\u00f0u eins og heimama\u00f0ur!","_kad_blocks_custom_css":"","_kad_blocks_head_custom_js":"","_kad_blocks_body_custom_js":"","_kad_blocks_footer_custom_js":"","ghostkit_customizer_options":"","ghostkit_custom_css":"","ghostkit_custom_js_head":"","ghostkit_custom_js_foot":"","ghostkit_typography":"","_kad_post_transparent":"","_kad_post_title":"","_kad_post_layout":"","_kad_post_sidebar_id":"","_kad_post_content_style":"","_kad_post_vertical_padding":"","_kad_post_feature":"","_kad_post_feature_position":"","_kad_post_header":false,"_kad_post_footer":false,"_kad_post_classname":"","_links_to":"","_links_to_target":""},"game-concept":[36],"location":[],"product_brand":[],"product_cat":[27],"product_tag":[],"class_list":{"0":"post-41662","1":"product","2":"type-product","3":"status-publish","4":"has-post-thumbnail","6":"game-concept-secrets","7":"product_cat-geen-categorie","9":"first","10":"instock","11":"shipping-taxable","12":"purchasable","13":"product-type-simple","14":"entry","15":"content-bg","16":"loop-entry"},"acf":{"full_bokun_product_name":"Self-Guided Secrets of Zaandam Exploration Game","location_name":"Zaandam","bokun_calendar_widget_code":"<script type=\"text\/javascript\" src=\"https:\/\/widgets.bokun.io\/assets\/javascripts\/apps\/build\/BokunWidgetsLoader.js?bookingChannelUUID=a1e93e96-5232-4734-a595-28405f4b5a31\" async><\/script>\n     \n    <div class=\"bokunWidget\" data-src=\"https:\/\/widgets.bokun.io\/online-sales\/a1e93e96-5232-4734-a595-28405f4b5a31\/experience-calendar\/1001952\"><\/div>\n    <noscript>Please enable javascript in your browser to book<\/noscript>","bokun_button_widget_code":"<script type=\"text\/javascript\" src=\"https:\/\/widgets.bokun.io\/assets\/javascripts\/apps\/build\/BokunWidgetsLoader.js?bookingChannelUUID=a1e93e96-5232-4734-a595-28405f4b5a31\" async><\/script>\n      <style> #bokun_ed001e45_5927_4f62_b470_ca766338d083 { display: inline-block; padding: .4em 1em; background: #47b82e; border-radius: 999999px; box-shadow: none; font-weight: 600; font-size: 24px; text-decoration: none; text-align: center; color: #FFFFFF; border:none; cursor: pointer; transition: background .2s ease; } #bokun_ed001e45_5927_4f62_b470_ca766338d083:hover{ background: #2f7b1f; } #bokun_ed001e45_5927_4f62_b470_ca766338d083:active{ background: #378f24; } <\/style> <button class=\"bokunButton\" disabled id=bokun_ed001e45_5927_4f62_b470_ca766338d083 data-src=\"https:\/\/widgets.bokun.io\/online-sales\/a1e93e96-5232-4734-a595-28405f4b5a31\/experience-calendar\/1001952?partialView=1\" data-testid=\"widget-book-button\" > Book now <\/button> ","what_you\u2019ll_experience_during_the_game":"\u00deegar \u00fe\u00fa fer\u00f0 \u00ed gegnum Zaandam me\u00f0 borgarleiknum tekur \u00fe\u00fa \u00fe\u00e1tt \u00ed s\u00f6gu sem blandar raunverulegum sta\u00f0setningum saman vi\u00f0 yfirgripsmikla k\u00f6nnun. Upplifunin lei\u00f0ir \u00feig \u00ed gegnum b\u00e6\u00f0i \u00feekkta og falna sta\u00f0i \u00ed borginni, og hvetur \u00feig til a\u00f0 sko\u00f0a umhverfi \u00feitt n\u00e1nar. \u00de\u00fa munt fara framhj\u00e1 kennileitum eins og \u00f3venjulegri framhli\u00f0 Inntel Hotel Zaandam, hinum stemningsmikla Gedempte Gracht, og hinni s\u00f6gulegu Grote Sluis, en hvert \u00feeirra gefur inns\u00fdn \u00ed marglaga fort\u00ed\u00f0 og \u00fer\u00f3andi sj\u00e1lfsmynd borgarinnar. \u00c1 lei\u00f0inni munu sta\u00f0ir eins og styttan af P\u00e9tri mikla keisara og Rozengracht marka\u00f0urinn d\u00fdpka skilning \u00feinn \u00e1 sta\u00f0 og s\u00f6gu, og afhj\u00fapa einstakan karakter Zaandam.\n\n\u00cd leiknum muntu leysa bl\u00f6ndu af \u00ferautum, g\u00e1tum og skapandi \u00e1skorunum sem bj\u00f3\u00f0a \u00fe\u00e9r a\u00f0 hafa samskipti vi\u00f0 borgina \u00e1 hugsi h\u00e1tt. Hvert loki\u00f0 verkefni gefur \u00fe\u00e9r stig, v\u00edsbendingar e\u00f0a framgang \u00ed \u00e1tt a\u00f0 lokamystery sem er fl\u00e9tta\u00f0 inn \u00ed lei\u00f0ina. \u00de\u00fa getur gert hl\u00e9 \u00e1 leiknum hven\u00e6r sem er og haldi\u00f0 \u00e1fram \u00feegar \u00fea\u00f0 hentar \u00feinni dagskr\u00e1, sem gerir \u00feetta a\u00f0 sveigjanlegri lei\u00f0 til a\u00f0 kanna Zaandam. Fyrir \u00fe\u00e1 sem eru \u00e1hugasamir um samkeppni geta li\u00f0 og einstaklingar stefnt a\u00f0 h\u00e6sta skori \u00e1 stigat\u00f6flunni \u00e1 me\u00f0an \u00feeir afhj\u00fapa falnar s\u00f6gur borgarinnar.","how_to_play":"Eftir b\u00f3kun f\u00e6r\u00f0u t\u00f6lvup\u00f3st me\u00f0 beinum spilunartengli. Far\u00f0u einfaldlega \u00e1 upphafsta\u00f0inn vi\u00f0 Monument Februaristaking 1941 og byrja\u00f0u leikinn hven\u00e6r sem \u00fe\u00fa ert tilb\u00fainn. H\u00e6gt er a\u00f0 gera hl\u00e9 \u00e1 GPS-kn\u00fana borgarleiknum hven\u00e6r sem er, svo \u00fe\u00fa ert frj\u00e1ls a\u00f0 halda \u00e1fram s\u00ed\u00f0ar \u00e1 \u00fe\u00ednum eigin hra\u00f0a.","start_location":"Zaandam, Monument Februaristaking 1941","available_languages":[],"players_per_group":"1-4","duration":"1.5-2 hours","image_overlay_color_image":"https:\/\/testwebsite.citygame.com\/wp-content\/blogs.dir\/1\/files\/sites\/62\/2026\/01\/SecretsColor.svg","image_overlay_game_logo":"https:\/\/testwebsite.citygame.com\/wp-content\/blogs.dir\/1\/files\/sites\/62\/2026\/01\/SecretsLogo.png","city_page":15899,"woocommerce_general_content":null,"the_story":"Zaandam s\u00fd\u00f0ur af i\u00f0na\u00f0i og vindi, borg m\u00f3tu\u00f0 af vatni og viljastyrk. En \u00ed dag hefur eitthva\u00f0 l\u00edfsnau\u00f0synlegt horfi\u00f0. P\u00e9tur mikli R\u00fassakeisari, keisari, skipasmi\u00f0ur og \u00f3r\u00f3legur hugsj\u00f3nama\u00f0ur, er \u00ed kr\u00edsu. Teikningar a\u00f0 n\u00fdjasta skipi hans hafa veri\u00f0 stolnar, a\u00f0eins klukkustundum \u00e1\u00f0ur en \u00fe\u00e6r \u00e1ttu a\u00f0 koma \u00ed lj\u00f3s. \u00c1n \u00feeirra g\u00e6tu st\u00f3rkostlegar \u00e1\u00e6tlanir hans sokki\u00f0 \u00e1\u00f0ur en \u00fe\u00e6r sigla nokkurn t\u00edma.<br><br>Fr\u00e1 r\u00f3legum bryggjum til su\u00f0sins \u00ed f\u00f6ldum h\u00fasasundum ver\u00f0ur \u00fe\u00fa a\u00f0 elta hv\u00edslandi raddir, for\u00f0ast skemmdarvarga og fylgja v\u00edsbendingum sem a\u00f0eins n\u00fd augu geta s\u00e9\u00f0. \u00deetta sn\u00fdst ekki bara um tr\u00e9 og segl. \u00deetta sn\u00fdst um arfleif\u00f0, stolt og skip sem heitir Shtandart sem m\u00e1 ekki glatast \u00ed t\u00edmans r\u00e1s.<br><br><strong>\u00de\u00fa komst til a\u00f0 kanna. \u00de\u00fa var\u00f0st eftir til a\u00f0 bjarga s\u00f6gunni.<\/strong>","name_main_character":"Peter the Great","photo_main_character":41663,"loquiz_or_kokimoki":"Kokimoki"},"yoast_head":"<!-- This site is optimized with the Yoast SEO Premium plugin v26.2 (Yoast SEO v26.3) - https:\/\/yoast.com\/wordpress\/plugins\/seo\/ -->\n<title>Product - City Game<\/title>\n<meta name=\"description\" content=\"Secrets of Zaandam. Spila\u00f0u sj\u00e1lfst\u00fdr\u00f0an borgarleik og kanna\u00f0u borgina me\u00f0 \u00ferautum, g\u00e1tum og \u00e1skorunum. Spila\u00f0u \u00e1 \u00fe\u00ednum eigin hra\u00f0a og uppg\u00f6tva\u00f0u eins og heimama\u00f0ur!\" \/>\n<meta name=\"robots\" content=\"noindex, follow, max-snippet:-1, max-image-preview:large, max-video-preview:-1\" \/>\n<meta property=\"og:locale\" content=\"is_IS\" \/>\n<meta property=\"og:type\" content=\"article\" \/>\n<meta property=\"og:title\" content=\"Product\" \/>\n<meta property=\"og:description\" content=\"Secrets of Zaandam. Spila\u00f0u sj\u00e1lfst\u00fdr\u00f0an borgarleik og kanna\u00f0u borgina me\u00f0 \u00ferautum, g\u00e1tum og \u00e1skorunum. Spila\u00f0u \u00e1 \u00fe\u00ednum eigin hra\u00f0a og uppg\u00f6tva\u00f0u eins og heimama\u00f0ur!\" \/>\n<meta property=\"og:url\" content=\"https:\/\/testwebsite.citygame.com\/is\/games\/unknown-location\/product-361\/\" \/>\n<meta property=\"og:site_name\" content=\"City Game\" \/>\n<meta property=\"article:publisher\" content=\"https:\/\/www.facebook.com\/profile.php?id=100086426226253\" \/>\n<meta property=\"article:modified_time\" content=\"2026-04-02T16:24:19+00:00\" \/>\n<meta property=\"og:image\" content=\"https:\/\/testwebsite.citygame.com\/wp-content\/blogs.dir\/1\/files\/sites\/62\/2026\/01\/woman-playing-city-game-zaandam-waterfront.jpg\" \/>\n\t<meta property=\"og:image:width\" content=\"1024\" \/>\n\t<meta property=\"og:image:height\" content=\"1024\" \/>\n\t<meta property=\"og:image:type\" content=\"image\/jpeg\" \/>\n<meta name=\"twitter:card\" content=\"summary_large_image\" \/>\n<script type=\"application\/ld+json\" class=\"yoast-schema-graph\">{\"@context\":\"https:\/\/schema.org\",\"@graph\":[{\"@type\":\"WebPage\",\"@id\":\"https:\/\/testwebsite.citygame.com\/is\/games\/unknown-location\/product-361\/\",\"url\":\"https:\/\/testwebsite.citygame.com\/is\/games\/unknown-location\/product-361\/\",\"name\":\"Product - City Game\",\"isPartOf\":{\"@id\":\"https:\/\/testwebsite.upevents.nl\/#website\"},\"primaryImageOfPage\":{\"@id\":\"https:\/\/testwebsite.citygame.com\/is\/games\/unknown-location\/product-361\/#primaryimage\"},\"image\":{\"@id\":\"https:\/\/testwebsite.citygame.com\/is\/games\/unknown-location\/product-361\/#primaryimage\"},\"thumbnailUrl\":\"https:\/\/testwebsite.citygame.com\/wp-content\/blogs.dir\/1\/files\/sites\/62\/2026\/01\/woman-playing-city-game-zaandam-waterfront.jpg\",\"datePublished\":\"2026-01-13T15:40:31+00:00\",\"dateModified\":\"2026-04-02T16:24:19+00:00\",\"description\":\"Secrets of Zaandam. Spila\u00f0u sj\u00e1lfst\u00fdr\u00f0an borgarleik og kanna\u00f0u borgina me\u00f0 \u00ferautum, g\u00e1tum og \u00e1skorunum. Spila\u00f0u \u00e1 \u00fe\u00ednum eigin hra\u00f0a og uppg\u00f6tva\u00f0u eins og heimama\u00f0ur!\",\"breadcrumb\":{\"@id\":\"https:\/\/testwebsite.citygame.com\/is\/games\/unknown-location\/product-361\/#breadcrumb\"},\"inLanguage\":\"is\",\"potentialAction\":[{\"@type\":\"ReadAction\",\"target\":[\"https:\/\/testwebsite.citygame.com\/is\/games\/unknown-location\/product-361\/\"]}]},{\"@type\":\"ImageObject\",\"inLanguage\":\"is\",\"@id\":\"https:\/\/testwebsite.citygame.com\/is\/games\/unknown-location\/product-361\/#primaryimage\",\"url\":\"https:\/\/testwebsite.citygame.com\/wp-content\/blogs.dir\/1\/files\/sites\/62\/2026\/01\/woman-playing-city-game-zaandam-waterfront.jpg\",\"contentUrl\":\"https:\/\/testwebsite.citygame.com\/wp-content\/blogs.dir\/1\/files\/sites\/62\/2026\/01\/woman-playing-city-game-zaandam-waterfront.jpg\",\"width\":1024,\"height\":1024,\"caption\":\"A player uses the City Game app on her smartphone with the Zaandam waterfront in the background.\"},{\"@type\":\"BreadcrumbList\",\"@id\":\"https:\/\/testwebsite.citygame.com\/is\/games\/unknown-location\/product-361\/#breadcrumb\",\"itemListElement\":[{\"@type\":\"ListItem\",\"position\":1,\"name\":\"Home\",\"item\":\"https:\/\/testwebsite.citygame.com\/is\/\"},{\"@type\":\"ListItem\",\"position\":2,\"name\":\"Shop\",\"item\":\"https:\/\/testwebsite.citygame.com\/shop\/\"},{\"@type\":\"ListItem\",\"position\":3,\"name\":\"Product\"}]},{\"@type\":\"WebSite\",\"@id\":\"https:\/\/testwebsite.upevents.nl\/#website\",\"url\":\"https:\/\/testwebsite.upevents.nl\/\",\"name\":\"City Game\",\"description\":\"\",\"publisher\":{\"@id\":\"https:\/\/testwebsite.upevents.nl\/#organization\"},\"alternateName\":\"citygame.com\",\"potentialAction\":[{\"@type\":\"SearchAction\",\"target\":{\"@type\":\"EntryPoint\",\"urlTemplate\":\"https:\/\/testwebsite.upevents.nl\/?s={search_term_string}\"},\"query-input\":{\"@type\":\"PropertyValueSpecification\",\"valueRequired\":true,\"valueName\":\"search_term_string\"}}],\"inLanguage\":\"is\"},{\"@type\":[\"Organization\",\"Place\"],\"@id\":\"https:\/\/testwebsite.upevents.nl\/#organization\",\"name\":\"City Game\",\"alternateName\":\"citygame.com\",\"url\":\"https:\/\/testwebsite.upevents.nl\/\",\"logo\":{\"@id\":\"https:\/\/testwebsite.citygame.com\/is\/games\/unknown-location\/product-361\/#local-main-organization-logo\"},\"image\":{\"@id\":\"https:\/\/testwebsite.citygame.com\/is\/games\/unknown-location\/product-361\/#local-main-organization-logo\"},\"sameAs\":[\"https:\/\/www.facebook.com\/profile.php?id=100086426226253\",\"https:\/\/www.instagram.com\/citygame_com\",\"https:\/\/www.tiktok.com\/@citygamecom\/\",\"https:\/\/www.linkedin.com\/company\/citygame-com\"],\"description\":\"Turn any city into a playground with our interactive City Games and self-guided tours. Fun, flexible, and ideal for groups and team building.\",\"telephone\":[],\"openingHoursSpecification\":[{\"@type\":\"OpeningHoursSpecification\",\"dayOfWeek\":[\"Monday\",\"Tuesday\",\"Wednesday\",\"Thursday\",\"Friday\",\"Saturday\",\"Sunday\"],\"opens\":\"09:00\",\"closes\":\"17:00\"}]},{\"@type\":\"ImageObject\",\"inLanguage\":\"is\",\"@id\":\"https:\/\/testwebsite.citygame.com\/is\/games\/unknown-location\/product-361\/#local-main-organization-logo\",\"url\":\"https:\/\/testwebsite.citygame.com\/wp-content\/blogs.dir\/1\/files\/sites\/62\/2025\/10\/CG_LOGO-City-Game.png\",\"contentUrl\":\"https:\/\/testwebsite.citygame.com\/wp-content\/blogs.dir\/1\/files\/sites\/62\/2025\/10\/CG_LOGO-City-Game.png\",\"width\":351,\"height\":377,\"caption\":\"City Game\"}]}<\/script>\n<!-- \/ Yoast SEO Premium plugin. -->","yoast_head_json":{"title":"Product - City Game","description":"Secrets of Zaandam. Spila\u00f0u sj\u00e1lfst\u00fdr\u00f0an borgarleik og kanna\u00f0u borgina me\u00f0 \u00ferautum, g\u00e1tum og \u00e1skorunum. Spila\u00f0u \u00e1 \u00fe\u00ednum eigin hra\u00f0a og uppg\u00f6tva\u00f0u eins og heimama\u00f0ur!","robots":{"index":"noindex","follow":"follow","max-snippet":"max-snippet:-1","max-image-preview":"max-image-preview:large","max-video-preview":"max-video-preview:-1"},"og_locale":"is_IS","og_type":"article","og_title":"Product","og_description":"Secrets of Zaandam. Spila\u00f0u sj\u00e1lfst\u00fdr\u00f0an borgarleik og kanna\u00f0u borgina me\u00f0 \u00ferautum, g\u00e1tum og \u00e1skorunum. Spila\u00f0u \u00e1 \u00fe\u00ednum eigin hra\u00f0a og uppg\u00f6tva\u00f0u eins og heimama\u00f0ur!","og_url":"https:\/\/testwebsite.citygame.com\/is\/games\/unknown-location\/product-361\/","og_site_name":"City Game","article_publisher":"https:\/\/www.facebook.com\/profile.php?id=100086426226253","article_modified_time":"2026-04-02T16:24:19+00:00","og_image":[{"width":1024,"height":1024,"url":"https:\/\/testwebsite.citygame.com\/wp-content\/blogs.dir\/1\/files\/sites\/62\/2026\/01\/woman-playing-city-game-zaandam-waterfront.jpg","type":"image\/jpeg"}],"twitter_card":"summary_large_image","schema":{"@context":"https:\/\/schema.org","@graph":[{"@type":"WebPage","@id":"https:\/\/testwebsite.citygame.com\/is\/games\/unknown-location\/product-361\/","url":"https:\/\/testwebsite.citygame.com\/is\/games\/unknown-location\/product-361\/","name":"Product - City Game","isPartOf":{"@id":"https:\/\/testwebsite.upevents.nl\/#website"},"primaryImageOfPage":{"@id":"https:\/\/testwebsite.citygame.com\/is\/games\/unknown-location\/product-361\/#primaryimage"},"image":{"@id":"https:\/\/testwebsite.citygame.com\/is\/games\/unknown-location\/product-361\/#primaryimage"},"thumbnailUrl":"https:\/\/testwebsite.citygame.com\/wp-content\/blogs.dir\/1\/files\/sites\/62\/2026\/01\/woman-playing-city-game-zaandam-waterfront.jpg","datePublished":"2026-01-13T15:40:31+00:00","dateModified":"2026-04-02T16:24:19+00:00","description":"Secrets of Zaandam. Spila\u00f0u sj\u00e1lfst\u00fdr\u00f0an borgarleik og kanna\u00f0u borgina me\u00f0 \u00ferautum, g\u00e1tum og \u00e1skorunum. Spila\u00f0u \u00e1 \u00fe\u00ednum eigin hra\u00f0a og uppg\u00f6tva\u00f0u eins og heimama\u00f0ur!","breadcrumb":{"@id":"https:\/\/testwebsite.citygame.com\/is\/games\/unknown-location\/product-361\/#breadcrumb"},"inLanguage":"is","potentialAction":[{"@type":"ReadAction","target":["https:\/\/testwebsite.citygame.com\/is\/games\/unknown-location\/product-361\/"]}]},{"@type":"ImageObject","inLanguage":"is","@id":"https:\/\/testwebsite.citygame.com\/is\/games\/unknown-location\/product-361\/#primaryimage","url":"https:\/\/testwebsite.citygame.com\/wp-content\/blogs.dir\/1\/files\/sites\/62\/2026\/01\/woman-playing-city-game-zaandam-waterfront.jpg","contentUrl":"https:\/\/testwebsite.citygame.com\/wp-content\/blogs.dir\/1\/files\/sites\/62\/2026\/01\/woman-playing-city-game-zaandam-waterfront.jpg","width":1024,"height":1024,"caption":"A player uses the City Game app on her smartphone with the Zaandam waterfront in the background."},{"@type":"BreadcrumbList","@id":"https:\/\/testwebsite.citygame.com\/is\/games\/unknown-location\/product-361\/#breadcrumb","itemListElement":[{"@type":"ListItem","position":1,"name":"Home","item":"https:\/\/testwebsite.citygame.com\/is\/"},{"@type":"ListItem","position":2,"name":"Shop","item":"https:\/\/testwebsite.citygame.com\/shop\/"},{"@type":"ListItem","position":3,"name":"Product"}]},{"@type":"WebSite","@id":"https:\/\/testwebsite.upevents.nl\/#website","url":"https:\/\/testwebsite.upevents.nl\/","name":"City Game","description":"","publisher":{"@id":"https:\/\/testwebsite.upevents.nl\/#organization"},"alternateName":"citygame.com","potentialAction":[{"@type":"SearchAction","target":{"@type":"EntryPoint","urlTemplate":"https:\/\/testwebsite.upevents.nl\/?s={search_term_string}"},"query-input":{"@type":"PropertyValueSpecification","valueRequired":true,"valueName":"search_term_string"}}],"inLanguage":"is"},{"@type":["Organization","Place"],"@id":"https:\/\/testwebsite.upevents.nl\/#organization","name":"City Game","alternateName":"citygame.com","url":"https:\/\/testwebsite.upevents.nl\/","logo":{"@id":"https:\/\/testwebsite.citygame.com\/is\/games\/unknown-location\/product-361\/#local-main-organization-logo"},"image":{"@id":"https:\/\/testwebsite.citygame.com\/is\/games\/unknown-location\/product-361\/#local-main-organization-logo"},"sameAs":["https:\/\/www.facebook.com\/profile.php?id=100086426226253","https:\/\/www.instagram.com\/citygame_com","https:\/\/www.tiktok.com\/@citygamecom\/","https:\/\/www.linkedin.com\/company\/citygame-com"],"description":"Turn any city into a playground with our interactive City Games and self-guided tours. Fun, flexible, and ideal for groups and team building.","telephone":[],"openingHoursSpecification":[{"@type":"OpeningHoursSpecification","dayOfWeek":["Monday","Tuesday","Wednesday","Thursday","Friday","Saturday","Sunday"],"opens":"09:00","closes":"17:00"}]},{"@type":"ImageObject","inLanguage":"is","@id":"https:\/\/testwebsite.citygame.com\/is\/games\/unknown-location\/product-361\/#local-main-organization-logo","url":"https:\/\/testwebsite.citygame.com\/wp-content\/blogs.dir\/1\/files\/sites\/62\/2025\/10\/CG_LOGO-City-Game.png","contentUrl":"https:\/\/testwebsite.citygame.com\/wp-content\/blogs.dir\/1\/files\/sites\/62\/2025\/10\/CG_LOGO-City-Game.png","width":351,"height":377,"caption":"City Game"}]}},"taxonomy_info":{"game-concept":[{"value":36,"label":"Secrets"}],"product_cat":[{"value":27,"label":"Geen categorie"}]},"featured_image_src_large":["https:\/\/testwebsite.citygame.com\/wp-content\/blogs.dir\/1\/files\/sites\/62\/2026\/01\/woman-playing-city-game-zaandam-waterfront.jpg",1024,1024,false],"author_info":[],"comment_info":"","_links":{"self":[{"href":"https:\/\/testwebsite.citygame.com\/is\/wp-json\/wp\/v2\/product\/41662","targetHints":{"allow":["GET"]}}],"collection":[{"href":"https:\/\/testwebsite.citygame.com\/is\/wp-json\/wp\/v2\/product"}],"about":[{"href":"https:\/\/testwebsite.citygame.com\/is\/wp-json\/wp\/v2\/types\/product"}],"acf:post":[{"embeddable":true,"href":"https:\/\/testwebsite.citygame.com\/is\/wp-json\/wp\/v2\/pages\/15899"}],"wp:featuredmedia":[{"embeddable":true,"href":"https:\/\/testwebsite.citygame.com\/is\/wp-json\/wp\/v2\/media\/3882"}],"wp:attachment":[{"href":"https:\/\/testwebsite.citygame.com\/is\/wp-json\/wp\/v2\/media?parent=41662"}],"wp:term":[{"taxonomy":"game-concept","embeddable":true,"href":"https:\/\/testwebsite.citygame.com\/is\/wp-json\/wp\/v2\/game-concept?post=41662"},{"taxonomy":"location","embeddable":true,"href":"https:\/\/testwebsite.citygame.com\/is\/wp-json\/wp\/v2\/location?post=41662"},{"taxonomy":"product_brand","embeddable":true,"href":"https:\/\/testwebsite.citygame.com\/is\/wp-json\/wp\/v2\/product_brand?post=41662"},{"taxonomy":"product_cat","embeddable":true,"href":"https:\/\/testwebsite.citygame.com\/is\/wp-json\/wp\/v2\/product_cat?post=41662"},{"taxonomy":"product_tag","embeddable":true,"href":"https:\/\/testwebsite.citygame.com\/is\/wp-json\/wp\/v2\/product_tag?post=41662"}],"curies":[{"name":"wp","href":"https:\/\/api.w.org\/{rel}","templated":true}]}}