{"id":39632,"date":"2026-01-13T15:39:30","date_gmt":"2026-01-13T15:39:30","guid":{"rendered":"https:\/\/testwebsite.citygame.com\/games\/unknown-location\/product-338\/"},"modified":"2026-04-02T10:39:28","modified_gmt":"2026-04-02T10:39:28","slug":"product-338","status":"publish","type":"product","link":"https:\/\/testwebsite.citygame.com\/is\/games\/unknown-location\/product-338\/","title":{"rendered":"Product"},"content":{"rendered":"","protected":false},"excerpt":{"rendered":"","protected":false},"featured_media":3856,"template":"","meta":{"_acf_changed":false,"_yoast_wpseo_focuskw":"Secrets of Ibiza","_yoast_wpseo_metadesc":"Secrets of Ibiza. Spila\u00f0u sj\u00e1lfst\u00fdr\u00f0an borgarleik og kanna\u00f0u borgina \u00ed gegnum \u00ferautir, g\u00e1tur og \u00e1skoranir. Spila\u00f0u \u00e1 \u00fe\u00ednum eigin hra\u00f0a og uppg\u00f6tva\u00f0u eins og heimama\u00f0ur!","_kad_blocks_custom_css":"","_kad_blocks_head_custom_js":"","_kad_blocks_body_custom_js":"","_kad_blocks_footer_custom_js":"","ghostkit_customizer_options":"","ghostkit_custom_css":"","ghostkit_custom_js_head":"","ghostkit_custom_js_foot":"","ghostkit_typography":"","_kad_post_transparent":"","_kad_post_title":"","_kad_post_layout":"","_kad_post_sidebar_id":"","_kad_post_content_style":"","_kad_post_vertical_padding":"","_kad_post_feature":"","_kad_post_feature_position":"","_kad_post_header":false,"_kad_post_footer":false,"_kad_post_classname":"","_links_to":"","_links_to_target":""},"game-concept":[36],"location":[],"product_brand":[],"product_cat":[27],"product_tag":[],"class_list":{"0":"post-39632","1":"product","2":"type-product","3":"status-publish","4":"has-post-thumbnail","6":"game-concept-secrets","7":"product_cat-geen-categorie","9":"first","10":"instock","11":"shipping-taxable","12":"purchasable","13":"product-type-simple","14":"entry","15":"content-bg","16":"loop-entry"},"acf":{"full_bokun_product_name":"Self-Guided Secrets of Ibiza Exploration Game","location_name":"Ibiza","bokun_calendar_widget_code":"<script type=\"text\/javascript\" src=\"https:\/\/widgets.bokun.io\/assets\/javascripts\/apps\/build\/BokunWidgetsLoader.js?bookingChannelUUID=a1e93e96-5232-4734-a595-28405f4b5a31\" async><\/script>\n     \n    <div class=\"bokunWidget\" data-src=\"https:\/\/widgets.bokun.io\/online-sales\/a1e93e96-5232-4734-a595-28405f4b5a31\/experience-calendar\/824914\"><\/div>\n    <noscript>Please enable javascript in your browser to book<\/noscript>","bokun_button_widget_code":"<script type=\"text\/javascript\" src=\"https:\/\/widgets.bokun.io\/assets\/javascripts\/apps\/build\/BokunWidgetsLoader.js?bookingChannelUUID=a1e93e96-5232-4734-a595-28405f4b5a31\" async><\/script>\n      <style> #bokun_ed001e45_5927_4f62_b470_ca766338d083 { display: inline-block; padding: .4em 1em; background: #47b82e; border-radius: 999999px; box-shadow: none; font-weight: 600; font-size: 24px; text-decoration: none; text-align: center; color: #FFFFFF; border:none; cursor: pointer; transition: background .2s ease; } #bokun_ed001e45_5927_4f62_b470_ca766338d083:hover{ background: #2f7b1f; } #bokun_ed001e45_5927_4f62_b470_ca766338d083:active{ background: #378f24; } <\/style> <button class=\"bokunButton\" disabled id=bokun_ed001e45_5927_4f62_b470_ca766338d083 data-src=\"https:\/\/widgets.bokun.io\/online-sales\/a1e93e96-5232-4734-a595-28405f4b5a31\/experience-calendar\/824914?partialView=1\" data-testid=\"widget-book-button\" > Book now <\/button> ","what_you\u2019ll_experience_during_the_game":"\u00cd Secrets of Ibiza borgarleiknum kannar\u00f0u s\u00f6gulegt hjarta eyjunnar \u00ed gegnum s\u00f6gu-drifi\u00f0 \u00e6vint\u00fdri sem blandar saman sta\u00f0bundnum s\u00f6gnum og gagnvirkri uppg\u00f6tvun. \u00deegar \u00fe\u00fa reikar um Ibiza muntu opna l\u00f6g borgarinnar \u00ed fort\u00ed\u00f0 og n\u00fat\u00ed\u00f0, heims\u00e6kja \u00e1hrifamikla sta\u00f0i eins og v\u00edggirta veggi Dalt Vila, kyrrl\u00e1ta San Ciriaco kapelluna og l\u00edflega Pla\u00e7a de la Reina Sofia. Leikurinn afhj\u00fapar b\u00e6\u00f0i fr\u00e6g kennileiti og r\u00f3legri horn, \u00fear \u00e1 me\u00f0al listr\u00e6na Street of Celebrity Names og hi\u00f0 mikilfenglega Vara de Rey Monumento. \u00c1 lei\u00f0inni kemur einst\u00f6k blanda Ibiza af menningars\u00f6gu og hversdagsl\u00edfi \u00ed lj\u00f3s \u00e1 skemmtilegan og forvitnilegan h\u00e1tt.\n\n\u00cd gegnum leikinn leysir \u00fe\u00fa \u00fdmsar \u00e1skoranir, allt fr\u00e1 snj\u00f6llum g\u00e1tum og spurningum til lj\u00f3smyndatengdra skapandi verkefna. \u00deetta hj\u00e1lpar \u00fe\u00e9r a\u00f0 safna stigum, r\u00e1\u00f0a g\u00e1tur og sm\u00e1m saman f\u00e6rast n\u00e6r loka leyndard\u00f3mnum, sem gerir upplifunina b\u00e6\u00f0i gr\u00edpandi og gefandi. \u00de\u00fa getur teki\u00f0 hl\u00e9 hven\u00e6r sem \u00fe\u00fa vilt og haldi\u00f0 \u00e1fram \u00e1 \u00fe\u00ednum eigin hra\u00f0a \u00e1n \u00feess a\u00f0 tapa framf\u00f6rum. Fyrir \u00fe\u00e1 sem eru \u00e1hugasamir um samkeppni er til sta\u00f0ar stigatafla \u00ed beinni sem fylgist me\u00f0 stigah\u00e6stu li\u00f0unum \u00e1 Ibiza, sem b\u00e6tir auka lagi af \u00e1skorun vi\u00f0 \u00feennan borgarmi\u00f0a\u00f0a k\u00f6nnunarleik.","how_to_play":"Eftir b\u00f3kun f\u00e6r\u00f0u t\u00f6lvup\u00f3st me\u00f0 beinum leiktengli. Far\u00f0u einfaldlega \u00e1 upphafssta\u00f0inn \u00ed Dalt Vila, opna\u00f0u tengilinn \u00e1 snjalls\u00edmanum \u00fe\u00ednum og byrja\u00f0u \u00e6vint\u00fdri\u00f0 \u00feitt. H\u00e6gt er a\u00f0 gera hl\u00e9 \u00e1 leiknum og halda honum \u00e1fram hven\u00e6r sem \u00fe\u00fa vilt, svo \u00fe\u00fa getur kanna\u00f0 sjarma Ibiza \u00e1 \u00fe\u00ednum eigin takti.","start_location":"Ibiza, Dalt Vila","available_languages":[],"players_per_group":"1-4","duration":"1.5-2 hours","image_overlay_color_image":"https:\/\/testwebsite.citygame.com\/wp-content\/blogs.dir\/1\/files\/sites\/62\/2026\/01\/SecretsColor.svg","image_overlay_game_logo":"https:\/\/testwebsite.citygame.com\/wp-content\/blogs.dir\/1\/files\/sites\/62\/2026\/01\/SecretsLogo.png","city_page":8555,"woocommerce_general_content":null,"the_story":"<strong>Eitthva\u00f0 skr\u00edti\u00f0 er a\u00f0 gerast \u00e1 Ibiza. \u00d3s\u00e9\u00f0ir kraftar g\u00e1ra um helga sta\u00f0i. T\u00edminn bognar. Orka hr\u00e6rist. Og ein forvitin heimakona a\u00f0 nafni 'Tanner' \u00fearf \u00e1 hj\u00e1lp \u00feinni a\u00f0 halda. H\u00fan vir\u00f0ist n\u00f3gu ska\u00f0laus, \u00feanga\u00f0 til v\u00edsbendingarnar byrja a\u00f0 benda til einhvers miklu eldra. Miklu d\u00fdpra.<\/strong><br><br>Gakktu s\u00f3lbjartar st\u00edga eyjunnar og skygg\u00f0a kr\u00f3ka. Leystu falnar \u00ferautir og komdu jafnv\u00e6gi \u00e1 \u00e1\u00f0ur en h\u00f6rmungar skella \u00e1. A\u00f0eins eftir fer\u00f0 \u00fe\u00edna mun sannleikurinn koma \u00ed lj\u00f3s. Hver er 'Tanner'? Og hva\u00f0a forni kraftur vakir enn yfir Ibiza \u00feegar enginn annar s\u00e9r til?<br><br><strong>\u00de\u00fa komst til a\u00f0 kanna. \u00de\u00fa var\u00f0st eftir til a\u00f0 bjarga s\u00f6gunni.<\/strong>","name_main_character":"Tanner","photo_main_character":39633,"loquiz_or_kokimoki":"Kokimoki"},"yoast_head":"<!-- This site is optimized with the Yoast SEO Premium plugin v26.2 (Yoast SEO v26.3) - https:\/\/yoast.com\/wordpress\/plugins\/seo\/ -->\n<title>Product - City Game<\/title>\n<meta name=\"description\" content=\"Secrets of Ibiza. Spila\u00f0u sj\u00e1lfst\u00fdr\u00f0an borgarleik og kanna\u00f0u borgina \u00ed gegnum \u00ferautir, g\u00e1tur og \u00e1skoranir. Spila\u00f0u \u00e1 \u00fe\u00ednum eigin hra\u00f0a og uppg\u00f6tva\u00f0u eins og heimama\u00f0ur!\" \/>\n<meta name=\"robots\" content=\"noindex, follow, max-snippet:-1, max-image-preview:large, max-video-preview:-1\" \/>\n<meta property=\"og:locale\" content=\"is_IS\" \/>\n<meta property=\"og:type\" content=\"article\" \/>\n<meta property=\"og:title\" content=\"Product\" \/>\n<meta property=\"og:description\" content=\"Secrets of Ibiza. Spila\u00f0u sj\u00e1lfst\u00fdr\u00f0an borgarleik og kanna\u00f0u borgina \u00ed gegnum \u00ferautir, g\u00e1tur og \u00e1skoranir. Spila\u00f0u \u00e1 \u00fe\u00ednum eigin hra\u00f0a og uppg\u00f6tva\u00f0u eins og heimama\u00f0ur!\" \/>\n<meta property=\"og:url\" content=\"https:\/\/testwebsite.citygame.com\/is\/games\/unknown-location\/product-338\/\" \/>\n<meta property=\"og:site_name\" content=\"City Game\" \/>\n<meta property=\"article:publisher\" content=\"https:\/\/www.facebook.com\/profile.php?id=100086426226253\" \/>\n<meta property=\"article:modified_time\" content=\"2026-04-02T10:39:28+00:00\" \/>\n<meta property=\"og:image\" content=\"https:\/\/testwebsite.citygame.com\/wp-content\/blogs.dir\/1\/files\/sites\/62\/2026\/01\/ibiza-player-portal-de-ses-taules-city-game.jpg\" \/>\n\t<meta property=\"og:image:width\" content=\"1184\" \/>\n\t<meta property=\"og:image:height\" content=\"864\" \/>\n\t<meta property=\"og:image:type\" content=\"image\/jpeg\" \/>\n<meta name=\"twitter:card\" content=\"summary_large_image\" \/>\n<script type=\"application\/ld+json\" class=\"yoast-schema-graph\">{\"@context\":\"https:\/\/schema.org\",\"@graph\":[{\"@type\":\"WebPage\",\"@id\":\"https:\/\/testwebsite.citygame.com\/is\/games\/unknown-location\/product-338\/\",\"url\":\"https:\/\/testwebsite.citygame.com\/is\/games\/unknown-location\/product-338\/\",\"name\":\"Product - City Game\",\"isPartOf\":{\"@id\":\"https:\/\/testwebsite.upevents.nl\/#website\"},\"primaryImageOfPage\":{\"@id\":\"https:\/\/testwebsite.citygame.com\/is\/games\/unknown-location\/product-338\/#primaryimage\"},\"image\":{\"@id\":\"https:\/\/testwebsite.citygame.com\/is\/games\/unknown-location\/product-338\/#primaryimage\"},\"thumbnailUrl\":\"https:\/\/testwebsite.citygame.com\/wp-content\/blogs.dir\/1\/files\/sites\/62\/2026\/01\/ibiza-player-portal-de-ses-taules-city-game.jpg\",\"datePublished\":\"2026-01-13T15:39:30+00:00\",\"dateModified\":\"2026-04-02T10:39:28+00:00\",\"description\":\"Secrets of Ibiza. Spila\u00f0u sj\u00e1lfst\u00fdr\u00f0an borgarleik og kanna\u00f0u borgina \u00ed gegnum \u00ferautir, g\u00e1tur og \u00e1skoranir. Spila\u00f0u \u00e1 \u00fe\u00ednum eigin hra\u00f0a og uppg\u00f6tva\u00f0u eins og heimama\u00f0ur!\",\"breadcrumb\":{\"@id\":\"https:\/\/testwebsite.citygame.com\/is\/games\/unknown-location\/product-338\/#breadcrumb\"},\"inLanguage\":\"is\",\"potentialAction\":[{\"@type\":\"ReadAction\",\"target\":[\"https:\/\/testwebsite.citygame.com\/is\/games\/unknown-location\/product-338\/\"]}]},{\"@type\":\"ImageObject\",\"inLanguage\":\"is\",\"@id\":\"https:\/\/testwebsite.citygame.com\/is\/games\/unknown-location\/product-338\/#primaryimage\",\"url\":\"https:\/\/testwebsite.citygame.com\/wp-content\/blogs.dir\/1\/files\/sites\/62\/2026\/01\/ibiza-player-portal-de-ses-taules-city-game.jpg\",\"contentUrl\":\"https:\/\/testwebsite.citygame.com\/wp-content\/blogs.dir\/1\/files\/sites\/62\/2026\/01\/ibiza-player-portal-de-ses-taules-city-game.jpg\",\"width\":1184,\"height\":864,\"caption\":\"A player uses their phone to discover a secret at the entrance to Dalt Vila in Ibiza.\"},{\"@type\":\"BreadcrumbList\",\"@id\":\"https:\/\/testwebsite.citygame.com\/is\/games\/unknown-location\/product-338\/#breadcrumb\",\"itemListElement\":[{\"@type\":\"ListItem\",\"position\":1,\"name\":\"Home\",\"item\":\"https:\/\/testwebsite.citygame.com\/is\/\"},{\"@type\":\"ListItem\",\"position\":2,\"name\":\"Shop\",\"item\":\"https:\/\/testwebsite.citygame.com\/shop\/\"},{\"@type\":\"ListItem\",\"position\":3,\"name\":\"Product\"}]},{\"@type\":\"WebSite\",\"@id\":\"https:\/\/testwebsite.upevents.nl\/#website\",\"url\":\"https:\/\/testwebsite.upevents.nl\/\",\"name\":\"City Game\",\"description\":\"\",\"publisher\":{\"@id\":\"https:\/\/testwebsite.upevents.nl\/#organization\"},\"alternateName\":\"citygame.com\",\"potentialAction\":[{\"@type\":\"SearchAction\",\"target\":{\"@type\":\"EntryPoint\",\"urlTemplate\":\"https:\/\/testwebsite.upevents.nl\/?s={search_term_string}\"},\"query-input\":{\"@type\":\"PropertyValueSpecification\",\"valueRequired\":true,\"valueName\":\"search_term_string\"}}],\"inLanguage\":\"is\"},{\"@type\":[\"Organization\",\"Place\"],\"@id\":\"https:\/\/testwebsite.upevents.nl\/#organization\",\"name\":\"City Game\",\"alternateName\":\"citygame.com\",\"url\":\"https:\/\/testwebsite.upevents.nl\/\",\"logo\":{\"@id\":\"https:\/\/testwebsite.citygame.com\/is\/games\/unknown-location\/product-338\/#local-main-organization-logo\"},\"image\":{\"@id\":\"https:\/\/testwebsite.citygame.com\/is\/games\/unknown-location\/product-338\/#local-main-organization-logo\"},\"sameAs\":[\"https:\/\/www.facebook.com\/profile.php?id=100086426226253\",\"https:\/\/www.instagram.com\/citygame_com\",\"https:\/\/www.tiktok.com\/@citygamecom\/\",\"https:\/\/www.linkedin.com\/company\/citygame-com\"],\"description\":\"Turn any city into a playground with our interactive City Games and self-guided tours. Fun, flexible, and ideal for groups and team building.\",\"telephone\":[],\"openingHoursSpecification\":[{\"@type\":\"OpeningHoursSpecification\",\"dayOfWeek\":[\"Monday\",\"Tuesday\",\"Wednesday\",\"Thursday\",\"Friday\",\"Saturday\",\"Sunday\"],\"opens\":\"09:00\",\"closes\":\"17:00\"}]},{\"@type\":\"ImageObject\",\"inLanguage\":\"is\",\"@id\":\"https:\/\/testwebsite.citygame.com\/is\/games\/unknown-location\/product-338\/#local-main-organization-logo\",\"url\":\"https:\/\/testwebsite.citygame.com\/wp-content\/blogs.dir\/1\/files\/sites\/62\/2025\/10\/CG_LOGO-City-Game.png\",\"contentUrl\":\"https:\/\/testwebsite.citygame.com\/wp-content\/blogs.dir\/1\/files\/sites\/62\/2025\/10\/CG_LOGO-City-Game.png\",\"width\":351,\"height\":377,\"caption\":\"City Game\"}]}<\/script>\n<!-- \/ Yoast SEO Premium plugin. -->","yoast_head_json":{"title":"Product - City Game","description":"Secrets of Ibiza. Spila\u00f0u sj\u00e1lfst\u00fdr\u00f0an borgarleik og kanna\u00f0u borgina \u00ed gegnum \u00ferautir, g\u00e1tur og \u00e1skoranir. Spila\u00f0u \u00e1 \u00fe\u00ednum eigin hra\u00f0a og uppg\u00f6tva\u00f0u eins og heimama\u00f0ur!","robots":{"index":"noindex","follow":"follow","max-snippet":"max-snippet:-1","max-image-preview":"max-image-preview:large","max-video-preview":"max-video-preview:-1"},"og_locale":"is_IS","og_type":"article","og_title":"Product","og_description":"Secrets of Ibiza. Spila\u00f0u sj\u00e1lfst\u00fdr\u00f0an borgarleik og kanna\u00f0u borgina \u00ed gegnum \u00ferautir, g\u00e1tur og \u00e1skoranir. Spila\u00f0u \u00e1 \u00fe\u00ednum eigin hra\u00f0a og uppg\u00f6tva\u00f0u eins og heimama\u00f0ur!","og_url":"https:\/\/testwebsite.citygame.com\/is\/games\/unknown-location\/product-338\/","og_site_name":"City Game","article_publisher":"https:\/\/www.facebook.com\/profile.php?id=100086426226253","article_modified_time":"2026-04-02T10:39:28+00:00","og_image":[{"width":1184,"height":864,"url":"https:\/\/testwebsite.citygame.com\/wp-content\/blogs.dir\/1\/files\/sites\/62\/2026\/01\/ibiza-player-portal-de-ses-taules-city-game.jpg","type":"image\/jpeg"}],"twitter_card":"summary_large_image","schema":{"@context":"https:\/\/schema.org","@graph":[{"@type":"WebPage","@id":"https:\/\/testwebsite.citygame.com\/is\/games\/unknown-location\/product-338\/","url":"https:\/\/testwebsite.citygame.com\/is\/games\/unknown-location\/product-338\/","name":"Product - City Game","isPartOf":{"@id":"https:\/\/testwebsite.upevents.nl\/#website"},"primaryImageOfPage":{"@id":"https:\/\/testwebsite.citygame.com\/is\/games\/unknown-location\/product-338\/#primaryimage"},"image":{"@id":"https:\/\/testwebsite.citygame.com\/is\/games\/unknown-location\/product-338\/#primaryimage"},"thumbnailUrl":"https:\/\/testwebsite.citygame.com\/wp-content\/blogs.dir\/1\/files\/sites\/62\/2026\/01\/ibiza-player-portal-de-ses-taules-city-game.jpg","datePublished":"2026-01-13T15:39:30+00:00","dateModified":"2026-04-02T10:39:28+00:00","description":"Secrets of Ibiza. Spila\u00f0u sj\u00e1lfst\u00fdr\u00f0an borgarleik og kanna\u00f0u borgina \u00ed gegnum \u00ferautir, g\u00e1tur og \u00e1skoranir. Spila\u00f0u \u00e1 \u00fe\u00ednum eigin hra\u00f0a og uppg\u00f6tva\u00f0u eins og heimama\u00f0ur!","breadcrumb":{"@id":"https:\/\/testwebsite.citygame.com\/is\/games\/unknown-location\/product-338\/#breadcrumb"},"inLanguage":"is","potentialAction":[{"@type":"ReadAction","target":["https:\/\/testwebsite.citygame.com\/is\/games\/unknown-location\/product-338\/"]}]},{"@type":"ImageObject","inLanguage":"is","@id":"https:\/\/testwebsite.citygame.com\/is\/games\/unknown-location\/product-338\/#primaryimage","url":"https:\/\/testwebsite.citygame.com\/wp-content\/blogs.dir\/1\/files\/sites\/62\/2026\/01\/ibiza-player-portal-de-ses-taules-city-game.jpg","contentUrl":"https:\/\/testwebsite.citygame.com\/wp-content\/blogs.dir\/1\/files\/sites\/62\/2026\/01\/ibiza-player-portal-de-ses-taules-city-game.jpg","width":1184,"height":864,"caption":"A player uses their phone to discover a secret at the entrance to Dalt Vila in Ibiza."},{"@type":"BreadcrumbList","@id":"https:\/\/testwebsite.citygame.com\/is\/games\/unknown-location\/product-338\/#breadcrumb","itemListElement":[{"@type":"ListItem","position":1,"name":"Home","item":"https:\/\/testwebsite.citygame.com\/is\/"},{"@type":"ListItem","position":2,"name":"Shop","item":"https:\/\/testwebsite.citygame.com\/shop\/"},{"@type":"ListItem","position":3,"name":"Product"}]},{"@type":"WebSite","@id":"https:\/\/testwebsite.upevents.nl\/#website","url":"https:\/\/testwebsite.upevents.nl\/","name":"City Game","description":"","publisher":{"@id":"https:\/\/testwebsite.upevents.nl\/#organization"},"alternateName":"citygame.com","potentialAction":[{"@type":"SearchAction","target":{"@type":"EntryPoint","urlTemplate":"https:\/\/testwebsite.upevents.nl\/?s={search_term_string}"},"query-input":{"@type":"PropertyValueSpecification","valueRequired":true,"valueName":"search_term_string"}}],"inLanguage":"is"},{"@type":["Organization","Place"],"@id":"https:\/\/testwebsite.upevents.nl\/#organization","name":"City Game","alternateName":"citygame.com","url":"https:\/\/testwebsite.upevents.nl\/","logo":{"@id":"https:\/\/testwebsite.citygame.com\/is\/games\/unknown-location\/product-338\/#local-main-organization-logo"},"image":{"@id":"https:\/\/testwebsite.citygame.com\/is\/games\/unknown-location\/product-338\/#local-main-organization-logo"},"sameAs":["https:\/\/www.facebook.com\/profile.php?id=100086426226253","https:\/\/www.instagram.com\/citygame_com","https:\/\/www.tiktok.com\/@citygamecom\/","https:\/\/www.linkedin.com\/company\/citygame-com"],"description":"Turn any city into a playground with our interactive City Games and self-guided tours. Fun, flexible, and ideal for groups and team building.","telephone":[],"openingHoursSpecification":[{"@type":"OpeningHoursSpecification","dayOfWeek":["Monday","Tuesday","Wednesday","Thursday","Friday","Saturday","Sunday"],"opens":"09:00","closes":"17:00"}]},{"@type":"ImageObject","inLanguage":"is","@id":"https:\/\/testwebsite.citygame.com\/is\/games\/unknown-location\/product-338\/#local-main-organization-logo","url":"https:\/\/testwebsite.citygame.com\/wp-content\/blogs.dir\/1\/files\/sites\/62\/2025\/10\/CG_LOGO-City-Game.png","contentUrl":"https:\/\/testwebsite.citygame.com\/wp-content\/blogs.dir\/1\/files\/sites\/62\/2025\/10\/CG_LOGO-City-Game.png","width":351,"height":377,"caption":"City Game"}]}},"taxonomy_info":{"game-concept":[{"value":36,"label":"Secrets"}],"product_cat":[{"value":27,"label":"Geen categorie"}]},"featured_image_src_large":["https:\/\/testwebsite.citygame.com\/wp-content\/blogs.dir\/1\/files\/sites\/62\/2026\/01\/ibiza-player-portal-de-ses-taules-city-game-1024x747.jpg",1024,747,true],"author_info":[],"comment_info":"","_links":{"self":[{"href":"https:\/\/testwebsite.citygame.com\/is\/wp-json\/wp\/v2\/product\/39632","targetHints":{"allow":["GET"]}}],"collection":[{"href":"https:\/\/testwebsite.citygame.com\/is\/wp-json\/wp\/v2\/product"}],"about":[{"href":"https:\/\/testwebsite.citygame.com\/is\/wp-json\/wp\/v2\/types\/product"}],"acf:post":[{"embeddable":true,"href":"https:\/\/testwebsite.citygame.com\/is\/wp-json\/wp\/v2\/pages\/8555"}],"wp:featuredmedia":[{"embeddable":true,"href":"https:\/\/testwebsite.citygame.com\/is\/wp-json\/wp\/v2\/media\/3856"}],"wp:attachment":[{"href":"https:\/\/testwebsite.citygame.com\/is\/wp-json\/wp\/v2\/media?parent=39632"}],"wp:term":[{"taxonomy":"game-concept","embeddable":true,"href":"https:\/\/testwebsite.citygame.com\/is\/wp-json\/wp\/v2\/game-concept?post=39632"},{"taxonomy":"location","embeddable":true,"href":"https:\/\/testwebsite.citygame.com\/is\/wp-json\/wp\/v2\/location?post=39632"},{"taxonomy":"product_brand","embeddable":true,"href":"https:\/\/testwebsite.citygame.com\/is\/wp-json\/wp\/v2\/product_brand?post=39632"},{"taxonomy":"product_cat","embeddable":true,"href":"https:\/\/testwebsite.citygame.com\/is\/wp-json\/wp\/v2\/product_cat?post=39632"},{"taxonomy":"product_tag","embeddable":true,"href":"https:\/\/testwebsite.citygame.com\/is\/wp-json\/wp\/v2\/product_tag?post=39632"}],"curies":[{"name":"wp","href":"https:\/\/api.w.org\/{rel}","templated":true}]}}