{"id":35581,"date":"2026-02-13T17:45:25","date_gmt":"2026-02-13T17:45:25","guid":{"rendered":"https:\/\/testwebsite.citygame.com\/games\/unknown-location\/product-275\/"},"modified":"2026-04-01T22:36:26","modified_gmt":"2026-04-01T22:36:26","slug":"product-275","status":"publish","type":"product","link":"https:\/\/testwebsite.citygame.com\/is\/games\/unknown-location\/product-275\/","title":{"rendered":"Product"},"content":{"rendered":"","protected":false},"excerpt":{"rendered":"","protected":false},"featured_media":13734,"template":"","meta":{"_acf_changed":false,"_yoast_wpseo_focuskw":"The Deventer Syndicate","_yoast_wpseo_metadesc":"The Deventer Syndicate. Spila\u00f0u sj\u00e1lfst\u00fdr\u00f0an borgarfl\u00f3ttaleik, leystu \u00ferautir, lj\u00faktu verkefnum og endurheimtu stolnu form\u00falurnar \u00e1 \u00fe\u00ednum eigin hra\u00f0a!","_kad_blocks_custom_css":"","_kad_blocks_head_custom_js":"","_kad_blocks_body_custom_js":"","_kad_blocks_footer_custom_js":"","ghostkit_customizer_options":"","ghostkit_custom_css":"","ghostkit_custom_js_head":"","ghostkit_custom_js_foot":"","ghostkit_typography":"","_kad_post_transparent":"","_kad_post_title":"","_kad_post_layout":"","_kad_post_sidebar_id":"","_kad_post_content_style":"","_kad_post_vertical_padding":"","_kad_post_feature":"","_kad_post_feature_position":"","_kad_post_header":false,"_kad_post_footer":false,"_kad_post_classname":"","_links_to":"","_links_to_target":""},"game-concept":[37],"location":[],"product_brand":[],"product_cat":[27],"product_tag":[],"class_list":{"0":"post-35581","1":"product","2":"type-product","3":"status-publish","4":"has-post-thumbnail","6":"game-concept-syndicate","7":"product_cat-geen-categorie","9":"first","10":"instock","11":"shipping-taxable","12":"purchasable","13":"product-type-simple","14":"entry","15":"content-bg","16":"loop-entry"},"acf":{"full_bokun_product_name":"Self-Guided The Deventer Syndicate City Escape Game","location_name":"Deventer","bokun_calendar_widget_code":"<script type=\"text\/javascript\" src=\"https:\/\/widgets.bokun.io\/assets\/javascripts\/apps\/build\/BokunWidgetsLoader.js?bookingChannelUUID=a1e93e96-5232-4734-a595-28405f4b5a31\" async><\/script>\n     \n    <div class=\"bokunWidget\" data-src=\"https:\/\/widgets.bokun.io\/online-sales\/a1e93e96-5232-4734-a595-28405f4b5a31\/experience-calendar\/785816\"><\/div>\n    <noscript>Please enable javascript in your browser to book<\/noscript>","bokun_button_widget_code":"<script type=\"text\/javascript\" src=\"https:\/\/widgets.bokun.io\/assets\/javascripts\/apps\/build\/BokunWidgetsLoader.js?bookingChannelUUID=a1e93e96-5232-4734-a595-28405f4b5a31\" async><\/script>\n      <style> #bokun_ed001e45_5927_4f62_b470_ca766338d083 { display: inline-block; padding: .4em 1em; background: #47b82e; border-radius: 999999px; box-shadow: none; font-weight: 600; font-size: 24px; text-decoration: none; text-align: center; color: #FFFFFF; border:none; cursor: pointer; transition: background .2s ease; } #bokun_ed001e45_5927_4f62_b470_ca766338d083:hover{ background: #2f7b1f; } #bokun_ed001e45_5927_4f62_b470_ca766338d083:active{ background: #378f24; } <\/style> <button class=\"bokunButton\" disabled id=bokun_ed001e45_5927_4f62_b470_ca766338d083 data-src=\"https:\/\/widgets.bokun.io\/online-sales\/a1e93e96-5232-4734-a595-28405f4b5a31\/experience-calendar\/785816?partialView=1\" data-testid=\"widget-book-button\" > Book now <\/button> ","what_you\u2019ll_experience_during_the_game":"Kastast inn \u00ed \u00e6sispennandi fl\u00f3ttaverkefni \u00ed Deventer, \u00fe\u00fa og li\u00f0i\u00f0 \u00feitt ver\u00f0i\u00f0 a\u00f0 rata \u00ed gegnum fl\u00f3kna s\u00f6gu\u00fer\u00e1\u00f0 sem \u00fer\u00f3ast um borgina. Sem Syndicate umbo\u00f0smenn er markmi\u00f0 ykkar sk\u00fdrt: a\u00f0 elta uppi hinn f\u00e1s\u00e9\u00f0a Magnus og endurheimta sex stolnar efnaform\u00falur \u00e1\u00f0ur en \u00fe\u00e6r hverfa fyrir fullt og allt. Verkefni\u00f0 \u00fer\u00f3ast skref fyrir skref \u00ed gegnum lykilsta\u00f0i, \u00fear sem hver og einn opinberar n\u00fdjar v\u00edsbendingar, falin skilabo\u00f0 og t\u00edmabundnar \u00e1skoranir sem \u00e6tla\u00f0 er a\u00f0 pr\u00f3fa samh\u00e6fingu og stefnu ykkar.\n\nHver \u00e1fangi a\u00f0ger\u00f0arinnar krefst skarpra \u00e1kvar\u00f0ana, skapandi lausna \u00e1 vandam\u00e1lum og st\u00f6\u00f0ugra samskipta. S\u00f6gu\u00fe\u00e6ttir kn\u00fdja a\u00f0ger\u00f0ir ykkar \u00e1fram, blanda saman raunt\u00edmavalum vi\u00f0 innlifandi verkefni eins og a\u00f0 r\u00e1\u00f0a leynisendingar, leysa fl\u00f3knar \u00ferautir og afhj\u00fapa fali\u00f0 net Magnusar. Me\u00f0 borgina sem bakgrunn og li\u00f0i\u00f0 ykkar sem bj\u00f6rgunarl\u00ednu, stj\u00f3rni\u00f0 \u00fei\u00f0 hra\u00f0anum\u2014getur\u00f0u gert hl\u00e9 og haldi\u00f0 leiknum \u00e1fram hven\u00e6r sem \u00fearf, \u00e1n \u00feess a\u00f0 missa dampinn.","how_to_play":"B\u00f3ka\u00f0u borgarleikinn, sko\u00f0a\u00f0u t\u00f6lvup\u00f3stinn sem vi\u00f0 sendum \u00fe\u00e9r me\u00f0 lei\u00f0beiningunum, hala\u00f0u ni\u00f0ur Loquiz appinu og byrja\u00f0u leikupplifun \u00fe\u00edna!Kanna\u00f0u borgina \u00e1 \u00feann h\u00e1tt sem \u00fe\u00fa hefur aldrei gert \u00e1\u00f0ur. \u00deessi fl\u00f3ttaleikur er hlutverkaleikur sem byggir \u00e1 s\u00f6gu, og hver me\u00f0limur li\u00f0sins \u00fe\u00edns mun hafa mikilv\u00e6gt hlutverk \u00ed verkefninu. Gakktu um borgina til a\u00f0 finna lausnir \u00e1 krefjandi \u00ferautum, g\u00e1tum og lj\u00f3smyndaverkefnum.","start_location":"Deventer, Broederenplein","available_languages":["en","nl"],"players_per_group":"1-4","duration":"1.5-2 hours","image_overlay_color_image":"https:\/\/testwebsite.citygame.com\/wp-content\/blogs.dir\/1\/files\/sites\/62\/2026\/01\/SyndicateColor.svg","image_overlay_game_logo":"https:\/\/testwebsite.citygame.com\/wp-content\/blogs.dir\/1\/files\/sites\/62\/2026\/01\/SyndicateLogo.png","city_page":4833,"woocommerce_general_content":null},"yoast_head":"<!-- This site is optimized with the Yoast SEO Premium plugin v26.2 (Yoast SEO v26.3) - https:\/\/yoast.com\/wordpress\/plugins\/seo\/ -->\n<title>Product - City Game<\/title>\n<meta name=\"description\" content=\"The Deventer Syndicate. Spila\u00f0u sj\u00e1lfst\u00fdr\u00f0an borgarfl\u00f3ttaleik, leystu \u00ferautir, lj\u00faktu verkefnum og endurheimtu stolnu form\u00falurnar \u00e1 \u00fe\u00ednum eigin hra\u00f0a!\" \/>\n<meta name=\"robots\" content=\"noindex, follow, max-snippet:-1, max-image-preview:large, max-video-preview:-1\" \/>\n<meta property=\"og:locale\" content=\"is_IS\" \/>\n<meta property=\"og:type\" content=\"article\" \/>\n<meta property=\"og:title\" content=\"Product\" \/>\n<meta property=\"og:description\" content=\"The Deventer Syndicate. Spila\u00f0u sj\u00e1lfst\u00fdr\u00f0an borgarfl\u00f3ttaleik, leystu \u00ferautir, lj\u00faktu verkefnum og endurheimtu stolnu form\u00falurnar \u00e1 \u00fe\u00ednum eigin hra\u00f0a!\" \/>\n<meta property=\"og:url\" content=\"https:\/\/testwebsite.citygame.com\/is\/games\/unknown-location\/product-275\/\" \/>\n<meta property=\"og:site_name\" content=\"City Game\" \/>\n<meta property=\"article:publisher\" content=\"https:\/\/www.facebook.com\/profile.php?id=100086426226253\" \/>\n<meta property=\"article:modified_time\" content=\"2026-04-01T22:36:26+00:00\" \/>\n<meta property=\"og:image\" content=\"https:\/\/testwebsite.citygame.com\/wp-content\/blogs.dir\/1\/files\/sites\/62\/2026\/02\/group-of-friends-playing-city-game-deventer-landshuis.jpg\" \/>\n\t<meta property=\"og:image:width\" content=\"1024\" \/>\n\t<meta property=\"og:image:height\" content=\"1024\" \/>\n\t<meta property=\"og:image:type\" content=\"image\/jpeg\" \/>\n<meta name=\"twitter:card\" content=\"summary_large_image\" \/>\n<script type=\"application\/ld+json\" class=\"yoast-schema-graph\">{\"@context\":\"https:\/\/schema.org\",\"@graph\":[{\"@type\":\"WebPage\",\"@id\":\"https:\/\/testwebsite.citygame.com\/is\/games\/unknown-location\/product-275\/\",\"url\":\"https:\/\/testwebsite.citygame.com\/is\/games\/unknown-location\/product-275\/\",\"name\":\"Product - City Game\",\"isPartOf\":{\"@id\":\"https:\/\/testwebsite.upevents.nl\/#website\"},\"primaryImageOfPage\":{\"@id\":\"https:\/\/testwebsite.citygame.com\/is\/games\/unknown-location\/product-275\/#primaryimage\"},\"image\":{\"@id\":\"https:\/\/testwebsite.citygame.com\/is\/games\/unknown-location\/product-275\/#primaryimage\"},\"thumbnailUrl\":\"https:\/\/testwebsite.citygame.com\/wp-content\/blogs.dir\/1\/files\/sites\/62\/2026\/02\/group-of-friends-playing-city-game-deventer-landshuis.jpg\",\"datePublished\":\"2026-02-13T17:45:25+00:00\",\"dateModified\":\"2026-04-01T22:36:26+00:00\",\"description\":\"The Deventer Syndicate. Spila\u00f0u sj\u00e1lfst\u00fdr\u00f0an borgarfl\u00f3ttaleik, leystu \u00ferautir, lj\u00faktu verkefnum og endurheimtu stolnu form\u00falurnar \u00e1 \u00fe\u00ednum eigin hra\u00f0a!\",\"breadcrumb\":{\"@id\":\"https:\/\/testwebsite.citygame.com\/is\/games\/unknown-location\/product-275\/#breadcrumb\"},\"inLanguage\":\"is\",\"potentialAction\":[{\"@type\":\"ReadAction\",\"target\":[\"https:\/\/testwebsite.citygame.com\/is\/games\/unknown-location\/product-275\/\"]}]},{\"@type\":\"ImageObject\",\"inLanguage\":\"is\",\"@id\":\"https:\/\/testwebsite.citygame.com\/is\/games\/unknown-location\/product-275\/#primaryimage\",\"url\":\"https:\/\/testwebsite.citygame.com\/wp-content\/blogs.dir\/1\/files\/sites\/62\/2026\/02\/group-of-friends-playing-city-game-deventer-landshuis.jpg\",\"contentUrl\":\"https:\/\/testwebsite.citygame.com\/wp-content\/blogs.dir\/1\/files\/sites\/62\/2026\/02\/group-of-friends-playing-city-game-deventer-landshuis.jpg\",\"width\":1024,\"height\":1024,\"caption\":\"A group of friends collaborates on a puzzle on their phone in a historic Deventer square.\"},{\"@type\":\"BreadcrumbList\",\"@id\":\"https:\/\/testwebsite.citygame.com\/is\/games\/unknown-location\/product-275\/#breadcrumb\",\"itemListElement\":[{\"@type\":\"ListItem\",\"position\":1,\"name\":\"Home\",\"item\":\"https:\/\/testwebsite.citygame.com\/is\/\"},{\"@type\":\"ListItem\",\"position\":2,\"name\":\"Shop\",\"item\":\"https:\/\/testwebsite.citygame.com\/shop\/\"},{\"@type\":\"ListItem\",\"position\":3,\"name\":\"Product\"}]},{\"@type\":\"WebSite\",\"@id\":\"https:\/\/testwebsite.upevents.nl\/#website\",\"url\":\"https:\/\/testwebsite.upevents.nl\/\",\"name\":\"City Game\",\"description\":\"\",\"publisher\":{\"@id\":\"https:\/\/testwebsite.upevents.nl\/#organization\"},\"alternateName\":\"citygame.com\",\"potentialAction\":[{\"@type\":\"SearchAction\",\"target\":{\"@type\":\"EntryPoint\",\"urlTemplate\":\"https:\/\/testwebsite.upevents.nl\/?s={search_term_string}\"},\"query-input\":{\"@type\":\"PropertyValueSpecification\",\"valueRequired\":true,\"valueName\":\"search_term_string\"}}],\"inLanguage\":\"is\"},{\"@type\":[\"Organization\",\"Place\"],\"@id\":\"https:\/\/testwebsite.upevents.nl\/#organization\",\"name\":\"City Game\",\"alternateName\":\"citygame.com\",\"url\":\"https:\/\/testwebsite.upevents.nl\/\",\"logo\":{\"@id\":\"https:\/\/testwebsite.citygame.com\/is\/games\/unknown-location\/product-275\/#local-main-organization-logo\"},\"image\":{\"@id\":\"https:\/\/testwebsite.citygame.com\/is\/games\/unknown-location\/product-275\/#local-main-organization-logo\"},\"sameAs\":[\"https:\/\/www.facebook.com\/profile.php?id=100086426226253\",\"https:\/\/www.instagram.com\/citygame_com\",\"https:\/\/www.tiktok.com\/@citygamecom\/\",\"https:\/\/www.linkedin.com\/company\/citygame-com\"],\"description\":\"Turn any city into a playground with our interactive City Games and self-guided tours. Fun, flexible, and ideal for groups and team building.\",\"telephone\":[],\"openingHoursSpecification\":[{\"@type\":\"OpeningHoursSpecification\",\"dayOfWeek\":[\"Monday\",\"Tuesday\",\"Wednesday\",\"Thursday\",\"Friday\",\"Saturday\",\"Sunday\"],\"opens\":\"09:00\",\"closes\":\"17:00\"}]},{\"@type\":\"ImageObject\",\"inLanguage\":\"is\",\"@id\":\"https:\/\/testwebsite.citygame.com\/is\/games\/unknown-location\/product-275\/#local-main-organization-logo\",\"url\":\"https:\/\/testwebsite.citygame.com\/wp-content\/blogs.dir\/1\/files\/sites\/62\/2025\/10\/CG_LOGO-City-Game.png\",\"contentUrl\":\"https:\/\/testwebsite.citygame.com\/wp-content\/blogs.dir\/1\/files\/sites\/62\/2025\/10\/CG_LOGO-City-Game.png\",\"width\":351,\"height\":377,\"caption\":\"City Game\"}]}<\/script>\n<!-- \/ Yoast SEO Premium plugin. -->","yoast_head_json":{"title":"Product - City Game","description":"The Deventer Syndicate. Spila\u00f0u sj\u00e1lfst\u00fdr\u00f0an borgarfl\u00f3ttaleik, leystu \u00ferautir, lj\u00faktu verkefnum og endurheimtu stolnu form\u00falurnar \u00e1 \u00fe\u00ednum eigin hra\u00f0a!","robots":{"index":"noindex","follow":"follow","max-snippet":"max-snippet:-1","max-image-preview":"max-image-preview:large","max-video-preview":"max-video-preview:-1"},"og_locale":"is_IS","og_type":"article","og_title":"Product","og_description":"The Deventer Syndicate. Spila\u00f0u sj\u00e1lfst\u00fdr\u00f0an borgarfl\u00f3ttaleik, leystu \u00ferautir, lj\u00faktu verkefnum og endurheimtu stolnu form\u00falurnar \u00e1 \u00fe\u00ednum eigin hra\u00f0a!","og_url":"https:\/\/testwebsite.citygame.com\/is\/games\/unknown-location\/product-275\/","og_site_name":"City Game","article_publisher":"https:\/\/www.facebook.com\/profile.php?id=100086426226253","article_modified_time":"2026-04-01T22:36:26+00:00","og_image":[{"width":1024,"height":1024,"url":"https:\/\/testwebsite.citygame.com\/wp-content\/blogs.dir\/1\/files\/sites\/62\/2026\/02\/group-of-friends-playing-city-game-deventer-landshuis.jpg","type":"image\/jpeg"}],"twitter_card":"summary_large_image","schema":{"@context":"https:\/\/schema.org","@graph":[{"@type":"WebPage","@id":"https:\/\/testwebsite.citygame.com\/is\/games\/unknown-location\/product-275\/","url":"https:\/\/testwebsite.citygame.com\/is\/games\/unknown-location\/product-275\/","name":"Product - City Game","isPartOf":{"@id":"https:\/\/testwebsite.upevents.nl\/#website"},"primaryImageOfPage":{"@id":"https:\/\/testwebsite.citygame.com\/is\/games\/unknown-location\/product-275\/#primaryimage"},"image":{"@id":"https:\/\/testwebsite.citygame.com\/is\/games\/unknown-location\/product-275\/#primaryimage"},"thumbnailUrl":"https:\/\/testwebsite.citygame.com\/wp-content\/blogs.dir\/1\/files\/sites\/62\/2026\/02\/group-of-friends-playing-city-game-deventer-landshuis.jpg","datePublished":"2026-02-13T17:45:25+00:00","dateModified":"2026-04-01T22:36:26+00:00","description":"The Deventer Syndicate. Spila\u00f0u sj\u00e1lfst\u00fdr\u00f0an borgarfl\u00f3ttaleik, leystu \u00ferautir, lj\u00faktu verkefnum og endurheimtu stolnu form\u00falurnar \u00e1 \u00fe\u00ednum eigin hra\u00f0a!","breadcrumb":{"@id":"https:\/\/testwebsite.citygame.com\/is\/games\/unknown-location\/product-275\/#breadcrumb"},"inLanguage":"is","potentialAction":[{"@type":"ReadAction","target":["https:\/\/testwebsite.citygame.com\/is\/games\/unknown-location\/product-275\/"]}]},{"@type":"ImageObject","inLanguage":"is","@id":"https:\/\/testwebsite.citygame.com\/is\/games\/unknown-location\/product-275\/#primaryimage","url":"https:\/\/testwebsite.citygame.com\/wp-content\/blogs.dir\/1\/files\/sites\/62\/2026\/02\/group-of-friends-playing-city-game-deventer-landshuis.jpg","contentUrl":"https:\/\/testwebsite.citygame.com\/wp-content\/blogs.dir\/1\/files\/sites\/62\/2026\/02\/group-of-friends-playing-city-game-deventer-landshuis.jpg","width":1024,"height":1024,"caption":"A group of friends collaborates on a puzzle on their phone in a historic Deventer square."},{"@type":"BreadcrumbList","@id":"https:\/\/testwebsite.citygame.com\/is\/games\/unknown-location\/product-275\/#breadcrumb","itemListElement":[{"@type":"ListItem","position":1,"name":"Home","item":"https:\/\/testwebsite.citygame.com\/is\/"},{"@type":"ListItem","position":2,"name":"Shop","item":"https:\/\/testwebsite.citygame.com\/shop\/"},{"@type":"ListItem","position":3,"name":"Product"}]},{"@type":"WebSite","@id":"https:\/\/testwebsite.upevents.nl\/#website","url":"https:\/\/testwebsite.upevents.nl\/","name":"City Game","description":"","publisher":{"@id":"https:\/\/testwebsite.upevents.nl\/#organization"},"alternateName":"citygame.com","potentialAction":[{"@type":"SearchAction","target":{"@type":"EntryPoint","urlTemplate":"https:\/\/testwebsite.upevents.nl\/?s={search_term_string}"},"query-input":{"@type":"PropertyValueSpecification","valueRequired":true,"valueName":"search_term_string"}}],"inLanguage":"is"},{"@type":["Organization","Place"],"@id":"https:\/\/testwebsite.upevents.nl\/#organization","name":"City Game","alternateName":"citygame.com","url":"https:\/\/testwebsite.upevents.nl\/","logo":{"@id":"https:\/\/testwebsite.citygame.com\/is\/games\/unknown-location\/product-275\/#local-main-organization-logo"},"image":{"@id":"https:\/\/testwebsite.citygame.com\/is\/games\/unknown-location\/product-275\/#local-main-organization-logo"},"sameAs":["https:\/\/www.facebook.com\/profile.php?id=100086426226253","https:\/\/www.instagram.com\/citygame_com","https:\/\/www.tiktok.com\/@citygamecom\/","https:\/\/www.linkedin.com\/company\/citygame-com"],"description":"Turn any city into a playground with our interactive City Games and self-guided tours. Fun, flexible, and ideal for groups and team building.","telephone":[],"openingHoursSpecification":[{"@type":"OpeningHoursSpecification","dayOfWeek":["Monday","Tuesday","Wednesday","Thursday","Friday","Saturday","Sunday"],"opens":"09:00","closes":"17:00"}]},{"@type":"ImageObject","inLanguage":"is","@id":"https:\/\/testwebsite.citygame.com\/is\/games\/unknown-location\/product-275\/#local-main-organization-logo","url":"https:\/\/testwebsite.citygame.com\/wp-content\/blogs.dir\/1\/files\/sites\/62\/2025\/10\/CG_LOGO-City-Game.png","contentUrl":"https:\/\/testwebsite.citygame.com\/wp-content\/blogs.dir\/1\/files\/sites\/62\/2025\/10\/CG_LOGO-City-Game.png","width":351,"height":377,"caption":"City Game"}]}},"taxonomy_info":{"game-concept":[{"value":37,"label":"Syndicate"}],"product_cat":[{"value":27,"label":"Geen categorie"}]},"featured_image_src_large":["https:\/\/testwebsite.citygame.com\/wp-content\/blogs.dir\/1\/files\/sites\/62\/2026\/02\/group-of-friends-playing-city-game-deventer-landshuis.jpg",1024,1024,false],"author_info":[],"comment_info":"","_links":{"self":[{"href":"https:\/\/testwebsite.citygame.com\/is\/wp-json\/wp\/v2\/product\/35581","targetHints":{"allow":["GET"]}}],"collection":[{"href":"https:\/\/testwebsite.citygame.com\/is\/wp-json\/wp\/v2\/product"}],"about":[{"href":"https:\/\/testwebsite.citygame.com\/is\/wp-json\/wp\/v2\/types\/product"}],"acf:post":[{"embeddable":true,"href":"https:\/\/testwebsite.citygame.com\/is\/wp-json\/wp\/v2\/pages\/4833"}],"wp:featuredmedia":[{"embeddable":true,"href":"https:\/\/testwebsite.citygame.com\/is\/wp-json\/wp\/v2\/media\/13734"}],"wp:attachment":[{"href":"https:\/\/testwebsite.citygame.com\/is\/wp-json\/wp\/v2\/media?parent=35581"}],"wp:term":[{"taxonomy":"game-concept","embeddable":true,"href":"https:\/\/testwebsite.citygame.com\/is\/wp-json\/wp\/v2\/game-concept?post=35581"},{"taxonomy":"location","embeddable":true,"href":"https:\/\/testwebsite.citygame.com\/is\/wp-json\/wp\/v2\/location?post=35581"},{"taxonomy":"product_brand","embeddable":true,"href":"https:\/\/testwebsite.citygame.com\/is\/wp-json\/wp\/v2\/product_brand?post=35581"},{"taxonomy":"product_cat","embeddable":true,"href":"https:\/\/testwebsite.citygame.com\/is\/wp-json\/wp\/v2\/product_cat?post=35581"},{"taxonomy":"product_tag","embeddable":true,"href":"https:\/\/testwebsite.citygame.com\/is\/wp-json\/wp\/v2\/product_tag?post=35581"}],"curies":[{"name":"wp","href":"https:\/\/api.w.org\/{rel}","templated":true}]}}