{"id":34725,"date":"2026-02-13T12:23:24","date_gmt":"2026-02-13T12:23:24","guid":{"rendered":"https:\/\/testwebsite.citygame.com\/games\/unknown-location\/product-259\/"},"modified":"2026-04-01T19:20:22","modified_gmt":"2026-04-01T19:20:22","slug":"product-259","status":"publish","type":"product","link":"https:\/\/testwebsite.citygame.com\/is\/games\/unknown-location\/product-259\/","title":{"rendered":"Product"},"content":{"rendered":"","protected":false},"excerpt":{"rendered":"","protected":false},"featured_media":13508,"template":"","meta":{"_acf_changed":false,"_yoast_wpseo_focuskw":"The Eindhoven Syndicate","_yoast_wpseo_metadesc":"The Eindhoven Syndicate. Spila\u00f0u sj\u00e1lfst\u00fdr\u00f0an borgarfl\u00f3ttaleik, leysi\u00f0 \u00ferautir, kl\u00e1ri\u00f0 verkefni og endurheimti\u00f0 stolnu form\u00falurnar \u00e1 ykkar eigin hra\u00f0a!","_kad_blocks_custom_css":"","_kad_blocks_head_custom_js":"","_kad_blocks_body_custom_js":"","_kad_blocks_footer_custom_js":"","ghostkit_customizer_options":"","ghostkit_custom_css":"","ghostkit_custom_js_head":"","ghostkit_custom_js_foot":"","ghostkit_typography":"","_kad_post_transparent":"default","_kad_post_title":"","_kad_post_layout":"default","_kad_post_sidebar_id":"","_kad_post_content_style":"default","_kad_post_vertical_padding":"default","_kad_post_feature":"","_kad_post_feature_position":"","_kad_post_header":false,"_kad_post_footer":false,"_kad_post_classname":"","_links_to":"","_links_to_target":""},"game-concept":[37],"location":[],"product_brand":[],"product_cat":[27],"product_tag":[],"class_list":{"0":"post-34725","1":"product","2":"type-product","3":"status-publish","4":"has-post-thumbnail","6":"game-concept-syndicate","7":"product_cat-geen-categorie","9":"first","10":"instock","11":"shipping-taxable","12":"purchasable","13":"product-type-simple","14":"entry","15":"content-bg","16":"loop-entry"},"acf":{"full_bokun_product_name":"Self-Guided The Eindhoven Syndicate City Escape Game","location_name":"Eindhoven","bokun_calendar_widget_code":"<script type=\"text\/javascript\" src=\"https:\/\/widgets.bokun.io\/assets\/javascripts\/apps\/build\/BokunWidgetsLoader.js?bookingChannelUUID=a1e93e96-5232-4734-a595-28405f4b5a31\" async><\/script>\n     \n    <div class=\"bokunWidget\" data-src=\"https:\/\/widgets.bokun.io\/online-sales\/a1e93e96-5232-4734-a595-28405f4b5a31\/experience-calendar\/758364\"><\/div>\n    <noscript>Please enable javascript in your browser to book<\/noscript>","bokun_button_widget_code":"<script type=\"text\/javascript\" src=\"https:\/\/widgets.bokun.io\/assets\/javascripts\/apps\/build\/BokunWidgetsLoader.js?bookingChannelUUID=a1e93e96-5232-4734-a595-28405f4b5a31\" async><\/script>\n      <style> #bokun_ed001e45_5927_4f62_b470_ca766338d083 { display: inline-block; padding: .4em 1em; background: #47b82e; border-radius: 999999px; box-shadow: none; font-weight: 600; font-size: 24px; text-decoration: none; text-align: center; color: #FFFFFF; border:none; cursor: pointer; transition: background .2s ease; } #bokun_ed001e45_5927_4f62_b470_ca766338d083:hover{ background: #2f7b1f; } #bokun_ed001e45_5927_4f62_b470_ca766338d083:active{ background: #378f24; } <\/style> <button class=\"bokunButton\" disabled id=bokun_ed001e45_5927_4f62_b470_ca766338d083 data-src=\"https:\/\/widgets.bokun.io\/online-sales\/a1e93e96-5232-4734-a595-28405f4b5a31\/experience-calendar\/758364?partialView=1\" data-testid=\"widget-book-button\" > Book now <\/button> ","what_you\u2019ll_experience_during_the_game":"\u00dei\u00f0 ver\u00f0i\u00f0 sett \u00ed mi\u00f0ja spennu\u00ferungna fl\u00f3ttalei\u00f0angurs \u00ed Eindhoven, \u00fear sem hver gata ver\u00f0ur hluti af s\u00f6gunni sem er a\u00f0 \u00fer\u00f3ast. Sem umbo\u00f0smenn sem vinna saman er markmi\u00f0 ykkar sk\u00fdrt: hafi\u00f0 uppi \u00e1 Magnusi og endurheimti\u00f0 sex stolnar form\u00falur \u00e1\u00f0ur en \u00fe\u00e6r hverfa fyrir fullt og allt. Lei\u00f0angurinn \u00fer\u00f3ast skref fyrir skref \u00feegar \u00fei\u00f0 fari\u00f0 um borgina, afhj\u00fapar n\u00fd l\u00f6g s\u00f6gunnar og opnar falnar uppl\u00fdsingar me\u00f0 hverri \u00e1rangursr\u00edkri \u00e1kv\u00f6r\u00f0un.\r\n\r\nFr\u00e1 \u00fev\u00ed a\u00f0 r\u00e1\u00f0a k\u00f3\u00f0a\u00f0 skilabo\u00f0 til a\u00f0 lj\u00faka t\u00edman\u00e6mum verkefnum, pr\u00f3far hver \u00e1skorun teymisvinnu ykkar, samskipti og einbeitingu undir \u00fer\u00fdstingi. Upplifunin er algj\u00f6rlega s\u00f6gudrifin, h\u00f6nnu\u00f0 til a\u00f0 s\u00f6kkva h\u00f3pnum ykkar \u00ed miklar \u00e1h\u00e6ttur \u00fear sem val ykkar m\u00f3tar ni\u00f0urst\u00f6\u00f0una. Vinni\u00f0 saman, a\u00f0lagi\u00f0 ykkur hratt og fari\u00f0 markvisst um Eindhoven \u2014 \u00e1 sama t\u00edma og \u00fei\u00f0 hafi\u00f0 alltaf sveigjanleika til a\u00f0 gera hl\u00e9 \u00e1 og halda \u00e1fram lei\u00f0angrinum \u00e1 ykkar eigin hra\u00f0a.","how_to_play":"B\u00f3ka\u00f0u borgarleikinn, athuga\u00f0u t\u00f6lvup\u00f3stinn sem vi\u00f0 sendum \u00fe\u00e9r me\u00f0 lei\u00f0beiningunum, hala\u00f0u ni\u00f0ur Loquiz Appinu og byrja\u00f0u leikupplifunina \u00fe\u00edna!Kanna\u00f0u borgina \u00e1 \u00feann h\u00e1tt sem \u00fe\u00fa hefur aldrei gert \u00e1\u00f0ur. \u00deessi fl\u00f3ttaleikur er hlutverkaleikur bygg\u00f0ur \u00e1 s\u00f6gu, og hver me\u00f0limur li\u00f0sins \u00fe\u00edns mun hafa mikilv\u00e6gt hlutverk \u00ed verkefninu. Gakktu um borgina til a\u00f0 finna lausnir \u00e1 krefjandi \u00ferautum, g\u00e1tum og lj\u00f3smyndarverkefnum.","start_location":"Eindhoven, Markt","available_languages":["nl","en"],"players_per_group":"1-4","duration":"1.5-2 hours","image_overlay_color_image":"https:\/\/testwebsite.citygame.com\/wp-content\/blogs.dir\/1\/files\/sites\/62\/2026\/01\/SyndicateColor.svg","image_overlay_game_logo":"https:\/\/testwebsite.citygame.com\/wp-content\/blogs.dir\/1\/files\/sites\/62\/2026\/01\/SyndicateLogo.png","city_page":4444,"woocommerce_general_content":null},"yoast_head":"<!-- This site is optimized with the Yoast SEO Premium plugin v26.2 (Yoast SEO v26.3) - https:\/\/yoast.com\/wordpress\/plugins\/seo\/ -->\n<title>Product - City Game<\/title>\n<meta name=\"description\" content=\"The Eindhoven Syndicate. Spila\u00f0u sj\u00e1lfst\u00fdr\u00f0an borgarfl\u00f3ttaleik, leysi\u00f0 \u00ferautir, kl\u00e1ri\u00f0 verkefni og endurheimti\u00f0 stolnu form\u00falurnar \u00e1 ykkar eigin hra\u00f0a!\" \/>\n<meta name=\"robots\" content=\"noindex, follow, max-snippet:-1, max-image-preview:large, max-video-preview:-1\" \/>\n<meta property=\"og:locale\" content=\"is_IS\" \/>\n<meta property=\"og:type\" content=\"article\" \/>\n<meta property=\"og:title\" content=\"Product\" \/>\n<meta property=\"og:description\" content=\"The Eindhoven Syndicate. Spila\u00f0u sj\u00e1lfst\u00fdr\u00f0an borgarfl\u00f3ttaleik, leysi\u00f0 \u00ferautir, kl\u00e1ri\u00f0 verkefni og endurheimti\u00f0 stolnu form\u00falurnar \u00e1 ykkar eigin hra\u00f0a!\" \/>\n<meta property=\"og:url\" content=\"https:\/\/testwebsite.citygame.com\/is\/games\/unknown-location\/product-259\/\" \/>\n<meta property=\"og:site_name\" content=\"City Game\" \/>\n<meta property=\"article:publisher\" content=\"https:\/\/www.facebook.com\/profile.php?id=100086426226253\" \/>\n<meta property=\"article:modified_time\" content=\"2026-04-01T19:20:22+00:00\" \/>\n<meta property=\"og:image\" content=\"https:\/\/testwebsite.citygame.com\/wp-content\/blogs.dir\/1\/files\/sites\/62\/2026\/02\/woman-playing-city-game-catharinakerk-eindhoven.jpg\" \/>\n\t<meta property=\"og:image:width\" content=\"1024\" \/>\n\t<meta property=\"og:image:height\" content=\"1024\" \/>\n\t<meta property=\"og:image:type\" content=\"image\/jpeg\" \/>\n<meta name=\"twitter:card\" content=\"summary_large_image\" \/>\n<script type=\"application\/ld+json\" class=\"yoast-schema-graph\">{\"@context\":\"https:\/\/schema.org\",\"@graph\":[{\"@type\":\"WebPage\",\"@id\":\"https:\/\/testwebsite.citygame.com\/is\/games\/unknown-location\/product-259\/\",\"url\":\"https:\/\/testwebsite.citygame.com\/is\/games\/unknown-location\/product-259\/\",\"name\":\"Product - City Game\",\"isPartOf\":{\"@id\":\"https:\/\/testwebsite.upevents.nl\/#website\"},\"primaryImageOfPage\":{\"@id\":\"https:\/\/testwebsite.citygame.com\/is\/games\/unknown-location\/product-259\/#primaryimage\"},\"image\":{\"@id\":\"https:\/\/testwebsite.citygame.com\/is\/games\/unknown-location\/product-259\/#primaryimage\"},\"thumbnailUrl\":\"https:\/\/testwebsite.citygame.com\/wp-content\/blogs.dir\/1\/files\/sites\/62\/2026\/02\/woman-playing-city-game-catharinakerk-eindhoven.jpg\",\"datePublished\":\"2026-02-13T12:23:24+00:00\",\"dateModified\":\"2026-04-01T19:20:22+00:00\",\"description\":\"The Eindhoven Syndicate. Spila\u00f0u sj\u00e1lfst\u00fdr\u00f0an borgarfl\u00f3ttaleik, leysi\u00f0 \u00ferautir, kl\u00e1ri\u00f0 verkefni og endurheimti\u00f0 stolnu form\u00falurnar \u00e1 ykkar eigin hra\u00f0a!\",\"breadcrumb\":{\"@id\":\"https:\/\/testwebsite.citygame.com\/is\/games\/unknown-location\/product-259\/#breadcrumb\"},\"inLanguage\":\"is\",\"potentialAction\":[{\"@type\":\"ReadAction\",\"target\":[\"https:\/\/testwebsite.citygame.com\/is\/games\/unknown-location\/product-259\/\"]}]},{\"@type\":\"ImageObject\",\"inLanguage\":\"is\",\"@id\":\"https:\/\/testwebsite.citygame.com\/is\/games\/unknown-location\/product-259\/#primaryimage\",\"url\":\"https:\/\/testwebsite.citygame.com\/wp-content\/blogs.dir\/1\/files\/sites\/62\/2026\/02\/woman-playing-city-game-catharinakerk-eindhoven.jpg\",\"contentUrl\":\"https:\/\/testwebsite.citygame.com\/wp-content\/blogs.dir\/1\/files\/sites\/62\/2026\/02\/woman-playing-city-game-catharinakerk-eindhoven.jpg\",\"width\":1024,\"height\":1024,\"caption\":\"Exploring the city center of Eindhoven on a sunny day near the historic St. Catherine's Church.\"},{\"@type\":\"BreadcrumbList\",\"@id\":\"https:\/\/testwebsite.citygame.com\/is\/games\/unknown-location\/product-259\/#breadcrumb\",\"itemListElement\":[{\"@type\":\"ListItem\",\"position\":1,\"name\":\"Home\",\"item\":\"https:\/\/testwebsite.citygame.com\/is\/\"},{\"@type\":\"ListItem\",\"position\":2,\"name\":\"Shop\",\"item\":\"https:\/\/testwebsite.citygame.com\/shop\/\"},{\"@type\":\"ListItem\",\"position\":3,\"name\":\"Product\"}]},{\"@type\":\"WebSite\",\"@id\":\"https:\/\/testwebsite.upevents.nl\/#website\",\"url\":\"https:\/\/testwebsite.upevents.nl\/\",\"name\":\"City Game\",\"description\":\"\",\"publisher\":{\"@id\":\"https:\/\/testwebsite.upevents.nl\/#organization\"},\"alternateName\":\"citygame.com\",\"potentialAction\":[{\"@type\":\"SearchAction\",\"target\":{\"@type\":\"EntryPoint\",\"urlTemplate\":\"https:\/\/testwebsite.upevents.nl\/?s={search_term_string}\"},\"query-input\":{\"@type\":\"PropertyValueSpecification\",\"valueRequired\":true,\"valueName\":\"search_term_string\"}}],\"inLanguage\":\"is\"},{\"@type\":[\"Organization\",\"Place\"],\"@id\":\"https:\/\/testwebsite.upevents.nl\/#organization\",\"name\":\"City Game\",\"alternateName\":\"citygame.com\",\"url\":\"https:\/\/testwebsite.upevents.nl\/\",\"logo\":{\"@id\":\"https:\/\/testwebsite.citygame.com\/is\/games\/unknown-location\/product-259\/#local-main-organization-logo\"},\"image\":{\"@id\":\"https:\/\/testwebsite.citygame.com\/is\/games\/unknown-location\/product-259\/#local-main-organization-logo\"},\"sameAs\":[\"https:\/\/www.facebook.com\/profile.php?id=100086426226253\",\"https:\/\/www.instagram.com\/citygame_com\",\"https:\/\/www.tiktok.com\/@citygamecom\/\",\"https:\/\/www.linkedin.com\/company\/citygame-com\"],\"description\":\"Turn any city into a playground with our interactive City Games and self-guided tours. Fun, flexible, and ideal for groups and team building.\",\"telephone\":[],\"openingHoursSpecification\":[{\"@type\":\"OpeningHoursSpecification\",\"dayOfWeek\":[\"Monday\",\"Tuesday\",\"Wednesday\",\"Thursday\",\"Friday\",\"Saturday\",\"Sunday\"],\"opens\":\"09:00\",\"closes\":\"17:00\"}]},{\"@type\":\"ImageObject\",\"inLanguage\":\"is\",\"@id\":\"https:\/\/testwebsite.citygame.com\/is\/games\/unknown-location\/product-259\/#local-main-organization-logo\",\"url\":\"https:\/\/testwebsite.citygame.com\/wp-content\/blogs.dir\/1\/files\/sites\/62\/2025\/10\/CG_LOGO-City-Game.png\",\"contentUrl\":\"https:\/\/testwebsite.citygame.com\/wp-content\/blogs.dir\/1\/files\/sites\/62\/2025\/10\/CG_LOGO-City-Game.png\",\"width\":351,\"height\":377,\"caption\":\"City Game\"}]}<\/script>\n<!-- \/ Yoast SEO Premium plugin. -->","yoast_head_json":{"title":"Product - City Game","description":"The Eindhoven Syndicate. Spila\u00f0u sj\u00e1lfst\u00fdr\u00f0an borgarfl\u00f3ttaleik, leysi\u00f0 \u00ferautir, kl\u00e1ri\u00f0 verkefni og endurheimti\u00f0 stolnu form\u00falurnar \u00e1 ykkar eigin hra\u00f0a!","robots":{"index":"noindex","follow":"follow","max-snippet":"max-snippet:-1","max-image-preview":"max-image-preview:large","max-video-preview":"max-video-preview:-1"},"og_locale":"is_IS","og_type":"article","og_title":"Product","og_description":"The Eindhoven Syndicate. Spila\u00f0u sj\u00e1lfst\u00fdr\u00f0an borgarfl\u00f3ttaleik, leysi\u00f0 \u00ferautir, kl\u00e1ri\u00f0 verkefni og endurheimti\u00f0 stolnu form\u00falurnar \u00e1 ykkar eigin hra\u00f0a!","og_url":"https:\/\/testwebsite.citygame.com\/is\/games\/unknown-location\/product-259\/","og_site_name":"City Game","article_publisher":"https:\/\/www.facebook.com\/profile.php?id=100086426226253","article_modified_time":"2026-04-01T19:20:22+00:00","og_image":[{"width":1024,"height":1024,"url":"https:\/\/testwebsite.citygame.com\/wp-content\/blogs.dir\/1\/files\/sites\/62\/2026\/02\/woman-playing-city-game-catharinakerk-eindhoven.jpg","type":"image\/jpeg"}],"twitter_card":"summary_large_image","schema":{"@context":"https:\/\/schema.org","@graph":[{"@type":"WebPage","@id":"https:\/\/testwebsite.citygame.com\/is\/games\/unknown-location\/product-259\/","url":"https:\/\/testwebsite.citygame.com\/is\/games\/unknown-location\/product-259\/","name":"Product - City Game","isPartOf":{"@id":"https:\/\/testwebsite.upevents.nl\/#website"},"primaryImageOfPage":{"@id":"https:\/\/testwebsite.citygame.com\/is\/games\/unknown-location\/product-259\/#primaryimage"},"image":{"@id":"https:\/\/testwebsite.citygame.com\/is\/games\/unknown-location\/product-259\/#primaryimage"},"thumbnailUrl":"https:\/\/testwebsite.citygame.com\/wp-content\/blogs.dir\/1\/files\/sites\/62\/2026\/02\/woman-playing-city-game-catharinakerk-eindhoven.jpg","datePublished":"2026-02-13T12:23:24+00:00","dateModified":"2026-04-01T19:20:22+00:00","description":"The Eindhoven Syndicate. Spila\u00f0u sj\u00e1lfst\u00fdr\u00f0an borgarfl\u00f3ttaleik, leysi\u00f0 \u00ferautir, kl\u00e1ri\u00f0 verkefni og endurheimti\u00f0 stolnu form\u00falurnar \u00e1 ykkar eigin hra\u00f0a!","breadcrumb":{"@id":"https:\/\/testwebsite.citygame.com\/is\/games\/unknown-location\/product-259\/#breadcrumb"},"inLanguage":"is","potentialAction":[{"@type":"ReadAction","target":["https:\/\/testwebsite.citygame.com\/is\/games\/unknown-location\/product-259\/"]}]},{"@type":"ImageObject","inLanguage":"is","@id":"https:\/\/testwebsite.citygame.com\/is\/games\/unknown-location\/product-259\/#primaryimage","url":"https:\/\/testwebsite.citygame.com\/wp-content\/blogs.dir\/1\/files\/sites\/62\/2026\/02\/woman-playing-city-game-catharinakerk-eindhoven.jpg","contentUrl":"https:\/\/testwebsite.citygame.com\/wp-content\/blogs.dir\/1\/files\/sites\/62\/2026\/02\/woman-playing-city-game-catharinakerk-eindhoven.jpg","width":1024,"height":1024,"caption":"Exploring the city center of Eindhoven on a sunny day near the historic St. Catherine's Church."},{"@type":"BreadcrumbList","@id":"https:\/\/testwebsite.citygame.com\/is\/games\/unknown-location\/product-259\/#breadcrumb","itemListElement":[{"@type":"ListItem","position":1,"name":"Home","item":"https:\/\/testwebsite.citygame.com\/is\/"},{"@type":"ListItem","position":2,"name":"Shop","item":"https:\/\/testwebsite.citygame.com\/shop\/"},{"@type":"ListItem","position":3,"name":"Product"}]},{"@type":"WebSite","@id":"https:\/\/testwebsite.upevents.nl\/#website","url":"https:\/\/testwebsite.upevents.nl\/","name":"City Game","description":"","publisher":{"@id":"https:\/\/testwebsite.upevents.nl\/#organization"},"alternateName":"citygame.com","potentialAction":[{"@type":"SearchAction","target":{"@type":"EntryPoint","urlTemplate":"https:\/\/testwebsite.upevents.nl\/?s={search_term_string}"},"query-input":{"@type":"PropertyValueSpecification","valueRequired":true,"valueName":"search_term_string"}}],"inLanguage":"is"},{"@type":["Organization","Place"],"@id":"https:\/\/testwebsite.upevents.nl\/#organization","name":"City Game","alternateName":"citygame.com","url":"https:\/\/testwebsite.upevents.nl\/","logo":{"@id":"https:\/\/testwebsite.citygame.com\/is\/games\/unknown-location\/product-259\/#local-main-organization-logo"},"image":{"@id":"https:\/\/testwebsite.citygame.com\/is\/games\/unknown-location\/product-259\/#local-main-organization-logo"},"sameAs":["https:\/\/www.facebook.com\/profile.php?id=100086426226253","https:\/\/www.instagram.com\/citygame_com","https:\/\/www.tiktok.com\/@citygamecom\/","https:\/\/www.linkedin.com\/company\/citygame-com"],"description":"Turn any city into a playground with our interactive City Games and self-guided tours. Fun, flexible, and ideal for groups and team building.","telephone":[],"openingHoursSpecification":[{"@type":"OpeningHoursSpecification","dayOfWeek":["Monday","Tuesday","Wednesday","Thursday","Friday","Saturday","Sunday"],"opens":"09:00","closes":"17:00"}]},{"@type":"ImageObject","inLanguage":"is","@id":"https:\/\/testwebsite.citygame.com\/is\/games\/unknown-location\/product-259\/#local-main-organization-logo","url":"https:\/\/testwebsite.citygame.com\/wp-content\/blogs.dir\/1\/files\/sites\/62\/2025\/10\/CG_LOGO-City-Game.png","contentUrl":"https:\/\/testwebsite.citygame.com\/wp-content\/blogs.dir\/1\/files\/sites\/62\/2025\/10\/CG_LOGO-City-Game.png","width":351,"height":377,"caption":"City Game"}]}},"taxonomy_info":{"game-concept":[{"value":37,"label":"Syndicate"}],"product_cat":[{"value":27,"label":"Geen categorie"}]},"featured_image_src_large":["https:\/\/testwebsite.citygame.com\/wp-content\/blogs.dir\/1\/files\/sites\/62\/2026\/02\/woman-playing-city-game-catharinakerk-eindhoven.jpg",1024,1024,false],"author_info":[],"comment_info":"","_links":{"self":[{"href":"https:\/\/testwebsite.citygame.com\/is\/wp-json\/wp\/v2\/product\/34725","targetHints":{"allow":["GET"]}}],"collection":[{"href":"https:\/\/testwebsite.citygame.com\/is\/wp-json\/wp\/v2\/product"}],"about":[{"href":"https:\/\/testwebsite.citygame.com\/is\/wp-json\/wp\/v2\/types\/product"}],"acf:post":[{"embeddable":true,"href":"https:\/\/testwebsite.citygame.com\/is\/wp-json\/wp\/v2\/pages\/4444"}],"wp:featuredmedia":[{"embeddable":true,"href":"https:\/\/testwebsite.citygame.com\/is\/wp-json\/wp\/v2\/media\/13508"}],"wp:attachment":[{"href":"https:\/\/testwebsite.citygame.com\/is\/wp-json\/wp\/v2\/media?parent=34725"}],"wp:term":[{"taxonomy":"game-concept","embeddable":true,"href":"https:\/\/testwebsite.citygame.com\/is\/wp-json\/wp\/v2\/game-concept?post=34725"},{"taxonomy":"location","embeddable":true,"href":"https:\/\/testwebsite.citygame.com\/is\/wp-json\/wp\/v2\/location?post=34725"},{"taxonomy":"product_brand","embeddable":true,"href":"https:\/\/testwebsite.citygame.com\/is\/wp-json\/wp\/v2\/product_brand?post=34725"},{"taxonomy":"product_cat","embeddable":true,"href":"https:\/\/testwebsite.citygame.com\/is\/wp-json\/wp\/v2\/product_cat?post=34725"},{"taxonomy":"product_tag","embeddable":true,"href":"https:\/\/testwebsite.citygame.com\/is\/wp-json\/wp\/v2\/product_tag?post=34725"}],"curies":[{"name":"wp","href":"https:\/\/api.w.org\/{rel}","templated":true}]}}