{"id":65020,"date":"2026-03-19T09:50:16","date_gmt":"2026-03-19T09:50:16","guid":{"rendered":"https:\/\/testwebsite.citygame.com\/games\/unknown-location\/sherlock-holmes-bogota\/"},"modified":"2026-04-08T15:10:28","modified_gmt":"2026-04-08T15:10:28","slug":"sherlock-holmes-bogota","status":"publish","type":"product","link":"https:\/\/testwebsite.citygame.com\/id\/games\/bogota\/sherlock-holmes-bogota\/","title":{"rendered":"Sherlock Holmes Bogot\u00e1"},"content":{"rendered":"<p>Benamkan diri Anda di jantung kota Bogot\u00e1 dengan Sherlock Holmes City Game kami yang mandiri dan digerakkan oleh cerita. Pusat kota Bogot\u00e1 yang ramai berubah menjadi latar belakang yang menarik untuk penyelidikan detektif, yang dipicu oleh pembunuhan di Liberty Festival. Saat Anda menjelajahi jalanan kota&#8217;s, narasi yang terungkap akan memandu pencarian Anda, menuntun Anda untuk mengumpulkan petunjuk, memecahkan teka-teki rumit, dan menginterogasi tersangka digital. Ambil peran sebagai detektif terampil sesuai kecepatan Anda sendiri, biarkan dunia Sherlock Holmes membawa Anda ke dalam labirin misteri dan intrik yang gemerlap.<\/p>\n","protected":false},"excerpt":{"rendered":"<p>Masuklah ke dalam peran Sherlock Holmes yang ikonik, memulai misteri pembunuhan mandiri yang intens di Bogot\u00e1. Lacak petunjuk yang sulit ditemukan, pecahkan teka-teki yang menantang pikiran, dan bekerja sebagai tim untuk mengungkap kebenaran sebelum waktu habis!<\/p>\n","protected":false},"featured_media":19277,"template":"","meta":{"_acf_changed":false,"_yoast_wpseo_focuskw":"Sherlock Holmes Bogot\u00e1","_yoast_wpseo_metadesc":"Sherlock Holmes Bogot\u00e1. Mainkan City Game misteri pembunuhan mandiri, pecahkan teka-teki, ikuti petunjuk, dan ungkap pembunuhnya sesuai kecepatan Anda sendiri!","_kad_blocks_custom_css":"","_kad_blocks_head_custom_js":"","_kad_blocks_body_custom_js":"","_kad_blocks_footer_custom_js":"","ghostkit_customizer_options":"","ghostkit_custom_css":"","ghostkit_custom_js_head":"","ghostkit_custom_js_foot":"","ghostkit_typography":"","_kad_post_transparent":"default","_kad_post_title":"","_kad_post_layout":"default","_kad_post_sidebar_id":"","_kad_post_content_style":"default","_kad_post_vertical_padding":"default","_kad_post_feature":"","_kad_post_feature_position":"","_kad_post_header":false,"_kad_post_footer":false,"_kad_post_classname":"","_links_to":"","_links_to_target":""},"game-concept":[777],"location":[92],"product_brand":[],"product_cat":[27],"product_tag":[],"class_list":{"0":"post-65020","1":"product","2":"type-product","3":"status-publish","4":"has-post-thumbnail","6":"game-concept-sherlock","7":"location-bogota","8":"product_cat-geen-categorie","10":"first","11":"instock","12":"shipping-taxable","13":"purchasable","14":"product-type-simple","15":"entry","16":"content-bg","17":"loop-entry"},"acf":{"full_bokun_product_name":"Bogota Self-Guided Sherlock Holmes Murder Mystery Game","location_name":"Bogot\u00e1","bokun_calendar_widget_code":"<script type=\"text\/javascript\" src=\"https:\/\/widgets.bokun.io\/assets\/javascripts\/apps\/build\/BokunWidgetsLoader.js?bookingChannelUUID=a1e93e96-5232-4734-a595-28405f4b5a31\" async><\/script>\n     \n    <div class=\"bokunWidget\" data-src=\"https:\/\/widgets.bokun.io\/online-sales\/a1e93e96-5232-4734-a595-28405f4b5a31\/experience-calendar\/734137\"><\/div>\n    <noscript>Please enable javascript in your browser to book<\/noscript>","bokun_button_widget_code":"<script type=\"text\/javascript\" src=\"https:\/\/widgets.bokun.io\/assets\/javascripts\/apps\/build\/BokunWidgetsLoader.js?bookingChannelUUID=a1e93e96-5232-4734-a595-28405f4b5a31\" async><\/script>\n      <style> #bokun_ed001e45_5927_4f62_b470_ca766338d083 { display: inline-block; padding: .4em 1em; background: #47b82e; border-radius: 999999px; box-shadow: none; font-weight: 600; font-size: 24px; text-decoration: none; text-align: center; color: #FFFFFF; border:none; cursor: pointer; transition: background .2s ease; } #bokun_ed001e45_5927_4f62_b470_ca766338d083:hover{ background: #2f7b1f; } #bokun_ed001e45_5927_4f62_b470_ca766338d083:active{ background: #378f24; } <\/style> <button class=\"bokunButton\" disabled id=bokun_ed001e45_5927_4f62_b470_ca766338d083 data-src=\"https:\/\/widgets.bokun.io\/online-sales\/a1e93e96-5232-4734-a595-28405f4b5a31\/experience-calendar\/734137?partialView=1\" data-testid=\"widget-book-button\" > Book now <\/button> ","what_you\u2019ll_experience_during_the_game":"Dalam Sherlock Holmes City Game, Anda akan mengalami misteri pembunuhan mendebarkan yang berlatar di Bogot\u00e1. Saat cerita detektif Anda yang mencekam terungkap, Anda akan menjelajahi jalanan kota, menemukan petunjuk dan memecahkan teka-teki rumit sambil menghadapi liku-liku yang menantang keterampilan investigasi Anda. Anda akan menemukan diri Anda menginterogasi tersangka digital dan menganalisis alibi mereka dengan cermat untuk mencari kontradiksi, menghidupkan misteri tersebut.\r\n\r\nPerjalanan Anda tidak hanya akan menekankan pemikiran kritis, observasi, dan deduksi, tetapi juga akan membawa Anda ke jantung pembunuhan selama Liberty Festival. Kebenaran apa yang tersembunyi di balik suasana perayaan? Itu terserah Anda untuk mengungkapnya, tanpa spoiler apa pun yang diberikan di sini. Game ini sepenuhnya digerakkan oleh cerita, memastikan skenario yang imersif di mana Anda bermain sesuai kecepatan Anda sendiri, dengan kebebasan untuk berhenti sejenak dan melanjutkan kapan pun Anda mau. Bagi mereka yang menyukai sedikit kompetisi, bermain dalam tim dapat menawarkan tantangan yang menarik, meskipun kompetisi bukanlah fokus utama, misteri dan mengungkap kebenaran adalah intinya.","how_to_play":"Bermain sendiri atau bersama teman, keluarga, atau kolega dalam tim hingga empat orang per perangkat. Setelah melakukan pemesanan, Anda akan menerima email instruksi dengan semua yang Anda butuhkan.","start_location":"Bogota, Catedral Primada de Colombia","available_languages":["nl","en","fr","de","it","es"],"players_per_group":"1-4","duration":"1.5-2 hours","image_overlay_color_image":"https:\/\/testwebsite.citygame.com\/wp-content\/blogs.dir\/1\/files\/sites\/62\/2026\/01\/SherlockColor.svg","image_overlay_game_logo":"https:\/\/testwebsite.citygame.com\/wp-content\/blogs.dir\/1\/files\/sites\/62\/2026\/01\/SherlockLogo.png","city_page":15667,"woocommerce_general_content":null},"yoast_head":"<!-- This site is optimized with the Yoast SEO Premium plugin v26.2 (Yoast SEO v26.3) - https:\/\/yoast.com\/wordpress\/plugins\/seo\/ -->\n<title>Sherlock Holmes Bogot\u00e1 - City Game<\/title>\n<meta name=\"description\" content=\"Sherlock Holmes Bogot\u00e1. Mainkan City Game misteri pembunuhan mandiri, pecahkan teka-teki, ikuti petunjuk, dan ungkap pembunuhnya sesuai kecepatan Anda sendiri!\" \/>\n<meta name=\"robots\" content=\"noindex, follow, max-snippet:-1, max-image-preview:large, max-video-preview:-1\" \/>\n<meta property=\"og:locale\" content=\"id_ID\" \/>\n<meta property=\"og:type\" content=\"article\" \/>\n<meta property=\"og:title\" content=\"Sherlock Holmes Bogot\u00e1\" \/>\n<meta property=\"og:description\" content=\"Sherlock Holmes Bogot\u00e1. Mainkan City Game misteri pembunuhan mandiri, pecahkan teka-teki, ikuti petunjuk, dan ungkap pembunuhnya sesuai kecepatan Anda sendiri!\" \/>\n<meta property=\"og:url\" content=\"https:\/\/testwebsite.citygame.com\/id\/games\/bogota\/sherlock-holmes-bogota\/\" \/>\n<meta property=\"og:site_name\" content=\"City Game\" \/>\n<meta property=\"article:publisher\" content=\"https:\/\/www.facebook.com\/profile.php?id=100086426226253\" \/>\n<meta property=\"article:modified_time\" content=\"2026-04-08T15:10:28+00:00\" \/>\n<meta property=\"og:image\" content=\"https:\/\/testwebsite.citygame.com\/wp-content\/blogs.dir\/1\/files\/sites\/62\/2026\/03\/woman-playing-city-game-plaza-de-bolivar-bogota.jpg\" \/>\n\t<meta property=\"og:image:width\" content=\"1024\" \/>\n\t<meta property=\"og:image:height\" content=\"1024\" \/>\n\t<meta property=\"og:image:type\" content=\"image\/jpeg\" \/>\n<meta name=\"twitter:card\" content=\"summary_large_image\" \/>\n<script type=\"application\/ld+json\" class=\"yoast-schema-graph\">{\"@context\":\"https:\/\/schema.org\",\"@graph\":[{\"@type\":\"WebPage\",\"@id\":\"https:\/\/testwebsite.citygame.com\/id\/games\/bogota\/sherlock-holmes-bogota\/\",\"url\":\"https:\/\/testwebsite.citygame.com\/id\/games\/bogota\/sherlock-holmes-bogota\/\",\"name\":\"Sherlock Holmes Bogot\u00e1 - City Game\",\"isPartOf\":{\"@id\":\"https:\/\/testwebsite.upevents.nl\/#website\"},\"primaryImageOfPage\":{\"@id\":\"https:\/\/testwebsite.citygame.com\/id\/games\/bogota\/sherlock-holmes-bogota\/#primaryimage\"},\"image\":{\"@id\":\"https:\/\/testwebsite.citygame.com\/id\/games\/bogota\/sherlock-holmes-bogota\/#primaryimage\"},\"thumbnailUrl\":\"https:\/\/testwebsite.citygame.com\/wp-content\/blogs.dir\/1\/files\/sites\/62\/2026\/03\/woman-playing-city-game-plaza-de-bolivar-bogota.jpg\",\"datePublished\":\"2026-03-19T09:50:16+00:00\",\"dateModified\":\"2026-04-08T15:10:28+00:00\",\"description\":\"Sherlock Holmes Bogot\u00e1. Mainkan City Game misteri pembunuhan mandiri, pecahkan teka-teki, ikuti petunjuk, dan ungkap pembunuhnya sesuai kecepatan Anda sendiri!\",\"breadcrumb\":{\"@id\":\"https:\/\/testwebsite.citygame.com\/id\/games\/bogota\/sherlock-holmes-bogota\/#breadcrumb\"},\"inLanguage\":\"id\",\"potentialAction\":[{\"@type\":\"ReadAction\",\"target\":[\"https:\/\/testwebsite.citygame.com\/id\/games\/bogota\/sherlock-holmes-bogota\/\"]}]},{\"@type\":\"ImageObject\",\"inLanguage\":\"id\",\"@id\":\"https:\/\/testwebsite.citygame.com\/id\/games\/bogota\/sherlock-holmes-bogota\/#primaryimage\",\"url\":\"https:\/\/testwebsite.citygame.com\/wp-content\/blogs.dir\/1\/files\/sites\/62\/2026\/03\/woman-playing-city-game-plaza-de-bolivar-bogota.jpg\",\"contentUrl\":\"https:\/\/testwebsite.citygame.com\/wp-content\/blogs.dir\/1\/files\/sites\/62\/2026\/03\/woman-playing-city-game-plaza-de-bolivar-bogota.jpg\",\"width\":1024,\"height\":1024,\"caption\":\"A visitor uses her phone to play an interactive game in the historic Plaza de Bol\u00edvar.\"},{\"@type\":\"BreadcrumbList\",\"@id\":\"https:\/\/testwebsite.citygame.com\/id\/games\/bogota\/sherlock-holmes-bogota\/#breadcrumb\",\"itemListElement\":[{\"@type\":\"ListItem\",\"position\":1,\"name\":\"Home\",\"item\":\"https:\/\/testwebsite.citygame.com\/id\/\"},{\"@type\":\"ListItem\",\"position\":2,\"name\":\"Shop\",\"item\":\"https:\/\/testwebsite.citygame.com\/shop\/\"},{\"@type\":\"ListItem\",\"position\":3,\"name\":\"Sherlock Holmes Bogot\u00e1\"}]},{\"@type\":\"WebSite\",\"@id\":\"https:\/\/testwebsite.upevents.nl\/#website\",\"url\":\"https:\/\/testwebsite.upevents.nl\/\",\"name\":\"City Game\",\"description\":\"\",\"publisher\":{\"@id\":\"https:\/\/testwebsite.upevents.nl\/#organization\"},\"alternateName\":\"citygame.com\",\"potentialAction\":[{\"@type\":\"SearchAction\",\"target\":{\"@type\":\"EntryPoint\",\"urlTemplate\":\"https:\/\/testwebsite.upevents.nl\/?s={search_term_string}\"},\"query-input\":{\"@type\":\"PropertyValueSpecification\",\"valueRequired\":true,\"valueName\":\"search_term_string\"}}],\"inLanguage\":\"id\"},{\"@type\":[\"Organization\",\"Place\"],\"@id\":\"https:\/\/testwebsite.upevents.nl\/#organization\",\"name\":\"City Game\",\"alternateName\":\"citygame.com\",\"url\":\"https:\/\/testwebsite.upevents.nl\/\",\"logo\":{\"@id\":\"https:\/\/testwebsite.citygame.com\/id\/games\/bogota\/sherlock-holmes-bogota\/#local-main-organization-logo\"},\"image\":{\"@id\":\"https:\/\/testwebsite.citygame.com\/id\/games\/bogota\/sherlock-holmes-bogota\/#local-main-organization-logo\"},\"sameAs\":[\"https:\/\/www.facebook.com\/profile.php?id=100086426226253\",\"https:\/\/www.instagram.com\/citygame_com\",\"https:\/\/www.tiktok.com\/@citygamecom\/\",\"https:\/\/www.linkedin.com\/company\/citygame-com\"],\"description\":\"Turn any city into a playground with our interactive City Games and self-guided tours. Fun, flexible, and ideal for groups and team building.\",\"telephone\":[],\"openingHoursSpecification\":[{\"@type\":\"OpeningHoursSpecification\",\"dayOfWeek\":[\"Monday\",\"Tuesday\",\"Wednesday\",\"Thursday\",\"Friday\",\"Saturday\",\"Sunday\"],\"opens\":\"09:00\",\"closes\":\"17:00\"}]},{\"@type\":\"ImageObject\",\"inLanguage\":\"id\",\"@id\":\"https:\/\/testwebsite.citygame.com\/id\/games\/bogota\/sherlock-holmes-bogota\/#local-main-organization-logo\",\"url\":\"https:\/\/testwebsite.citygame.com\/wp-content\/blogs.dir\/1\/files\/sites\/62\/2025\/10\/CG_LOGO-City-Game.png\",\"contentUrl\":\"https:\/\/testwebsite.citygame.com\/wp-content\/blogs.dir\/1\/files\/sites\/62\/2025\/10\/CG_LOGO-City-Game.png\",\"width\":351,\"height\":377,\"caption\":\"City Game\"}]}<\/script>\n<!-- \/ Yoast SEO Premium plugin. -->","yoast_head_json":{"title":"Sherlock Holmes Bogot\u00e1 - City Game","description":"Sherlock Holmes Bogot\u00e1. Mainkan City Game misteri pembunuhan mandiri, pecahkan teka-teki, ikuti petunjuk, dan ungkap pembunuhnya sesuai kecepatan Anda sendiri!","robots":{"index":"noindex","follow":"follow","max-snippet":"max-snippet:-1","max-image-preview":"max-image-preview:large","max-video-preview":"max-video-preview:-1"},"og_locale":"id_ID","og_type":"article","og_title":"Sherlock Holmes Bogot\u00e1","og_description":"Sherlock Holmes Bogot\u00e1. Mainkan City Game misteri pembunuhan mandiri, pecahkan teka-teki, ikuti petunjuk, dan ungkap pembunuhnya sesuai kecepatan Anda sendiri!","og_url":"https:\/\/testwebsite.citygame.com\/id\/games\/bogota\/sherlock-holmes-bogota\/","og_site_name":"City Game","article_publisher":"https:\/\/www.facebook.com\/profile.php?id=100086426226253","article_modified_time":"2026-04-08T15:10:28+00:00","og_image":[{"width":1024,"height":1024,"url":"https:\/\/testwebsite.citygame.com\/wp-content\/blogs.dir\/1\/files\/sites\/62\/2026\/03\/woman-playing-city-game-plaza-de-bolivar-bogota.jpg","type":"image\/jpeg"}],"twitter_card":"summary_large_image","schema":{"@context":"https:\/\/schema.org","@graph":[{"@type":"WebPage","@id":"https:\/\/testwebsite.citygame.com\/id\/games\/bogota\/sherlock-holmes-bogota\/","url":"https:\/\/testwebsite.citygame.com\/id\/games\/bogota\/sherlock-holmes-bogota\/","name":"Sherlock Holmes Bogot\u00e1 - City Game","isPartOf":{"@id":"https:\/\/testwebsite.upevents.nl\/#website"},"primaryImageOfPage":{"@id":"https:\/\/testwebsite.citygame.com\/id\/games\/bogota\/sherlock-holmes-bogota\/#primaryimage"},"image":{"@id":"https:\/\/testwebsite.citygame.com\/id\/games\/bogota\/sherlock-holmes-bogota\/#primaryimage"},"thumbnailUrl":"https:\/\/testwebsite.citygame.com\/wp-content\/blogs.dir\/1\/files\/sites\/62\/2026\/03\/woman-playing-city-game-plaza-de-bolivar-bogota.jpg","datePublished":"2026-03-19T09:50:16+00:00","dateModified":"2026-04-08T15:10:28+00:00","description":"Sherlock Holmes Bogot\u00e1. Mainkan City Game misteri pembunuhan mandiri, pecahkan teka-teki, ikuti petunjuk, dan ungkap pembunuhnya sesuai kecepatan Anda sendiri!","breadcrumb":{"@id":"https:\/\/testwebsite.citygame.com\/id\/games\/bogota\/sherlock-holmes-bogota\/#breadcrumb"},"inLanguage":"id","potentialAction":[{"@type":"ReadAction","target":["https:\/\/testwebsite.citygame.com\/id\/games\/bogota\/sherlock-holmes-bogota\/"]}]},{"@type":"ImageObject","inLanguage":"id","@id":"https:\/\/testwebsite.citygame.com\/id\/games\/bogota\/sherlock-holmes-bogota\/#primaryimage","url":"https:\/\/testwebsite.citygame.com\/wp-content\/blogs.dir\/1\/files\/sites\/62\/2026\/03\/woman-playing-city-game-plaza-de-bolivar-bogota.jpg","contentUrl":"https:\/\/testwebsite.citygame.com\/wp-content\/blogs.dir\/1\/files\/sites\/62\/2026\/03\/woman-playing-city-game-plaza-de-bolivar-bogota.jpg","width":1024,"height":1024,"caption":"A visitor uses her phone to play an interactive game in the historic Plaza de Bol\u00edvar."},{"@type":"BreadcrumbList","@id":"https:\/\/testwebsite.citygame.com\/id\/games\/bogota\/sherlock-holmes-bogota\/#breadcrumb","itemListElement":[{"@type":"ListItem","position":1,"name":"Home","item":"https:\/\/testwebsite.citygame.com\/id\/"},{"@type":"ListItem","position":2,"name":"Shop","item":"https:\/\/testwebsite.citygame.com\/shop\/"},{"@type":"ListItem","position":3,"name":"Sherlock Holmes Bogot\u00e1"}]},{"@type":"WebSite","@id":"https:\/\/testwebsite.upevents.nl\/#website","url":"https:\/\/testwebsite.upevents.nl\/","name":"City Game","description":"","publisher":{"@id":"https:\/\/testwebsite.upevents.nl\/#organization"},"alternateName":"citygame.com","potentialAction":[{"@type":"SearchAction","target":{"@type":"EntryPoint","urlTemplate":"https:\/\/testwebsite.upevents.nl\/?s={search_term_string}"},"query-input":{"@type":"PropertyValueSpecification","valueRequired":true,"valueName":"search_term_string"}}],"inLanguage":"id"},{"@type":["Organization","Place"],"@id":"https:\/\/testwebsite.upevents.nl\/#organization","name":"City Game","alternateName":"citygame.com","url":"https:\/\/testwebsite.upevents.nl\/","logo":{"@id":"https:\/\/testwebsite.citygame.com\/id\/games\/bogota\/sherlock-holmes-bogota\/#local-main-organization-logo"},"image":{"@id":"https:\/\/testwebsite.citygame.com\/id\/games\/bogota\/sherlock-holmes-bogota\/#local-main-organization-logo"},"sameAs":["https:\/\/www.facebook.com\/profile.php?id=100086426226253","https:\/\/www.instagram.com\/citygame_com","https:\/\/www.tiktok.com\/@citygamecom\/","https:\/\/www.linkedin.com\/company\/citygame-com"],"description":"Turn any city into a playground with our interactive City Games and self-guided tours. Fun, flexible, and ideal for groups and team building.","telephone":[],"openingHoursSpecification":[{"@type":"OpeningHoursSpecification","dayOfWeek":["Monday","Tuesday","Wednesday","Thursday","Friday","Saturday","Sunday"],"opens":"09:00","closes":"17:00"}]},{"@type":"ImageObject","inLanguage":"id","@id":"https:\/\/testwebsite.citygame.com\/id\/games\/bogota\/sherlock-holmes-bogota\/#local-main-organization-logo","url":"https:\/\/testwebsite.citygame.com\/wp-content\/blogs.dir\/1\/files\/sites\/62\/2025\/10\/CG_LOGO-City-Game.png","contentUrl":"https:\/\/testwebsite.citygame.com\/wp-content\/blogs.dir\/1\/files\/sites\/62\/2025\/10\/CG_LOGO-City-Game.png","width":351,"height":377,"caption":"City Game"}]}},"taxonomy_info":{"game-concept":[{"value":777,"label":"Sherlock"}],"location":[{"value":92,"label":"Bogota"}],"product_cat":[{"value":27,"label":"Geen categorie"}]},"featured_image_src_large":["https:\/\/testwebsite.citygame.com\/wp-content\/blogs.dir\/1\/files\/sites\/62\/2026\/03\/woman-playing-city-game-plaza-de-bolivar-bogota.jpg",1024,1024,false],"author_info":[],"comment_info":"","_links":{"self":[{"href":"https:\/\/testwebsite.citygame.com\/id\/wp-json\/wp\/v2\/product\/65020","targetHints":{"allow":["GET"]}}],"collection":[{"href":"https:\/\/testwebsite.citygame.com\/id\/wp-json\/wp\/v2\/product"}],"about":[{"href":"https:\/\/testwebsite.citygame.com\/id\/wp-json\/wp\/v2\/types\/product"}],"acf:post":[{"embeddable":true,"href":"https:\/\/testwebsite.citygame.com\/id\/wp-json\/wp\/v2\/pages\/15667"}],"wp:featuredmedia":[{"embeddable":true,"href":"https:\/\/testwebsite.citygame.com\/id\/wp-json\/wp\/v2\/media\/19277"}],"wp:attachment":[{"href":"https:\/\/testwebsite.citygame.com\/id\/wp-json\/wp\/v2\/media?parent=65020"}],"wp:term":[{"taxonomy":"game-concept","embeddable":true,"href":"https:\/\/testwebsite.citygame.com\/id\/wp-json\/wp\/v2\/game-concept?post=65020"},{"taxonomy":"location","embeddable":true,"href":"https:\/\/testwebsite.citygame.com\/id\/wp-json\/wp\/v2\/location?post=65020"},{"taxonomy":"product_brand","embeddable":true,"href":"https:\/\/testwebsite.citygame.com\/id\/wp-json\/wp\/v2\/product_brand?post=65020"},{"taxonomy":"product_cat","embeddable":true,"href":"https:\/\/testwebsite.citygame.com\/id\/wp-json\/wp\/v2\/product_cat?post=65020"},{"taxonomy":"product_tag","embeddable":true,"href":"https:\/\/testwebsite.citygame.com\/id\/wp-json\/wp\/v2\/product_tag?post=65020"}],"curies":[{"name":"wp","href":"https:\/\/api.w.org\/{rel}","templated":true}]}}