{"id":63535,"date":"2026-01-15T12:22:48","date_gmt":"2026-01-15T12:22:48","guid":{"rendered":"https:\/\/testwebsite.citygame.com\/games\/unknown-location\/secrets-of-zurich\/"},"modified":"2026-04-08T11:57:59","modified_gmt":"2026-04-08T11:57:59","slug":"secrets-of-zurich","status":"publish","type":"product","link":"https:\/\/testwebsite.citygame.com\/id\/games\/zurich\/secrets-of-zurich\/","title":{"rendered":"Secrets of Zurich"},"content":{"rendered":"<p>City Game Zurich adalah permainan kota mandiri yang berlangsung di pusat bersejarah Zurich. Permainan berbasis GPS ini mengajak pemain untuk menjelajahi kota menggunakan ponsel pintar mereka sambil memecahkan teka-teki, misteri, dan tantangan foto di sepanjang jalan. Sebagai permainan eksplorasi, ini menawarkan cara yang menyenangkan dan interaktif untuk menemukan sejarah, budaya, dan detail tersembunyi Zurich sesuai kecepatan Anda sendiri. Dirancang untuk pengunjung dan penduduk lokal, pengalaman ini fleksibel dan menarik. Baik Anda menjelajah sendiri, bersama pasangan, atau dalam kelompok keluarga atau teman, permainan berbasis GPS ini memberikan cara unik untuk melihat Zurich.<\/p>\n","protected":false},"excerpt":{"rendered":"<p>Nyalakan Percikan Reformasi Z\u00fcrich! Dari tepi Limmat yang berkilauan hingga gereja-gereja bersejarah dan kafe-kafe ramai, pecahkan petunjuk untuk membantu Huldrych Zwingli menemukan kembali Gulungan Disputasi saat sejarah dan budaya mutakhir berpadu dalam pengejaran mendebarkan di seluruh kota.<\/p>\n","protected":false},"featured_media":4036,"template":"","meta":{"_acf_changed":false,"_yoast_wpseo_focuskw":"Secrets of Zurich","_yoast_wpseo_metadesc":"Secrets of Zurich. Mainkan City Game mandiri dan jelajahi kota melalui teka-teki, misteri, dan tantangan. Mainkan sesuai kecepatan Anda dan temukan seperti penduduk lokal!","_kad_blocks_custom_css":"","_kad_blocks_head_custom_js":"","_kad_blocks_body_custom_js":"","_kad_blocks_footer_custom_js":"","ghostkit_customizer_options":"","ghostkit_custom_css":"","ghostkit_custom_js_head":"","ghostkit_custom_js_foot":"","ghostkit_typography":"","_kad_post_transparent":"","_kad_post_title":"","_kad_post_layout":"","_kad_post_sidebar_id":"","_kad_post_content_style":"","_kad_post_vertical_padding":"","_kad_post_feature":"","_kad_post_feature_position":"","_kad_post_header":false,"_kad_post_footer":false,"_kad_post_classname":"","_links_to":"","_links_to_target":""},"game-concept":[716],"location":[437],"product_brand":[],"product_cat":[27],"product_tag":[],"class_list":{"0":"post-63535","1":"product","2":"type-product","3":"status-publish","4":"has-post-thumbnail","6":"game-concept-secrets","7":"location-zurich","8":"product_cat-geen-categorie","10":"first","11":"instock","12":"shipping-taxable","13":"purchasable","14":"product-type-simple","15":"entry","16":"content-bg","17":"loop-entry"},"acf":{"full_bokun_product_name":"Self-Guided Secrets of Z\u00fcrich Exploration Game","location_name":"Zurich","bokun_calendar_widget_code":"<script type=\"text\/javascript\" src=\"https:\/\/widgets.bokun.io\/assets\/javascripts\/apps\/build\/BokunWidgetsLoader.js?bookingChannelUUID=a1e93e96-5232-4734-a595-28405f4b5a31\" async><\/script>\n     \n    <div class=\"bokunWidget\" data-src=\"https:\/\/widgets.bokun.io\/online-sales\/a1e93e96-5232-4734-a595-28405f4b5a31\/experience-calendar\/1106468\"><\/div>\n    <noscript>Please enable javascript in your browser to book<\/noscript>","bokun_button_widget_code":"<script type=\"text\/javascript\" src=\"https:\/\/widgets.bokun.io\/assets\/javascripts\/apps\/build\/BokunWidgetsLoader.js?bookingChannelUUID=a1e93e96-5232-4734-a595-28405f4b5a31\" async><\/script>\n      <style> #bokun_ed001e45_5927_4f62_b470_ca766338d083 { display: inline-block; padding: .4em 1em; background: #47b82e; border-radius: 999999px; box-shadow: none; font-weight: 600; font-size: 24px; text-decoration: none; text-align: center; color: #FFFFFF; border:none; cursor: pointer; transition: background .2s ease; } #bokun_ed001e45_5927_4f62_b470_ca766338d083:hover{ background: #2f7b1f; } #bokun_ed001e45_5927_4f62_b470_ca766338d083:active{ background: #378f24; } <\/style> <button class=\"bokunButton\" disabled id=bokun_ed001e45_5927_4f62_b470_ca766338d083 data-src=\"https:\/\/widgets.bokun.io\/online-sales\/a1e93e96-5232-4734-a595-28405f4b5a31\/experience-calendar\/1106468?partialView=1\" data-testid=\"widget-book-button\" > Book now <\/button> ","what_you\u2019ll_experience_during_the_game":"Saat Anda menjalani Secrets of Zurich City Game, Anda akan menelusuri lorong-lorong berkelok dan jalan-jalan besar sambil mengungkap kisah yang merajut sejarah dan imajinasi menjadi satu pengalaman. Rute ini membawa Anda ke landmark terkenal dan tempat-tempat tersembunyi, menawarkan pandangan baru tentang masa lalu dan masa kini Zurich yang berlapis. Sepanjang jalan, Anda akan menemukan tempat-tempat seperti Grossm\u00fcnster Church yang megah, Cabaret Voltaire yang atmosferik, dan keanggunan gemerlap Bahnhofstrasse. Permata tersembunyi seperti terowongan saluran pembuangan Ehgraben di belakang Schiffl\u00e4nde atau Hedwig Fountain di Lindenhof Hill menawarkan kejutan yang membuat kota terasa seperti baru ditemukan.\n\nSelama permainan, Anda akan memecahkan teka-teki, menyelesaikan tugas foto kreatif, dan mengatasi misteri yang mengungkap lebih banyak alur cerita. Setiap tantangan memberi Anda poin dan petunjuk, membantu Anda mendekati pengungkapan misteri terakhir yang unik bagi karakter Zurich. Anda bebas untuk berhenti kapan saja dan melanjutkan kapan pun Anda mau, memungkinkan Anda menjelajahi kota sesuai kecepatan Anda sendiri. Bagi mereka yang memiliki semangat kompetitif, ada papan peringkat di mana tim dapat melacak kemajuan mereka dan membidik skor tertinggi.","how_to_play":"Setelah melakukan pemesanan, Anda akan menerima email dengan tautan langsung untuk bermain. Pergilah ke lokasi awal di terowongan saluran pembuangan Ehgraben, Schiffl\u00e4nde, buka tautannya, dan segera mulai petualangan Anda. Permainan berjalan langsung di browser seluler Anda, jadi tidak perlu mengunduh aplikasi. Anda dapat menjeda dan melanjutkan permainan kapan saja, menjadikannya aktivitas fleksibel yang sempurna untuk menjelajahi Z\u00fcrich sesuai kecepatan Anda sendiri.","start_location":"Z\u00fcrich, Ehgraben sewer tunnel, Schiffl\u00e4nde","available_languages":[],"players_per_group":"1-4","duration":"1.5-2 hours","image_overlay_color_image":"https:\/\/testwebsite.citygame.com\/wp-content\/blogs.dir\/1\/files\/sites\/62\/2026\/01\/SecretsColor.svg","image_overlay_game_logo":"https:\/\/testwebsite.citygame.com\/wp-content\/blogs.dir\/1\/files\/sites\/62\/2026\/01\/SecretsLogo.png","city_page":12015,"woocommerce_general_content":null},"yoast_head":"<!-- This site is optimized with the Yoast SEO Premium plugin v26.2 (Yoast SEO v26.3) - https:\/\/yoast.com\/wordpress\/plugins\/seo\/ -->\n<title>Secrets of Zurich - City Game<\/title>\n<meta name=\"description\" content=\"Secrets of Zurich. Mainkan City Game mandiri dan jelajahi kota melalui teka-teki, misteri, dan tantangan. Mainkan sesuai kecepatan Anda dan temukan seperti penduduk lokal!\" \/>\n<meta name=\"robots\" content=\"noindex, follow, max-snippet:-1, max-image-preview:large, max-video-preview:-1\" \/>\n<meta property=\"og:locale\" content=\"id_ID\" \/>\n<meta property=\"og:type\" content=\"article\" \/>\n<meta property=\"og:title\" content=\"Secrets of Zurich\" \/>\n<meta property=\"og:description\" content=\"Secrets of Zurich. Mainkan City Game mandiri dan jelajahi kota melalui teka-teki, misteri, dan tantangan. Mainkan sesuai kecepatan Anda dan temukan seperti penduduk lokal!\" \/>\n<meta property=\"og:url\" content=\"https:\/\/testwebsite.citygame.com\/id\/games\/zurich\/secrets-of-zurich\/\" \/>\n<meta property=\"og:site_name\" content=\"City Game\" \/>\n<meta property=\"article:publisher\" content=\"https:\/\/www.facebook.com\/profile.php?id=100086426226253\" \/>\n<meta property=\"article:modified_time\" content=\"2026-04-08T11:57:59+00:00\" \/>\n<meta property=\"og:image\" content=\"https:\/\/testwebsite.citygame.com\/wp-content\/blogs.dir\/1\/files\/sites\/62\/2026\/01\/zurich-player-on-city-street-with-phone.jpg\" \/>\n\t<meta property=\"og:image:width\" content=\"1024\" \/>\n\t<meta property=\"og:image:height\" content=\"1024\" \/>\n\t<meta property=\"og:image:type\" content=\"image\/jpeg\" \/>\n<meta name=\"twitter:card\" content=\"summary_large_image\" \/>\n<script type=\"application\/ld+json\" class=\"yoast-schema-graph\">{\"@context\":\"https:\/\/schema.org\",\"@graph\":[{\"@type\":\"WebPage\",\"@id\":\"https:\/\/testwebsite.citygame.com\/id\/games\/zurich\/secrets-of-zurich\/\",\"url\":\"https:\/\/testwebsite.citygame.com\/id\/games\/zurich\/secrets-of-zurich\/\",\"name\":\"Secrets of Zurich - City Game\",\"isPartOf\":{\"@id\":\"https:\/\/testwebsite.upevents.nl\/#website\"},\"primaryImageOfPage\":{\"@id\":\"https:\/\/testwebsite.citygame.com\/id\/games\/zurich\/secrets-of-zurich\/#primaryimage\"},\"image\":{\"@id\":\"https:\/\/testwebsite.citygame.com\/id\/games\/zurich\/secrets-of-zurich\/#primaryimage\"},\"thumbnailUrl\":\"https:\/\/testwebsite.citygame.com\/wp-content\/blogs.dir\/1\/files\/sites\/62\/2026\/01\/zurich-player-on-city-street-with-phone.jpg\",\"datePublished\":\"2026-01-15T12:22:48+00:00\",\"dateModified\":\"2026-04-08T11:57:59+00:00\",\"description\":\"Secrets of Zurich. Mainkan City Game mandiri dan jelajahi kota melalui teka-teki, misteri, dan tantangan. Mainkan sesuai kecepatan Anda dan temukan seperti penduduk lokal!\",\"breadcrumb\":{\"@id\":\"https:\/\/testwebsite.citygame.com\/id\/games\/zurich\/secrets-of-zurich\/#breadcrumb\"},\"inLanguage\":\"id\",\"potentialAction\":[{\"@type\":\"ReadAction\",\"target\":[\"https:\/\/testwebsite.citygame.com\/id\/games\/zurich\/secrets-of-zurich\/\"]}]},{\"@type\":\"ImageObject\",\"inLanguage\":\"id\",\"@id\":\"https:\/\/testwebsite.citygame.com\/id\/games\/zurich\/secrets-of-zurich\/#primaryimage\",\"url\":\"https:\/\/testwebsite.citygame.com\/wp-content\/blogs.dir\/1\/files\/sites\/62\/2026\/01\/zurich-player-on-city-street-with-phone.jpg\",\"contentUrl\":\"https:\/\/testwebsite.citygame.com\/wp-content\/blogs.dir\/1\/files\/sites\/62\/2026\/01\/zurich-player-on-city-street-with-phone.jpg\",\"width\":1024,\"height\":1024,\"caption\":\"A player explores the streets of Zurich while playing a game on her smartphone.\"},{\"@type\":\"BreadcrumbList\",\"@id\":\"https:\/\/testwebsite.citygame.com\/id\/games\/zurich\/secrets-of-zurich\/#breadcrumb\",\"itemListElement\":[{\"@type\":\"ListItem\",\"position\":1,\"name\":\"Home\",\"item\":\"https:\/\/testwebsite.citygame.com\/id\/\"},{\"@type\":\"ListItem\",\"position\":2,\"name\":\"Shop\",\"item\":\"https:\/\/testwebsite.citygame.com\/shop\/\"},{\"@type\":\"ListItem\",\"position\":3,\"name\":\"Secrets of Zurich\"}]},{\"@type\":\"WebSite\",\"@id\":\"https:\/\/testwebsite.upevents.nl\/#website\",\"url\":\"https:\/\/testwebsite.upevents.nl\/\",\"name\":\"City Game\",\"description\":\"\",\"publisher\":{\"@id\":\"https:\/\/testwebsite.upevents.nl\/#organization\"},\"alternateName\":\"citygame.com\",\"potentialAction\":[{\"@type\":\"SearchAction\",\"target\":{\"@type\":\"EntryPoint\",\"urlTemplate\":\"https:\/\/testwebsite.upevents.nl\/?s={search_term_string}\"},\"query-input\":{\"@type\":\"PropertyValueSpecification\",\"valueRequired\":true,\"valueName\":\"search_term_string\"}}],\"inLanguage\":\"id\"},{\"@type\":[\"Organization\",\"Place\"],\"@id\":\"https:\/\/testwebsite.upevents.nl\/#organization\",\"name\":\"City Game\",\"alternateName\":\"citygame.com\",\"url\":\"https:\/\/testwebsite.upevents.nl\/\",\"logo\":{\"@id\":\"https:\/\/testwebsite.citygame.com\/id\/games\/zurich\/secrets-of-zurich\/#local-main-organization-logo\"},\"image\":{\"@id\":\"https:\/\/testwebsite.citygame.com\/id\/games\/zurich\/secrets-of-zurich\/#local-main-organization-logo\"},\"sameAs\":[\"https:\/\/www.facebook.com\/profile.php?id=100086426226253\",\"https:\/\/www.instagram.com\/citygame_com\",\"https:\/\/www.tiktok.com\/@citygamecom\/\",\"https:\/\/www.linkedin.com\/company\/citygame-com\"],\"description\":\"Turn any city into a playground with our interactive City Games and self-guided tours. Fun, flexible, and ideal for groups and team building.\",\"telephone\":[],\"openingHoursSpecification\":[{\"@type\":\"OpeningHoursSpecification\",\"dayOfWeek\":[\"Monday\",\"Tuesday\",\"Wednesday\",\"Thursday\",\"Friday\",\"Saturday\",\"Sunday\"],\"opens\":\"09:00\",\"closes\":\"17:00\"}]},{\"@type\":\"ImageObject\",\"inLanguage\":\"id\",\"@id\":\"https:\/\/testwebsite.citygame.com\/id\/games\/zurich\/secrets-of-zurich\/#local-main-organization-logo\",\"url\":\"https:\/\/testwebsite.citygame.com\/wp-content\/blogs.dir\/1\/files\/sites\/62\/2025\/10\/CG_LOGO-City-Game.png\",\"contentUrl\":\"https:\/\/testwebsite.citygame.com\/wp-content\/blogs.dir\/1\/files\/sites\/62\/2025\/10\/CG_LOGO-City-Game.png\",\"width\":351,\"height\":377,\"caption\":\"City Game\"}]}<\/script>\n<!-- \/ Yoast SEO Premium plugin. -->","yoast_head_json":{"title":"Secrets of Zurich - City Game","description":"Secrets of Zurich. Mainkan City Game mandiri dan jelajahi kota melalui teka-teki, misteri, dan tantangan. Mainkan sesuai kecepatan Anda dan temukan seperti penduduk lokal!","robots":{"index":"noindex","follow":"follow","max-snippet":"max-snippet:-1","max-image-preview":"max-image-preview:large","max-video-preview":"max-video-preview:-1"},"og_locale":"id_ID","og_type":"article","og_title":"Secrets of Zurich","og_description":"Secrets of Zurich. Mainkan City Game mandiri dan jelajahi kota melalui teka-teki, misteri, dan tantangan. Mainkan sesuai kecepatan Anda dan temukan seperti penduduk lokal!","og_url":"https:\/\/testwebsite.citygame.com\/id\/games\/zurich\/secrets-of-zurich\/","og_site_name":"City Game","article_publisher":"https:\/\/www.facebook.com\/profile.php?id=100086426226253","article_modified_time":"2026-04-08T11:57:59+00:00","og_image":[{"width":1024,"height":1024,"url":"https:\/\/testwebsite.citygame.com\/wp-content\/blogs.dir\/1\/files\/sites\/62\/2026\/01\/zurich-player-on-city-street-with-phone.jpg","type":"image\/jpeg"}],"twitter_card":"summary_large_image","schema":{"@context":"https:\/\/schema.org","@graph":[{"@type":"WebPage","@id":"https:\/\/testwebsite.citygame.com\/id\/games\/zurich\/secrets-of-zurich\/","url":"https:\/\/testwebsite.citygame.com\/id\/games\/zurich\/secrets-of-zurich\/","name":"Secrets of Zurich - City Game","isPartOf":{"@id":"https:\/\/testwebsite.upevents.nl\/#website"},"primaryImageOfPage":{"@id":"https:\/\/testwebsite.citygame.com\/id\/games\/zurich\/secrets-of-zurich\/#primaryimage"},"image":{"@id":"https:\/\/testwebsite.citygame.com\/id\/games\/zurich\/secrets-of-zurich\/#primaryimage"},"thumbnailUrl":"https:\/\/testwebsite.citygame.com\/wp-content\/blogs.dir\/1\/files\/sites\/62\/2026\/01\/zurich-player-on-city-street-with-phone.jpg","datePublished":"2026-01-15T12:22:48+00:00","dateModified":"2026-04-08T11:57:59+00:00","description":"Secrets of Zurich. Mainkan City Game mandiri dan jelajahi kota melalui teka-teki, misteri, dan tantangan. Mainkan sesuai kecepatan Anda dan temukan seperti penduduk lokal!","breadcrumb":{"@id":"https:\/\/testwebsite.citygame.com\/id\/games\/zurich\/secrets-of-zurich\/#breadcrumb"},"inLanguage":"id","potentialAction":[{"@type":"ReadAction","target":["https:\/\/testwebsite.citygame.com\/id\/games\/zurich\/secrets-of-zurich\/"]}]},{"@type":"ImageObject","inLanguage":"id","@id":"https:\/\/testwebsite.citygame.com\/id\/games\/zurich\/secrets-of-zurich\/#primaryimage","url":"https:\/\/testwebsite.citygame.com\/wp-content\/blogs.dir\/1\/files\/sites\/62\/2026\/01\/zurich-player-on-city-street-with-phone.jpg","contentUrl":"https:\/\/testwebsite.citygame.com\/wp-content\/blogs.dir\/1\/files\/sites\/62\/2026\/01\/zurich-player-on-city-street-with-phone.jpg","width":1024,"height":1024,"caption":"A player explores the streets of Zurich while playing a game on her smartphone."},{"@type":"BreadcrumbList","@id":"https:\/\/testwebsite.citygame.com\/id\/games\/zurich\/secrets-of-zurich\/#breadcrumb","itemListElement":[{"@type":"ListItem","position":1,"name":"Home","item":"https:\/\/testwebsite.citygame.com\/id\/"},{"@type":"ListItem","position":2,"name":"Shop","item":"https:\/\/testwebsite.citygame.com\/shop\/"},{"@type":"ListItem","position":3,"name":"Secrets of Zurich"}]},{"@type":"WebSite","@id":"https:\/\/testwebsite.upevents.nl\/#website","url":"https:\/\/testwebsite.upevents.nl\/","name":"City Game","description":"","publisher":{"@id":"https:\/\/testwebsite.upevents.nl\/#organization"},"alternateName":"citygame.com","potentialAction":[{"@type":"SearchAction","target":{"@type":"EntryPoint","urlTemplate":"https:\/\/testwebsite.upevents.nl\/?s={search_term_string}"},"query-input":{"@type":"PropertyValueSpecification","valueRequired":true,"valueName":"search_term_string"}}],"inLanguage":"id"},{"@type":["Organization","Place"],"@id":"https:\/\/testwebsite.upevents.nl\/#organization","name":"City Game","alternateName":"citygame.com","url":"https:\/\/testwebsite.upevents.nl\/","logo":{"@id":"https:\/\/testwebsite.citygame.com\/id\/games\/zurich\/secrets-of-zurich\/#local-main-organization-logo"},"image":{"@id":"https:\/\/testwebsite.citygame.com\/id\/games\/zurich\/secrets-of-zurich\/#local-main-organization-logo"},"sameAs":["https:\/\/www.facebook.com\/profile.php?id=100086426226253","https:\/\/www.instagram.com\/citygame_com","https:\/\/www.tiktok.com\/@citygamecom\/","https:\/\/www.linkedin.com\/company\/citygame-com"],"description":"Turn any city into a playground with our interactive City Games and self-guided tours. Fun, flexible, and ideal for groups and team building.","telephone":[],"openingHoursSpecification":[{"@type":"OpeningHoursSpecification","dayOfWeek":["Monday","Tuesday","Wednesday","Thursday","Friday","Saturday","Sunday"],"opens":"09:00","closes":"17:00"}]},{"@type":"ImageObject","inLanguage":"id","@id":"https:\/\/testwebsite.citygame.com\/id\/games\/zurich\/secrets-of-zurich\/#local-main-organization-logo","url":"https:\/\/testwebsite.citygame.com\/wp-content\/blogs.dir\/1\/files\/sites\/62\/2025\/10\/CG_LOGO-City-Game.png","contentUrl":"https:\/\/testwebsite.citygame.com\/wp-content\/blogs.dir\/1\/files\/sites\/62\/2025\/10\/CG_LOGO-City-Game.png","width":351,"height":377,"caption":"City Game"}]}},"taxonomy_info":{"game-concept":[{"value":716,"label":"Secrets"}],"location":[{"value":437,"label":"Zurich"}],"product_cat":[{"value":27,"label":"Geen categorie"}]},"featured_image_src_large":["https:\/\/testwebsite.citygame.com\/wp-content\/blogs.dir\/1\/files\/sites\/62\/2026\/01\/zurich-player-on-city-street-with-phone.jpg",1024,1024,false],"author_info":[],"comment_info":"","_links":{"self":[{"href":"https:\/\/testwebsite.citygame.com\/id\/wp-json\/wp\/v2\/product\/63535","targetHints":{"allow":["GET"]}}],"collection":[{"href":"https:\/\/testwebsite.citygame.com\/id\/wp-json\/wp\/v2\/product"}],"about":[{"href":"https:\/\/testwebsite.citygame.com\/id\/wp-json\/wp\/v2\/types\/product"}],"acf:post":[{"embeddable":true,"href":"https:\/\/testwebsite.citygame.com\/id\/wp-json\/wp\/v2\/pages\/12015"}],"wp:featuredmedia":[{"embeddable":true,"href":"https:\/\/testwebsite.citygame.com\/id\/wp-json\/wp\/v2\/media\/4036"}],"wp:attachment":[{"href":"https:\/\/testwebsite.citygame.com\/id\/wp-json\/wp\/v2\/media?parent=63535"}],"wp:term":[{"taxonomy":"game-concept","embeddable":true,"href":"https:\/\/testwebsite.citygame.com\/id\/wp-json\/wp\/v2\/game-concept?post=63535"},{"taxonomy":"location","embeddable":true,"href":"https:\/\/testwebsite.citygame.com\/id\/wp-json\/wp\/v2\/location?post=63535"},{"taxonomy":"product_brand","embeddable":true,"href":"https:\/\/testwebsite.citygame.com\/id\/wp-json\/wp\/v2\/product_brand?post=63535"},{"taxonomy":"product_cat","embeddable":true,"href":"https:\/\/testwebsite.citygame.com\/id\/wp-json\/wp\/v2\/product_cat?post=63535"},{"taxonomy":"product_tag","embeddable":true,"href":"https:\/\/testwebsite.citygame.com\/id\/wp-json\/wp\/v2\/product_tag?post=63535"}],"curies":[{"name":"wp","href":"https:\/\/api.w.org\/{rel}","templated":true}]}}