{"id":55168,"date":"2026-02-26T15:20:30","date_gmt":"2026-02-26T15:20:30","guid":{"rendered":"https:\/\/testwebsite.citygame.com\/games\/unknown-location\/secrets-of-lisbon\/"},"modified":"2026-04-07T20:18:13","modified_gmt":"2026-04-07T20:18:13","slug":"secrets-of-lisbon","status":"publish","type":"product","link":"https:\/\/testwebsite.citygame.com\/id\/games\/lisbon\/secrets-of-lisbon\/","title":{"rendered":"Secrets of Lisbon"},"content":{"rendered":"<p>Mulailah permainan eksplorasi mandiri berbasis GPS di pusat bersejarah Lisbon dengan City Game Lisbon kami. Dengan menggunakan ponsel cerdas Anda, navigasikan melalui jalan-jalan menawan kota, pecahkan teka-teki, misteri, dan ikuti tantangan foto yang mengungkapkan sejarah Lisbon yang kaya, budaya unik, dan keanehan tersembunyi. Permainan imersif ini dirancang untuk semua orang \u2013 menarik bagi pengunjung yang ingin menemukan sudut-sudut Lisbon yang belum dikenal dan penduduk setempat yang tertarik untuk menemukan kembali kota mereka yang megah. Baik Anda seorang penjelajah solo atau bersama orang-orang favorit Anda \u2013 baik pasangan, keluarga, atau kelompok teman, City Game Lisbon menjamin pengalaman yang menyenangkan dan mencerahkan untuk semua.<\/p>\n","protected":false},"excerpt":{"rendered":"<p>Lepaskan Semangat Legendaris Lisbon! Jelajahi jalanan yang diterangi matahari dan alun-alun yang disapa lautan saat Anda bergabung dalam misi Vasco da Gama untuk mendapatkan kembali kompas yang mengikuti keinginan sejati hati, setiap petunjuk akan menarik Anda ke dalam perpaduan sejarah dan kehidupan kota yang dinamis!<\/p>\n","protected":false},"featured_media":16132,"template":"","meta":{"_acf_changed":false,"_yoast_wpseo_focuskw":"Secrets of Lisbon","_yoast_wpseo_metadesc":"Secrets of Lisbon. Mainkan City Game mandiri dan jelajahi kota melalui teka-teki, misteri, dan tantangan. Mainkan sesuai kecepatan Anda sendiri dan temukan seperti penduduk lokal!","_kad_blocks_custom_css":"","_kad_blocks_head_custom_js":"","_kad_blocks_body_custom_js":"","_kad_blocks_footer_custom_js":"","ghostkit_customizer_options":"","ghostkit_custom_css":"","ghostkit_custom_js_head":"","ghostkit_custom_js_foot":"","ghostkit_typography":"","_kad_post_transparent":"default","_kad_post_title":"","_kad_post_layout":"default","_kad_post_sidebar_id":"","_kad_post_content_style":"default","_kad_post_vertical_padding":"default","_kad_post_feature":"","_kad_post_feature_position":"","_kad_post_header":false,"_kad_post_footer":false,"_kad_post_classname":"","_links_to":"","_links_to_target":""},"game-concept":[716],"location":[245],"product_brand":[],"product_cat":[27],"product_tag":[],"class_list":{"0":"post-55168","1":"product","2":"type-product","3":"status-publish","4":"has-post-thumbnail","6":"game-concept-secrets","7":"location-lisbon","8":"product_cat-geen-categorie","10":"first","11":"instock","12":"shipping-taxable","13":"purchasable","14":"product-type-simple","15":"entry","16":"content-bg","17":"loop-entry"},"acf":{"full_bokun_product_name":"Self-Guided Secrets of Lisbon Exploration Game","location_name":"Lisbon","bokun_calendar_widget_code":"<script type=\"text\/javascript\" src=\"https:\/\/widgets.bokun.io\/assets\/javascripts\/apps\/build\/BokunWidgetsLoader.js?bookingChannelUUID=a1e93e96-5232-4734-a595-28405f4b5a31\" async><\/script>\n     \n    <div class=\"bokunWidget\" data-src=\"https:\/\/widgets.bokun.io\/online-sales\/a1e93e96-5232-4734-a595-28405f4b5a31\/experience-calendar\/924234\"><\/div>\n    <noscript>Please enable javascript in your browser to book<\/noscript>","bokun_button_widget_code":"<script type=\"text\/javascript\" src=\"https:\/\/widgets.bokun.io\/assets\/javascripts\/apps\/build\/BokunWidgetsLoader.js?bookingChannelUUID=a1e93e96-5232-4734-a595-28405f4b5a31\" async><\/script>\n      <style> #bokun_ed001e45_5927_4f62_b470_ca766338d083 { display: inline-block; padding: .4em 1em; background: #47b82e; border-radius: 999999px; box-shadow: none; font-weight: 600; font-size: 24px; text-decoration: none; text-align: center; color: #FFFFFF; border:none; cursor: pointer; transition: background .2s ease; } #bokun_ed001e45_5927_4f62_b470_ca766338d083:hover{ background: #2f7b1f; } #bokun_ed001e45_5927_4f62_b470_ca766338d083:active{ background: #378f24; } <\/style> <button class=\"bokunButton\" disabled id=bokun_ed001e45_5927_4f62_b470_ca766338d083 data-src=\"https:\/\/widgets.bokun.io\/online-sales\/a1e93e96-5232-4734-a595-28405f4b5a31\/experience-calendar\/924234?partialView=1\" data-testid=\"widget-book-button\" > Book now <\/button> ","what_you\u2019ll_experience_during_the_game":"Rasakan Lisbon dengan cara baru melalui City Game kami yang menarik dan interaktif. Setiap permainan tidak hanya menggabungkan kegembiraan eksplorasi tetapi juga sensasi memecahkan teka-teki dan tantangan. Saat Anda menjelajah melalui Rua Augusta Arch yang ikonik, menyelami suasana alun-alun pasar di Historic Tram Viewpoint, dan melangkah ke Pink Street yang ramai, segudang lokasi yang kurang dikenal di sekitar kota Lisbon juga menanti kedatangan Anda, masing-masing mengungkap bagian dari cerita imersif yang mendefinisikan permainan eksplorasi ini.\r\n\r\nDengan memecahkan teka-teki dan berpartisipasi dalam tantangan foto kreatif, misteri Lisbon adalah milik Anda untuk diungkap. Proses yang menarik ini membantu Anda mendapatkan poin, membuka petunjuk bermanfaat, dan maju menuju pemecahan misteri terakhir yang dipegang Lisbon. Permainan dapat dijeda dan dilanjutkan kapan pun Anda mau, memungkinkan Anda untuk menikmati pemandangan dan suara tempat-tempat seperti Waterfront Fish Spot dan City Stairway sesuka hati Anda. Bagi yang bersemangat kompetitif, posisi papan peringkat tinggi berfungsi sebagai pengakuan atas penguasaan teka-teki Anda. Dari Pra\u00e7a do Com\u00e9rcio yang ramai hingga pemandangan tenang yang diterangi matahari di Miradouro de S\u00e3o Pedro de Alc\u00e2ntara, temukan Secrets of Lisbon City Game sesuai kecepatan Anda.","how_to_play":"","start_location":"Lisbon, Rua Augusta Arch","available_languages":"","players_per_group":"1-4","duration":"1.5-2 hours","image_overlay_color_image":"https:\/\/testwebsite.citygame.com\/wp-content\/blogs.dir\/1\/files\/sites\/62\/2026\/01\/SecretsColor.svg","image_overlay_game_logo":"https:\/\/testwebsite.citygame.com\/wp-content\/blogs.dir\/1\/files\/sites\/62\/2026\/01\/SecretsLogo.png","city_page":7366,"woocommerce_general_content":null},"yoast_head":"<!-- This site is optimized with the Yoast SEO Premium plugin v26.2 (Yoast SEO v26.3) - https:\/\/yoast.com\/wordpress\/plugins\/seo\/ -->\n<title>Secrets of Lisbon - City Game<\/title>\n<meta name=\"description\" content=\"Secrets of Lisbon. Mainkan City Game mandiri dan jelajahi kota melalui teka-teki, misteri, dan tantangan. Mainkan sesuai kecepatan Anda sendiri dan temukan seperti penduduk lokal!\" \/>\n<meta name=\"robots\" content=\"noindex, follow, max-snippet:-1, max-image-preview:large, max-video-preview:-1\" \/>\n<meta property=\"og:locale\" content=\"id_ID\" \/>\n<meta property=\"og:type\" content=\"article\" \/>\n<meta property=\"og:title\" content=\"Secrets of Lisbon\" \/>\n<meta property=\"og:description\" content=\"Secrets of Lisbon. Mainkan City Game mandiri dan jelajahi kota melalui teka-teki, misteri, dan tantangan. Mainkan sesuai kecepatan Anda sendiri dan temukan seperti penduduk lokal!\" \/>\n<meta property=\"og:url\" content=\"https:\/\/testwebsite.citygame.com\/id\/games\/lisbon\/secrets-of-lisbon\/\" \/>\n<meta property=\"og:site_name\" content=\"City Game\" \/>\n<meta property=\"article:publisher\" content=\"https:\/\/www.facebook.com\/profile.php?id=100086426226253\" \/>\n<meta property=\"article:modified_time\" content=\"2026-04-07T20:18:13+00:00\" \/>\n<meta property=\"og:image\" content=\"https:\/\/testwebsite.citygame.com\/wp-content\/blogs.dir\/1\/files\/sites\/62\/2026\/02\/man-playing-city-game-praca-do-comercio-lisbon.jpg\" \/>\n\t<meta property=\"og:image:width\" content=\"1024\" \/>\n\t<meta property=\"og:image:height\" content=\"1024\" \/>\n\t<meta property=\"og:image:type\" content=\"image\/jpeg\" \/>\n<meta name=\"twitter:card\" content=\"summary_large_image\" \/>\n<meta name=\"twitter:label1\" content=\"Estimasi waktu membaca\" \/>\n\t<meta name=\"twitter:data1\" content=\"1 menit\" \/>\n<script type=\"application\/ld+json\" class=\"yoast-schema-graph\">{\"@context\":\"https:\/\/schema.org\",\"@graph\":[{\"@type\":\"WebPage\",\"@id\":\"https:\/\/testwebsite.citygame.com\/id\/games\/lisbon\/secrets-of-lisbon\/\",\"url\":\"https:\/\/testwebsite.citygame.com\/id\/games\/lisbon\/secrets-of-lisbon\/\",\"name\":\"Secrets of Lisbon - City Game\",\"isPartOf\":{\"@id\":\"https:\/\/testwebsite.upevents.nl\/#website\"},\"primaryImageOfPage\":{\"@id\":\"https:\/\/testwebsite.citygame.com\/id\/games\/lisbon\/secrets-of-lisbon\/#primaryimage\"},\"image\":{\"@id\":\"https:\/\/testwebsite.citygame.com\/id\/games\/lisbon\/secrets-of-lisbon\/#primaryimage\"},\"thumbnailUrl\":\"https:\/\/testwebsite.citygame.com\/wp-content\/blogs.dir\/1\/files\/sites\/62\/2026\/02\/man-playing-city-game-praca-do-comercio-lisbon.jpg\",\"datePublished\":\"2026-02-26T15:20:30+00:00\",\"dateModified\":\"2026-04-07T20:18:13+00:00\",\"description\":\"Secrets of Lisbon. Mainkan City Game mandiri dan jelajahi kota melalui teka-teki, misteri, dan tantangan. Mainkan sesuai kecepatan Anda sendiri dan temukan seperti penduduk lokal!\",\"breadcrumb\":{\"@id\":\"https:\/\/testwebsite.citygame.com\/id\/games\/lisbon\/secrets-of-lisbon\/#breadcrumb\"},\"inLanguage\":\"id\",\"potentialAction\":[{\"@type\":\"ReadAction\",\"target\":[\"https:\/\/testwebsite.citygame.com\/id\/games\/lisbon\/secrets-of-lisbon\/\"]}]},{\"@type\":\"ImageObject\",\"inLanguage\":\"id\",\"@id\":\"https:\/\/testwebsite.citygame.com\/id\/games\/lisbon\/secrets-of-lisbon\/#primaryimage\",\"url\":\"https:\/\/testwebsite.citygame.com\/wp-content\/blogs.dir\/1\/files\/sites\/62\/2026\/02\/man-playing-city-game-praca-do-comercio-lisbon.jpg\",\"contentUrl\":\"https:\/\/testwebsite.citygame.com\/wp-content\/blogs.dir\/1\/files\/sites\/62\/2026\/02\/man-playing-city-game-praca-do-comercio-lisbon.jpg\",\"width\":1024,\"height\":1024,\"caption\":\"A tourist explores Lisbon's Pra\u00e7a do Com\u00e9rcio with a city game app on his phone.\"},{\"@type\":\"BreadcrumbList\",\"@id\":\"https:\/\/testwebsite.citygame.com\/id\/games\/lisbon\/secrets-of-lisbon\/#breadcrumb\",\"itemListElement\":[{\"@type\":\"ListItem\",\"position\":1,\"name\":\"Home\",\"item\":\"https:\/\/testwebsite.citygame.com\/id\/\"},{\"@type\":\"ListItem\",\"position\":2,\"name\":\"Shop\",\"item\":\"https:\/\/testwebsite.citygame.com\/shop\/\"},{\"@type\":\"ListItem\",\"position\":3,\"name\":\"Secrets of Lisbon\"}]},{\"@type\":\"WebSite\",\"@id\":\"https:\/\/testwebsite.upevents.nl\/#website\",\"url\":\"https:\/\/testwebsite.upevents.nl\/\",\"name\":\"City Game\",\"description\":\"\",\"publisher\":{\"@id\":\"https:\/\/testwebsite.upevents.nl\/#organization\"},\"alternateName\":\"citygame.com\",\"potentialAction\":[{\"@type\":\"SearchAction\",\"target\":{\"@type\":\"EntryPoint\",\"urlTemplate\":\"https:\/\/testwebsite.upevents.nl\/?s={search_term_string}\"},\"query-input\":{\"@type\":\"PropertyValueSpecification\",\"valueRequired\":true,\"valueName\":\"search_term_string\"}}],\"inLanguage\":\"id\"},{\"@type\":[\"Organization\",\"Place\"],\"@id\":\"https:\/\/testwebsite.upevents.nl\/#organization\",\"name\":\"City Game\",\"alternateName\":\"citygame.com\",\"url\":\"https:\/\/testwebsite.upevents.nl\/\",\"logo\":{\"@id\":\"https:\/\/testwebsite.citygame.com\/id\/games\/lisbon\/secrets-of-lisbon\/#local-main-organization-logo\"},\"image\":{\"@id\":\"https:\/\/testwebsite.citygame.com\/id\/games\/lisbon\/secrets-of-lisbon\/#local-main-organization-logo\"},\"sameAs\":[\"https:\/\/www.facebook.com\/profile.php?id=100086426226253\",\"https:\/\/www.instagram.com\/citygame_com\",\"https:\/\/www.tiktok.com\/@citygamecom\/\",\"https:\/\/www.linkedin.com\/company\/citygame-com\"],\"description\":\"Turn any city into a playground with our interactive City Games and self-guided tours. Fun, flexible, and ideal for groups and team building.\",\"telephone\":[],\"openingHoursSpecification\":[{\"@type\":\"OpeningHoursSpecification\",\"dayOfWeek\":[\"Monday\",\"Tuesday\",\"Wednesday\",\"Thursday\",\"Friday\",\"Saturday\",\"Sunday\"],\"opens\":\"09:00\",\"closes\":\"17:00\"}]},{\"@type\":\"ImageObject\",\"inLanguage\":\"id\",\"@id\":\"https:\/\/testwebsite.citygame.com\/id\/games\/lisbon\/secrets-of-lisbon\/#local-main-organization-logo\",\"url\":\"https:\/\/testwebsite.citygame.com\/wp-content\/blogs.dir\/1\/files\/sites\/62\/2025\/10\/CG_LOGO-City-Game.png\",\"contentUrl\":\"https:\/\/testwebsite.citygame.com\/wp-content\/blogs.dir\/1\/files\/sites\/62\/2025\/10\/CG_LOGO-City-Game.png\",\"width\":351,\"height\":377,\"caption\":\"City Game\"}]}<\/script>\n<!-- \/ Yoast SEO Premium plugin. -->","yoast_head_json":{"title":"Secrets of Lisbon - City Game","description":"Secrets of Lisbon. Mainkan City Game mandiri dan jelajahi kota melalui teka-teki, misteri, dan tantangan. Mainkan sesuai kecepatan Anda sendiri dan temukan seperti penduduk lokal!","robots":{"index":"noindex","follow":"follow","max-snippet":"max-snippet:-1","max-image-preview":"max-image-preview:large","max-video-preview":"max-video-preview:-1"},"og_locale":"id_ID","og_type":"article","og_title":"Secrets of Lisbon","og_description":"Secrets of Lisbon. Mainkan City Game mandiri dan jelajahi kota melalui teka-teki, misteri, dan tantangan. Mainkan sesuai kecepatan Anda sendiri dan temukan seperti penduduk lokal!","og_url":"https:\/\/testwebsite.citygame.com\/id\/games\/lisbon\/secrets-of-lisbon\/","og_site_name":"City Game","article_publisher":"https:\/\/www.facebook.com\/profile.php?id=100086426226253","article_modified_time":"2026-04-07T20:18:13+00:00","og_image":[{"width":1024,"height":1024,"url":"https:\/\/testwebsite.citygame.com\/wp-content\/blogs.dir\/1\/files\/sites\/62\/2026\/02\/man-playing-city-game-praca-do-comercio-lisbon.jpg","type":"image\/jpeg"}],"twitter_card":"summary_large_image","twitter_misc":{"Estimasi waktu membaca":"1 menit"},"schema":{"@context":"https:\/\/schema.org","@graph":[{"@type":"WebPage","@id":"https:\/\/testwebsite.citygame.com\/id\/games\/lisbon\/secrets-of-lisbon\/","url":"https:\/\/testwebsite.citygame.com\/id\/games\/lisbon\/secrets-of-lisbon\/","name":"Secrets of Lisbon - City Game","isPartOf":{"@id":"https:\/\/testwebsite.upevents.nl\/#website"},"primaryImageOfPage":{"@id":"https:\/\/testwebsite.citygame.com\/id\/games\/lisbon\/secrets-of-lisbon\/#primaryimage"},"image":{"@id":"https:\/\/testwebsite.citygame.com\/id\/games\/lisbon\/secrets-of-lisbon\/#primaryimage"},"thumbnailUrl":"https:\/\/testwebsite.citygame.com\/wp-content\/blogs.dir\/1\/files\/sites\/62\/2026\/02\/man-playing-city-game-praca-do-comercio-lisbon.jpg","datePublished":"2026-02-26T15:20:30+00:00","dateModified":"2026-04-07T20:18:13+00:00","description":"Secrets of Lisbon. Mainkan City Game mandiri dan jelajahi kota melalui teka-teki, misteri, dan tantangan. Mainkan sesuai kecepatan Anda sendiri dan temukan seperti penduduk lokal!","breadcrumb":{"@id":"https:\/\/testwebsite.citygame.com\/id\/games\/lisbon\/secrets-of-lisbon\/#breadcrumb"},"inLanguage":"id","potentialAction":[{"@type":"ReadAction","target":["https:\/\/testwebsite.citygame.com\/id\/games\/lisbon\/secrets-of-lisbon\/"]}]},{"@type":"ImageObject","inLanguage":"id","@id":"https:\/\/testwebsite.citygame.com\/id\/games\/lisbon\/secrets-of-lisbon\/#primaryimage","url":"https:\/\/testwebsite.citygame.com\/wp-content\/blogs.dir\/1\/files\/sites\/62\/2026\/02\/man-playing-city-game-praca-do-comercio-lisbon.jpg","contentUrl":"https:\/\/testwebsite.citygame.com\/wp-content\/blogs.dir\/1\/files\/sites\/62\/2026\/02\/man-playing-city-game-praca-do-comercio-lisbon.jpg","width":1024,"height":1024,"caption":"A tourist explores Lisbon's Pra\u00e7a do Com\u00e9rcio with a city game app on his phone."},{"@type":"BreadcrumbList","@id":"https:\/\/testwebsite.citygame.com\/id\/games\/lisbon\/secrets-of-lisbon\/#breadcrumb","itemListElement":[{"@type":"ListItem","position":1,"name":"Home","item":"https:\/\/testwebsite.citygame.com\/id\/"},{"@type":"ListItem","position":2,"name":"Shop","item":"https:\/\/testwebsite.citygame.com\/shop\/"},{"@type":"ListItem","position":3,"name":"Secrets of Lisbon"}]},{"@type":"WebSite","@id":"https:\/\/testwebsite.upevents.nl\/#website","url":"https:\/\/testwebsite.upevents.nl\/","name":"City Game","description":"","publisher":{"@id":"https:\/\/testwebsite.upevents.nl\/#organization"},"alternateName":"citygame.com","potentialAction":[{"@type":"SearchAction","target":{"@type":"EntryPoint","urlTemplate":"https:\/\/testwebsite.upevents.nl\/?s={search_term_string}"},"query-input":{"@type":"PropertyValueSpecification","valueRequired":true,"valueName":"search_term_string"}}],"inLanguage":"id"},{"@type":["Organization","Place"],"@id":"https:\/\/testwebsite.upevents.nl\/#organization","name":"City Game","alternateName":"citygame.com","url":"https:\/\/testwebsite.upevents.nl\/","logo":{"@id":"https:\/\/testwebsite.citygame.com\/id\/games\/lisbon\/secrets-of-lisbon\/#local-main-organization-logo"},"image":{"@id":"https:\/\/testwebsite.citygame.com\/id\/games\/lisbon\/secrets-of-lisbon\/#local-main-organization-logo"},"sameAs":["https:\/\/www.facebook.com\/profile.php?id=100086426226253","https:\/\/www.instagram.com\/citygame_com","https:\/\/www.tiktok.com\/@citygamecom\/","https:\/\/www.linkedin.com\/company\/citygame-com"],"description":"Turn any city into a playground with our interactive City Games and self-guided tours. Fun, flexible, and ideal for groups and team building.","telephone":[],"openingHoursSpecification":[{"@type":"OpeningHoursSpecification","dayOfWeek":["Monday","Tuesday","Wednesday","Thursday","Friday","Saturday","Sunday"],"opens":"09:00","closes":"17:00"}]},{"@type":"ImageObject","inLanguage":"id","@id":"https:\/\/testwebsite.citygame.com\/id\/games\/lisbon\/secrets-of-lisbon\/#local-main-organization-logo","url":"https:\/\/testwebsite.citygame.com\/wp-content\/blogs.dir\/1\/files\/sites\/62\/2025\/10\/CG_LOGO-City-Game.png","contentUrl":"https:\/\/testwebsite.citygame.com\/wp-content\/blogs.dir\/1\/files\/sites\/62\/2025\/10\/CG_LOGO-City-Game.png","width":351,"height":377,"caption":"City Game"}]}},"taxonomy_info":{"game-concept":[{"value":716,"label":"Secrets"}],"location":[{"value":245,"label":"Lisbon"}],"product_cat":[{"value":27,"label":"Geen categorie"}]},"featured_image_src_large":["https:\/\/testwebsite.citygame.com\/wp-content\/blogs.dir\/1\/files\/sites\/62\/2026\/02\/man-playing-city-game-praca-do-comercio-lisbon.jpg",1024,1024,false],"author_info":[],"comment_info":"","_links":{"self":[{"href":"https:\/\/testwebsite.citygame.com\/id\/wp-json\/wp\/v2\/product\/55168","targetHints":{"allow":["GET"]}}],"collection":[{"href":"https:\/\/testwebsite.citygame.com\/id\/wp-json\/wp\/v2\/product"}],"about":[{"href":"https:\/\/testwebsite.citygame.com\/id\/wp-json\/wp\/v2\/types\/product"}],"acf:post":[{"embeddable":true,"href":"https:\/\/testwebsite.citygame.com\/id\/wp-json\/wp\/v2\/pages\/7366"}],"wp:featuredmedia":[{"embeddable":true,"href":"https:\/\/testwebsite.citygame.com\/id\/wp-json\/wp\/v2\/media\/16132"}],"wp:attachment":[{"href":"https:\/\/testwebsite.citygame.com\/id\/wp-json\/wp\/v2\/media?parent=55168"}],"wp:term":[{"taxonomy":"game-concept","embeddable":true,"href":"https:\/\/testwebsite.citygame.com\/id\/wp-json\/wp\/v2\/game-concept?post=55168"},{"taxonomy":"location","embeddable":true,"href":"https:\/\/testwebsite.citygame.com\/id\/wp-json\/wp\/v2\/location?post=55168"},{"taxonomy":"product_brand","embeddable":true,"href":"https:\/\/testwebsite.citygame.com\/id\/wp-json\/wp\/v2\/product_brand?post=55168"},{"taxonomy":"product_cat","embeddable":true,"href":"https:\/\/testwebsite.citygame.com\/id\/wp-json\/wp\/v2\/product_cat?post=55168"},{"taxonomy":"product_tag","embeddable":true,"href":"https:\/\/testwebsite.citygame.com\/id\/wp-json\/wp\/v2\/product_tag?post=55168"}],"curies":[{"name":"wp","href":"https:\/\/api.w.org\/{rel}","templated":true}]}}