{"id":54875,"date":"2026-01-13T09:42:04","date_gmt":"2026-01-13T09:42:04","guid":{"rendered":"https:\/\/testwebsite.citygame.com\/games\/unknown-location\/secrets-of-poznan\/"},"modified":"2026-04-07T19:45:03","modified_gmt":"2026-04-07T19:45:03","slug":"secrets-of-poznan","status":"publish","type":"product","link":"https:\/\/testwebsite.citygame.com\/id\/games\/poznan\/secrets-of-poznan\/","title":{"rendered":"Secrets of Pozna\u0144"},"content":{"rendered":"<p>City Game Pozna\u0144 adalah permainan mandiri berbasis GPS yang berlangsung di pusat bersejarah Pozna\u0144. Dengan menggunakan ponsel cerdas Anda, Anda akan menjelajahi kota sambil memecahkan teka-teki, misteri, dan tantangan foto yang mengungkapkan detail menarik tentang sejarah, budaya, dan sudut tersembunyi Pozna\u0144. Permainan kota mandiri ini menawarkan cara interaktif dan menarik untuk menemukan suasana lokal dengan kecepatan Anda sendiri. Permainan ini cocok untuk pengunjung maupun penduduk lokal, dan berfungsi sama baiknya untuk pemain solo, pasangan, keluarga, atau kelompok teman. Baik Anda baru mengenal Pozna\u0144 atau sudah mengenalnya dengan baik, permainan eksplorasi ini menawarkan perspektif baru melalui pengalaman yang menyenangkan dan informatif.<\/p>\n","protected":false},"excerpt":{"rendered":"<p>Pecahkan Rahasia Croissant Pozna\u0144! Masuklah ke kota tempat legenda bangkit dari aula kerajaan dan aroma manis memenuhi udara saat Anda membantu Beniamin P\u0105czko merebut kembali kue legendaris itu.<\/p>\n","protected":false},"featured_media":3528,"template":"","meta":{"_acf_changed":false,"_yoast_wpseo_focuskw":"Secrets of Pozna\u0144","_yoast_wpseo_metadesc":"Secrets of Pozna\u0144. Mainkan City Game mandiri dan jelajahi kota melalui teka-teki, misteri, dan tantangan. Mainkan dengan kecepatan Anda sendiri dan temukan seperti penduduk lokal!","_kad_blocks_custom_css":"","_kad_blocks_head_custom_js":"","_kad_blocks_body_custom_js":"","_kad_blocks_footer_custom_js":"","ghostkit_customizer_options":"","ghostkit_custom_css":"","ghostkit_custom_js_head":"","ghostkit_custom_js_foot":"","ghostkit_typography":"","_kad_post_transparent":"default","_kad_post_title":"","_kad_post_layout":"default","_kad_post_sidebar_id":"","_kad_post_content_style":"default","_kad_post_vertical_padding":"default","_kad_post_feature":"","_kad_post_feature_position":"","_kad_post_header":false,"_kad_post_footer":false,"_kad_post_classname":"","_links_to":"","_links_to_target":""},"game-concept":[716],"location":[330],"product_brand":[],"product_cat":[27],"product_tag":[],"class_list":{"0":"post-54875","1":"product","2":"type-product","3":"status-publish","4":"has-post-thumbnail","6":"game-concept-secrets","7":"location-poznan","8":"product_cat-geen-categorie","10":"first","11":"instock","12":"shipping-taxable","13":"purchasable","14":"product-type-simple","15":"entry","16":"content-bg","17":"loop-entry"},"acf":{"full_bokun_product_name":"Self-Guided Secrets of Pozna\u0144 Exploration Game","location_name":"Pozna\u0144","bokun_calendar_widget_code":"<script type=\"text\/javascript\" src=\"https:\/\/widgets.bokun.io\/assets\/javascripts\/apps\/build\/BokunWidgetsLoader.js?bookingChannelUUID=a1e93e96-5232-4734-a595-28405f4b5a31\" async><\/script>\n     \n    <div class=\"bokunWidget\" data-src=\"https:\/\/widgets.bokun.io\/online-sales\/a1e93e96-5232-4734-a595-28405f4b5a31\/experience-calendar\/1102397\"><\/div>\n    <noscript>Please enable javascript in your browser to book<\/noscript>","bokun_button_widget_code":"<script type=\"text\/javascript\" src=\"https:\/\/widgets.bokun.io\/assets\/javascripts\/apps\/build\/BokunWidgetsLoader.js?bookingChannelUUID=a1e93e96-5232-4734-a595-28405f4b5a31\" async><\/script>\n      <style> #bokun_ed001e45_5927_4f62_b470_ca766338d083 { display: inline-block; padding: .4em 1em; background: #47b82e; border-radius: 999999px; box-shadow: none; font-weight: 600; font-size: 24px; text-decoration: none; text-align: center; color: #FFFFFF; border:none; cursor: pointer; transition: background .2s ease; } #bokun_ed001e45_5927_4f62_b470_ca766338d083:hover{ background: #2f7b1f; } #bokun_ed001e45_5927_4f62_b470_ca766338d083:active{ background: #378f24; } <\/style> <button class=\"bokunButton\" disabled id=bokun_ed001e45_5927_4f62_b470_ca766338d083 data-src=\"https:\/\/widgets.bokun.io\/online-sales\/a1e93e96-5232-4734-a595-28405f4b5a31\/experience-calendar\/1102397?partialView=1\" data-testid=\"widget-book-button\" > Book now <\/button> ","what_you\u2019ll_experience_during_the_game":"Selama City Game Secrets of Pozna\u0144, Anda akan menemukan kota melalui kisah menarik yang terjalin dalam jalan-jalan, arsitektur, dan karakter lokalnya. Pengalaman ini akan membawa Anda ke landmark terkenal dan sudut tersembunyi, mengungkapkan lapisan yang lebih dalam dari pusat bersejarah Pozna\u0144. Anda mungkin berhenti di depan Balai Kota yang megah di Stary Rynek, menjelajahi lingkungan tenang di Royal Castle, atau menikmati kemegahan Nowa Synagoga. Saat Anda melanjutkan, situs-situs seperti Polish Theater dan Plac Wolno\u015bci muncul dalam cahaya baru melalui petunjuk dan cerita yang mengikatnya ke dalam perjalanan Anda.\r\n\r\nSepanjang permainan, Anda akan menyelesaikan berbagai teka-teki, pertanyaan berbasis lokasi, dan tugas foto kreatif yang menghidupkan masa lalu dan masa kini kota. Setiap tantangan akan mendapatkan poin, membantu membuka petunjuk, dan membawa Anda lebih dekat untuk memecahkan misteri terakhir yang tersembunyi di jalan-jalan Pozna\u0144. Anda dapat menghentikan permainan kapan saja untuk beristirahat dan melanjutkannya lagi kapan pun Anda mau. Bagi pemain yang menyukai kompetisi, ada pilihan untuk melacak skor Anda dan mengincar posisi teratas di papan peringkat.","how_to_play":"Setelah memesan, Anda akan menerima email berisi tautan langsung untuk memainkan game. Pergilah ke Balai Kota Pozna\u0144, titik awal, buka tautan tersebut, dan segera mulai petualangan Anda. Anda dapat menghentikan permainan kapan saja dan melanjutkannya kapan pun Anda siap untuk terus menjelajahi Pozna\u0144 dengan ritme Anda sendiri.","start_location":"Pozna\u0144, Pozna\u0144 Town Hall","available_languages":"","players_per_group":"1-4","duration":"1.5-2 hours","image_overlay_color_image":"https:\/\/testwebsite.citygame.com\/wp-content\/blogs.dir\/1\/files\/sites\/62\/2026\/01\/SecretsColor.svg","image_overlay_game_logo":"https:\/\/testwebsite.citygame.com\/wp-content\/blogs.dir\/1\/files\/sites\/62\/2026\/01\/SecretsLogo.png","city_page":15948,"woocommerce_general_content":null},"yoast_head":"<!-- This site is optimized with the Yoast SEO Premium plugin v26.2 (Yoast SEO v26.3) - https:\/\/yoast.com\/wordpress\/plugins\/seo\/ -->\n<title>Secrets of Pozna\u0144 - City Game<\/title>\n<meta name=\"description\" content=\"Secrets of Pozna\u0144. Mainkan City Game mandiri dan jelajahi kota melalui teka-teki, misteri, dan tantangan. Mainkan dengan kecepatan Anda sendiri dan temukan seperti penduduk lokal!\" \/>\n<meta name=\"robots\" content=\"noindex, follow, max-snippet:-1, max-image-preview:large, max-video-preview:-1\" \/>\n<meta property=\"og:locale\" content=\"id_ID\" \/>\n<meta property=\"og:type\" content=\"article\" \/>\n<meta property=\"og:title\" content=\"Secrets of Pozna\u0144\" \/>\n<meta property=\"og:description\" content=\"Secrets of Pozna\u0144. Mainkan City Game mandiri dan jelajahi kota melalui teka-teki, misteri, dan tantangan. Mainkan dengan kecepatan Anda sendiri dan temukan seperti penduduk lokal!\" \/>\n<meta property=\"og:url\" content=\"https:\/\/testwebsite.citygame.com\/id\/games\/poznan\/secrets-of-poznan\/\" \/>\n<meta property=\"og:site_name\" content=\"City Game\" \/>\n<meta property=\"article:publisher\" content=\"https:\/\/www.facebook.com\/profile.php?id=100086426226253\" \/>\n<meta property=\"article:modified_time\" content=\"2026-04-07T19:45:03+00:00\" \/>\n<meta property=\"og:image\" content=\"https:\/\/testwebsite.citygame.com\/wp-content\/blogs.dir\/1\/files\/sites\/62\/2026\/01\/poznan-old-market-square-city-game-player.jpg\" \/>\n\t<meta property=\"og:image:width\" content=\"864\" \/>\n\t<meta property=\"og:image:height\" content=\"1184\" \/>\n\t<meta property=\"og:image:type\" content=\"image\/jpeg\" \/>\n<meta name=\"twitter:card\" content=\"summary_large_image\" \/>\n<meta name=\"twitter:label1\" content=\"Estimasi waktu membaca\" \/>\n\t<meta name=\"twitter:data1\" content=\"1 menit\" \/>\n<script type=\"application\/ld+json\" class=\"yoast-schema-graph\">{\"@context\":\"https:\/\/schema.org\",\"@graph\":[{\"@type\":\"WebPage\",\"@id\":\"https:\/\/testwebsite.citygame.com\/id\/games\/poznan\/secrets-of-poznan\/\",\"url\":\"https:\/\/testwebsite.citygame.com\/id\/games\/poznan\/secrets-of-poznan\/\",\"name\":\"Secrets of Pozna\u0144 - City Game\",\"isPartOf\":{\"@id\":\"https:\/\/testwebsite.upevents.nl\/#website\"},\"primaryImageOfPage\":{\"@id\":\"https:\/\/testwebsite.citygame.com\/id\/games\/poznan\/secrets-of-poznan\/#primaryimage\"},\"image\":{\"@id\":\"https:\/\/testwebsite.citygame.com\/id\/games\/poznan\/secrets-of-poznan\/#primaryimage\"},\"thumbnailUrl\":\"https:\/\/testwebsite.citygame.com\/wp-content\/blogs.dir\/1\/files\/sites\/62\/2026\/01\/poznan-old-market-square-city-game-player.jpg\",\"datePublished\":\"2026-01-13T09:42:04+00:00\",\"dateModified\":\"2026-04-07T19:45:03+00:00\",\"description\":\"Secrets of Pozna\u0144. Mainkan City Game mandiri dan jelajahi kota melalui teka-teki, misteri, dan tantangan. Mainkan dengan kecepatan Anda sendiri dan temukan seperti penduduk lokal!\",\"breadcrumb\":{\"@id\":\"https:\/\/testwebsite.citygame.com\/id\/games\/poznan\/secrets-of-poznan\/#breadcrumb\"},\"inLanguage\":\"id\",\"potentialAction\":[{\"@type\":\"ReadAction\",\"target\":[\"https:\/\/testwebsite.citygame.com\/id\/games\/poznan\/secrets-of-poznan\/\"]}]},{\"@type\":\"ImageObject\",\"inLanguage\":\"id\",\"@id\":\"https:\/\/testwebsite.citygame.com\/id\/games\/poznan\/secrets-of-poznan\/#primaryimage\",\"url\":\"https:\/\/testwebsite.citygame.com\/wp-content\/blogs.dir\/1\/files\/sites\/62\/2026\/01\/poznan-old-market-square-city-game-player.jpg\",\"contentUrl\":\"https:\/\/testwebsite.citygame.com\/wp-content\/blogs.dir\/1\/files\/sites\/62\/2026\/01\/poznan-old-market-square-city-game-player.jpg\",\"width\":864,\"height\":1184,\"caption\":\"A player uses her smartphone to explore the historic Old Market Square in Pozna\u0144, Poland.\"},{\"@type\":\"BreadcrumbList\",\"@id\":\"https:\/\/testwebsite.citygame.com\/id\/games\/poznan\/secrets-of-poznan\/#breadcrumb\",\"itemListElement\":[{\"@type\":\"ListItem\",\"position\":1,\"name\":\"Home\",\"item\":\"https:\/\/testwebsite.citygame.com\/id\/\"},{\"@type\":\"ListItem\",\"position\":2,\"name\":\"Shop\",\"item\":\"https:\/\/testwebsite.citygame.com\/shop\/\"},{\"@type\":\"ListItem\",\"position\":3,\"name\":\"Secrets of Pozna\u0144\"}]},{\"@type\":\"WebSite\",\"@id\":\"https:\/\/testwebsite.upevents.nl\/#website\",\"url\":\"https:\/\/testwebsite.upevents.nl\/\",\"name\":\"City Game\",\"description\":\"\",\"publisher\":{\"@id\":\"https:\/\/testwebsite.upevents.nl\/#organization\"},\"alternateName\":\"citygame.com\",\"potentialAction\":[{\"@type\":\"SearchAction\",\"target\":{\"@type\":\"EntryPoint\",\"urlTemplate\":\"https:\/\/testwebsite.upevents.nl\/?s={search_term_string}\"},\"query-input\":{\"@type\":\"PropertyValueSpecification\",\"valueRequired\":true,\"valueName\":\"search_term_string\"}}],\"inLanguage\":\"id\"},{\"@type\":[\"Organization\",\"Place\"],\"@id\":\"https:\/\/testwebsite.upevents.nl\/#organization\",\"name\":\"City Game\",\"alternateName\":\"citygame.com\",\"url\":\"https:\/\/testwebsite.upevents.nl\/\",\"logo\":{\"@id\":\"https:\/\/testwebsite.citygame.com\/id\/games\/poznan\/secrets-of-poznan\/#local-main-organization-logo\"},\"image\":{\"@id\":\"https:\/\/testwebsite.citygame.com\/id\/games\/poznan\/secrets-of-poznan\/#local-main-organization-logo\"},\"sameAs\":[\"https:\/\/www.facebook.com\/profile.php?id=100086426226253\",\"https:\/\/www.instagram.com\/citygame_com\",\"https:\/\/www.tiktok.com\/@citygamecom\/\",\"https:\/\/www.linkedin.com\/company\/citygame-com\"],\"description\":\"Turn any city into a playground with our interactive City Games and self-guided tours. Fun, flexible, and ideal for groups and team building.\",\"telephone\":[],\"openingHoursSpecification\":[{\"@type\":\"OpeningHoursSpecification\",\"dayOfWeek\":[\"Monday\",\"Tuesday\",\"Wednesday\",\"Thursday\",\"Friday\",\"Saturday\",\"Sunday\"],\"opens\":\"09:00\",\"closes\":\"17:00\"}]},{\"@type\":\"ImageObject\",\"inLanguage\":\"id\",\"@id\":\"https:\/\/testwebsite.citygame.com\/id\/games\/poznan\/secrets-of-poznan\/#local-main-organization-logo\",\"url\":\"https:\/\/testwebsite.citygame.com\/wp-content\/blogs.dir\/1\/files\/sites\/62\/2025\/10\/CG_LOGO-City-Game.png\",\"contentUrl\":\"https:\/\/testwebsite.citygame.com\/wp-content\/blogs.dir\/1\/files\/sites\/62\/2025\/10\/CG_LOGO-City-Game.png\",\"width\":351,\"height\":377,\"caption\":\"City Game\"}]}<\/script>\n<!-- \/ Yoast SEO Premium plugin. -->","yoast_head_json":{"title":"Secrets of Pozna\u0144 - City Game","description":"Secrets of Pozna\u0144. Mainkan City Game mandiri dan jelajahi kota melalui teka-teki, misteri, dan tantangan. Mainkan dengan kecepatan Anda sendiri dan temukan seperti penduduk lokal!","robots":{"index":"noindex","follow":"follow","max-snippet":"max-snippet:-1","max-image-preview":"max-image-preview:large","max-video-preview":"max-video-preview:-1"},"og_locale":"id_ID","og_type":"article","og_title":"Secrets of Pozna\u0144","og_description":"Secrets of Pozna\u0144. Mainkan City Game mandiri dan jelajahi kota melalui teka-teki, misteri, dan tantangan. Mainkan dengan kecepatan Anda sendiri dan temukan seperti penduduk lokal!","og_url":"https:\/\/testwebsite.citygame.com\/id\/games\/poznan\/secrets-of-poznan\/","og_site_name":"City Game","article_publisher":"https:\/\/www.facebook.com\/profile.php?id=100086426226253","article_modified_time":"2026-04-07T19:45:03+00:00","og_image":[{"width":864,"height":1184,"url":"https:\/\/testwebsite.citygame.com\/wp-content\/blogs.dir\/1\/files\/sites\/62\/2026\/01\/poznan-old-market-square-city-game-player.jpg","type":"image\/jpeg"}],"twitter_card":"summary_large_image","twitter_misc":{"Estimasi waktu membaca":"1 menit"},"schema":{"@context":"https:\/\/schema.org","@graph":[{"@type":"WebPage","@id":"https:\/\/testwebsite.citygame.com\/id\/games\/poznan\/secrets-of-poznan\/","url":"https:\/\/testwebsite.citygame.com\/id\/games\/poznan\/secrets-of-poznan\/","name":"Secrets of Pozna\u0144 - City Game","isPartOf":{"@id":"https:\/\/testwebsite.upevents.nl\/#website"},"primaryImageOfPage":{"@id":"https:\/\/testwebsite.citygame.com\/id\/games\/poznan\/secrets-of-poznan\/#primaryimage"},"image":{"@id":"https:\/\/testwebsite.citygame.com\/id\/games\/poznan\/secrets-of-poznan\/#primaryimage"},"thumbnailUrl":"https:\/\/testwebsite.citygame.com\/wp-content\/blogs.dir\/1\/files\/sites\/62\/2026\/01\/poznan-old-market-square-city-game-player.jpg","datePublished":"2026-01-13T09:42:04+00:00","dateModified":"2026-04-07T19:45:03+00:00","description":"Secrets of Pozna\u0144. Mainkan City Game mandiri dan jelajahi kota melalui teka-teki, misteri, dan tantangan. Mainkan dengan kecepatan Anda sendiri dan temukan seperti penduduk lokal!","breadcrumb":{"@id":"https:\/\/testwebsite.citygame.com\/id\/games\/poznan\/secrets-of-poznan\/#breadcrumb"},"inLanguage":"id","potentialAction":[{"@type":"ReadAction","target":["https:\/\/testwebsite.citygame.com\/id\/games\/poznan\/secrets-of-poznan\/"]}]},{"@type":"ImageObject","inLanguage":"id","@id":"https:\/\/testwebsite.citygame.com\/id\/games\/poznan\/secrets-of-poznan\/#primaryimage","url":"https:\/\/testwebsite.citygame.com\/wp-content\/blogs.dir\/1\/files\/sites\/62\/2026\/01\/poznan-old-market-square-city-game-player.jpg","contentUrl":"https:\/\/testwebsite.citygame.com\/wp-content\/blogs.dir\/1\/files\/sites\/62\/2026\/01\/poznan-old-market-square-city-game-player.jpg","width":864,"height":1184,"caption":"A player uses her smartphone to explore the historic Old Market Square in Pozna\u0144, Poland."},{"@type":"BreadcrumbList","@id":"https:\/\/testwebsite.citygame.com\/id\/games\/poznan\/secrets-of-poznan\/#breadcrumb","itemListElement":[{"@type":"ListItem","position":1,"name":"Home","item":"https:\/\/testwebsite.citygame.com\/id\/"},{"@type":"ListItem","position":2,"name":"Shop","item":"https:\/\/testwebsite.citygame.com\/shop\/"},{"@type":"ListItem","position":3,"name":"Secrets of Pozna\u0144"}]},{"@type":"WebSite","@id":"https:\/\/testwebsite.upevents.nl\/#website","url":"https:\/\/testwebsite.upevents.nl\/","name":"City Game","description":"","publisher":{"@id":"https:\/\/testwebsite.upevents.nl\/#organization"},"alternateName":"citygame.com","potentialAction":[{"@type":"SearchAction","target":{"@type":"EntryPoint","urlTemplate":"https:\/\/testwebsite.upevents.nl\/?s={search_term_string}"},"query-input":{"@type":"PropertyValueSpecification","valueRequired":true,"valueName":"search_term_string"}}],"inLanguage":"id"},{"@type":["Organization","Place"],"@id":"https:\/\/testwebsite.upevents.nl\/#organization","name":"City Game","alternateName":"citygame.com","url":"https:\/\/testwebsite.upevents.nl\/","logo":{"@id":"https:\/\/testwebsite.citygame.com\/id\/games\/poznan\/secrets-of-poznan\/#local-main-organization-logo"},"image":{"@id":"https:\/\/testwebsite.citygame.com\/id\/games\/poznan\/secrets-of-poznan\/#local-main-organization-logo"},"sameAs":["https:\/\/www.facebook.com\/profile.php?id=100086426226253","https:\/\/www.instagram.com\/citygame_com","https:\/\/www.tiktok.com\/@citygamecom\/","https:\/\/www.linkedin.com\/company\/citygame-com"],"description":"Turn any city into a playground with our interactive City Games and self-guided tours. Fun, flexible, and ideal for groups and team building.","telephone":[],"openingHoursSpecification":[{"@type":"OpeningHoursSpecification","dayOfWeek":["Monday","Tuesday","Wednesday","Thursday","Friday","Saturday","Sunday"],"opens":"09:00","closes":"17:00"}]},{"@type":"ImageObject","inLanguage":"id","@id":"https:\/\/testwebsite.citygame.com\/id\/games\/poznan\/secrets-of-poznan\/#local-main-organization-logo","url":"https:\/\/testwebsite.citygame.com\/wp-content\/blogs.dir\/1\/files\/sites\/62\/2025\/10\/CG_LOGO-City-Game.png","contentUrl":"https:\/\/testwebsite.citygame.com\/wp-content\/blogs.dir\/1\/files\/sites\/62\/2025\/10\/CG_LOGO-City-Game.png","width":351,"height":377,"caption":"City Game"}]}},"taxonomy_info":{"game-concept":[{"value":716,"label":"Secrets"}],"location":[{"value":330,"label":"Pozna\u0144"}],"product_cat":[{"value":27,"label":"Geen categorie"}]},"featured_image_src_large":["https:\/\/testwebsite.citygame.com\/wp-content\/blogs.dir\/1\/files\/sites\/62\/2026\/01\/poznan-old-market-square-city-game-player-747x1024.jpg",747,1024,true],"author_info":[],"comment_info":"","_links":{"self":[{"href":"https:\/\/testwebsite.citygame.com\/id\/wp-json\/wp\/v2\/product\/54875","targetHints":{"allow":["GET"]}}],"collection":[{"href":"https:\/\/testwebsite.citygame.com\/id\/wp-json\/wp\/v2\/product"}],"about":[{"href":"https:\/\/testwebsite.citygame.com\/id\/wp-json\/wp\/v2\/types\/product"}],"acf:post":[{"embeddable":true,"href":"https:\/\/testwebsite.citygame.com\/id\/wp-json\/wp\/v2\/pages\/15948"}],"wp:featuredmedia":[{"embeddable":true,"href":"https:\/\/testwebsite.citygame.com\/id\/wp-json\/wp\/v2\/media\/3528"}],"wp:attachment":[{"href":"https:\/\/testwebsite.citygame.com\/id\/wp-json\/wp\/v2\/media?parent=54875"}],"wp:term":[{"taxonomy":"game-concept","embeddable":true,"href":"https:\/\/testwebsite.citygame.com\/id\/wp-json\/wp\/v2\/game-concept?post=54875"},{"taxonomy":"location","embeddable":true,"href":"https:\/\/testwebsite.citygame.com\/id\/wp-json\/wp\/v2\/location?post=54875"},{"taxonomy":"product_brand","embeddable":true,"href":"https:\/\/testwebsite.citygame.com\/id\/wp-json\/wp\/v2\/product_brand?post=54875"},{"taxonomy":"product_cat","embeddable":true,"href":"https:\/\/testwebsite.citygame.com\/id\/wp-json\/wp\/v2\/product_cat?post=54875"},{"taxonomy":"product_tag","embeddable":true,"href":"https:\/\/testwebsite.citygame.com\/id\/wp-json\/wp\/v2\/product_tag?post=54875"}],"curies":[{"name":"wp","href":"https:\/\/api.w.org\/{rel}","templated":true}]}}