{"id":67615,"date":"2026-02-06T10:47:39","date_gmt":"2026-02-06T10:47:39","guid":{"rendered":"https:\/\/testwebsite.citygame.com\/games\/unknown-location\/sherlock-holmes-santa-cruz-de-la-sierra\/"},"modified":"2026-04-09T09:27:04","modified_gmt":"2026-04-09T09:27:04","slug":"sherlock-holmes-santa-cruz-de-la-sierra","status":"publish","type":"product","link":"https:\/\/testwebsite.citygame.com\/hu\/games\/santa-cruz-de-la-sierra\/sherlock-holmes-santa-cruz-de-la-sierra\/","title":{"rendered":"Sherlock Holmes Santa Cruz de la Sierra"},"content":{"rendered":"<p>L\u00e9pj be Sherlock Holmes vil\u00e1g\u00e1ba egy \u00f6nvezet\u0151, t\u00f6rt\u00e9netk\u00f6zpont\u00fa gyilkoss\u00e1gi rejt\u00e9ly City Game-mel, amely Santa Cruz de la Sierra belv\u00e1ros\u00e1ban j\u00e1tsz\u00f3dik. Amikor egy sokkol\u00f3 hal\u00e1leset megzavarja a Liberty Fesztiv\u00e1lt, detekt\u00edv szerep\u00e9be b\u00fajsz, \u00e9s a v\u00e1rosban zajl\u00f3 nyomoz\u00e1s sor\u00e1n nyomokat gy\u0171jtesz, rejt\u00e9lyes feladv\u00e1nyokat oldasz meg, \u00e9s digit\u00e1lis gyan\u00fas\u00edtottakat k\u00e9rdezel ki. Ez a teljesen a saj\u00e1t temp\u00f3dban j\u00e1tszhat\u00f3, mag\u00e1val ragad\u00f3 \u00e9lm\u00e9ny a rejt\u00e9ly k\u00f6z\u00e9ppontj\u00e1ba helyez t\u00e9ged, mik\u00f6zben Santa Cruz de la Sierra titkai fokozatosan napvil\u00e1gra ker\u00fclnek.<\/p>\n","protected":false},"excerpt":{"rendered":"<p>L\u00e9pj az ikonikus Sherlock Holmes cip\u0151j\u00e9be egy lebilincsel\u0151, \u00f6nvezet\u0151 gyilkoss\u00e1gi rejt\u00e9lyben, amely Santa Cruz de la Sierra v\u00e1ros\u00e1ban j\u00e1tsz\u00f3dik. Nyomok megfejt\u00e9s\u00e9vel \u00e9s fejt\u00f6r\u0151 feladv\u00e1nyok megold\u00e1s\u00e1val te \u00e9s a csapatod izgalmas hajsz\u00e1ban vagytok az igazs\u00e1g felder\u00edt\u00e9s\u00e9re \u2013 a j\u00e1t\u00e9k elkezd\u0151d\u00f6tt!<\/p>\n","protected":false},"featured_media":11216,"template":"","meta":{"_acf_changed":false,"_yoast_wpseo_focuskw":"Sherlock Holmes Santa Cruz de la Sierra","_yoast_wpseo_metadesc":"Sherlock Holmes Santa Cruz de la Sierra. J\u00e1tssz egy \u00f6nvezet\u0151 gyilkoss\u00e1gi rejt\u00e9ly City Game-et, oldj meg feladv\u00e1nyokat, k\u00f6vess nyomokat \u00e9s der\u00edtsd fel a gyilkost a saj\u00e1t temp\u00f3dban!","_kad_blocks_custom_css":"","_kad_blocks_head_custom_js":"","_kad_blocks_body_custom_js":"","_kad_blocks_footer_custom_js":"","ghostkit_customizer_options":"","ghostkit_custom_css":"","ghostkit_custom_js_head":"","ghostkit_custom_js_foot":"","ghostkit_typography":"","_kad_post_transparent":"","_kad_post_title":"","_kad_post_layout":"","_kad_post_sidebar_id":"","_kad_post_content_style":"","_kad_post_vertical_padding":"","_kad_post_feature":"","_kad_post_feature_position":"","_kad_post_header":false,"_kad_post_footer":false,"_kad_post_classname":"","_links_to":"","_links_to_target":""},"game-concept":[776],"location":[512],"product_brand":[],"product_cat":[27],"product_tag":[],"class_list":{"0":"post-67615","1":"product","2":"type-product","3":"status-publish","4":"has-post-thumbnail","6":"game-concept-sherlock","7":"location-santa-cruz-de-la-sierra","8":"product_cat-geen-categorie","10":"first","11":"instock","12":"shipping-taxable","13":"purchasable","14":"product-type-simple","15":"entry","16":"content-bg","17":"loop-entry"},"acf":{"full_bokun_product_name":"Santa Cruz de la Sierra Self-Guided Sherlock Holmes Murder Mystery Game","location_name":"Santa Cruz de la Sierra","bokun_calendar_widget_code":"<script type=\"text\/javascript\" src=\"https:\/\/widgets.bokun.io\/assets\/javascripts\/apps\/build\/BokunWidgetsLoader.js?bookingChannelUUID=a1e93e96-5232-4734-a595-28405f4b5a31\" async><\/script>\n     \n    <div class=\"bokunWidget\" data-src=\"https:\/\/widgets.bokun.io\/online-sales\/a1e93e96-5232-4734-a595-28405f4b5a31\/experience-calendar\/734159\"><\/div>\n    <noscript>Please enable javascript in your browser to book<\/noscript>","bokun_button_widget_code":"<script type=\"text\/javascript\" src=\"https:\/\/widgets.bokun.io\/assets\/javascripts\/apps\/build\/BokunWidgetsLoader.js?bookingChannelUUID=a1e93e96-5232-4734-a595-28405f4b5a31\" async><\/script>\n      <style> #bokun_ed001e45_5927_4f62_b470_ca766338d083 { display: inline-block; padding: .4em 1em; background: #47b82e; border-radius: 999999px; box-shadow: none; font-weight: 600; font-size: 24px; text-decoration: none; text-align: center; color: #FFFFFF; border:none; cursor: pointer; transition: background .2s ease; } #bokun_ed001e45_5927_4f62_b470_ca766338d083:hover{ background: #2f7b1f; } #bokun_ed001e45_5927_4f62_b470_ca766338d083:active{ background: #378f24; } <\/style> <button class=\"bokunButton\" disabled id=bokun_ed001e45_5927_4f62_b470_ca766338d083 data-src=\"https:\/\/widgets.bokun.io\/online-sales\/a1e93e96-5232-4734-a595-28405f4b5a31\/experience-calendar\/734159?partialView=1\" data-testid=\"widget-book-button\" > Book now <\/button> ","what_you\u2019ll_experience_during_the_game":"L\u00e9pj be egy lebilincsel\u0151 detekt\u00edvt\u00f6rt\u00e9netbe, amely Santa Cruz de la Sierra sz\u00edv\u00e9ben j\u00e1tsz\u00f3dik, ahol minden utca \u00e9s sarok a kibontakoz\u00f3 rejt\u00e9ly r\u00e9sz\u00e9v\u00e9 v\u00e1lik. Ahogy haladsz a v\u00e1roson kereszt\u00fcl, a nyomoz\u00e1s k\u00f6r\u00fcl\u00f6tted bontakozik ki. Rejtett nyomokra bukkansz, okos feladv\u00e1nyokat oldasz meg, \u00e9s v\u00e1ratlan fordulatokkal szembes\u00fclsz, mik\u00f6zben m\u00e9lyebbre \u00e1sol a Liberty Fesztiv\u00e1lt megr\u00e1z\u00f3 gyilkoss\u00e1g titkaiba.\n\nElm\u00e9d lesz a legnagyobb eszk\u00f6z\u00f6d, mik\u00f6zben digit\u00e1lis gyan\u00fas\u00edtottakat k\u00e9rdezel ki, alibiket elemzel \u00e9s ellentmond\u00e1sokat fedezel fel t\u00f6rt\u00e9neteikben. Az \u00fcgy minden l\u00e9p\u00e9sn\u00e9l pr\u00f3b\u00e1ra teszi megfigyel\u0151k\u00e9pess\u00e9gedet, kritikus gondolkod\u00e1sodat \u00e9s dedukci\u00f3s k\u00e9pess\u00e9gedet. Ez a teljesen t\u00f6rt\u00e9netk\u00f6zpont\u00fa \u00e9s mag\u00e1val ragad\u00f3 \u00e9lm\u00e9ny lehet\u0151v\u00e9 teszi, hogy a saj\u00e1t temp\u00f3dban j\u00e1tssz, szabadon sz\u00fcneteltetve \u00e9s folytatva, amikor csak szeretn\u00e9d. Ha csapatban dolgozol, az izgalmas fesz\u00fclts\u00e9get adhat, ha versenyeztek, ki oldja meg el\u0151bb az \u00fcgyet. Csak a bizony\u00edt\u00e9kok \u00f6sszeilleszt\u00e9s\u00e9vel ker\u00fclsz k\u00f6zelebb az igazs\u00e1ghoz.","how_to_play":"Dolgozz egyed\u00fcl vagy bar\u00e1tokkal, csal\u00e1ddal, koll\u00e9g\u00e1kkal, legfeljebb n\u00e9gyf\u0151s csapatokban eszk\u00f6z\u00f6nk\u00e9nt. Foglal\u00e1s ut\u00e1n egy \u00fatmutat\u00f3 e-mailt kapsz mindennel, amire sz\u00fcks\u00e9ged van.","start_location":"Santa Cruz de la Sierra, Manzana Uno Espacio de Arte","available_languages":["en","es","fr","de","it","nl"],"players_per_group":"1-4","duration":"1.5-2 hours","image_overlay_color_image":"https:\/\/testwebsite.citygame.com\/wp-content\/blogs.dir\/1\/files\/sites\/62\/2026\/01\/SherlockColor.svg","image_overlay_game_logo":"https:\/\/testwebsite.citygame.com\/wp-content\/blogs.dir\/1\/files\/sites\/62\/2026\/01\/SherlockLogo.png","city_page":11214,"woocommerce_general_content":null},"yoast_head":"<!-- This site is optimized with the Yoast SEO Premium plugin v26.2 (Yoast SEO v26.3) - https:\/\/yoast.com\/wordpress\/plugins\/seo\/ -->\n<title>Sherlock Holmes Santa Cruz de la Sierra - City Game<\/title>\n<meta name=\"description\" content=\"Sherlock Holmes Santa Cruz de la Sierra. J\u00e1tssz egy \u00f6nvezet\u0151 gyilkoss\u00e1gi rejt\u00e9ly City Game-et, oldj meg feladv\u00e1nyokat, k\u00f6vess nyomokat \u00e9s der\u00edtsd fel a gyilkost a saj\u00e1t temp\u00f3dban!\" \/>\n<meta name=\"robots\" content=\"noindex, follow, max-snippet:-1, max-image-preview:large, max-video-preview:-1\" \/>\n<meta property=\"og:locale\" content=\"hu_HU\" \/>\n<meta property=\"og:type\" content=\"article\" \/>\n<meta property=\"og:title\" content=\"Sherlock Holmes Santa Cruz de la Sierra\" \/>\n<meta property=\"og:description\" content=\"Sherlock Holmes Santa Cruz de la Sierra. J\u00e1tssz egy \u00f6nvezet\u0151 gyilkoss\u00e1gi rejt\u00e9ly City Game-et, oldj meg feladv\u00e1nyokat, k\u00f6vess nyomokat \u00e9s der\u00edtsd fel a gyilkost a saj\u00e1t temp\u00f3dban!\" \/>\n<meta property=\"og:url\" content=\"https:\/\/testwebsite.citygame.com\/hu\/games\/santa-cruz-de-la-sierra\/sherlock-holmes-santa-cruz-de-la-sierra\/\" \/>\n<meta property=\"og:site_name\" content=\"City Game\" \/>\n<meta property=\"article:publisher\" content=\"https:\/\/www.facebook.com\/profile.php?id=100086426226253\" \/>\n<meta property=\"article:modified_time\" content=\"2026-04-09T09:27:04+00:00\" \/>\n<meta property=\"og:image\" content=\"https:\/\/testwebsite.citygame.com\/wp-content\/blogs.dir\/1\/files\/sites\/62\/2026\/02\/woman-looking-at-phone-on-street-in-santa-cruz-de-la-sierra.jpg\" \/>\n\t<meta property=\"og:image:width\" content=\"1344\" \/>\n\t<meta property=\"og:image:height\" content=\"768\" \/>\n\t<meta property=\"og:image:type\" content=\"image\/jpeg\" \/>\n<meta name=\"twitter:card\" content=\"summary_large_image\" \/>\n<meta name=\"twitter:label1\" content=\"Becs\u00fclt olvas\u00e1si id\u0151\" \/>\n\t<meta name=\"twitter:data1\" content=\"1 perc\" \/>\n<script type=\"application\/ld+json\" class=\"yoast-schema-graph\">{\"@context\":\"https:\/\/schema.org\",\"@graph\":[{\"@type\":\"WebPage\",\"@id\":\"https:\/\/testwebsite.citygame.com\/hu\/games\/santa-cruz-de-la-sierra\/sherlock-holmes-santa-cruz-de-la-sierra\/\",\"url\":\"https:\/\/testwebsite.citygame.com\/hu\/games\/santa-cruz-de-la-sierra\/sherlock-holmes-santa-cruz-de-la-sierra\/\",\"name\":\"Sherlock Holmes Santa Cruz de la Sierra - City Game\",\"isPartOf\":{\"@id\":\"https:\/\/testwebsite.upevents.nl\/#website\"},\"primaryImageOfPage\":{\"@id\":\"https:\/\/testwebsite.citygame.com\/hu\/games\/santa-cruz-de-la-sierra\/sherlock-holmes-santa-cruz-de-la-sierra\/#primaryimage\"},\"image\":{\"@id\":\"https:\/\/testwebsite.citygame.com\/hu\/games\/santa-cruz-de-la-sierra\/sherlock-holmes-santa-cruz-de-la-sierra\/#primaryimage\"},\"thumbnailUrl\":\"https:\/\/testwebsite.citygame.com\/wp-content\/blogs.dir\/1\/files\/sites\/62\/2026\/02\/woman-looking-at-phone-on-street-in-santa-cruz-de-la-sierra.jpg\",\"datePublished\":\"2026-02-06T10:47:39+00:00\",\"dateModified\":\"2026-04-09T09:27:04+00:00\",\"description\":\"Sherlock Holmes Santa Cruz de la Sierra. J\u00e1tssz egy \u00f6nvezet\u0151 gyilkoss\u00e1gi rejt\u00e9ly City Game-et, oldj meg feladv\u00e1nyokat, k\u00f6vess nyomokat \u00e9s der\u00edtsd fel a gyilkost a saj\u00e1t temp\u00f3dban!\",\"breadcrumb\":{\"@id\":\"https:\/\/testwebsite.citygame.com\/hu\/games\/santa-cruz-de-la-sierra\/sherlock-holmes-santa-cruz-de-la-sierra\/#breadcrumb\"},\"inLanguage\":\"hu\",\"potentialAction\":[{\"@type\":\"ReadAction\",\"target\":[\"https:\/\/testwebsite.citygame.com\/hu\/games\/santa-cruz-de-la-sierra\/sherlock-holmes-santa-cruz-de-la-sierra\/\"]}]},{\"@type\":\"ImageObject\",\"inLanguage\":\"hu\",\"@id\":\"https:\/\/testwebsite.citygame.com\/hu\/games\/santa-cruz-de-la-sierra\/sherlock-holmes-santa-cruz-de-la-sierra\/#primaryimage\",\"url\":\"https:\/\/testwebsite.citygame.com\/wp-content\/blogs.dir\/1\/files\/sites\/62\/2026\/02\/woman-looking-at-phone-on-street-in-santa-cruz-de-la-sierra.jpg\",\"contentUrl\":\"https:\/\/testwebsite.citygame.com\/wp-content\/blogs.dir\/1\/files\/sites\/62\/2026\/02\/woman-looking-at-phone-on-street-in-santa-cruz-de-la-sierra.jpg\",\"width\":1344,\"height\":768,\"caption\":\"A person stands on a historic street, using a smartphone to navigate their way through Santa Cruz de la Sierra.\"},{\"@type\":\"BreadcrumbList\",\"@id\":\"https:\/\/testwebsite.citygame.com\/hu\/games\/santa-cruz-de-la-sierra\/sherlock-holmes-santa-cruz-de-la-sierra\/#breadcrumb\",\"itemListElement\":[{\"@type\":\"ListItem\",\"position\":1,\"name\":\"Home\",\"item\":\"https:\/\/testwebsite.citygame.com\/hu\/\"},{\"@type\":\"ListItem\",\"position\":2,\"name\":\"Shop\",\"item\":\"https:\/\/testwebsite.citygame.com\/shop\/\"},{\"@type\":\"ListItem\",\"position\":3,\"name\":\"Sherlock Holmes Santa Cruz de la Sierra\"}]},{\"@type\":\"WebSite\",\"@id\":\"https:\/\/testwebsite.upevents.nl\/#website\",\"url\":\"https:\/\/testwebsite.upevents.nl\/\",\"name\":\"City Game\",\"description\":\"\",\"publisher\":{\"@id\":\"https:\/\/testwebsite.upevents.nl\/#organization\"},\"alternateName\":\"citygame.com\",\"potentialAction\":[{\"@type\":\"SearchAction\",\"target\":{\"@type\":\"EntryPoint\",\"urlTemplate\":\"https:\/\/testwebsite.upevents.nl\/?s={search_term_string}\"},\"query-input\":{\"@type\":\"PropertyValueSpecification\",\"valueRequired\":true,\"valueName\":\"search_term_string\"}}],\"inLanguage\":\"hu\"},{\"@type\":[\"Organization\",\"Place\"],\"@id\":\"https:\/\/testwebsite.upevents.nl\/#organization\",\"name\":\"City Game\",\"alternateName\":\"citygame.com\",\"url\":\"https:\/\/testwebsite.upevents.nl\/\",\"logo\":{\"@id\":\"https:\/\/testwebsite.citygame.com\/hu\/games\/santa-cruz-de-la-sierra\/sherlock-holmes-santa-cruz-de-la-sierra\/#local-main-organization-logo\"},\"image\":{\"@id\":\"https:\/\/testwebsite.citygame.com\/hu\/games\/santa-cruz-de-la-sierra\/sherlock-holmes-santa-cruz-de-la-sierra\/#local-main-organization-logo\"},\"sameAs\":[\"https:\/\/www.facebook.com\/profile.php?id=100086426226253\",\"https:\/\/www.instagram.com\/citygame_com\",\"https:\/\/www.tiktok.com\/@citygamecom\/\",\"https:\/\/www.linkedin.com\/company\/citygame-com\"],\"description\":\"Turn any city into a playground with our interactive City Games and self-guided tours. Fun, flexible, and ideal for groups and team building.\",\"telephone\":[],\"openingHoursSpecification\":[{\"@type\":\"OpeningHoursSpecification\",\"dayOfWeek\":[\"Monday\",\"Tuesday\",\"Wednesday\",\"Thursday\",\"Friday\",\"Saturday\",\"Sunday\"],\"opens\":\"09:00\",\"closes\":\"17:00\"}]},{\"@type\":\"ImageObject\",\"inLanguage\":\"hu\",\"@id\":\"https:\/\/testwebsite.citygame.com\/hu\/games\/santa-cruz-de-la-sierra\/sherlock-holmes-santa-cruz-de-la-sierra\/#local-main-organization-logo\",\"url\":\"https:\/\/testwebsite.citygame.com\/wp-content\/blogs.dir\/1\/files\/sites\/62\/2025\/10\/CG_LOGO-City-Game.png\",\"contentUrl\":\"https:\/\/testwebsite.citygame.com\/wp-content\/blogs.dir\/1\/files\/sites\/62\/2025\/10\/CG_LOGO-City-Game.png\",\"width\":351,\"height\":377,\"caption\":\"City Game\"}]}<\/script>\n<!-- \/ Yoast SEO Premium plugin. -->","yoast_head_json":{"title":"Sherlock Holmes Santa Cruz de la Sierra - City Game","description":"Sherlock Holmes Santa Cruz de la Sierra. J\u00e1tssz egy \u00f6nvezet\u0151 gyilkoss\u00e1gi rejt\u00e9ly City Game-et, oldj meg feladv\u00e1nyokat, k\u00f6vess nyomokat \u00e9s der\u00edtsd fel a gyilkost a saj\u00e1t temp\u00f3dban!","robots":{"index":"noindex","follow":"follow","max-snippet":"max-snippet:-1","max-image-preview":"max-image-preview:large","max-video-preview":"max-video-preview:-1"},"og_locale":"hu_HU","og_type":"article","og_title":"Sherlock Holmes Santa Cruz de la Sierra","og_description":"Sherlock Holmes Santa Cruz de la Sierra. J\u00e1tssz egy \u00f6nvezet\u0151 gyilkoss\u00e1gi rejt\u00e9ly City Game-et, oldj meg feladv\u00e1nyokat, k\u00f6vess nyomokat \u00e9s der\u00edtsd fel a gyilkost a saj\u00e1t temp\u00f3dban!","og_url":"https:\/\/testwebsite.citygame.com\/hu\/games\/santa-cruz-de-la-sierra\/sherlock-holmes-santa-cruz-de-la-sierra\/","og_site_name":"City Game","article_publisher":"https:\/\/www.facebook.com\/profile.php?id=100086426226253","article_modified_time":"2026-04-09T09:27:04+00:00","og_image":[{"width":1344,"height":768,"url":"https:\/\/testwebsite.citygame.com\/wp-content\/blogs.dir\/1\/files\/sites\/62\/2026\/02\/woman-looking-at-phone-on-street-in-santa-cruz-de-la-sierra.jpg","type":"image\/jpeg"}],"twitter_card":"summary_large_image","twitter_misc":{"Becs\u00fclt olvas\u00e1si id\u0151":"1 perc"},"schema":{"@context":"https:\/\/schema.org","@graph":[{"@type":"WebPage","@id":"https:\/\/testwebsite.citygame.com\/hu\/games\/santa-cruz-de-la-sierra\/sherlock-holmes-santa-cruz-de-la-sierra\/","url":"https:\/\/testwebsite.citygame.com\/hu\/games\/santa-cruz-de-la-sierra\/sherlock-holmes-santa-cruz-de-la-sierra\/","name":"Sherlock Holmes Santa Cruz de la Sierra - City Game","isPartOf":{"@id":"https:\/\/testwebsite.upevents.nl\/#website"},"primaryImageOfPage":{"@id":"https:\/\/testwebsite.citygame.com\/hu\/games\/santa-cruz-de-la-sierra\/sherlock-holmes-santa-cruz-de-la-sierra\/#primaryimage"},"image":{"@id":"https:\/\/testwebsite.citygame.com\/hu\/games\/santa-cruz-de-la-sierra\/sherlock-holmes-santa-cruz-de-la-sierra\/#primaryimage"},"thumbnailUrl":"https:\/\/testwebsite.citygame.com\/wp-content\/blogs.dir\/1\/files\/sites\/62\/2026\/02\/woman-looking-at-phone-on-street-in-santa-cruz-de-la-sierra.jpg","datePublished":"2026-02-06T10:47:39+00:00","dateModified":"2026-04-09T09:27:04+00:00","description":"Sherlock Holmes Santa Cruz de la Sierra. J\u00e1tssz egy \u00f6nvezet\u0151 gyilkoss\u00e1gi rejt\u00e9ly City Game-et, oldj meg feladv\u00e1nyokat, k\u00f6vess nyomokat \u00e9s der\u00edtsd fel a gyilkost a saj\u00e1t temp\u00f3dban!","breadcrumb":{"@id":"https:\/\/testwebsite.citygame.com\/hu\/games\/santa-cruz-de-la-sierra\/sherlock-holmes-santa-cruz-de-la-sierra\/#breadcrumb"},"inLanguage":"hu","potentialAction":[{"@type":"ReadAction","target":["https:\/\/testwebsite.citygame.com\/hu\/games\/santa-cruz-de-la-sierra\/sherlock-holmes-santa-cruz-de-la-sierra\/"]}]},{"@type":"ImageObject","inLanguage":"hu","@id":"https:\/\/testwebsite.citygame.com\/hu\/games\/santa-cruz-de-la-sierra\/sherlock-holmes-santa-cruz-de-la-sierra\/#primaryimage","url":"https:\/\/testwebsite.citygame.com\/wp-content\/blogs.dir\/1\/files\/sites\/62\/2026\/02\/woman-looking-at-phone-on-street-in-santa-cruz-de-la-sierra.jpg","contentUrl":"https:\/\/testwebsite.citygame.com\/wp-content\/blogs.dir\/1\/files\/sites\/62\/2026\/02\/woman-looking-at-phone-on-street-in-santa-cruz-de-la-sierra.jpg","width":1344,"height":768,"caption":"A person stands on a historic street, using a smartphone to navigate their way through Santa Cruz de la Sierra."},{"@type":"BreadcrumbList","@id":"https:\/\/testwebsite.citygame.com\/hu\/games\/santa-cruz-de-la-sierra\/sherlock-holmes-santa-cruz-de-la-sierra\/#breadcrumb","itemListElement":[{"@type":"ListItem","position":1,"name":"Home","item":"https:\/\/testwebsite.citygame.com\/hu\/"},{"@type":"ListItem","position":2,"name":"Shop","item":"https:\/\/testwebsite.citygame.com\/shop\/"},{"@type":"ListItem","position":3,"name":"Sherlock Holmes Santa Cruz de la Sierra"}]},{"@type":"WebSite","@id":"https:\/\/testwebsite.upevents.nl\/#website","url":"https:\/\/testwebsite.upevents.nl\/","name":"City Game","description":"","publisher":{"@id":"https:\/\/testwebsite.upevents.nl\/#organization"},"alternateName":"citygame.com","potentialAction":[{"@type":"SearchAction","target":{"@type":"EntryPoint","urlTemplate":"https:\/\/testwebsite.upevents.nl\/?s={search_term_string}"},"query-input":{"@type":"PropertyValueSpecification","valueRequired":true,"valueName":"search_term_string"}}],"inLanguage":"hu"},{"@type":["Organization","Place"],"@id":"https:\/\/testwebsite.upevents.nl\/#organization","name":"City Game","alternateName":"citygame.com","url":"https:\/\/testwebsite.upevents.nl\/","logo":{"@id":"https:\/\/testwebsite.citygame.com\/hu\/games\/santa-cruz-de-la-sierra\/sherlock-holmes-santa-cruz-de-la-sierra\/#local-main-organization-logo"},"image":{"@id":"https:\/\/testwebsite.citygame.com\/hu\/games\/santa-cruz-de-la-sierra\/sherlock-holmes-santa-cruz-de-la-sierra\/#local-main-organization-logo"},"sameAs":["https:\/\/www.facebook.com\/profile.php?id=100086426226253","https:\/\/www.instagram.com\/citygame_com","https:\/\/www.tiktok.com\/@citygamecom\/","https:\/\/www.linkedin.com\/company\/citygame-com"],"description":"Turn any city into a playground with our interactive City Games and self-guided tours. Fun, flexible, and ideal for groups and team building.","telephone":[],"openingHoursSpecification":[{"@type":"OpeningHoursSpecification","dayOfWeek":["Monday","Tuesday","Wednesday","Thursday","Friday","Saturday","Sunday"],"opens":"09:00","closes":"17:00"}]},{"@type":"ImageObject","inLanguage":"hu","@id":"https:\/\/testwebsite.citygame.com\/hu\/games\/santa-cruz-de-la-sierra\/sherlock-holmes-santa-cruz-de-la-sierra\/#local-main-organization-logo","url":"https:\/\/testwebsite.citygame.com\/wp-content\/blogs.dir\/1\/files\/sites\/62\/2025\/10\/CG_LOGO-City-Game.png","contentUrl":"https:\/\/testwebsite.citygame.com\/wp-content\/blogs.dir\/1\/files\/sites\/62\/2025\/10\/CG_LOGO-City-Game.png","width":351,"height":377,"caption":"City Game"}]}},"taxonomy_info":{"game-concept":[{"value":776,"label":"Sherlock"}],"location":[{"value":512,"label":"Santa Cruz de la Sierra"}],"product_cat":[{"value":27,"label":"Geen categorie"}]},"featured_image_src_large":["https:\/\/testwebsite.citygame.com\/wp-content\/blogs.dir\/1\/files\/sites\/62\/2026\/02\/woman-looking-at-phone-on-street-in-santa-cruz-de-la-sierra-1024x585.jpg",1024,585,true],"author_info":[],"comment_info":"","_links":{"self":[{"href":"https:\/\/testwebsite.citygame.com\/hu\/wp-json\/wp\/v2\/product\/67615","targetHints":{"allow":["GET"]}}],"collection":[{"href":"https:\/\/testwebsite.citygame.com\/hu\/wp-json\/wp\/v2\/product"}],"about":[{"href":"https:\/\/testwebsite.citygame.com\/hu\/wp-json\/wp\/v2\/types\/product"}],"acf:post":[{"embeddable":true,"href":"https:\/\/testwebsite.citygame.com\/hu\/wp-json\/wp\/v2\/pages\/11214"}],"wp:featuredmedia":[{"embeddable":true,"href":"https:\/\/testwebsite.citygame.com\/hu\/wp-json\/wp\/v2\/media\/11216"}],"wp:attachment":[{"href":"https:\/\/testwebsite.citygame.com\/hu\/wp-json\/wp\/v2\/media?parent=67615"}],"wp:term":[{"taxonomy":"game-concept","embeddable":true,"href":"https:\/\/testwebsite.citygame.com\/hu\/wp-json\/wp\/v2\/game-concept?post=67615"},{"taxonomy":"location","embeddable":true,"href":"https:\/\/testwebsite.citygame.com\/hu\/wp-json\/wp\/v2\/location?post=67615"},{"taxonomy":"product_brand","embeddable":true,"href":"https:\/\/testwebsite.citygame.com\/hu\/wp-json\/wp\/v2\/product_brand?post=67615"},{"taxonomy":"product_cat","embeddable":true,"href":"https:\/\/testwebsite.citygame.com\/hu\/wp-json\/wp\/v2\/product_cat?post=67615"},{"taxonomy":"product_tag","embeddable":true,"href":"https:\/\/testwebsite.citygame.com\/hu\/wp-json\/wp\/v2\/product_tag?post=67615"}],"curies":[{"name":"wp","href":"https:\/\/api.w.org\/{rel}","templated":true}]}}