{"id":67508,"date":"2026-02-13T08:13:19","date_gmt":"2026-02-13T08:13:19","guid":{"rendered":"https:\/\/testwebsite.citygame.com\/games\/unknown-location\/sherlock-holmes-hoorn\/"},"modified":"2026-04-09T09:13:38","modified_gmt":"2026-04-09T09:13:38","slug":"sherlock-holmes-hoorn","status":"publish","type":"product","link":"https:\/\/testwebsite.citygame.com\/hu\/games\/hoorn\/sherlock-holmes-hoorn\/","title":{"rendered":"Sherlock Holmes Hoorn"},"content":{"rendered":"<p>L\u00e9pj be Sherlock Holmes vil\u00e1g\u00e1ba ezzel az \u00f6nvezet\u0151, t\u00f6rt\u00e9netk\u00f6zpont\u00fa gyilkoss\u00e1gi rejt\u00e9ly v\u00e1rosi j\u00e1t\u00e9kkal, amely Hoorn t\u00f6rt\u00e9nelmi v\u00e1rosk\u00f6zpontj\u00e1ban j\u00e1tsz\u00f3dik. Ahogy a b\u00e1jos utc\u00e1kon j\u00e1rsz, a v\u00e1ros egy mag\u00e1val ragad\u00f3 nyomoz\u00e1s helysz\u00edn\u00e9v\u00e9 v\u00e1lik egy gyilkoss\u00e1g \u00fcgy\u00e9ben, amely a Liberty Festival alatt t\u00f6rt\u00e9nt. A saj\u00e1t temp\u00f3dban k\u00f6vetve a kibontakoz\u00f3 t\u00f6rt\u00e9netet, nyomokat gy\u0171jthetsz, rejt\u00e9lyes fejt\u00f6r\u0151ket oldhatsz meg, \u00e9s digit\u00e1lis gyan\u00fas\u00edtottakat hallgathatsz ki, hogy felt\u00e1rd a b\u0171nt\u00e9ny m\u00f6g\u00f6tti igazs\u00e1got.<\/p>\n","protected":false},"excerpt":{"rendered":"<p>L\u00e9pj a legend\u00e1s nyomoz\u00f3, Sherlock Holmes cip\u0151j\u00e9be ebben az \u00f6nvezet\u0151 gyilkoss\u00e1gi rejt\u00e9lyben, amely Hoornban j\u00e1tsz\u00f3dik. Csapatoddal egy\u00fctt k\u00f6vess hom\u00e1lyos nyomokat, fejts meg bonyolult rejtv\u00e9nyeket, \u00e9s fedezd fel a kegyetlen igazs\u00e1got, mik\u00f6zben az id\u0151 k\u00f6ny\u00f6rtelen\u00fcl pereg!<\/p>\n","protected":false},"featured_media":13349,"template":"","meta":{"_acf_changed":false,"_yoast_wpseo_focuskw":"Sherlock Holmes Hoorn","_yoast_wpseo_metadesc":"Sherlock Holmes Hoorn. J\u00e1tssz egy \u00f6nvezet\u0151 gyilkoss\u00e1gi rejt\u00e9ly v\u00e1rosi j\u00e1t\u00e9kot, oldj meg fejt\u00f6r\u0151ket, k\u00f6vess nyomokat, \u00e9s leplezd le a gyilkost a saj\u00e1t temp\u00f3dban!","_kad_blocks_custom_css":"","_kad_blocks_head_custom_js":"","_kad_blocks_body_custom_js":"","_kad_blocks_footer_custom_js":"","ghostkit_customizer_options":"","ghostkit_custom_css":"","ghostkit_custom_js_head":"","ghostkit_custom_js_foot":"","ghostkit_typography":"","_kad_post_transparent":"","_kad_post_title":"","_kad_post_layout":"","_kad_post_sidebar_id":"","_kad_post_content_style":"","_kad_post_vertical_padding":"","_kad_post_feature":"","_kad_post_feature_position":"","_kad_post_header":false,"_kad_post_footer":false,"_kad_post_classname":"","_links_to":"","_links_to_target":""},"game-concept":[776],"location":[201],"product_brand":[],"product_cat":[27],"product_tag":[],"class_list":{"0":"post-67508","1":"product","2":"type-product","3":"status-publish","4":"has-post-thumbnail","6":"game-concept-sherlock","7":"location-hoorn","8":"product_cat-geen-categorie","10":"first","11":"instock","12":"shipping-taxable","13":"purchasable","14":"product-type-simple","15":"entry","16":"content-bg","17":"loop-entry"},"acf":{"full_bokun_product_name":"Hoorn Self-Guided Sherlock Holmes Murder Mystery Game","location_name":"Hoorn","bokun_calendar_widget_code":"<script type=\"text\/javascript\" src=\"https:\/\/widgets.bokun.io\/assets\/javascripts\/apps\/build\/BokunWidgetsLoader.js?bookingChannelUUID=a1e93e96-5232-4734-a595-28405f4b5a31\" async><\/script>\n     \n    <div class=\"bokunWidget\" data-src=\"https:\/\/widgets.bokun.io\/online-sales\/a1e93e96-5232-4734-a595-28405f4b5a31\/experience-calendar\/850489\"><\/div>\n    <noscript>Please enable javascript in your browser to book<\/noscript>","bokun_button_widget_code":"<script type=\"text\/javascript\" src=\"https:\/\/widgets.bokun.io\/assets\/javascripts\/apps\/build\/BokunWidgetsLoader.js?bookingChannelUUID=a1e93e96-5232-4734-a595-28405f4b5a31\" async><\/script>\n      <style> #bokun_ed001e45_5927_4f62_b470_ca766338d083 { display: inline-block; padding: .4em 1em; background: #47b82e; border-radius: 999999px; box-shadow: none; font-weight: 600; font-size: 24px; text-decoration: none; text-align: center; color: #FFFFFF; border:none; cursor: pointer; transition: background .2s ease; } #bokun_ed001e45_5927_4f62_b470_ca766338d083:hover{ background: #2f7b1f; } #bokun_ed001e45_5927_4f62_b470_ca766338d083:active{ background: #378f24; } <\/style> <button class=\"bokunButton\" disabled id=bokun_ed001e45_5927_4f62_b470_ca766338d083 data-src=\"https:\/\/widgets.bokun.io\/online-sales\/a1e93e96-5232-4734-a595-28405f4b5a31\/experience-calendar\/850489?partialView=1\" data-testid=\"widget-book-button\" > Book now <\/button> ","what_you\u2019ll_experience_during_the_game":"Egy izgalmas nyomozati t\u00f6rt\u00e9netbe cs\u00f6ppensz Hoornban, ahol utaz\u00e1sod egy rejt\u00e9lyes gyilkoss\u00e1ggal kezd\u0151dik a Liberty Festival alatt. Ahogy a t\u00f6rt\u00e9nelmi utc\u00e1kon haladsz, az eset darabr\u00f3l darabra bontakozik ki. Nyomokat fedezhetsz fel, rejt\u00e9lyes fejt\u00f6r\u0151ket oldhatsz meg, \u00e9s v\u00e1ratlan fordulatokkal tal\u00e1lkozhatsz, amelyek pr\u00f3b\u00e1ra teszik \u00f6szt\u00f6neidet \u00e9s \u00e9les\u00edtik nyomoz\u00f3i k\u00e9pess\u00e9geidet. Minden d\u00f6nt\u00e9sed m\u00e9lyebbre vezet a nyomoz\u00e1sban, \u00e9les megfigyel\u00e9st \u00e9s okos k\u00f6vetkeztet\u00e9st ig\u00e9nyelve.\n\nA j\u00e1t\u00e9k sor\u00e1n digit\u00e1lis gyan\u00fas\u00edtottakat hallgatsz ki, alibiket ellen\u0151rz\u00f6l, \u00e9s kibogozod azokat az ellentmond\u00e1sokat, amelyek felt\u00f6rhetik az \u00fcgyet. A narrat\u00edva teljesen t\u00f6rt\u00e9netk\u00f6zpont\u00fa, egy r\u00e9tegzett rejt\u00e9lybe vonz, amely jutalmazza a r\u00e9szletekre val\u00f3 figyelmedet. Te szabod meg a saj\u00e1t temp\u00f3dat, sz\u00fcneteltetheted \u00e9s folytathatod a nyomoz\u00e1st, amikor csak akarod. Egyed\u00fcl vagy egy kis csapatban ak\u00e1r versenyezhetsz is a leggyorsabb megold\u00e1s\u00e9rt, ha szereted a kih\u00edv\u00e1sokat. V\u00e9g\u00fcl a kritikus gondolkod\u00e1sod fogja felt\u00e1rni az igazs\u00e1got, amely Hoorn felsz\u00edne alatt rejt\u0151zik.","how_to_play":"J\u00e1tssz egyed\u00fcl, vagy bar\u00e1tokkal, csal\u00e1ddal, illetve koll\u00e9g\u00e1kkal, ak\u00e1r n\u00e9gyf\u0151s csapatokban, eszk\u00f6z\u00f6nk\u00e9nt. A foglal\u00e1s ut\u00e1n kapsz egy \u00fatmutat\u00f3 e-mailt mindennel, amire sz\u00fcks\u00e9ged lesz.","start_location":"Hoorn, Kerkplein","available_languages":["en","es","fr","de","it","nl"],"players_per_group":"1-4","duration":"1.5-2 hours","image_overlay_color_image":"https:\/\/testwebsite.citygame.com\/wp-content\/blogs.dir\/1\/files\/sites\/62\/2026\/01\/SherlockColor.svg","image_overlay_game_logo":"https:\/\/testwebsite.citygame.com\/wp-content\/blogs.dir\/1\/files\/sites\/62\/2026\/01\/SherlockLogo.png","city_page":13332,"woocommerce_general_content":null},"yoast_head":"<!-- This site is optimized with the Yoast SEO Premium plugin v26.2 (Yoast SEO v26.3) - https:\/\/yoast.com\/wordpress\/plugins\/seo\/ -->\n<title>Sherlock Holmes Hoorn - City Game<\/title>\n<meta name=\"description\" content=\"Sherlock Holmes Hoorn. J\u00e1tssz egy \u00f6nvezet\u0151 gyilkoss\u00e1gi rejt\u00e9ly v\u00e1rosi j\u00e1t\u00e9kot, oldj meg fejt\u00f6r\u0151ket, k\u00f6vess nyomokat, \u00e9s leplezd le a gyilkost a saj\u00e1t temp\u00f3dban!\" \/>\n<meta name=\"robots\" content=\"noindex, follow, max-snippet:-1, max-image-preview:large, max-video-preview:-1\" \/>\n<meta property=\"og:locale\" content=\"hu_HU\" \/>\n<meta property=\"og:type\" content=\"article\" \/>\n<meta property=\"og:title\" content=\"Sherlock Holmes Hoorn\" \/>\n<meta property=\"og:description\" content=\"Sherlock Holmes Hoorn. J\u00e1tssz egy \u00f6nvezet\u0151 gyilkoss\u00e1gi rejt\u00e9ly v\u00e1rosi j\u00e1t\u00e9kot, oldj meg fejt\u00f6r\u0151ket, k\u00f6vess nyomokat, \u00e9s leplezd le a gyilkost a saj\u00e1t temp\u00f3dban!\" \/>\n<meta property=\"og:url\" content=\"https:\/\/testwebsite.citygame.com\/hu\/games\/hoorn\/sherlock-holmes-hoorn\/\" \/>\n<meta property=\"og:site_name\" content=\"City Game\" \/>\n<meta property=\"article:publisher\" content=\"https:\/\/www.facebook.com\/profile.php?id=100086426226253\" \/>\n<meta property=\"article:modified_time\" content=\"2026-04-09T09:13:38+00:00\" \/>\n<meta property=\"og:image\" content=\"https:\/\/testwebsite.citygame.com\/wp-content\/blogs.dir\/1\/files\/sites\/62\/2026\/02\/group-of-friends-playing-city-game-hoorn.jpg\" \/>\n\t<meta property=\"og:image:width\" content=\"1024\" \/>\n\t<meta property=\"og:image:height\" content=\"1024\" \/>\n\t<meta property=\"og:image:type\" content=\"image\/jpeg\" \/>\n<meta name=\"twitter:card\" content=\"summary_large_image\" \/>\n<meta name=\"twitter:label1\" content=\"Becs\u00fclt olvas\u00e1si id\u0151\" \/>\n\t<meta name=\"twitter:data1\" content=\"1 perc\" \/>\n<script type=\"application\/ld+json\" class=\"yoast-schema-graph\">{\"@context\":\"https:\/\/schema.org\",\"@graph\":[{\"@type\":\"WebPage\",\"@id\":\"https:\/\/testwebsite.citygame.com\/hu\/games\/hoorn\/sherlock-holmes-hoorn\/\",\"url\":\"https:\/\/testwebsite.citygame.com\/hu\/games\/hoorn\/sherlock-holmes-hoorn\/\",\"name\":\"Sherlock Holmes Hoorn - City Game\",\"isPartOf\":{\"@id\":\"https:\/\/testwebsite.upevents.nl\/#website\"},\"primaryImageOfPage\":{\"@id\":\"https:\/\/testwebsite.citygame.com\/hu\/games\/hoorn\/sherlock-holmes-hoorn\/#primaryimage\"},\"image\":{\"@id\":\"https:\/\/testwebsite.citygame.com\/hu\/games\/hoorn\/sherlock-holmes-hoorn\/#primaryimage\"},\"thumbnailUrl\":\"https:\/\/testwebsite.citygame.com\/wp-content\/blogs.dir\/1\/files\/sites\/62\/2026\/02\/group-of-friends-playing-city-game-hoorn.jpg\",\"datePublished\":\"2026-02-13T08:13:19+00:00\",\"dateModified\":\"2026-04-09T09:13:38+00:00\",\"description\":\"Sherlock Holmes Hoorn. J\u00e1tssz egy \u00f6nvezet\u0151 gyilkoss\u00e1gi rejt\u00e9ly v\u00e1rosi j\u00e1t\u00e9kot, oldj meg fejt\u00f6r\u0151ket, k\u00f6vess nyomokat, \u00e9s leplezd le a gyilkost a saj\u00e1t temp\u00f3dban!\",\"breadcrumb\":{\"@id\":\"https:\/\/testwebsite.citygame.com\/hu\/games\/hoorn\/sherlock-holmes-hoorn\/#breadcrumb\"},\"inLanguage\":\"hu\",\"potentialAction\":[{\"@type\":\"ReadAction\",\"target\":[\"https:\/\/testwebsite.citygame.com\/hu\/games\/hoorn\/sherlock-holmes-hoorn\/\"]}]},{\"@type\":\"ImageObject\",\"inLanguage\":\"hu\",\"@id\":\"https:\/\/testwebsite.citygame.com\/hu\/games\/hoorn\/sherlock-holmes-hoorn\/#primaryimage\",\"url\":\"https:\/\/testwebsite.citygame.com\/wp-content\/blogs.dir\/1\/files\/sites\/62\/2026\/02\/group-of-friends-playing-city-game-hoorn.jpg\",\"contentUrl\":\"https:\/\/testwebsite.citygame.com\/wp-content\/blogs.dir\/1\/files\/sites\/62\/2026\/02\/group-of-friends-playing-city-game-hoorn.jpg\",\"width\":1024,\"height\":1024,\"caption\":\"A group of friends has a fun and interactive experience while exploring the city of Hoorn.\"},{\"@type\":\"BreadcrumbList\",\"@id\":\"https:\/\/testwebsite.citygame.com\/hu\/games\/hoorn\/sherlock-holmes-hoorn\/#breadcrumb\",\"itemListElement\":[{\"@type\":\"ListItem\",\"position\":1,\"name\":\"Home\",\"item\":\"https:\/\/testwebsite.citygame.com\/hu\/\"},{\"@type\":\"ListItem\",\"position\":2,\"name\":\"Shop\",\"item\":\"https:\/\/testwebsite.citygame.com\/shop\/\"},{\"@type\":\"ListItem\",\"position\":3,\"name\":\"Sherlock Holmes Hoorn\"}]},{\"@type\":\"WebSite\",\"@id\":\"https:\/\/testwebsite.upevents.nl\/#website\",\"url\":\"https:\/\/testwebsite.upevents.nl\/\",\"name\":\"City Game\",\"description\":\"\",\"publisher\":{\"@id\":\"https:\/\/testwebsite.upevents.nl\/#organization\"},\"alternateName\":\"citygame.com\",\"potentialAction\":[{\"@type\":\"SearchAction\",\"target\":{\"@type\":\"EntryPoint\",\"urlTemplate\":\"https:\/\/testwebsite.upevents.nl\/?s={search_term_string}\"},\"query-input\":{\"@type\":\"PropertyValueSpecification\",\"valueRequired\":true,\"valueName\":\"search_term_string\"}}],\"inLanguage\":\"hu\"},{\"@type\":[\"Organization\",\"Place\"],\"@id\":\"https:\/\/testwebsite.upevents.nl\/#organization\",\"name\":\"City Game\",\"alternateName\":\"citygame.com\",\"url\":\"https:\/\/testwebsite.upevents.nl\/\",\"logo\":{\"@id\":\"https:\/\/testwebsite.citygame.com\/hu\/games\/hoorn\/sherlock-holmes-hoorn\/#local-main-organization-logo\"},\"image\":{\"@id\":\"https:\/\/testwebsite.citygame.com\/hu\/games\/hoorn\/sherlock-holmes-hoorn\/#local-main-organization-logo\"},\"sameAs\":[\"https:\/\/www.facebook.com\/profile.php?id=100086426226253\",\"https:\/\/www.instagram.com\/citygame_com\",\"https:\/\/www.tiktok.com\/@citygamecom\/\",\"https:\/\/www.linkedin.com\/company\/citygame-com\"],\"description\":\"Turn any city into a playground with our interactive City Games and self-guided tours. Fun, flexible, and ideal for groups and team building.\",\"telephone\":[],\"openingHoursSpecification\":[{\"@type\":\"OpeningHoursSpecification\",\"dayOfWeek\":[\"Monday\",\"Tuesday\",\"Wednesday\",\"Thursday\",\"Friday\",\"Saturday\",\"Sunday\"],\"opens\":\"09:00\",\"closes\":\"17:00\"}]},{\"@type\":\"ImageObject\",\"inLanguage\":\"hu\",\"@id\":\"https:\/\/testwebsite.citygame.com\/hu\/games\/hoorn\/sherlock-holmes-hoorn\/#local-main-organization-logo\",\"url\":\"https:\/\/testwebsite.citygame.com\/wp-content\/blogs.dir\/1\/files\/sites\/62\/2025\/10\/CG_LOGO-City-Game.png\",\"contentUrl\":\"https:\/\/testwebsite.citygame.com\/wp-content\/blogs.dir\/1\/files\/sites\/62\/2025\/10\/CG_LOGO-City-Game.png\",\"width\":351,\"height\":377,\"caption\":\"City Game\"}]}<\/script>\n<!-- \/ Yoast SEO Premium plugin. -->","yoast_head_json":{"title":"Sherlock Holmes Hoorn - City Game","description":"Sherlock Holmes Hoorn. J\u00e1tssz egy \u00f6nvezet\u0151 gyilkoss\u00e1gi rejt\u00e9ly v\u00e1rosi j\u00e1t\u00e9kot, oldj meg fejt\u00f6r\u0151ket, k\u00f6vess nyomokat, \u00e9s leplezd le a gyilkost a saj\u00e1t temp\u00f3dban!","robots":{"index":"noindex","follow":"follow","max-snippet":"max-snippet:-1","max-image-preview":"max-image-preview:large","max-video-preview":"max-video-preview:-1"},"og_locale":"hu_HU","og_type":"article","og_title":"Sherlock Holmes Hoorn","og_description":"Sherlock Holmes Hoorn. J\u00e1tssz egy \u00f6nvezet\u0151 gyilkoss\u00e1gi rejt\u00e9ly v\u00e1rosi j\u00e1t\u00e9kot, oldj meg fejt\u00f6r\u0151ket, k\u00f6vess nyomokat, \u00e9s leplezd le a gyilkost a saj\u00e1t temp\u00f3dban!","og_url":"https:\/\/testwebsite.citygame.com\/hu\/games\/hoorn\/sherlock-holmes-hoorn\/","og_site_name":"City Game","article_publisher":"https:\/\/www.facebook.com\/profile.php?id=100086426226253","article_modified_time":"2026-04-09T09:13:38+00:00","og_image":[{"width":1024,"height":1024,"url":"https:\/\/testwebsite.citygame.com\/wp-content\/blogs.dir\/1\/files\/sites\/62\/2026\/02\/group-of-friends-playing-city-game-hoorn.jpg","type":"image\/jpeg"}],"twitter_card":"summary_large_image","twitter_misc":{"Becs\u00fclt olvas\u00e1si id\u0151":"1 perc"},"schema":{"@context":"https:\/\/schema.org","@graph":[{"@type":"WebPage","@id":"https:\/\/testwebsite.citygame.com\/hu\/games\/hoorn\/sherlock-holmes-hoorn\/","url":"https:\/\/testwebsite.citygame.com\/hu\/games\/hoorn\/sherlock-holmes-hoorn\/","name":"Sherlock Holmes Hoorn - City Game","isPartOf":{"@id":"https:\/\/testwebsite.upevents.nl\/#website"},"primaryImageOfPage":{"@id":"https:\/\/testwebsite.citygame.com\/hu\/games\/hoorn\/sherlock-holmes-hoorn\/#primaryimage"},"image":{"@id":"https:\/\/testwebsite.citygame.com\/hu\/games\/hoorn\/sherlock-holmes-hoorn\/#primaryimage"},"thumbnailUrl":"https:\/\/testwebsite.citygame.com\/wp-content\/blogs.dir\/1\/files\/sites\/62\/2026\/02\/group-of-friends-playing-city-game-hoorn.jpg","datePublished":"2026-02-13T08:13:19+00:00","dateModified":"2026-04-09T09:13:38+00:00","description":"Sherlock Holmes Hoorn. J\u00e1tssz egy \u00f6nvezet\u0151 gyilkoss\u00e1gi rejt\u00e9ly v\u00e1rosi j\u00e1t\u00e9kot, oldj meg fejt\u00f6r\u0151ket, k\u00f6vess nyomokat, \u00e9s leplezd le a gyilkost a saj\u00e1t temp\u00f3dban!","breadcrumb":{"@id":"https:\/\/testwebsite.citygame.com\/hu\/games\/hoorn\/sherlock-holmes-hoorn\/#breadcrumb"},"inLanguage":"hu","potentialAction":[{"@type":"ReadAction","target":["https:\/\/testwebsite.citygame.com\/hu\/games\/hoorn\/sherlock-holmes-hoorn\/"]}]},{"@type":"ImageObject","inLanguage":"hu","@id":"https:\/\/testwebsite.citygame.com\/hu\/games\/hoorn\/sherlock-holmes-hoorn\/#primaryimage","url":"https:\/\/testwebsite.citygame.com\/wp-content\/blogs.dir\/1\/files\/sites\/62\/2026\/02\/group-of-friends-playing-city-game-hoorn.jpg","contentUrl":"https:\/\/testwebsite.citygame.com\/wp-content\/blogs.dir\/1\/files\/sites\/62\/2026\/02\/group-of-friends-playing-city-game-hoorn.jpg","width":1024,"height":1024,"caption":"A group of friends has a fun and interactive experience while exploring the city of Hoorn."},{"@type":"BreadcrumbList","@id":"https:\/\/testwebsite.citygame.com\/hu\/games\/hoorn\/sherlock-holmes-hoorn\/#breadcrumb","itemListElement":[{"@type":"ListItem","position":1,"name":"Home","item":"https:\/\/testwebsite.citygame.com\/hu\/"},{"@type":"ListItem","position":2,"name":"Shop","item":"https:\/\/testwebsite.citygame.com\/shop\/"},{"@type":"ListItem","position":3,"name":"Sherlock Holmes Hoorn"}]},{"@type":"WebSite","@id":"https:\/\/testwebsite.upevents.nl\/#website","url":"https:\/\/testwebsite.upevents.nl\/","name":"City Game","description":"","publisher":{"@id":"https:\/\/testwebsite.upevents.nl\/#organization"},"alternateName":"citygame.com","potentialAction":[{"@type":"SearchAction","target":{"@type":"EntryPoint","urlTemplate":"https:\/\/testwebsite.upevents.nl\/?s={search_term_string}"},"query-input":{"@type":"PropertyValueSpecification","valueRequired":true,"valueName":"search_term_string"}}],"inLanguage":"hu"},{"@type":["Organization","Place"],"@id":"https:\/\/testwebsite.upevents.nl\/#organization","name":"City Game","alternateName":"citygame.com","url":"https:\/\/testwebsite.upevents.nl\/","logo":{"@id":"https:\/\/testwebsite.citygame.com\/hu\/games\/hoorn\/sherlock-holmes-hoorn\/#local-main-organization-logo"},"image":{"@id":"https:\/\/testwebsite.citygame.com\/hu\/games\/hoorn\/sherlock-holmes-hoorn\/#local-main-organization-logo"},"sameAs":["https:\/\/www.facebook.com\/profile.php?id=100086426226253","https:\/\/www.instagram.com\/citygame_com","https:\/\/www.tiktok.com\/@citygamecom\/","https:\/\/www.linkedin.com\/company\/citygame-com"],"description":"Turn any city into a playground with our interactive City Games and self-guided tours. Fun, flexible, and ideal for groups and team building.","telephone":[],"openingHoursSpecification":[{"@type":"OpeningHoursSpecification","dayOfWeek":["Monday","Tuesday","Wednesday","Thursday","Friday","Saturday","Sunday"],"opens":"09:00","closes":"17:00"}]},{"@type":"ImageObject","inLanguage":"hu","@id":"https:\/\/testwebsite.citygame.com\/hu\/games\/hoorn\/sherlock-holmes-hoorn\/#local-main-organization-logo","url":"https:\/\/testwebsite.citygame.com\/wp-content\/blogs.dir\/1\/files\/sites\/62\/2025\/10\/CG_LOGO-City-Game.png","contentUrl":"https:\/\/testwebsite.citygame.com\/wp-content\/blogs.dir\/1\/files\/sites\/62\/2025\/10\/CG_LOGO-City-Game.png","width":351,"height":377,"caption":"City Game"}]}},"taxonomy_info":{"game-concept":[{"value":776,"label":"Sherlock"}],"location":[{"value":201,"label":"Hoorn"}],"product_cat":[{"value":27,"label":"Geen categorie"}]},"featured_image_src_large":["https:\/\/testwebsite.citygame.com\/wp-content\/blogs.dir\/1\/files\/sites\/62\/2026\/02\/group-of-friends-playing-city-game-hoorn.jpg",1024,1024,false],"author_info":[],"comment_info":"","_links":{"self":[{"href":"https:\/\/testwebsite.citygame.com\/hu\/wp-json\/wp\/v2\/product\/67508","targetHints":{"allow":["GET"]}}],"collection":[{"href":"https:\/\/testwebsite.citygame.com\/hu\/wp-json\/wp\/v2\/product"}],"about":[{"href":"https:\/\/testwebsite.citygame.com\/hu\/wp-json\/wp\/v2\/types\/product"}],"acf:post":[{"embeddable":true,"href":"https:\/\/testwebsite.citygame.com\/hu\/wp-json\/wp\/v2\/pages\/13332"}],"wp:featuredmedia":[{"embeddable":true,"href":"https:\/\/testwebsite.citygame.com\/hu\/wp-json\/wp\/v2\/media\/13349"}],"wp:attachment":[{"href":"https:\/\/testwebsite.citygame.com\/hu\/wp-json\/wp\/v2\/media?parent=67508"}],"wp:term":[{"taxonomy":"game-concept","embeddable":true,"href":"https:\/\/testwebsite.citygame.com\/hu\/wp-json\/wp\/v2\/game-concept?post=67508"},{"taxonomy":"location","embeddable":true,"href":"https:\/\/testwebsite.citygame.com\/hu\/wp-json\/wp\/v2\/location?post=67508"},{"taxonomy":"product_brand","embeddable":true,"href":"https:\/\/testwebsite.citygame.com\/hu\/wp-json\/wp\/v2\/product_brand?post=67508"},{"taxonomy":"product_cat","embeddable":true,"href":"https:\/\/testwebsite.citygame.com\/hu\/wp-json\/wp\/v2\/product_cat?post=67508"},{"taxonomy":"product_tag","embeddable":true,"href":"https:\/\/testwebsite.citygame.com\/hu\/wp-json\/wp\/v2\/product_tag?post=67508"}],"curies":[{"name":"wp","href":"https:\/\/api.w.org\/{rel}","templated":true}]}}