{"id":67447,"date":"2026-02-04T11:44:57","date_gmt":"2026-02-04T11:44:57","guid":{"rendered":"https:\/\/testwebsite.citygame.com\/games\/unknown-location\/sherlock-holmes-harderwijk\/"},"modified":"2026-04-09T09:04:39","modified_gmt":"2026-04-09T09:04:39","slug":"sherlock-holmes-harderwijk","status":"publish","type":"product","link":"https:\/\/testwebsite.citygame.com\/hu\/games\/harderwijk\/sherlock-holmes-harderwijk\/","title":{"rendered":"Sherlock Holmes Harderwijk"},"content":{"rendered":"<p>L\u00e9pjen be Sherlock Holmes vil\u00e1g\u00e1ba ezzel az \u00f6nvez\u00e9relt, t\u00f6rt\u00e9netk\u00f6zpont\u00fa gyilkoss\u00e1gi rejt\u00e9ly v\u00e1rosi j\u00e1t\u00e9kkal, amely Harderwijk t\u00f6rt\u00e9nelmi v\u00e1rosk\u00f6zpontj\u00e1ban j\u00e1tsz\u00f3dik. Ahogy a Szabads\u00e1g Fesztiv\u00e1l trag\u00e9di\u00e1ba torkollik egy rejt\u00e9lyes gyilkoss\u00e1ggal, \u00d6n detekt\u00edv szerepet \u00f6lt, nyomokat gy\u0171jt, rejtv\u00e9nyeket old meg \u00e9s digit\u00e1lis gyan\u00fas\u00edtottakat hallgat ki egy izgalmas nyomoz\u00e1s sor\u00e1n. Egy kibontakoz\u00f3 narrat\u00edv\u00e1t k\u00f6vetve Harderwijk utc\u00e1in, szabadon felfedezheti a v\u00e1rost a saj\u00e1t temp\u00f3j\u00e1ban, mik\u00f6zben minden l\u00e9p\u00e9s m\u00e9lyebbre vonja \u00d6nt a rejt\u00e9lybe \u00e9s Sherlock Holmes elm\u00e9j\u00e9be.<\/p>\n","protected":false},"excerpt":{"rendered":"<p>L\u00e9pjen a vil\u00e1gh\u00edr\u0171 detekt\u00edv, Sherlock Holmes nyom\u00e1ba, \u00e9s induljon egy \u00f6nvez\u00e9relt gyilkoss\u00e1gi rejt\u00e9lyre Harderwijk b\u00e1jos v\u00e1ros\u00e1ban. K\u00f6vessen rejt\u00e9lyes nyomokat, fejtsen meg \u00f6sszetett fejt\u00f6r\u0151ket, \u00e9s dolgozzon egy\u00fctt csapat\u00e1val, hogy leleplezze az igazs\u00e1got, miel\u0151tt t\u00fal k\u00e9s\u0151 lenne!<\/p>\n","protected":false},"featured_media":10169,"template":"","meta":{"_acf_changed":false,"_yoast_wpseo_focuskw":"Sherlock Holmes Harderwijk","_yoast_wpseo_metadesc":"Sherlock Holmes Harderwijk. J\u00e1tsszon egy \u00f6nvez\u00e9relt gyilkoss\u00e1gi rejt\u00e9ly v\u00e1rosi j\u00e1t\u00e9kot, oldjon meg fejt\u00f6r\u0151ket, k\u00f6vessen nyomokat, \u00e9s leplezze le a gyilkost a saj\u00e1t temp\u00f3j\u00e1ban!","_kad_blocks_custom_css":"","_kad_blocks_head_custom_js":"","_kad_blocks_body_custom_js":"","_kad_blocks_footer_custom_js":"","ghostkit_customizer_options":"","ghostkit_custom_css":"","ghostkit_custom_js_head":"","ghostkit_custom_js_foot":"","ghostkit_typography":"","_kad_post_transparent":"","_kad_post_title":"","_kad_post_layout":"","_kad_post_sidebar_id":"","_kad_post_content_style":"","_kad_post_vertical_padding":"","_kad_post_feature":"","_kad_post_feature_position":"","_kad_post_header":false,"_kad_post_footer":false,"_kad_post_classname":"","_links_to":"","_links_to_target":""},"game-concept":[776],"location":[193],"product_brand":[],"product_cat":[27],"product_tag":[],"class_list":{"0":"post-67447","1":"product","2":"type-product","3":"status-publish","4":"has-post-thumbnail","6":"game-concept-sherlock","7":"location-harderwijk","8":"product_cat-geen-categorie","10":"first","11":"instock","12":"shipping-taxable","13":"purchasable","14":"product-type-simple","15":"entry","16":"content-bg","17":"loop-entry"},"acf":{"full_bokun_product_name":"Harderwijk Self-Guided Sherlock Holmes Murder Mystery Game","location_name":"Harderwijk","bokun_calendar_widget_code":"<script type=\"text\/javascript\" src=\"https:\/\/widgets.bokun.io\/assets\/javascripts\/apps\/build\/BokunWidgetsLoader.js?bookingChannelUUID=a1e93e96-5232-4734-a595-28405f4b5a31\" async><\/script>\n     \n    <div class=\"bokunWidget\" data-src=\"https:\/\/widgets.bokun.io\/online-sales\/a1e93e96-5232-4734-a595-28405f4b5a31\/experience-calendar\/730883\"><\/div>\n    <noscript>Please enable javascript in your browser to book<\/noscript>","bokun_button_widget_code":"<script type=\"text\/javascript\" src=\"https:\/\/widgets.bokun.io\/assets\/javascripts\/apps\/build\/BokunWidgetsLoader.js?bookingChannelUUID=a1e93e96-5232-4734-a595-28405f4b5a31\" async><\/script>\n      <style> #bokun_ed001e45_5927_4f62_b470_ca766338d083 { display: inline-block; padding: .4em 1em; background: #47b82e; border-radius: 999999px; box-shadow: none; font-weight: 600; font-size: 24px; text-decoration: none; text-align: center; color: #FFFFFF; border:none; cursor: pointer; transition: background .2s ease; } #bokun_ed001e45_5927_4f62_b470_ca766338d083:hover{ background: #2f7b1f; } #bokun_ed001e45_5927_4f62_b470_ca766338d083:active{ background: #378f24; } <\/style> <button class=\"bokunButton\" disabled id=bokun_ed001e45_5927_4f62_b470_ca766338d083 data-src=\"https:\/\/widgets.bokun.io\/online-sales\/a1e93e96-5232-4734-a595-28405f4b5a31\/experience-calendar\/730883?partialView=1\" data-testid=\"widget-book-button\" > Book now <\/button> ","what_you\u2019ll_experience_during_the_game":"L\u00e9pjen be egy izgalmas detekt\u00edvt\u00f6rt\u00e9netbe Harderwijk sz\u00edv\u00e9be, ahol a Szabads\u00e1g Fesztiv\u00e1lon t\u00f6rt\u00e9nt gyilkoss\u00e1g megr\u00e1zta a v\u00e1rost. Ahogy az utc\u00e1kon halad, a narrat\u00edva darabr\u00f3l darabra bontakozik ki, egyre m\u00e9lyebbre vonva \u00d6nt egy \u00f6sszetett nyomoz\u00e1sba, amely tele van titkokkal \u00e9s v\u00e1ltoz\u00f3 ind\u00edt\u00e9kokkal. Felfedez rejtett nyomokat, megold kih\u00edv\u00e1st jelent\u0151 fejt\u00f6r\u0151ket, \u00e9s alkalmazkodik v\u00e1ratlan fordulatokhoz, amelyek pr\u00f3b\u00e1ra teszik az igazs\u00e1g \u00e9s a megt\u00e9veszt\u00e9s ir\u00e1nti \u00f6szt\u00f6n\u00e9t.\n\nK\u00e9rdezze ki a digit\u00e1lis gyan\u00fas\u00edtottakat, elemezze alibijeiket, \u00e9s fedezze fel azokat az ellentmond\u00e1sokat, amelyeket m\u00e1sok esetleg figyelmen k\u00edv\u00fcl hagynak. Utaz\u00e1sa teljesen t\u00f6rt\u00e9netk\u00f6zpont\u00fa, minden l\u00e9p\u00e9sn\u00e9l \u00e9les megfigyel\u00e9st, kritikus gondolkod\u00e1st \u00e9s gondos dedukci\u00f3t ig\u00e9nyel. Sz\u00fcneteltetheti az \u00e9lm\u00e9nyt, \u00e9s b\u00e1rmikor folytathatja, \u00edgy k\u00f6nnyed\u00e9n nyomozhat a saj\u00e1t temp\u00f3j\u00e1ban. Ha csapatban dolgozik, ak\u00e1r \u00f6sszehasonl\u00edthatja is a halad\u00e1s\u00e1t a versenyel\u0151ny \u00e9rdek\u00e9ben, de a rejt\u00e9ly tov\u00e1bbra is az \u00e9lm\u00e9ny k\u00f6z\u00e9ppontj\u00e1ban marad.","how_to_play":"Dolgozzon egyed\u00fcl vagy bar\u00e1tokkal, csal\u00e1ddal, vagy koll\u00e9g\u00e1kkal, legfeljebb n\u00e9gyf\u0151s csapatokban, eszk\u00f6z\u00f6nk\u00e9nt. A foglal\u00e1s ut\u00e1n kap egy utas\u00edt\u00e1sokat tartalmaz\u00f3 e-mailt mindennel, amire sz\u00fcks\u00e9ge van.","start_location":"Harderwijk, Gemeentehuis ","available_languages":["en","es","fr","de","it","nl"],"players_per_group":"1-4","duration":"1.5-2 hours","image_overlay_color_image":"https:\/\/testwebsite.citygame.com\/wp-content\/blogs.dir\/1\/files\/sites\/62\/2026\/01\/SherlockColor.svg","image_overlay_game_logo":"https:\/\/testwebsite.citygame.com\/wp-content\/blogs.dir\/1\/files\/sites\/62\/2026\/01\/SherlockLogo.png","city_page":4618,"woocommerce_general_content":null},"yoast_head":"<!-- This site is optimized with the Yoast SEO Premium plugin v26.2 (Yoast SEO v26.3) - https:\/\/yoast.com\/wordpress\/plugins\/seo\/ -->\n<title>Sherlock Holmes Harderwijk - City Game<\/title>\n<meta name=\"description\" content=\"Sherlock Holmes Harderwijk. J\u00e1tsszon egy \u00f6nvez\u00e9relt gyilkoss\u00e1gi rejt\u00e9ly v\u00e1rosi j\u00e1t\u00e9kot, oldjon meg fejt\u00f6r\u0151ket, k\u00f6vessen nyomokat, \u00e9s leplezze le a gyilkost a saj\u00e1t temp\u00f3j\u00e1ban!\" \/>\n<meta name=\"robots\" content=\"noindex, follow, max-snippet:-1, max-image-preview:large, max-video-preview:-1\" \/>\n<meta property=\"og:locale\" content=\"hu_HU\" \/>\n<meta property=\"og:type\" content=\"article\" \/>\n<meta property=\"og:title\" content=\"Sherlock Holmes Harderwijk\" \/>\n<meta property=\"og:description\" content=\"Sherlock Holmes Harderwijk. J\u00e1tsszon egy \u00f6nvez\u00e9relt gyilkoss\u00e1gi rejt\u00e9ly v\u00e1rosi j\u00e1t\u00e9kot, oldjon meg fejt\u00f6r\u0151ket, k\u00f6vessen nyomokat, \u00e9s leplezze le a gyilkost a saj\u00e1t temp\u00f3j\u00e1ban!\" \/>\n<meta property=\"og:url\" content=\"https:\/\/testwebsite.citygame.com\/hu\/games\/harderwijk\/sherlock-holmes-harderwijk\/\" \/>\n<meta property=\"og:site_name\" content=\"City Game\" \/>\n<meta property=\"article:publisher\" content=\"https:\/\/www.facebook.com\/profile.php?id=100086426226253\" \/>\n<meta property=\"article:modified_time\" content=\"2026-04-09T09:04:39+00:00\" \/>\n<meta property=\"og:image\" content=\"https:\/\/testwebsite.citygame.com\/wp-content\/blogs.dir\/1\/files\/sites\/62\/2026\/02\/harderwijk-woman-playing-sherlock-city-game-on-phone.jpg\" \/>\n\t<meta property=\"og:image:width\" content=\"1344\" \/>\n\t<meta property=\"og:image:height\" content=\"768\" \/>\n\t<meta property=\"og:image:type\" content=\"image\/jpeg\" \/>\n<meta name=\"twitter:card\" content=\"summary_large_image\" \/>\n<meta name=\"twitter:label1\" content=\"Becs\u00fclt olvas\u00e1si id\u0151\" \/>\n\t<meta name=\"twitter:data1\" content=\"1 perc\" \/>\n<script type=\"application\/ld+json\" class=\"yoast-schema-graph\">{\"@context\":\"https:\/\/schema.org\",\"@graph\":[{\"@type\":\"WebPage\",\"@id\":\"https:\/\/testwebsite.citygame.com\/hu\/games\/harderwijk\/sherlock-holmes-harderwijk\/\",\"url\":\"https:\/\/testwebsite.citygame.com\/hu\/games\/harderwijk\/sherlock-holmes-harderwijk\/\",\"name\":\"Sherlock Holmes Harderwijk - City Game\",\"isPartOf\":{\"@id\":\"https:\/\/testwebsite.upevents.nl\/#website\"},\"primaryImageOfPage\":{\"@id\":\"https:\/\/testwebsite.citygame.com\/hu\/games\/harderwijk\/sherlock-holmes-harderwijk\/#primaryimage\"},\"image\":{\"@id\":\"https:\/\/testwebsite.citygame.com\/hu\/games\/harderwijk\/sherlock-holmes-harderwijk\/#primaryimage\"},\"thumbnailUrl\":\"https:\/\/testwebsite.citygame.com\/wp-content\/blogs.dir\/1\/files\/sites\/62\/2026\/02\/harderwijk-woman-playing-sherlock-city-game-on-phone.jpg\",\"datePublished\":\"2026-02-04T11:44:57+00:00\",\"dateModified\":\"2026-04-09T09:04:39+00:00\",\"description\":\"Sherlock Holmes Harderwijk. J\u00e1tsszon egy \u00f6nvez\u00e9relt gyilkoss\u00e1gi rejt\u00e9ly v\u00e1rosi j\u00e1t\u00e9kot, oldjon meg fejt\u00f6r\u0151ket, k\u00f6vessen nyomokat, \u00e9s leplezze le a gyilkost a saj\u00e1t temp\u00f3j\u00e1ban!\",\"breadcrumb\":{\"@id\":\"https:\/\/testwebsite.citygame.com\/hu\/games\/harderwijk\/sherlock-holmes-harderwijk\/#breadcrumb\"},\"inLanguage\":\"hu\",\"potentialAction\":[{\"@type\":\"ReadAction\",\"target\":[\"https:\/\/testwebsite.citygame.com\/hu\/games\/harderwijk\/sherlock-holmes-harderwijk\/\"]}]},{\"@type\":\"ImageObject\",\"inLanguage\":\"hu\",\"@id\":\"https:\/\/testwebsite.citygame.com\/hu\/games\/harderwijk\/sherlock-holmes-harderwijk\/#primaryimage\",\"url\":\"https:\/\/testwebsite.citygame.com\/wp-content\/blogs.dir\/1\/files\/sites\/62\/2026\/02\/harderwijk-woman-playing-sherlock-city-game-on-phone.jpg\",\"contentUrl\":\"https:\/\/testwebsite.citygame.com\/wp-content\/blogs.dir\/1\/files\/sites\/62\/2026\/02\/harderwijk-woman-playing-sherlock-city-game-on-phone.jpg\",\"width\":1344,\"height\":768,\"caption\":\"A player solves a puzzle on her smartphone while exploring the streets of Harderwijk.\"},{\"@type\":\"BreadcrumbList\",\"@id\":\"https:\/\/testwebsite.citygame.com\/hu\/games\/harderwijk\/sherlock-holmes-harderwijk\/#breadcrumb\",\"itemListElement\":[{\"@type\":\"ListItem\",\"position\":1,\"name\":\"Home\",\"item\":\"https:\/\/testwebsite.citygame.com\/hu\/\"},{\"@type\":\"ListItem\",\"position\":2,\"name\":\"Shop\",\"item\":\"https:\/\/testwebsite.citygame.com\/shop\/\"},{\"@type\":\"ListItem\",\"position\":3,\"name\":\"Sherlock Holmes Harderwijk\"}]},{\"@type\":\"WebSite\",\"@id\":\"https:\/\/testwebsite.upevents.nl\/#website\",\"url\":\"https:\/\/testwebsite.upevents.nl\/\",\"name\":\"City Game\",\"description\":\"\",\"publisher\":{\"@id\":\"https:\/\/testwebsite.upevents.nl\/#organization\"},\"alternateName\":\"citygame.com\",\"potentialAction\":[{\"@type\":\"SearchAction\",\"target\":{\"@type\":\"EntryPoint\",\"urlTemplate\":\"https:\/\/testwebsite.upevents.nl\/?s={search_term_string}\"},\"query-input\":{\"@type\":\"PropertyValueSpecification\",\"valueRequired\":true,\"valueName\":\"search_term_string\"}}],\"inLanguage\":\"hu\"},{\"@type\":[\"Organization\",\"Place\"],\"@id\":\"https:\/\/testwebsite.upevents.nl\/#organization\",\"name\":\"City Game\",\"alternateName\":\"citygame.com\",\"url\":\"https:\/\/testwebsite.upevents.nl\/\",\"logo\":{\"@id\":\"https:\/\/testwebsite.citygame.com\/hu\/games\/harderwijk\/sherlock-holmes-harderwijk\/#local-main-organization-logo\"},\"image\":{\"@id\":\"https:\/\/testwebsite.citygame.com\/hu\/games\/harderwijk\/sherlock-holmes-harderwijk\/#local-main-organization-logo\"},\"sameAs\":[\"https:\/\/www.facebook.com\/profile.php?id=100086426226253\",\"https:\/\/www.instagram.com\/citygame_com\",\"https:\/\/www.tiktok.com\/@citygamecom\/\",\"https:\/\/www.linkedin.com\/company\/citygame-com\"],\"description\":\"Turn any city into a playground with our interactive City Games and self-guided tours. Fun, flexible, and ideal for groups and team building.\",\"telephone\":[],\"openingHoursSpecification\":[{\"@type\":\"OpeningHoursSpecification\",\"dayOfWeek\":[\"Monday\",\"Tuesday\",\"Wednesday\",\"Thursday\",\"Friday\",\"Saturday\",\"Sunday\"],\"opens\":\"09:00\",\"closes\":\"17:00\"}]},{\"@type\":\"ImageObject\",\"inLanguage\":\"hu\",\"@id\":\"https:\/\/testwebsite.citygame.com\/hu\/games\/harderwijk\/sherlock-holmes-harderwijk\/#local-main-organization-logo\",\"url\":\"https:\/\/testwebsite.citygame.com\/wp-content\/blogs.dir\/1\/files\/sites\/62\/2025\/10\/CG_LOGO-City-Game.png\",\"contentUrl\":\"https:\/\/testwebsite.citygame.com\/wp-content\/blogs.dir\/1\/files\/sites\/62\/2025\/10\/CG_LOGO-City-Game.png\",\"width\":351,\"height\":377,\"caption\":\"City Game\"}]}<\/script>\n<!-- \/ Yoast SEO Premium plugin. -->","yoast_head_json":{"title":"Sherlock Holmes Harderwijk - City Game","description":"Sherlock Holmes Harderwijk. J\u00e1tsszon egy \u00f6nvez\u00e9relt gyilkoss\u00e1gi rejt\u00e9ly v\u00e1rosi j\u00e1t\u00e9kot, oldjon meg fejt\u00f6r\u0151ket, k\u00f6vessen nyomokat, \u00e9s leplezze le a gyilkost a saj\u00e1t temp\u00f3j\u00e1ban!","robots":{"index":"noindex","follow":"follow","max-snippet":"max-snippet:-1","max-image-preview":"max-image-preview:large","max-video-preview":"max-video-preview:-1"},"og_locale":"hu_HU","og_type":"article","og_title":"Sherlock Holmes Harderwijk","og_description":"Sherlock Holmes Harderwijk. J\u00e1tsszon egy \u00f6nvez\u00e9relt gyilkoss\u00e1gi rejt\u00e9ly v\u00e1rosi j\u00e1t\u00e9kot, oldjon meg fejt\u00f6r\u0151ket, k\u00f6vessen nyomokat, \u00e9s leplezze le a gyilkost a saj\u00e1t temp\u00f3j\u00e1ban!","og_url":"https:\/\/testwebsite.citygame.com\/hu\/games\/harderwijk\/sherlock-holmes-harderwijk\/","og_site_name":"City Game","article_publisher":"https:\/\/www.facebook.com\/profile.php?id=100086426226253","article_modified_time":"2026-04-09T09:04:39+00:00","og_image":[{"width":1344,"height":768,"url":"https:\/\/testwebsite.citygame.com\/wp-content\/blogs.dir\/1\/files\/sites\/62\/2026\/02\/harderwijk-woman-playing-sherlock-city-game-on-phone.jpg","type":"image\/jpeg"}],"twitter_card":"summary_large_image","twitter_misc":{"Becs\u00fclt olvas\u00e1si id\u0151":"1 perc"},"schema":{"@context":"https:\/\/schema.org","@graph":[{"@type":"WebPage","@id":"https:\/\/testwebsite.citygame.com\/hu\/games\/harderwijk\/sherlock-holmes-harderwijk\/","url":"https:\/\/testwebsite.citygame.com\/hu\/games\/harderwijk\/sherlock-holmes-harderwijk\/","name":"Sherlock Holmes Harderwijk - City Game","isPartOf":{"@id":"https:\/\/testwebsite.upevents.nl\/#website"},"primaryImageOfPage":{"@id":"https:\/\/testwebsite.citygame.com\/hu\/games\/harderwijk\/sherlock-holmes-harderwijk\/#primaryimage"},"image":{"@id":"https:\/\/testwebsite.citygame.com\/hu\/games\/harderwijk\/sherlock-holmes-harderwijk\/#primaryimage"},"thumbnailUrl":"https:\/\/testwebsite.citygame.com\/wp-content\/blogs.dir\/1\/files\/sites\/62\/2026\/02\/harderwijk-woman-playing-sherlock-city-game-on-phone.jpg","datePublished":"2026-02-04T11:44:57+00:00","dateModified":"2026-04-09T09:04:39+00:00","description":"Sherlock Holmes Harderwijk. J\u00e1tsszon egy \u00f6nvez\u00e9relt gyilkoss\u00e1gi rejt\u00e9ly v\u00e1rosi j\u00e1t\u00e9kot, oldjon meg fejt\u00f6r\u0151ket, k\u00f6vessen nyomokat, \u00e9s leplezze le a gyilkost a saj\u00e1t temp\u00f3j\u00e1ban!","breadcrumb":{"@id":"https:\/\/testwebsite.citygame.com\/hu\/games\/harderwijk\/sherlock-holmes-harderwijk\/#breadcrumb"},"inLanguage":"hu","potentialAction":[{"@type":"ReadAction","target":["https:\/\/testwebsite.citygame.com\/hu\/games\/harderwijk\/sherlock-holmes-harderwijk\/"]}]},{"@type":"ImageObject","inLanguage":"hu","@id":"https:\/\/testwebsite.citygame.com\/hu\/games\/harderwijk\/sherlock-holmes-harderwijk\/#primaryimage","url":"https:\/\/testwebsite.citygame.com\/wp-content\/blogs.dir\/1\/files\/sites\/62\/2026\/02\/harderwijk-woman-playing-sherlock-city-game-on-phone.jpg","contentUrl":"https:\/\/testwebsite.citygame.com\/wp-content\/blogs.dir\/1\/files\/sites\/62\/2026\/02\/harderwijk-woman-playing-sherlock-city-game-on-phone.jpg","width":1344,"height":768,"caption":"A player solves a puzzle on her smartphone while exploring the streets of Harderwijk."},{"@type":"BreadcrumbList","@id":"https:\/\/testwebsite.citygame.com\/hu\/games\/harderwijk\/sherlock-holmes-harderwijk\/#breadcrumb","itemListElement":[{"@type":"ListItem","position":1,"name":"Home","item":"https:\/\/testwebsite.citygame.com\/hu\/"},{"@type":"ListItem","position":2,"name":"Shop","item":"https:\/\/testwebsite.citygame.com\/shop\/"},{"@type":"ListItem","position":3,"name":"Sherlock Holmes Harderwijk"}]},{"@type":"WebSite","@id":"https:\/\/testwebsite.upevents.nl\/#website","url":"https:\/\/testwebsite.upevents.nl\/","name":"City Game","description":"","publisher":{"@id":"https:\/\/testwebsite.upevents.nl\/#organization"},"alternateName":"citygame.com","potentialAction":[{"@type":"SearchAction","target":{"@type":"EntryPoint","urlTemplate":"https:\/\/testwebsite.upevents.nl\/?s={search_term_string}"},"query-input":{"@type":"PropertyValueSpecification","valueRequired":true,"valueName":"search_term_string"}}],"inLanguage":"hu"},{"@type":["Organization","Place"],"@id":"https:\/\/testwebsite.upevents.nl\/#organization","name":"City Game","alternateName":"citygame.com","url":"https:\/\/testwebsite.upevents.nl\/","logo":{"@id":"https:\/\/testwebsite.citygame.com\/hu\/games\/harderwijk\/sherlock-holmes-harderwijk\/#local-main-organization-logo"},"image":{"@id":"https:\/\/testwebsite.citygame.com\/hu\/games\/harderwijk\/sherlock-holmes-harderwijk\/#local-main-organization-logo"},"sameAs":["https:\/\/www.facebook.com\/profile.php?id=100086426226253","https:\/\/www.instagram.com\/citygame_com","https:\/\/www.tiktok.com\/@citygamecom\/","https:\/\/www.linkedin.com\/company\/citygame-com"],"description":"Turn any city into a playground with our interactive City Games and self-guided tours. Fun, flexible, and ideal for groups and team building.","telephone":[],"openingHoursSpecification":[{"@type":"OpeningHoursSpecification","dayOfWeek":["Monday","Tuesday","Wednesday","Thursday","Friday","Saturday","Sunday"],"opens":"09:00","closes":"17:00"}]},{"@type":"ImageObject","inLanguage":"hu","@id":"https:\/\/testwebsite.citygame.com\/hu\/games\/harderwijk\/sherlock-holmes-harderwijk\/#local-main-organization-logo","url":"https:\/\/testwebsite.citygame.com\/wp-content\/blogs.dir\/1\/files\/sites\/62\/2025\/10\/CG_LOGO-City-Game.png","contentUrl":"https:\/\/testwebsite.citygame.com\/wp-content\/blogs.dir\/1\/files\/sites\/62\/2025\/10\/CG_LOGO-City-Game.png","width":351,"height":377,"caption":"City Game"}]}},"taxonomy_info":{"game-concept":[{"value":776,"label":"Sherlock"}],"location":[{"value":193,"label":"Harderwijk"}],"product_cat":[{"value":27,"label":"Geen categorie"}]},"featured_image_src_large":["https:\/\/testwebsite.citygame.com\/wp-content\/blogs.dir\/1\/files\/sites\/62\/2026\/02\/harderwijk-woman-playing-sherlock-city-game-on-phone-1024x585.jpg",1024,585,true],"author_info":[],"comment_info":"","_links":{"self":[{"href":"https:\/\/testwebsite.citygame.com\/hu\/wp-json\/wp\/v2\/product\/67447","targetHints":{"allow":["GET"]}}],"collection":[{"href":"https:\/\/testwebsite.citygame.com\/hu\/wp-json\/wp\/v2\/product"}],"about":[{"href":"https:\/\/testwebsite.citygame.com\/hu\/wp-json\/wp\/v2\/types\/product"}],"acf:post":[{"embeddable":true,"href":"https:\/\/testwebsite.citygame.com\/hu\/wp-json\/wp\/v2\/pages\/4618"}],"wp:featuredmedia":[{"embeddable":true,"href":"https:\/\/testwebsite.citygame.com\/hu\/wp-json\/wp\/v2\/media\/10169"}],"wp:attachment":[{"href":"https:\/\/testwebsite.citygame.com\/hu\/wp-json\/wp\/v2\/media?parent=67447"}],"wp:term":[{"taxonomy":"game-concept","embeddable":true,"href":"https:\/\/testwebsite.citygame.com\/hu\/wp-json\/wp\/v2\/game-concept?post=67447"},{"taxonomy":"location","embeddable":true,"href":"https:\/\/testwebsite.citygame.com\/hu\/wp-json\/wp\/v2\/location?post=67447"},{"taxonomy":"product_brand","embeddable":true,"href":"https:\/\/testwebsite.citygame.com\/hu\/wp-json\/wp\/v2\/product_brand?post=67447"},{"taxonomy":"product_cat","embeddable":true,"href":"https:\/\/testwebsite.citygame.com\/hu\/wp-json\/wp\/v2\/product_cat?post=67447"},{"taxonomy":"product_tag","embeddable":true,"href":"https:\/\/testwebsite.citygame.com\/hu\/wp-json\/wp\/v2\/product_tag?post=67447"}],"curies":[{"name":"wp","href":"https:\/\/api.w.org\/{rel}","templated":true}]}}