{"id":66693,"date":"2026-03-13T19:45:32","date_gmt":"2026-03-13T19:45:32","guid":{"rendered":"https:\/\/testwebsite.citygame.com\/games\/unknown-location\/secrets-of-scheveningen\/"},"modified":"2026-04-08T22:25:08","modified_gmt":"2026-04-08T22:25:08","slug":"secrets-of-scheveningen","status":"publish","type":"product","link":"https:\/\/testwebsite.citygame.com\/hu\/games\/scheveningen\/secrets-of-scheveningen\/","title":{"rendered":"Secrets of Scheveningen"},"content":{"rendered":"<p>Fedezd fel H\u00e1ga egyik leg\u00e9l\u00e9nkebb ker\u00fclet\u00e9nek rejt\u00e9lyeit a &#8220;Secrets of Scheveningen&#8221; V\u00e1rosi J\u00e1t\u00e9kkal. Ez az \u00f6nvezet\u0151 v\u00e1rosi j\u00e1t\u00e9k H\u00e1ga egy k\u00fcl\u00f6nleges ter\u00fclet\u00e9n, nevezetesen Scheveningenben j\u00e1tsz\u00f3dik. GPS-alap\u00fa felfedez\u0151 j\u00e1t\u00e9kk\u00e9nt a j\u00e1t\u00e9kosok okostelefonjuk seg\u00edts\u00e9g\u00e9vel navig\u00e1lnak ezen a tengerparti ker\u00fcleten, \u00fatk\u00f6zben rejtv\u00e9nyeket, tal\u00e1l\u00f3s k\u00e9rd\u00e9seket \u00e9s fot\u00f3feladatokat oldva meg. A k\u00fcldet\u00e9s sor\u00e1n felfedezed a k\u00f6rny\u00e9k t\u00f6rt\u00e9nelm\u00e9t, kult\u00far\u00e1j\u00e1t \u00e9s rejtett fort\u00e9lyait, \u00edgy vonz\u00f3 tanul\u00e1si \u00e9lm\u00e9nyt ny\u00fajtva turist\u00e1knak \u00e9s lakosoknak egyar\u00e1nt. Ak\u00e1r egyed\u00fcl j\u00e1tszol, ak\u00e1r p\u00e1rban, csal\u00e1ddal vagy bar\u00e1ti t\u00e1rsas\u00e1ggal, ez a scheveningeni v\u00e1rosi j\u00e1t\u00e9k \u00e9lvezetes m\u00f3dot k\u00edn\u00e1l a v\u00e1ros felfedez\u00e9s\u00e9re.<\/p>\n","protected":false},"excerpt":{"rendered":"<p>Mer\u00fclj el Scheveningen tenger\u00e9ben \u00e9s pomp\u00e1j\u00e1ban! Mer\u00fclj el egy v\u00e1rosban, ahol a tengeri \u00f6r\u00f6ks\u00e9g modern sz\u00f6rf\u00f6s hangulattal p\u00e1rosul, egy v\u00e1rosi \u00e9kszerben, ahol \u0151si hal\u00e1szmes\u00e9k fon\u00f3dnak \u00f6ssze a kort\u00e1rs v\u00edzi sportok izgalm\u00e1val. Fejtsd meg a rejt\u00e9lyeket, mik\u00f6zben tal\u00e1lkozol \u00e9l\u00e9nk szellem\u00e9vel, Scheveningen mindig tele van v\u00e1ratlan b\u00e1jokkal!<\/p>\n","protected":false},"featured_media":18894,"template":"","meta":{"_acf_changed":false,"_yoast_wpseo_focuskw":"Secrets of Scheveningen","_yoast_wpseo_metadesc":"Secrets of Scheveningen. J\u00e1tssz egy \u00f6nvezet\u0151 V\u00e1rosi J\u00e1t\u00e9kot, \u00e9s fedezd fel a v\u00e1rost rejtv\u00e9nyek, tal\u00e1l\u00f3s k\u00e9rd\u00e9sek \u00e9s kih\u00edv\u00e1sok seg\u00edts\u00e9g\u00e9vel. J\u00e1tssz a saj\u00e1t temp\u00f3dban, \u00e9s fedezd fel, mint egy helyi!","_kad_blocks_custom_css":"","_kad_blocks_head_custom_js":"","_kad_blocks_body_custom_js":"","_kad_blocks_footer_custom_js":"","ghostkit_customizer_options":"","ghostkit_custom_css":"","ghostkit_custom_js_head":"","ghostkit_custom_js_foot":"","ghostkit_typography":"","_kad_post_transparent":"","_kad_post_title":"","_kad_post_layout":"","_kad_post_sidebar_id":"","_kad_post_content_style":"","_kad_post_vertical_padding":"","_kad_post_feature":"","_kad_post_feature_position":"","_kad_post_header":false,"_kad_post_footer":false,"_kad_post_classname":"","_links_to":"","_links_to_target":""},"game-concept":[715],"location":[362],"product_brand":[],"product_cat":[27],"product_tag":[],"class_list":{"0":"post-66693","1":"product","2":"type-product","3":"status-publish","4":"has-post-thumbnail","6":"game-concept-secrets","7":"location-scheveningen","8":"product_cat-geen-categorie","10":"first","11":"instock","12":"shipping-taxable","13":"purchasable","14":"product-type-simple","15":"entry","16":"content-bg","17":"loop-entry"},"acf":{"full_bokun_product_name":"Self-Guided Secrets of Scheveningen Exploration Game","location_name":"Scheveningen","bokun_calendar_widget_code":"<script type=\"text\/javascript\" src=\"https:\/\/widgets.bokun.io\/assets\/javascripts\/apps\/build\/BokunWidgetsLoader.js?bookingChannelUUID=a1e93e96-5232-4734-a595-28405f4b5a31\" async><\/script>\n     \n    <div class=\"bokunWidget\" data-src=\"https:\/\/widgets.bokun.io\/online-sales\/a1e93e96-5232-4734-a595-28405f4b5a31\/experience-calendar\/887818\"><\/div>\n    <noscript>Please enable javascript in your browser to book<\/noscript>","bokun_button_widget_code":"<script type=\"text\/javascript\" src=\"https:\/\/widgets.bokun.io\/assets\/javascripts\/apps\/build\/BokunWidgetsLoader.js?bookingChannelUUID=a1e93e96-5232-4734-a595-28405f4b5a31\" async><\/script>\n      <style> #bokun_ed001e45_5927_4f62_b470_ca766338d083 { display: inline-block; padding: .4em 1em; background: #47b82e; border-radius: 999999px; box-shadow: none; font-weight: 600; font-size: 24px; text-decoration: none; text-align: center; color: #FFFFFF; border:none; cursor: pointer; transition: background .2s ease; } #bokun_ed001e45_5927_4f62_b470_ca766338d083:hover{ background: #2f7b1f; } #bokun_ed001e45_5927_4f62_b470_ca766338d083:active{ background: #378f24; } <\/style> <button class=\"bokunButton\" disabled id=bokun_ed001e45_5927_4f62_b470_ca766338d083 data-src=\"https:\/\/widgets.bokun.io\/online-sales\/a1e93e96-5232-4734-a595-28405f4b5a31\/experience-calendar\/887818?partialView=1\" data-testid=\"widget-book-button\" > Book now <\/button> ","what_you\u2019ll_experience_during_the_game":"A mag\u00e1val ragad\u00f3 Secrets of Scheveningen V\u00e1rosi J\u00e1t\u00e9kunkban elm\u00e9lyedhetsz ennek a tengerparti el\u0151v\u00e1rosnak a sz\u00edv\u00e9ben, felfedezve t\u00f6rt\u00e9neteit \u00e9s m\u00faltj\u00e1t, mik\u00f6zben felfedezed. Ez az interakt\u00edv V\u00e1rosi J\u00e1t\u00e9k gy\u00f6ny\u00f6r\u0171en \u00f6tv\u00f6zi a v\u00e1rosn\u00e9z\u00e9st egy mag\u00e1val ragad\u00f3 narrat\u00edv\u00e1val \u00e9s stimul\u00e1l\u00f3 kih\u00edv\u00e1sokkal, egyedi betekint\u00e9st ny\u00fajtva Scheveningen ikonikus nevezetess\u00e9geibe, valamint kev\u00e9sb\u00e9 ismert gy\u00f6ngyszemeibe. Ahogy barangolsz a ter\u00fcleten, megismerkedhetsz a jellegzetes Strandpavilonnal, az \u00e9l\u00e9nk Palota Promen\u00e1ddal \u00e9s az elb\u0171v\u00f6l\u0151 Scheveningeni Kik\u00f6t\u0151vel, ahol minden helysz\u00edn egy-egy darabot t\u00e1r fel a k\u00f6rny\u00e9k izgalmas rejtv\u00e9ny\u00e9b\u0151l.\n\nA j\u00e1t\u00e9kmenet r\u00e9szek\u00e9nt arra invit\u00e1lunk, hogy bekapcsold kritikai gondolkod\u00e1sodat, \u00fatk\u00f6zben sz\u00e1mos tal\u00e1l\u00f3s k\u00e9rd\u00e9ssel, k\u00e9rd\u00e9ssel \u00e9s fot\u00f3feladattal megk\u00fczdve. Minden sikeresen teljes\u00edtett feladat pontokat szerez, tippeket nyit meg, \u00e9s egy l\u00e9p\u00e9ssel k\u00f6zelebb visz a felfedez\u0151 j\u00e1t\u00e9k v\u00e9gs\u0151 rejt\u00e9ly\u00e9nek megold\u00e1s\u00e1hoz. Ne feledd, te tartod a kezdeteket ebben a j\u00e1t\u00e9kban, rugalmasan sz\u00fcneteltetheted \u00e9s folytathatod, amikor csak akarod. Azok, akik verseng\u0151 szellem\u0171ek, \u00e9rt\u00e9kelni fogj\u00e1k a tov\u00e1bbi izgalmat, hogy a ranglist\u00e1n a vezet\u0151 poz\u00edci\u00f3ra t\u00f6rekedhetnek, mik\u00f6zben Scheveningenn kereszt\u00fcl utaznak. F\u00fcggetlen\u00fcl att\u00f3l, hogy tapasztalt rejtv\u00e9nyfejt\u0151 vagy k\u00edv\u00e1ncsi turista vagy, a Secrets of Scheveningen V\u00e1rosi J\u00e1t\u00e9k felejthetetlen kalandot \u00edg\u00e9r a v\u00e1ros ezen elb\u0171v\u00f6l\u0151 sark\u00e1ban.","how_to_play":"Foglald le a Felfedez\u0151 J\u00e1t\u00e9kot, ellen\u0151rizd az \u00e1ltalunk k\u00fcld\u00f6tt e-mailt az egyszer\u0171 \u00fatmutat\u00f3val, t\u00f6ltsd le a Loquiz alkalmaz\u00e1st, l\u00e9pj be a Felfedez\u0151 J\u00e1t\u00e9kba, \u00e9s k\u00e9szen \u00e1llsz a j\u00e1t\u00e9k\u00e9lm\u00e9ny megkezd\u00e9s\u00e9re!","start_location":" Scheveningen, Pellenaerstraat","available_languages":["en"],"players_per_group":"1-4","duration":"1.5-2 hours","image_overlay_color_image":"https:\/\/testwebsite.citygame.com\/wp-content\/blogs.dir\/1\/files\/sites\/62\/2026\/01\/SecretsColor.svg","image_overlay_game_logo":"https:\/\/testwebsite.citygame.com\/wp-content\/blogs.dir\/1\/files\/sites\/62\/2026\/01\/SecretsLogo.png","city_page":15863,"woocommerce_general_content":null},"yoast_head":"<!-- This site is optimized with the Yoast SEO Premium plugin v26.2 (Yoast SEO v26.3) - https:\/\/yoast.com\/wordpress\/plugins\/seo\/ -->\n<title>Secrets of Scheveningen - City Game<\/title>\n<meta name=\"description\" content=\"Secrets of Scheveningen. J\u00e1tssz egy \u00f6nvezet\u0151 V\u00e1rosi J\u00e1t\u00e9kot, \u00e9s fedezd fel a v\u00e1rost rejtv\u00e9nyek, tal\u00e1l\u00f3s k\u00e9rd\u00e9sek \u00e9s kih\u00edv\u00e1sok seg\u00edts\u00e9g\u00e9vel. J\u00e1tssz a saj\u00e1t temp\u00f3dban, \u00e9s fedezd fel, mint egy helyi!\" \/>\n<meta name=\"robots\" content=\"noindex, follow, max-snippet:-1, max-image-preview:large, max-video-preview:-1\" \/>\n<meta property=\"og:locale\" content=\"hu_HU\" \/>\n<meta property=\"og:type\" content=\"article\" \/>\n<meta property=\"og:title\" content=\"Secrets of Scheveningen\" \/>\n<meta property=\"og:description\" content=\"Secrets of Scheveningen. J\u00e1tssz egy \u00f6nvezet\u0151 V\u00e1rosi J\u00e1t\u00e9kot, \u00e9s fedezd fel a v\u00e1rost rejtv\u00e9nyek, tal\u00e1l\u00f3s k\u00e9rd\u00e9sek \u00e9s kih\u00edv\u00e1sok seg\u00edts\u00e9g\u00e9vel. J\u00e1tssz a saj\u00e1t temp\u00f3dban, \u00e9s fedezd fel, mint egy helyi!\" \/>\n<meta property=\"og:url\" content=\"https:\/\/testwebsite.citygame.com\/hu\/games\/scheveningen\/secrets-of-scheveningen\/\" \/>\n<meta property=\"og:site_name\" content=\"City Game\" \/>\n<meta property=\"article:publisher\" content=\"https:\/\/www.facebook.com\/profile.php?id=100086426226253\" \/>\n<meta property=\"article:modified_time\" content=\"2026-04-08T22:25:08+00:00\" \/>\n<meta property=\"og:image\" content=\"https:\/\/testwebsite.citygame.com\/wp-content\/blogs.dir\/1\/files\/sites\/62\/2026\/03\/group-of-friends-playing-city-game-scheveningen-boulevard.jpg\" \/>\n\t<meta property=\"og:image:width\" content=\"1024\" \/>\n\t<meta property=\"og:image:height\" content=\"1024\" \/>\n\t<meta property=\"og:image:type\" content=\"image\/jpeg\" \/>\n<meta name=\"twitter:card\" content=\"summary_large_image\" \/>\n<meta name=\"twitter:label1\" content=\"Becs\u00fclt olvas\u00e1si id\u0151\" \/>\n\t<meta name=\"twitter:data1\" content=\"1 perc\" \/>\n<script type=\"application\/ld+json\" class=\"yoast-schema-graph\">{\"@context\":\"https:\/\/schema.org\",\"@graph\":[{\"@type\":\"WebPage\",\"@id\":\"https:\/\/testwebsite.citygame.com\/hu\/games\/scheveningen\/secrets-of-scheveningen\/\",\"url\":\"https:\/\/testwebsite.citygame.com\/hu\/games\/scheveningen\/secrets-of-scheveningen\/\",\"name\":\"Secrets of Scheveningen - City Game\",\"isPartOf\":{\"@id\":\"https:\/\/testwebsite.upevents.nl\/#website\"},\"primaryImageOfPage\":{\"@id\":\"https:\/\/testwebsite.citygame.com\/hu\/games\/scheveningen\/secrets-of-scheveningen\/#primaryimage\"},\"image\":{\"@id\":\"https:\/\/testwebsite.citygame.com\/hu\/games\/scheveningen\/secrets-of-scheveningen\/#primaryimage\"},\"thumbnailUrl\":\"https:\/\/testwebsite.citygame.com\/wp-content\/blogs.dir\/1\/files\/sites\/62\/2026\/03\/group-of-friends-playing-city-game-scheveningen-boulevard.jpg\",\"datePublished\":\"2026-03-13T19:45:32+00:00\",\"dateModified\":\"2026-04-08T22:25:08+00:00\",\"description\":\"Secrets of Scheveningen. J\u00e1tssz egy \u00f6nvezet\u0151 V\u00e1rosi J\u00e1t\u00e9kot, \u00e9s fedezd fel a v\u00e1rost rejtv\u00e9nyek, tal\u00e1l\u00f3s k\u00e9rd\u00e9sek \u00e9s kih\u00edv\u00e1sok seg\u00edts\u00e9g\u00e9vel. J\u00e1tssz a saj\u00e1t temp\u00f3dban, \u00e9s fedezd fel, mint egy helyi!\",\"breadcrumb\":{\"@id\":\"https:\/\/testwebsite.citygame.com\/hu\/games\/scheveningen\/secrets-of-scheveningen\/#breadcrumb\"},\"inLanguage\":\"hu\",\"potentialAction\":[{\"@type\":\"ReadAction\",\"target\":[\"https:\/\/testwebsite.citygame.com\/hu\/games\/scheveningen\/secrets-of-scheveningen\/\"]}]},{\"@type\":\"ImageObject\",\"inLanguage\":\"hu\",\"@id\":\"https:\/\/testwebsite.citygame.com\/hu\/games\/scheveningen\/secrets-of-scheveningen\/#primaryimage\",\"url\":\"https:\/\/testwebsite.citygame.com\/wp-content\/blogs.dir\/1\/files\/sites\/62\/2026\/03\/group-of-friends-playing-city-game-scheveningen-boulevard.jpg\",\"contentUrl\":\"https:\/\/testwebsite.citygame.com\/wp-content\/blogs.dir\/1\/files\/sites\/62\/2026\/03\/group-of-friends-playing-city-game-scheveningen-boulevard.jpg\",\"width\":1024,\"height\":1024,\"caption\":\"A group of friends collaborates while looking at a smartphone screen during an outdoor game.\"},{\"@type\":\"BreadcrumbList\",\"@id\":\"https:\/\/testwebsite.citygame.com\/hu\/games\/scheveningen\/secrets-of-scheveningen\/#breadcrumb\",\"itemListElement\":[{\"@type\":\"ListItem\",\"position\":1,\"name\":\"Home\",\"item\":\"https:\/\/testwebsite.citygame.com\/hu\/\"},{\"@type\":\"ListItem\",\"position\":2,\"name\":\"Shop\",\"item\":\"https:\/\/testwebsite.citygame.com\/shop\/\"},{\"@type\":\"ListItem\",\"position\":3,\"name\":\"Secrets of Scheveningen\"}]},{\"@type\":\"WebSite\",\"@id\":\"https:\/\/testwebsite.upevents.nl\/#website\",\"url\":\"https:\/\/testwebsite.upevents.nl\/\",\"name\":\"City Game\",\"description\":\"\",\"publisher\":{\"@id\":\"https:\/\/testwebsite.upevents.nl\/#organization\"},\"alternateName\":\"citygame.com\",\"potentialAction\":[{\"@type\":\"SearchAction\",\"target\":{\"@type\":\"EntryPoint\",\"urlTemplate\":\"https:\/\/testwebsite.upevents.nl\/?s={search_term_string}\"},\"query-input\":{\"@type\":\"PropertyValueSpecification\",\"valueRequired\":true,\"valueName\":\"search_term_string\"}}],\"inLanguage\":\"hu\"},{\"@type\":[\"Organization\",\"Place\"],\"@id\":\"https:\/\/testwebsite.upevents.nl\/#organization\",\"name\":\"City Game\",\"alternateName\":\"citygame.com\",\"url\":\"https:\/\/testwebsite.upevents.nl\/\",\"logo\":{\"@id\":\"https:\/\/testwebsite.citygame.com\/hu\/games\/scheveningen\/secrets-of-scheveningen\/#local-main-organization-logo\"},\"image\":{\"@id\":\"https:\/\/testwebsite.citygame.com\/hu\/games\/scheveningen\/secrets-of-scheveningen\/#local-main-organization-logo\"},\"sameAs\":[\"https:\/\/www.facebook.com\/profile.php?id=100086426226253\",\"https:\/\/www.instagram.com\/citygame_com\",\"https:\/\/www.tiktok.com\/@citygamecom\/\",\"https:\/\/www.linkedin.com\/company\/citygame-com\"],\"description\":\"Turn any city into a playground with our interactive City Games and self-guided tours. Fun, flexible, and ideal for groups and team building.\",\"telephone\":[],\"openingHoursSpecification\":[{\"@type\":\"OpeningHoursSpecification\",\"dayOfWeek\":[\"Monday\",\"Tuesday\",\"Wednesday\",\"Thursday\",\"Friday\",\"Saturday\",\"Sunday\"],\"opens\":\"09:00\",\"closes\":\"17:00\"}]},{\"@type\":\"ImageObject\",\"inLanguage\":\"hu\",\"@id\":\"https:\/\/testwebsite.citygame.com\/hu\/games\/scheveningen\/secrets-of-scheveningen\/#local-main-organization-logo\",\"url\":\"https:\/\/testwebsite.citygame.com\/wp-content\/blogs.dir\/1\/files\/sites\/62\/2025\/10\/CG_LOGO-City-Game.png\",\"contentUrl\":\"https:\/\/testwebsite.citygame.com\/wp-content\/blogs.dir\/1\/files\/sites\/62\/2025\/10\/CG_LOGO-City-Game.png\",\"width\":351,\"height\":377,\"caption\":\"City Game\"}]}<\/script>\n<!-- \/ Yoast SEO Premium plugin. -->","yoast_head_json":{"title":"Secrets of Scheveningen - City Game","description":"Secrets of Scheveningen. J\u00e1tssz egy \u00f6nvezet\u0151 V\u00e1rosi J\u00e1t\u00e9kot, \u00e9s fedezd fel a v\u00e1rost rejtv\u00e9nyek, tal\u00e1l\u00f3s k\u00e9rd\u00e9sek \u00e9s kih\u00edv\u00e1sok seg\u00edts\u00e9g\u00e9vel. J\u00e1tssz a saj\u00e1t temp\u00f3dban, \u00e9s fedezd fel, mint egy helyi!","robots":{"index":"noindex","follow":"follow","max-snippet":"max-snippet:-1","max-image-preview":"max-image-preview:large","max-video-preview":"max-video-preview:-1"},"og_locale":"hu_HU","og_type":"article","og_title":"Secrets of Scheveningen","og_description":"Secrets of Scheveningen. J\u00e1tssz egy \u00f6nvezet\u0151 V\u00e1rosi J\u00e1t\u00e9kot, \u00e9s fedezd fel a v\u00e1rost rejtv\u00e9nyek, tal\u00e1l\u00f3s k\u00e9rd\u00e9sek \u00e9s kih\u00edv\u00e1sok seg\u00edts\u00e9g\u00e9vel. J\u00e1tssz a saj\u00e1t temp\u00f3dban, \u00e9s fedezd fel, mint egy helyi!","og_url":"https:\/\/testwebsite.citygame.com\/hu\/games\/scheveningen\/secrets-of-scheveningen\/","og_site_name":"City Game","article_publisher":"https:\/\/www.facebook.com\/profile.php?id=100086426226253","article_modified_time":"2026-04-08T22:25:08+00:00","og_image":[{"width":1024,"height":1024,"url":"https:\/\/testwebsite.citygame.com\/wp-content\/blogs.dir\/1\/files\/sites\/62\/2026\/03\/group-of-friends-playing-city-game-scheveningen-boulevard.jpg","type":"image\/jpeg"}],"twitter_card":"summary_large_image","twitter_misc":{"Becs\u00fclt olvas\u00e1si id\u0151":"1 perc"},"schema":{"@context":"https:\/\/schema.org","@graph":[{"@type":"WebPage","@id":"https:\/\/testwebsite.citygame.com\/hu\/games\/scheveningen\/secrets-of-scheveningen\/","url":"https:\/\/testwebsite.citygame.com\/hu\/games\/scheveningen\/secrets-of-scheveningen\/","name":"Secrets of Scheveningen - City Game","isPartOf":{"@id":"https:\/\/testwebsite.upevents.nl\/#website"},"primaryImageOfPage":{"@id":"https:\/\/testwebsite.citygame.com\/hu\/games\/scheveningen\/secrets-of-scheveningen\/#primaryimage"},"image":{"@id":"https:\/\/testwebsite.citygame.com\/hu\/games\/scheveningen\/secrets-of-scheveningen\/#primaryimage"},"thumbnailUrl":"https:\/\/testwebsite.citygame.com\/wp-content\/blogs.dir\/1\/files\/sites\/62\/2026\/03\/group-of-friends-playing-city-game-scheveningen-boulevard.jpg","datePublished":"2026-03-13T19:45:32+00:00","dateModified":"2026-04-08T22:25:08+00:00","description":"Secrets of Scheveningen. J\u00e1tssz egy \u00f6nvezet\u0151 V\u00e1rosi J\u00e1t\u00e9kot, \u00e9s fedezd fel a v\u00e1rost rejtv\u00e9nyek, tal\u00e1l\u00f3s k\u00e9rd\u00e9sek \u00e9s kih\u00edv\u00e1sok seg\u00edts\u00e9g\u00e9vel. J\u00e1tssz a saj\u00e1t temp\u00f3dban, \u00e9s fedezd fel, mint egy helyi!","breadcrumb":{"@id":"https:\/\/testwebsite.citygame.com\/hu\/games\/scheveningen\/secrets-of-scheveningen\/#breadcrumb"},"inLanguage":"hu","potentialAction":[{"@type":"ReadAction","target":["https:\/\/testwebsite.citygame.com\/hu\/games\/scheveningen\/secrets-of-scheveningen\/"]}]},{"@type":"ImageObject","inLanguage":"hu","@id":"https:\/\/testwebsite.citygame.com\/hu\/games\/scheveningen\/secrets-of-scheveningen\/#primaryimage","url":"https:\/\/testwebsite.citygame.com\/wp-content\/blogs.dir\/1\/files\/sites\/62\/2026\/03\/group-of-friends-playing-city-game-scheveningen-boulevard.jpg","contentUrl":"https:\/\/testwebsite.citygame.com\/wp-content\/blogs.dir\/1\/files\/sites\/62\/2026\/03\/group-of-friends-playing-city-game-scheveningen-boulevard.jpg","width":1024,"height":1024,"caption":"A group of friends collaborates while looking at a smartphone screen during an outdoor game."},{"@type":"BreadcrumbList","@id":"https:\/\/testwebsite.citygame.com\/hu\/games\/scheveningen\/secrets-of-scheveningen\/#breadcrumb","itemListElement":[{"@type":"ListItem","position":1,"name":"Home","item":"https:\/\/testwebsite.citygame.com\/hu\/"},{"@type":"ListItem","position":2,"name":"Shop","item":"https:\/\/testwebsite.citygame.com\/shop\/"},{"@type":"ListItem","position":3,"name":"Secrets of Scheveningen"}]},{"@type":"WebSite","@id":"https:\/\/testwebsite.upevents.nl\/#website","url":"https:\/\/testwebsite.upevents.nl\/","name":"City Game","description":"","publisher":{"@id":"https:\/\/testwebsite.upevents.nl\/#organization"},"alternateName":"citygame.com","potentialAction":[{"@type":"SearchAction","target":{"@type":"EntryPoint","urlTemplate":"https:\/\/testwebsite.upevents.nl\/?s={search_term_string}"},"query-input":{"@type":"PropertyValueSpecification","valueRequired":true,"valueName":"search_term_string"}}],"inLanguage":"hu"},{"@type":["Organization","Place"],"@id":"https:\/\/testwebsite.upevents.nl\/#organization","name":"City Game","alternateName":"citygame.com","url":"https:\/\/testwebsite.upevents.nl\/","logo":{"@id":"https:\/\/testwebsite.citygame.com\/hu\/games\/scheveningen\/secrets-of-scheveningen\/#local-main-organization-logo"},"image":{"@id":"https:\/\/testwebsite.citygame.com\/hu\/games\/scheveningen\/secrets-of-scheveningen\/#local-main-organization-logo"},"sameAs":["https:\/\/www.facebook.com\/profile.php?id=100086426226253","https:\/\/www.instagram.com\/citygame_com","https:\/\/www.tiktok.com\/@citygamecom\/","https:\/\/www.linkedin.com\/company\/citygame-com"],"description":"Turn any city into a playground with our interactive City Games and self-guided tours. Fun, flexible, and ideal for groups and team building.","telephone":[],"openingHoursSpecification":[{"@type":"OpeningHoursSpecification","dayOfWeek":["Monday","Tuesday","Wednesday","Thursday","Friday","Saturday","Sunday"],"opens":"09:00","closes":"17:00"}]},{"@type":"ImageObject","inLanguage":"hu","@id":"https:\/\/testwebsite.citygame.com\/hu\/games\/scheveningen\/secrets-of-scheveningen\/#local-main-organization-logo","url":"https:\/\/testwebsite.citygame.com\/wp-content\/blogs.dir\/1\/files\/sites\/62\/2025\/10\/CG_LOGO-City-Game.png","contentUrl":"https:\/\/testwebsite.citygame.com\/wp-content\/blogs.dir\/1\/files\/sites\/62\/2025\/10\/CG_LOGO-City-Game.png","width":351,"height":377,"caption":"City Game"}]}},"taxonomy_info":{"game-concept":[{"value":715,"label":"Secrets"}],"location":[{"value":362,"label":"Scheveningen"}],"product_cat":[{"value":27,"label":"Geen categorie"}]},"featured_image_src_large":["https:\/\/testwebsite.citygame.com\/wp-content\/blogs.dir\/1\/files\/sites\/62\/2026\/03\/group-of-friends-playing-city-game-scheveningen-boulevard.jpg",1024,1024,false],"author_info":[],"comment_info":"","_links":{"self":[{"href":"https:\/\/testwebsite.citygame.com\/hu\/wp-json\/wp\/v2\/product\/66693","targetHints":{"allow":["GET"]}}],"collection":[{"href":"https:\/\/testwebsite.citygame.com\/hu\/wp-json\/wp\/v2\/product"}],"about":[{"href":"https:\/\/testwebsite.citygame.com\/hu\/wp-json\/wp\/v2\/types\/product"}],"acf:post":[{"embeddable":true,"href":"https:\/\/testwebsite.citygame.com\/hu\/wp-json\/wp\/v2\/pages\/15863"}],"wp:featuredmedia":[{"embeddable":true,"href":"https:\/\/testwebsite.citygame.com\/hu\/wp-json\/wp\/v2\/media\/18894"}],"wp:attachment":[{"href":"https:\/\/testwebsite.citygame.com\/hu\/wp-json\/wp\/v2\/media?parent=66693"}],"wp:term":[{"taxonomy":"game-concept","embeddable":true,"href":"https:\/\/testwebsite.citygame.com\/hu\/wp-json\/wp\/v2\/game-concept?post=66693"},{"taxonomy":"location","embeddable":true,"href":"https:\/\/testwebsite.citygame.com\/hu\/wp-json\/wp\/v2\/location?post=66693"},{"taxonomy":"product_brand","embeddable":true,"href":"https:\/\/testwebsite.citygame.com\/hu\/wp-json\/wp\/v2\/product_brand?post=66693"},{"taxonomy":"product_cat","embeddable":true,"href":"https:\/\/testwebsite.citygame.com\/hu\/wp-json\/wp\/v2\/product_cat?post=66693"},{"taxonomy":"product_tag","embeddable":true,"href":"https:\/\/testwebsite.citygame.com\/hu\/wp-json\/wp\/v2\/product_tag?post=66693"}],"curies":[{"name":"wp","href":"https:\/\/api.w.org\/{rel}","templated":true}]}}