{"id":66631,"date":"2026-03-13T19:09:58","date_gmt":"2026-03-13T19:09:58","guid":{"rendered":"https:\/\/testwebsite.citygame.com\/games\/unknown-location\/secrets-of-montfoort\/"},"modified":"2026-04-08T21:53:06","modified_gmt":"2026-04-08T21:53:06","slug":"secrets-of-montfoort","status":"publish","type":"product","link":"https:\/\/testwebsite.citygame.com\/hu\/games\/montfoort\/secrets-of-montfoort\/","title":{"rendered":"Secrets of Montfoort"},"content":{"rendered":"<p>\u00c9lvezze a mag\u00e1val ragad\u00f3, \u00f6nvezet\u0151, GPS-alap\u00fa V\u00e1rosi J\u00e1t\u00e9kot Montfoort belv\u00e1ros\u00e1ban. Ez a felfedez\u0151 j\u00e1t\u00e9k mag\u00e1ban foglalja okostelefonja haszn\u00e1lat\u00e1t bonyolultan megtervezett rejtv\u00e9nyek, tal\u00e1nyok megold\u00e1s\u00e1ra, \u00e9s interakt\u00edv fot\u00f3 kih\u00edv\u00e1sokban val\u00f3 r\u00e9szv\u00e9telt a v\u00e1rosban. Ezen az elmer\u00edt\u0151 \u00e9lm\u00e9nyen kereszt\u00fcl a j\u00e1t\u00e9kosok felfedezhetik Montfoort&#8217;s kult\u00far\u00e1j\u00e1t, t\u00f6rt\u00e9nelm\u00e9t \u00e9s gyakran figyelmen k\u00edv\u00fcl hagyott, leny\u0171g\u00f6z\u0151 r\u00e9szleteit. Ez a tev\u00e9kenys\u00e9g nemcsak azoknak a l\u00e1togat\u00f3knak sz\u00f3l, akik m\u00e1s szemsz\u00f6gb\u0151l szeretn\u00e9k meg\u00e9rteni a v\u00e1rost, hanem a helyieknek is, akik \u00fajra szeretn\u00e9k felfedezni v\u00e1rosukat. A Montfoort V\u00e1rosi J\u00e1t\u00e9k ragyog\u00f3an m\u0171k\u00f6dik egy\u00e9ni felfedez\u0151k, p\u00e1rok, csal\u00e1dok \u00e9s ak\u00e1r bar\u00e1ti t\u00e1rsas\u00e1gok sz\u00e1m\u00e1ra is, mindenkinek egyedi \u00e9s lebilincsel\u0151 m\u00f3dot k\u00edn\u00e1lva a v\u00e1ros megismer\u00e9s\u00e9re.<\/p>\n","protected":false},"excerpt":{"rendered":"<p>Fedezze fel Montfoort&#8217;s k\u00f6z\u00e9pkori nagys\u00e1g\u00e1t! V\u00e1gjon bele egy kalandba egy olyan v\u00e1rosban, ahol a t\u00f6rt\u00e9nelem \u0151si v\u00e1rakb\u00f3l suttog, \u00e9s a kult\u00fara \u00e9vsz\u00e1zados utc\u00e1kb\u00f3l \u00e1rad. Fejtsen meg rejtv\u00e9nyeket, mik\u00f6zben \u00e1tszeli b\u00e1jos sz\u00edv\u00e9t, Montfoort minden l\u00e9p\u00e9sn\u00e9l csod\u00e1kkal teli!<\/p>\n","protected":false},"featured_media":18872,"template":"","meta":{"_acf_changed":false,"_yoast_wpseo_focuskw":"Secrets of Montfoort","_yoast_wpseo_metadesc":"Secrets of Montfoort. J\u00e1tssz egy \u00f6nvezet\u0151 V\u00e1rosi J\u00e1t\u00e9kot, \u00e9s fedezd fel a v\u00e1rost rejtv\u00e9nyek, tal\u00e1nyok \u00e9s kih\u00edv\u00e1sok seg\u00edts\u00e9g\u00e9vel. J\u00e1tssz a saj\u00e1t temp\u00f3dban, \u00e9s fedezd fel, mint egy helyi!","_kad_blocks_custom_css":"","_kad_blocks_head_custom_js":"","_kad_blocks_body_custom_js":"","_kad_blocks_footer_custom_js":"","ghostkit_customizer_options":"","ghostkit_custom_css":"","ghostkit_custom_js_head":"","ghostkit_custom_js_foot":"","ghostkit_typography":"","_kad_post_transparent":"","_kad_post_title":"","_kad_post_layout":"","_kad_post_sidebar_id":"","_kad_post_content_style":"","_kad_post_vertical_padding":"","_kad_post_feature":"","_kad_post_feature_position":"","_kad_post_header":false,"_kad_post_footer":false,"_kad_post_classname":"","_links_to":"","_links_to_target":""},"game-concept":[715],"location":[282],"product_brand":[],"product_cat":[27],"product_tag":[],"class_list":{"0":"post-66631","1":"product","2":"type-product","3":"status-publish","4":"has-post-thumbnail","6":"game-concept-secrets","7":"location-montfoort","8":"product_cat-geen-categorie","10":"first","11":"instock","12":"shipping-taxable","13":"purchasable","14":"product-type-simple","15":"entry","16":"content-bg","17":"loop-entry"},"acf":{"full_bokun_product_name":"Self-Guided Secrets of Montfoort Exploration Game","location_name":"Montfoort","bokun_calendar_widget_code":"<script type=\"text\/javascript\" src=\"https:\/\/widgets.bokun.io\/assets\/javascripts\/apps\/build\/BokunWidgetsLoader.js?bookingChannelUUID=a1e93e96-5232-4734-a595-28405f4b5a31\" async><\/script>\n     \n    <div class=\"bokunWidget\" data-src=\"https:\/\/widgets.bokun.io\/online-sales\/a1e93e96-5232-4734-a595-28405f4b5a31\/experience-calendar\/895754\"><\/div>\n    <noscript>Please enable javascript in your browser to book<\/noscript>","bokun_button_widget_code":"<script type=\"text\/javascript\" src=\"https:\/\/widgets.bokun.io\/assets\/javascripts\/apps\/build\/BokunWidgetsLoader.js?bookingChannelUUID=a1e93e96-5232-4734-a595-28405f4b5a31\" async><\/script>\n      <style> #bokun_ed001e45_5927_4f62_b470_ca766338d083 { display: inline-block; padding: .4em 1em; background: #47b82e; border-radius: 999999px; box-shadow: none; font-weight: 600; font-size: 24px; text-decoration: none; text-align: center; color: #FFFFFF; border:none; cursor: pointer; transition: background .2s ease; } #bokun_ed001e45_5927_4f62_b470_ca766338d083:hover{ background: #2f7b1f; } #bokun_ed001e45_5927_4f62_b470_ca766338d083:active{ background: #378f24; } <\/style> <button class=\"bokunButton\" disabled id=bokun_ed001e45_5927_4f62_b470_ca766338d083 data-src=\"https:\/\/widgets.bokun.io\/online-sales\/a1e93e96-5232-4734-a595-28405f4b5a31\/experience-calendar\/895754?partialView=1\" data-testid=\"widget-book-button\" > Book now <\/button> ","what_you\u2019ll_experience_during_the_game":"Mer\u00fclj el Montfoort l\u00e9legzetel\u00e1ll\u00edt\u00f3 sz\u00e9ps\u00e9g\u00e9ben interakt\u00edv V\u00e1rosi J\u00e1t\u00e9kunkkal, amely a v\u00e1rosn\u00e9z\u00e9s \u00e9s a t\u00f6rt\u00e9netmes\u00e9l\u00e9s egyedi \u00f6tv\u00f6zete. Ahogy bej\u00e1rja a v\u00e1rost, h\u00edres l\u00e1tv\u00e1nyoss\u00e1gai \u00e9s rejtett kincsei is felt\u00e1rulnak, mindegyik egy-egy darabot k\u00edn\u00e1lva egy bonyolult narrat\u00edv rejtv\u00e9nyb\u0151l. Legyen sz\u00f3 a Montfoort Castle t\u00f6rt\u00e9nelmi b\u00e1j\u00e1r\u00f3l, a Linschoten River k\u00f6r\u00fcli nyugodt hangulatr\u00f3l, vagy az \u00f3v\u00e1ros rusztikus utc\u00e1ir\u00f3l, minden hely egy felfedez\u00e9sre v\u00e1r\u00f3 titkot rejt. Ez a felfedez\u0151 j\u00e1t\u00e9k friss, egyedi perspekt\u00edv\u00e1t k\u00edn\u00e1l Montfoortra, egy egyszer\u0171 v\u00e1rosi s\u00e9t\u00e1t exped\u00edci\u00f3v\u00e1 v\u00e1ltoztatva a gazdag t\u00f6rt\u00e9nelembe \u00e9s a helyi \u00e9letbe. \n\nV\u00e1lj detekt\u00edvv\u00e9 Montfoortban, megfejtve rejt\u00e9lyes tal\u00e1nyokat, izgalmas k\u00e9rd\u00e9seket \u00e9s sz\u00f3rakoztat\u00f3 fot\u00f3 kih\u00edv\u00e1sokat. Minden megoldott rejtv\u00e9ny nemcsak pontokat ad, hanem egy l\u00e9pcs\u0151fok is egy leny\u0171g\u00f6z\u0151 rejt\u00e9ly megfejt\u00e9se fel\u00e9, amelyet gondosan sz\u0151ttek a v\u00e1ros sz\u00f6vet\u00e9be. Ne agg\u00f3djon az id\u0151korl\u00e1tok miatt, mivel b\u00e1rmikor sz\u00fcneteltetheti \u00e9s \u00fajraind\u00edthatja a j\u00e1t\u00e9kot. Ha versenyszellem\u0171 vagy, megc\u00e9lozhatod a vezet\u0151 helyet a ranglist\u00e1nkon, m\u00e9g izgalmasabb\u00e1 t\u00e9ve a j\u00e1t\u00e9k\u00e9lm\u00e9nyt. Gyere, v\u00e1gj bele ebbe a felfedez\u0151 V\u00e1rosi J\u00e1t\u00e9kba, \u00e9s tapasztald meg Montfoortot egy teljesen \u00faj f\u00e9nyben.","how_to_play":"Foglalja le a Felfedez\u0151 J\u00e1t\u00e9kot, ellen\u0151rizze az e-mailt, amelyet egyszer\u0171 utas\u00edt\u00e1sokkal k\u00fcld\u00fcnk \u00d6nnek, t\u00f6ltse le a Loquiz Appot, l\u00e9pjen be a Felfedez\u0151 J\u00e1t\u00e9kba, \u00e9s k\u00e9szen \u00e1ll a j\u00e1t\u00e9k\u00e9lm\u00e9ny megkezd\u00e9s\u00e9re!","start_location":"Montfoort, Lange Kerkstraat","available_languages":["en"],"players_per_group":"1-4","duration":"1.5-2 hours","image_overlay_color_image":"https:\/\/testwebsite.citygame.com\/wp-content\/blogs.dir\/1\/files\/sites\/62\/2026\/01\/SecretsColor.svg","image_overlay_game_logo":"https:\/\/testwebsite.citygame.com\/wp-content\/blogs.dir\/1\/files\/sites\/62\/2026\/01\/SecretsLogo.png","city_page":15851,"woocommerce_general_content":null},"yoast_head":"<!-- This site is optimized with the Yoast SEO Premium plugin v26.2 (Yoast SEO v26.3) - https:\/\/yoast.com\/wordpress\/plugins\/seo\/ -->\n<title>Secrets of Montfoort - City Game<\/title>\n<meta name=\"description\" content=\"Secrets of Montfoort. J\u00e1tssz egy \u00f6nvezet\u0151 V\u00e1rosi J\u00e1t\u00e9kot, \u00e9s fedezd fel a v\u00e1rost rejtv\u00e9nyek, tal\u00e1nyok \u00e9s kih\u00edv\u00e1sok seg\u00edts\u00e9g\u00e9vel. J\u00e1tssz a saj\u00e1t temp\u00f3dban, \u00e9s fedezd fel, mint egy helyi!\" \/>\n<meta name=\"robots\" content=\"noindex, follow, max-snippet:-1, max-image-preview:large, max-video-preview:-1\" \/>\n<meta property=\"og:locale\" content=\"hu_HU\" \/>\n<meta property=\"og:type\" content=\"article\" \/>\n<meta property=\"og:title\" content=\"Secrets of Montfoort\" \/>\n<meta property=\"og:description\" content=\"Secrets of Montfoort. J\u00e1tssz egy \u00f6nvezet\u0151 V\u00e1rosi J\u00e1t\u00e9kot, \u00e9s fedezd fel a v\u00e1rost rejtv\u00e9nyek, tal\u00e1nyok \u00e9s kih\u00edv\u00e1sok seg\u00edts\u00e9g\u00e9vel. J\u00e1tssz a saj\u00e1t temp\u00f3dban, \u00e9s fedezd fel, mint egy helyi!\" \/>\n<meta property=\"og:url\" content=\"https:\/\/testwebsite.citygame.com\/hu\/games\/montfoort\/secrets-of-montfoort\/\" \/>\n<meta property=\"og:site_name\" content=\"City Game\" \/>\n<meta property=\"article:publisher\" content=\"https:\/\/www.facebook.com\/profile.php?id=100086426226253\" \/>\n<meta property=\"article:modified_time\" content=\"2026-04-08T21:53:06+00:00\" \/>\n<meta property=\"og:image\" content=\"https:\/\/testwebsite.citygame.com\/wp-content\/blogs.dir\/1\/files\/sites\/62\/2026\/03\/montfoort-group-players-city-game.jpg\" \/>\n\t<meta property=\"og:image:width\" content=\"1024\" \/>\n\t<meta property=\"og:image:height\" content=\"1024\" \/>\n\t<meta property=\"og:image:type\" content=\"image\/jpeg\" \/>\n<meta name=\"twitter:card\" content=\"summary_large_image\" \/>\n<meta name=\"twitter:label1\" content=\"Becs\u00fclt olvas\u00e1si id\u0151\" \/>\n\t<meta name=\"twitter:data1\" content=\"1 perc\" \/>\n<script type=\"application\/ld+json\" class=\"yoast-schema-graph\">{\"@context\":\"https:\/\/schema.org\",\"@graph\":[{\"@type\":\"WebPage\",\"@id\":\"https:\/\/testwebsite.citygame.com\/hu\/games\/montfoort\/secrets-of-montfoort\/\",\"url\":\"https:\/\/testwebsite.citygame.com\/hu\/games\/montfoort\/secrets-of-montfoort\/\",\"name\":\"Secrets of Montfoort - City Game\",\"isPartOf\":{\"@id\":\"https:\/\/testwebsite.upevents.nl\/#website\"},\"primaryImageOfPage\":{\"@id\":\"https:\/\/testwebsite.citygame.com\/hu\/games\/montfoort\/secrets-of-montfoort\/#primaryimage\"},\"image\":{\"@id\":\"https:\/\/testwebsite.citygame.com\/hu\/games\/montfoort\/secrets-of-montfoort\/#primaryimage\"},\"thumbnailUrl\":\"https:\/\/testwebsite.citygame.com\/wp-content\/blogs.dir\/1\/files\/sites\/62\/2026\/03\/montfoort-group-players-city-game.jpg\",\"datePublished\":\"2026-03-13T19:09:58+00:00\",\"dateModified\":\"2026-04-08T21:53:06+00:00\",\"description\":\"Secrets of Montfoort. J\u00e1tssz egy \u00f6nvezet\u0151 V\u00e1rosi J\u00e1t\u00e9kot, \u00e9s fedezd fel a v\u00e1rost rejtv\u00e9nyek, tal\u00e1nyok \u00e9s kih\u00edv\u00e1sok seg\u00edts\u00e9g\u00e9vel. J\u00e1tssz a saj\u00e1t temp\u00f3dban, \u00e9s fedezd fel, mint egy helyi!\",\"breadcrumb\":{\"@id\":\"https:\/\/testwebsite.citygame.com\/hu\/games\/montfoort\/secrets-of-montfoort\/#breadcrumb\"},\"inLanguage\":\"hu\",\"potentialAction\":[{\"@type\":\"ReadAction\",\"target\":[\"https:\/\/testwebsite.citygame.com\/hu\/games\/montfoort\/secrets-of-montfoort\/\"]}]},{\"@type\":\"ImageObject\",\"inLanguage\":\"hu\",\"@id\":\"https:\/\/testwebsite.citygame.com\/hu\/games\/montfoort\/secrets-of-montfoort\/#primaryimage\",\"url\":\"https:\/\/testwebsite.citygame.com\/wp-content\/blogs.dir\/1\/files\/sites\/62\/2026\/03\/montfoort-group-players-city-game.jpg\",\"contentUrl\":\"https:\/\/testwebsite.citygame.com\/wp-content\/blogs.dir\/1\/files\/sites\/62\/2026\/03\/montfoort-group-players-city-game.jpg\",\"width\":1024,\"height\":1024,\"caption\":\"A team of friends collaborates on a challenge using a smartphone during their city game in Montfoort.\"},{\"@type\":\"BreadcrumbList\",\"@id\":\"https:\/\/testwebsite.citygame.com\/hu\/games\/montfoort\/secrets-of-montfoort\/#breadcrumb\",\"itemListElement\":[{\"@type\":\"ListItem\",\"position\":1,\"name\":\"Home\",\"item\":\"https:\/\/testwebsite.citygame.com\/hu\/\"},{\"@type\":\"ListItem\",\"position\":2,\"name\":\"Shop\",\"item\":\"https:\/\/testwebsite.citygame.com\/shop\/\"},{\"@type\":\"ListItem\",\"position\":3,\"name\":\"Secrets of Montfoort\"}]},{\"@type\":\"WebSite\",\"@id\":\"https:\/\/testwebsite.upevents.nl\/#website\",\"url\":\"https:\/\/testwebsite.upevents.nl\/\",\"name\":\"City Game\",\"description\":\"\",\"publisher\":{\"@id\":\"https:\/\/testwebsite.upevents.nl\/#organization\"},\"alternateName\":\"citygame.com\",\"potentialAction\":[{\"@type\":\"SearchAction\",\"target\":{\"@type\":\"EntryPoint\",\"urlTemplate\":\"https:\/\/testwebsite.upevents.nl\/?s={search_term_string}\"},\"query-input\":{\"@type\":\"PropertyValueSpecification\",\"valueRequired\":true,\"valueName\":\"search_term_string\"}}],\"inLanguage\":\"hu\"},{\"@type\":[\"Organization\",\"Place\"],\"@id\":\"https:\/\/testwebsite.upevents.nl\/#organization\",\"name\":\"City Game\",\"alternateName\":\"citygame.com\",\"url\":\"https:\/\/testwebsite.upevents.nl\/\",\"logo\":{\"@id\":\"https:\/\/testwebsite.citygame.com\/hu\/games\/montfoort\/secrets-of-montfoort\/#local-main-organization-logo\"},\"image\":{\"@id\":\"https:\/\/testwebsite.citygame.com\/hu\/games\/montfoort\/secrets-of-montfoort\/#local-main-organization-logo\"},\"sameAs\":[\"https:\/\/www.facebook.com\/profile.php?id=100086426226253\",\"https:\/\/www.instagram.com\/citygame_com\",\"https:\/\/www.tiktok.com\/@citygamecom\/\",\"https:\/\/www.linkedin.com\/company\/citygame-com\"],\"description\":\"Turn any city into a playground with our interactive City Games and self-guided tours. Fun, flexible, and ideal for groups and team building.\",\"telephone\":[],\"openingHoursSpecification\":[{\"@type\":\"OpeningHoursSpecification\",\"dayOfWeek\":[\"Monday\",\"Tuesday\",\"Wednesday\",\"Thursday\",\"Friday\",\"Saturday\",\"Sunday\"],\"opens\":\"09:00\",\"closes\":\"17:00\"}]},{\"@type\":\"ImageObject\",\"inLanguage\":\"hu\",\"@id\":\"https:\/\/testwebsite.citygame.com\/hu\/games\/montfoort\/secrets-of-montfoort\/#local-main-organization-logo\",\"url\":\"https:\/\/testwebsite.citygame.com\/wp-content\/blogs.dir\/1\/files\/sites\/62\/2025\/10\/CG_LOGO-City-Game.png\",\"contentUrl\":\"https:\/\/testwebsite.citygame.com\/wp-content\/blogs.dir\/1\/files\/sites\/62\/2025\/10\/CG_LOGO-City-Game.png\",\"width\":351,\"height\":377,\"caption\":\"City Game\"}]}<\/script>\n<!-- \/ Yoast SEO Premium plugin. -->","yoast_head_json":{"title":"Secrets of Montfoort - City Game","description":"Secrets of Montfoort. J\u00e1tssz egy \u00f6nvezet\u0151 V\u00e1rosi J\u00e1t\u00e9kot, \u00e9s fedezd fel a v\u00e1rost rejtv\u00e9nyek, tal\u00e1nyok \u00e9s kih\u00edv\u00e1sok seg\u00edts\u00e9g\u00e9vel. J\u00e1tssz a saj\u00e1t temp\u00f3dban, \u00e9s fedezd fel, mint egy helyi!","robots":{"index":"noindex","follow":"follow","max-snippet":"max-snippet:-1","max-image-preview":"max-image-preview:large","max-video-preview":"max-video-preview:-1"},"og_locale":"hu_HU","og_type":"article","og_title":"Secrets of Montfoort","og_description":"Secrets of Montfoort. J\u00e1tssz egy \u00f6nvezet\u0151 V\u00e1rosi J\u00e1t\u00e9kot, \u00e9s fedezd fel a v\u00e1rost rejtv\u00e9nyek, tal\u00e1nyok \u00e9s kih\u00edv\u00e1sok seg\u00edts\u00e9g\u00e9vel. J\u00e1tssz a saj\u00e1t temp\u00f3dban, \u00e9s fedezd fel, mint egy helyi!","og_url":"https:\/\/testwebsite.citygame.com\/hu\/games\/montfoort\/secrets-of-montfoort\/","og_site_name":"City Game","article_publisher":"https:\/\/www.facebook.com\/profile.php?id=100086426226253","article_modified_time":"2026-04-08T21:53:06+00:00","og_image":[{"width":1024,"height":1024,"url":"https:\/\/testwebsite.citygame.com\/wp-content\/blogs.dir\/1\/files\/sites\/62\/2026\/03\/montfoort-group-players-city-game.jpg","type":"image\/jpeg"}],"twitter_card":"summary_large_image","twitter_misc":{"Becs\u00fclt olvas\u00e1si id\u0151":"1 perc"},"schema":{"@context":"https:\/\/schema.org","@graph":[{"@type":"WebPage","@id":"https:\/\/testwebsite.citygame.com\/hu\/games\/montfoort\/secrets-of-montfoort\/","url":"https:\/\/testwebsite.citygame.com\/hu\/games\/montfoort\/secrets-of-montfoort\/","name":"Secrets of Montfoort - City Game","isPartOf":{"@id":"https:\/\/testwebsite.upevents.nl\/#website"},"primaryImageOfPage":{"@id":"https:\/\/testwebsite.citygame.com\/hu\/games\/montfoort\/secrets-of-montfoort\/#primaryimage"},"image":{"@id":"https:\/\/testwebsite.citygame.com\/hu\/games\/montfoort\/secrets-of-montfoort\/#primaryimage"},"thumbnailUrl":"https:\/\/testwebsite.citygame.com\/wp-content\/blogs.dir\/1\/files\/sites\/62\/2026\/03\/montfoort-group-players-city-game.jpg","datePublished":"2026-03-13T19:09:58+00:00","dateModified":"2026-04-08T21:53:06+00:00","description":"Secrets of Montfoort. J\u00e1tssz egy \u00f6nvezet\u0151 V\u00e1rosi J\u00e1t\u00e9kot, \u00e9s fedezd fel a v\u00e1rost rejtv\u00e9nyek, tal\u00e1nyok \u00e9s kih\u00edv\u00e1sok seg\u00edts\u00e9g\u00e9vel. J\u00e1tssz a saj\u00e1t temp\u00f3dban, \u00e9s fedezd fel, mint egy helyi!","breadcrumb":{"@id":"https:\/\/testwebsite.citygame.com\/hu\/games\/montfoort\/secrets-of-montfoort\/#breadcrumb"},"inLanguage":"hu","potentialAction":[{"@type":"ReadAction","target":["https:\/\/testwebsite.citygame.com\/hu\/games\/montfoort\/secrets-of-montfoort\/"]}]},{"@type":"ImageObject","inLanguage":"hu","@id":"https:\/\/testwebsite.citygame.com\/hu\/games\/montfoort\/secrets-of-montfoort\/#primaryimage","url":"https:\/\/testwebsite.citygame.com\/wp-content\/blogs.dir\/1\/files\/sites\/62\/2026\/03\/montfoort-group-players-city-game.jpg","contentUrl":"https:\/\/testwebsite.citygame.com\/wp-content\/blogs.dir\/1\/files\/sites\/62\/2026\/03\/montfoort-group-players-city-game.jpg","width":1024,"height":1024,"caption":"A team of friends collaborates on a challenge using a smartphone during their city game in Montfoort."},{"@type":"BreadcrumbList","@id":"https:\/\/testwebsite.citygame.com\/hu\/games\/montfoort\/secrets-of-montfoort\/#breadcrumb","itemListElement":[{"@type":"ListItem","position":1,"name":"Home","item":"https:\/\/testwebsite.citygame.com\/hu\/"},{"@type":"ListItem","position":2,"name":"Shop","item":"https:\/\/testwebsite.citygame.com\/shop\/"},{"@type":"ListItem","position":3,"name":"Secrets of Montfoort"}]},{"@type":"WebSite","@id":"https:\/\/testwebsite.upevents.nl\/#website","url":"https:\/\/testwebsite.upevents.nl\/","name":"City Game","description":"","publisher":{"@id":"https:\/\/testwebsite.upevents.nl\/#organization"},"alternateName":"citygame.com","potentialAction":[{"@type":"SearchAction","target":{"@type":"EntryPoint","urlTemplate":"https:\/\/testwebsite.upevents.nl\/?s={search_term_string}"},"query-input":{"@type":"PropertyValueSpecification","valueRequired":true,"valueName":"search_term_string"}}],"inLanguage":"hu"},{"@type":["Organization","Place"],"@id":"https:\/\/testwebsite.upevents.nl\/#organization","name":"City Game","alternateName":"citygame.com","url":"https:\/\/testwebsite.upevents.nl\/","logo":{"@id":"https:\/\/testwebsite.citygame.com\/hu\/games\/montfoort\/secrets-of-montfoort\/#local-main-organization-logo"},"image":{"@id":"https:\/\/testwebsite.citygame.com\/hu\/games\/montfoort\/secrets-of-montfoort\/#local-main-organization-logo"},"sameAs":["https:\/\/www.facebook.com\/profile.php?id=100086426226253","https:\/\/www.instagram.com\/citygame_com","https:\/\/www.tiktok.com\/@citygamecom\/","https:\/\/www.linkedin.com\/company\/citygame-com"],"description":"Turn any city into a playground with our interactive City Games and self-guided tours. Fun, flexible, and ideal for groups and team building.","telephone":[],"openingHoursSpecification":[{"@type":"OpeningHoursSpecification","dayOfWeek":["Monday","Tuesday","Wednesday","Thursday","Friday","Saturday","Sunday"],"opens":"09:00","closes":"17:00"}]},{"@type":"ImageObject","inLanguage":"hu","@id":"https:\/\/testwebsite.citygame.com\/hu\/games\/montfoort\/secrets-of-montfoort\/#local-main-organization-logo","url":"https:\/\/testwebsite.citygame.com\/wp-content\/blogs.dir\/1\/files\/sites\/62\/2025\/10\/CG_LOGO-City-Game.png","contentUrl":"https:\/\/testwebsite.citygame.com\/wp-content\/blogs.dir\/1\/files\/sites\/62\/2025\/10\/CG_LOGO-City-Game.png","width":351,"height":377,"caption":"City Game"}]}},"taxonomy_info":{"game-concept":[{"value":715,"label":"Secrets"}],"location":[{"value":282,"label":"Montfoort"}],"product_cat":[{"value":27,"label":"Geen categorie"}]},"featured_image_src_large":["https:\/\/testwebsite.citygame.com\/wp-content\/blogs.dir\/1\/files\/sites\/62\/2026\/03\/montfoort-group-players-city-game.jpg",1024,1024,false],"author_info":[],"comment_info":"","_links":{"self":[{"href":"https:\/\/testwebsite.citygame.com\/hu\/wp-json\/wp\/v2\/product\/66631","targetHints":{"allow":["GET"]}}],"collection":[{"href":"https:\/\/testwebsite.citygame.com\/hu\/wp-json\/wp\/v2\/product"}],"about":[{"href":"https:\/\/testwebsite.citygame.com\/hu\/wp-json\/wp\/v2\/types\/product"}],"acf:post":[{"embeddable":true,"href":"https:\/\/testwebsite.citygame.com\/hu\/wp-json\/wp\/v2\/pages\/15851"}],"wp:featuredmedia":[{"embeddable":true,"href":"https:\/\/testwebsite.citygame.com\/hu\/wp-json\/wp\/v2\/media\/18872"}],"wp:attachment":[{"href":"https:\/\/testwebsite.citygame.com\/hu\/wp-json\/wp\/v2\/media?parent=66631"}],"wp:term":[{"taxonomy":"game-concept","embeddable":true,"href":"https:\/\/testwebsite.citygame.com\/hu\/wp-json\/wp\/v2\/game-concept?post=66631"},{"taxonomy":"location","embeddable":true,"href":"https:\/\/testwebsite.citygame.com\/hu\/wp-json\/wp\/v2\/location?post=66631"},{"taxonomy":"product_brand","embeddable":true,"href":"https:\/\/testwebsite.citygame.com\/hu\/wp-json\/wp\/v2\/product_brand?post=66631"},{"taxonomy":"product_cat","embeddable":true,"href":"https:\/\/testwebsite.citygame.com\/hu\/wp-json\/wp\/v2\/product_cat?post=66631"},{"taxonomy":"product_tag","embeddable":true,"href":"https:\/\/testwebsite.citygame.com\/hu\/wp-json\/wp\/v2\/product_tag?post=66631"}],"curies":[{"name":"wp","href":"https:\/\/api.w.org\/{rel}","templated":true}]}}