{"id":66569,"date":"2026-03-13T18:42:28","date_gmt":"2026-03-13T18:42:28","guid":{"rendered":"https:\/\/testwebsite.citygame.com\/games\/unknown-location\/secrets-of-kinderdijk\/"},"modified":"2026-04-08T21:20:53","modified_gmt":"2026-04-08T21:20:53","slug":"secrets-of-kinderdijk","status":"publish","type":"product","link":"https:\/\/testwebsite.citygame.com\/hu\/games\/kinderdijk\/secrets-of-kinderdijk\/","title":{"rendered":"Secrets of Kinderdijk"},"content":{"rendered":"<p>Fedezze fel Kinderdijk rejtelmeit \u00e9s rejtett oldalait a &#8216;Secrets of Kinderdijk&#8217; V\u00e1rosi J\u00e1t\u00e9kkal, egy \u00f6nvez\u00e9relt, GPS-alap\u00fa felfedez\u0151 j\u00e1t\u00e9kkal, amely Kinderdijk v\u00e1rosk\u00f6zpontj\u00e1ban j\u00e1tsz\u00f3dik. A j\u00e1t\u00e9kosoknak lehet\u0151s\u00e9g\u00fck ny\u00edlik telefonjukon kereszt\u00fcl felfedezni a v\u00e1ros b\u00e1j\u00e1t, \u00e9rdekes fejt\u00f6r\u0151ket \u00e9s rejtv\u00e9nyeket megoldva, valamint leny\u0171g\u00f6z\u0151 fot\u00f3 kih\u00edv\u00e1sokban r\u00e9szt v\u00e9ve. Ahogy navig\u00e1l a j\u00e1t\u00e9kmenetben, megismerheti Kinderdijk cs\u00e1b\u00edt\u00f3 t\u00f6rt\u00e9nelm\u00e9t, vibr\u00e1l\u00f3 kult\u00far\u00e1j\u00e1t, \u00e9s olyan kev\u00e9ss\u00e9 ismert r\u00e9szleteket fedezhet fel, amelyek friss perspekt\u00edv\u00e1t k\u00edn\u00e1lnak a v\u00e1rosr\u00f3l. A j\u00e1t\u00e9kot \u00fagy tervezt\u00e9k, hogy mind a helyiek, mind a l\u00e1togat\u00f3k sz\u00e1m\u00e1ra vonz\u00f3 legyen, lebilincsel\u0151 m\u00f3don k\u00edn\u00e1lva Kinderdijk felfedez\u00e9s\u00e9t. Ez a felfedez\u0151 j\u00e1t\u00e9k t\u00f6k\u00e9letes sz\u00f3l\u00f3 kalandorok sz\u00e1m\u00e1ra, de p\u00e1roknak, csal\u00e1doknak \u00e9s bar\u00e1ti t\u00e1rsas\u00e1goknak is ide\u00e1lis, egyedi tev\u00e9kenys\u00e9gk\u00e9nt szolg\u00e1lva Kinderdijk k\u00f6rnyezet\u00e9nek \u00e9s kult\u00far\u00e1j\u00e1nak megismer\u00e9s\u00e9hez.<\/p>\n","protected":false},"excerpt":{"rendered":"<p>Fedezze fel Kinderdijk var\u00e1zslat\u00e1t \u00e9s eleganci\u00e1j\u00e1t! V\u00e1gjon bele egy izgalmas k\u00fcldet\u00e9sbe egy egyedi falun kereszt\u00fcl, melyet az \u00f3kor fed, \u00e9s amely tele van vibr\u00e1l\u00f3 holland kult\u00far\u00e1val. Navig\u00e1ljon ikonikus sz\u00e9lmalmok \u00e9s nyugodt v\u00edzi utak k\u00f6z\u00f6tt, Kinderdijk gazdag titkokat \u00e9s rejtett kincseket \u00edg\u00e9r minden l\u00e9p\u00e9sn\u00e9l!<\/p>\n","protected":false},"featured_media":18850,"template":"","meta":{"_acf_changed":false,"_yoast_wpseo_focuskw":"Secrets of Kinderdijk","_yoast_wpseo_metadesc":"Secrets of Kinderdijk. J\u00e1tssz egy \u00f6nvez\u00e9relt v\u00e1rosi j\u00e1t\u00e9kot, \u00e9s fedezd fel a v\u00e1rost fejt\u00f6r\u0151k, rejtv\u00e9nyek \u00e9s kih\u00edv\u00e1sok seg\u00edts\u00e9g\u00e9vel. J\u00e1tssz a saj\u00e1t temp\u00f3dban, \u00e9s fedezz fel, mint egy helyi!","_kad_blocks_custom_css":"","_kad_blocks_head_custom_js":"","_kad_blocks_body_custom_js":"","_kad_blocks_footer_custom_js":"","ghostkit_customizer_options":"","ghostkit_custom_css":"","ghostkit_custom_js_head":"","ghostkit_custom_js_foot":"","ghostkit_typography":"","_kad_post_transparent":"","_kad_post_title":"","_kad_post_layout":"","_kad_post_sidebar_id":"","_kad_post_content_style":"","_kad_post_vertical_padding":"","_kad_post_feature":"","_kad_post_feature_position":"","_kad_post_header":false,"_kad_post_footer":false,"_kad_post_classname":"","_links_to":"","_links_to_target":""},"game-concept":[715],"location":[224],"product_brand":[],"product_cat":[27],"product_tag":[],"class_list":{"0":"post-66569","1":"product","2":"type-product","3":"status-publish","4":"has-post-thumbnail","6":"game-concept-secrets","7":"location-kinderdijk","8":"product_cat-geen-categorie","10":"first","11":"instock","12":"shipping-taxable","13":"purchasable","14":"product-type-simple","15":"entry","16":"content-bg","17":"loop-entry"},"acf":{"full_bokun_product_name":"Self-Guided Secrets of Kinderdijk Exploration Game","location_name":"Kinderdijk","bokun_calendar_widget_code":"<script type=\"text\/javascript\" src=\"https:\/\/widgets.bokun.io\/assets\/javascripts\/apps\/build\/BokunWidgetsLoader.js?bookingChannelUUID=a1e93e96-5232-4734-a595-28405f4b5a31\" async><\/script>\n     \n    <div class=\"bokunWidget\" data-src=\"https:\/\/widgets.bokun.io\/online-sales\/a1e93e96-5232-4734-a595-28405f4b5a31\/experience-calendar\/885223\"><\/div>\n    <noscript>Please enable javascript in your browser to book<\/noscript>","bokun_button_widget_code":"<script type=\"text\/javascript\" src=\"https:\/\/widgets.bokun.io\/assets\/javascripts\/apps\/build\/BokunWidgetsLoader.js?bookingChannelUUID=a1e93e96-5232-4734-a595-28405f4b5a31\" async><\/script>\n      <style> #bokun_ed001e45_5927_4f62_b470_ca766338d083 { display: inline-block; padding: .4em 1em; background: #47b82e; border-radius: 999999px; box-shadow: none; font-weight: 600; font-size: 24px; text-decoration: none; text-align: center; color: #FFFFFF; border:none; cursor: pointer; transition: background .2s ease; } #bokun_ed001e45_5927_4f62_b470_ca766338d083:hover{ background: #2f7b1f; } #bokun_ed001e45_5927_4f62_b470_ca766338d083:active{ background: #378f24; } <\/style> <button class=\"bokunButton\" disabled id=bokun_ed001e45_5927_4f62_b470_ca766338d083 data-src=\"https:\/\/widgets.bokun.io\/online-sales\/a1e93e96-5232-4734-a595-28405f4b5a31\/experience-calendar\/885223?partialView=1\" data-testid=\"widget-book-button\" > Book now <\/button> ","what_you\u2019ll_experience_during_the_game":"Ahogy elkezded a Secrets of Kinderdijk V\u00e1rosi J\u00e1t\u00e9kot, k\u00e9sz\u00fclj fel arra, hogy felfedezd ennek az egyedi helysz\u00ednnek a nagyszer\u0171s\u00e9g\u00e9t, egy mag\u00e1val ragad\u00f3 t\u00f6rt\u00e9nettel \u00e9s interakt\u00edv kih\u00edv\u00e1sokkal \u00f6tv\u00f6zve. Mer\u00e9szkedj t\u00fal az ikonikus sz\u00e9lmalmokon, \u00e9s fedezd fel Kinderdijk kev\u00e9sb\u00e9 ismert, rejtett zugait, ahol egyedi meglepet\u00e9sek v\u00e1rnak. Ezen az utaz\u00e1son kibontakozik egy t\u00f6rt\u00e9net, amely Kinderdijk legk\u00fcl\u00f6nlegesebb aspektusait \u00f6leli fel, a fens\u00e9gesen \u00f6sszekapcsol\u00f3d\u00f3 sz\u00e9lmalmokt\u00f3l az id\u0151tlen Nederwaard M\u00fazeumon \u00e1t a Noord p\u00e9ld\u00e1j\u00e1nak sz\u00e9ps\u00e9g\u00e9ig.\n\nFejt\u00f6r\u0151k, rejtv\u00e9nyek \u00e9s k\u00e9rd\u00e9sek seg\u00edts\u00e9g\u00e9vel a Secrets of Kinderdijk V\u00e1rosi J\u00e1t\u00e9k egy utaz\u00e1sra visz el ezen a holland kincsen kereszt\u00fcl, kreat\u00edv fot\u00f3 kih\u00edv\u00e1sokkal seg\u00edtve felfedez\u00e9sedet. Ahogy pontokat gy\u0171jtesz, tippeket oldasz fel \u00e9s igyekszel megoldani a v\u00e9gs\u0151 rejt\u00e9lyt, a j\u00e1t\u00e9k mag\u00e1val ragad\u00f3v\u00e1 \u00e9s stimul\u00e1l\u00f3v\u00e1 v\u00e1lik. Ne agg\u00f3dj az id\u0151 m\u00fal\u00e1sa miatt, mivel a j\u00e1t\u00e9k b\u00e1rmikor sz\u00fcneteltethet\u0151 \u00e9s tetsz\u00e9s szerint folytathat\u00f3. Ha a versenyz\u00e9s eleme felkavar, c\u00e9lozd meg a ranglista fels\u0151 poz\u00edci\u00f3j\u00e1t, mik\u00f6zben \u00e9lvezed ezt a mag\u00e1val ragad\u00f3 felfedez\u0151 j\u00e1t\u00e9kot Kinderdijkben.","how_to_play":"Foglalja le a Felfedez\u0151 J\u00e1t\u00e9kot, ellen\u0151rizze az \u00e1ltalunk k\u00fcld\u00f6tt e-mailt az egyszer\u0171 utas\u00edt\u00e1sokkal, t\u00f6ltse le a Loquiz Appot, l\u00e9pjen be a Felfedez\u0151 J\u00e1t\u00e9kba, \u00e9s m\u00e1ris k\u00e9szen \u00e1ll a j\u00e1t\u00e9k\u00e9lm\u00e9ny megkezd\u00e9s\u00e9re!","start_location":"Kinderdijk, Molenstraat","available_languages":["en"],"players_per_group":"1-4","duration":"1.5-2 hours","image_overlay_color_image":"https:\/\/testwebsite.citygame.com\/wp-content\/blogs.dir\/1\/files\/sites\/62\/2026\/01\/SecretsColor.svg","image_overlay_game_logo":"https:\/\/testwebsite.citygame.com\/wp-content\/blogs.dir\/1\/files\/sites\/62\/2026\/01\/SecretsLogo.png","city_page":15839,"woocommerce_general_content":null},"yoast_head":"<!-- This site is optimized with the Yoast SEO Premium plugin v26.2 (Yoast SEO v26.3) - https:\/\/yoast.com\/wordpress\/plugins\/seo\/ -->\n<title>Secrets of Kinderdijk - City Game<\/title>\n<meta name=\"description\" content=\"Secrets of Kinderdijk. J\u00e1tssz egy \u00f6nvez\u00e9relt v\u00e1rosi j\u00e1t\u00e9kot, \u00e9s fedezd fel a v\u00e1rost fejt\u00f6r\u0151k, rejtv\u00e9nyek \u00e9s kih\u00edv\u00e1sok seg\u00edts\u00e9g\u00e9vel. J\u00e1tssz a saj\u00e1t temp\u00f3dban, \u00e9s fedezz fel, mint egy helyi!\" \/>\n<meta name=\"robots\" content=\"noindex, follow, max-snippet:-1, max-image-preview:large, max-video-preview:-1\" \/>\n<meta property=\"og:locale\" content=\"hu_HU\" \/>\n<meta property=\"og:type\" content=\"article\" \/>\n<meta property=\"og:title\" content=\"Secrets of Kinderdijk\" \/>\n<meta property=\"og:description\" content=\"Secrets of Kinderdijk. J\u00e1tssz egy \u00f6nvez\u00e9relt v\u00e1rosi j\u00e1t\u00e9kot, \u00e9s fedezd fel a v\u00e1rost fejt\u00f6r\u0151k, rejtv\u00e9nyek \u00e9s kih\u00edv\u00e1sok seg\u00edts\u00e9g\u00e9vel. J\u00e1tssz a saj\u00e1t temp\u00f3dban, \u00e9s fedezz fel, mint egy helyi!\" \/>\n<meta property=\"og:url\" content=\"https:\/\/testwebsite.citygame.com\/hu\/games\/kinderdijk\/secrets-of-kinderdijk\/\" \/>\n<meta property=\"og:site_name\" content=\"City Game\" \/>\n<meta property=\"article:publisher\" content=\"https:\/\/www.facebook.com\/profile.php?id=100086426226253\" \/>\n<meta property=\"article:modified_time\" content=\"2026-04-08T21:20:53+00:00\" \/>\n<meta property=\"og:image\" content=\"https:\/\/testwebsite.citygame.com\/wp-content\/blogs.dir\/1\/files\/sites\/62\/2026\/03\/group-of-friends-playing-city-game-kinderdijk-windmill.jpg\" \/>\n\t<meta property=\"og:image:width\" content=\"1024\" \/>\n\t<meta property=\"og:image:height\" content=\"1024\" \/>\n\t<meta property=\"og:image:type\" content=\"image\/jpeg\" \/>\n<meta name=\"twitter:card\" content=\"summary_large_image\" \/>\n<meta name=\"twitter:label1\" content=\"Becs\u00fclt olvas\u00e1si id\u0151\" \/>\n\t<meta name=\"twitter:data1\" content=\"1 perc\" \/>\n<script type=\"application\/ld+json\" class=\"yoast-schema-graph\">{\"@context\":\"https:\/\/schema.org\",\"@graph\":[{\"@type\":\"WebPage\",\"@id\":\"https:\/\/testwebsite.citygame.com\/hu\/games\/kinderdijk\/secrets-of-kinderdijk\/\",\"url\":\"https:\/\/testwebsite.citygame.com\/hu\/games\/kinderdijk\/secrets-of-kinderdijk\/\",\"name\":\"Secrets of Kinderdijk - City Game\",\"isPartOf\":{\"@id\":\"https:\/\/testwebsite.upevents.nl\/#website\"},\"primaryImageOfPage\":{\"@id\":\"https:\/\/testwebsite.citygame.com\/hu\/games\/kinderdijk\/secrets-of-kinderdijk\/#primaryimage\"},\"image\":{\"@id\":\"https:\/\/testwebsite.citygame.com\/hu\/games\/kinderdijk\/secrets-of-kinderdijk\/#primaryimage\"},\"thumbnailUrl\":\"https:\/\/testwebsite.citygame.com\/wp-content\/blogs.dir\/1\/files\/sites\/62\/2026\/03\/group-of-friends-playing-city-game-kinderdijk-windmill.jpg\",\"datePublished\":\"2026-03-13T18:42:28+00:00\",\"dateModified\":\"2026-04-08T21:20:53+00:00\",\"description\":\"Secrets of Kinderdijk. J\u00e1tssz egy \u00f6nvez\u00e9relt v\u00e1rosi j\u00e1t\u00e9kot, \u00e9s fedezd fel a v\u00e1rost fejt\u00f6r\u0151k, rejtv\u00e9nyek \u00e9s kih\u00edv\u00e1sok seg\u00edts\u00e9g\u00e9vel. J\u00e1tssz a saj\u00e1t temp\u00f3dban, \u00e9s fedezz fel, mint egy helyi!\",\"breadcrumb\":{\"@id\":\"https:\/\/testwebsite.citygame.com\/hu\/games\/kinderdijk\/secrets-of-kinderdijk\/#breadcrumb\"},\"inLanguage\":\"hu\",\"potentialAction\":[{\"@type\":\"ReadAction\",\"target\":[\"https:\/\/testwebsite.citygame.com\/hu\/games\/kinderdijk\/secrets-of-kinderdijk\/\"]}]},{\"@type\":\"ImageObject\",\"inLanguage\":\"hu\",\"@id\":\"https:\/\/testwebsite.citygame.com\/hu\/games\/kinderdijk\/secrets-of-kinderdijk\/#primaryimage\",\"url\":\"https:\/\/testwebsite.citygame.com\/wp-content\/blogs.dir\/1\/files\/sites\/62\/2026\/03\/group-of-friends-playing-city-game-kinderdijk-windmill.jpg\",\"contentUrl\":\"https:\/\/testwebsite.citygame.com\/wp-content\/blogs.dir\/1\/files\/sites\/62\/2026\/03\/group-of-friends-playing-city-game-kinderdijk-windmill.jpg\",\"width\":1024,\"height\":1024,\"caption\":\"A group of friends uses a smartphone to navigate their way through the scenic landscape of Kinderdijk.\"},{\"@type\":\"BreadcrumbList\",\"@id\":\"https:\/\/testwebsite.citygame.com\/hu\/games\/kinderdijk\/secrets-of-kinderdijk\/#breadcrumb\",\"itemListElement\":[{\"@type\":\"ListItem\",\"position\":1,\"name\":\"Home\",\"item\":\"https:\/\/testwebsite.citygame.com\/hu\/\"},{\"@type\":\"ListItem\",\"position\":2,\"name\":\"Shop\",\"item\":\"https:\/\/testwebsite.citygame.com\/shop\/\"},{\"@type\":\"ListItem\",\"position\":3,\"name\":\"Secrets of Kinderdijk\"}]},{\"@type\":\"WebSite\",\"@id\":\"https:\/\/testwebsite.upevents.nl\/#website\",\"url\":\"https:\/\/testwebsite.upevents.nl\/\",\"name\":\"City Game\",\"description\":\"\",\"publisher\":{\"@id\":\"https:\/\/testwebsite.upevents.nl\/#organization\"},\"alternateName\":\"citygame.com\",\"potentialAction\":[{\"@type\":\"SearchAction\",\"target\":{\"@type\":\"EntryPoint\",\"urlTemplate\":\"https:\/\/testwebsite.upevents.nl\/?s={search_term_string}\"},\"query-input\":{\"@type\":\"PropertyValueSpecification\",\"valueRequired\":true,\"valueName\":\"search_term_string\"}}],\"inLanguage\":\"hu\"},{\"@type\":[\"Organization\",\"Place\"],\"@id\":\"https:\/\/testwebsite.upevents.nl\/#organization\",\"name\":\"City Game\",\"alternateName\":\"citygame.com\",\"url\":\"https:\/\/testwebsite.upevents.nl\/\",\"logo\":{\"@id\":\"https:\/\/testwebsite.citygame.com\/hu\/games\/kinderdijk\/secrets-of-kinderdijk\/#local-main-organization-logo\"},\"image\":{\"@id\":\"https:\/\/testwebsite.citygame.com\/hu\/games\/kinderdijk\/secrets-of-kinderdijk\/#local-main-organization-logo\"},\"sameAs\":[\"https:\/\/www.facebook.com\/profile.php?id=100086426226253\",\"https:\/\/www.instagram.com\/citygame_com\",\"https:\/\/www.tiktok.com\/@citygamecom\/\",\"https:\/\/www.linkedin.com\/company\/citygame-com\"],\"description\":\"Turn any city into a playground with our interactive City Games and self-guided tours. Fun, flexible, and ideal for groups and team building.\",\"telephone\":[],\"openingHoursSpecification\":[{\"@type\":\"OpeningHoursSpecification\",\"dayOfWeek\":[\"Monday\",\"Tuesday\",\"Wednesday\",\"Thursday\",\"Friday\",\"Saturday\",\"Sunday\"],\"opens\":\"09:00\",\"closes\":\"17:00\"}]},{\"@type\":\"ImageObject\",\"inLanguage\":\"hu\",\"@id\":\"https:\/\/testwebsite.citygame.com\/hu\/games\/kinderdijk\/secrets-of-kinderdijk\/#local-main-organization-logo\",\"url\":\"https:\/\/testwebsite.citygame.com\/wp-content\/blogs.dir\/1\/files\/sites\/62\/2025\/10\/CG_LOGO-City-Game.png\",\"contentUrl\":\"https:\/\/testwebsite.citygame.com\/wp-content\/blogs.dir\/1\/files\/sites\/62\/2025\/10\/CG_LOGO-City-Game.png\",\"width\":351,\"height\":377,\"caption\":\"City Game\"}]}<\/script>\n<!-- \/ Yoast SEO Premium plugin. -->","yoast_head_json":{"title":"Secrets of Kinderdijk - City Game","description":"Secrets of Kinderdijk. J\u00e1tssz egy \u00f6nvez\u00e9relt v\u00e1rosi j\u00e1t\u00e9kot, \u00e9s fedezd fel a v\u00e1rost fejt\u00f6r\u0151k, rejtv\u00e9nyek \u00e9s kih\u00edv\u00e1sok seg\u00edts\u00e9g\u00e9vel. J\u00e1tssz a saj\u00e1t temp\u00f3dban, \u00e9s fedezz fel, mint egy helyi!","robots":{"index":"noindex","follow":"follow","max-snippet":"max-snippet:-1","max-image-preview":"max-image-preview:large","max-video-preview":"max-video-preview:-1"},"og_locale":"hu_HU","og_type":"article","og_title":"Secrets of Kinderdijk","og_description":"Secrets of Kinderdijk. J\u00e1tssz egy \u00f6nvez\u00e9relt v\u00e1rosi j\u00e1t\u00e9kot, \u00e9s fedezd fel a v\u00e1rost fejt\u00f6r\u0151k, rejtv\u00e9nyek \u00e9s kih\u00edv\u00e1sok seg\u00edts\u00e9g\u00e9vel. J\u00e1tssz a saj\u00e1t temp\u00f3dban, \u00e9s fedezz fel, mint egy helyi!","og_url":"https:\/\/testwebsite.citygame.com\/hu\/games\/kinderdijk\/secrets-of-kinderdijk\/","og_site_name":"City Game","article_publisher":"https:\/\/www.facebook.com\/profile.php?id=100086426226253","article_modified_time":"2026-04-08T21:20:53+00:00","og_image":[{"width":1024,"height":1024,"url":"https:\/\/testwebsite.citygame.com\/wp-content\/blogs.dir\/1\/files\/sites\/62\/2026\/03\/group-of-friends-playing-city-game-kinderdijk-windmill.jpg","type":"image\/jpeg"}],"twitter_card":"summary_large_image","twitter_misc":{"Becs\u00fclt olvas\u00e1si id\u0151":"1 perc"},"schema":{"@context":"https:\/\/schema.org","@graph":[{"@type":"WebPage","@id":"https:\/\/testwebsite.citygame.com\/hu\/games\/kinderdijk\/secrets-of-kinderdijk\/","url":"https:\/\/testwebsite.citygame.com\/hu\/games\/kinderdijk\/secrets-of-kinderdijk\/","name":"Secrets of Kinderdijk - City Game","isPartOf":{"@id":"https:\/\/testwebsite.upevents.nl\/#website"},"primaryImageOfPage":{"@id":"https:\/\/testwebsite.citygame.com\/hu\/games\/kinderdijk\/secrets-of-kinderdijk\/#primaryimage"},"image":{"@id":"https:\/\/testwebsite.citygame.com\/hu\/games\/kinderdijk\/secrets-of-kinderdijk\/#primaryimage"},"thumbnailUrl":"https:\/\/testwebsite.citygame.com\/wp-content\/blogs.dir\/1\/files\/sites\/62\/2026\/03\/group-of-friends-playing-city-game-kinderdijk-windmill.jpg","datePublished":"2026-03-13T18:42:28+00:00","dateModified":"2026-04-08T21:20:53+00:00","description":"Secrets of Kinderdijk. J\u00e1tssz egy \u00f6nvez\u00e9relt v\u00e1rosi j\u00e1t\u00e9kot, \u00e9s fedezd fel a v\u00e1rost fejt\u00f6r\u0151k, rejtv\u00e9nyek \u00e9s kih\u00edv\u00e1sok seg\u00edts\u00e9g\u00e9vel. J\u00e1tssz a saj\u00e1t temp\u00f3dban, \u00e9s fedezz fel, mint egy helyi!","breadcrumb":{"@id":"https:\/\/testwebsite.citygame.com\/hu\/games\/kinderdijk\/secrets-of-kinderdijk\/#breadcrumb"},"inLanguage":"hu","potentialAction":[{"@type":"ReadAction","target":["https:\/\/testwebsite.citygame.com\/hu\/games\/kinderdijk\/secrets-of-kinderdijk\/"]}]},{"@type":"ImageObject","inLanguage":"hu","@id":"https:\/\/testwebsite.citygame.com\/hu\/games\/kinderdijk\/secrets-of-kinderdijk\/#primaryimage","url":"https:\/\/testwebsite.citygame.com\/wp-content\/blogs.dir\/1\/files\/sites\/62\/2026\/03\/group-of-friends-playing-city-game-kinderdijk-windmill.jpg","contentUrl":"https:\/\/testwebsite.citygame.com\/wp-content\/blogs.dir\/1\/files\/sites\/62\/2026\/03\/group-of-friends-playing-city-game-kinderdijk-windmill.jpg","width":1024,"height":1024,"caption":"A group of friends uses a smartphone to navigate their way through the scenic landscape of Kinderdijk."},{"@type":"BreadcrumbList","@id":"https:\/\/testwebsite.citygame.com\/hu\/games\/kinderdijk\/secrets-of-kinderdijk\/#breadcrumb","itemListElement":[{"@type":"ListItem","position":1,"name":"Home","item":"https:\/\/testwebsite.citygame.com\/hu\/"},{"@type":"ListItem","position":2,"name":"Shop","item":"https:\/\/testwebsite.citygame.com\/shop\/"},{"@type":"ListItem","position":3,"name":"Secrets of Kinderdijk"}]},{"@type":"WebSite","@id":"https:\/\/testwebsite.upevents.nl\/#website","url":"https:\/\/testwebsite.upevents.nl\/","name":"City Game","description":"","publisher":{"@id":"https:\/\/testwebsite.upevents.nl\/#organization"},"alternateName":"citygame.com","potentialAction":[{"@type":"SearchAction","target":{"@type":"EntryPoint","urlTemplate":"https:\/\/testwebsite.upevents.nl\/?s={search_term_string}"},"query-input":{"@type":"PropertyValueSpecification","valueRequired":true,"valueName":"search_term_string"}}],"inLanguage":"hu"},{"@type":["Organization","Place"],"@id":"https:\/\/testwebsite.upevents.nl\/#organization","name":"City Game","alternateName":"citygame.com","url":"https:\/\/testwebsite.upevents.nl\/","logo":{"@id":"https:\/\/testwebsite.citygame.com\/hu\/games\/kinderdijk\/secrets-of-kinderdijk\/#local-main-organization-logo"},"image":{"@id":"https:\/\/testwebsite.citygame.com\/hu\/games\/kinderdijk\/secrets-of-kinderdijk\/#local-main-organization-logo"},"sameAs":["https:\/\/www.facebook.com\/profile.php?id=100086426226253","https:\/\/www.instagram.com\/citygame_com","https:\/\/www.tiktok.com\/@citygamecom\/","https:\/\/www.linkedin.com\/company\/citygame-com"],"description":"Turn any city into a playground with our interactive City Games and self-guided tours. Fun, flexible, and ideal for groups and team building.","telephone":[],"openingHoursSpecification":[{"@type":"OpeningHoursSpecification","dayOfWeek":["Monday","Tuesday","Wednesday","Thursday","Friday","Saturday","Sunday"],"opens":"09:00","closes":"17:00"}]},{"@type":"ImageObject","inLanguage":"hu","@id":"https:\/\/testwebsite.citygame.com\/hu\/games\/kinderdijk\/secrets-of-kinderdijk\/#local-main-organization-logo","url":"https:\/\/testwebsite.citygame.com\/wp-content\/blogs.dir\/1\/files\/sites\/62\/2025\/10\/CG_LOGO-City-Game.png","contentUrl":"https:\/\/testwebsite.citygame.com\/wp-content\/blogs.dir\/1\/files\/sites\/62\/2025\/10\/CG_LOGO-City-Game.png","width":351,"height":377,"caption":"City Game"}]}},"taxonomy_info":{"game-concept":[{"value":715,"label":"Secrets"}],"location":[{"value":224,"label":"Kinderdijk"}],"product_cat":[{"value":27,"label":"Geen categorie"}]},"featured_image_src_large":["https:\/\/testwebsite.citygame.com\/wp-content\/blogs.dir\/1\/files\/sites\/62\/2026\/03\/group-of-friends-playing-city-game-kinderdijk-windmill.jpg",1024,1024,false],"author_info":[],"comment_info":"","_links":{"self":[{"href":"https:\/\/testwebsite.citygame.com\/hu\/wp-json\/wp\/v2\/product\/66569","targetHints":{"allow":["GET"]}}],"collection":[{"href":"https:\/\/testwebsite.citygame.com\/hu\/wp-json\/wp\/v2\/product"}],"about":[{"href":"https:\/\/testwebsite.citygame.com\/hu\/wp-json\/wp\/v2\/types\/product"}],"acf:post":[{"embeddable":true,"href":"https:\/\/testwebsite.citygame.com\/hu\/wp-json\/wp\/v2\/pages\/15839"}],"wp:featuredmedia":[{"embeddable":true,"href":"https:\/\/testwebsite.citygame.com\/hu\/wp-json\/wp\/v2\/media\/18850"}],"wp:attachment":[{"href":"https:\/\/testwebsite.citygame.com\/hu\/wp-json\/wp\/v2\/media?parent=66569"}],"wp:term":[{"taxonomy":"game-concept","embeddable":true,"href":"https:\/\/testwebsite.citygame.com\/hu\/wp-json\/wp\/v2\/game-concept?post=66569"},{"taxonomy":"location","embeddable":true,"href":"https:\/\/testwebsite.citygame.com\/hu\/wp-json\/wp\/v2\/location?post=66569"},{"taxonomy":"product_brand","embeddable":true,"href":"https:\/\/testwebsite.citygame.com\/hu\/wp-json\/wp\/v2\/product_brand?post=66569"},{"taxonomy":"product_cat","embeddable":true,"href":"https:\/\/testwebsite.citygame.com\/hu\/wp-json\/wp\/v2\/product_cat?post=66569"},{"taxonomy":"product_tag","embeddable":true,"href":"https:\/\/testwebsite.citygame.com\/hu\/wp-json\/wp\/v2\/product_tag?post=66569"}],"curies":[{"name":"wp","href":"https:\/\/api.w.org\/{rel}","templated":true}]}}