{"id":66538,"date":"2026-03-13T18:26:54","date_gmt":"2026-03-13T18:26:54","guid":{"rendered":"https:\/\/testwebsite.citygame.com\/games\/unknown-location\/secrets-of-katwijk-aan-zee\/"},"modified":"2026-04-08T21:04:46","modified_gmt":"2026-04-08T21:04:46","slug":"secrets-of-katwijk-aan-zee","status":"publish","type":"product","link":"https:\/\/testwebsite.citygame.com\/hu\/games\/katwijk-aan-zee\/secrets-of-katwijk-aan-zee\/","title":{"rendered":"Secrets of Katwijk aan Zee"},"content":{"rendered":"<p>\u00c9lvezze a k\u00fcl\u00f6nleges Secrets of Katwijk aan Zee v\u00e1rosi j\u00e1t\u00e9kot, egy \u00f6nvezet\u0151, GPS-alap\u00fa felfedez\u0151 j\u00e1t\u00e9kot, amely Katwijk aan Zee belv\u00e1ros\u00e1n kereszt\u00fcl vezet. Okostelefonj\u00e1val felszerelkezve kalandra indulhat, ahol sz\u00e1mos fejt\u00f6r\u0151t, rejtv\u00e9nyt \u00e9s fot\u00f3s kih\u00edv\u00e1st oldhat meg, amelyek nemcsak esz\u00e9t, hanem \u00e9les megfigyel\u0151k\u00e9pess\u00e9g\u00e9t is pr\u00f3b\u00e1ra teszik. Barangol\u00e1sa sor\u00e1n felfedezheti a v\u00e1ros t\u00f6rt\u00e9nelm\u00e9t, kult\u00far\u00e1j\u00e1t \u00e9s rejtett r\u00e9szleteit, amelyek lassan felt\u00e1rj\u00e1k Katwijk aan Zee b\u00e1jos \u00e9s vibr\u00e1l\u00f3 l\u00e9nyeg\u00e9t. Ez egy leny\u0171g\u00f6z\u0151 utaz\u00e1s, amelyben turist\u00e1k \u00e9s helyiek egyar\u00e1nt r\u00e9szt vehetnek, ide\u00e1lis egyed\u00fcl j\u00e1tsz\u00f3knak vagy t\u00e1rsas\u00e1gi tev\u00e9kenys\u00e9gekhez, p\u00e9ld\u00e1ul p\u00e1ros randev\u00fakhoz, csal\u00e1di kir\u00e1ndul\u00e1sokhoz vagy bar\u00e1ti \u00f6sszej\u00f6vetelekhez. Friss\u00edt\u0151 \u00e9s informat\u00edv, a City Game Katwijk aan Zee egyed\u00fcl\u00e1ll\u00f3 m\u00f3don k\u00edn\u00e1lja a v\u00e1ros felfedez\u00e9s\u00e9t, interakt\u00edv mesek\u00f6nyvv\u00e9 alak\u00edtva az urb\u00e1nus teret.<\/p>\n","protected":false},"excerpt":{"rendered":"<p>Fedezze fel Katwijk aan Zee rejtett kincseit! Mer\u00fclj\u00f6n el egy v\u00e1rosban, ahol a t\u00f6rt\u00e9nelem vibr\u00e1l\u00f3 tengerparti kult\u00far\u00e1val \u00f6tv\u00f6z\u0151dik, az \u0151si r\u00f3mai katonai t\u00e1borokt\u00f3l a h\u00edvogat\u00f3 tengerparti k\u00e1v\u00e9z\u00f3kig. J\u00e1rja be leny\u0171g\u00f6z\u0151 partvonal\u00e1t, Katwijk aan Zee izgalmas rejt\u00e9lyeket \u00edg\u00e9r minden aranyhomokd\u0171ne alatt!<\/p>\n","protected":false},"featured_media":18839,"template":"","meta":{"_acf_changed":false,"_yoast_wpseo_focuskw":"Secrets of Katwijk aan Zee","_yoast_wpseo_metadesc":"Secrets of Katwijk aan Zee. J\u00e1tsszon egy \u00f6nvezet\u0151 v\u00e1rosi j\u00e1t\u00e9kkal, \u00e9s fedezze fel a v\u00e1rost rejtv\u00e9nyeken, tal\u00e1nyokon \u00e9s kih\u00edv\u00e1sokon kereszt\u00fcl. J\u00e1tsszon a saj\u00e1t temp\u00f3j\u00e1ban, \u00e9s fedezzen fel, mint egy helyi!","_kad_blocks_custom_css":"","_kad_blocks_head_custom_js":"","_kad_blocks_body_custom_js":"","_kad_blocks_footer_custom_js":"","ghostkit_customizer_options":"","ghostkit_custom_css":"","ghostkit_custom_js_head":"","ghostkit_custom_js_foot":"","ghostkit_typography":"","_kad_post_transparent":"","_kad_post_title":"","_kad_post_layout":"","_kad_post_sidebar_id":"","_kad_post_content_style":"","_kad_post_vertical_padding":"","_kad_post_feature":"","_kad_post_feature_position":"","_kad_post_header":false,"_kad_post_footer":false,"_kad_post_classname":"","_links_to":"","_links_to_target":""},"game-concept":[715],"location":[220],"product_brand":[],"product_cat":[27],"product_tag":[],"class_list":{"0":"post-66538","1":"product","2":"type-product","3":"status-publish","4":"has-post-thumbnail","6":"game-concept-secrets","7":"location-katwijk-aan-zee","8":"product_cat-geen-categorie","10":"first","11":"instock","12":"shipping-taxable","13":"purchasable","14":"product-type-simple","15":"entry","16":"content-bg","17":"loop-entry"},"acf":{"full_bokun_product_name":"Self-Guided Secrets of Katwijk aan Zee Exploration Game","location_name":"Katwijk aan Zee","bokun_calendar_widget_code":"<script type=\"text\/javascript\" src=\"https:\/\/widgets.bokun.io\/assets\/javascripts\/apps\/build\/BokunWidgetsLoader.js?bookingChannelUUID=a1e93e96-5232-4734-a595-28405f4b5a31\" async><\/script>\n     \n    <div class=\"bokunWidget\" data-src=\"https:\/\/widgets.bokun.io\/online-sales\/a1e93e96-5232-4734-a595-28405f4b5a31\/experience-calendar\/887826\"><\/div>\n    <noscript>Please enable javascript in your browser to book<\/noscript>","bokun_button_widget_code":"<script type=\"text\/javascript\" src=\"https:\/\/widgets.bokun.io\/assets\/javascripts\/apps\/build\/BokunWidgetsLoader.js?bookingChannelUUID=a1e93e96-5232-4734-a595-28405f4b5a31\" async><\/script>\n      <style> #bokun_ed001e45_5927_4f62_b470_ca766338d083 { display: inline-block; padding: .4em 1em; background: #47b82e; border-radius: 999999px; box-shadow: none; font-weight: 600; font-size: 24px; text-decoration: none; text-align: center; color: #FFFFFF; border:none; cursor: pointer; transition: background .2s ease; } #bokun_ed001e45_5927_4f62_b470_ca766338d083:hover{ background: #2f7b1f; } #bokun_ed001e45_5927_4f62_b470_ca766338d083:active{ background: #378f24; } <\/style> <button class=\"bokunButton\" disabled id=bokun_ed001e45_5927_4f62_b470_ca766338d083 data-src=\"https:\/\/widgets.bokun.io\/online-sales\/a1e93e96-5232-4734-a595-28405f4b5a31\/experience-calendar\/887826?partialView=1\" data-testid=\"widget-book-button\" > Book now <\/button> ","what_you\u2019ll_experience_during_the_game":"A Secrets of Katwijk aan Zee v\u00e1rosi j\u00e1t\u00e9kban a v\u00e1rosn\u00e9z\u00e9s, az interakt\u00edv kih\u00edv\u00e1sok \u00e9s egy lebilincsel\u0151 t\u00f6rt\u00e9net egyedi kever\u00e9k\u00e9t tal\u00e1lja. Ahogy a v\u00e1ros b\u00e1jos, j\u00e1rt \u00e9s rejtett utc\u00e1in navig\u00e1l, a j\u00e1t\u00e9k elvezeti \u00d6nt emblematikus helyekre \u00e9s rejtett zugokba. Legyen sz\u00f3 az \u00c9szaki-tenger partj\u00e1nak nyugodt k\u00e9kj\u00e9nek csod\u00e1l\u00e1s\u00e1r\u00f3l, a furcsa holland \u00e9p\u00edt\u00e9szetben rejl\u0151 gazdag t\u00f6rt\u00e9netek felfedez\u00e9s\u00e9r\u0151l, vagy Katwijk aan Zee tengerparti \u00e9s bels\u0151 sz\u00e9ps\u00e9g\u00e9nek megismer\u00e9s\u00e9r\u0151l, rendk\u00edv\u00fcli felfedez\u0151 \u00e9s kalandos utaz\u00e1sban lesz r\u00e9sze. \n\nA v\u00e1rosi j\u00e1t\u00e9k nem csak a felfedez\u00e9sr\u0151l sz\u00f3l, hanem sz\u00e1mos elgondolkodtat\u00f3 fejt\u00f6r\u0151t \u00e9s rejtv\u00e9nyt, kreat\u00edv fot\u00f3s kih\u00edv\u00e1st \u00e9s \u00e9rdekes k\u00e9rd\u00e9st is tartalmaz \u2013 mindez egy alapvet\u0151 rejt\u00e9lyhez kapcsol\u00f3dik, amely arra v\u00e1r, hogy megfejts\u00e9k. Mik\u00f6zben v\u00e9gigmegy ezeken a kih\u00edv\u00e1sokon, pontokat gy\u0171jt, hasznos tippeket old fel, \u00e9s k\u00f6zelebb ker\u00fcl a v\u00e9gs\u0151 rejt\u00e9ly megfejt\u00e9s\u00e9hez. Ha sz\u00fcnetet szeretne tartani, b\u00e1rmikor sz\u00fcneteltetheti a j\u00e1t\u00e9kot, \u00e9s folytathatja, amikor kedve tartja. Azok a versenyszellemek, akik magas helyez\u00e9st szeretn\u00e9nek el\u00e9rni a ranglist\u00e1n, izgalmas kih\u00edv\u00e1snak tal\u00e1lj\u00e1k ezt a felfedez\u0151 j\u00e1t\u00e9kot. K\u00e9sz\u00fclj\u00f6n fel, hogy megfejtse a Secrets of Katwijk aan Zee titkait.","how_to_play":"Foglalja le a Felfedez\u0151 J\u00e1t\u00e9kot, ellen\u0151rizze az e-mailt, amelyet egyszer\u0171 utas\u00edt\u00e1sokkal k\u00fcld\u00fcnk \u00d6nnek, t\u00f6ltse le a Loquiz App alkalmaz\u00e1st, l\u00e9pjen be a Felfedez\u0151 J\u00e1t\u00e9kba, \u00e9s m\u00e1ris k\u00e9szen \u00e1ll, hogy elkezdje j\u00e1t\u00e9k\u00e9lm\u00e9ny\u00e9t!","start_location":"Katwijk aan zee, Zwaaikom","available_languages":["en"],"players_per_group":"1-4","duration":"1.5-2 hours","image_overlay_color_image":"https:\/\/testwebsite.citygame.com\/wp-content\/blogs.dir\/1\/files\/sites\/62\/2026\/01\/SecretsColor.svg","image_overlay_game_logo":"https:\/\/testwebsite.citygame.com\/wp-content\/blogs.dir\/1\/files\/sites\/62\/2026\/01\/SecretsLogo.png","city_page":15833,"woocommerce_general_content":null},"yoast_head":"<!-- This site is optimized with the Yoast SEO Premium plugin v26.2 (Yoast SEO v26.3) - https:\/\/yoast.com\/wordpress\/plugins\/seo\/ -->\n<title>Secrets of Katwijk aan Zee - City Game<\/title>\n<meta name=\"description\" content=\"Secrets of Katwijk aan Zee. J\u00e1tsszon egy \u00f6nvezet\u0151 v\u00e1rosi j\u00e1t\u00e9kkal, \u00e9s fedezze fel a v\u00e1rost rejtv\u00e9nyeken, tal\u00e1nyokon \u00e9s kih\u00edv\u00e1sokon kereszt\u00fcl. J\u00e1tsszon a saj\u00e1t temp\u00f3j\u00e1ban, \u00e9s fedezzen fel, mint egy helyi!\" \/>\n<meta name=\"robots\" content=\"noindex, follow, max-snippet:-1, max-image-preview:large, max-video-preview:-1\" \/>\n<meta property=\"og:locale\" content=\"hu_HU\" \/>\n<meta property=\"og:type\" content=\"article\" \/>\n<meta property=\"og:title\" content=\"Secrets of Katwijk aan Zee\" \/>\n<meta property=\"og:description\" content=\"Secrets of Katwijk aan Zee. J\u00e1tsszon egy \u00f6nvezet\u0151 v\u00e1rosi j\u00e1t\u00e9kkal, \u00e9s fedezze fel a v\u00e1rost rejtv\u00e9nyeken, tal\u00e1nyokon \u00e9s kih\u00edv\u00e1sokon kereszt\u00fcl. J\u00e1tsszon a saj\u00e1t temp\u00f3j\u00e1ban, \u00e9s fedezzen fel, mint egy helyi!\" \/>\n<meta property=\"og:url\" content=\"https:\/\/testwebsite.citygame.com\/hu\/games\/katwijk-aan-zee\/secrets-of-katwijk-aan-zee\/\" \/>\n<meta property=\"og:site_name\" content=\"City Game\" \/>\n<meta property=\"article:publisher\" content=\"https:\/\/www.facebook.com\/profile.php?id=100086426226253\" \/>\n<meta property=\"article:modified_time\" content=\"2026-04-08T21:04:46+00:00\" \/>\n<meta property=\"og:image\" content=\"https:\/\/testwebsite.citygame.com\/wp-content\/blogs.dir\/1\/files\/sites\/62\/2026\/03\/katwijk-aan-zee-city-game-player-on-coastal-road.jpg\" \/>\n\t<meta property=\"og:image:width\" content=\"1024\" \/>\n\t<meta property=\"og:image:height\" content=\"1024\" \/>\n\t<meta property=\"og:image:type\" content=\"image\/jpeg\" \/>\n<meta name=\"twitter:card\" content=\"summary_large_image\" \/>\n<meta name=\"twitter:label1\" content=\"Becs\u00fclt olvas\u00e1si id\u0151\" \/>\n\t<meta name=\"twitter:data1\" content=\"1 perc\" \/>\n<script type=\"application\/ld+json\" class=\"yoast-schema-graph\">{\"@context\":\"https:\/\/schema.org\",\"@graph\":[{\"@type\":\"WebPage\",\"@id\":\"https:\/\/testwebsite.citygame.com\/hu\/games\/katwijk-aan-zee\/secrets-of-katwijk-aan-zee\/\",\"url\":\"https:\/\/testwebsite.citygame.com\/hu\/games\/katwijk-aan-zee\/secrets-of-katwijk-aan-zee\/\",\"name\":\"Secrets of Katwijk aan Zee - City Game\",\"isPartOf\":{\"@id\":\"https:\/\/testwebsite.upevents.nl\/#website\"},\"primaryImageOfPage\":{\"@id\":\"https:\/\/testwebsite.citygame.com\/hu\/games\/katwijk-aan-zee\/secrets-of-katwijk-aan-zee\/#primaryimage\"},\"image\":{\"@id\":\"https:\/\/testwebsite.citygame.com\/hu\/games\/katwijk-aan-zee\/secrets-of-katwijk-aan-zee\/#primaryimage\"},\"thumbnailUrl\":\"https:\/\/testwebsite.citygame.com\/wp-content\/blogs.dir\/1\/files\/sites\/62\/2026\/03\/katwijk-aan-zee-city-game-player-on-coastal-road.jpg\",\"datePublished\":\"2026-03-13T18:26:54+00:00\",\"dateModified\":\"2026-04-08T21:04:46+00:00\",\"description\":\"Secrets of Katwijk aan Zee. J\u00e1tsszon egy \u00f6nvezet\u0151 v\u00e1rosi j\u00e1t\u00e9kkal, \u00e9s fedezze fel a v\u00e1rost rejtv\u00e9nyeken, tal\u00e1nyokon \u00e9s kih\u00edv\u00e1sokon kereszt\u00fcl. J\u00e1tsszon a saj\u00e1t temp\u00f3j\u00e1ban, \u00e9s fedezzen fel, mint egy helyi!\",\"breadcrumb\":{\"@id\":\"https:\/\/testwebsite.citygame.com\/hu\/games\/katwijk-aan-zee\/secrets-of-katwijk-aan-zee\/#breadcrumb\"},\"inLanguage\":\"hu\",\"potentialAction\":[{\"@type\":\"ReadAction\",\"target\":[\"https:\/\/testwebsite.citygame.com\/hu\/games\/katwijk-aan-zee\/secrets-of-katwijk-aan-zee\/\"]}]},{\"@type\":\"ImageObject\",\"inLanguage\":\"hu\",\"@id\":\"https:\/\/testwebsite.citygame.com\/hu\/games\/katwijk-aan-zee\/secrets-of-katwijk-aan-zee\/#primaryimage\",\"url\":\"https:\/\/testwebsite.citygame.com\/wp-content\/blogs.dir\/1\/files\/sites\/62\/2026\/03\/katwijk-aan-zee-city-game-player-on-coastal-road.jpg\",\"contentUrl\":\"https:\/\/testwebsite.citygame.com\/wp-content\/blogs.dir\/1\/files\/sites\/62\/2026\/03\/katwijk-aan-zee-city-game-player-on-coastal-road.jpg\",\"width\":1024,\"height\":1024,\"caption\":\"A young woman explores the coastal town of Katwijk aan Zee while playing a city game.\"},{\"@type\":\"BreadcrumbList\",\"@id\":\"https:\/\/testwebsite.citygame.com\/hu\/games\/katwijk-aan-zee\/secrets-of-katwijk-aan-zee\/#breadcrumb\",\"itemListElement\":[{\"@type\":\"ListItem\",\"position\":1,\"name\":\"Home\",\"item\":\"https:\/\/testwebsite.citygame.com\/hu\/\"},{\"@type\":\"ListItem\",\"position\":2,\"name\":\"Shop\",\"item\":\"https:\/\/testwebsite.citygame.com\/shop\/\"},{\"@type\":\"ListItem\",\"position\":3,\"name\":\"Secrets of Katwijk aan Zee\"}]},{\"@type\":\"WebSite\",\"@id\":\"https:\/\/testwebsite.upevents.nl\/#website\",\"url\":\"https:\/\/testwebsite.upevents.nl\/\",\"name\":\"City Game\",\"description\":\"\",\"publisher\":{\"@id\":\"https:\/\/testwebsite.upevents.nl\/#organization\"},\"alternateName\":\"citygame.com\",\"potentialAction\":[{\"@type\":\"SearchAction\",\"target\":{\"@type\":\"EntryPoint\",\"urlTemplate\":\"https:\/\/testwebsite.upevents.nl\/?s={search_term_string}\"},\"query-input\":{\"@type\":\"PropertyValueSpecification\",\"valueRequired\":true,\"valueName\":\"search_term_string\"}}],\"inLanguage\":\"hu\"},{\"@type\":[\"Organization\",\"Place\"],\"@id\":\"https:\/\/testwebsite.upevents.nl\/#organization\",\"name\":\"City Game\",\"alternateName\":\"citygame.com\",\"url\":\"https:\/\/testwebsite.upevents.nl\/\",\"logo\":{\"@id\":\"https:\/\/testwebsite.citygame.com\/hu\/games\/katwijk-aan-zee\/secrets-of-katwijk-aan-zee\/#local-main-organization-logo\"},\"image\":{\"@id\":\"https:\/\/testwebsite.citygame.com\/hu\/games\/katwijk-aan-zee\/secrets-of-katwijk-aan-zee\/#local-main-organization-logo\"},\"sameAs\":[\"https:\/\/www.facebook.com\/profile.php?id=100086426226253\",\"https:\/\/www.instagram.com\/citygame_com\",\"https:\/\/www.tiktok.com\/@citygamecom\/\",\"https:\/\/www.linkedin.com\/company\/citygame-com\"],\"description\":\"Turn any city into a playground with our interactive City Games and self-guided tours. Fun, flexible, and ideal for groups and team building.\",\"telephone\":[],\"openingHoursSpecification\":[{\"@type\":\"OpeningHoursSpecification\",\"dayOfWeek\":[\"Monday\",\"Tuesday\",\"Wednesday\",\"Thursday\",\"Friday\",\"Saturday\",\"Sunday\"],\"opens\":\"09:00\",\"closes\":\"17:00\"}]},{\"@type\":\"ImageObject\",\"inLanguage\":\"hu\",\"@id\":\"https:\/\/testwebsite.citygame.com\/hu\/games\/katwijk-aan-zee\/secrets-of-katwijk-aan-zee\/#local-main-organization-logo\",\"url\":\"https:\/\/testwebsite.citygame.com\/wp-content\/blogs.dir\/1\/files\/sites\/62\/2025\/10\/CG_LOGO-City-Game.png\",\"contentUrl\":\"https:\/\/testwebsite.citygame.com\/wp-content\/blogs.dir\/1\/files\/sites\/62\/2025\/10\/CG_LOGO-City-Game.png\",\"width\":351,\"height\":377,\"caption\":\"City Game\"}]}<\/script>\n<!-- \/ Yoast SEO Premium plugin. -->","yoast_head_json":{"title":"Secrets of Katwijk aan Zee - City Game","description":"Secrets of Katwijk aan Zee. J\u00e1tsszon egy \u00f6nvezet\u0151 v\u00e1rosi j\u00e1t\u00e9kkal, \u00e9s fedezze fel a v\u00e1rost rejtv\u00e9nyeken, tal\u00e1nyokon \u00e9s kih\u00edv\u00e1sokon kereszt\u00fcl. J\u00e1tsszon a saj\u00e1t temp\u00f3j\u00e1ban, \u00e9s fedezzen fel, mint egy helyi!","robots":{"index":"noindex","follow":"follow","max-snippet":"max-snippet:-1","max-image-preview":"max-image-preview:large","max-video-preview":"max-video-preview:-1"},"og_locale":"hu_HU","og_type":"article","og_title":"Secrets of Katwijk aan Zee","og_description":"Secrets of Katwijk aan Zee. J\u00e1tsszon egy \u00f6nvezet\u0151 v\u00e1rosi j\u00e1t\u00e9kkal, \u00e9s fedezze fel a v\u00e1rost rejtv\u00e9nyeken, tal\u00e1nyokon \u00e9s kih\u00edv\u00e1sokon kereszt\u00fcl. J\u00e1tsszon a saj\u00e1t temp\u00f3j\u00e1ban, \u00e9s fedezzen fel, mint egy helyi!","og_url":"https:\/\/testwebsite.citygame.com\/hu\/games\/katwijk-aan-zee\/secrets-of-katwijk-aan-zee\/","og_site_name":"City Game","article_publisher":"https:\/\/www.facebook.com\/profile.php?id=100086426226253","article_modified_time":"2026-04-08T21:04:46+00:00","og_image":[{"width":1024,"height":1024,"url":"https:\/\/testwebsite.citygame.com\/wp-content\/blogs.dir\/1\/files\/sites\/62\/2026\/03\/katwijk-aan-zee-city-game-player-on-coastal-road.jpg","type":"image\/jpeg"}],"twitter_card":"summary_large_image","twitter_misc":{"Becs\u00fclt olvas\u00e1si id\u0151":"1 perc"},"schema":{"@context":"https:\/\/schema.org","@graph":[{"@type":"WebPage","@id":"https:\/\/testwebsite.citygame.com\/hu\/games\/katwijk-aan-zee\/secrets-of-katwijk-aan-zee\/","url":"https:\/\/testwebsite.citygame.com\/hu\/games\/katwijk-aan-zee\/secrets-of-katwijk-aan-zee\/","name":"Secrets of Katwijk aan Zee - City Game","isPartOf":{"@id":"https:\/\/testwebsite.upevents.nl\/#website"},"primaryImageOfPage":{"@id":"https:\/\/testwebsite.citygame.com\/hu\/games\/katwijk-aan-zee\/secrets-of-katwijk-aan-zee\/#primaryimage"},"image":{"@id":"https:\/\/testwebsite.citygame.com\/hu\/games\/katwijk-aan-zee\/secrets-of-katwijk-aan-zee\/#primaryimage"},"thumbnailUrl":"https:\/\/testwebsite.citygame.com\/wp-content\/blogs.dir\/1\/files\/sites\/62\/2026\/03\/katwijk-aan-zee-city-game-player-on-coastal-road.jpg","datePublished":"2026-03-13T18:26:54+00:00","dateModified":"2026-04-08T21:04:46+00:00","description":"Secrets of Katwijk aan Zee. J\u00e1tsszon egy \u00f6nvezet\u0151 v\u00e1rosi j\u00e1t\u00e9kkal, \u00e9s fedezze fel a v\u00e1rost rejtv\u00e9nyeken, tal\u00e1nyokon \u00e9s kih\u00edv\u00e1sokon kereszt\u00fcl. J\u00e1tsszon a saj\u00e1t temp\u00f3j\u00e1ban, \u00e9s fedezzen fel, mint egy helyi!","breadcrumb":{"@id":"https:\/\/testwebsite.citygame.com\/hu\/games\/katwijk-aan-zee\/secrets-of-katwijk-aan-zee\/#breadcrumb"},"inLanguage":"hu","potentialAction":[{"@type":"ReadAction","target":["https:\/\/testwebsite.citygame.com\/hu\/games\/katwijk-aan-zee\/secrets-of-katwijk-aan-zee\/"]}]},{"@type":"ImageObject","inLanguage":"hu","@id":"https:\/\/testwebsite.citygame.com\/hu\/games\/katwijk-aan-zee\/secrets-of-katwijk-aan-zee\/#primaryimage","url":"https:\/\/testwebsite.citygame.com\/wp-content\/blogs.dir\/1\/files\/sites\/62\/2026\/03\/katwijk-aan-zee-city-game-player-on-coastal-road.jpg","contentUrl":"https:\/\/testwebsite.citygame.com\/wp-content\/blogs.dir\/1\/files\/sites\/62\/2026\/03\/katwijk-aan-zee-city-game-player-on-coastal-road.jpg","width":1024,"height":1024,"caption":"A young woman explores the coastal town of Katwijk aan Zee while playing a city game."},{"@type":"BreadcrumbList","@id":"https:\/\/testwebsite.citygame.com\/hu\/games\/katwijk-aan-zee\/secrets-of-katwijk-aan-zee\/#breadcrumb","itemListElement":[{"@type":"ListItem","position":1,"name":"Home","item":"https:\/\/testwebsite.citygame.com\/hu\/"},{"@type":"ListItem","position":2,"name":"Shop","item":"https:\/\/testwebsite.citygame.com\/shop\/"},{"@type":"ListItem","position":3,"name":"Secrets of Katwijk aan Zee"}]},{"@type":"WebSite","@id":"https:\/\/testwebsite.upevents.nl\/#website","url":"https:\/\/testwebsite.upevents.nl\/","name":"City Game","description":"","publisher":{"@id":"https:\/\/testwebsite.upevents.nl\/#organization"},"alternateName":"citygame.com","potentialAction":[{"@type":"SearchAction","target":{"@type":"EntryPoint","urlTemplate":"https:\/\/testwebsite.upevents.nl\/?s={search_term_string}"},"query-input":{"@type":"PropertyValueSpecification","valueRequired":true,"valueName":"search_term_string"}}],"inLanguage":"hu"},{"@type":["Organization","Place"],"@id":"https:\/\/testwebsite.upevents.nl\/#organization","name":"City Game","alternateName":"citygame.com","url":"https:\/\/testwebsite.upevents.nl\/","logo":{"@id":"https:\/\/testwebsite.citygame.com\/hu\/games\/katwijk-aan-zee\/secrets-of-katwijk-aan-zee\/#local-main-organization-logo"},"image":{"@id":"https:\/\/testwebsite.citygame.com\/hu\/games\/katwijk-aan-zee\/secrets-of-katwijk-aan-zee\/#local-main-organization-logo"},"sameAs":["https:\/\/www.facebook.com\/profile.php?id=100086426226253","https:\/\/www.instagram.com\/citygame_com","https:\/\/www.tiktok.com\/@citygamecom\/","https:\/\/www.linkedin.com\/company\/citygame-com"],"description":"Turn any city into a playground with our interactive City Games and self-guided tours. Fun, flexible, and ideal for groups and team building.","telephone":[],"openingHoursSpecification":[{"@type":"OpeningHoursSpecification","dayOfWeek":["Monday","Tuesday","Wednesday","Thursday","Friday","Saturday","Sunday"],"opens":"09:00","closes":"17:00"}]},{"@type":"ImageObject","inLanguage":"hu","@id":"https:\/\/testwebsite.citygame.com\/hu\/games\/katwijk-aan-zee\/secrets-of-katwijk-aan-zee\/#local-main-organization-logo","url":"https:\/\/testwebsite.citygame.com\/wp-content\/blogs.dir\/1\/files\/sites\/62\/2025\/10\/CG_LOGO-City-Game.png","contentUrl":"https:\/\/testwebsite.citygame.com\/wp-content\/blogs.dir\/1\/files\/sites\/62\/2025\/10\/CG_LOGO-City-Game.png","width":351,"height":377,"caption":"City Game"}]}},"taxonomy_info":{"game-concept":[{"value":715,"label":"Secrets"}],"location":[{"value":220,"label":"Katwijk aan Zee"}],"product_cat":[{"value":27,"label":"Geen categorie"}]},"featured_image_src_large":["https:\/\/testwebsite.citygame.com\/wp-content\/blogs.dir\/1\/files\/sites\/62\/2026\/03\/katwijk-aan-zee-city-game-player-on-coastal-road.jpg",1024,1024,false],"author_info":[],"comment_info":"","_links":{"self":[{"href":"https:\/\/testwebsite.citygame.com\/hu\/wp-json\/wp\/v2\/product\/66538","targetHints":{"allow":["GET"]}}],"collection":[{"href":"https:\/\/testwebsite.citygame.com\/hu\/wp-json\/wp\/v2\/product"}],"about":[{"href":"https:\/\/testwebsite.citygame.com\/hu\/wp-json\/wp\/v2\/types\/product"}],"acf:post":[{"embeddable":true,"href":"https:\/\/testwebsite.citygame.com\/hu\/wp-json\/wp\/v2\/pages\/15833"}],"wp:featuredmedia":[{"embeddable":true,"href":"https:\/\/testwebsite.citygame.com\/hu\/wp-json\/wp\/v2\/media\/18839"}],"wp:attachment":[{"href":"https:\/\/testwebsite.citygame.com\/hu\/wp-json\/wp\/v2\/media?parent=66538"}],"wp:term":[{"taxonomy":"game-concept","embeddable":true,"href":"https:\/\/testwebsite.citygame.com\/hu\/wp-json\/wp\/v2\/game-concept?post=66538"},{"taxonomy":"location","embeddable":true,"href":"https:\/\/testwebsite.citygame.com\/hu\/wp-json\/wp\/v2\/location?post=66538"},{"taxonomy":"product_brand","embeddable":true,"href":"https:\/\/testwebsite.citygame.com\/hu\/wp-json\/wp\/v2\/product_brand?post=66538"},{"taxonomy":"product_cat","embeddable":true,"href":"https:\/\/testwebsite.citygame.com\/hu\/wp-json\/wp\/v2\/product_cat?post=66538"},{"taxonomy":"product_tag","embeddable":true,"href":"https:\/\/testwebsite.citygame.com\/hu\/wp-json\/wp\/v2\/product_tag?post=66538"}],"curies":[{"name":"wp","href":"https:\/\/api.w.org\/{rel}","templated":true}]}}