{"id":66397,"date":"2026-03-13T16:48:27","date_gmt":"2026-03-13T16:48:27","guid":{"rendered":"https:\/\/testwebsite.citygame.com\/games\/unknown-location\/secrets-of-goes\/"},"modified":"2026-04-08T19:40:15","modified_gmt":"2026-04-08T19:40:15","slug":"secrets-of-goes","status":"publish","type":"product","link":"https:\/\/testwebsite.citygame.com\/hu\/games\/goes\/secrets-of-goes\/","title":{"rendered":"Secrets of Goes"},"content":{"rendered":"<p>Mer\u00fclj el Zeeland f\u00f6ldrajzi sz\u00edv\u00e9ben a Secrets of Goes City Game j\u00e1t\u00e9kkal, egy \u00f6nvezet\u0151, GPS-alap\u00fa felfedez\u0151j\u00e1t\u00e9kkal, amely Goes belv\u00e1ros\u00e1ban j\u00e1tsz\u00f3dik. Okostelefonod seg\u00edts\u00e9g\u00e9vel navig\u00e1lhatsz a v\u00e1rosi t\u00e1jon, okos fejt\u00f6r\u0151ket \u00e9s rejtv\u00e9nyeket oldhatsz meg, valamint fot\u00f3feladatokat teljes\u00edthetsz. Ez az egyed\u00fcl\u00e1ll\u00f3 megk\u00f6zel\u00edt\u00e9s lehet\u0151v\u00e9 teszi, hogy elmer\u00fclj Goes gazdag kult\u00far\u00e1j\u00e1ban \u00e9s t\u00f6rt\u00e9nelm\u00e9ben, felfedve rejtett r\u00e9szleteket az utad sor\u00e1n. T\u00f6k\u00e9letes mind a helyieknek, akik \u00fajra felfedezik sz\u00fcl\u0151v\u00e1rosukat, mind a l\u00e1togat\u00f3knak, akik szem\u00e9lyesebb \u00e9lm\u00e9nyt szeretn\u00e9nek a v\u00e1rosr\u00f3l. A j\u00e1t\u00e9kot \u00fagy tervezt\u00fck, hogy egyar\u00e1nt megfeleljen egy\u00e9ni felfedez\u0151knek, p\u00e1roknak, csal\u00e1doknak \u00e9s bar\u00e1ti t\u00e1rsas\u00e1goknak. Mik\u00f6zben j\u00e1tszol, eml\u00e9kezz \u2013 ez a Goesr\u0151l sz\u00f3l\u00f3 v\u00e1rosi j\u00e1t\u00e9k nem csup\u00e1n a c\u00e9l el\u00e9r\u00e9s\u00e9r\u0151l sz\u00f3l, hanem a v\u00e1ros rejtett titkainak felfedez\u00e9s\u00e9r\u0151l az \u00fat sor\u00e1n.<\/p>\n","protected":false},"excerpt":{"rendered":"<p>Fedezd fel Goes nagyszer\u0171s\u00e9g\u00e9t \u00e9s ragyog\u00e1s\u00e1t! Mer\u00fclj el egy v\u00e1rosban, ahol a kult\u00fara tal\u00e1lkozik a t\u00f6rt\u00e9nelemmel, a z\u00f6ldell\u0151 parkjait\u00f3l a ny\u00fczsg\u0151 kik\u00f6t\u0151j\u00e9ig. Goes arra invit\u00e1l, hogy fejtsd meg a rejt\u00e9lyeket, mik\u00f6zben b\u00e1jos utc\u00e1in navig\u00e1lsz; minden sarok tele van holland finoms\u00e1gokkal!<\/p>\n","protected":false},"featured_media":18791,"template":"","meta":{"_acf_changed":false,"_yoast_wpseo_focuskw":"Secrets of Goes","_yoast_wpseo_metadesc":"Secrets of Goes. J\u00e1tssz egy \u00f6nvezet\u0151 v\u00e1rosi j\u00e1t\u00e9kot, \u00e9s fedezd fel a v\u00e1rost fejt\u00f6r\u0151k, rejtv\u00e9nyek \u00e9s kih\u00edv\u00e1sok seg\u00edts\u00e9g\u00e9vel. J\u00e1tssz a saj\u00e1t temp\u00f3dban, \u00e9s fedezz fel, mint egy helyi!","_kad_blocks_custom_css":"","_kad_blocks_head_custom_js":"","_kad_blocks_body_custom_js":"","_kad_blocks_footer_custom_js":"","ghostkit_customizer_options":"","ghostkit_custom_css":"","ghostkit_custom_js_head":"","ghostkit_custom_js_foot":"","ghostkit_typography":"","_kad_post_transparent":"","_kad_post_title":"","_kad_post_layout":"","_kad_post_sidebar_id":"","_kad_post_content_style":"","_kad_post_vertical_padding":"","_kad_post_feature":"","_kad_post_feature_position":"","_kad_post_header":false,"_kad_post_footer":false,"_kad_post_classname":"","_links_to":"","_links_to_target":""},"game-concept":[715],"location":[179],"product_brand":[],"product_cat":[27],"product_tag":[],"class_list":{"0":"post-66397","1":"product","2":"type-product","3":"status-publish","4":"has-post-thumbnail","6":"game-concept-secrets","7":"location-goes","8":"product_cat-geen-categorie","10":"first","11":"instock","12":"shipping-taxable","13":"purchasable","14":"product-type-simple","15":"entry","16":"content-bg","17":"loop-entry"},"acf":{"full_bokun_product_name":"Self-Guided Secrets of Goes Exploration Game","location_name":"Goes","bokun_calendar_widget_code":"<script type=\"text\/javascript\" src=\"https:\/\/widgets.bokun.io\/assets\/javascripts\/apps\/build\/BokunWidgetsLoader.js?bookingChannelUUID=a1e93e96-5232-4734-a595-28405f4b5a31\" async><\/script>\n     \n    <div class=\"bokunWidget\" data-src=\"https:\/\/widgets.bokun.io\/online-sales\/a1e93e96-5232-4734-a595-28405f4b5a31\/experience-calendar\/895757\"><\/div>\n    <noscript>Please enable javascript in your browser to book<\/noscript>","bokun_button_widget_code":"<script type=\"text\/javascript\" src=\"https:\/\/widgets.bokun.io\/assets\/javascripts\/apps\/build\/BokunWidgetsLoader.js?bookingChannelUUID=a1e93e96-5232-4734-a595-28405f4b5a31\" async><\/script>\n      <style> #bokun_ed001e45_5927_4f62_b470_ca766338d083 { display: inline-block; padding: .4em 1em; background: #47b82e; border-radius: 999999px; box-shadow: none; font-weight: 600; font-size: 24px; text-decoration: none; text-align: center; color: #FFFFFF; border:none; cursor: pointer; transition: background .2s ease; } #bokun_ed001e45_5927_4f62_b470_ca766338d083:hover{ background: #2f7b1f; } #bokun_ed001e45_5927_4f62_b470_ca766338d083:active{ background: #378f24; } <\/style> <button class=\"bokunButton\" disabled id=bokun_ed001e45_5927_4f62_b470_ca766338d083 data-src=\"https:\/\/widgets.bokun.io\/online-sales\/a1e93e96-5232-4734-a595-28405f4b5a31\/experience-calendar\/895757?partialView=1\" data-testid=\"widget-book-button\" > Book now <\/button> ","what_you\u2019ll_experience_during_the_game":"Mer\u00fclj el Goes v\u00e1ros\u00e1ban egy olyan V\u00e1rosi J\u00e1t\u00e9kkal, amely t\u00f6k\u00e9letesen \u00f6tv\u00f6zi a v\u00e1rosn\u00e9z\u00e9st, az interakt\u00edv kih\u00edv\u00e1sokat \u00e9s egy lebilincsel\u0151 t\u00f6rt\u00e9netet. Vezet\u00e9st kapsz a v\u00e1ros neves \u00e9s rejtett kincsein kereszt\u00fcl, mik\u00f6zben utadat j\u00e1rod, felfedezve a helyi b\u00e1j azon zsebeit, amelyeket a turist\u00e1k \u00e1ltal\u00e1ban nem tal\u00e1lnak meg. K\u00e9sz\u00fclj fel Goes t\u00f6rt\u00e9nelmi v\u00e1rosk\u00f6zpontj\u00e1nak felfedez\u00e9s\u00e9re, amelyet k\u00f6z\u00e9pkori \u00e9p\u00edt\u00e9szet jellemez, t\u00e9rj be a fest\u0151i Goes-i kik\u00f6t\u0151be, \u00e9s pillants be a Maria Magdalena templom nyugodt kertj\u00e9be, sok m\u00e1s leny\u0171g\u00f6z\u0151 helysz\u00edn mellett. A j\u00e1t\u00e9k minden egyes l\u00e9p\u00e9se egyed\u00fcl\u00e1ll\u00f3 kapcsolatot biztos\u00edt ezzel a b\u00e1jos holland v\u00e1rossal \u00e9s annak l\u00fcktet\u00e9s\u00e9vel.\n\nA V\u00e1rosi J\u00e1t\u00e9k t\u00falmutat egy egyszer\u0171 felfedez\u00e9sen, megk\u00f6veteli a j\u00e1t\u00e9kosokt\u00f3l, hogy feltegy\u00e9k a gondolkod\u00f3 kalapjukat, mik\u00f6zben fejt\u00f6r\u0151kkel, rejtv\u00e9nyekkel \u00e9s kreat\u00edv fot\u00f3feladatokkal is tal\u00e1lkoznak. Minden megoldott feladat a pontgy\u0171jt\u00e9s, hasznos tippek felold\u00e1s\u00e1nak \u00e9s a Goes felett lebeg\u0151 v\u00e9gs\u0151 rejt\u00e9ly megfejt\u00e9s\u00e9hez val\u00f3 k\u00f6zeled\u00e9sed m\u00f3dja. Ne agg\u00f3dj, a j\u00e1t\u00e9k teljes rugalmass\u00e1got biztos\u00edt sz\u00e1modra, hogy b\u00e1rmikor sz\u00fcneteltethesd \u00e9s folytathasd, ha a saj\u00e1t temp\u00f3dban szeretn\u00e9l elmer\u00fclni a hangulatban. Azok sz\u00e1m\u00e1ra, akik verseng\u0151 szellem\u0171ek, magas poz\u00edci\u00f3 v\u00e1r a ranglist\u00e1n, ha csapatod vagy te \u00fcgyesen legy\u0151zitek a j\u00e1t\u00e9kot. \u00d6sszess\u00e9g\u00e9ben ez a V\u00e1rosi J\u00e1t\u00e9k egy \u00faj m\u00f3dja Goes gazdags\u00e1g\u00e1ba val\u00f3 betekint\u00e9snek, \u00e9s egy megb\u00edzhat\u00f3an sz\u00f3rakoztat\u00f3 kalandj\u00e1t\u00e9k.","how_to_play":"Foglalja le a Felfedez\u0151 J\u00e1t\u00e9kot, ellen\u0151rizze az e-mailt, amelyet az egyszer\u0171 utas\u00edt\u00e1sokkal k\u00fcld\u00fcnk \u00d6nnek, t\u00f6ltse le a Loquiz Appot, l\u00e9pjen be a Felfedez\u0151 J\u00e1t\u00e9kba, \u00e9s k\u00e9szen \u00e1ll a j\u00e1t\u00e9k\u00e9lm\u00e9ny megkezd\u00e9s\u00e9re!","start_location":"Goes, Grote Markt","available_languages":["en"],"players_per_group":"1-4","duration":"1.5-2 hours","image_overlay_color_image":"https:\/\/testwebsite.citygame.com\/wp-content\/blogs.dir\/1\/files\/sites\/62\/2026\/01\/SecretsColor.svg","image_overlay_game_logo":"https:\/\/testwebsite.citygame.com\/wp-content\/blogs.dir\/1\/files\/sites\/62\/2026\/01\/SecretsLogo.png","city_page":15808,"woocommerce_general_content":null},"yoast_head":"<!-- This site is optimized with the Yoast SEO Premium plugin v26.2 (Yoast SEO v26.3) - https:\/\/yoast.com\/wordpress\/plugins\/seo\/ -->\n<title>Secrets of Goes - City Game<\/title>\n<meta name=\"description\" content=\"Secrets of Goes. J\u00e1tssz egy \u00f6nvezet\u0151 v\u00e1rosi j\u00e1t\u00e9kot, \u00e9s fedezd fel a v\u00e1rost fejt\u00f6r\u0151k, rejtv\u00e9nyek \u00e9s kih\u00edv\u00e1sok seg\u00edts\u00e9g\u00e9vel. J\u00e1tssz a saj\u00e1t temp\u00f3dban, \u00e9s fedezz fel, mint egy helyi!\" \/>\n<meta name=\"robots\" content=\"noindex, follow, max-snippet:-1, max-image-preview:large, max-video-preview:-1\" \/>\n<meta property=\"og:locale\" content=\"hu_HU\" \/>\n<meta property=\"og:type\" content=\"article\" \/>\n<meta property=\"og:title\" content=\"Secrets of Goes\" \/>\n<meta property=\"og:description\" content=\"Secrets of Goes. J\u00e1tssz egy \u00f6nvezet\u0151 v\u00e1rosi j\u00e1t\u00e9kot, \u00e9s fedezd fel a v\u00e1rost fejt\u00f6r\u0151k, rejtv\u00e9nyek \u00e9s kih\u00edv\u00e1sok seg\u00edts\u00e9g\u00e9vel. J\u00e1tssz a saj\u00e1t temp\u00f3dban, \u00e9s fedezz fel, mint egy helyi!\" \/>\n<meta property=\"og:url\" content=\"https:\/\/testwebsite.citygame.com\/hu\/games\/goes\/secrets-of-goes\/\" \/>\n<meta property=\"og:site_name\" content=\"City Game\" \/>\n<meta property=\"article:publisher\" content=\"https:\/\/www.facebook.com\/profile.php?id=100086426226253\" \/>\n<meta property=\"article:modified_time\" content=\"2026-04-08T19:40:15+00:00\" \/>\n<meta property=\"og:image\" content=\"https:\/\/testwebsite.citygame.com\/wp-content\/blogs.dir\/1\/files\/sites\/62\/2026\/03\/woman-playing-city-game-stadshaven-goes.jpg\" \/>\n\t<meta property=\"og:image:width\" content=\"1024\" \/>\n\t<meta property=\"og:image:height\" content=\"1024\" \/>\n\t<meta property=\"og:image:type\" content=\"image\/jpeg\" \/>\n<meta name=\"twitter:card\" content=\"summary_large_image\" \/>\n<meta name=\"twitter:label1\" content=\"Becs\u00fclt olvas\u00e1si id\u0151\" \/>\n\t<meta name=\"twitter:data1\" content=\"1 perc\" \/>\n<script type=\"application\/ld+json\" class=\"yoast-schema-graph\">{\"@context\":\"https:\/\/schema.org\",\"@graph\":[{\"@type\":\"WebPage\",\"@id\":\"https:\/\/testwebsite.citygame.com\/hu\/games\/goes\/secrets-of-goes\/\",\"url\":\"https:\/\/testwebsite.citygame.com\/hu\/games\/goes\/secrets-of-goes\/\",\"name\":\"Secrets of Goes - City Game\",\"isPartOf\":{\"@id\":\"https:\/\/testwebsite.upevents.nl\/#website\"},\"primaryImageOfPage\":{\"@id\":\"https:\/\/testwebsite.citygame.com\/hu\/games\/goes\/secrets-of-goes\/#primaryimage\"},\"image\":{\"@id\":\"https:\/\/testwebsite.citygame.com\/hu\/games\/goes\/secrets-of-goes\/#primaryimage\"},\"thumbnailUrl\":\"https:\/\/testwebsite.citygame.com\/wp-content\/blogs.dir\/1\/files\/sites\/62\/2026\/03\/woman-playing-city-game-stadshaven-goes.jpg\",\"datePublished\":\"2026-03-13T16:48:27+00:00\",\"dateModified\":\"2026-04-08T19:40:15+00:00\",\"description\":\"Secrets of Goes. J\u00e1tssz egy \u00f6nvezet\u0151 v\u00e1rosi j\u00e1t\u00e9kot, \u00e9s fedezd fel a v\u00e1rost fejt\u00f6r\u0151k, rejtv\u00e9nyek \u00e9s kih\u00edv\u00e1sok seg\u00edts\u00e9g\u00e9vel. J\u00e1tssz a saj\u00e1t temp\u00f3dban, \u00e9s fedezz fel, mint egy helyi!\",\"breadcrumb\":{\"@id\":\"https:\/\/testwebsite.citygame.com\/hu\/games\/goes\/secrets-of-goes\/#breadcrumb\"},\"inLanguage\":\"hu\",\"potentialAction\":[{\"@type\":\"ReadAction\",\"target\":[\"https:\/\/testwebsite.citygame.com\/hu\/games\/goes\/secrets-of-goes\/\"]}]},{\"@type\":\"ImageObject\",\"inLanguage\":\"hu\",\"@id\":\"https:\/\/testwebsite.citygame.com\/hu\/games\/goes\/secrets-of-goes\/#primaryimage\",\"url\":\"https:\/\/testwebsite.citygame.com\/wp-content\/blogs.dir\/1\/files\/sites\/62\/2026\/03\/woman-playing-city-game-stadshaven-goes.jpg\",\"contentUrl\":\"https:\/\/testwebsite.citygame.com\/wp-content\/blogs.dir\/1\/files\/sites\/62\/2026\/03\/woman-playing-city-game-stadshaven-goes.jpg\",\"width\":1024,\"height\":1024,\"caption\":\"A visitor explores the historic city harbor (Stadshaven) of Goes using a mobile device.\"},{\"@type\":\"BreadcrumbList\",\"@id\":\"https:\/\/testwebsite.citygame.com\/hu\/games\/goes\/secrets-of-goes\/#breadcrumb\",\"itemListElement\":[{\"@type\":\"ListItem\",\"position\":1,\"name\":\"Home\",\"item\":\"https:\/\/testwebsite.citygame.com\/hu\/\"},{\"@type\":\"ListItem\",\"position\":2,\"name\":\"Shop\",\"item\":\"https:\/\/testwebsite.citygame.com\/shop\/\"},{\"@type\":\"ListItem\",\"position\":3,\"name\":\"Secrets of Goes\"}]},{\"@type\":\"WebSite\",\"@id\":\"https:\/\/testwebsite.upevents.nl\/#website\",\"url\":\"https:\/\/testwebsite.upevents.nl\/\",\"name\":\"City Game\",\"description\":\"\",\"publisher\":{\"@id\":\"https:\/\/testwebsite.upevents.nl\/#organization\"},\"alternateName\":\"citygame.com\",\"potentialAction\":[{\"@type\":\"SearchAction\",\"target\":{\"@type\":\"EntryPoint\",\"urlTemplate\":\"https:\/\/testwebsite.upevents.nl\/?s={search_term_string}\"},\"query-input\":{\"@type\":\"PropertyValueSpecification\",\"valueRequired\":true,\"valueName\":\"search_term_string\"}}],\"inLanguage\":\"hu\"},{\"@type\":[\"Organization\",\"Place\"],\"@id\":\"https:\/\/testwebsite.upevents.nl\/#organization\",\"name\":\"City Game\",\"alternateName\":\"citygame.com\",\"url\":\"https:\/\/testwebsite.upevents.nl\/\",\"logo\":{\"@id\":\"https:\/\/testwebsite.citygame.com\/hu\/games\/goes\/secrets-of-goes\/#local-main-organization-logo\"},\"image\":{\"@id\":\"https:\/\/testwebsite.citygame.com\/hu\/games\/goes\/secrets-of-goes\/#local-main-organization-logo\"},\"sameAs\":[\"https:\/\/www.facebook.com\/profile.php?id=100086426226253\",\"https:\/\/www.instagram.com\/citygame_com\",\"https:\/\/www.tiktok.com\/@citygamecom\/\",\"https:\/\/www.linkedin.com\/company\/citygame-com\"],\"description\":\"Turn any city into a playground with our interactive City Games and self-guided tours. Fun, flexible, and ideal for groups and team building.\",\"telephone\":[],\"openingHoursSpecification\":[{\"@type\":\"OpeningHoursSpecification\",\"dayOfWeek\":[\"Monday\",\"Tuesday\",\"Wednesday\",\"Thursday\",\"Friday\",\"Saturday\",\"Sunday\"],\"opens\":\"09:00\",\"closes\":\"17:00\"}]},{\"@type\":\"ImageObject\",\"inLanguage\":\"hu\",\"@id\":\"https:\/\/testwebsite.citygame.com\/hu\/games\/goes\/secrets-of-goes\/#local-main-organization-logo\",\"url\":\"https:\/\/testwebsite.citygame.com\/wp-content\/blogs.dir\/1\/files\/sites\/62\/2025\/10\/CG_LOGO-City-Game.png\",\"contentUrl\":\"https:\/\/testwebsite.citygame.com\/wp-content\/blogs.dir\/1\/files\/sites\/62\/2025\/10\/CG_LOGO-City-Game.png\",\"width\":351,\"height\":377,\"caption\":\"City Game\"}]}<\/script>\n<!-- \/ Yoast SEO Premium plugin. -->","yoast_head_json":{"title":"Secrets of Goes - City Game","description":"Secrets of Goes. J\u00e1tssz egy \u00f6nvezet\u0151 v\u00e1rosi j\u00e1t\u00e9kot, \u00e9s fedezd fel a v\u00e1rost fejt\u00f6r\u0151k, rejtv\u00e9nyek \u00e9s kih\u00edv\u00e1sok seg\u00edts\u00e9g\u00e9vel. J\u00e1tssz a saj\u00e1t temp\u00f3dban, \u00e9s fedezz fel, mint egy helyi!","robots":{"index":"noindex","follow":"follow","max-snippet":"max-snippet:-1","max-image-preview":"max-image-preview:large","max-video-preview":"max-video-preview:-1"},"og_locale":"hu_HU","og_type":"article","og_title":"Secrets of Goes","og_description":"Secrets of Goes. J\u00e1tssz egy \u00f6nvezet\u0151 v\u00e1rosi j\u00e1t\u00e9kot, \u00e9s fedezd fel a v\u00e1rost fejt\u00f6r\u0151k, rejtv\u00e9nyek \u00e9s kih\u00edv\u00e1sok seg\u00edts\u00e9g\u00e9vel. J\u00e1tssz a saj\u00e1t temp\u00f3dban, \u00e9s fedezz fel, mint egy helyi!","og_url":"https:\/\/testwebsite.citygame.com\/hu\/games\/goes\/secrets-of-goes\/","og_site_name":"City Game","article_publisher":"https:\/\/www.facebook.com\/profile.php?id=100086426226253","article_modified_time":"2026-04-08T19:40:15+00:00","og_image":[{"width":1024,"height":1024,"url":"https:\/\/testwebsite.citygame.com\/wp-content\/blogs.dir\/1\/files\/sites\/62\/2026\/03\/woman-playing-city-game-stadshaven-goes.jpg","type":"image\/jpeg"}],"twitter_card":"summary_large_image","twitter_misc":{"Becs\u00fclt olvas\u00e1si id\u0151":"1 perc"},"schema":{"@context":"https:\/\/schema.org","@graph":[{"@type":"WebPage","@id":"https:\/\/testwebsite.citygame.com\/hu\/games\/goes\/secrets-of-goes\/","url":"https:\/\/testwebsite.citygame.com\/hu\/games\/goes\/secrets-of-goes\/","name":"Secrets of Goes - City Game","isPartOf":{"@id":"https:\/\/testwebsite.upevents.nl\/#website"},"primaryImageOfPage":{"@id":"https:\/\/testwebsite.citygame.com\/hu\/games\/goes\/secrets-of-goes\/#primaryimage"},"image":{"@id":"https:\/\/testwebsite.citygame.com\/hu\/games\/goes\/secrets-of-goes\/#primaryimage"},"thumbnailUrl":"https:\/\/testwebsite.citygame.com\/wp-content\/blogs.dir\/1\/files\/sites\/62\/2026\/03\/woman-playing-city-game-stadshaven-goes.jpg","datePublished":"2026-03-13T16:48:27+00:00","dateModified":"2026-04-08T19:40:15+00:00","description":"Secrets of Goes. J\u00e1tssz egy \u00f6nvezet\u0151 v\u00e1rosi j\u00e1t\u00e9kot, \u00e9s fedezd fel a v\u00e1rost fejt\u00f6r\u0151k, rejtv\u00e9nyek \u00e9s kih\u00edv\u00e1sok seg\u00edts\u00e9g\u00e9vel. J\u00e1tssz a saj\u00e1t temp\u00f3dban, \u00e9s fedezz fel, mint egy helyi!","breadcrumb":{"@id":"https:\/\/testwebsite.citygame.com\/hu\/games\/goes\/secrets-of-goes\/#breadcrumb"},"inLanguage":"hu","potentialAction":[{"@type":"ReadAction","target":["https:\/\/testwebsite.citygame.com\/hu\/games\/goes\/secrets-of-goes\/"]}]},{"@type":"ImageObject","inLanguage":"hu","@id":"https:\/\/testwebsite.citygame.com\/hu\/games\/goes\/secrets-of-goes\/#primaryimage","url":"https:\/\/testwebsite.citygame.com\/wp-content\/blogs.dir\/1\/files\/sites\/62\/2026\/03\/woman-playing-city-game-stadshaven-goes.jpg","contentUrl":"https:\/\/testwebsite.citygame.com\/wp-content\/blogs.dir\/1\/files\/sites\/62\/2026\/03\/woman-playing-city-game-stadshaven-goes.jpg","width":1024,"height":1024,"caption":"A visitor explores the historic city harbor (Stadshaven) of Goes using a mobile device."},{"@type":"BreadcrumbList","@id":"https:\/\/testwebsite.citygame.com\/hu\/games\/goes\/secrets-of-goes\/#breadcrumb","itemListElement":[{"@type":"ListItem","position":1,"name":"Home","item":"https:\/\/testwebsite.citygame.com\/hu\/"},{"@type":"ListItem","position":2,"name":"Shop","item":"https:\/\/testwebsite.citygame.com\/shop\/"},{"@type":"ListItem","position":3,"name":"Secrets of Goes"}]},{"@type":"WebSite","@id":"https:\/\/testwebsite.upevents.nl\/#website","url":"https:\/\/testwebsite.upevents.nl\/","name":"City Game","description":"","publisher":{"@id":"https:\/\/testwebsite.upevents.nl\/#organization"},"alternateName":"citygame.com","potentialAction":[{"@type":"SearchAction","target":{"@type":"EntryPoint","urlTemplate":"https:\/\/testwebsite.upevents.nl\/?s={search_term_string}"},"query-input":{"@type":"PropertyValueSpecification","valueRequired":true,"valueName":"search_term_string"}}],"inLanguage":"hu"},{"@type":["Organization","Place"],"@id":"https:\/\/testwebsite.upevents.nl\/#organization","name":"City Game","alternateName":"citygame.com","url":"https:\/\/testwebsite.upevents.nl\/","logo":{"@id":"https:\/\/testwebsite.citygame.com\/hu\/games\/goes\/secrets-of-goes\/#local-main-organization-logo"},"image":{"@id":"https:\/\/testwebsite.citygame.com\/hu\/games\/goes\/secrets-of-goes\/#local-main-organization-logo"},"sameAs":["https:\/\/www.facebook.com\/profile.php?id=100086426226253","https:\/\/www.instagram.com\/citygame_com","https:\/\/www.tiktok.com\/@citygamecom\/","https:\/\/www.linkedin.com\/company\/citygame-com"],"description":"Turn any city into a playground with our interactive City Games and self-guided tours. Fun, flexible, and ideal for groups and team building.","telephone":[],"openingHoursSpecification":[{"@type":"OpeningHoursSpecification","dayOfWeek":["Monday","Tuesday","Wednesday","Thursday","Friday","Saturday","Sunday"],"opens":"09:00","closes":"17:00"}]},{"@type":"ImageObject","inLanguage":"hu","@id":"https:\/\/testwebsite.citygame.com\/hu\/games\/goes\/secrets-of-goes\/#local-main-organization-logo","url":"https:\/\/testwebsite.citygame.com\/wp-content\/blogs.dir\/1\/files\/sites\/62\/2025\/10\/CG_LOGO-City-Game.png","contentUrl":"https:\/\/testwebsite.citygame.com\/wp-content\/blogs.dir\/1\/files\/sites\/62\/2025\/10\/CG_LOGO-City-Game.png","width":351,"height":377,"caption":"City Game"}]}},"taxonomy_info":{"game-concept":[{"value":715,"label":"Secrets"}],"location":[{"value":179,"label":"Goes"}],"product_cat":[{"value":27,"label":"Geen categorie"}]},"featured_image_src_large":["https:\/\/testwebsite.citygame.com\/wp-content\/blogs.dir\/1\/files\/sites\/62\/2026\/03\/woman-playing-city-game-stadshaven-goes.jpg",1024,1024,false],"author_info":[],"comment_info":"","_links":{"self":[{"href":"https:\/\/testwebsite.citygame.com\/hu\/wp-json\/wp\/v2\/product\/66397","targetHints":{"allow":["GET"]}}],"collection":[{"href":"https:\/\/testwebsite.citygame.com\/hu\/wp-json\/wp\/v2\/product"}],"about":[{"href":"https:\/\/testwebsite.citygame.com\/hu\/wp-json\/wp\/v2\/types\/product"}],"acf:post":[{"embeddable":true,"href":"https:\/\/testwebsite.citygame.com\/hu\/wp-json\/wp\/v2\/pages\/15808"}],"wp:featuredmedia":[{"embeddable":true,"href":"https:\/\/testwebsite.citygame.com\/hu\/wp-json\/wp\/v2\/media\/18791"}],"wp:attachment":[{"href":"https:\/\/testwebsite.citygame.com\/hu\/wp-json\/wp\/v2\/media?parent=66397"}],"wp:term":[{"taxonomy":"game-concept","embeddable":true,"href":"https:\/\/testwebsite.citygame.com\/hu\/wp-json\/wp\/v2\/game-concept?post=66397"},{"taxonomy":"location","embeddable":true,"href":"https:\/\/testwebsite.citygame.com\/hu\/wp-json\/wp\/v2\/location?post=66397"},{"taxonomy":"product_brand","embeddable":true,"href":"https:\/\/testwebsite.citygame.com\/hu\/wp-json\/wp\/v2\/product_brand?post=66397"},{"taxonomy":"product_cat","embeddable":true,"href":"https:\/\/testwebsite.citygame.com\/hu\/wp-json\/wp\/v2\/product_cat?post=66397"},{"taxonomy":"product_tag","embeddable":true,"href":"https:\/\/testwebsite.citygame.com\/hu\/wp-json\/wp\/v2\/product_tag?post=66397"}],"curies":[{"name":"wp","href":"https:\/\/api.w.org\/{rel}","templated":true}]}}