{"id":66106,"date":"2026-03-13T14:40:51","date_gmt":"2026-03-13T14:40:51","guid":{"rendered":"https:\/\/testwebsite.citygame.com\/games\/unknown-location\/sherlock-holmes-al-hoceima\/"},"modified":"2026-04-08T17:42:51","modified_gmt":"2026-04-08T17:42:51","slug":"sherlock-holmes-al-hoceima","status":"publish","type":"product","link":"https:\/\/testwebsite.citygame.com\/hu\/games\/al-hoceima\/sherlock-holmes-al-hoceima\/","title":{"rendered":"Sherlock Holmes Al Hoceima"},"content":{"rendered":"<p>V\u00e1gj bele egy mag\u00e1val ragad\u00f3 detekt\u00edvnyomoz\u00e1sba a Sherlock Holmes V\u00e1rosi J\u00e1t\u00e9kkal, amelyet strat\u00e9giailag Al Hoceima v\u00e1rosk\u00f6zpontj\u00e1ban helyeztek el. Ebben az \u00f6nvez\u00e9relt, t\u00f6rt\u00e9netk\u00f6zpont\u00fa gyilkoss\u00e1gi rejt\u00e9lyben maga a metropolisz v\u00e1lik nyomoz\u00e1sod szerves r\u00e9sz\u00e9v\u00e9, mik\u00f6zben egy fesz\u00fclts\u00e9ggel teli narrat\u00edv\u00e1t k\u00f6vetsz, nyomokat gy\u0171jtesz \u00e9s bonyolult rejtv\u00e9nyeket oldasz meg a v\u00e1ros h\u00e1tter\u00e9ben. Mintha egy Sherlock Holmes reg\u00e9ny lapjair\u00f3l l\u00e9pett volna el\u0151, a r\u00e9sztvev\u0151k digit\u00e1lis gyan\u00fas\u00edtottakat hallgathatnak ki, \u00f6ssze\u00e1ll\u00edthatj\u00e1k a Liberty Fesztiv\u00e1l alatt t\u00f6rt\u00e9nt sz\u00f6rny\u0171 gyilkoss\u00e1g sz\u00e9tsz\u00f3rt bizony\u00edt\u00e9kait &#8211; saj\u00e1t temp\u00f3jukban j\u00e1tszva \u00e9s teljes m\u00e9rt\u00e9kben \u00e1t\u00e9lve az igazi detekt\u00edvvad\u00e1szat izgalm\u00e1t, an\u00e9lk\u00fcl, hogy a v\u00e1lasz el\u0151re kider\u00fclne.<\/p>\n","protected":false},"excerpt":{"rendered":"<p>Mer\u00fclj el Sherlock Holmes izgalmas vil\u00e1g\u00e1ban egy \u00f6nvez\u00e9relt gyilkoss\u00e1gi rejt\u00e9llyel Al Hoceim\u00e1ban! K\u00f6vess rejt\u00e9lyes nyomokat, fejts meg fejt\u00f6r\u0151ket, \u00e9s leplezd le az igazs\u00e1got a csapatoddal, ebben az id\u0151vel folytatott versenyben!<\/p>\n","protected":false},"featured_media":18690,"template":"","meta":{"_acf_changed":false,"_yoast_wpseo_focuskw":"Sherlock Holmes Al Hoceima","_yoast_wpseo_metadesc":"Sherlock Holmes Al Hoceima. J\u00e1tssz egy \u00f6nvez\u00e9relt gyilkoss\u00e1gi rejt\u00e9ly V\u00e1rosi J\u00e1t\u00e9kot, oldj meg rejtv\u00e9nyeket, k\u00f6vess nyomokat \u00e9s leplezd le a gyilkost a saj\u00e1t temp\u00f3dban!","_kad_blocks_custom_css":"","_kad_blocks_head_custom_js":"","_kad_blocks_body_custom_js":"","_kad_blocks_footer_custom_js":"","ghostkit_customizer_options":"","ghostkit_custom_css":"","ghostkit_custom_js_head":"","ghostkit_custom_js_foot":"","ghostkit_typography":"","_kad_post_transparent":"","_kad_post_title":"","_kad_post_layout":"","_kad_post_sidebar_id":"","_kad_post_content_style":"","_kad_post_vertical_padding":"","_kad_post_feature":"","_kad_post_feature_position":"","_kad_post_header":false,"_kad_post_footer":false,"_kad_post_classname":"","_links_to":"","_links_to_target":""},"game-concept":[776],"location":[58],"product_brand":[],"product_cat":[27],"product_tag":[],"class_list":{"0":"post-66106","1":"product","2":"type-product","3":"status-publish","4":"has-post-thumbnail","6":"game-concept-sherlock","7":"location-al-hoceima","8":"product_cat-geen-categorie","10":"first","11":"instock","12":"shipping-taxable","13":"purchasable","14":"product-type-simple","15":"entry","16":"content-bg","17":"loop-entry"},"acf":{"full_bokun_product_name":"Al Hoceima Self-Guided Sherlock Holmes Murder Mystery Game","location_name":"Al Hoceima","bokun_calendar_widget_code":"<script type=\"text\/javascript\" src=\"https:\/\/widgets.bokun.io\/assets\/javascripts\/apps\/build\/BokunWidgetsLoader.js?bookingChannelUUID=a1e93e96-5232-4734-a595-28405f4b5a31\" async><\/script>\n     \n    <div class=\"bokunWidget\" data-src=\"https:\/\/widgets.bokun.io\/online-sales\/a1e93e96-5232-4734-a595-28405f4b5a31\/experience-calendar\/772364\"><\/div>\n    <noscript>Please enable javascript in your browser to book<\/noscript>","bokun_button_widget_code":"<script type=\"text\/javascript\" src=\"https:\/\/widgets.bokun.io\/assets\/javascripts\/apps\/build\/BokunWidgetsLoader.js?bookingChannelUUID=a1e93e96-5232-4734-a595-28405f4b5a31\" async><\/script>\n      <style> #bokun_ed001e45_5927_4f62_b470_ca766338d083 { display: inline-block; padding: .4em 1em; background: #47b82e; border-radius: 999999px; box-shadow: none; font-weight: 600; font-size: 24px; text-decoration: none; text-align: center; color: #FFFFFF; border:none; cursor: pointer; transition: background .2s ease; } #bokun_ed001e45_5927_4f62_b470_ca766338d083:hover{ background: #2f7b1f; } #bokun_ed001e45_5927_4f62_b470_ca766338d083:active{ background: #378f24; } <\/style> <button class=\"bokunButton\" disabled id=bokun_ed001e45_5927_4f62_b470_ca766338d083 data-src=\"https:\/\/widgets.bokun.io\/online-sales\/a1e93e96-5232-4734-a595-28405f4b5a31\/experience-calendar\/772364?partialView=1\" data-testid=\"widget-book-button\" > Book now <\/button> ","what_you\u2019ll_experience_during_the_game":"A Sherlock Holmes V\u00e1rosi J\u00e1t\u00e9kban Al Hoceim\u00e1ban azonnal egy mag\u00e1val ragad\u00f3 detekt\u00edvt\u00f6rt\u00e9netbe cs\u00f6ppensz. Ahogy a narrat\u00edva kibontakozik, a v\u00e1rosban val\u00f3 agilis mozg\u00e1sodat titkos nyomok felfedez\u00e9se, kih\u00edv\u00e1st jelent\u0151 fejt\u00f6r\u0151k \u00e9s v\u00e1ratlan fordulatok teszik pr\u00f3b\u00e1ra a nyomoz\u00e1sodban. A v\u00e1ros sik\u00e1torai \u00e9s terei k\u00e9pezik a saj\u00e1t detekt\u00edvdr\u00e1m\u00e1d h\u00e1tter\u00e9t, minden fordulattal m\u00e9lyebbre r\u00e1ntva a rejt\u00e9lybe.\n\nK\u00e9pzeld el, ahogy digit\u00e1lis gyan\u00fas\u00edtottakat hallgatsz ki, alibiket vizsg\u00e1lsz, \u00e9s ellentmond\u00e1sokat leplezel le a k\u00e9sz\u00fcl\u00e9ked biztons\u00e1g\u00e1b\u00f3l. A sz\u00fcks\u00e9ges kritikus gondolkod\u00e1s, megfigyel\u00e9s \u00e9s dedukci\u00f3 szil\u00e1rdan a vil\u00e1g legismertebb detekt\u00edvj\u00e9nek hely\u00e9be rep\u00edt. Ez a teljesen t\u00f6rt\u00e9netk\u00f6zpont\u00fa \u00e9lm\u00e9ny arr\u00f3l sz\u00f3l, hogy leleplezd az igazs\u00e1got egy gyilkoss\u00e1g m\u00f6g\u00f6tt, amely a Liberty Fesztiv\u00e1l idej\u00e9n t\u00f6rt\u00e9nt. Felgyors\u00edthatod a temp\u00f3t, ahogy k\u00f6zelebb ker\u00fclsz az igazs\u00e1ghoz, de ne agg\u00f3dj, a j\u00e1t\u00e9k lehet\u0151v\u00e9 teszi, hogy saj\u00e1t temp\u00f3dban j\u00e1tssz, s\u0151t, b\u00e1rmikor sz\u00fcneteltetheted \u00e9s folytathatod. B\u00e1r nem ez a f\u0151 f\u00f3kusz, egy csipetnyi verseng\u00e9s is beleker\u00fclt azoknak a csapatoknak, akik kih\u00edv\u00e1st akarnak int\u00e9zni egym\u00e1s nyomoz\u00f3i k\u00e9pess\u00e9gei ellen. K\u00e9sz\u00fclj fel Al Hoceima rejt\u00e9lyeinek felfedez\u00e9s\u00e9re egy teljesen \u00faj megvil\u00e1g\u00edt\u00e1sban.","how_to_play":"J\u00e1tssz egyed\u00fcl, vagy bar\u00e1tokkal, csal\u00e1ddal, illetve koll\u00e9g\u00e1kkal, legfeljebb n\u00e9gyf\u0151s csapatokban, egy eszk\u00f6z\u00f6n. A foglal\u00e1s ut\u00e1n egy e-mailt kapsz az \u00f6sszes sz\u00fcks\u00e9ges utas\u00edt\u00e1ssal.","start_location":"Al Hoceima, Mohammed VI Square","available_languages":["en","fr","it","es","de","nl"],"players_per_group":"1-4","duration":"1.5-2 hours","image_overlay_color_image":"https:\/\/testwebsite.citygame.com\/wp-content\/blogs.dir\/1\/files\/sites\/62\/2026\/01\/SherlockColor.svg","image_overlay_game_logo":"https:\/\/testwebsite.citygame.com\/wp-content\/blogs.dir\/1\/files\/sites\/62\/2026\/01\/SherlockLogo.png","city_page":15770,"woocommerce_general_content":null},"yoast_head":"<!-- This site is optimized with the Yoast SEO Premium plugin v26.2 (Yoast SEO v26.3) - https:\/\/yoast.com\/wordpress\/plugins\/seo\/ -->\n<title>Sherlock Holmes Al Hoceima - City Game<\/title>\n<meta name=\"description\" content=\"Sherlock Holmes Al Hoceima. J\u00e1tssz egy \u00f6nvez\u00e9relt gyilkoss\u00e1gi rejt\u00e9ly V\u00e1rosi J\u00e1t\u00e9kot, oldj meg rejtv\u00e9nyeket, k\u00f6vess nyomokat \u00e9s leplezd le a gyilkost a saj\u00e1t temp\u00f3dban!\" \/>\n<meta name=\"robots\" content=\"noindex, follow, max-snippet:-1, max-image-preview:large, max-video-preview:-1\" \/>\n<meta property=\"og:locale\" content=\"hu_HU\" \/>\n<meta property=\"og:type\" content=\"article\" \/>\n<meta property=\"og:title\" content=\"Sherlock Holmes Al Hoceima\" \/>\n<meta property=\"og:description\" content=\"Sherlock Holmes Al Hoceima. J\u00e1tssz egy \u00f6nvez\u00e9relt gyilkoss\u00e1gi rejt\u00e9ly V\u00e1rosi J\u00e1t\u00e9kot, oldj meg rejtv\u00e9nyeket, k\u00f6vess nyomokat \u00e9s leplezd le a gyilkost a saj\u00e1t temp\u00f3dban!\" \/>\n<meta property=\"og:url\" content=\"https:\/\/testwebsite.citygame.com\/hu\/games\/al-hoceima\/sherlock-holmes-al-hoceima\/\" \/>\n<meta property=\"og:site_name\" content=\"City Game\" \/>\n<meta property=\"article:publisher\" content=\"https:\/\/www.facebook.com\/profile.php?id=100086426226253\" \/>\n<meta property=\"article:modified_time\" content=\"2026-04-08T17:42:51+00:00\" \/>\n<meta property=\"og:image\" content=\"https:\/\/testwebsite.citygame.com\/wp-content\/blogs.dir\/1\/files\/sites\/62\/2026\/03\/city-game-player-bruges-church-of-our-lady.jpg\" \/>\n\t<meta property=\"og:image:width\" content=\"1024\" \/>\n\t<meta property=\"og:image:height\" content=\"1024\" \/>\n\t<meta property=\"og:image:type\" content=\"image\/jpeg\" \/>\n<meta name=\"twitter:card\" content=\"summary_large_image\" \/>\n<meta name=\"twitter:label1\" content=\"Becs\u00fclt olvas\u00e1si id\u0151\" \/>\n\t<meta name=\"twitter:data1\" content=\"1 perc\" \/>\n<script type=\"application\/ld+json\" class=\"yoast-schema-graph\">{\"@context\":\"https:\/\/schema.org\",\"@graph\":[{\"@type\":\"WebPage\",\"@id\":\"https:\/\/testwebsite.citygame.com\/hu\/games\/al-hoceima\/sherlock-holmes-al-hoceima\/\",\"url\":\"https:\/\/testwebsite.citygame.com\/hu\/games\/al-hoceima\/sherlock-holmes-al-hoceima\/\",\"name\":\"Sherlock Holmes Al Hoceima - City Game\",\"isPartOf\":{\"@id\":\"https:\/\/testwebsite.upevents.nl\/#website\"},\"primaryImageOfPage\":{\"@id\":\"https:\/\/testwebsite.citygame.com\/hu\/games\/al-hoceima\/sherlock-holmes-al-hoceima\/#primaryimage\"},\"image\":{\"@id\":\"https:\/\/testwebsite.citygame.com\/hu\/games\/al-hoceima\/sherlock-holmes-al-hoceima\/#primaryimage\"},\"thumbnailUrl\":\"https:\/\/testwebsite.citygame.com\/wp-content\/blogs.dir\/1\/files\/sites\/62\/2026\/03\/city-game-player-bruges-church-of-our-lady.jpg\",\"datePublished\":\"2026-03-13T14:40:51+00:00\",\"dateModified\":\"2026-04-08T17:42:51+00:00\",\"description\":\"Sherlock Holmes Al Hoceima. J\u00e1tssz egy \u00f6nvez\u00e9relt gyilkoss\u00e1gi rejt\u00e9ly V\u00e1rosi J\u00e1t\u00e9kot, oldj meg rejtv\u00e9nyeket, k\u00f6vess nyomokat \u00e9s leplezd le a gyilkost a saj\u00e1t temp\u00f3dban!\",\"breadcrumb\":{\"@id\":\"https:\/\/testwebsite.citygame.com\/hu\/games\/al-hoceima\/sherlock-holmes-al-hoceima\/#breadcrumb\"},\"inLanguage\":\"hu\",\"potentialAction\":[{\"@type\":\"ReadAction\",\"target\":[\"https:\/\/testwebsite.citygame.com\/hu\/games\/al-hoceima\/sherlock-holmes-al-hoceima\/\"]}]},{\"@type\":\"ImageObject\",\"inLanguage\":\"hu\",\"@id\":\"https:\/\/testwebsite.citygame.com\/hu\/games\/al-hoceima\/sherlock-holmes-al-hoceima\/#primaryimage\",\"url\":\"https:\/\/testwebsite.citygame.com\/wp-content\/blogs.dir\/1\/files\/sites\/62\/2026\/03\/city-game-player-bruges-church-of-our-lady.jpg\",\"contentUrl\":\"https:\/\/testwebsite.citygame.com\/wp-content\/blogs.dir\/1\/files\/sites\/62\/2026\/03\/city-game-player-bruges-church-of-our-lady.jpg\",\"width\":1024,\"height\":1024,\"caption\":\"A tourist explores the historic streets of Bruges, Belgium, while playing a game on a smartphone.\"},{\"@type\":\"BreadcrumbList\",\"@id\":\"https:\/\/testwebsite.citygame.com\/hu\/games\/al-hoceima\/sherlock-holmes-al-hoceima\/#breadcrumb\",\"itemListElement\":[{\"@type\":\"ListItem\",\"position\":1,\"name\":\"Home\",\"item\":\"https:\/\/testwebsite.citygame.com\/hu\/\"},{\"@type\":\"ListItem\",\"position\":2,\"name\":\"Shop\",\"item\":\"https:\/\/testwebsite.citygame.com\/shop\/\"},{\"@type\":\"ListItem\",\"position\":3,\"name\":\"Sherlock Holmes Al Hoceima\"}]},{\"@type\":\"WebSite\",\"@id\":\"https:\/\/testwebsite.upevents.nl\/#website\",\"url\":\"https:\/\/testwebsite.upevents.nl\/\",\"name\":\"City Game\",\"description\":\"\",\"publisher\":{\"@id\":\"https:\/\/testwebsite.upevents.nl\/#organization\"},\"alternateName\":\"citygame.com\",\"potentialAction\":[{\"@type\":\"SearchAction\",\"target\":{\"@type\":\"EntryPoint\",\"urlTemplate\":\"https:\/\/testwebsite.upevents.nl\/?s={search_term_string}\"},\"query-input\":{\"@type\":\"PropertyValueSpecification\",\"valueRequired\":true,\"valueName\":\"search_term_string\"}}],\"inLanguage\":\"hu\"},{\"@type\":[\"Organization\",\"Place\"],\"@id\":\"https:\/\/testwebsite.upevents.nl\/#organization\",\"name\":\"City Game\",\"alternateName\":\"citygame.com\",\"url\":\"https:\/\/testwebsite.upevents.nl\/\",\"logo\":{\"@id\":\"https:\/\/testwebsite.citygame.com\/hu\/games\/al-hoceima\/sherlock-holmes-al-hoceima\/#local-main-organization-logo\"},\"image\":{\"@id\":\"https:\/\/testwebsite.citygame.com\/hu\/games\/al-hoceima\/sherlock-holmes-al-hoceima\/#local-main-organization-logo\"},\"sameAs\":[\"https:\/\/www.facebook.com\/profile.php?id=100086426226253\",\"https:\/\/www.instagram.com\/citygame_com\",\"https:\/\/www.tiktok.com\/@citygamecom\/\",\"https:\/\/www.linkedin.com\/company\/citygame-com\"],\"description\":\"Turn any city into a playground with our interactive City Games and self-guided tours. Fun, flexible, and ideal for groups and team building.\",\"telephone\":[],\"openingHoursSpecification\":[{\"@type\":\"OpeningHoursSpecification\",\"dayOfWeek\":[\"Monday\",\"Tuesday\",\"Wednesday\",\"Thursday\",\"Friday\",\"Saturday\",\"Sunday\"],\"opens\":\"09:00\",\"closes\":\"17:00\"}]},{\"@type\":\"ImageObject\",\"inLanguage\":\"hu\",\"@id\":\"https:\/\/testwebsite.citygame.com\/hu\/games\/al-hoceima\/sherlock-holmes-al-hoceima\/#local-main-organization-logo\",\"url\":\"https:\/\/testwebsite.citygame.com\/wp-content\/blogs.dir\/1\/files\/sites\/62\/2025\/10\/CG_LOGO-City-Game.png\",\"contentUrl\":\"https:\/\/testwebsite.citygame.com\/wp-content\/blogs.dir\/1\/files\/sites\/62\/2025\/10\/CG_LOGO-City-Game.png\",\"width\":351,\"height\":377,\"caption\":\"City Game\"}]}<\/script>\n<!-- \/ Yoast SEO Premium plugin. -->","yoast_head_json":{"title":"Sherlock Holmes Al Hoceima - City Game","description":"Sherlock Holmes Al Hoceima. J\u00e1tssz egy \u00f6nvez\u00e9relt gyilkoss\u00e1gi rejt\u00e9ly V\u00e1rosi J\u00e1t\u00e9kot, oldj meg rejtv\u00e9nyeket, k\u00f6vess nyomokat \u00e9s leplezd le a gyilkost a saj\u00e1t temp\u00f3dban!","robots":{"index":"noindex","follow":"follow","max-snippet":"max-snippet:-1","max-image-preview":"max-image-preview:large","max-video-preview":"max-video-preview:-1"},"og_locale":"hu_HU","og_type":"article","og_title":"Sherlock Holmes Al Hoceima","og_description":"Sherlock Holmes Al Hoceima. J\u00e1tssz egy \u00f6nvez\u00e9relt gyilkoss\u00e1gi rejt\u00e9ly V\u00e1rosi J\u00e1t\u00e9kot, oldj meg rejtv\u00e9nyeket, k\u00f6vess nyomokat \u00e9s leplezd le a gyilkost a saj\u00e1t temp\u00f3dban!","og_url":"https:\/\/testwebsite.citygame.com\/hu\/games\/al-hoceima\/sherlock-holmes-al-hoceima\/","og_site_name":"City Game","article_publisher":"https:\/\/www.facebook.com\/profile.php?id=100086426226253","article_modified_time":"2026-04-08T17:42:51+00:00","og_image":[{"width":1024,"height":1024,"url":"https:\/\/testwebsite.citygame.com\/wp-content\/blogs.dir\/1\/files\/sites\/62\/2026\/03\/city-game-player-bruges-church-of-our-lady.jpg","type":"image\/jpeg"}],"twitter_card":"summary_large_image","twitter_misc":{"Becs\u00fclt olvas\u00e1si id\u0151":"1 perc"},"schema":{"@context":"https:\/\/schema.org","@graph":[{"@type":"WebPage","@id":"https:\/\/testwebsite.citygame.com\/hu\/games\/al-hoceima\/sherlock-holmes-al-hoceima\/","url":"https:\/\/testwebsite.citygame.com\/hu\/games\/al-hoceima\/sherlock-holmes-al-hoceima\/","name":"Sherlock Holmes Al Hoceima - City Game","isPartOf":{"@id":"https:\/\/testwebsite.upevents.nl\/#website"},"primaryImageOfPage":{"@id":"https:\/\/testwebsite.citygame.com\/hu\/games\/al-hoceima\/sherlock-holmes-al-hoceima\/#primaryimage"},"image":{"@id":"https:\/\/testwebsite.citygame.com\/hu\/games\/al-hoceima\/sherlock-holmes-al-hoceima\/#primaryimage"},"thumbnailUrl":"https:\/\/testwebsite.citygame.com\/wp-content\/blogs.dir\/1\/files\/sites\/62\/2026\/03\/city-game-player-bruges-church-of-our-lady.jpg","datePublished":"2026-03-13T14:40:51+00:00","dateModified":"2026-04-08T17:42:51+00:00","description":"Sherlock Holmes Al Hoceima. J\u00e1tssz egy \u00f6nvez\u00e9relt gyilkoss\u00e1gi rejt\u00e9ly V\u00e1rosi J\u00e1t\u00e9kot, oldj meg rejtv\u00e9nyeket, k\u00f6vess nyomokat \u00e9s leplezd le a gyilkost a saj\u00e1t temp\u00f3dban!","breadcrumb":{"@id":"https:\/\/testwebsite.citygame.com\/hu\/games\/al-hoceima\/sherlock-holmes-al-hoceima\/#breadcrumb"},"inLanguage":"hu","potentialAction":[{"@type":"ReadAction","target":["https:\/\/testwebsite.citygame.com\/hu\/games\/al-hoceima\/sherlock-holmes-al-hoceima\/"]}]},{"@type":"ImageObject","inLanguage":"hu","@id":"https:\/\/testwebsite.citygame.com\/hu\/games\/al-hoceima\/sherlock-holmes-al-hoceima\/#primaryimage","url":"https:\/\/testwebsite.citygame.com\/wp-content\/blogs.dir\/1\/files\/sites\/62\/2026\/03\/city-game-player-bruges-church-of-our-lady.jpg","contentUrl":"https:\/\/testwebsite.citygame.com\/wp-content\/blogs.dir\/1\/files\/sites\/62\/2026\/03\/city-game-player-bruges-church-of-our-lady.jpg","width":1024,"height":1024,"caption":"A tourist explores the historic streets of Bruges, Belgium, while playing a game on a smartphone."},{"@type":"BreadcrumbList","@id":"https:\/\/testwebsite.citygame.com\/hu\/games\/al-hoceima\/sherlock-holmes-al-hoceima\/#breadcrumb","itemListElement":[{"@type":"ListItem","position":1,"name":"Home","item":"https:\/\/testwebsite.citygame.com\/hu\/"},{"@type":"ListItem","position":2,"name":"Shop","item":"https:\/\/testwebsite.citygame.com\/shop\/"},{"@type":"ListItem","position":3,"name":"Sherlock Holmes Al Hoceima"}]},{"@type":"WebSite","@id":"https:\/\/testwebsite.upevents.nl\/#website","url":"https:\/\/testwebsite.upevents.nl\/","name":"City Game","description":"","publisher":{"@id":"https:\/\/testwebsite.upevents.nl\/#organization"},"alternateName":"citygame.com","potentialAction":[{"@type":"SearchAction","target":{"@type":"EntryPoint","urlTemplate":"https:\/\/testwebsite.upevents.nl\/?s={search_term_string}"},"query-input":{"@type":"PropertyValueSpecification","valueRequired":true,"valueName":"search_term_string"}}],"inLanguage":"hu"},{"@type":["Organization","Place"],"@id":"https:\/\/testwebsite.upevents.nl\/#organization","name":"City Game","alternateName":"citygame.com","url":"https:\/\/testwebsite.upevents.nl\/","logo":{"@id":"https:\/\/testwebsite.citygame.com\/hu\/games\/al-hoceima\/sherlock-holmes-al-hoceima\/#local-main-organization-logo"},"image":{"@id":"https:\/\/testwebsite.citygame.com\/hu\/games\/al-hoceima\/sherlock-holmes-al-hoceima\/#local-main-organization-logo"},"sameAs":["https:\/\/www.facebook.com\/profile.php?id=100086426226253","https:\/\/www.instagram.com\/citygame_com","https:\/\/www.tiktok.com\/@citygamecom\/","https:\/\/www.linkedin.com\/company\/citygame-com"],"description":"Turn any city into a playground with our interactive City Games and self-guided tours. Fun, flexible, and ideal for groups and team building.","telephone":[],"openingHoursSpecification":[{"@type":"OpeningHoursSpecification","dayOfWeek":["Monday","Tuesday","Wednesday","Thursday","Friday","Saturday","Sunday"],"opens":"09:00","closes":"17:00"}]},{"@type":"ImageObject","inLanguage":"hu","@id":"https:\/\/testwebsite.citygame.com\/hu\/games\/al-hoceima\/sherlock-holmes-al-hoceima\/#local-main-organization-logo","url":"https:\/\/testwebsite.citygame.com\/wp-content\/blogs.dir\/1\/files\/sites\/62\/2025\/10\/CG_LOGO-City-Game.png","contentUrl":"https:\/\/testwebsite.citygame.com\/wp-content\/blogs.dir\/1\/files\/sites\/62\/2025\/10\/CG_LOGO-City-Game.png","width":351,"height":377,"caption":"City Game"}]}},"taxonomy_info":{"game-concept":[{"value":776,"label":"Sherlock"}],"location":[{"value":58,"label":"Al hoceima"}],"product_cat":[{"value":27,"label":"Geen categorie"}]},"featured_image_src_large":["https:\/\/testwebsite.citygame.com\/wp-content\/blogs.dir\/1\/files\/sites\/62\/2026\/03\/city-game-player-bruges-church-of-our-lady.jpg",1024,1024,false],"author_info":[],"comment_info":"","_links":{"self":[{"href":"https:\/\/testwebsite.citygame.com\/hu\/wp-json\/wp\/v2\/product\/66106","targetHints":{"allow":["GET"]}}],"collection":[{"href":"https:\/\/testwebsite.citygame.com\/hu\/wp-json\/wp\/v2\/product"}],"about":[{"href":"https:\/\/testwebsite.citygame.com\/hu\/wp-json\/wp\/v2\/types\/product"}],"acf:post":[{"embeddable":true,"href":"https:\/\/testwebsite.citygame.com\/hu\/wp-json\/wp\/v2\/pages\/15770"}],"wp:featuredmedia":[{"embeddable":true,"href":"https:\/\/testwebsite.citygame.com\/hu\/wp-json\/wp\/v2\/media\/18690"}],"wp:attachment":[{"href":"https:\/\/testwebsite.citygame.com\/hu\/wp-json\/wp\/v2\/media?parent=66106"}],"wp:term":[{"taxonomy":"game-concept","embeddable":true,"href":"https:\/\/testwebsite.citygame.com\/hu\/wp-json\/wp\/v2\/game-concept?post=66106"},{"taxonomy":"location","embeddable":true,"href":"https:\/\/testwebsite.citygame.com\/hu\/wp-json\/wp\/v2\/location?post=66106"},{"taxonomy":"product_brand","embeddable":true,"href":"https:\/\/testwebsite.citygame.com\/hu\/wp-json\/wp\/v2\/product_brand?post=66106"},{"taxonomy":"product_cat","embeddable":true,"href":"https:\/\/testwebsite.citygame.com\/hu\/wp-json\/wp\/v2\/product_cat?post=66106"},{"taxonomy":"product_tag","embeddable":true,"href":"https:\/\/testwebsite.citygame.com\/hu\/wp-json\/wp\/v2\/product_tag?post=66106"}],"curies":[{"name":"wp","href":"https:\/\/api.w.org\/{rel}","templated":true}]}}