{"id":65023,"date":"2026-02-06T12:32:03","date_gmt":"2026-02-06T12:32:03","guid":{"rendered":"https:\/\/testwebsite.citygame.com\/games\/unknown-location\/sherlock-holmes-deventer\/"},"modified":"2026-04-08T15:10:43","modified_gmt":"2026-04-08T15:10:43","slug":"sherlock-holmes-deventer","status":"publish","type":"product","link":"https:\/\/testwebsite.citygame.com\/hu\/games\/deventer\/sherlock-holmes-deventer\/","title":{"rendered":"Sherlock Holmes Deventer"},"content":{"rendered":"<p>L\u00e9pjen egy detekt\u00edv b\u0151r\u00e9be *The Sherlock Holmes City Game in the historic city centre of Deventer* keret\u00e9ben, egy \u00f6nvezet\u0151, t\u00f6rt\u00e9netk\u00f6zpont\u00fa gyilkoss\u00e1gi rejt\u00e9lyes \u00e9lm\u00e9nyben. Mik\u00f6zben egy sokkol\u00f3 gyilkoss\u00e1got vizsg\u00e1l, amely a Liberty Festival idej\u00e9n t\u00f6rt\u00e9nt, Deventer utc\u00e1i egy kibontakoz\u00f3 narrat\u00edva h\u00e1tter\u00e9v\u00e9 v\u00e1lnak, tele fordulatokkal \u00e9s intrik\u00e1kkal. K\u00f6vesse a nyomokat, oldjon meg rejtv\u00e9nyeket, \u00e9s hallgasson ki digit\u00e1lis gyan\u00fas\u00edtottakat a saj\u00e1t temp\u00f3j\u00e1ban, teljesen elmer\u00fclve Sherlock Holmes vil\u00e1g\u00e1ban, mik\u00f6zben az \u00fcgy m\u00e9lyebbre viszi \u00d6nt a rejt\u00e9lybe.<\/p>\n","protected":false},"excerpt":{"rendered":"<p>L\u00e9pjen Sherlock Holmes okos cip\u0151j\u00e9be, \u00e9s induljon el egy leny\u0171g\u00f6z\u0151, \u00f6nvezet\u0151 gyilkoss\u00e1gi rejt\u00e9lyre Deventer sz\u00edv\u00e9ben. Fejtse meg a rejt\u00e9lyes nyomokat, birk\u00f3zzon meg az izgalmas rejtv\u00e9nyekkel, \u00e9s dolgozzon egy\u00fctt csapat\u00e1val, hogy felfedje az igazs\u00e1got &#8211; de ne feledje, az id\u0151 p\u00e9nz!<\/p>\n","protected":false},"featured_media":11282,"template":"","meta":{"_acf_changed":false,"_yoast_wpseo_focuskw":"Sherlock Holmes Deventer","_yoast_wpseo_metadesc":"Sherlock Holmes Deventer. J\u00e1tsszon egy \u00f6nvezet\u0151 gyilkoss\u00e1gi rejt\u00e9lyes V\u00e1rosi J\u00e1t\u00e9kot, oldjon meg rejtv\u00e9nyeket, k\u00f6vesse a nyomokat, \u00e9s fedje fel a gyilkost a saj\u00e1t temp\u00f3j\u00e1ban!","_kad_blocks_custom_css":"","_kad_blocks_head_custom_js":"","_kad_blocks_body_custom_js":"","_kad_blocks_footer_custom_js":"","ghostkit_customizer_options":"","ghostkit_custom_css":"","ghostkit_custom_js_head":"","ghostkit_custom_js_foot":"","ghostkit_typography":"","_kad_post_transparent":"","_kad_post_title":"","_kad_post_layout":"","_kad_post_sidebar_id":"","_kad_post_content_style":"","_kad_post_vertical_padding":"","_kad_post_feature":"","_kad_post_feature_position":"","_kad_post_header":false,"_kad_post_footer":false,"_kad_post_classname":"","_links_to":"","_links_to_target":""},"game-concept":[776],"location":[141],"product_brand":[],"product_cat":[27],"product_tag":[],"class_list":{"0":"post-65023","1":"product","2":"type-product","3":"status-publish","4":"has-post-thumbnail","6":"game-concept-sherlock","7":"location-deventer","8":"product_cat-geen-categorie","10":"first","11":"instock","12":"shipping-taxable","13":"purchasable","14":"product-type-simple","15":"entry","16":"content-bg","17":"loop-entry"},"acf":{"full_bokun_product_name":"Deventer Self-Guided Sherlock Holmes Murder Mystery Game","location_name":"Deventer","bokun_calendar_widget_code":"<script type=\"text\/javascript\" src=\"https:\/\/widgets.bokun.io\/assets\/javascripts\/apps\/build\/BokunWidgetsLoader.js?bookingChannelUUID=a1e93e96-5232-4734-a595-28405f4b5a31\" async><\/script>\n     \n    <div class=\"bokunWidget\" data-src=\"https:\/\/widgets.bokun.io\/online-sales\/a1e93e96-5232-4734-a595-28405f4b5a31\/experience-calendar\/737031\"><\/div>\n    <noscript>Please enable javascript in your browser to book<\/noscript>","bokun_button_widget_code":"<script type=\"text\/javascript\" src=\"https:\/\/widgets.bokun.io\/assets\/javascripts\/apps\/build\/BokunWidgetsLoader.js?bookingChannelUUID=a1e93e96-5232-4734-a595-28405f4b5a31\" async><\/script>\n      <style> #bokun_ed001e45_5927_4f62_b470_ca766338d083 { display: inline-block; padding: .4em 1em; background: #47b82e; border-radius: 999999px; box-shadow: none; font-weight: 600; font-size: 24px; text-decoration: none; text-align: center; color: #FFFFFF; border:none; cursor: pointer; transition: background .2s ease; } #bokun_ed001e45_5927_4f62_b470_ca766338d083:hover{ background: #2f7b1f; } #bokun_ed001e45_5927_4f62_b470_ca766338d083:active{ background: #378f24; } <\/style> <button class=\"bokunButton\" disabled id=bokun_ed001e45_5927_4f62_b470_ca766338d083 data-src=\"https:\/\/widgets.bokun.io\/online-sales\/a1e93e96-5232-4734-a595-28405f4b5a31\/experience-calendar\/737031?partialView=1\" data-testid=\"widget-book-button\" > Book now <\/button> ","what_you\u2019ll_experience_during_the_game":"Ahogy bel\u00e9p egy mag\u00e1val ragad\u00f3 detekt\u00edvt\u00f6rt\u00e9netbe, amely Deventerben j\u00e1tsz\u00f3dik, egy rejt\u00e9lyes gyilkoss\u00e1gi \u00fcgybe cs\u00f6ppen, amely a Liberty Festival idej\u00e9n t\u00f6rt\u00e9nt. A v\u00e1ros a h\u00e1ttere, a nyomoz\u00e1s l\u00e9p\u00e9sr\u0151l l\u00e9p\u00e9sre bontakozik ki, titkokkal \u00e9s megv\u00e1laszolatlan k\u00e9rd\u00e9sekkel teli utc\u00e1kon vezetve kereszt\u00fcl. Az \u00e9lm\u00e9ny teljesen t\u00f6rt\u00e9netk\u00f6zpont\u00fa, az els\u0151 nyomt\u00f3l a v\u00e9gs\u0151 felfed\u00e9sig lek\u00f6tve az elm\u00e9j\u00e9t, arra \u00f6szt\u00f6n\u00f6zve, hogy \u00e9szrevegyen minden r\u00e9szletet, m\u00e9rlegeljen minden \u00e1ll\u00edt\u00e1st \u00e9s megk\u00e9rd\u0151jelezzen minden ind\u00edt\u00e9kot.\n\n\u00datk\u00f6zben rejtett nyomokat fedez fel, \u00f6sszetett rejtv\u00e9nyeket old meg, \u00e9s v\u00e1ratlan fordulatokkal tal\u00e1lkozik, amelyek pr\u00f3b\u00e1ra teszik \u00f6szt\u00f6neit. Kik\u00e9rdez digit\u00e1lis gyan\u00fas\u00edtottakat, elemzi az alibiket \u00e9s megfejti az ellentmond\u00e1sokat, mik\u00f6zben \u00f6ssze\u00e1ll\u00edtja, mi is t\u00f6rt\u00e9nt val\u00f3j\u00e1ban. Minden v\u00e1laszt\u00e1s \u00e9les\u00edti a megfigyel\u00e9si, logikai k\u00f6vetkeztet\u00e9si \u00e9s kritikus gondolkod\u00e1si k\u00e9szs\u00e9geit. \u00d6n szab\u00e1lyozza a nyomoz\u00e1s temp\u00f3j\u00e1t \u2013 sz\u00fcneteltesse, ha sz\u00fcks\u00e9ges, \u00e9s folytassa, amikor k\u00e9szen \u00e1ll. Ha csapatban oldja meg a rejt\u00e9lyt, ak\u00e1r versenyel\u0151nyre is szert tehet abban, hogy gyorsabban der\u00edti fel az igazs\u00e1got, mint a t\u00f6bbiek.","how_to_play":"Dolgozzon egyed\u00fcl vagy bar\u00e1taival, csal\u00e1dj\u00e1val vagy koll\u00e9g\u00e1ival legfeljebb n\u00e9gyf\u0151s csapatokban, eszk\u00f6z\u00f6nk\u00e9nt. A foglal\u00e1s ut\u00e1n kap egy utas\u00edt\u00e1sokat tartalmaz\u00f3 e-mailt mindennel, amire sz\u00fcks\u00e9ge van.","start_location":"Stationsplein","available_languages":["en","es","fr","de","it","nl"],"players_per_group":"1-4","duration":"1.5-2 hours","image_overlay_color_image":"https:\/\/testwebsite.citygame.com\/wp-content\/blogs.dir\/1\/files\/sites\/62\/2026\/01\/SherlockColor.svg","image_overlay_game_logo":"https:\/\/testwebsite.citygame.com\/wp-content\/blogs.dir\/1\/files\/sites\/62\/2026\/01\/SherlockLogo.png","city_page":4833,"woocommerce_general_content":null},"yoast_head":"<!-- This site is optimized with the Yoast SEO Premium plugin v26.2 (Yoast SEO v26.3) - https:\/\/yoast.com\/wordpress\/plugins\/seo\/ -->\n<title>Sherlock Holmes Deventer - City Game<\/title>\n<meta name=\"description\" content=\"Sherlock Holmes Deventer. J\u00e1tsszon egy \u00f6nvezet\u0151 gyilkoss\u00e1gi rejt\u00e9lyes V\u00e1rosi J\u00e1t\u00e9kot, oldjon meg rejtv\u00e9nyeket, k\u00f6vesse a nyomokat, \u00e9s fedje fel a gyilkost a saj\u00e1t temp\u00f3j\u00e1ban!\" \/>\n<meta name=\"robots\" content=\"noindex, follow, max-snippet:-1, max-image-preview:large, max-video-preview:-1\" \/>\n<meta property=\"og:locale\" content=\"hu_HU\" \/>\n<meta property=\"og:type\" content=\"article\" \/>\n<meta property=\"og:title\" content=\"Sherlock Holmes Deventer\" \/>\n<meta property=\"og:description\" content=\"Sherlock Holmes Deventer. J\u00e1tsszon egy \u00f6nvezet\u0151 gyilkoss\u00e1gi rejt\u00e9lyes V\u00e1rosi J\u00e1t\u00e9kot, oldjon meg rejtv\u00e9nyeket, k\u00f6vesse a nyomokat, \u00e9s fedje fel a gyilkost a saj\u00e1t temp\u00f3j\u00e1ban!\" \/>\n<meta property=\"og:url\" content=\"https:\/\/testwebsite.citygame.com\/hu\/games\/deventer\/sherlock-holmes-deventer\/\" \/>\n<meta property=\"og:site_name\" content=\"City Game\" \/>\n<meta property=\"article:publisher\" content=\"https:\/\/www.facebook.com\/profile.php?id=100086426226253\" \/>\n<meta property=\"article:modified_time\" content=\"2026-04-08T15:10:43+00:00\" \/>\n<meta property=\"og:image\" content=\"https:\/\/testwebsite.citygame.com\/wp-content\/blogs.dir\/1\/files\/sites\/62\/2026\/02\/group-of-women-playing-city-game-deventer.jpg\" \/>\n\t<meta property=\"og:image:width\" content=\"1344\" \/>\n\t<meta property=\"og:image:height\" content=\"768\" \/>\n\t<meta property=\"og:image:type\" content=\"image\/jpeg\" \/>\n<meta name=\"twitter:card\" content=\"summary_large_image\" \/>\n<meta name=\"twitter:label1\" content=\"Becs\u00fclt olvas\u00e1si id\u0151\" \/>\n\t<meta name=\"twitter:data1\" content=\"1 perc\" \/>\n<script type=\"application\/ld+json\" class=\"yoast-schema-graph\">{\"@context\":\"https:\/\/schema.org\",\"@graph\":[{\"@type\":\"WebPage\",\"@id\":\"https:\/\/testwebsite.citygame.com\/hu\/games\/deventer\/sherlock-holmes-deventer\/\",\"url\":\"https:\/\/testwebsite.citygame.com\/hu\/games\/deventer\/sherlock-holmes-deventer\/\",\"name\":\"Sherlock Holmes Deventer - City Game\",\"isPartOf\":{\"@id\":\"https:\/\/testwebsite.upevents.nl\/#website\"},\"primaryImageOfPage\":{\"@id\":\"https:\/\/testwebsite.citygame.com\/hu\/games\/deventer\/sherlock-holmes-deventer\/#primaryimage\"},\"image\":{\"@id\":\"https:\/\/testwebsite.citygame.com\/hu\/games\/deventer\/sherlock-holmes-deventer\/#primaryimage\"},\"thumbnailUrl\":\"https:\/\/testwebsite.citygame.com\/wp-content\/blogs.dir\/1\/files\/sites\/62\/2026\/02\/group-of-women-playing-city-game-deventer.jpg\",\"datePublished\":\"2026-02-06T12:32:03+00:00\",\"dateModified\":\"2026-04-08T15:10:43+00:00\",\"description\":\"Sherlock Holmes Deventer. J\u00e1tsszon egy \u00f6nvezet\u0151 gyilkoss\u00e1gi rejt\u00e9lyes V\u00e1rosi J\u00e1t\u00e9kot, oldjon meg rejtv\u00e9nyeket, k\u00f6vesse a nyomokat, \u00e9s fedje fel a gyilkost a saj\u00e1t temp\u00f3j\u00e1ban!\",\"breadcrumb\":{\"@id\":\"https:\/\/testwebsite.citygame.com\/hu\/games\/deventer\/sherlock-holmes-deventer\/#breadcrumb\"},\"inLanguage\":\"hu\",\"potentialAction\":[{\"@type\":\"ReadAction\",\"target\":[\"https:\/\/testwebsite.citygame.com\/hu\/games\/deventer\/sherlock-holmes-deventer\/\"]}]},{\"@type\":\"ImageObject\",\"inLanguage\":\"hu\",\"@id\":\"https:\/\/testwebsite.citygame.com\/hu\/games\/deventer\/sherlock-holmes-deventer\/#primaryimage\",\"url\":\"https:\/\/testwebsite.citygame.com\/wp-content\/blogs.dir\/1\/files\/sites\/62\/2026\/02\/group-of-women-playing-city-game-deventer.jpg\",\"contentUrl\":\"https:\/\/testwebsite.citygame.com\/wp-content\/blogs.dir\/1\/files\/sites\/62\/2026\/02\/group-of-women-playing-city-game-deventer.jpg\",\"width\":1344,\"height\":768,\"caption\":\"A group of friends work together to solve a puzzle on a smartphone in Deventer.\"},{\"@type\":\"BreadcrumbList\",\"@id\":\"https:\/\/testwebsite.citygame.com\/hu\/games\/deventer\/sherlock-holmes-deventer\/#breadcrumb\",\"itemListElement\":[{\"@type\":\"ListItem\",\"position\":1,\"name\":\"Home\",\"item\":\"https:\/\/testwebsite.citygame.com\/hu\/\"},{\"@type\":\"ListItem\",\"position\":2,\"name\":\"Shop\",\"item\":\"https:\/\/testwebsite.citygame.com\/shop\/\"},{\"@type\":\"ListItem\",\"position\":3,\"name\":\"Sherlock Holmes Deventer\"}]},{\"@type\":\"WebSite\",\"@id\":\"https:\/\/testwebsite.upevents.nl\/#website\",\"url\":\"https:\/\/testwebsite.upevents.nl\/\",\"name\":\"City Game\",\"description\":\"\",\"publisher\":{\"@id\":\"https:\/\/testwebsite.upevents.nl\/#organization\"},\"alternateName\":\"citygame.com\",\"potentialAction\":[{\"@type\":\"SearchAction\",\"target\":{\"@type\":\"EntryPoint\",\"urlTemplate\":\"https:\/\/testwebsite.upevents.nl\/?s={search_term_string}\"},\"query-input\":{\"@type\":\"PropertyValueSpecification\",\"valueRequired\":true,\"valueName\":\"search_term_string\"}}],\"inLanguage\":\"hu\"},{\"@type\":[\"Organization\",\"Place\"],\"@id\":\"https:\/\/testwebsite.upevents.nl\/#organization\",\"name\":\"City Game\",\"alternateName\":\"citygame.com\",\"url\":\"https:\/\/testwebsite.upevents.nl\/\",\"logo\":{\"@id\":\"https:\/\/testwebsite.citygame.com\/hu\/games\/deventer\/sherlock-holmes-deventer\/#local-main-organization-logo\"},\"image\":{\"@id\":\"https:\/\/testwebsite.citygame.com\/hu\/games\/deventer\/sherlock-holmes-deventer\/#local-main-organization-logo\"},\"sameAs\":[\"https:\/\/www.facebook.com\/profile.php?id=100086426226253\",\"https:\/\/www.instagram.com\/citygame_com\",\"https:\/\/www.tiktok.com\/@citygamecom\/\",\"https:\/\/www.linkedin.com\/company\/citygame-com\"],\"description\":\"Turn any city into a playground with our interactive City Games and self-guided tours. Fun, flexible, and ideal for groups and team building.\",\"telephone\":[],\"openingHoursSpecification\":[{\"@type\":\"OpeningHoursSpecification\",\"dayOfWeek\":[\"Monday\",\"Tuesday\",\"Wednesday\",\"Thursday\",\"Friday\",\"Saturday\",\"Sunday\"],\"opens\":\"09:00\",\"closes\":\"17:00\"}]},{\"@type\":\"ImageObject\",\"inLanguage\":\"hu\",\"@id\":\"https:\/\/testwebsite.citygame.com\/hu\/games\/deventer\/sherlock-holmes-deventer\/#local-main-organization-logo\",\"url\":\"https:\/\/testwebsite.citygame.com\/wp-content\/blogs.dir\/1\/files\/sites\/62\/2025\/10\/CG_LOGO-City-Game.png\",\"contentUrl\":\"https:\/\/testwebsite.citygame.com\/wp-content\/blogs.dir\/1\/files\/sites\/62\/2025\/10\/CG_LOGO-City-Game.png\",\"width\":351,\"height\":377,\"caption\":\"City Game\"}]}<\/script>\n<!-- \/ Yoast SEO Premium plugin. -->","yoast_head_json":{"title":"Sherlock Holmes Deventer - City Game","description":"Sherlock Holmes Deventer. J\u00e1tsszon egy \u00f6nvezet\u0151 gyilkoss\u00e1gi rejt\u00e9lyes V\u00e1rosi J\u00e1t\u00e9kot, oldjon meg rejtv\u00e9nyeket, k\u00f6vesse a nyomokat, \u00e9s fedje fel a gyilkost a saj\u00e1t temp\u00f3j\u00e1ban!","robots":{"index":"noindex","follow":"follow","max-snippet":"max-snippet:-1","max-image-preview":"max-image-preview:large","max-video-preview":"max-video-preview:-1"},"og_locale":"hu_HU","og_type":"article","og_title":"Sherlock Holmes Deventer","og_description":"Sherlock Holmes Deventer. J\u00e1tsszon egy \u00f6nvezet\u0151 gyilkoss\u00e1gi rejt\u00e9lyes V\u00e1rosi J\u00e1t\u00e9kot, oldjon meg rejtv\u00e9nyeket, k\u00f6vesse a nyomokat, \u00e9s fedje fel a gyilkost a saj\u00e1t temp\u00f3j\u00e1ban!","og_url":"https:\/\/testwebsite.citygame.com\/hu\/games\/deventer\/sherlock-holmes-deventer\/","og_site_name":"City Game","article_publisher":"https:\/\/www.facebook.com\/profile.php?id=100086426226253","article_modified_time":"2026-04-08T15:10:43+00:00","og_image":[{"width":1344,"height":768,"url":"https:\/\/testwebsite.citygame.com\/wp-content\/blogs.dir\/1\/files\/sites\/62\/2026\/02\/group-of-women-playing-city-game-deventer.jpg","type":"image\/jpeg"}],"twitter_card":"summary_large_image","twitter_misc":{"Becs\u00fclt olvas\u00e1si id\u0151":"1 perc"},"schema":{"@context":"https:\/\/schema.org","@graph":[{"@type":"WebPage","@id":"https:\/\/testwebsite.citygame.com\/hu\/games\/deventer\/sherlock-holmes-deventer\/","url":"https:\/\/testwebsite.citygame.com\/hu\/games\/deventer\/sherlock-holmes-deventer\/","name":"Sherlock Holmes Deventer - City Game","isPartOf":{"@id":"https:\/\/testwebsite.upevents.nl\/#website"},"primaryImageOfPage":{"@id":"https:\/\/testwebsite.citygame.com\/hu\/games\/deventer\/sherlock-holmes-deventer\/#primaryimage"},"image":{"@id":"https:\/\/testwebsite.citygame.com\/hu\/games\/deventer\/sherlock-holmes-deventer\/#primaryimage"},"thumbnailUrl":"https:\/\/testwebsite.citygame.com\/wp-content\/blogs.dir\/1\/files\/sites\/62\/2026\/02\/group-of-women-playing-city-game-deventer.jpg","datePublished":"2026-02-06T12:32:03+00:00","dateModified":"2026-04-08T15:10:43+00:00","description":"Sherlock Holmes Deventer. J\u00e1tsszon egy \u00f6nvezet\u0151 gyilkoss\u00e1gi rejt\u00e9lyes V\u00e1rosi J\u00e1t\u00e9kot, oldjon meg rejtv\u00e9nyeket, k\u00f6vesse a nyomokat, \u00e9s fedje fel a gyilkost a saj\u00e1t temp\u00f3j\u00e1ban!","breadcrumb":{"@id":"https:\/\/testwebsite.citygame.com\/hu\/games\/deventer\/sherlock-holmes-deventer\/#breadcrumb"},"inLanguage":"hu","potentialAction":[{"@type":"ReadAction","target":["https:\/\/testwebsite.citygame.com\/hu\/games\/deventer\/sherlock-holmes-deventer\/"]}]},{"@type":"ImageObject","inLanguage":"hu","@id":"https:\/\/testwebsite.citygame.com\/hu\/games\/deventer\/sherlock-holmes-deventer\/#primaryimage","url":"https:\/\/testwebsite.citygame.com\/wp-content\/blogs.dir\/1\/files\/sites\/62\/2026\/02\/group-of-women-playing-city-game-deventer.jpg","contentUrl":"https:\/\/testwebsite.citygame.com\/wp-content\/blogs.dir\/1\/files\/sites\/62\/2026\/02\/group-of-women-playing-city-game-deventer.jpg","width":1344,"height":768,"caption":"A group of friends work together to solve a puzzle on a smartphone in Deventer."},{"@type":"BreadcrumbList","@id":"https:\/\/testwebsite.citygame.com\/hu\/games\/deventer\/sherlock-holmes-deventer\/#breadcrumb","itemListElement":[{"@type":"ListItem","position":1,"name":"Home","item":"https:\/\/testwebsite.citygame.com\/hu\/"},{"@type":"ListItem","position":2,"name":"Shop","item":"https:\/\/testwebsite.citygame.com\/shop\/"},{"@type":"ListItem","position":3,"name":"Sherlock Holmes Deventer"}]},{"@type":"WebSite","@id":"https:\/\/testwebsite.upevents.nl\/#website","url":"https:\/\/testwebsite.upevents.nl\/","name":"City Game","description":"","publisher":{"@id":"https:\/\/testwebsite.upevents.nl\/#organization"},"alternateName":"citygame.com","potentialAction":[{"@type":"SearchAction","target":{"@type":"EntryPoint","urlTemplate":"https:\/\/testwebsite.upevents.nl\/?s={search_term_string}"},"query-input":{"@type":"PropertyValueSpecification","valueRequired":true,"valueName":"search_term_string"}}],"inLanguage":"hu"},{"@type":["Organization","Place"],"@id":"https:\/\/testwebsite.upevents.nl\/#organization","name":"City Game","alternateName":"citygame.com","url":"https:\/\/testwebsite.upevents.nl\/","logo":{"@id":"https:\/\/testwebsite.citygame.com\/hu\/games\/deventer\/sherlock-holmes-deventer\/#local-main-organization-logo"},"image":{"@id":"https:\/\/testwebsite.citygame.com\/hu\/games\/deventer\/sherlock-holmes-deventer\/#local-main-organization-logo"},"sameAs":["https:\/\/www.facebook.com\/profile.php?id=100086426226253","https:\/\/www.instagram.com\/citygame_com","https:\/\/www.tiktok.com\/@citygamecom\/","https:\/\/www.linkedin.com\/company\/citygame-com"],"description":"Turn any city into a playground with our interactive City Games and self-guided tours. Fun, flexible, and ideal for groups and team building.","telephone":[],"openingHoursSpecification":[{"@type":"OpeningHoursSpecification","dayOfWeek":["Monday","Tuesday","Wednesday","Thursday","Friday","Saturday","Sunday"],"opens":"09:00","closes":"17:00"}]},{"@type":"ImageObject","inLanguage":"hu","@id":"https:\/\/testwebsite.citygame.com\/hu\/games\/deventer\/sherlock-holmes-deventer\/#local-main-organization-logo","url":"https:\/\/testwebsite.citygame.com\/wp-content\/blogs.dir\/1\/files\/sites\/62\/2025\/10\/CG_LOGO-City-Game.png","contentUrl":"https:\/\/testwebsite.citygame.com\/wp-content\/blogs.dir\/1\/files\/sites\/62\/2025\/10\/CG_LOGO-City-Game.png","width":351,"height":377,"caption":"City Game"}]}},"taxonomy_info":{"game-concept":[{"value":776,"label":"Sherlock"}],"location":[{"value":141,"label":"Deventer"}],"product_cat":[{"value":27,"label":"Geen categorie"}]},"featured_image_src_large":["https:\/\/testwebsite.citygame.com\/wp-content\/blogs.dir\/1\/files\/sites\/62\/2026\/02\/group-of-women-playing-city-game-deventer-1024x585.jpg",1024,585,true],"author_info":[],"comment_info":"","_links":{"self":[{"href":"https:\/\/testwebsite.citygame.com\/hu\/wp-json\/wp\/v2\/product\/65023","targetHints":{"allow":["GET"]}}],"collection":[{"href":"https:\/\/testwebsite.citygame.com\/hu\/wp-json\/wp\/v2\/product"}],"about":[{"href":"https:\/\/testwebsite.citygame.com\/hu\/wp-json\/wp\/v2\/types\/product"}],"acf:post":[{"embeddable":true,"href":"https:\/\/testwebsite.citygame.com\/hu\/wp-json\/wp\/v2\/pages\/4833"}],"wp:featuredmedia":[{"embeddable":true,"href":"https:\/\/testwebsite.citygame.com\/hu\/wp-json\/wp\/v2\/media\/11282"}],"wp:attachment":[{"href":"https:\/\/testwebsite.citygame.com\/hu\/wp-json\/wp\/v2\/media?parent=65023"}],"wp:term":[{"taxonomy":"game-concept","embeddable":true,"href":"https:\/\/testwebsite.citygame.com\/hu\/wp-json\/wp\/v2\/game-concept?post=65023"},{"taxonomy":"location","embeddable":true,"href":"https:\/\/testwebsite.citygame.com\/hu\/wp-json\/wp\/v2\/location?post=65023"},{"taxonomy":"product_brand","embeddable":true,"href":"https:\/\/testwebsite.citygame.com\/hu\/wp-json\/wp\/v2\/product_brand?post=65023"},{"taxonomy":"product_cat","embeddable":true,"href":"https:\/\/testwebsite.citygame.com\/hu\/wp-json\/wp\/v2\/product_cat?post=65023"},{"taxonomy":"product_tag","embeddable":true,"href":"https:\/\/testwebsite.citygame.com\/hu\/wp-json\/wp\/v2\/product_tag?post=65023"}],"curies":[{"name":"wp","href":"https:\/\/api.w.org\/{rel}","templated":true}]}}