{"id":64120,"date":"2026-01-13T15:28:07","date_gmt":"2026-01-13T15:28:07","guid":{"rendered":"https:\/\/testwebsite.citygame.com\/games\/unknown-location\/secrets-of-schwerin\/"},"modified":"2026-04-08T13:11:00","modified_gmt":"2026-04-08T13:11:00","slug":"secrets-of-schwerin","status":"publish","type":"product","link":"https:\/\/testwebsite.citygame.com\/hu\/games\/schwerin\/secrets-of-schwerin\/","title":{"rendered":"Secrets of Schwerin"},"content":{"rendered":"<p>A Schwerin V\u00e1rosi J\u00e1t\u00e9k egy \u00f6nvezet\u0151 v\u00e1rosi j\u00e1t\u00e9k, amely Schwerin t\u00f6rt\u00e9nelmi k\u00f6zpontj\u00e1ban zajlik. Ez a GPS alap\u00fa j\u00e1t\u00e9k lehet\u0151v\u00e9 teszi a j\u00e1t\u00e9kosoknak, hogy okostelefonjuk seg\u00edts\u00e9g\u00e9vel fedezz\u00e9k fel a v\u00e1rost, mik\u00f6zben rejtv\u00e9nyeket, tal\u00e1l\u00f3s k\u00e9rd\u00e9seket \u00e9s fot\u00f3feladatokat oldanak meg. Ahogy a j\u00e1t\u00e9kosok navig\u00e1lnak a b\u00e1jos utc\u00e1kon, rejtett r\u00e9szleteket fedeznek fel, \u00e9s megismerkednek Schwerin gazdag t\u00f6rt\u00e9nelm\u00e9vel \u00e9s kultur\u00e1lis \u00f6r\u00f6ks\u00e9g\u00e9vel. A felfedez\u0151 j\u00e1t\u00e9k l\u00e1togat\u00f3k \u00e9s helyiek sz\u00e1m\u00e1ra egyar\u00e1nt alkalmas, friss m\u00f3dot k\u00edn\u00e1l a v\u00e1ros megismer\u00e9s\u00e9re. Ak\u00e1r egyed\u00fcl, p\u00e1rban, csal\u00e1ddal vagy bar\u00e1ti t\u00e1rsas\u00e1ggal j\u00e1tsz\u00e1k, a Schwerin V\u00e1rosi J\u00e1t\u00e9k egy lebilincsel\u0151 m\u00f3dja annak, hogy felfedezz\u00e9k a v\u00e1ros nevezetess\u00e9geit \u00e9s kev\u00e9sb\u00e9 ismert zugait.<\/p>\n","protected":false},"excerpt":{"rendered":"<p>Fedezze fel Schwerin titkait! Fedezzen fel egy v\u00e1rost, ahol mesebeli kast\u00e9lyok tal\u00e1lkoznak csillog\u00f3 tavakkal, \u00e9s a macskak\u00f6vek kir\u00e1lyi intrik\u00e1kr\u00f3l suttognak. K\u00f6vesse a nyomokat, hogy seg\u00edtsen Paul Friedrichnek visszaszerezni a szertart\u00e1sos kardot \u00e9s beteljes\u00edteni \u00f6r\u00f6ks\u00e9g\u00e9t!<\/p>\n","protected":false},"featured_media":3809,"template":"","meta":{"_acf_changed":false,"_yoast_wpseo_focuskw":"Secrets of Schwerin","_yoast_wpseo_metadesc":"Secrets of Schwerin. J\u00e1tsszon egy \u00f6nvezet\u0151 v\u00e1rosi j\u00e1t\u00e9kkal, \u00e9s fedezze fel a v\u00e1rost rejtv\u00e9nyeken, tal\u00e1l\u00f3s k\u00e9rd\u00e9seken \u00e9s kih\u00edv\u00e1sokon kereszt\u00fcl. J\u00e1tsszon a saj\u00e1t temp\u00f3j\u00e1ban, \u00e9s fedezze fel a v\u00e1rost, mint egy helyi!","_kad_blocks_custom_css":"","_kad_blocks_head_custom_js":"","_kad_blocks_body_custom_js":"","_kad_blocks_footer_custom_js":"","ghostkit_customizer_options":"","ghostkit_custom_css":"","ghostkit_custom_js_head":"","ghostkit_custom_js_foot":"","ghostkit_typography":"","_kad_post_transparent":"","_kad_post_title":"","_kad_post_layout":"","_kad_post_sidebar_id":"","_kad_post_content_style":"","_kad_post_vertical_padding":"","_kad_post_feature":"","_kad_post_feature_position":"","_kad_post_header":false,"_kad_post_footer":false,"_kad_post_classname":"","_links_to":"","_links_to_target":""},"game-concept":[715],"location":[364],"product_brand":[],"product_cat":[27],"product_tag":[],"class_list":{"0":"post-64120","1":"product","2":"type-product","3":"status-publish","4":"has-post-thumbnail","6":"game-concept-secrets","7":"location-schwerin","8":"product_cat-geen-categorie","10":"first","11":"instock","12":"shipping-taxable","13":"purchasable","14":"product-type-simple","15":"entry","16":"content-bg","17":"loop-entry"},"acf":{"full_bokun_product_name":"Self-Guided Secrets of Schwerin Exploration Game","location_name":"Schwerin","bokun_calendar_widget_code":"<script type=\"text\/javascript\" src=\"https:\/\/widgets.bokun.io\/assets\/javascripts\/apps\/build\/BokunWidgetsLoader.js?bookingChannelUUID=a1e93e96-5232-4734-a595-28405f4b5a31\" async><\/script>\n     \n    <div class=\"bokunWidget\" data-src=\"https:\/\/widgets.bokun.io\/online-sales\/a1e93e96-5232-4734-a595-28405f4b5a31\/experience-calendar\/1072001\"><\/div>\n    <noscript>Please enable javascript in your browser to book<\/noscript>","bokun_button_widget_code":"<script type=\"text\/javascript\" src=\"https:\/\/widgets.bokun.io\/assets\/javascripts\/apps\/build\/BokunWidgetsLoader.js?bookingChannelUUID=a1e93e96-5232-4734-a595-28405f4b5a31\" async><\/script>\n      <style> #bokun_ed001e45_5927_4f62_b470_ca766338d083 { display: inline-block; padding: .4em 1em; background: #47b82e; border-radius: 999999px; box-shadow: none; font-weight: 600; font-size: 24px; text-decoration: none; text-align: center; color: #FFFFFF; border:none; cursor: pointer; transition: background .2s ease; } #bokun_ed001e45_5927_4f62_b470_ca766338d083:hover{ background: #2f7b1f; } #bokun_ed001e45_5927_4f62_b470_ca766338d083:active{ background: #378f24; } <\/style> <button class=\"bokunButton\" disabled id=bokun_ed001e45_5927_4f62_b470_ca766338d083 data-src=\"https:\/\/widgets.bokun.io\/online-sales\/a1e93e96-5232-4734-a595-28405f4b5a31\/experience-calendar\/1072001?partialView=1\" data-testid=\"widget-book-button\" > Book now <\/button> ","what_you\u2019ll_experience_during_the_game":"A Secrets of Schwerin V\u00e1rosi J\u00e1t\u00e9k sor\u00e1n a v\u00e1rost a t\u00f6rt\u00e9netvez\u00e9relt felfedez\u00e9s \u00e9s az interakt\u00edv kih\u00edv\u00e1sok mag\u00e1val ragad\u00f3 kever\u00e9k\u00e9n kereszt\u00fcl fedezheti fel. Ahogy a j\u00e1t\u00e9k v\u00e9gigvezeti \u00d6nt Schwerinen, ikonikus helysz\u00ednek \u00e9s rejtett r\u00e9szletek kever\u00e9k\u00e9vel tal\u00e1lkozik, amelyek a helyi utcak\u00e9pbe sz\u00f6v\u0151dtek. Elhalad olyan nevezetess\u00e9gek mellett, mint a leny\u0171g\u00f6z\u0151 Schwerini Kast\u00e9ly h\u00edd, az eleg\u00e1ns egykori Koll\u00e9giumi \u00c9p\u00fclet \u00e9s a Colonnade \u00c9p\u00fclet k\u00f6zel\u00e9ben tal\u00e1lhat\u00f3 ny\u00fczsg\u0151 piact\u00e9r. \u00datk\u00f6zben olyan hangulatos helyek, mint a Schelfkirche St. Nikolai \u00e9s a v\u00edzparton \u00e1ll\u00f3 bronz 'Schirmkinder' szobrok, m\u00e9g t\u00f6bbet el\u00e1rulnak Schwerin r\u00e9tegzett karakter\u00e9b\u0151l.\n\n\nA j\u00e1t\u00e9k sor\u00e1n nyomokat \u00e9s rejtv\u00e9nyeket old meg, kreat\u00edv fot\u00f3feladatokat v\u00e1llal, \u00e9s tal\u00e1l\u00f3s k\u00e9rd\u00e9seket fejt meg, amelyek seg\u00edtenek egy nagyobb rejt\u00e9lyt megfejteni. Minden teljes\u00edtett kih\u00edv\u00e1s pontokat \u00e9r, tippeket old fel, \u00e9s egy l\u00e9p\u00e9ssel k\u00f6zelebb visz a j\u00e1t\u00e9k megold\u00e1s\u00e1hoz. Ak\u00e1r a nyugodt temp\u00f3t, ak\u00e1r a versenyszellemet kedveli, a j\u00e1t\u00e9k b\u00e1rmikor sz\u00fcneteltethet\u0151, \u00e9s b\u00e1rmikor folytathat\u00f3, amikor k\u00e9szen \u00e1ll. Csoportok \u00e9s egy\u00e9ni j\u00e1t\u00e9kosok sz\u00e1m\u00e1ra egyar\u00e1nt a V\u00e1rosi J\u00e1t\u00e9k egyed\u00fcl\u00e1ll\u00f3 m\u00f3don k\u00edn\u00e1l lehet\u0151s\u00e9get Schwerin felfedez\u00e9s\u00e9re, mik\u00f6zben versenyezhetnek a ranglista \u00e9l\u00e9\u00e9rt is.","how_to_play":"A foglal\u00e1s ut\u00e1n kapni fog egy e-mailt egy k\u00f6zvetlen j\u00e1t\u00e9klinkkel. Egyszer\u0171en menjen a kezd\u0151 helysz\u00ednre, a Schlossbr\u00fcck\u00e9hez, a Schwerini Kast\u00e9ly k\u00f6zel\u00e9be, nyissa meg a linket okostelefonj\u00e1n, \u00e9s kezdje meg a kalandot. Azonnal j\u00e1tszhat, vagy k\u00e9s\u0151bb is elkezdheti, amikor \u00d6nnek k\u00e9nyelmes. Sz\u00fcneteltesse a j\u00e1t\u00e9kot, amikor csak akarja, \u00e9s folytassa, amikor k\u00e9szen \u00e1ll.","start_location":"Schwerin, Schwerin Castle (Schlossbr\u00fccke)","available_languages":[],"players_per_group":"1-4","duration":"1.5-2 hours","image_overlay_color_image":"https:\/\/testwebsite.citygame.com\/wp-content\/blogs.dir\/1\/files\/sites\/62\/2026\/01\/SecretsColor.svg","image_overlay_game_logo":"https:\/\/testwebsite.citygame.com\/wp-content\/blogs.dir\/1\/files\/sites\/62\/2026\/01\/SecretsLogo.png","city_page":8357,"woocommerce_general_content":null},"yoast_head":"<!-- This site is optimized with the Yoast SEO Premium plugin v26.2 (Yoast SEO v26.3) - https:\/\/yoast.com\/wordpress\/plugins\/seo\/ -->\n<title>Secrets of Schwerin - City Game<\/title>\n<meta name=\"description\" content=\"Secrets of Schwerin. J\u00e1tsszon egy \u00f6nvezet\u0151 v\u00e1rosi j\u00e1t\u00e9kkal, \u00e9s fedezze fel a v\u00e1rost rejtv\u00e9nyeken, tal\u00e1l\u00f3s k\u00e9rd\u00e9seken \u00e9s kih\u00edv\u00e1sokon kereszt\u00fcl. J\u00e1tsszon a saj\u00e1t temp\u00f3j\u00e1ban, \u00e9s fedezze fel a v\u00e1rost, mint egy helyi!\" \/>\n<meta name=\"robots\" content=\"noindex, follow, max-snippet:-1, max-image-preview:large, max-video-preview:-1\" \/>\n<meta property=\"og:locale\" content=\"hu_HU\" \/>\n<meta property=\"og:type\" content=\"article\" \/>\n<meta property=\"og:title\" content=\"Secrets of Schwerin\" \/>\n<meta property=\"og:description\" content=\"Secrets of Schwerin. J\u00e1tsszon egy \u00f6nvezet\u0151 v\u00e1rosi j\u00e1t\u00e9kkal, \u00e9s fedezze fel a v\u00e1rost rejtv\u00e9nyeken, tal\u00e1l\u00f3s k\u00e9rd\u00e9seken \u00e9s kih\u00edv\u00e1sokon kereszt\u00fcl. J\u00e1tsszon a saj\u00e1t temp\u00f3j\u00e1ban, \u00e9s fedezze fel a v\u00e1rost, mint egy helyi!\" \/>\n<meta property=\"og:url\" content=\"https:\/\/testwebsite.citygame.com\/hu\/games\/schwerin\/secrets-of-schwerin\/\" \/>\n<meta property=\"og:site_name\" content=\"City Game\" \/>\n<meta property=\"article:publisher\" content=\"https:\/\/www.facebook.com\/profile.php?id=100086426226253\" \/>\n<meta property=\"article:modified_time\" content=\"2026-04-08T13:11:00+00:00\" \/>\n<meta property=\"og:image\" content=\"https:\/\/testwebsite.citygame.com\/wp-content\/blogs.dir\/1\/files\/sites\/62\/2026\/01\/city-game-schwerin-pfaffenteich-players.jpg\" \/>\n\t<meta property=\"og:image:width\" content=\"1024\" \/>\n\t<meta property=\"og:image:height\" content=\"1024\" \/>\n\t<meta property=\"og:image:type\" content=\"image\/jpeg\" \/>\n<meta name=\"twitter:card\" content=\"summary_large_image\" \/>\n<meta name=\"twitter:label1\" content=\"Becs\u00fclt olvas\u00e1si id\u0151\" \/>\n\t<meta name=\"twitter:data1\" content=\"1 perc\" \/>\n<script type=\"application\/ld+json\" class=\"yoast-schema-graph\">{\"@context\":\"https:\/\/schema.org\",\"@graph\":[{\"@type\":\"WebPage\",\"@id\":\"https:\/\/testwebsite.citygame.com\/hu\/games\/schwerin\/secrets-of-schwerin\/\",\"url\":\"https:\/\/testwebsite.citygame.com\/hu\/games\/schwerin\/secrets-of-schwerin\/\",\"name\":\"Secrets of Schwerin - City Game\",\"isPartOf\":{\"@id\":\"https:\/\/testwebsite.upevents.nl\/#website\"},\"primaryImageOfPage\":{\"@id\":\"https:\/\/testwebsite.citygame.com\/hu\/games\/schwerin\/secrets-of-schwerin\/#primaryimage\"},\"image\":{\"@id\":\"https:\/\/testwebsite.citygame.com\/hu\/games\/schwerin\/secrets-of-schwerin\/#primaryimage\"},\"thumbnailUrl\":\"https:\/\/testwebsite.citygame.com\/wp-content\/blogs.dir\/1\/files\/sites\/62\/2026\/01\/city-game-schwerin-pfaffenteich-players.jpg\",\"datePublished\":\"2026-01-13T15:28:07+00:00\",\"dateModified\":\"2026-04-08T13:11:00+00:00\",\"description\":\"Secrets of Schwerin. J\u00e1tsszon egy \u00f6nvezet\u0151 v\u00e1rosi j\u00e1t\u00e9kkal, \u00e9s fedezze fel a v\u00e1rost rejtv\u00e9nyeken, tal\u00e1l\u00f3s k\u00e9rd\u00e9seken \u00e9s kih\u00edv\u00e1sokon kereszt\u00fcl. J\u00e1tsszon a saj\u00e1t temp\u00f3j\u00e1ban, \u00e9s fedezze fel a v\u00e1rost, mint egy helyi!\",\"breadcrumb\":{\"@id\":\"https:\/\/testwebsite.citygame.com\/hu\/games\/schwerin\/secrets-of-schwerin\/#breadcrumb\"},\"inLanguage\":\"hu\",\"potentialAction\":[{\"@type\":\"ReadAction\",\"target\":[\"https:\/\/testwebsite.citygame.com\/hu\/games\/schwerin\/secrets-of-schwerin\/\"]}]},{\"@type\":\"ImageObject\",\"inLanguage\":\"hu\",\"@id\":\"https:\/\/testwebsite.citygame.com\/hu\/games\/schwerin\/secrets-of-schwerin\/#primaryimage\",\"url\":\"https:\/\/testwebsite.citygame.com\/wp-content\/blogs.dir\/1\/files\/sites\/62\/2026\/01\/city-game-schwerin-pfaffenteich-players.jpg\",\"contentUrl\":\"https:\/\/testwebsite.citygame.com\/wp-content\/blogs.dir\/1\/files\/sites\/62\/2026\/01\/city-game-schwerin-pfaffenteich-players.jpg\",\"width\":1024,\"height\":1024,\"caption\":\"A group of young people gather around a smartphone while exploring Schwerin's Pfaffenteich.\"},{\"@type\":\"BreadcrumbList\",\"@id\":\"https:\/\/testwebsite.citygame.com\/hu\/games\/schwerin\/secrets-of-schwerin\/#breadcrumb\",\"itemListElement\":[{\"@type\":\"ListItem\",\"position\":1,\"name\":\"Home\",\"item\":\"https:\/\/testwebsite.citygame.com\/hu\/\"},{\"@type\":\"ListItem\",\"position\":2,\"name\":\"Shop\",\"item\":\"https:\/\/testwebsite.citygame.com\/shop\/\"},{\"@type\":\"ListItem\",\"position\":3,\"name\":\"Secrets of Schwerin\"}]},{\"@type\":\"WebSite\",\"@id\":\"https:\/\/testwebsite.upevents.nl\/#website\",\"url\":\"https:\/\/testwebsite.upevents.nl\/\",\"name\":\"City Game\",\"description\":\"\",\"publisher\":{\"@id\":\"https:\/\/testwebsite.upevents.nl\/#organization\"},\"alternateName\":\"citygame.com\",\"potentialAction\":[{\"@type\":\"SearchAction\",\"target\":{\"@type\":\"EntryPoint\",\"urlTemplate\":\"https:\/\/testwebsite.upevents.nl\/?s={search_term_string}\"},\"query-input\":{\"@type\":\"PropertyValueSpecification\",\"valueRequired\":true,\"valueName\":\"search_term_string\"}}],\"inLanguage\":\"hu\"},{\"@type\":[\"Organization\",\"Place\"],\"@id\":\"https:\/\/testwebsite.upevents.nl\/#organization\",\"name\":\"City Game\",\"alternateName\":\"citygame.com\",\"url\":\"https:\/\/testwebsite.upevents.nl\/\",\"logo\":{\"@id\":\"https:\/\/testwebsite.citygame.com\/hu\/games\/schwerin\/secrets-of-schwerin\/#local-main-organization-logo\"},\"image\":{\"@id\":\"https:\/\/testwebsite.citygame.com\/hu\/games\/schwerin\/secrets-of-schwerin\/#local-main-organization-logo\"},\"sameAs\":[\"https:\/\/www.facebook.com\/profile.php?id=100086426226253\",\"https:\/\/www.instagram.com\/citygame_com\",\"https:\/\/www.tiktok.com\/@citygamecom\/\",\"https:\/\/www.linkedin.com\/company\/citygame-com\"],\"description\":\"Turn any city into a playground with our interactive City Games and self-guided tours. Fun, flexible, and ideal for groups and team building.\",\"telephone\":[],\"openingHoursSpecification\":[{\"@type\":\"OpeningHoursSpecification\",\"dayOfWeek\":[\"Monday\",\"Tuesday\",\"Wednesday\",\"Thursday\",\"Friday\",\"Saturday\",\"Sunday\"],\"opens\":\"09:00\",\"closes\":\"17:00\"}]},{\"@type\":\"ImageObject\",\"inLanguage\":\"hu\",\"@id\":\"https:\/\/testwebsite.citygame.com\/hu\/games\/schwerin\/secrets-of-schwerin\/#local-main-organization-logo\",\"url\":\"https:\/\/testwebsite.citygame.com\/wp-content\/blogs.dir\/1\/files\/sites\/62\/2025\/10\/CG_LOGO-City-Game.png\",\"contentUrl\":\"https:\/\/testwebsite.citygame.com\/wp-content\/blogs.dir\/1\/files\/sites\/62\/2025\/10\/CG_LOGO-City-Game.png\",\"width\":351,\"height\":377,\"caption\":\"City Game\"}]}<\/script>\n<!-- \/ Yoast SEO Premium plugin. -->","yoast_head_json":{"title":"Secrets of Schwerin - City Game","description":"Secrets of Schwerin. J\u00e1tsszon egy \u00f6nvezet\u0151 v\u00e1rosi j\u00e1t\u00e9kkal, \u00e9s fedezze fel a v\u00e1rost rejtv\u00e9nyeken, tal\u00e1l\u00f3s k\u00e9rd\u00e9seken \u00e9s kih\u00edv\u00e1sokon kereszt\u00fcl. J\u00e1tsszon a saj\u00e1t temp\u00f3j\u00e1ban, \u00e9s fedezze fel a v\u00e1rost, mint egy helyi!","robots":{"index":"noindex","follow":"follow","max-snippet":"max-snippet:-1","max-image-preview":"max-image-preview:large","max-video-preview":"max-video-preview:-1"},"og_locale":"hu_HU","og_type":"article","og_title":"Secrets of Schwerin","og_description":"Secrets of Schwerin. J\u00e1tsszon egy \u00f6nvezet\u0151 v\u00e1rosi j\u00e1t\u00e9kkal, \u00e9s fedezze fel a v\u00e1rost rejtv\u00e9nyeken, tal\u00e1l\u00f3s k\u00e9rd\u00e9seken \u00e9s kih\u00edv\u00e1sokon kereszt\u00fcl. J\u00e1tsszon a saj\u00e1t temp\u00f3j\u00e1ban, \u00e9s fedezze fel a v\u00e1rost, mint egy helyi!","og_url":"https:\/\/testwebsite.citygame.com\/hu\/games\/schwerin\/secrets-of-schwerin\/","og_site_name":"City Game","article_publisher":"https:\/\/www.facebook.com\/profile.php?id=100086426226253","article_modified_time":"2026-04-08T13:11:00+00:00","og_image":[{"width":1024,"height":1024,"url":"https:\/\/testwebsite.citygame.com\/wp-content\/blogs.dir\/1\/files\/sites\/62\/2026\/01\/city-game-schwerin-pfaffenteich-players.jpg","type":"image\/jpeg"}],"twitter_card":"summary_large_image","twitter_misc":{"Becs\u00fclt olvas\u00e1si id\u0151":"1 perc"},"schema":{"@context":"https:\/\/schema.org","@graph":[{"@type":"WebPage","@id":"https:\/\/testwebsite.citygame.com\/hu\/games\/schwerin\/secrets-of-schwerin\/","url":"https:\/\/testwebsite.citygame.com\/hu\/games\/schwerin\/secrets-of-schwerin\/","name":"Secrets of Schwerin - City Game","isPartOf":{"@id":"https:\/\/testwebsite.upevents.nl\/#website"},"primaryImageOfPage":{"@id":"https:\/\/testwebsite.citygame.com\/hu\/games\/schwerin\/secrets-of-schwerin\/#primaryimage"},"image":{"@id":"https:\/\/testwebsite.citygame.com\/hu\/games\/schwerin\/secrets-of-schwerin\/#primaryimage"},"thumbnailUrl":"https:\/\/testwebsite.citygame.com\/wp-content\/blogs.dir\/1\/files\/sites\/62\/2026\/01\/city-game-schwerin-pfaffenteich-players.jpg","datePublished":"2026-01-13T15:28:07+00:00","dateModified":"2026-04-08T13:11:00+00:00","description":"Secrets of Schwerin. J\u00e1tsszon egy \u00f6nvezet\u0151 v\u00e1rosi j\u00e1t\u00e9kkal, \u00e9s fedezze fel a v\u00e1rost rejtv\u00e9nyeken, tal\u00e1l\u00f3s k\u00e9rd\u00e9seken \u00e9s kih\u00edv\u00e1sokon kereszt\u00fcl. J\u00e1tsszon a saj\u00e1t temp\u00f3j\u00e1ban, \u00e9s fedezze fel a v\u00e1rost, mint egy helyi!","breadcrumb":{"@id":"https:\/\/testwebsite.citygame.com\/hu\/games\/schwerin\/secrets-of-schwerin\/#breadcrumb"},"inLanguage":"hu","potentialAction":[{"@type":"ReadAction","target":["https:\/\/testwebsite.citygame.com\/hu\/games\/schwerin\/secrets-of-schwerin\/"]}]},{"@type":"ImageObject","inLanguage":"hu","@id":"https:\/\/testwebsite.citygame.com\/hu\/games\/schwerin\/secrets-of-schwerin\/#primaryimage","url":"https:\/\/testwebsite.citygame.com\/wp-content\/blogs.dir\/1\/files\/sites\/62\/2026\/01\/city-game-schwerin-pfaffenteich-players.jpg","contentUrl":"https:\/\/testwebsite.citygame.com\/wp-content\/blogs.dir\/1\/files\/sites\/62\/2026\/01\/city-game-schwerin-pfaffenteich-players.jpg","width":1024,"height":1024,"caption":"A group of young people gather around a smartphone while exploring Schwerin's Pfaffenteich."},{"@type":"BreadcrumbList","@id":"https:\/\/testwebsite.citygame.com\/hu\/games\/schwerin\/secrets-of-schwerin\/#breadcrumb","itemListElement":[{"@type":"ListItem","position":1,"name":"Home","item":"https:\/\/testwebsite.citygame.com\/hu\/"},{"@type":"ListItem","position":2,"name":"Shop","item":"https:\/\/testwebsite.citygame.com\/shop\/"},{"@type":"ListItem","position":3,"name":"Secrets of Schwerin"}]},{"@type":"WebSite","@id":"https:\/\/testwebsite.upevents.nl\/#website","url":"https:\/\/testwebsite.upevents.nl\/","name":"City Game","description":"","publisher":{"@id":"https:\/\/testwebsite.upevents.nl\/#organization"},"alternateName":"citygame.com","potentialAction":[{"@type":"SearchAction","target":{"@type":"EntryPoint","urlTemplate":"https:\/\/testwebsite.upevents.nl\/?s={search_term_string}"},"query-input":{"@type":"PropertyValueSpecification","valueRequired":true,"valueName":"search_term_string"}}],"inLanguage":"hu"},{"@type":["Organization","Place"],"@id":"https:\/\/testwebsite.upevents.nl\/#organization","name":"City Game","alternateName":"citygame.com","url":"https:\/\/testwebsite.upevents.nl\/","logo":{"@id":"https:\/\/testwebsite.citygame.com\/hu\/games\/schwerin\/secrets-of-schwerin\/#local-main-organization-logo"},"image":{"@id":"https:\/\/testwebsite.citygame.com\/hu\/games\/schwerin\/secrets-of-schwerin\/#local-main-organization-logo"},"sameAs":["https:\/\/www.facebook.com\/profile.php?id=100086426226253","https:\/\/www.instagram.com\/citygame_com","https:\/\/www.tiktok.com\/@citygamecom\/","https:\/\/www.linkedin.com\/company\/citygame-com"],"description":"Turn any city into a playground with our interactive City Games and self-guided tours. Fun, flexible, and ideal for groups and team building.","telephone":[],"openingHoursSpecification":[{"@type":"OpeningHoursSpecification","dayOfWeek":["Monday","Tuesday","Wednesday","Thursday","Friday","Saturday","Sunday"],"opens":"09:00","closes":"17:00"}]},{"@type":"ImageObject","inLanguage":"hu","@id":"https:\/\/testwebsite.citygame.com\/hu\/games\/schwerin\/secrets-of-schwerin\/#local-main-organization-logo","url":"https:\/\/testwebsite.citygame.com\/wp-content\/blogs.dir\/1\/files\/sites\/62\/2025\/10\/CG_LOGO-City-Game.png","contentUrl":"https:\/\/testwebsite.citygame.com\/wp-content\/blogs.dir\/1\/files\/sites\/62\/2025\/10\/CG_LOGO-City-Game.png","width":351,"height":377,"caption":"City Game"}]}},"taxonomy_info":{"game-concept":[{"value":715,"label":"Secrets"}],"location":[{"value":364,"label":"Schwerin"}],"product_cat":[{"value":27,"label":"Geen categorie"}]},"featured_image_src_large":["https:\/\/testwebsite.citygame.com\/wp-content\/blogs.dir\/1\/files\/sites\/62\/2026\/01\/city-game-schwerin-pfaffenteich-players.jpg",1024,1024,false],"author_info":[],"comment_info":"","_links":{"self":[{"href":"https:\/\/testwebsite.citygame.com\/hu\/wp-json\/wp\/v2\/product\/64120","targetHints":{"allow":["GET"]}}],"collection":[{"href":"https:\/\/testwebsite.citygame.com\/hu\/wp-json\/wp\/v2\/product"}],"about":[{"href":"https:\/\/testwebsite.citygame.com\/hu\/wp-json\/wp\/v2\/types\/product"}],"acf:post":[{"embeddable":true,"href":"https:\/\/testwebsite.citygame.com\/hu\/wp-json\/wp\/v2\/pages\/8357"}],"wp:featuredmedia":[{"embeddable":true,"href":"https:\/\/testwebsite.citygame.com\/hu\/wp-json\/wp\/v2\/media\/3809"}],"wp:attachment":[{"href":"https:\/\/testwebsite.citygame.com\/hu\/wp-json\/wp\/v2\/media?parent=64120"}],"wp:term":[{"taxonomy":"game-concept","embeddable":true,"href":"https:\/\/testwebsite.citygame.com\/hu\/wp-json\/wp\/v2\/game-concept?post=64120"},{"taxonomy":"location","embeddable":true,"href":"https:\/\/testwebsite.citygame.com\/hu\/wp-json\/wp\/v2\/location?post=64120"},{"taxonomy":"product_brand","embeddable":true,"href":"https:\/\/testwebsite.citygame.com\/hu\/wp-json\/wp\/v2\/product_brand?post=64120"},{"taxonomy":"product_cat","embeddable":true,"href":"https:\/\/testwebsite.citygame.com\/hu\/wp-json\/wp\/v2\/product_cat?post=64120"},{"taxonomy":"product_tag","embeddable":true,"href":"https:\/\/testwebsite.citygame.com\/hu\/wp-json\/wp\/v2\/product_tag?post=64120"}],"curies":[{"name":"wp","href":"https:\/\/api.w.org\/{rel}","templated":true}]}}