{"id":63316,"date":"2026-02-20T14:03:20","date_gmt":"2026-02-20T14:03:20","guid":{"rendered":"https:\/\/testwebsite.citygame.com\/games\/unknown-location\/the-glasgow-syndicate\/"},"modified":"2026-04-08T11:26:04","modified_gmt":"2026-04-08T11:26:04","slug":"the-glasgow-syndicate","status":"publish","type":"product","link":"https:\/\/testwebsite.citygame.com\/hu\/games\/glasgow\/the-glasgow-syndicate\/","title":{"rendered":"The Glasgow Syndicate"},"content":{"rendered":"<p>V\u00e1gjon bele egy felpezsd\u00edt\u0151 kalandba a &#8220;The Glasgow Syndicate&#8221; j\u00e1t\u00e9kkal, egy \u00f6nvez\u00e9relt V\u00e1rosi Szabadul\u00f3szob\u00e1s J\u00e1t\u00e9kkal, amely Glasgow belv\u00e1ros\u00e1ban zajlik. Dolgozzon egy\u00fctt csapat\u00e1val, hogy felkutassa a megfoghatatlan Magnust \u00e9s visszaszerezzen hat \u00e9rt\u00e9kes, ellopott formul\u00e1t, l\u00e9p\u00e9sr\u0151l l\u00e9p\u00e9sre haladva minden k\u00fcldet\u00e9sen kereszt\u00fcl, \u00e9l\u00e9nk t\u00f6rt\u00e9netmes\u00e9l\u00e9ssel \u00e9s \u00e9lesl\u00e1t\u00f3 egy\u00fcttm\u0171k\u00f6d\u00e9ssel. A glasgow-i V\u00e1rosi J\u00e1t\u00e9k fejt\u00f6r\u0151k, feladatok \u00e9s kih\u00edv\u00e1sok izgalmas kever\u00e9k\u00e9t k\u00edn\u00e1lja, amelyek az alapvet\u0151 j\u00e1t\u00e9kmeneti elemeket biztos\u00edtj\u00e1k, egy nagyszab\u00e1s\u00fa kalandot t\u00e1pl\u00e1lva, amely okos strat\u00e9gi\u00e1t \u00e9s \u00e9lesl\u00e1t\u00f3 csapatmunk\u00e1t ig\u00e9nyel, de nem egy turisztikai rohamot vagy egy t\u00f6rt\u00e9nelmi s\u00e9t\u00e1t.<\/p>\n","protected":false},"excerpt":{"rendered":"<p>L\u00e9pjen be az intrik\u00e1k h\u00e1l\u00f3j\u00e1ba a The Glasgow Syndicate V\u00e1rosi Szabadul\u00f3szob\u00e1s J\u00e1t\u00e9kkal, egy \u00f6nvez\u00e9relt kalandba, amely Glasgow utc\u00e1in zajlik. Fejtsen meg rejt\u00e9lyes fejt\u00f6r\u0151ket, dolgozzon egy\u00fctt csapat\u00e1val mag\u00e1val ragad\u00f3 t\u00f6rt\u00e9netmes\u00e9l\u0151 feladatokon, \u00e9s fedje fel az igazs\u00e1got, ahogy a k\u00fcldet\u00e9s l\u00e9p\u00e9sr\u0151l l\u00e9p\u00e9sre kibontakozik, fogadja el a kih\u00edv\u00e1st!<\/p>\n","protected":false},"featured_media":15393,"template":"","meta":{"_acf_changed":false,"_yoast_wpseo_focuskw":"The Glasgow Syndicate","_yoast_wpseo_metadesc":"The Glasgow Syndicate. J\u00e1tsszon egy \u00f6nvez\u00e9relt V\u00e1rosi Szabadul\u00f3szob\u00e1s J\u00e1t\u00e9kkal, oldjon meg fejt\u00f6r\u0151ket, teljes\u00edtsen k\u00fcldet\u00e9seket \u00e9s szerezze vissza az ellopott formul\u00e1kat a saj\u00e1t temp\u00f3j\u00e1ban!","_kad_blocks_custom_css":"","_kad_blocks_head_custom_js":"","_kad_blocks_body_custom_js":"","_kad_blocks_footer_custom_js":"","ghostkit_customizer_options":"","ghostkit_custom_css":"","ghostkit_custom_js_head":"","ghostkit_custom_js_foot":"","ghostkit_typography":"","_kad_post_transparent":"","_kad_post_title":"","_kad_post_layout":"","_kad_post_sidebar_id":"","_kad_post_content_style":"","_kad_post_vertical_padding":"","_kad_post_feature":"","_kad_post_feature_position":"","_kad_post_header":false,"_kad_post_footer":false,"_kad_post_classname":"","_links_to":"","_links_to_target":""},"game-concept":[745],"location":[178],"product_brand":[],"product_cat":[27],"product_tag":[],"class_list":{"0":"post-63316","1":"product","2":"type-product","3":"status-publish","4":"has-post-thumbnail","6":"game-concept-syndicate","7":"location-glasgow","8":"product_cat-geen-categorie","10":"first","11":"instock","12":"shipping-taxable","13":"purchasable","14":"product-type-simple","15":"entry","16":"content-bg","17":"loop-entry"},"acf":{"full_bokun_product_name":"Self-Guided The Glasgow Syndicate City Escape Game","location_name":"Glasgow","bokun_calendar_widget_code":"<script type=\"text\/javascript\" src=\"https:\/\/widgets.bokun.io\/assets\/javascripts\/apps\/build\/BokunWidgetsLoader.js?bookingChannelUUID=a1e93e96-5232-4734-a595-28405f4b5a31\" async><\/script>\n     \n    <div class=\"bokunWidget\" data-src=\"https:\/\/widgets.bokun.io\/online-sales\/a1e93e96-5232-4734-a595-28405f4b5a31\/experience-calendar\/992402\"><\/div>\n    <noscript>Please enable javascript in your browser to book<\/noscript>","bokun_button_widget_code":"<script type=\"text\/javascript\" src=\"https:\/\/widgets.bokun.io\/assets\/javascripts\/apps\/build\/BokunWidgetsLoader.js?bookingChannelUUID=a1e93e96-5232-4734-a595-28405f4b5a31\" async><\/script>\n      <style> #bokun_ed001e45_5927_4f62_b470_ca766338d083 { display: inline-block; padding: .4em 1em; background: #47b82e; border-radius: 999999px; box-shadow: none; font-weight: 600; font-size: 24px; text-decoration: none; text-align: center; color: #FFFFFF; border:none; cursor: pointer; transition: background .2s ease; } #bokun_ed001e45_5927_4f62_b470_ca766338d083:hover{ background: #2f7b1f; } #bokun_ed001e45_5927_4f62_b470_ca766338d083:active{ background: #378f24; } <\/style> <button class=\"bokunButton\" disabled id=bokun_ed001e45_5927_4f62_b470_ca766338d083 data-src=\"https:\/\/widgets.bokun.io\/online-sales\/a1e93e96-5232-4734-a595-28405f4b5a31\/experience-calendar\/992402?partialView=1\" data-testid=\"widget-book-button\" > Book now <\/button> ","what_you\u2019ll_experience_during_the_game":"A 'The Glasgow Syndicate' j\u00e1t\u00e9kban a j\u00e1t\u00e9kosok egy l\u00fcktet\u0151 szabadul\u00f3 k\u00fcldet\u00e9sbe mer\u00fclnek, amely Glasgow vibr\u00e1l\u00f3 v\u00e1rosk\u00e9p\u00e9ben j\u00e1tsz\u00f3dik. Az \u00d6n c\u00e9lja: felkutatni a megfoghatatlan Magnust, \u00e9s visszaszerezni hat eltulajdon\u00edtott formul\u00e1t. Ahogy navig\u00e1l a v\u00e1rosban, a labirintusszer\u0171 k\u00fcldet\u00e9s l\u00e9p\u00e9sr\u0151l l\u00e9p\u00e9sre t\u00e1rul fel, egy sor agyt\u00f6r\u0151 fejt\u00f6r\u0151n, kriptikus k\u00f3don \u00e9s ig\u00e9nyes feladaton kereszt\u00fcl, amelyek k\u00f6ny\u00f6rtelen\u00fcl pr\u00f3b\u00e1ra teszik esz\u00e9t \u00e9s ravaszs\u00e1g\u00e1t. \n\nEz a mag\u00e1val ragad\u00f3 j\u00e1t\u00e9k az er\u0151s csapatmunk\u00e1ra, a strat\u00e9giai kommunik\u00e1ci\u00f3ra \u00e9s a kritikus d\u00f6nt\u00e9shozatalra \u00e9p\u00fcl, biztos\u00edtva, hogy minden j\u00e1t\u00e9kos l\u00e9tfontoss\u00e1g\u00fa szerepet j\u00e1tsszon a t\u00f6rt\u00e9netvez\u00e9relt \u00e9lm\u00e9nyben. A v\u00e1ros rejt\u00e9lyes h\u00e1tter\u00e9ben a j\u00e1t\u00e9k t\u00f6k\u00e9letesen alkalmazkodik az \u00d6n temp\u00f3j\u00e1hoz, \u00edgy sz\u00fcnetet tarthat \u00e9s \u00fajracsoportosulhat, ahogy sz\u00fcks\u00e9ge van r\u00e1, folyamatos \u00e9s mag\u00e1val ragad\u00f3 \u00e9lm\u00e9nyt biztos\u00edtva. Nem csak arr\u00f3l van sz\u00f3, hogy hol j\u00e1tsz\u00f3dik a j\u00e1t\u00e9k, hanem arr\u00f3l, hogy a 'The Glasgow Syndicate' intenz\u00edv dinamik\u00e1ja hogyan kelti \u00e9letre a j\u00e1t\u00e9k vil\u00e1g\u00e1t.","how_to_play":"Foglalja le a V\u00e1rosi J\u00e1t\u00e9kot, ellen\u0151rizze az \u00e1ltalunk k\u00fcld\u00f6tt e-mailt az utas\u00edt\u00e1sokkal, t\u00f6ltse le a Loquiz App alkalmaz\u00e1st \u00e9s kezdje meg a j\u00e1t\u00e9k\u00e9lm\u00e9ny\u00e9t!","start_location":"Glasgow, George Square","available_languages":["en"],"players_per_group":"1-4","duration":"1.5-2 hours","image_overlay_color_image":"https:\/\/testwebsite.citygame.com\/wp-content\/blogs.dir\/1\/files\/sites\/62\/2026\/01\/SyndicateColor.svg","image_overlay_game_logo":"https:\/\/testwebsite.citygame.com\/wp-content\/blogs.dir\/1\/files\/sites\/62\/2026\/01\/SyndicateLogo.png","city_page":15391,"woocommerce_general_content":null},"yoast_head":"<!-- This site is optimized with the Yoast SEO Premium plugin v26.2 (Yoast SEO v26.3) - https:\/\/yoast.com\/wordpress\/plugins\/seo\/ -->\n<title>The Glasgow Syndicate - City Game<\/title>\n<meta name=\"description\" content=\"The Glasgow Syndicate. J\u00e1tsszon egy \u00f6nvez\u00e9relt V\u00e1rosi Szabadul\u00f3szob\u00e1s J\u00e1t\u00e9kkal, oldjon meg fejt\u00f6r\u0151ket, teljes\u00edtsen k\u00fcldet\u00e9seket \u00e9s szerezze vissza az ellopott formul\u00e1kat a saj\u00e1t temp\u00f3j\u00e1ban!\" \/>\n<meta name=\"robots\" content=\"noindex, follow, max-snippet:-1, max-image-preview:large, max-video-preview:-1\" \/>\n<meta property=\"og:locale\" content=\"hu_HU\" \/>\n<meta property=\"og:type\" content=\"article\" \/>\n<meta property=\"og:title\" content=\"The Glasgow Syndicate\" \/>\n<meta property=\"og:description\" content=\"The Glasgow Syndicate. J\u00e1tsszon egy \u00f6nvez\u00e9relt V\u00e1rosi Szabadul\u00f3szob\u00e1s J\u00e1t\u00e9kkal, oldjon meg fejt\u00f6r\u0151ket, teljes\u00edtsen k\u00fcldet\u00e9seket \u00e9s szerezze vissza az ellopott formul\u00e1kat a saj\u00e1t temp\u00f3j\u00e1ban!\" \/>\n<meta property=\"og:url\" content=\"https:\/\/testwebsite.citygame.com\/hu\/games\/glasgow\/the-glasgow-syndicate\/\" \/>\n<meta property=\"og:site_name\" content=\"City Game\" \/>\n<meta property=\"article:publisher\" content=\"https:\/\/www.facebook.com\/profile.php?id=100086426226253\" \/>\n<meta property=\"article:modified_time\" content=\"2026-04-08T11:26:04+00:00\" \/>\n<meta property=\"og:image\" content=\"https:\/\/testwebsite.citygame.com\/wp-content\/blogs.dir\/1\/files\/sites\/62\/2026\/02\/glasgow-george-square-man-playing-city-game.jpg\" \/>\n\t<meta property=\"og:image:width\" content=\"1024\" \/>\n\t<meta property=\"og:image:height\" content=\"1024\" \/>\n\t<meta property=\"og:image:type\" content=\"image\/jpeg\" \/>\n<meta name=\"twitter:card\" content=\"summary_large_image\" \/>\n<meta name=\"twitter:label1\" content=\"Becs\u00fclt olvas\u00e1si id\u0151\" \/>\n\t<meta name=\"twitter:data1\" content=\"1 perc\" \/>\n<script type=\"application\/ld+json\" class=\"yoast-schema-graph\">{\"@context\":\"https:\/\/schema.org\",\"@graph\":[{\"@type\":\"WebPage\",\"@id\":\"https:\/\/testwebsite.citygame.com\/hu\/games\/glasgow\/the-glasgow-syndicate\/\",\"url\":\"https:\/\/testwebsite.citygame.com\/hu\/games\/glasgow\/the-glasgow-syndicate\/\",\"name\":\"The Glasgow Syndicate - City Game\",\"isPartOf\":{\"@id\":\"https:\/\/testwebsite.upevents.nl\/#website\"},\"primaryImageOfPage\":{\"@id\":\"https:\/\/testwebsite.citygame.com\/hu\/games\/glasgow\/the-glasgow-syndicate\/#primaryimage\"},\"image\":{\"@id\":\"https:\/\/testwebsite.citygame.com\/hu\/games\/glasgow\/the-glasgow-syndicate\/#primaryimage\"},\"thumbnailUrl\":\"https:\/\/testwebsite.citygame.com\/wp-content\/blogs.dir\/1\/files\/sites\/62\/2026\/02\/glasgow-george-square-man-playing-city-game.jpg\",\"datePublished\":\"2026-02-20T14:03:20+00:00\",\"dateModified\":\"2026-04-08T11:26:04+00:00\",\"description\":\"The Glasgow Syndicate. J\u00e1tsszon egy \u00f6nvez\u00e9relt V\u00e1rosi Szabadul\u00f3szob\u00e1s J\u00e1t\u00e9kkal, oldjon meg fejt\u00f6r\u0151ket, teljes\u00edtsen k\u00fcldet\u00e9seket \u00e9s szerezze vissza az ellopott formul\u00e1kat a saj\u00e1t temp\u00f3j\u00e1ban!\",\"breadcrumb\":{\"@id\":\"https:\/\/testwebsite.citygame.com\/hu\/games\/glasgow\/the-glasgow-syndicate\/#breadcrumb\"},\"inLanguage\":\"hu\",\"potentialAction\":[{\"@type\":\"ReadAction\",\"target\":[\"https:\/\/testwebsite.citygame.com\/hu\/games\/glasgow\/the-glasgow-syndicate\/\"]}]},{\"@type\":\"ImageObject\",\"inLanguage\":\"hu\",\"@id\":\"https:\/\/testwebsite.citygame.com\/hu\/games\/glasgow\/the-glasgow-syndicate\/#primaryimage\",\"url\":\"https:\/\/testwebsite.citygame.com\/wp-content\/blogs.dir\/1\/files\/sites\/62\/2026\/02\/glasgow-george-square-man-playing-city-game.jpg\",\"contentUrl\":\"https:\/\/testwebsite.citygame.com\/wp-content\/blogs.dir\/1\/files\/sites\/62\/2026\/02\/glasgow-george-square-man-playing-city-game.jpg\",\"width\":1024,\"height\":1024,\"caption\":\"A player uses a smartphone to explore a historic street corner in central Glasgow.\"},{\"@type\":\"BreadcrumbList\",\"@id\":\"https:\/\/testwebsite.citygame.com\/hu\/games\/glasgow\/the-glasgow-syndicate\/#breadcrumb\",\"itemListElement\":[{\"@type\":\"ListItem\",\"position\":1,\"name\":\"Home\",\"item\":\"https:\/\/testwebsite.citygame.com\/hu\/\"},{\"@type\":\"ListItem\",\"position\":2,\"name\":\"Shop\",\"item\":\"https:\/\/testwebsite.citygame.com\/shop\/\"},{\"@type\":\"ListItem\",\"position\":3,\"name\":\"The Glasgow Syndicate\"}]},{\"@type\":\"WebSite\",\"@id\":\"https:\/\/testwebsite.upevents.nl\/#website\",\"url\":\"https:\/\/testwebsite.upevents.nl\/\",\"name\":\"City Game\",\"description\":\"\",\"publisher\":{\"@id\":\"https:\/\/testwebsite.upevents.nl\/#organization\"},\"alternateName\":\"citygame.com\",\"potentialAction\":[{\"@type\":\"SearchAction\",\"target\":{\"@type\":\"EntryPoint\",\"urlTemplate\":\"https:\/\/testwebsite.upevents.nl\/?s={search_term_string}\"},\"query-input\":{\"@type\":\"PropertyValueSpecification\",\"valueRequired\":true,\"valueName\":\"search_term_string\"}}],\"inLanguage\":\"hu\"},{\"@type\":[\"Organization\",\"Place\"],\"@id\":\"https:\/\/testwebsite.upevents.nl\/#organization\",\"name\":\"City Game\",\"alternateName\":\"citygame.com\",\"url\":\"https:\/\/testwebsite.upevents.nl\/\",\"logo\":{\"@id\":\"https:\/\/testwebsite.citygame.com\/hu\/games\/glasgow\/the-glasgow-syndicate\/#local-main-organization-logo\"},\"image\":{\"@id\":\"https:\/\/testwebsite.citygame.com\/hu\/games\/glasgow\/the-glasgow-syndicate\/#local-main-organization-logo\"},\"sameAs\":[\"https:\/\/www.facebook.com\/profile.php?id=100086426226253\",\"https:\/\/www.instagram.com\/citygame_com\",\"https:\/\/www.tiktok.com\/@citygamecom\/\",\"https:\/\/www.linkedin.com\/company\/citygame-com\"],\"description\":\"Turn any city into a playground with our interactive City Games and self-guided tours. Fun, flexible, and ideal for groups and team building.\",\"telephone\":[],\"openingHoursSpecification\":[{\"@type\":\"OpeningHoursSpecification\",\"dayOfWeek\":[\"Monday\",\"Tuesday\",\"Wednesday\",\"Thursday\",\"Friday\",\"Saturday\",\"Sunday\"],\"opens\":\"09:00\",\"closes\":\"17:00\"}]},{\"@type\":\"ImageObject\",\"inLanguage\":\"hu\",\"@id\":\"https:\/\/testwebsite.citygame.com\/hu\/games\/glasgow\/the-glasgow-syndicate\/#local-main-organization-logo\",\"url\":\"https:\/\/testwebsite.citygame.com\/wp-content\/blogs.dir\/1\/files\/sites\/62\/2025\/10\/CG_LOGO-City-Game.png\",\"contentUrl\":\"https:\/\/testwebsite.citygame.com\/wp-content\/blogs.dir\/1\/files\/sites\/62\/2025\/10\/CG_LOGO-City-Game.png\",\"width\":351,\"height\":377,\"caption\":\"City Game\"}]}<\/script>\n<!-- \/ Yoast SEO Premium plugin. -->","yoast_head_json":{"title":"The Glasgow Syndicate - City Game","description":"The Glasgow Syndicate. J\u00e1tsszon egy \u00f6nvez\u00e9relt V\u00e1rosi Szabadul\u00f3szob\u00e1s J\u00e1t\u00e9kkal, oldjon meg fejt\u00f6r\u0151ket, teljes\u00edtsen k\u00fcldet\u00e9seket \u00e9s szerezze vissza az ellopott formul\u00e1kat a saj\u00e1t temp\u00f3j\u00e1ban!","robots":{"index":"noindex","follow":"follow","max-snippet":"max-snippet:-1","max-image-preview":"max-image-preview:large","max-video-preview":"max-video-preview:-1"},"og_locale":"hu_HU","og_type":"article","og_title":"The Glasgow Syndicate","og_description":"The Glasgow Syndicate. J\u00e1tsszon egy \u00f6nvez\u00e9relt V\u00e1rosi Szabadul\u00f3szob\u00e1s J\u00e1t\u00e9kkal, oldjon meg fejt\u00f6r\u0151ket, teljes\u00edtsen k\u00fcldet\u00e9seket \u00e9s szerezze vissza az ellopott formul\u00e1kat a saj\u00e1t temp\u00f3j\u00e1ban!","og_url":"https:\/\/testwebsite.citygame.com\/hu\/games\/glasgow\/the-glasgow-syndicate\/","og_site_name":"City Game","article_publisher":"https:\/\/www.facebook.com\/profile.php?id=100086426226253","article_modified_time":"2026-04-08T11:26:04+00:00","og_image":[{"width":1024,"height":1024,"url":"https:\/\/testwebsite.citygame.com\/wp-content\/blogs.dir\/1\/files\/sites\/62\/2026\/02\/glasgow-george-square-man-playing-city-game.jpg","type":"image\/jpeg"}],"twitter_card":"summary_large_image","twitter_misc":{"Becs\u00fclt olvas\u00e1si id\u0151":"1 perc"},"schema":{"@context":"https:\/\/schema.org","@graph":[{"@type":"WebPage","@id":"https:\/\/testwebsite.citygame.com\/hu\/games\/glasgow\/the-glasgow-syndicate\/","url":"https:\/\/testwebsite.citygame.com\/hu\/games\/glasgow\/the-glasgow-syndicate\/","name":"The Glasgow Syndicate - City Game","isPartOf":{"@id":"https:\/\/testwebsite.upevents.nl\/#website"},"primaryImageOfPage":{"@id":"https:\/\/testwebsite.citygame.com\/hu\/games\/glasgow\/the-glasgow-syndicate\/#primaryimage"},"image":{"@id":"https:\/\/testwebsite.citygame.com\/hu\/games\/glasgow\/the-glasgow-syndicate\/#primaryimage"},"thumbnailUrl":"https:\/\/testwebsite.citygame.com\/wp-content\/blogs.dir\/1\/files\/sites\/62\/2026\/02\/glasgow-george-square-man-playing-city-game.jpg","datePublished":"2026-02-20T14:03:20+00:00","dateModified":"2026-04-08T11:26:04+00:00","description":"The Glasgow Syndicate. J\u00e1tsszon egy \u00f6nvez\u00e9relt V\u00e1rosi Szabadul\u00f3szob\u00e1s J\u00e1t\u00e9kkal, oldjon meg fejt\u00f6r\u0151ket, teljes\u00edtsen k\u00fcldet\u00e9seket \u00e9s szerezze vissza az ellopott formul\u00e1kat a saj\u00e1t temp\u00f3j\u00e1ban!","breadcrumb":{"@id":"https:\/\/testwebsite.citygame.com\/hu\/games\/glasgow\/the-glasgow-syndicate\/#breadcrumb"},"inLanguage":"hu","potentialAction":[{"@type":"ReadAction","target":["https:\/\/testwebsite.citygame.com\/hu\/games\/glasgow\/the-glasgow-syndicate\/"]}]},{"@type":"ImageObject","inLanguage":"hu","@id":"https:\/\/testwebsite.citygame.com\/hu\/games\/glasgow\/the-glasgow-syndicate\/#primaryimage","url":"https:\/\/testwebsite.citygame.com\/wp-content\/blogs.dir\/1\/files\/sites\/62\/2026\/02\/glasgow-george-square-man-playing-city-game.jpg","contentUrl":"https:\/\/testwebsite.citygame.com\/wp-content\/blogs.dir\/1\/files\/sites\/62\/2026\/02\/glasgow-george-square-man-playing-city-game.jpg","width":1024,"height":1024,"caption":"A player uses a smartphone to explore a historic street corner in central Glasgow."},{"@type":"BreadcrumbList","@id":"https:\/\/testwebsite.citygame.com\/hu\/games\/glasgow\/the-glasgow-syndicate\/#breadcrumb","itemListElement":[{"@type":"ListItem","position":1,"name":"Home","item":"https:\/\/testwebsite.citygame.com\/hu\/"},{"@type":"ListItem","position":2,"name":"Shop","item":"https:\/\/testwebsite.citygame.com\/shop\/"},{"@type":"ListItem","position":3,"name":"The Glasgow Syndicate"}]},{"@type":"WebSite","@id":"https:\/\/testwebsite.upevents.nl\/#website","url":"https:\/\/testwebsite.upevents.nl\/","name":"City Game","description":"","publisher":{"@id":"https:\/\/testwebsite.upevents.nl\/#organization"},"alternateName":"citygame.com","potentialAction":[{"@type":"SearchAction","target":{"@type":"EntryPoint","urlTemplate":"https:\/\/testwebsite.upevents.nl\/?s={search_term_string}"},"query-input":{"@type":"PropertyValueSpecification","valueRequired":true,"valueName":"search_term_string"}}],"inLanguage":"hu"},{"@type":["Organization","Place"],"@id":"https:\/\/testwebsite.upevents.nl\/#organization","name":"City Game","alternateName":"citygame.com","url":"https:\/\/testwebsite.upevents.nl\/","logo":{"@id":"https:\/\/testwebsite.citygame.com\/hu\/games\/glasgow\/the-glasgow-syndicate\/#local-main-organization-logo"},"image":{"@id":"https:\/\/testwebsite.citygame.com\/hu\/games\/glasgow\/the-glasgow-syndicate\/#local-main-organization-logo"},"sameAs":["https:\/\/www.facebook.com\/profile.php?id=100086426226253","https:\/\/www.instagram.com\/citygame_com","https:\/\/www.tiktok.com\/@citygamecom\/","https:\/\/www.linkedin.com\/company\/citygame-com"],"description":"Turn any city into a playground with our interactive City Games and self-guided tours. Fun, flexible, and ideal for groups and team building.","telephone":[],"openingHoursSpecification":[{"@type":"OpeningHoursSpecification","dayOfWeek":["Monday","Tuesday","Wednesday","Thursday","Friday","Saturday","Sunday"],"opens":"09:00","closes":"17:00"}]},{"@type":"ImageObject","inLanguage":"hu","@id":"https:\/\/testwebsite.citygame.com\/hu\/games\/glasgow\/the-glasgow-syndicate\/#local-main-organization-logo","url":"https:\/\/testwebsite.citygame.com\/wp-content\/blogs.dir\/1\/files\/sites\/62\/2025\/10\/CG_LOGO-City-Game.png","contentUrl":"https:\/\/testwebsite.citygame.com\/wp-content\/blogs.dir\/1\/files\/sites\/62\/2025\/10\/CG_LOGO-City-Game.png","width":351,"height":377,"caption":"City Game"}]}},"taxonomy_info":{"game-concept":[{"value":745,"label":"Syndicate"}],"location":[{"value":178,"label":"Glasgow"}],"product_cat":[{"value":27,"label":"Geen categorie"}]},"featured_image_src_large":["https:\/\/testwebsite.citygame.com\/wp-content\/blogs.dir\/1\/files\/sites\/62\/2026\/02\/glasgow-george-square-man-playing-city-game.jpg",1024,1024,false],"author_info":[],"comment_info":"","_links":{"self":[{"href":"https:\/\/testwebsite.citygame.com\/hu\/wp-json\/wp\/v2\/product\/63316","targetHints":{"allow":["GET"]}}],"collection":[{"href":"https:\/\/testwebsite.citygame.com\/hu\/wp-json\/wp\/v2\/product"}],"about":[{"href":"https:\/\/testwebsite.citygame.com\/hu\/wp-json\/wp\/v2\/types\/product"}],"acf:post":[{"embeddable":true,"href":"https:\/\/testwebsite.citygame.com\/hu\/wp-json\/wp\/v2\/pages\/15391"}],"wp:featuredmedia":[{"embeddable":true,"href":"https:\/\/testwebsite.citygame.com\/hu\/wp-json\/wp\/v2\/media\/15393"}],"wp:attachment":[{"href":"https:\/\/testwebsite.citygame.com\/hu\/wp-json\/wp\/v2\/media?parent=63316"}],"wp:term":[{"taxonomy":"game-concept","embeddable":true,"href":"https:\/\/testwebsite.citygame.com\/hu\/wp-json\/wp\/v2\/game-concept?post=63316"},{"taxonomy":"location","embeddable":true,"href":"https:\/\/testwebsite.citygame.com\/hu\/wp-json\/wp\/v2\/location?post=63316"},{"taxonomy":"product_brand","embeddable":true,"href":"https:\/\/testwebsite.citygame.com\/hu\/wp-json\/wp\/v2\/product_brand?post=63316"},{"taxonomy":"product_cat","embeddable":true,"href":"https:\/\/testwebsite.citygame.com\/hu\/wp-json\/wp\/v2\/product_cat?post=63316"},{"taxonomy":"product_tag","embeddable":true,"href":"https:\/\/testwebsite.citygame.com\/hu\/wp-json\/wp\/v2\/product_tag?post=63316"}],"curies":[{"name":"wp","href":"https:\/\/api.w.org\/{rel}","templated":true}]}}