{"id":63254,"date":"2026-03-19T09:37:02","date_gmt":"2026-03-19T09:37:02","guid":{"rendered":"https:\/\/testwebsite.citygame.com\/games\/unknown-location\/secrets-of-luxembourg-city\/"},"modified":"2026-04-08T11:17:37","modified_gmt":"2026-04-08T11:17:37","slug":"secrets-of-luxembourg-city","status":"publish","type":"product","link":"https:\/\/testwebsite.citygame.com\/hu\/games\/luxembourg-city\/secrets-of-luxembourg-city\/","title":{"rendered":"Secrets of Luxembourg City"},"content":{"rendered":"<p>A &#8216;Secrets of Luxembourg City Game&#8217; egy \u00f6nvezet\u0151, GPS-alap\u00fa City Game, amely Luxembourg t\u00f6rt\u00e9nelmi k\u00f6zpontj\u00e1ban bontakozik ki. Felfedez\u0151 j\u00e1t\u00e9kk\u00e9nt arra \u00f6szt\u00f6nzi a j\u00e1t\u00e9kosokat, hogy okostelefonjuk seg\u00edts\u00e9g\u00e9vel elm\u00e9lyedjenek a v\u00e1rosban, mik\u00f6zben izgalmas fejt\u00f6r\u0151ket, rejtv\u00e9nyeket \u00e9s fot\u00f3s kih\u00edv\u00e1sokat oldanak meg az \u00fatvonal ment\u00e9n. A j\u00e1t\u00e9k sor\u00e1n a r\u00e9sztvev\u0151k megismerhetik Luxembourg v\u00e1ros gazdag t\u00f6rt\u00e9nelm\u00e9t, kult\u00far\u00e1j\u00e1t \u00e9s a falai k\u00f6zt rejl\u0151, id\u0151tlen r\u00e9szleteket. A j\u00e1t\u00e9k t\u00f6k\u00e9letesen alkalmas a r\u00e9sztvev\u0151k sz\u00e9les k\u00f6r\u00e9nek \u2014 az egy\u00e9ni, k\u00edv\u00e1ncsi j\u00e1t\u00e9kosokt\u00f3l a p\u00e1rokon, csal\u00e1dokon \u00e9s bar\u00e1ti t\u00e1rsas\u00e1gokon \u00e1t \u2014, lehet\u0151v\u00e9 t\u00e9ve a helyiek \u00e9s a l\u00e1togat\u00f3k sz\u00e1m\u00e1ra egyar\u00e1nt, hogy egy mag\u00e1val ragad\u00f3 \u00e9s j\u00e1t\u00e9kos szemsz\u00f6gb\u0151l tapasztalj\u00e1k meg a v\u00e1rost.<\/p>\n","protected":false},"excerpt":{"rendered":"<p>Fedezze fel Luxembourg v\u00e1ros gazdag \u00f6r\u00f6ks\u00e9g\u00e9t! J\u00e1rja be az \u00e9p\u00edt\u00e9szeti csod\u00e1kat, melyek a v\u00e1ros m\u00faltb\u00e9li dics\u0151s\u00e9g\u00e9r\u0151l tan\u00faskodnak, a bevehetetlen er\u0151d\u00f6kt\u0151l a nagyszab\u00e1s\u00fa hercegi palot\u00e1kig. Luxembourg v\u00e1rosa a t\u00f6rt\u00e9nelmi vonzer\u0151 \u00e9s a modern kifinomults\u00e1g leny\u0171g\u00f6z\u0151 \u00f6tv\u00f6zete, mely csak arra v\u00e1r, hogy felfedezz\u00e9k.<\/p>\n","protected":false},"featured_media":19258,"template":"","meta":{"_acf_changed":false,"_yoast_wpseo_focuskw":"Secrets of Luxembourg City","_yoast_wpseo_metadesc":"Secrets of Luxembourg City. J\u00e1tsszon egy \u00f6nvezet\u0151 City Game-et, \u00e9s fedezze fel a v\u00e1rost fejt\u00f6r\u0151k, rejtv\u00e9nyek \u00e9s kih\u00edv\u00e1sok seg\u00edts\u00e9g\u00e9vel. J\u00e1tsszon a saj\u00e1t temp\u00f3j\u00e1ban, \u00e9s fedezzen fel, mint egy helyi!","_kad_blocks_custom_css":"","_kad_blocks_head_custom_js":"","_kad_blocks_body_custom_js":"","_kad_blocks_footer_custom_js":"","ghostkit_customizer_options":"","ghostkit_custom_css":"","ghostkit_custom_js_head":"","ghostkit_custom_js_foot":"","ghostkit_typography":"","_kad_post_transparent":"","_kad_post_title":"","_kad_post_layout":"","_kad_post_sidebar_id":"","_kad_post_content_style":"","_kad_post_vertical_padding":"","_kad_post_feature":"","_kad_post_feature_position":"","_kad_post_header":false,"_kad_post_footer":false,"_kad_post_classname":"","_links_to":"","_links_to_target":""},"game-concept":[715],"location":[553],"product_brand":[],"product_cat":[27],"product_tag":[],"class_list":{"0":"post-63254","1":"product","2":"type-product","3":"status-publish","4":"has-post-thumbnail","6":"game-concept-secrets","7":"location-luxembourg-city","8":"product_cat-geen-categorie","10":"first","11":"instock","12":"shipping-taxable","13":"purchasable","14":"product-type-simple","15":"entry","16":"content-bg","17":"loop-entry"},"acf":{"full_bokun_product_name":"Self-Guided Secrets of Luxembourg Exploration Game","location_name":"Luxembourg City","bokun_calendar_widget_code":"<script type=\"text\/javascript\" src=\"https:\/\/widgets.bokun.io\/assets\/javascripts\/apps\/build\/BokunWidgetsLoader.js?bookingChannelUUID=a1e93e96-5232-4734-a595-28405f4b5a31\" async><\/script>\n     \n    <div class=\"bokunWidget\" data-src=\"https:\/\/widgets.bokun.io\/online-sales\/a1e93e96-5232-4734-a595-28405f4b5a31\/experience-calendar\/872766\"><\/div>\n    <noscript>Please enable javascript in your browser to book<\/noscript>","bokun_button_widget_code":"<script type=\"text\/javascript\" src=\"https:\/\/widgets.bokun.io\/assets\/javascripts\/apps\/build\/BokunWidgetsLoader.js?bookingChannelUUID=a1e93e96-5232-4734-a595-28405f4b5a31\" async><\/script>\n      <style> #bokun_ed001e45_5927_4f62_b470_ca766338d083 { display: inline-block; padding: .4em 1em; background: #47b82e; border-radius: 999999px; box-shadow: none; font-weight: 600; font-size: 24px; text-decoration: none; text-align: center; color: #FFFFFF; border:none; cursor: pointer; transition: background .2s ease; } #bokun_ed001e45_5927_4f62_b470_ca766338d083:hover{ background: #2f7b1f; } #bokun_ed001e45_5927_4f62_b470_ca766338d083:active{ background: #378f24; } <\/style> <button class=\"bokunButton\" disabled id=bokun_ed001e45_5927_4f62_b470_ca766338d083 data-src=\"https:\/\/widgets.bokun.io\/online-sales\/a1e93e96-5232-4734-a595-28405f4b5a31\/experience-calendar\/872766?partialView=1\" data-testid=\"widget-book-button\" > Book now <\/button> ","what_you\u2019ll_experience_during_the_game":"Tapasztaljon meg a v\u00e1rosn\u00e9z\u00e9s \u00e9s az interakt\u00edv j\u00e1t\u00e9k egyedi \u00f6tv\u00f6zet\u00e9t, mik\u00f6zben elmer\u00fcl a Secrets of Luxembourg City Game-ben. Ez a felfedez\u0151 j\u00e1t\u00e9k v\u00e9gigvezeti \u00d6nt Luxembourg v\u00e1ros h\u00edres \u00e9s rejtett zugain egyar\u00e1nt, mag\u00e1val ragad\u00f3 t\u00f6rt\u00e9netet \u00e9s izgalmas kih\u00edv\u00e1sokat k\u00edn\u00e1lva az \u00fat sor\u00e1n. An\u00e9lk\u00fcl, hogy b\u00e1rmilyen konkr\u00e9t \u00fatvonalat vagy sorrendet k\u00f6vetne, \u00e9rt\u00e9kelni fogja a v\u00e1ltozatos t\u00e1jakat a ny\u00fczsg\u0151 terekt\u0151l az \u00e9rdekes k\u00f6z\u00e9pkori tornyokig. A f\u0151bb l\u00e1tv\u00e1nyoss\u00e1gok k\u00f6z\u00e9 tartozik az ikonikus v\u00e1r nagys\u00e1ga, amely a v\u00e1ros sz\u00edv\u00e9ben tal\u00e1lhat\u00f3, a fest\u0151i parkok nyugalma \u00e9s a furcsa, kanyarg\u00f3s utc\u00e1k b\u00e1ja.\n\nA Luxembourg City Game nem a tipikus v\u00e1rosfelfedez\u00e9s. Mik\u00f6zben utazik Luxembourg v\u00e1ros\u00e1n kereszt\u00fcl, fejt\u00f6r\u0151kkel, rejtv\u00e9nyekkel \u00e9s elgondolkodtat\u00f3 k\u00e9rd\u00e9sekkel tal\u00e1lkozik, amelyek gazdag\u00edtj\u00e1k v\u00e1rosn\u00e9z\u0151 \u00e9lm\u00e9ny\u00e9t. Az interakt\u00edv fot\u00f3s kih\u00edv\u00e1sok c\u00e9lja, hogy bevonj\u00e1k kreat\u00edv oldal\u00e1t, \u00e9s seg\u00edtsenek pontokat szerezni, mik\u00f6zben m\u00e9lyebben belemer\u00fcl a v\u00e1ros t\u00f6rt\u00e9nelm\u00e9be. Ezek a kih\u00edv\u00e1sok tippeket is feloldhatnak, amelyek k\u00f6zelebb visznek a v\u00e1ros utols\u00f3, \u00e1mulatba ejt\u0151 rejt\u00e9ly\u00e9nek megold\u00e1s\u00e1hoz. B\u00e1rmikor sz\u00fcneteltetheti a j\u00e1t\u00e9kot, \u00e9s b\u00e1rmikor folytathatja, amikor csak szeretn\u00e9. Ha versenyszellem lakozik \u00d6nben, a City Game egy ranglist\u00e1t is megjelen\u00edt, ahol magas pontsz\u00e1mra \u00e9s dicseked\u00e9sre m\u00e9lt\u00f3 eredm\u00e9nyekre t\u00f6rekedhet.","how_to_play":"Foglalja le az Exploration Game-et, ellen\u0151rizze az \u00e1ltalunk k\u00fcld\u00f6tt e-mailt az egyszer\u0171 utas\u00edt\u00e1sokkal, t\u00f6ltse le a Loquiz App-ot, l\u00e9pjen be az Exploration Game-be, \u00e9s k\u00e9szen \u00e1ll a j\u00e1t\u00e9k\u00e9lm\u00e9ny megkezd\u00e9s\u00e9re!","start_location":" Luxembourg, Centre municipal (Luxembourg)","available_languages":["en"],"players_per_group":"1-4","duration":"1.5-2 hours","image_overlay_color_image":"https:\/\/testwebsite.citygame.com\/wp-content\/blogs.dir\/1\/files\/sites\/62\/2026\/01\/SecretsColor.svg","image_overlay_game_logo":"https:\/\/testwebsite.citygame.com\/wp-content\/blogs.dir\/1\/files\/sites\/62\/2026\/01\/SecretsLogo.png","city_page":12299,"woocommerce_general_content":null},"yoast_head":"<!-- This site is optimized with the Yoast SEO Premium plugin v26.2 (Yoast SEO v26.3) - https:\/\/yoast.com\/wordpress\/plugins\/seo\/ -->\n<title>Secrets of Luxembourg City - City Game<\/title>\n<meta name=\"description\" content=\"Secrets of Luxembourg City. J\u00e1tsszon egy \u00f6nvezet\u0151 City Game-et, \u00e9s fedezze fel a v\u00e1rost fejt\u00f6r\u0151k, rejtv\u00e9nyek \u00e9s kih\u00edv\u00e1sok seg\u00edts\u00e9g\u00e9vel. J\u00e1tsszon a saj\u00e1t temp\u00f3j\u00e1ban, \u00e9s fedezzen fel, mint egy helyi!\" \/>\n<meta name=\"robots\" content=\"noindex, follow, max-snippet:-1, max-image-preview:large, max-video-preview:-1\" \/>\n<meta property=\"og:locale\" content=\"hu_HU\" \/>\n<meta property=\"og:type\" content=\"article\" \/>\n<meta property=\"og:title\" content=\"Secrets of Luxembourg City\" \/>\n<meta property=\"og:description\" content=\"Secrets of Luxembourg City. J\u00e1tsszon egy \u00f6nvezet\u0151 City Game-et, \u00e9s fedezze fel a v\u00e1rost fejt\u00f6r\u0151k, rejtv\u00e9nyek \u00e9s kih\u00edv\u00e1sok seg\u00edts\u00e9g\u00e9vel. J\u00e1tsszon a saj\u00e1t temp\u00f3j\u00e1ban, \u00e9s fedezzen fel, mint egy helyi!\" \/>\n<meta property=\"og:url\" content=\"https:\/\/testwebsite.citygame.com\/hu\/games\/luxembourg-city\/secrets-of-luxembourg-city\/\" \/>\n<meta property=\"og:site_name\" content=\"City Game\" \/>\n<meta property=\"article:publisher\" content=\"https:\/\/www.facebook.com\/profile.php?id=100086426226253\" \/>\n<meta property=\"article:modified_time\" content=\"2026-04-08T11:17:37+00:00\" \/>\n<meta property=\"og:image\" content=\"https:\/\/testwebsite.citygame.com\/wp-content\/blogs.dir\/1\/files\/sites\/62\/2026\/03\/luxembourg-city-players-looking-at-phone-in-front-of-old-town.jpg\" \/>\n\t<meta property=\"og:image:width\" content=\"1024\" \/>\n\t<meta property=\"og:image:height\" content=\"1024\" \/>\n\t<meta property=\"og:image:type\" content=\"image\/jpeg\" \/>\n<meta name=\"twitter:card\" content=\"summary_large_image\" \/>\n<meta name=\"twitter:label1\" content=\"Becs\u00fclt olvas\u00e1si id\u0151\" \/>\n\t<meta name=\"twitter:data1\" content=\"1 perc\" \/>\n<script type=\"application\/ld+json\" class=\"yoast-schema-graph\">{\"@context\":\"https:\/\/schema.org\",\"@graph\":[{\"@type\":\"WebPage\",\"@id\":\"https:\/\/testwebsite.citygame.com\/hu\/games\/luxembourg-city\/secrets-of-luxembourg-city\/\",\"url\":\"https:\/\/testwebsite.citygame.com\/hu\/games\/luxembourg-city\/secrets-of-luxembourg-city\/\",\"name\":\"Secrets of Luxembourg City - City Game\",\"isPartOf\":{\"@id\":\"https:\/\/testwebsite.upevents.nl\/#website\"},\"primaryImageOfPage\":{\"@id\":\"https:\/\/testwebsite.citygame.com\/hu\/games\/luxembourg-city\/secrets-of-luxembourg-city\/#primaryimage\"},\"image\":{\"@id\":\"https:\/\/testwebsite.citygame.com\/hu\/games\/luxembourg-city\/secrets-of-luxembourg-city\/#primaryimage\"},\"thumbnailUrl\":\"https:\/\/testwebsite.citygame.com\/wp-content\/blogs.dir\/1\/files\/sites\/62\/2026\/03\/luxembourg-city-players-looking-at-phone-in-front-of-old-town.jpg\",\"datePublished\":\"2026-03-19T09:37:02+00:00\",\"dateModified\":\"2026-04-08T11:17:37+00:00\",\"description\":\"Secrets of Luxembourg City. J\u00e1tsszon egy \u00f6nvezet\u0151 City Game-et, \u00e9s fedezze fel a v\u00e1rost fejt\u00f6r\u0151k, rejtv\u00e9nyek \u00e9s kih\u00edv\u00e1sok seg\u00edts\u00e9g\u00e9vel. J\u00e1tsszon a saj\u00e1t temp\u00f3j\u00e1ban, \u00e9s fedezzen fel, mint egy helyi!\",\"breadcrumb\":{\"@id\":\"https:\/\/testwebsite.citygame.com\/hu\/games\/luxembourg-city\/secrets-of-luxembourg-city\/#breadcrumb\"},\"inLanguage\":\"hu\",\"potentialAction\":[{\"@type\":\"ReadAction\",\"target\":[\"https:\/\/testwebsite.citygame.com\/hu\/games\/luxembourg-city\/secrets-of-luxembourg-city\/\"]}]},{\"@type\":\"ImageObject\",\"inLanguage\":\"hu\",\"@id\":\"https:\/\/testwebsite.citygame.com\/hu\/games\/luxembourg-city\/secrets-of-luxembourg-city\/#primaryimage\",\"url\":\"https:\/\/testwebsite.citygame.com\/wp-content\/blogs.dir\/1\/files\/sites\/62\/2026\/03\/luxembourg-city-players-looking-at-phone-in-front-of-old-town.jpg\",\"contentUrl\":\"https:\/\/testwebsite.citygame.com\/wp-content\/blogs.dir\/1\/files\/sites\/62\/2026\/03\/luxembourg-city-players-looking-at-phone-in-front-of-old-town.jpg\",\"width\":1024,\"height\":1024,\"caption\":\"A group of young friends happily collaborates while looking at a smartphone in Luxembourg City.\"},{\"@type\":\"BreadcrumbList\",\"@id\":\"https:\/\/testwebsite.citygame.com\/hu\/games\/luxembourg-city\/secrets-of-luxembourg-city\/#breadcrumb\",\"itemListElement\":[{\"@type\":\"ListItem\",\"position\":1,\"name\":\"Home\",\"item\":\"https:\/\/testwebsite.citygame.com\/hu\/\"},{\"@type\":\"ListItem\",\"position\":2,\"name\":\"Shop\",\"item\":\"https:\/\/testwebsite.citygame.com\/shop\/\"},{\"@type\":\"ListItem\",\"position\":3,\"name\":\"Secrets of Luxembourg City\"}]},{\"@type\":\"WebSite\",\"@id\":\"https:\/\/testwebsite.upevents.nl\/#website\",\"url\":\"https:\/\/testwebsite.upevents.nl\/\",\"name\":\"City Game\",\"description\":\"\",\"publisher\":{\"@id\":\"https:\/\/testwebsite.upevents.nl\/#organization\"},\"alternateName\":\"citygame.com\",\"potentialAction\":[{\"@type\":\"SearchAction\",\"target\":{\"@type\":\"EntryPoint\",\"urlTemplate\":\"https:\/\/testwebsite.upevents.nl\/?s={search_term_string}\"},\"query-input\":{\"@type\":\"PropertyValueSpecification\",\"valueRequired\":true,\"valueName\":\"search_term_string\"}}],\"inLanguage\":\"hu\"},{\"@type\":[\"Organization\",\"Place\"],\"@id\":\"https:\/\/testwebsite.upevents.nl\/#organization\",\"name\":\"City Game\",\"alternateName\":\"citygame.com\",\"url\":\"https:\/\/testwebsite.upevents.nl\/\",\"logo\":{\"@id\":\"https:\/\/testwebsite.citygame.com\/hu\/games\/luxembourg-city\/secrets-of-luxembourg-city\/#local-main-organization-logo\"},\"image\":{\"@id\":\"https:\/\/testwebsite.citygame.com\/hu\/games\/luxembourg-city\/secrets-of-luxembourg-city\/#local-main-organization-logo\"},\"sameAs\":[\"https:\/\/www.facebook.com\/profile.php?id=100086426226253\",\"https:\/\/www.instagram.com\/citygame_com\",\"https:\/\/www.tiktok.com\/@citygamecom\/\",\"https:\/\/www.linkedin.com\/company\/citygame-com\"],\"description\":\"Turn any city into a playground with our interactive City Games and self-guided tours. Fun, flexible, and ideal for groups and team building.\",\"telephone\":[],\"openingHoursSpecification\":[{\"@type\":\"OpeningHoursSpecification\",\"dayOfWeek\":[\"Monday\",\"Tuesday\",\"Wednesday\",\"Thursday\",\"Friday\",\"Saturday\",\"Sunday\"],\"opens\":\"09:00\",\"closes\":\"17:00\"}]},{\"@type\":\"ImageObject\",\"inLanguage\":\"hu\",\"@id\":\"https:\/\/testwebsite.citygame.com\/hu\/games\/luxembourg-city\/secrets-of-luxembourg-city\/#local-main-organization-logo\",\"url\":\"https:\/\/testwebsite.citygame.com\/wp-content\/blogs.dir\/1\/files\/sites\/62\/2025\/10\/CG_LOGO-City-Game.png\",\"contentUrl\":\"https:\/\/testwebsite.citygame.com\/wp-content\/blogs.dir\/1\/files\/sites\/62\/2025\/10\/CG_LOGO-City-Game.png\",\"width\":351,\"height\":377,\"caption\":\"City Game\"}]}<\/script>\n<!-- \/ Yoast SEO Premium plugin. -->","yoast_head_json":{"title":"Secrets of Luxembourg City - City Game","description":"Secrets of Luxembourg City. J\u00e1tsszon egy \u00f6nvezet\u0151 City Game-et, \u00e9s fedezze fel a v\u00e1rost fejt\u00f6r\u0151k, rejtv\u00e9nyek \u00e9s kih\u00edv\u00e1sok seg\u00edts\u00e9g\u00e9vel. J\u00e1tsszon a saj\u00e1t temp\u00f3j\u00e1ban, \u00e9s fedezzen fel, mint egy helyi!","robots":{"index":"noindex","follow":"follow","max-snippet":"max-snippet:-1","max-image-preview":"max-image-preview:large","max-video-preview":"max-video-preview:-1"},"og_locale":"hu_HU","og_type":"article","og_title":"Secrets of Luxembourg City","og_description":"Secrets of Luxembourg City. J\u00e1tsszon egy \u00f6nvezet\u0151 City Game-et, \u00e9s fedezze fel a v\u00e1rost fejt\u00f6r\u0151k, rejtv\u00e9nyek \u00e9s kih\u00edv\u00e1sok seg\u00edts\u00e9g\u00e9vel. J\u00e1tsszon a saj\u00e1t temp\u00f3j\u00e1ban, \u00e9s fedezzen fel, mint egy helyi!","og_url":"https:\/\/testwebsite.citygame.com\/hu\/games\/luxembourg-city\/secrets-of-luxembourg-city\/","og_site_name":"City Game","article_publisher":"https:\/\/www.facebook.com\/profile.php?id=100086426226253","article_modified_time":"2026-04-08T11:17:37+00:00","og_image":[{"width":1024,"height":1024,"url":"https:\/\/testwebsite.citygame.com\/wp-content\/blogs.dir\/1\/files\/sites\/62\/2026\/03\/luxembourg-city-players-looking-at-phone-in-front-of-old-town.jpg","type":"image\/jpeg"}],"twitter_card":"summary_large_image","twitter_misc":{"Becs\u00fclt olvas\u00e1si id\u0151":"1 perc"},"schema":{"@context":"https:\/\/schema.org","@graph":[{"@type":"WebPage","@id":"https:\/\/testwebsite.citygame.com\/hu\/games\/luxembourg-city\/secrets-of-luxembourg-city\/","url":"https:\/\/testwebsite.citygame.com\/hu\/games\/luxembourg-city\/secrets-of-luxembourg-city\/","name":"Secrets of Luxembourg City - City Game","isPartOf":{"@id":"https:\/\/testwebsite.upevents.nl\/#website"},"primaryImageOfPage":{"@id":"https:\/\/testwebsite.citygame.com\/hu\/games\/luxembourg-city\/secrets-of-luxembourg-city\/#primaryimage"},"image":{"@id":"https:\/\/testwebsite.citygame.com\/hu\/games\/luxembourg-city\/secrets-of-luxembourg-city\/#primaryimage"},"thumbnailUrl":"https:\/\/testwebsite.citygame.com\/wp-content\/blogs.dir\/1\/files\/sites\/62\/2026\/03\/luxembourg-city-players-looking-at-phone-in-front-of-old-town.jpg","datePublished":"2026-03-19T09:37:02+00:00","dateModified":"2026-04-08T11:17:37+00:00","description":"Secrets of Luxembourg City. J\u00e1tsszon egy \u00f6nvezet\u0151 City Game-et, \u00e9s fedezze fel a v\u00e1rost fejt\u00f6r\u0151k, rejtv\u00e9nyek \u00e9s kih\u00edv\u00e1sok seg\u00edts\u00e9g\u00e9vel. J\u00e1tsszon a saj\u00e1t temp\u00f3j\u00e1ban, \u00e9s fedezzen fel, mint egy helyi!","breadcrumb":{"@id":"https:\/\/testwebsite.citygame.com\/hu\/games\/luxembourg-city\/secrets-of-luxembourg-city\/#breadcrumb"},"inLanguage":"hu","potentialAction":[{"@type":"ReadAction","target":["https:\/\/testwebsite.citygame.com\/hu\/games\/luxembourg-city\/secrets-of-luxembourg-city\/"]}]},{"@type":"ImageObject","inLanguage":"hu","@id":"https:\/\/testwebsite.citygame.com\/hu\/games\/luxembourg-city\/secrets-of-luxembourg-city\/#primaryimage","url":"https:\/\/testwebsite.citygame.com\/wp-content\/blogs.dir\/1\/files\/sites\/62\/2026\/03\/luxembourg-city-players-looking-at-phone-in-front-of-old-town.jpg","contentUrl":"https:\/\/testwebsite.citygame.com\/wp-content\/blogs.dir\/1\/files\/sites\/62\/2026\/03\/luxembourg-city-players-looking-at-phone-in-front-of-old-town.jpg","width":1024,"height":1024,"caption":"A group of young friends happily collaborates while looking at a smartphone in Luxembourg City."},{"@type":"BreadcrumbList","@id":"https:\/\/testwebsite.citygame.com\/hu\/games\/luxembourg-city\/secrets-of-luxembourg-city\/#breadcrumb","itemListElement":[{"@type":"ListItem","position":1,"name":"Home","item":"https:\/\/testwebsite.citygame.com\/hu\/"},{"@type":"ListItem","position":2,"name":"Shop","item":"https:\/\/testwebsite.citygame.com\/shop\/"},{"@type":"ListItem","position":3,"name":"Secrets of Luxembourg City"}]},{"@type":"WebSite","@id":"https:\/\/testwebsite.upevents.nl\/#website","url":"https:\/\/testwebsite.upevents.nl\/","name":"City Game","description":"","publisher":{"@id":"https:\/\/testwebsite.upevents.nl\/#organization"},"alternateName":"citygame.com","potentialAction":[{"@type":"SearchAction","target":{"@type":"EntryPoint","urlTemplate":"https:\/\/testwebsite.upevents.nl\/?s={search_term_string}"},"query-input":{"@type":"PropertyValueSpecification","valueRequired":true,"valueName":"search_term_string"}}],"inLanguage":"hu"},{"@type":["Organization","Place"],"@id":"https:\/\/testwebsite.upevents.nl\/#organization","name":"City Game","alternateName":"citygame.com","url":"https:\/\/testwebsite.upevents.nl\/","logo":{"@id":"https:\/\/testwebsite.citygame.com\/hu\/games\/luxembourg-city\/secrets-of-luxembourg-city\/#local-main-organization-logo"},"image":{"@id":"https:\/\/testwebsite.citygame.com\/hu\/games\/luxembourg-city\/secrets-of-luxembourg-city\/#local-main-organization-logo"},"sameAs":["https:\/\/www.facebook.com\/profile.php?id=100086426226253","https:\/\/www.instagram.com\/citygame_com","https:\/\/www.tiktok.com\/@citygamecom\/","https:\/\/www.linkedin.com\/company\/citygame-com"],"description":"Turn any city into a playground with our interactive City Games and self-guided tours. Fun, flexible, and ideal for groups and team building.","telephone":[],"openingHoursSpecification":[{"@type":"OpeningHoursSpecification","dayOfWeek":["Monday","Tuesday","Wednesday","Thursday","Friday","Saturday","Sunday"],"opens":"09:00","closes":"17:00"}]},{"@type":"ImageObject","inLanguage":"hu","@id":"https:\/\/testwebsite.citygame.com\/hu\/games\/luxembourg-city\/secrets-of-luxembourg-city\/#local-main-organization-logo","url":"https:\/\/testwebsite.citygame.com\/wp-content\/blogs.dir\/1\/files\/sites\/62\/2025\/10\/CG_LOGO-City-Game.png","contentUrl":"https:\/\/testwebsite.citygame.com\/wp-content\/blogs.dir\/1\/files\/sites\/62\/2025\/10\/CG_LOGO-City-Game.png","width":351,"height":377,"caption":"City Game"}]}},"taxonomy_info":{"game-concept":[{"value":715,"label":"Secrets"}],"location":[{"value":553,"label":"Luxembourg City"}],"product_cat":[{"value":27,"label":"Geen categorie"}]},"featured_image_src_large":["https:\/\/testwebsite.citygame.com\/wp-content\/blogs.dir\/1\/files\/sites\/62\/2026\/03\/luxembourg-city-players-looking-at-phone-in-front-of-old-town.jpg",1024,1024,false],"author_info":[],"comment_info":"","_links":{"self":[{"href":"https:\/\/testwebsite.citygame.com\/hu\/wp-json\/wp\/v2\/product\/63254","targetHints":{"allow":["GET"]}}],"collection":[{"href":"https:\/\/testwebsite.citygame.com\/hu\/wp-json\/wp\/v2\/product"}],"about":[{"href":"https:\/\/testwebsite.citygame.com\/hu\/wp-json\/wp\/v2\/types\/product"}],"acf:post":[{"embeddable":true,"href":"https:\/\/testwebsite.citygame.com\/hu\/wp-json\/wp\/v2\/pages\/12299"}],"wp:featuredmedia":[{"embeddable":true,"href":"https:\/\/testwebsite.citygame.com\/hu\/wp-json\/wp\/v2\/media\/19258"}],"wp:attachment":[{"href":"https:\/\/testwebsite.citygame.com\/hu\/wp-json\/wp\/v2\/media?parent=63254"}],"wp:term":[{"taxonomy":"game-concept","embeddable":true,"href":"https:\/\/testwebsite.citygame.com\/hu\/wp-json\/wp\/v2\/game-concept?post=63254"},{"taxonomy":"location","embeddable":true,"href":"https:\/\/testwebsite.citygame.com\/hu\/wp-json\/wp\/v2\/location?post=63254"},{"taxonomy":"product_brand","embeddable":true,"href":"https:\/\/testwebsite.citygame.com\/hu\/wp-json\/wp\/v2\/product_brand?post=63254"},{"taxonomy":"product_cat","embeddable":true,"href":"https:\/\/testwebsite.citygame.com\/hu\/wp-json\/wp\/v2\/product_cat?post=63254"},{"taxonomy":"product_tag","embeddable":true,"href":"https:\/\/testwebsite.citygame.com\/hu\/wp-json\/wp\/v2\/product_tag?post=63254"}],"curies":[{"name":"wp","href":"https:\/\/api.w.org\/{rel}","templated":true}]}}