{"id":63072,"date":"2026-02-12T09:29:20","date_gmt":"2026-02-12T09:29:20","guid":{"rendered":"https:\/\/testwebsite.citygame.com\/games\/unknown-location\/sherlock-holmes-agadir\/"},"modified":"2026-04-08T10:55:21","modified_gmt":"2026-04-08T10:55:21","slug":"sherlock-holmes-agadir","status":"publish","type":"product","link":"https:\/\/testwebsite.citygame.com\/hu\/games\/agadir\/sherlock-holmes-agadir\/","title":{"rendered":"Sherlock Holmes Agadir"},"content":{"rendered":"<p>L\u00e9pj be Sherlock Holmes vil\u00e1g\u00e1ba ezzel az \u00f6nvez\u00e9relt, t\u00f6rt\u00e9netk\u00f6zpont\u00fa gyilkoss\u00e1gi rejt\u00e9ly v\u00e1rosi j\u00e1t\u00e9kkal, amely Agadir v\u00e1rosk\u00f6zpontj\u00e1ban j\u00e1tsz\u00f3dik. Ahogy a v\u00e1ros egy leny\u0171g\u00f6z\u0151 detekt\u00edvnyomoz\u00e1s h\u00e1tter\u00e9v\u00e9 v\u00e1lik, egy kibontakoz\u00f3 narrat\u00edv\u00e1t k\u00f6vetsz, amely Agadir utc\u00e1in vezet kereszt\u00fcl, mik\u00f6zben a Liberty Fesztiv\u00e1l alatt elk\u00f6vetett gyilkoss\u00e1g m\u00f6g\u00f6tti igazs\u00e1got kutatod. Gy\u0171jts nyomokat, oldj meg kih\u00edv\u00e1st jelent\u0151 rejtv\u00e9nyeket, \u00e9s hallgass ki digit\u00e1lis gyan\u00fas\u00edtottakat a saj\u00e1t temp\u00f3dban, teljesen elmer\u00fclve ebben az izgalmas rejt\u00e9lyes \u00e9lm\u00e9nyben.<\/p>\n","protected":false},"excerpt":{"rendered":"<p>L\u00e9pj be Sherlock Holmes intrik\u00e1kkal teli vil\u00e1g\u00e1ba Agadirban, \u00e9s mer\u00fclj el egy leny\u0171g\u00f6z\u0151, \u00f6nvez\u00e9relt gyilkoss\u00e1gi rejt\u00e9lyben, amely bebor\u00edtja a v\u00e1rost. K\u00f6vesd a nyomokat, fejts meg \u00e9szbont\u00f3 rejtv\u00e9nyeket, \u00e9s m\u0171k\u00f6dj egy\u00fctt a csapatoddal, hogy felfedd az igazs\u00e1got egy sz\u0171k\u00f6s hat\u00e1rid\u0151n bel\u00fcl &#8211; itt az id\u0151, hogy megoldd az \u00fcgyet!<\/p>\n","protected":false},"featured_media":12794,"template":"","meta":{"_acf_changed":false,"_yoast_wpseo_focuskw":"Sherlock Holmes Agadir","_yoast_wpseo_metadesc":"Sherlock Holmes Agadir. J\u00e1tssz egy \u00f6nvez\u00e9relt gyilkoss\u00e1gi rejt\u00e9ly v\u00e1rosi j\u00e1t\u00e9kot, oldj meg rejtv\u00e9nyeket, k\u00f6vesd a nyomokat \u00e9s fedezd fel a gyilkost a saj\u00e1t temp\u00f3dban!","_kad_blocks_custom_css":"","_kad_blocks_head_custom_js":"","_kad_blocks_body_custom_js":"","_kad_blocks_footer_custom_js":"","ghostkit_customizer_options":"","ghostkit_custom_css":"","ghostkit_custom_js_head":"","ghostkit_custom_js_foot":"","ghostkit_typography":"","_kad_post_transparent":"","_kad_post_title":"","_kad_post_layout":"","_kad_post_sidebar_id":"","_kad_post_content_style":"","_kad_post_vertical_padding":"","_kad_post_feature":"","_kad_post_feature_position":"","_kad_post_header":false,"_kad_post_footer":false,"_kad_post_classname":"","_links_to":"","_links_to_target":""},"game-concept":[776],"location":[57],"product_brand":[],"product_cat":[27],"product_tag":[],"class_list":{"0":"post-63072","1":"product","2":"type-product","3":"status-publish","4":"has-post-thumbnail","6":"game-concept-sherlock","7":"location-agadir","8":"product_cat-geen-categorie","10":"first","11":"instock","12":"shipping-taxable","13":"purchasable","14":"product-type-simple","15":"entry","16":"content-bg","17":"loop-entry"},"acf":{"full_bokun_product_name":"Agadir Self-Guided Sherlock Holmes Murder Mystery Game","location_name":"Agadir","bokun_calendar_widget_code":"<script type=\"text\/javascript\" src=\"https:\/\/widgets.bokun.io\/assets\/javascripts\/apps\/build\/BokunWidgetsLoader.js?bookingChannelUUID=a1e93e96-5232-4734-a595-28405f4b5a31\" async><\/script>\n     \n    <div class=\"bokunWidget\" data-src=\"https:\/\/widgets.bokun.io\/online-sales\/a1e93e96-5232-4734-a595-28405f4b5a31\/experience-calendar\/772363\"><\/div>\n    <noscript>Please enable javascript in your browser to book<\/noscript>","bokun_button_widget_code":"<script type=\"text\/javascript\" src=\"https:\/\/widgets.bokun.io\/assets\/javascripts\/apps\/build\/BokunWidgetsLoader.js?bookingChannelUUID=a1e93e96-5232-4734-a595-28405f4b5a31\" async><\/script>\n      <style> #bokun_ed001e45_5927_4f62_b470_ca766338d083 { display: inline-block; padding: .4em 1em; background: #47b82e; border-radius: 999999px; box-shadow: none; font-weight: 600; font-size: 24px; text-decoration: none; text-align: center; color: #FFFFFF; border:none; cursor: pointer; transition: background .2s ease; } #bokun_ed001e45_5927_4f62_b470_ca766338d083:hover{ background: #2f7b1f; } #bokun_ed001e45_5927_4f62_b470_ca766338d083:active{ background: #378f24; } <\/style> <button class=\"bokunButton\" disabled id=bokun_ed001e45_5927_4f62_b470_ca766338d083 data-src=\"https:\/\/widgets.bokun.io\/online-sales\/a1e93e96-5232-4734-a595-28405f4b5a31\/experience-calendar\/772363?partialView=1\" data-testid=\"widget-book-button\" > Book now <\/button> ","what_you\u2019ll_experience_during_the_game":"Bel\u00e9psz egy lebilincsel\u0151 detekt\u00edvt\u00f6rt\u00e9netbe, amely Agadirban j\u00e1tsz\u00f3dik, ahol minden utca egy lehets\u00e9ges nyomot rejt, \u00e9s minden sarok egy gyan\u00fas\u00edtottat takarhat. Ahogy \u00e1thaladsz a v\u00e1roson, a nyomoz\u00e1s kibontakozik k\u00f6r\u00fcl\u00f6tted, egyre m\u00e9lyebbre vonva t\u00e9ged a Liberty Fesztiv\u00e1l alatt t\u00f6rt\u00e9nt gyilkoss\u00e1g rejt\u00e9ly\u00e9be. A k\u00fcldet\u00e9sed vil\u00e1gos: tal\u00e1ld meg az igazs\u00e1got, amely kusza alibik, v\u00e1ltoz\u00f3 tan\u00favallom\u00e1sok \u00e9s olyan titkok alatt rejt\u0151zik, amelyeket senki sem akar felfedni.\n\nKihallgatsz digit\u00e1lis gyan\u00fas\u00edtottakat, megvizsg\u00e1lod az ellentmond\u00e1sokat, \u00e9s minden r\u00e9szletet \u00e9les megfigyel\u00e9ssel \u00e9s dedukci\u00f3val elemzel. Fordulatok jelennek meg, ahogy rejtv\u00e9nyeket oldasz meg \u00e9s rejtett nyomokat fedezel fel, \u00e9beren tartva t\u00e9ged, mik\u00f6zben az \u00fcgy fejl\u0151dik. Az eg\u00e9sz \u00e9lm\u00e9ny teljesen t\u00f6rt\u00e9netk\u00f6zpont\u00fa, \u00e9s arra tervezt\u00e9k, hogy a kezdetekt\u0151l a v\u00e9g\u00e9ig kih\u00edv\u00e1st jelentsen a kritikus gondolkod\u00e1sodnak. B\u00e1rmikor sz\u00fcneteltetheted \u00e9s folytathatod a nyomoz\u00e1st, \u00edgy k\u00f6nnyen j\u00e1tszhatsz a saj\u00e1t temp\u00f3dban. Ha csapattal csatlakozol, egy opcion\u00e1lis versenyz\u0151i elem tov\u00e1bbi intrik\u00e1t ad hozz\u00e1.","how_to_play":"Dolgozz egyed\u00fcl, vagy bar\u00e1tokkal, csal\u00e1ddal, koll\u00e9g\u00e1kkal, legfeljebb n\u00e9gyf\u0151s csapatokban, eszk\u00f6z\u00f6nk\u00e9nt. A foglal\u00e1s ut\u00e1n egy \u00fatmutat\u00f3 e-mailt kapsz mindennel, amire sz\u00fcks\u00e9ged van.","start_location":"Agadir, Amazigh Heritage Museum","available_languages":["en","es","fr","de","it","nl"],"players_per_group":"1-4","duration":"1.5-2 hours","image_overlay_color_image":"https:\/\/testwebsite.citygame.com\/wp-content\/blogs.dir\/1\/files\/sites\/62\/2026\/01\/SherlockColor.svg","image_overlay_game_logo":"https:\/\/testwebsite.citygame.com\/wp-content\/blogs.dir\/1\/files\/sites\/62\/2026\/01\/SherlockLogo.png","city_page":12792,"woocommerce_general_content":null},"yoast_head":"<!-- This site is optimized with the Yoast SEO Premium plugin v26.2 (Yoast SEO v26.3) - https:\/\/yoast.com\/wordpress\/plugins\/seo\/ -->\n<title>Sherlock Holmes Agadir - City Game<\/title>\n<meta name=\"description\" content=\"Sherlock Holmes Agadir. J\u00e1tssz egy \u00f6nvez\u00e9relt gyilkoss\u00e1gi rejt\u00e9ly v\u00e1rosi j\u00e1t\u00e9kot, oldj meg rejtv\u00e9nyeket, k\u00f6vesd a nyomokat \u00e9s fedezd fel a gyilkost a saj\u00e1t temp\u00f3dban!\" \/>\n<meta name=\"robots\" content=\"noindex, follow, max-snippet:-1, max-image-preview:large, max-video-preview:-1\" \/>\n<meta property=\"og:locale\" content=\"hu_HU\" \/>\n<meta property=\"og:type\" content=\"article\" \/>\n<meta property=\"og:title\" content=\"Sherlock Holmes Agadir\" \/>\n<meta property=\"og:description\" content=\"Sherlock Holmes Agadir. J\u00e1tssz egy \u00f6nvez\u00e9relt gyilkoss\u00e1gi rejt\u00e9ly v\u00e1rosi j\u00e1t\u00e9kot, oldj meg rejtv\u00e9nyeket, k\u00f6vesd a nyomokat \u00e9s fedezd fel a gyilkost a saj\u00e1t temp\u00f3dban!\" \/>\n<meta property=\"og:url\" content=\"https:\/\/testwebsite.citygame.com\/hu\/games\/agadir\/sherlock-holmes-agadir\/\" \/>\n<meta property=\"og:site_name\" content=\"City Game\" \/>\n<meta property=\"article:publisher\" content=\"https:\/\/www.facebook.com\/profile.php?id=100086426226253\" \/>\n<meta property=\"article:modified_time\" content=\"2026-04-08T10:55:21+00:00\" \/>\n<meta property=\"og:image\" content=\"https:\/\/testwebsite.citygame.com\/wp-content\/blogs.dir\/1\/files\/sites\/62\/2026\/02\/group-of-friends-playing-city-game-agadir-stone-arch.jpg\" \/>\n\t<meta property=\"og:image:width\" content=\"1024\" \/>\n\t<meta property=\"og:image:height\" content=\"1024\" \/>\n\t<meta property=\"og:image:type\" content=\"image\/jpeg\" \/>\n<meta name=\"twitter:card\" content=\"summary_large_image\" \/>\n<meta name=\"twitter:label1\" content=\"Becs\u00fclt olvas\u00e1si id\u0151\" \/>\n\t<meta name=\"twitter:data1\" content=\"1 perc\" \/>\n<script type=\"application\/ld+json\" class=\"yoast-schema-graph\">{\"@context\":\"https:\/\/schema.org\",\"@graph\":[{\"@type\":\"WebPage\",\"@id\":\"https:\/\/testwebsite.citygame.com\/hu\/games\/agadir\/sherlock-holmes-agadir\/\",\"url\":\"https:\/\/testwebsite.citygame.com\/hu\/games\/agadir\/sherlock-holmes-agadir\/\",\"name\":\"Sherlock Holmes Agadir - City Game\",\"isPartOf\":{\"@id\":\"https:\/\/testwebsite.upevents.nl\/#website\"},\"primaryImageOfPage\":{\"@id\":\"https:\/\/testwebsite.citygame.com\/hu\/games\/agadir\/sherlock-holmes-agadir\/#primaryimage\"},\"image\":{\"@id\":\"https:\/\/testwebsite.citygame.com\/hu\/games\/agadir\/sherlock-holmes-agadir\/#primaryimage\"},\"thumbnailUrl\":\"https:\/\/testwebsite.citygame.com\/wp-content\/blogs.dir\/1\/files\/sites\/62\/2026\/02\/group-of-friends-playing-city-game-agadir-stone-arch.jpg\",\"datePublished\":\"2026-02-12T09:29:20+00:00\",\"dateModified\":\"2026-04-08T10:55:21+00:00\",\"description\":\"Sherlock Holmes Agadir. J\u00e1tssz egy \u00f6nvez\u00e9relt gyilkoss\u00e1gi rejt\u00e9ly v\u00e1rosi j\u00e1t\u00e9kot, oldj meg rejtv\u00e9nyeket, k\u00f6vesd a nyomokat \u00e9s fedezd fel a gyilkost a saj\u00e1t temp\u00f3dban!\",\"breadcrumb\":{\"@id\":\"https:\/\/testwebsite.citygame.com\/hu\/games\/agadir\/sherlock-holmes-agadir\/#breadcrumb\"},\"inLanguage\":\"hu\",\"potentialAction\":[{\"@type\":\"ReadAction\",\"target\":[\"https:\/\/testwebsite.citygame.com\/hu\/games\/agadir\/sherlock-holmes-agadir\/\"]}]},{\"@type\":\"ImageObject\",\"inLanguage\":\"hu\",\"@id\":\"https:\/\/testwebsite.citygame.com\/hu\/games\/agadir\/sherlock-holmes-agadir\/#primaryimage\",\"url\":\"https:\/\/testwebsite.citygame.com\/wp-content\/blogs.dir\/1\/files\/sites\/62\/2026\/02\/group-of-friends-playing-city-game-agadir-stone-arch.jpg\",\"contentUrl\":\"https:\/\/testwebsite.citygame.com\/wp-content\/blogs.dir\/1\/files\/sites\/62\/2026\/02\/group-of-friends-playing-city-game-agadir-stone-arch.jpg\",\"width\":1024,\"height\":1024,\"caption\":\"A group of young adults collaborates on a challenge while exploring the city of Agadir.\"},{\"@type\":\"BreadcrumbList\",\"@id\":\"https:\/\/testwebsite.citygame.com\/hu\/games\/agadir\/sherlock-holmes-agadir\/#breadcrumb\",\"itemListElement\":[{\"@type\":\"ListItem\",\"position\":1,\"name\":\"Home\",\"item\":\"https:\/\/testwebsite.citygame.com\/hu\/\"},{\"@type\":\"ListItem\",\"position\":2,\"name\":\"Shop\",\"item\":\"https:\/\/testwebsite.citygame.com\/shop\/\"},{\"@type\":\"ListItem\",\"position\":3,\"name\":\"Sherlock Holmes Agadir\"}]},{\"@type\":\"WebSite\",\"@id\":\"https:\/\/testwebsite.upevents.nl\/#website\",\"url\":\"https:\/\/testwebsite.upevents.nl\/\",\"name\":\"City Game\",\"description\":\"\",\"publisher\":{\"@id\":\"https:\/\/testwebsite.upevents.nl\/#organization\"},\"alternateName\":\"citygame.com\",\"potentialAction\":[{\"@type\":\"SearchAction\",\"target\":{\"@type\":\"EntryPoint\",\"urlTemplate\":\"https:\/\/testwebsite.upevents.nl\/?s={search_term_string}\"},\"query-input\":{\"@type\":\"PropertyValueSpecification\",\"valueRequired\":true,\"valueName\":\"search_term_string\"}}],\"inLanguage\":\"hu\"},{\"@type\":[\"Organization\",\"Place\"],\"@id\":\"https:\/\/testwebsite.upevents.nl\/#organization\",\"name\":\"City Game\",\"alternateName\":\"citygame.com\",\"url\":\"https:\/\/testwebsite.upevents.nl\/\",\"logo\":{\"@id\":\"https:\/\/testwebsite.citygame.com\/hu\/games\/agadir\/sherlock-holmes-agadir\/#local-main-organization-logo\"},\"image\":{\"@id\":\"https:\/\/testwebsite.citygame.com\/hu\/games\/agadir\/sherlock-holmes-agadir\/#local-main-organization-logo\"},\"sameAs\":[\"https:\/\/www.facebook.com\/profile.php?id=100086426226253\",\"https:\/\/www.instagram.com\/citygame_com\",\"https:\/\/www.tiktok.com\/@citygamecom\/\",\"https:\/\/www.linkedin.com\/company\/citygame-com\"],\"description\":\"Turn any city into a playground with our interactive City Games and self-guided tours. Fun, flexible, and ideal for groups and team building.\",\"telephone\":[],\"openingHoursSpecification\":[{\"@type\":\"OpeningHoursSpecification\",\"dayOfWeek\":[\"Monday\",\"Tuesday\",\"Wednesday\",\"Thursday\",\"Friday\",\"Saturday\",\"Sunday\"],\"opens\":\"09:00\",\"closes\":\"17:00\"}]},{\"@type\":\"ImageObject\",\"inLanguage\":\"hu\",\"@id\":\"https:\/\/testwebsite.citygame.com\/hu\/games\/agadir\/sherlock-holmes-agadir\/#local-main-organization-logo\",\"url\":\"https:\/\/testwebsite.citygame.com\/wp-content\/blogs.dir\/1\/files\/sites\/62\/2025\/10\/CG_LOGO-City-Game.png\",\"contentUrl\":\"https:\/\/testwebsite.citygame.com\/wp-content\/blogs.dir\/1\/files\/sites\/62\/2025\/10\/CG_LOGO-City-Game.png\",\"width\":351,\"height\":377,\"caption\":\"City Game\"}]}<\/script>\n<!-- \/ Yoast SEO Premium plugin. -->","yoast_head_json":{"title":"Sherlock Holmes Agadir - City Game","description":"Sherlock Holmes Agadir. J\u00e1tssz egy \u00f6nvez\u00e9relt gyilkoss\u00e1gi rejt\u00e9ly v\u00e1rosi j\u00e1t\u00e9kot, oldj meg rejtv\u00e9nyeket, k\u00f6vesd a nyomokat \u00e9s fedezd fel a gyilkost a saj\u00e1t temp\u00f3dban!","robots":{"index":"noindex","follow":"follow","max-snippet":"max-snippet:-1","max-image-preview":"max-image-preview:large","max-video-preview":"max-video-preview:-1"},"og_locale":"hu_HU","og_type":"article","og_title":"Sherlock Holmes Agadir","og_description":"Sherlock Holmes Agadir. J\u00e1tssz egy \u00f6nvez\u00e9relt gyilkoss\u00e1gi rejt\u00e9ly v\u00e1rosi j\u00e1t\u00e9kot, oldj meg rejtv\u00e9nyeket, k\u00f6vesd a nyomokat \u00e9s fedezd fel a gyilkost a saj\u00e1t temp\u00f3dban!","og_url":"https:\/\/testwebsite.citygame.com\/hu\/games\/agadir\/sherlock-holmes-agadir\/","og_site_name":"City Game","article_publisher":"https:\/\/www.facebook.com\/profile.php?id=100086426226253","article_modified_time":"2026-04-08T10:55:21+00:00","og_image":[{"width":1024,"height":1024,"url":"https:\/\/testwebsite.citygame.com\/wp-content\/blogs.dir\/1\/files\/sites\/62\/2026\/02\/group-of-friends-playing-city-game-agadir-stone-arch.jpg","type":"image\/jpeg"}],"twitter_card":"summary_large_image","twitter_misc":{"Becs\u00fclt olvas\u00e1si id\u0151":"1 perc"},"schema":{"@context":"https:\/\/schema.org","@graph":[{"@type":"WebPage","@id":"https:\/\/testwebsite.citygame.com\/hu\/games\/agadir\/sherlock-holmes-agadir\/","url":"https:\/\/testwebsite.citygame.com\/hu\/games\/agadir\/sherlock-holmes-agadir\/","name":"Sherlock Holmes Agadir - City Game","isPartOf":{"@id":"https:\/\/testwebsite.upevents.nl\/#website"},"primaryImageOfPage":{"@id":"https:\/\/testwebsite.citygame.com\/hu\/games\/agadir\/sherlock-holmes-agadir\/#primaryimage"},"image":{"@id":"https:\/\/testwebsite.citygame.com\/hu\/games\/agadir\/sherlock-holmes-agadir\/#primaryimage"},"thumbnailUrl":"https:\/\/testwebsite.citygame.com\/wp-content\/blogs.dir\/1\/files\/sites\/62\/2026\/02\/group-of-friends-playing-city-game-agadir-stone-arch.jpg","datePublished":"2026-02-12T09:29:20+00:00","dateModified":"2026-04-08T10:55:21+00:00","description":"Sherlock Holmes Agadir. J\u00e1tssz egy \u00f6nvez\u00e9relt gyilkoss\u00e1gi rejt\u00e9ly v\u00e1rosi j\u00e1t\u00e9kot, oldj meg rejtv\u00e9nyeket, k\u00f6vesd a nyomokat \u00e9s fedezd fel a gyilkost a saj\u00e1t temp\u00f3dban!","breadcrumb":{"@id":"https:\/\/testwebsite.citygame.com\/hu\/games\/agadir\/sherlock-holmes-agadir\/#breadcrumb"},"inLanguage":"hu","potentialAction":[{"@type":"ReadAction","target":["https:\/\/testwebsite.citygame.com\/hu\/games\/agadir\/sherlock-holmes-agadir\/"]}]},{"@type":"ImageObject","inLanguage":"hu","@id":"https:\/\/testwebsite.citygame.com\/hu\/games\/agadir\/sherlock-holmes-agadir\/#primaryimage","url":"https:\/\/testwebsite.citygame.com\/wp-content\/blogs.dir\/1\/files\/sites\/62\/2026\/02\/group-of-friends-playing-city-game-agadir-stone-arch.jpg","contentUrl":"https:\/\/testwebsite.citygame.com\/wp-content\/blogs.dir\/1\/files\/sites\/62\/2026\/02\/group-of-friends-playing-city-game-agadir-stone-arch.jpg","width":1024,"height":1024,"caption":"A group of young adults collaborates on a challenge while exploring the city of Agadir."},{"@type":"BreadcrumbList","@id":"https:\/\/testwebsite.citygame.com\/hu\/games\/agadir\/sherlock-holmes-agadir\/#breadcrumb","itemListElement":[{"@type":"ListItem","position":1,"name":"Home","item":"https:\/\/testwebsite.citygame.com\/hu\/"},{"@type":"ListItem","position":2,"name":"Shop","item":"https:\/\/testwebsite.citygame.com\/shop\/"},{"@type":"ListItem","position":3,"name":"Sherlock Holmes Agadir"}]},{"@type":"WebSite","@id":"https:\/\/testwebsite.upevents.nl\/#website","url":"https:\/\/testwebsite.upevents.nl\/","name":"City Game","description":"","publisher":{"@id":"https:\/\/testwebsite.upevents.nl\/#organization"},"alternateName":"citygame.com","potentialAction":[{"@type":"SearchAction","target":{"@type":"EntryPoint","urlTemplate":"https:\/\/testwebsite.upevents.nl\/?s={search_term_string}"},"query-input":{"@type":"PropertyValueSpecification","valueRequired":true,"valueName":"search_term_string"}}],"inLanguage":"hu"},{"@type":["Organization","Place"],"@id":"https:\/\/testwebsite.upevents.nl\/#organization","name":"City Game","alternateName":"citygame.com","url":"https:\/\/testwebsite.upevents.nl\/","logo":{"@id":"https:\/\/testwebsite.citygame.com\/hu\/games\/agadir\/sherlock-holmes-agadir\/#local-main-organization-logo"},"image":{"@id":"https:\/\/testwebsite.citygame.com\/hu\/games\/agadir\/sherlock-holmes-agadir\/#local-main-organization-logo"},"sameAs":["https:\/\/www.facebook.com\/profile.php?id=100086426226253","https:\/\/www.instagram.com\/citygame_com","https:\/\/www.tiktok.com\/@citygamecom\/","https:\/\/www.linkedin.com\/company\/citygame-com"],"description":"Turn any city into a playground with our interactive City Games and self-guided tours. Fun, flexible, and ideal for groups and team building.","telephone":[],"openingHoursSpecification":[{"@type":"OpeningHoursSpecification","dayOfWeek":["Monday","Tuesday","Wednesday","Thursday","Friday","Saturday","Sunday"],"opens":"09:00","closes":"17:00"}]},{"@type":"ImageObject","inLanguage":"hu","@id":"https:\/\/testwebsite.citygame.com\/hu\/games\/agadir\/sherlock-holmes-agadir\/#local-main-organization-logo","url":"https:\/\/testwebsite.citygame.com\/wp-content\/blogs.dir\/1\/files\/sites\/62\/2025\/10\/CG_LOGO-City-Game.png","contentUrl":"https:\/\/testwebsite.citygame.com\/wp-content\/blogs.dir\/1\/files\/sites\/62\/2025\/10\/CG_LOGO-City-Game.png","width":351,"height":377,"caption":"City Game"}]}},"taxonomy_info":{"game-concept":[{"value":776,"label":"Sherlock"}],"location":[{"value":57,"label":"Agadir"}],"product_cat":[{"value":27,"label":"Geen categorie"}]},"featured_image_src_large":["https:\/\/testwebsite.citygame.com\/wp-content\/blogs.dir\/1\/files\/sites\/62\/2026\/02\/group-of-friends-playing-city-game-agadir-stone-arch.jpg",1024,1024,false],"author_info":[],"comment_info":"","_links":{"self":[{"href":"https:\/\/testwebsite.citygame.com\/hu\/wp-json\/wp\/v2\/product\/63072","targetHints":{"allow":["GET"]}}],"collection":[{"href":"https:\/\/testwebsite.citygame.com\/hu\/wp-json\/wp\/v2\/product"}],"about":[{"href":"https:\/\/testwebsite.citygame.com\/hu\/wp-json\/wp\/v2\/types\/product"}],"acf:post":[{"embeddable":true,"href":"https:\/\/testwebsite.citygame.com\/hu\/wp-json\/wp\/v2\/pages\/12792"}],"wp:featuredmedia":[{"embeddable":true,"href":"https:\/\/testwebsite.citygame.com\/hu\/wp-json\/wp\/v2\/media\/12794"}],"wp:attachment":[{"href":"https:\/\/testwebsite.citygame.com\/hu\/wp-json\/wp\/v2\/media?parent=63072"}],"wp:term":[{"taxonomy":"game-concept","embeddable":true,"href":"https:\/\/testwebsite.citygame.com\/hu\/wp-json\/wp\/v2\/game-concept?post=63072"},{"taxonomy":"location","embeddable":true,"href":"https:\/\/testwebsite.citygame.com\/hu\/wp-json\/wp\/v2\/location?post=63072"},{"taxonomy":"product_brand","embeddable":true,"href":"https:\/\/testwebsite.citygame.com\/hu\/wp-json\/wp\/v2\/product_brand?post=63072"},{"taxonomy":"product_cat","embeddable":true,"href":"https:\/\/testwebsite.citygame.com\/hu\/wp-json\/wp\/v2\/product_cat?post=63072"},{"taxonomy":"product_tag","embeddable":true,"href":"https:\/\/testwebsite.citygame.com\/hu\/wp-json\/wp\/v2\/product_tag?post=63072"}],"curies":[{"name":"wp","href":"https:\/\/api.w.org\/{rel}","templated":true}]}}