{"id":62096,"date":"2026-02-19T15:33:09","date_gmt":"2026-02-19T15:33:09","guid":{"rendered":"https:\/\/testwebsite.citygame.com\/games\/unknown-location\/sherlock-holmes-beirut\/"},"modified":"2026-04-08T08:57:09","modified_gmt":"2026-04-08T08:57:09","slug":"sherlock-holmes-beirut","status":"publish","type":"product","link":"https:\/\/testwebsite.citygame.com\/hu\/games\/beirut\/sherlock-holmes-beirut\/","title":{"rendered":"Sherlock Holmes Beirut"},"content":{"rendered":"<p>L\u00e9pj Sherlock Holmes hely\u00e9be Bejr\u00fat belv\u00e1ros\u00e1ban, egy mag\u00e1val ragad\u00f3, leny\u0171g\u00f6z\u0151 helysz\u00ednen az \u00f6nvezet\u0151, t\u00f6rt\u00e9netk\u00f6zpont\u00fa gyilkoss\u00e1gi rejt\u00e9lyes V\u00e1rosi J\u00e1t\u00e9khoz. A v\u00e1ros pomp\u00e1j\u00e1ban gyilkoss\u00e1g t\u00f6rt\u00e9nt a Liberty Fesztiv\u00e1lon, h\u00e1trahagyva titokzatos nyomokat, kriptikus rejtv\u00e9nyeket \u00e9s megfoghatatlan virtu\u00e1lis gyan\u00fas\u00edtottakat, melyeket neked kell felder\u00edtened. \u00d6lt\u00f6zz az ikonikus nyomoz\u00f3 szerep\u00e9be, mik\u00f6zben saj\u00e1t ritmusodban navig\u00e1lsz ebben a titkos narrat\u00edv\u00e1ban, elm\u00e9lyedsz a bonyolult rejt\u00e9lyben, \u00e9s \u00f6sszeilleszted egy klasszikus krimi izgalmait.<\/p>\n","protected":false},"excerpt":{"rendered":"<p>L\u00e9pj bele Sherlock Holmes brili\u00e1ns elm\u00e9j\u00e9be ebben az \u00f6nvezet\u0151 gyilkoss\u00e1gi rejt\u00e9lyben, amely Bejr\u00fatban j\u00e1tsz\u00f3dik. \u00c9lvezd a kih\u00edv\u00e1st, hogy k\u00f6veted a nehezen megfoghat\u00f3 nyomokat, megfejted a bonyolult rejtv\u00e9nyeket a csapatoddal, \u00e9s felfeded az igazs\u00e1got, miel\u0151tt t\u00fal k\u00e9s\u0151 lenne!<\/p>\n","protected":false},"featured_media":14994,"template":"","meta":{"_acf_changed":false,"_yoast_wpseo_focuskw":"Sherlock Holmes Beirut","_yoast_wpseo_metadesc":"Sherlock Holmes Beirut. J\u00e1tssz egy \u00f6nvezet\u0151 gyilkoss\u00e1gi rejt\u00e9lyes V\u00e1rosi J\u00e1t\u00e9kot, oldj meg rejtv\u00e9nyeket, k\u00f6vess nyomokat \u00e9s fedd fel a gyilkost a saj\u00e1t temp\u00f3dban!","_kad_blocks_custom_css":"","_kad_blocks_head_custom_js":"","_kad_blocks_body_custom_js":"","_kad_blocks_footer_custom_js":"","ghostkit_customizer_options":"","ghostkit_custom_css":"","ghostkit_custom_js_head":"","ghostkit_custom_js_foot":"","ghostkit_typography":"","_kad_post_transparent":"","_kad_post_title":"","_kad_post_layout":"","_kad_post_sidebar_id":"","_kad_post_content_style":"","_kad_post_vertical_padding":"","_kad_post_feature":"","_kad_post_feature_position":"","_kad_post_header":false,"_kad_post_footer":false,"_kad_post_classname":"","_links_to":"","_links_to_target":""},"game-concept":[776],"location":[80],"product_brand":[],"product_cat":[27],"product_tag":[],"class_list":{"0":"post-62096","1":"product","2":"type-product","3":"status-publish","4":"has-post-thumbnail","6":"game-concept-sherlock","7":"location-beirut","8":"product_cat-geen-categorie","10":"first","11":"instock","12":"shipping-taxable","13":"purchasable","14":"product-type-simple","15":"entry","16":"content-bg","17":"loop-entry"},"acf":{"full_bokun_product_name":"Beirut Self-Guided Sherlock Holmes Murder Mystery Game","location_name":"Beirut","bokun_calendar_widget_code":"<script type=\"text\/javascript\" src=\"https:\/\/widgets.bokun.io\/assets\/javascripts\/apps\/build\/BokunWidgetsLoader.js?bookingChannelUUID=a1e93e96-5232-4734-a595-28405f4b5a31\" async><\/script>\n     \n    <div class=\"bokunWidget\" data-src=\"https:\/\/widgets.bokun.io\/online-sales\/a1e93e96-5232-4734-a595-28405f4b5a31\/experience-calendar\/771970\"><\/div>\n    <noscript>Please enable javascript in your browser to book<\/noscript>","bokun_button_widget_code":"<script type=\"text\/javascript\" src=\"https:\/\/widgets.bokun.io\/assets\/javascripts\/apps\/build\/BokunWidgetsLoader.js?bookingChannelUUID=a1e93e96-5232-4734-a595-28405f4b5a31\" async><\/script>\n      <style> #bokun_ed001e45_5927_4f62_b470_ca766338d083 { display: inline-block; padding: .4em 1em; background: #47b82e; border-radius: 999999px; box-shadow: none; font-weight: 600; font-size: 24px; text-decoration: none; text-align: center; color: #FFFFFF; border:none; cursor: pointer; transition: background .2s ease; } #bokun_ed001e45_5927_4f62_b470_ca766338d083:hover{ background: #2f7b1f; } #bokun_ed001e45_5927_4f62_b470_ca766338d083:active{ background: #378f24; } <\/style> <button class=\"bokunButton\" disabled id=bokun_ed001e45_5927_4f62_b470_ca766338d083 data-src=\"https:\/\/widgets.bokun.io\/online-sales\/a1e93e96-5232-4734-a595-28405f4b5a31\/experience-calendar\/771970?partialView=1\" data-testid=\"widget-book-button\" > Book now <\/button> ","what_you\u2019ll_experience_during_the_game":"\u00c9ld \u00e1t az izgalmat \u00e9s a fesz\u00fclts\u00e9get, ahogy belecs\u00f6ppensz egy mag\u00e1val ragad\u00f3 detekt\u00edvt\u00f6rt\u00e9netbe, melynek h\u00e1ttere a ny\u00fczsg\u0151 Bejr\u00fat. A Sherlock Holmes V\u00e1rosi J\u00e1t\u00e9k elmer\u00edt egy bonyolult narrat\u00edv\u00e1ban, felder\u00edtve egy rejt\u00e9lyt, amely folyamatosan kibontakozik, mik\u00f6zben haladsz a v\u00e1roson kereszt\u00fcl. V\u00e1gj bele az \u00e9szlel\u00e9s \u00e9s \u00e9leselm\u00e9j\u0171s\u00e9g kalandj\u00e1ba, fedezz fel rejtett nyomokat, oldj meg kriptikus rejtv\u00e9nyeket, \u00e9s tal\u00e1lkozz v\u00e1ratlan fordulatokkal egy izgalmas nyomoz\u00e1s sor\u00e1n.\n\nUtaz\u00e1sod sor\u00e1n digit\u00e1lis gyan\u00fas\u00edtottakat fogsz kihallgatni, t\u00f6rt\u00e9neteiket hazugs\u00e1gok vagy ellentmond\u00e1sok ut\u00e1n kutatva. Rajtad m\u00falik, hogy felt\u00e1rd a sokkol\u00f3 igazs\u00e1got egy gyilkoss\u00e1g m\u00f6g\u00f6tt, amely a Liberty Fesztiv\u00e1l alatt t\u00f6rt\u00e9nt. Ez a mag\u00e1val ragad\u00f3 \u00e9lm\u00e9ny kritikus gondolkod\u00e1st, \u00e9les megfigyel\u0151k\u00e9pess\u00e9get \u00e9s dedukci\u00f3t ig\u00e9nyel, t\u00e9ged t\u00e9ve a narrat\u00edva k\u00f6zponti alakj\u00e1v\u00e1. A t\u00f6rt\u00e9net lebilincsel\u0151, \u00e9s teljes m\u00e9rt\u00e9kben a te tetteid \u00e9s d\u00f6nt\u00e9seid ir\u00e1ny\u00edtj\u00e1k. J\u00e1tssz a saj\u00e1t temp\u00f3dban, sz\u00fcneteltesd \u00e9s folytasd a j\u00e1t\u00e9kot, amikor csak akarod. B\u00e1r van n\u00e9mi versenyelem a csapatok sz\u00e1m\u00e1ra, els\u0151dleges k\u00fcldet\u00e9sed tov\u00e1bbra is az, hogy megfejtsd a megt\u00e9veszt\u00e9s \u00e9s \u00e1rul\u00e1s sz\u00f6vev\u00e9nyes h\u00e1l\u00f3j\u00e1t.","how_to_play":"Dolgozz egyed\u00fcl, vagy bar\u00e1tokkal, csal\u00e1ddal, vagy koll\u00e9g\u00e1kkal maximum n\u00e9gyf\u0151s csapatokban, egy eszk\u00f6z\u00f6nk\u00e9nt. Foglal\u00e1s ut\u00e1n egy \u00fatmutat\u00f3 e-mailt kapsz mindennel, amire sz\u00fcks\u00e9ged van.","start_location":" Beirut, Parliament Members' Offices","available_languages":["en","es","fr","de","it","nl"],"players_per_group":"1-4","duration":"1.5-2 hours","image_overlay_color_image":"https:\/\/testwebsite.citygame.com\/wp-content\/blogs.dir\/1\/files\/sites\/62\/2026\/01\/SherlockColor.svg","image_overlay_game_logo":"https:\/\/testwebsite.citygame.com\/wp-content\/blogs.dir\/1\/files\/sites\/62\/2026\/01\/SherlockLogo.png","city_page":9292,"woocommerce_general_content":null},"yoast_head":"<!-- This site is optimized with the Yoast SEO Premium plugin v26.2 (Yoast SEO v26.3) - https:\/\/yoast.com\/wordpress\/plugins\/seo\/ -->\n<title>Sherlock Holmes Beirut - City Game<\/title>\n<meta name=\"description\" content=\"Sherlock Holmes Beirut. J\u00e1tssz egy \u00f6nvezet\u0151 gyilkoss\u00e1gi rejt\u00e9lyes V\u00e1rosi J\u00e1t\u00e9kot, oldj meg rejtv\u00e9nyeket, k\u00f6vess nyomokat \u00e9s fedd fel a gyilkost a saj\u00e1t temp\u00f3dban!\" \/>\n<meta name=\"robots\" content=\"noindex, follow, max-snippet:-1, max-image-preview:large, max-video-preview:-1\" \/>\n<meta property=\"og:locale\" content=\"hu_HU\" \/>\n<meta property=\"og:type\" content=\"article\" \/>\n<meta property=\"og:title\" content=\"Sherlock Holmes Beirut\" \/>\n<meta property=\"og:description\" content=\"Sherlock Holmes Beirut. J\u00e1tssz egy \u00f6nvezet\u0151 gyilkoss\u00e1gi rejt\u00e9lyes V\u00e1rosi J\u00e1t\u00e9kot, oldj meg rejtv\u00e9nyeket, k\u00f6vess nyomokat \u00e9s fedd fel a gyilkost a saj\u00e1t temp\u00f3dban!\" \/>\n<meta property=\"og:url\" content=\"https:\/\/testwebsite.citygame.com\/hu\/games\/beirut\/sherlock-holmes-beirut\/\" \/>\n<meta property=\"og:site_name\" content=\"City Game\" \/>\n<meta property=\"article:publisher\" content=\"https:\/\/www.facebook.com\/profile.php?id=100086426226253\" \/>\n<meta property=\"article:modified_time\" content=\"2026-04-08T08:57:09+00:00\" \/>\n<meta property=\"og:image\" content=\"https:\/\/testwebsite.citygame.com\/wp-content\/blogs.dir\/1\/files\/sites\/62\/2026\/02\/group-of-four-friends-exploring-a-city-with-a-smartphone.jpg\" \/>\n\t<meta property=\"og:image:width\" content=\"1024\" \/>\n\t<meta property=\"og:image:height\" content=\"1024\" \/>\n\t<meta property=\"og:image:type\" content=\"image\/jpeg\" \/>\n<meta name=\"twitter:card\" content=\"summary_large_image\" \/>\n<meta name=\"twitter:label1\" content=\"Becs\u00fclt olvas\u00e1si id\u0151\" \/>\n\t<meta name=\"twitter:data1\" content=\"1 perc\" \/>\n<script type=\"application\/ld+json\" class=\"yoast-schema-graph\">{\"@context\":\"https:\/\/schema.org\",\"@graph\":[{\"@type\":\"WebPage\",\"@id\":\"https:\/\/testwebsite.citygame.com\/hu\/games\/beirut\/sherlock-holmes-beirut\/\",\"url\":\"https:\/\/testwebsite.citygame.com\/hu\/games\/beirut\/sherlock-holmes-beirut\/\",\"name\":\"Sherlock Holmes Beirut - City Game\",\"isPartOf\":{\"@id\":\"https:\/\/testwebsite.upevents.nl\/#website\"},\"primaryImageOfPage\":{\"@id\":\"https:\/\/testwebsite.citygame.com\/hu\/games\/beirut\/sherlock-holmes-beirut\/#primaryimage\"},\"image\":{\"@id\":\"https:\/\/testwebsite.citygame.com\/hu\/games\/beirut\/sherlock-holmes-beirut\/#primaryimage\"},\"thumbnailUrl\":\"https:\/\/testwebsite.citygame.com\/wp-content\/blogs.dir\/1\/files\/sites\/62\/2026\/02\/group-of-four-friends-exploring-a-city-with-a-smartphone.jpg\",\"datePublished\":\"2026-02-19T15:33:09+00:00\",\"dateModified\":\"2026-04-08T08:57:09+00:00\",\"description\":\"Sherlock Holmes Beirut. J\u00e1tssz egy \u00f6nvezet\u0151 gyilkoss\u00e1gi rejt\u00e9lyes V\u00e1rosi J\u00e1t\u00e9kot, oldj meg rejtv\u00e9nyeket, k\u00f6vess nyomokat \u00e9s fedd fel a gyilkost a saj\u00e1t temp\u00f3dban!\",\"breadcrumb\":{\"@id\":\"https:\/\/testwebsite.citygame.com\/hu\/games\/beirut\/sherlock-holmes-beirut\/#breadcrumb\"},\"inLanguage\":\"hu\",\"potentialAction\":[{\"@type\":\"ReadAction\",\"target\":[\"https:\/\/testwebsite.citygame.com\/hu\/games\/beirut\/sherlock-holmes-beirut\/\"]}]},{\"@type\":\"ImageObject\",\"inLanguage\":\"hu\",\"@id\":\"https:\/\/testwebsite.citygame.com\/hu\/games\/beirut\/sherlock-holmes-beirut\/#primaryimage\",\"url\":\"https:\/\/testwebsite.citygame.com\/wp-content\/blogs.dir\/1\/files\/sites\/62\/2026\/02\/group-of-four-friends-exploring-a-city-with-a-smartphone.jpg\",\"contentUrl\":\"https:\/\/testwebsite.citygame.com\/wp-content\/blogs.dir\/1\/files\/sites\/62\/2026\/02\/group-of-four-friends-exploring-a-city-with-a-smartphone.jpg\",\"width\":1024,\"height\":1024,\"caption\":\"A group of four friends gather around a smartphone while exploring a historic city.\"},{\"@type\":\"BreadcrumbList\",\"@id\":\"https:\/\/testwebsite.citygame.com\/hu\/games\/beirut\/sherlock-holmes-beirut\/#breadcrumb\",\"itemListElement\":[{\"@type\":\"ListItem\",\"position\":1,\"name\":\"Home\",\"item\":\"https:\/\/testwebsite.citygame.com\/hu\/\"},{\"@type\":\"ListItem\",\"position\":2,\"name\":\"Shop\",\"item\":\"https:\/\/testwebsite.citygame.com\/shop\/\"},{\"@type\":\"ListItem\",\"position\":3,\"name\":\"Sherlock Holmes Beirut\"}]},{\"@type\":\"WebSite\",\"@id\":\"https:\/\/testwebsite.upevents.nl\/#website\",\"url\":\"https:\/\/testwebsite.upevents.nl\/\",\"name\":\"City Game\",\"description\":\"\",\"publisher\":{\"@id\":\"https:\/\/testwebsite.upevents.nl\/#organization\"},\"alternateName\":\"citygame.com\",\"potentialAction\":[{\"@type\":\"SearchAction\",\"target\":{\"@type\":\"EntryPoint\",\"urlTemplate\":\"https:\/\/testwebsite.upevents.nl\/?s={search_term_string}\"},\"query-input\":{\"@type\":\"PropertyValueSpecification\",\"valueRequired\":true,\"valueName\":\"search_term_string\"}}],\"inLanguage\":\"hu\"},{\"@type\":[\"Organization\",\"Place\"],\"@id\":\"https:\/\/testwebsite.upevents.nl\/#organization\",\"name\":\"City Game\",\"alternateName\":\"citygame.com\",\"url\":\"https:\/\/testwebsite.upevents.nl\/\",\"logo\":{\"@id\":\"https:\/\/testwebsite.citygame.com\/hu\/games\/beirut\/sherlock-holmes-beirut\/#local-main-organization-logo\"},\"image\":{\"@id\":\"https:\/\/testwebsite.citygame.com\/hu\/games\/beirut\/sherlock-holmes-beirut\/#local-main-organization-logo\"},\"sameAs\":[\"https:\/\/www.facebook.com\/profile.php?id=100086426226253\",\"https:\/\/www.instagram.com\/citygame_com\",\"https:\/\/www.tiktok.com\/@citygamecom\/\",\"https:\/\/www.linkedin.com\/company\/citygame-com\"],\"description\":\"Turn any city into a playground with our interactive City Games and self-guided tours. Fun, flexible, and ideal for groups and team building.\",\"telephone\":[],\"openingHoursSpecification\":[{\"@type\":\"OpeningHoursSpecification\",\"dayOfWeek\":[\"Monday\",\"Tuesday\",\"Wednesday\",\"Thursday\",\"Friday\",\"Saturday\",\"Sunday\"],\"opens\":\"09:00\",\"closes\":\"17:00\"}]},{\"@type\":\"ImageObject\",\"inLanguage\":\"hu\",\"@id\":\"https:\/\/testwebsite.citygame.com\/hu\/games\/beirut\/sherlock-holmes-beirut\/#local-main-organization-logo\",\"url\":\"https:\/\/testwebsite.citygame.com\/wp-content\/blogs.dir\/1\/files\/sites\/62\/2025\/10\/CG_LOGO-City-Game.png\",\"contentUrl\":\"https:\/\/testwebsite.citygame.com\/wp-content\/blogs.dir\/1\/files\/sites\/62\/2025\/10\/CG_LOGO-City-Game.png\",\"width\":351,\"height\":377,\"caption\":\"City Game\"}]}<\/script>\n<!-- \/ Yoast SEO Premium plugin. -->","yoast_head_json":{"title":"Sherlock Holmes Beirut - City Game","description":"Sherlock Holmes Beirut. J\u00e1tssz egy \u00f6nvezet\u0151 gyilkoss\u00e1gi rejt\u00e9lyes V\u00e1rosi J\u00e1t\u00e9kot, oldj meg rejtv\u00e9nyeket, k\u00f6vess nyomokat \u00e9s fedd fel a gyilkost a saj\u00e1t temp\u00f3dban!","robots":{"index":"noindex","follow":"follow","max-snippet":"max-snippet:-1","max-image-preview":"max-image-preview:large","max-video-preview":"max-video-preview:-1"},"og_locale":"hu_HU","og_type":"article","og_title":"Sherlock Holmes Beirut","og_description":"Sherlock Holmes Beirut. J\u00e1tssz egy \u00f6nvezet\u0151 gyilkoss\u00e1gi rejt\u00e9lyes V\u00e1rosi J\u00e1t\u00e9kot, oldj meg rejtv\u00e9nyeket, k\u00f6vess nyomokat \u00e9s fedd fel a gyilkost a saj\u00e1t temp\u00f3dban!","og_url":"https:\/\/testwebsite.citygame.com\/hu\/games\/beirut\/sherlock-holmes-beirut\/","og_site_name":"City Game","article_publisher":"https:\/\/www.facebook.com\/profile.php?id=100086426226253","article_modified_time":"2026-04-08T08:57:09+00:00","og_image":[{"width":1024,"height":1024,"url":"https:\/\/testwebsite.citygame.com\/wp-content\/blogs.dir\/1\/files\/sites\/62\/2026\/02\/group-of-four-friends-exploring-a-city-with-a-smartphone.jpg","type":"image\/jpeg"}],"twitter_card":"summary_large_image","twitter_misc":{"Becs\u00fclt olvas\u00e1si id\u0151":"1 perc"},"schema":{"@context":"https:\/\/schema.org","@graph":[{"@type":"WebPage","@id":"https:\/\/testwebsite.citygame.com\/hu\/games\/beirut\/sherlock-holmes-beirut\/","url":"https:\/\/testwebsite.citygame.com\/hu\/games\/beirut\/sherlock-holmes-beirut\/","name":"Sherlock Holmes Beirut - City Game","isPartOf":{"@id":"https:\/\/testwebsite.upevents.nl\/#website"},"primaryImageOfPage":{"@id":"https:\/\/testwebsite.citygame.com\/hu\/games\/beirut\/sherlock-holmes-beirut\/#primaryimage"},"image":{"@id":"https:\/\/testwebsite.citygame.com\/hu\/games\/beirut\/sherlock-holmes-beirut\/#primaryimage"},"thumbnailUrl":"https:\/\/testwebsite.citygame.com\/wp-content\/blogs.dir\/1\/files\/sites\/62\/2026\/02\/group-of-four-friends-exploring-a-city-with-a-smartphone.jpg","datePublished":"2026-02-19T15:33:09+00:00","dateModified":"2026-04-08T08:57:09+00:00","description":"Sherlock Holmes Beirut. J\u00e1tssz egy \u00f6nvezet\u0151 gyilkoss\u00e1gi rejt\u00e9lyes V\u00e1rosi J\u00e1t\u00e9kot, oldj meg rejtv\u00e9nyeket, k\u00f6vess nyomokat \u00e9s fedd fel a gyilkost a saj\u00e1t temp\u00f3dban!","breadcrumb":{"@id":"https:\/\/testwebsite.citygame.com\/hu\/games\/beirut\/sherlock-holmes-beirut\/#breadcrumb"},"inLanguage":"hu","potentialAction":[{"@type":"ReadAction","target":["https:\/\/testwebsite.citygame.com\/hu\/games\/beirut\/sherlock-holmes-beirut\/"]}]},{"@type":"ImageObject","inLanguage":"hu","@id":"https:\/\/testwebsite.citygame.com\/hu\/games\/beirut\/sherlock-holmes-beirut\/#primaryimage","url":"https:\/\/testwebsite.citygame.com\/wp-content\/blogs.dir\/1\/files\/sites\/62\/2026\/02\/group-of-four-friends-exploring-a-city-with-a-smartphone.jpg","contentUrl":"https:\/\/testwebsite.citygame.com\/wp-content\/blogs.dir\/1\/files\/sites\/62\/2026\/02\/group-of-four-friends-exploring-a-city-with-a-smartphone.jpg","width":1024,"height":1024,"caption":"A group of four friends gather around a smartphone while exploring a historic city."},{"@type":"BreadcrumbList","@id":"https:\/\/testwebsite.citygame.com\/hu\/games\/beirut\/sherlock-holmes-beirut\/#breadcrumb","itemListElement":[{"@type":"ListItem","position":1,"name":"Home","item":"https:\/\/testwebsite.citygame.com\/hu\/"},{"@type":"ListItem","position":2,"name":"Shop","item":"https:\/\/testwebsite.citygame.com\/shop\/"},{"@type":"ListItem","position":3,"name":"Sherlock Holmes Beirut"}]},{"@type":"WebSite","@id":"https:\/\/testwebsite.upevents.nl\/#website","url":"https:\/\/testwebsite.upevents.nl\/","name":"City Game","description":"","publisher":{"@id":"https:\/\/testwebsite.upevents.nl\/#organization"},"alternateName":"citygame.com","potentialAction":[{"@type":"SearchAction","target":{"@type":"EntryPoint","urlTemplate":"https:\/\/testwebsite.upevents.nl\/?s={search_term_string}"},"query-input":{"@type":"PropertyValueSpecification","valueRequired":true,"valueName":"search_term_string"}}],"inLanguage":"hu"},{"@type":["Organization","Place"],"@id":"https:\/\/testwebsite.upevents.nl\/#organization","name":"City Game","alternateName":"citygame.com","url":"https:\/\/testwebsite.upevents.nl\/","logo":{"@id":"https:\/\/testwebsite.citygame.com\/hu\/games\/beirut\/sherlock-holmes-beirut\/#local-main-organization-logo"},"image":{"@id":"https:\/\/testwebsite.citygame.com\/hu\/games\/beirut\/sherlock-holmes-beirut\/#local-main-organization-logo"},"sameAs":["https:\/\/www.facebook.com\/profile.php?id=100086426226253","https:\/\/www.instagram.com\/citygame_com","https:\/\/www.tiktok.com\/@citygamecom\/","https:\/\/www.linkedin.com\/company\/citygame-com"],"description":"Turn any city into a playground with our interactive City Games and self-guided tours. Fun, flexible, and ideal for groups and team building.","telephone":[],"openingHoursSpecification":[{"@type":"OpeningHoursSpecification","dayOfWeek":["Monday","Tuesday","Wednesday","Thursday","Friday","Saturday","Sunday"],"opens":"09:00","closes":"17:00"}]},{"@type":"ImageObject","inLanguage":"hu","@id":"https:\/\/testwebsite.citygame.com\/hu\/games\/beirut\/sherlock-holmes-beirut\/#local-main-organization-logo","url":"https:\/\/testwebsite.citygame.com\/wp-content\/blogs.dir\/1\/files\/sites\/62\/2025\/10\/CG_LOGO-City-Game.png","contentUrl":"https:\/\/testwebsite.citygame.com\/wp-content\/blogs.dir\/1\/files\/sites\/62\/2025\/10\/CG_LOGO-City-Game.png","width":351,"height":377,"caption":"City Game"}]}},"taxonomy_info":{"game-concept":[{"value":776,"label":"Sherlock"}],"location":[{"value":80,"label":"Beirut"}],"product_cat":[{"value":27,"label":"Geen categorie"}]},"featured_image_src_large":["https:\/\/testwebsite.citygame.com\/wp-content\/blogs.dir\/1\/files\/sites\/62\/2026\/02\/group-of-four-friends-exploring-a-city-with-a-smartphone.jpg",1024,1024,false],"author_info":[],"comment_info":"","_links":{"self":[{"href":"https:\/\/testwebsite.citygame.com\/hu\/wp-json\/wp\/v2\/product\/62096","targetHints":{"allow":["GET"]}}],"collection":[{"href":"https:\/\/testwebsite.citygame.com\/hu\/wp-json\/wp\/v2\/product"}],"about":[{"href":"https:\/\/testwebsite.citygame.com\/hu\/wp-json\/wp\/v2\/types\/product"}],"acf:post":[{"embeddable":true,"href":"https:\/\/testwebsite.citygame.com\/hu\/wp-json\/wp\/v2\/pages\/9292"}],"wp:featuredmedia":[{"embeddable":true,"href":"https:\/\/testwebsite.citygame.com\/hu\/wp-json\/wp\/v2\/media\/14994"}],"wp:attachment":[{"href":"https:\/\/testwebsite.citygame.com\/hu\/wp-json\/wp\/v2\/media?parent=62096"}],"wp:term":[{"taxonomy":"game-concept","embeddable":true,"href":"https:\/\/testwebsite.citygame.com\/hu\/wp-json\/wp\/v2\/game-concept?post=62096"},{"taxonomy":"location","embeddable":true,"href":"https:\/\/testwebsite.citygame.com\/hu\/wp-json\/wp\/v2\/location?post=62096"},{"taxonomy":"product_brand","embeddable":true,"href":"https:\/\/testwebsite.citygame.com\/hu\/wp-json\/wp\/v2\/product_brand?post=62096"},{"taxonomy":"product_cat","embeddable":true,"href":"https:\/\/testwebsite.citygame.com\/hu\/wp-json\/wp\/v2\/product_cat?post=62096"},{"taxonomy":"product_tag","embeddable":true,"href":"https:\/\/testwebsite.citygame.com\/hu\/wp-json\/wp\/v2\/product_tag?post=62096"}],"curies":[{"name":"wp","href":"https:\/\/api.w.org\/{rel}","templated":true}]}}