{"id":61849,"date":"2026-02-19T15:21:46","date_gmt":"2026-02-19T15:21:46","guid":{"rendered":"https:\/\/testwebsite.citygame.com\/games\/unknown-location\/sherlock-holmes-sarajevo\/"},"modified":"2026-04-08T08:29:46","modified_gmt":"2026-04-08T08:29:46","slug":"sherlock-holmes-sarajevo","status":"publish","type":"product","link":"https:\/\/testwebsite.citygame.com\/hu\/games\/sarajevo\/sherlock-holmes-sarajevo\/","title":{"rendered":"Sherlock Holmes Sarajevo"},"content":{"rendered":"<p>Mer\u00fclj\u00f6n el az \u00f6nvez\u00e9relt, lebilincsel\u0151 gyilkoss\u00e1gi rejt\u00e9lyt felvonultat\u00f3 V\u00e1rosi J\u00e1t\u00e9kban Szarajev\u00f3 t\u00f6rt\u00e9nelmi belv\u00e1ros\u00e1ban, Sherlock Holmes izgalmas vil\u00e1g\u00e1ban. Elmer\u00fclhet egy mag\u00e1val ragad\u00f3 t\u00f6rt\u00e9netben, navig\u00e1lhat a v\u00e1ros utc\u00e1in, gy\u0171jthet kulcsfontoss\u00e1g\u00fa nyomokat, megoldhat rejt\u00e9lyes feladv\u00e1nyokat, \u00e9s kihallgathat digit\u00e1lis gyan\u00fas\u00edtottakat, hogy felder\u00edtsen egy gyilkoss\u00e1got, amely a Szabads\u00e1g Fesztiv\u00e1l alatt t\u00f6rt\u00e9nt. Ez az interakt\u00edv nyomoz\u00e1s lebilincsel\u0151 \u00e9lm\u00e9nyt \u00edg\u00e9r, amelyet a saj\u00e1t temp\u00f3j\u00e1ban j\u00e1tszhat, Szarajev\u00f3t a rejt\u00e9lyek \u00e9s intrik\u00e1k szem\u00e9lyes j\u00e1tsz\u00f3ter\u00e9v\u00e9 v\u00e1ltoztatva.<\/p>\n","protected":false},"excerpt":{"rendered":"<p>L\u00e9pjen Sherlock Holmes b\u0151r\u00e9be ebben az \u00e9l\u00e9nk\u00edt\u0151, \u00f6nvez\u00e9relt gyilkoss\u00e1gi rejt\u00e9lyben, amely Szarajev\u00f3ban j\u00e1tsz\u00f3dik. Csapat\u00e1val k\u00f6vess\u00e9k a rejt\u00e9lyes nyomokat, oldjanak meg kih\u00edv\u00e1st jelent\u0151 feladv\u00e1nyokat, \u00e9s fedj\u00e9k fel az igazs\u00e1got, miel\u0151tt lej\u00e1r az id\u0151!<\/p>\n","protected":false},"featured_media":14979,"template":"","meta":{"_acf_changed":false,"_yoast_wpseo_focuskw":"Sherlock Holmes Sarajevo","_yoast_wpseo_metadesc":"Sherlock Holmes Sarajevo. J\u00e1tsszon egy \u00f6nvez\u00e9relt gyilkoss\u00e1gi rejt\u00e9lyt felvonultat\u00f3 V\u00e1rosi J\u00e1t\u00e9kot, oldjon meg feladv\u00e1nyokat, k\u00f6vessen nyomokat \u00e9s fedje fel a gyilkost a saj\u00e1t temp\u00f3j\u00e1ban!","_kad_blocks_custom_css":"","_kad_blocks_head_custom_js":"","_kad_blocks_body_custom_js":"","_kad_blocks_footer_custom_js":"","ghostkit_customizer_options":"","ghostkit_custom_css":"","ghostkit_custom_js_head":"","ghostkit_custom_js_foot":"","ghostkit_typography":"","_kad_post_transparent":"","_kad_post_title":"","_kad_post_layout":"","_kad_post_sidebar_id":"","_kad_post_content_style":"","_kad_post_vertical_padding":"","_kad_post_feature":"","_kad_post_feature_position":"","_kad_post_header":false,"_kad_post_footer":false,"_kad_post_classname":"","_links_to":"","_links_to_target":""},"game-concept":[776],"location":[361],"product_brand":[],"product_cat":[27],"product_tag":[],"class_list":{"0":"post-61849","1":"product","2":"type-product","3":"status-publish","4":"has-post-thumbnail","6":"game-concept-sherlock","7":"location-sarajevo","8":"product_cat-geen-categorie","10":"first","11":"instock","12":"shipping-taxable","13":"purchasable","14":"product-type-simple","15":"entry","16":"content-bg","17":"loop-entry"},"acf":{"full_bokun_product_name":"Sarajevo Self-Guided Sherlock Holmes Murder Mystery Game","location_name":"Sarajevo","bokun_calendar_widget_code":"<script type=\"text\/javascript\" src=\"https:\/\/widgets.bokun.io\/assets\/javascripts\/apps\/build\/BokunWidgetsLoader.js?bookingChannelUUID=a1e93e96-5232-4734-a595-28405f4b5a31\" async><\/script>\n     \n    <div class=\"bokunWidget\" data-src=\"https:\/\/widgets.bokun.io\/online-sales\/a1e93e96-5232-4734-a595-28405f4b5a31\/experience-calendar\/771933\"><\/div>\n    <noscript>Please enable javascript in your browser to book<\/noscript>","bokun_button_widget_code":"<script type=\"text\/javascript\" src=\"https:\/\/widgets.bokun.io\/assets\/javascripts\/apps\/build\/BokunWidgetsLoader.js?bookingChannelUUID=a1e93e96-5232-4734-a595-28405f4b5a31\" async><\/script>\n      <style> #bokun_ed001e45_5927_4f62_b470_ca766338d083 { display: inline-block; padding: .4em 1em; background: #47b82e; border-radius: 999999px; box-shadow: none; font-weight: 600; font-size: 24px; text-decoration: none; text-align: center; color: #FFFFFF; border:none; cursor: pointer; transition: background .2s ease; } #bokun_ed001e45_5927_4f62_b470_ca766338d083:hover{ background: #2f7b1f; } #bokun_ed001e45_5927_4f62_b470_ca766338d083:active{ background: #378f24; } <\/style> <button class=\"bokunButton\" disabled id=bokun_ed001e45_5927_4f62_b470_ca766338d083 data-src=\"https:\/\/widgets.bokun.io\/online-sales\/a1e93e96-5232-4734-a595-28405f4b5a31\/experience-calendar\/771933?partialView=1\" data-testid=\"widget-book-button\" > Book now <\/button> ","what_you\u2019ll_experience_during_the_game":"Amint elkezd\u0151dik a j\u00e1t\u00e9k, egy Szarajev\u00f3ban j\u00e1tsz\u00f3d\u00f3, izgalmas detekt\u00edvt\u00f6rt\u00e9net sz\u00edv\u00e9ben tal\u00e1lja mag\u00e1t. A t\u00f6rt\u00e9net sz\u00f6v\u0151dik, mik\u00f6zben \u00e1thalad a v\u00e1roson, elmer\u00fclve az intrik\u00e1k \u00e9s rejt\u00e9lyek vil\u00e1g\u00e1ban, melyek azokon az utc\u00e1kon elevenednek meg, amelyeken \u00d6n l\u00e9pdel. Minden fordulattal \u00faj feladv\u00e1nyokat bogoz ki \u00e9s nyomokra lel, amelyek mindegyike egy-egy kulcsfontoss\u00e1g\u00fa kirak\u00f3s darab, el\u0151re viszi \u00d6nt, \u00e9s felt\u00e1rja nyomoz\u00e1sa k\u00fcl\u00f6nb\u00f6z\u0151 r\u00e9tegeit.\n\nMesterdetekt\u00edvk\u00e9nt digit\u00e1lis gyan\u00fas\u00edtottakat hallgat ki, elemzi alibijeiket \u00e9s ellentmond\u00e1saikat, hogy rajtakapja \u0151ket. Dedukt\u00edv \u00e9rvel\u00e9si k\u00e9pess\u00e9geit \u00e9s \u00e9les megfigyel\u00e9seit felhaszn\u00e1lva k\u00f6zelebb ker\u00fcl az igazs\u00e1ghoz a Szabads\u00e1g Fesztiv\u00e1l alatt t\u00f6rt\u00e9nt furcsa gyilkoss\u00e1ggal kapcsolatban. Az \u00fcld\u00f6z\u00e9s izgalma, egy teljesen t\u00f6rt\u00e9netvez\u00e9relt hajsza, nemcsak a megold\u00e1sban rejlik, hanem abban az intellektu\u00e1lis utaz\u00e1sban is, amelyet a tettes leleplez\u00e9s\u00e9re tesz. V\u00e1laszthatja, hogy saj\u00e1t temp\u00f3j\u00e1ban j\u00e1tszik, sz\u00fcnetet tart, amikor sz\u00fcks\u00e9ge van r\u00e1, vagy versenyez m\u00e1sokkal csapatokban, ezzel egy kis versenyszellemet is visz a rejt\u00e9lybe.","how_to_play":"J\u00e1tsszon egyed\u00fcl, vagy bar\u00e1taival, csal\u00e1dj\u00e1val, illetve koll\u00e9g\u00e1ival legfeljebb n\u00e9gyf\u0151s csapatokban, egy eszk\u00f6z\u00f6n. Foglal\u00e1s ut\u00e1n egy e-mailben megkapja a sz\u00fcks\u00e9ges utas\u00edt\u00e1sokat.","start_location":"Sarajevo, Vije\u0107nica","available_languages":["en","es","fr","de","it","nl"],"players_per_group":"1-4","duration":"1.5-2 hours","image_overlay_color_image":"https:\/\/testwebsite.citygame.com\/wp-content\/blogs.dir\/1\/files\/sites\/62\/2026\/01\/SherlockColor.svg","image_overlay_game_logo":"https:\/\/testwebsite.citygame.com\/wp-content\/blogs.dir\/1\/files\/sites\/62\/2026\/01\/SherlockLogo.png","city_page":9282,"woocommerce_general_content":null},"yoast_head":"<!-- This site is optimized with the Yoast SEO Premium plugin v26.2 (Yoast SEO v26.3) - https:\/\/yoast.com\/wordpress\/plugins\/seo\/ -->\n<title>Sherlock Holmes Sarajevo - City Game<\/title>\n<meta name=\"description\" content=\"Sherlock Holmes Sarajevo. J\u00e1tsszon egy \u00f6nvez\u00e9relt gyilkoss\u00e1gi rejt\u00e9lyt felvonultat\u00f3 V\u00e1rosi J\u00e1t\u00e9kot, oldjon meg feladv\u00e1nyokat, k\u00f6vessen nyomokat \u00e9s fedje fel a gyilkost a saj\u00e1t temp\u00f3j\u00e1ban!\" \/>\n<meta name=\"robots\" content=\"noindex, follow, max-snippet:-1, max-image-preview:large, max-video-preview:-1\" \/>\n<meta property=\"og:locale\" content=\"hu_HU\" \/>\n<meta property=\"og:type\" content=\"article\" \/>\n<meta property=\"og:title\" content=\"Sherlock Holmes Sarajevo\" \/>\n<meta property=\"og:description\" content=\"Sherlock Holmes Sarajevo. J\u00e1tsszon egy \u00f6nvez\u00e9relt gyilkoss\u00e1gi rejt\u00e9lyt felvonultat\u00f3 V\u00e1rosi J\u00e1t\u00e9kot, oldjon meg feladv\u00e1nyokat, k\u00f6vessen nyomokat \u00e9s fedje fel a gyilkost a saj\u00e1t temp\u00f3j\u00e1ban!\" \/>\n<meta property=\"og:url\" content=\"https:\/\/testwebsite.citygame.com\/hu\/games\/sarajevo\/sherlock-holmes-sarajevo\/\" \/>\n<meta property=\"og:site_name\" content=\"City Game\" \/>\n<meta property=\"article:publisher\" content=\"https:\/\/www.facebook.com\/profile.php?id=100086426226253\" \/>\n<meta property=\"article:modified_time\" content=\"2026-04-08T08:29:46+00:00\" \/>\n<meta property=\"og:image\" content=\"https:\/\/testwebsite.citygame.com\/wp-content\/blogs.dir\/1\/files\/sites\/62\/2026\/02\/sarajevo-gazi-husrev-beg-mosque-courtyard-man-playing-game.jpg\" \/>\n\t<meta property=\"og:image:width\" content=\"1024\" \/>\n\t<meta property=\"og:image:height\" content=\"1024\" \/>\n\t<meta property=\"og:image:type\" content=\"image\/jpeg\" \/>\n<meta name=\"twitter:card\" content=\"summary_large_image\" \/>\n<meta name=\"twitter:label1\" content=\"Becs\u00fclt olvas\u00e1si id\u0151\" \/>\n\t<meta name=\"twitter:data1\" content=\"1 perc\" \/>\n<script type=\"application\/ld+json\" class=\"yoast-schema-graph\">{\"@context\":\"https:\/\/schema.org\",\"@graph\":[{\"@type\":\"WebPage\",\"@id\":\"https:\/\/testwebsite.citygame.com\/hu\/games\/sarajevo\/sherlock-holmes-sarajevo\/\",\"url\":\"https:\/\/testwebsite.citygame.com\/hu\/games\/sarajevo\/sherlock-holmes-sarajevo\/\",\"name\":\"Sherlock Holmes Sarajevo - City Game\",\"isPartOf\":{\"@id\":\"https:\/\/testwebsite.upevents.nl\/#website\"},\"primaryImageOfPage\":{\"@id\":\"https:\/\/testwebsite.citygame.com\/hu\/games\/sarajevo\/sherlock-holmes-sarajevo\/#primaryimage\"},\"image\":{\"@id\":\"https:\/\/testwebsite.citygame.com\/hu\/games\/sarajevo\/sherlock-holmes-sarajevo\/#primaryimage\"},\"thumbnailUrl\":\"https:\/\/testwebsite.citygame.com\/wp-content\/blogs.dir\/1\/files\/sites\/62\/2026\/02\/sarajevo-gazi-husrev-beg-mosque-courtyard-man-playing-game.jpg\",\"datePublished\":\"2026-02-19T15:21:46+00:00\",\"dateModified\":\"2026-04-08T08:29:46+00:00\",\"description\":\"Sherlock Holmes Sarajevo. J\u00e1tsszon egy \u00f6nvez\u00e9relt gyilkoss\u00e1gi rejt\u00e9lyt felvonultat\u00f3 V\u00e1rosi J\u00e1t\u00e9kot, oldjon meg feladv\u00e1nyokat, k\u00f6vessen nyomokat \u00e9s fedje fel a gyilkost a saj\u00e1t temp\u00f3j\u00e1ban!\",\"breadcrumb\":{\"@id\":\"https:\/\/testwebsite.citygame.com\/hu\/games\/sarajevo\/sherlock-holmes-sarajevo\/#breadcrumb\"},\"inLanguage\":\"hu\",\"potentialAction\":[{\"@type\":\"ReadAction\",\"target\":[\"https:\/\/testwebsite.citygame.com\/hu\/games\/sarajevo\/sherlock-holmes-sarajevo\/\"]}]},{\"@type\":\"ImageObject\",\"inLanguage\":\"hu\",\"@id\":\"https:\/\/testwebsite.citygame.com\/hu\/games\/sarajevo\/sherlock-holmes-sarajevo\/#primaryimage\",\"url\":\"https:\/\/testwebsite.citygame.com\/wp-content\/blogs.dir\/1\/files\/sites\/62\/2026\/02\/sarajevo-gazi-husrev-beg-mosque-courtyard-man-playing-game.jpg\",\"contentUrl\":\"https:\/\/testwebsite.citygame.com\/wp-content\/blogs.dir\/1\/files\/sites\/62\/2026\/02\/sarajevo-gazi-husrev-beg-mosque-courtyard-man-playing-game.jpg\",\"width\":1024,\"height\":1024,\"caption\":\"A visitor relaxes in the historic courtyard of the Gazi Husrev-beg Mosque in Sarajevo.\"},{\"@type\":\"BreadcrumbList\",\"@id\":\"https:\/\/testwebsite.citygame.com\/hu\/games\/sarajevo\/sherlock-holmes-sarajevo\/#breadcrumb\",\"itemListElement\":[{\"@type\":\"ListItem\",\"position\":1,\"name\":\"Home\",\"item\":\"https:\/\/testwebsite.citygame.com\/hu\/\"},{\"@type\":\"ListItem\",\"position\":2,\"name\":\"Shop\",\"item\":\"https:\/\/testwebsite.citygame.com\/shop\/\"},{\"@type\":\"ListItem\",\"position\":3,\"name\":\"Sherlock Holmes Sarajevo\"}]},{\"@type\":\"WebSite\",\"@id\":\"https:\/\/testwebsite.upevents.nl\/#website\",\"url\":\"https:\/\/testwebsite.upevents.nl\/\",\"name\":\"City Game\",\"description\":\"\",\"publisher\":{\"@id\":\"https:\/\/testwebsite.upevents.nl\/#organization\"},\"alternateName\":\"citygame.com\",\"potentialAction\":[{\"@type\":\"SearchAction\",\"target\":{\"@type\":\"EntryPoint\",\"urlTemplate\":\"https:\/\/testwebsite.upevents.nl\/?s={search_term_string}\"},\"query-input\":{\"@type\":\"PropertyValueSpecification\",\"valueRequired\":true,\"valueName\":\"search_term_string\"}}],\"inLanguage\":\"hu\"},{\"@type\":[\"Organization\",\"Place\"],\"@id\":\"https:\/\/testwebsite.upevents.nl\/#organization\",\"name\":\"City Game\",\"alternateName\":\"citygame.com\",\"url\":\"https:\/\/testwebsite.upevents.nl\/\",\"logo\":{\"@id\":\"https:\/\/testwebsite.citygame.com\/hu\/games\/sarajevo\/sherlock-holmes-sarajevo\/#local-main-organization-logo\"},\"image\":{\"@id\":\"https:\/\/testwebsite.citygame.com\/hu\/games\/sarajevo\/sherlock-holmes-sarajevo\/#local-main-organization-logo\"},\"sameAs\":[\"https:\/\/www.facebook.com\/profile.php?id=100086426226253\",\"https:\/\/www.instagram.com\/citygame_com\",\"https:\/\/www.tiktok.com\/@citygamecom\/\",\"https:\/\/www.linkedin.com\/company\/citygame-com\"],\"description\":\"Turn any city into a playground with our interactive City Games and self-guided tours. Fun, flexible, and ideal for groups and team building.\",\"telephone\":[],\"openingHoursSpecification\":[{\"@type\":\"OpeningHoursSpecification\",\"dayOfWeek\":[\"Monday\",\"Tuesday\",\"Wednesday\",\"Thursday\",\"Friday\",\"Saturday\",\"Sunday\"],\"opens\":\"09:00\",\"closes\":\"17:00\"}]},{\"@type\":\"ImageObject\",\"inLanguage\":\"hu\",\"@id\":\"https:\/\/testwebsite.citygame.com\/hu\/games\/sarajevo\/sherlock-holmes-sarajevo\/#local-main-organization-logo\",\"url\":\"https:\/\/testwebsite.citygame.com\/wp-content\/blogs.dir\/1\/files\/sites\/62\/2025\/10\/CG_LOGO-City-Game.png\",\"contentUrl\":\"https:\/\/testwebsite.citygame.com\/wp-content\/blogs.dir\/1\/files\/sites\/62\/2025\/10\/CG_LOGO-City-Game.png\",\"width\":351,\"height\":377,\"caption\":\"City Game\"}]}<\/script>\n<!-- \/ Yoast SEO Premium plugin. -->","yoast_head_json":{"title":"Sherlock Holmes Sarajevo - City Game","description":"Sherlock Holmes Sarajevo. J\u00e1tsszon egy \u00f6nvez\u00e9relt gyilkoss\u00e1gi rejt\u00e9lyt felvonultat\u00f3 V\u00e1rosi J\u00e1t\u00e9kot, oldjon meg feladv\u00e1nyokat, k\u00f6vessen nyomokat \u00e9s fedje fel a gyilkost a saj\u00e1t temp\u00f3j\u00e1ban!","robots":{"index":"noindex","follow":"follow","max-snippet":"max-snippet:-1","max-image-preview":"max-image-preview:large","max-video-preview":"max-video-preview:-1"},"og_locale":"hu_HU","og_type":"article","og_title":"Sherlock Holmes Sarajevo","og_description":"Sherlock Holmes Sarajevo. J\u00e1tsszon egy \u00f6nvez\u00e9relt gyilkoss\u00e1gi rejt\u00e9lyt felvonultat\u00f3 V\u00e1rosi J\u00e1t\u00e9kot, oldjon meg feladv\u00e1nyokat, k\u00f6vessen nyomokat \u00e9s fedje fel a gyilkost a saj\u00e1t temp\u00f3j\u00e1ban!","og_url":"https:\/\/testwebsite.citygame.com\/hu\/games\/sarajevo\/sherlock-holmes-sarajevo\/","og_site_name":"City Game","article_publisher":"https:\/\/www.facebook.com\/profile.php?id=100086426226253","article_modified_time":"2026-04-08T08:29:46+00:00","og_image":[{"width":1024,"height":1024,"url":"https:\/\/testwebsite.citygame.com\/wp-content\/blogs.dir\/1\/files\/sites\/62\/2026\/02\/sarajevo-gazi-husrev-beg-mosque-courtyard-man-playing-game.jpg","type":"image\/jpeg"}],"twitter_card":"summary_large_image","twitter_misc":{"Becs\u00fclt olvas\u00e1si id\u0151":"1 perc"},"schema":{"@context":"https:\/\/schema.org","@graph":[{"@type":"WebPage","@id":"https:\/\/testwebsite.citygame.com\/hu\/games\/sarajevo\/sherlock-holmes-sarajevo\/","url":"https:\/\/testwebsite.citygame.com\/hu\/games\/sarajevo\/sherlock-holmes-sarajevo\/","name":"Sherlock Holmes Sarajevo - City Game","isPartOf":{"@id":"https:\/\/testwebsite.upevents.nl\/#website"},"primaryImageOfPage":{"@id":"https:\/\/testwebsite.citygame.com\/hu\/games\/sarajevo\/sherlock-holmes-sarajevo\/#primaryimage"},"image":{"@id":"https:\/\/testwebsite.citygame.com\/hu\/games\/sarajevo\/sherlock-holmes-sarajevo\/#primaryimage"},"thumbnailUrl":"https:\/\/testwebsite.citygame.com\/wp-content\/blogs.dir\/1\/files\/sites\/62\/2026\/02\/sarajevo-gazi-husrev-beg-mosque-courtyard-man-playing-game.jpg","datePublished":"2026-02-19T15:21:46+00:00","dateModified":"2026-04-08T08:29:46+00:00","description":"Sherlock Holmes Sarajevo. J\u00e1tsszon egy \u00f6nvez\u00e9relt gyilkoss\u00e1gi rejt\u00e9lyt felvonultat\u00f3 V\u00e1rosi J\u00e1t\u00e9kot, oldjon meg feladv\u00e1nyokat, k\u00f6vessen nyomokat \u00e9s fedje fel a gyilkost a saj\u00e1t temp\u00f3j\u00e1ban!","breadcrumb":{"@id":"https:\/\/testwebsite.citygame.com\/hu\/games\/sarajevo\/sherlock-holmes-sarajevo\/#breadcrumb"},"inLanguage":"hu","potentialAction":[{"@type":"ReadAction","target":["https:\/\/testwebsite.citygame.com\/hu\/games\/sarajevo\/sherlock-holmes-sarajevo\/"]}]},{"@type":"ImageObject","inLanguage":"hu","@id":"https:\/\/testwebsite.citygame.com\/hu\/games\/sarajevo\/sherlock-holmes-sarajevo\/#primaryimage","url":"https:\/\/testwebsite.citygame.com\/wp-content\/blogs.dir\/1\/files\/sites\/62\/2026\/02\/sarajevo-gazi-husrev-beg-mosque-courtyard-man-playing-game.jpg","contentUrl":"https:\/\/testwebsite.citygame.com\/wp-content\/blogs.dir\/1\/files\/sites\/62\/2026\/02\/sarajevo-gazi-husrev-beg-mosque-courtyard-man-playing-game.jpg","width":1024,"height":1024,"caption":"A visitor relaxes in the historic courtyard of the Gazi Husrev-beg Mosque in Sarajevo."},{"@type":"BreadcrumbList","@id":"https:\/\/testwebsite.citygame.com\/hu\/games\/sarajevo\/sherlock-holmes-sarajevo\/#breadcrumb","itemListElement":[{"@type":"ListItem","position":1,"name":"Home","item":"https:\/\/testwebsite.citygame.com\/hu\/"},{"@type":"ListItem","position":2,"name":"Shop","item":"https:\/\/testwebsite.citygame.com\/shop\/"},{"@type":"ListItem","position":3,"name":"Sherlock Holmes Sarajevo"}]},{"@type":"WebSite","@id":"https:\/\/testwebsite.upevents.nl\/#website","url":"https:\/\/testwebsite.upevents.nl\/","name":"City Game","description":"","publisher":{"@id":"https:\/\/testwebsite.upevents.nl\/#organization"},"alternateName":"citygame.com","potentialAction":[{"@type":"SearchAction","target":{"@type":"EntryPoint","urlTemplate":"https:\/\/testwebsite.upevents.nl\/?s={search_term_string}"},"query-input":{"@type":"PropertyValueSpecification","valueRequired":true,"valueName":"search_term_string"}}],"inLanguage":"hu"},{"@type":["Organization","Place"],"@id":"https:\/\/testwebsite.upevents.nl\/#organization","name":"City Game","alternateName":"citygame.com","url":"https:\/\/testwebsite.upevents.nl\/","logo":{"@id":"https:\/\/testwebsite.citygame.com\/hu\/games\/sarajevo\/sherlock-holmes-sarajevo\/#local-main-organization-logo"},"image":{"@id":"https:\/\/testwebsite.citygame.com\/hu\/games\/sarajevo\/sherlock-holmes-sarajevo\/#local-main-organization-logo"},"sameAs":["https:\/\/www.facebook.com\/profile.php?id=100086426226253","https:\/\/www.instagram.com\/citygame_com","https:\/\/www.tiktok.com\/@citygamecom\/","https:\/\/www.linkedin.com\/company\/citygame-com"],"description":"Turn any city into a playground with our interactive City Games and self-guided tours. Fun, flexible, and ideal for groups and team building.","telephone":[],"openingHoursSpecification":[{"@type":"OpeningHoursSpecification","dayOfWeek":["Monday","Tuesday","Wednesday","Thursday","Friday","Saturday","Sunday"],"opens":"09:00","closes":"17:00"}]},{"@type":"ImageObject","inLanguage":"hu","@id":"https:\/\/testwebsite.citygame.com\/hu\/games\/sarajevo\/sherlock-holmes-sarajevo\/#local-main-organization-logo","url":"https:\/\/testwebsite.citygame.com\/wp-content\/blogs.dir\/1\/files\/sites\/62\/2025\/10\/CG_LOGO-City-Game.png","contentUrl":"https:\/\/testwebsite.citygame.com\/wp-content\/blogs.dir\/1\/files\/sites\/62\/2025\/10\/CG_LOGO-City-Game.png","width":351,"height":377,"caption":"City Game"}]}},"taxonomy_info":{"game-concept":[{"value":776,"label":"Sherlock"}],"location":[{"value":361,"label":"Sarajevo"}],"product_cat":[{"value":27,"label":"Geen categorie"}]},"featured_image_src_large":["https:\/\/testwebsite.citygame.com\/wp-content\/blogs.dir\/1\/files\/sites\/62\/2026\/02\/sarajevo-gazi-husrev-beg-mosque-courtyard-man-playing-game.jpg",1024,1024,false],"author_info":[],"comment_info":"","_links":{"self":[{"href":"https:\/\/testwebsite.citygame.com\/hu\/wp-json\/wp\/v2\/product\/61849","targetHints":{"allow":["GET"]}}],"collection":[{"href":"https:\/\/testwebsite.citygame.com\/hu\/wp-json\/wp\/v2\/product"}],"about":[{"href":"https:\/\/testwebsite.citygame.com\/hu\/wp-json\/wp\/v2\/types\/product"}],"acf:post":[{"embeddable":true,"href":"https:\/\/testwebsite.citygame.com\/hu\/wp-json\/wp\/v2\/pages\/9282"}],"wp:featuredmedia":[{"embeddable":true,"href":"https:\/\/testwebsite.citygame.com\/hu\/wp-json\/wp\/v2\/media\/14979"}],"wp:attachment":[{"href":"https:\/\/testwebsite.citygame.com\/hu\/wp-json\/wp\/v2\/media?parent=61849"}],"wp:term":[{"taxonomy":"game-concept","embeddable":true,"href":"https:\/\/testwebsite.citygame.com\/hu\/wp-json\/wp\/v2\/game-concept?post=61849"},{"taxonomy":"location","embeddable":true,"href":"https:\/\/testwebsite.citygame.com\/hu\/wp-json\/wp\/v2\/location?post=61849"},{"taxonomy":"product_brand","embeddable":true,"href":"https:\/\/testwebsite.citygame.com\/hu\/wp-json\/wp\/v2\/product_brand?post=61849"},{"taxonomy":"product_cat","embeddable":true,"href":"https:\/\/testwebsite.citygame.com\/hu\/wp-json\/wp\/v2\/product_cat?post=61849"},{"taxonomy":"product_tag","embeddable":true,"href":"https:\/\/testwebsite.citygame.com\/hu\/wp-json\/wp\/v2\/product_tag?post=61849"}],"curies":[{"name":"wp","href":"https:\/\/api.w.org\/{rel}","templated":true}]}}