{"id":61482,"date":"2026-02-16T08:42:48","date_gmt":"2026-02-16T08:42:48","guid":{"rendered":"https:\/\/testwebsite.citygame.com\/games\/unknown-location\/the-lubeck-syndicate\/"},"modified":"2026-04-08T07:49:18","modified_gmt":"2026-04-08T07:49:18","slug":"the-lubeck-syndicate","status":"publish","type":"product","link":"https:\/\/testwebsite.citygame.com\/hu\/games\/lubeck\/the-lubeck-syndicate\/","title":{"rendered":"The Lubeck Syndicate"},"content":{"rendered":"<p>Ez az \u00f6nvezet\u0151 City Escape Game L\u00fcbeckben a t\u00f6rt\u00e9nelmi belv\u00e1rosban zajlik. Csapatk\u00e9nt a j\u00e1t\u00e9kosok egy k\u00fcldet\u00e9st k\u00f6vetnek, hogy felkutass\u00e1k a megfoghatatlan Magnust \u00e9s visszaszerezz\u00e9k hat ellopott k\u00e9plet\u00e9t, l\u00e9p\u00e9sr\u0151l l\u00e9p\u00e9sre haladva egy rejtv\u00e9nyekkel, kih\u00edv\u00e1sokkal \u00e9s rejtett feladatokkal teli t\u00f6rt\u00e9neten kereszt\u00fcl. Ez a L\u00fcbecki City Game a csapatmunk\u00e1t \u00e9s a mag\u00e1val ragad\u00f3 t\u00f6rt\u00e9netmes\u00e9l\u00e9st hangs\u00falyozza, leny\u0171g\u00f6z\u0151 \u00f6nvezet\u0151 v\u00e1rosi j\u00e1t\u00e9k\u00e9lm\u00e9nyt ny\u00fajtva.<\/p>\n","protected":false},"excerpt":{"rendered":"<p>L\u00e9pjen be a Lubeck City Escape Game izgalmas vil\u00e1g\u00e1ba, egy \u00f6nvezet\u0151 k\u00fcldet\u00e9sbe, amely e leny\u0171g\u00f6z\u0151 v\u00e1ros h\u00e1tter\u00e9ben zajlik. Tisztelje a csapatmunka l\u00e9nyeg\u00e9t, fedezzen fel mag\u00e1val ragad\u00f3 t\u00f6rt\u00e9neteket, \u00e9s haladjon l\u00e9p\u00e9sr\u0151l l\u00e9p\u00e9sre a rejtv\u00e9nyekkel teli k\u00fcldet\u00e9sek sor\u00e1n, felgyors\u00edtva adrenalinl\u00f6ket\u00e9t a leny\u0171g\u00f6z\u0151 igazs\u00e1g fel\u00e9 csapat\u00e1val!<\/p>\n","protected":false},"featured_media":14240,"template":"","meta":{"_acf_changed":false,"_yoast_wpseo_focuskw":"The Lubeck Syndicate","_yoast_wpseo_metadesc":"The Lubeck Syndicate. J\u00e1tsszon egy \u00f6nvezet\u0151 City Escape Game-et, oldjon meg rejtv\u00e9nyeket, teljes\u00edtsen k\u00fcldet\u00e9seket \u00e9s szerezze vissza az ellopott k\u00e9pleteket a saj\u00e1t temp\u00f3j\u00e1ban!","_kad_blocks_custom_css":"","_kad_blocks_head_custom_js":"","_kad_blocks_body_custom_js":"","_kad_blocks_footer_custom_js":"","ghostkit_customizer_options":"","ghostkit_custom_css":"","ghostkit_custom_js_head":"","ghostkit_custom_js_foot":"","ghostkit_typography":"","_kad_post_transparent":"","_kad_post_title":"","_kad_post_layout":"","_kad_post_sidebar_id":"","_kad_post_content_style":"","_kad_post_vertical_padding":"","_kad_post_feature":"","_kad_post_feature_position":"","_kad_post_header":false,"_kad_post_footer":false,"_kad_post_classname":"","_links_to":"","_links_to_target":""},"game-concept":[745],"location":[252],"product_brand":[],"product_cat":[27],"product_tag":[],"class_list":{"0":"post-61482","1":"product","2":"type-product","3":"status-publish","4":"has-post-thumbnail","6":"game-concept-syndicate","7":"location-lubeck","8":"product_cat-geen-categorie","10":"first","11":"instock","12":"shipping-taxable","13":"purchasable","14":"product-type-simple","15":"entry","16":"content-bg","17":"loop-entry"},"acf":{"full_bokun_product_name":"Self-Guided The Lubeck Syndicate City Escape Game","location_name":"Lubeck","bokun_calendar_widget_code":"<script type=\"text\/javascript\" src=\"https:\/\/widgets.bokun.io\/assets\/javascripts\/apps\/build\/BokunWidgetsLoader.js?bookingChannelUUID=a1e93e96-5232-4734-a595-28405f4b5a31\" async><\/script>\n     \n    <div class=\"bokunWidget\" data-src=\"https:\/\/widgets.bokun.io\/online-sales\/a1e93e96-5232-4734-a595-28405f4b5a31\/experience-calendar\/875815\"><\/div>\n    <noscript>Please enable javascript in your browser to book<\/noscript>","bokun_button_widget_code":"<script type=\"text\/javascript\" src=\"https:\/\/widgets.bokun.io\/assets\/javascripts\/apps\/build\/BokunWidgetsLoader.js?bookingChannelUUID=a1e93e96-5232-4734-a595-28405f4b5a31\" async><\/script>\n      <style> #bokun_ed001e45_5927_4f62_b470_ca766338d083 { display: inline-block; padding: .4em 1em; background: #47b82e; border-radius: 999999px; box-shadow: none; font-weight: 600; font-size: 24px; text-decoration: none; text-align: center; color: #FFFFFF; border:none; cursor: pointer; transition: background .2s ease; } #bokun_ed001e45_5927_4f62_b470_ca766338d083:hover{ background: #2f7b1f; } #bokun_ed001e45_5927_4f62_b470_ca766338d083:active{ background: #378f24; } <\/style> <button class=\"bokunButton\" disabled id=bokun_ed001e45_5927_4f62_b470_ca766338d083 data-src=\"https:\/\/widgets.bokun.io\/online-sales\/a1e93e96-5232-4734-a595-28405f4b5a31\/experience-calendar\/875815?partialView=1\" data-testid=\"widget-book-button\" > Book now <\/button> ","what_you\u2019ll_experience_during_the_game":"Egy Lubeck utc\u00e1in zajl\u00f3, nagy t\u00e9ttel j\u00e1r\u00f3 menek\u00fcl\u00e9si k\u00fcldet\u00e9sbe cs\u00f6ppenve neked \u00e9s csapatodnak nyomokat kell felfedeznie, t\u00falj\u00e1rnia a riv\u00e1lisok esz\u00e9n, \u00e9s fel kell kutatnia a megfoghatatlan Magnust, miel\u0151tt nyoma veszne. Az akci\u00f3 l\u00e9p\u00e9sr\u0151l l\u00e9p\u00e9sre bontakozik ki, ahogy haladtok a v\u00e1rosban, minden helysz\u00edn a t\u00f6rt\u00e9net \u00fajabb r\u00e9tegeit t\u00e1rja fel, \u00e9s egy \u00fajabb ellopott k\u00e9plet v\u00e1r visszaszerz\u00e9sre.\n\nC\u00e9lotok: visszaszerezni hat ellopott tudom\u00e1nyos k\u00e9pletet, amelyeket Magnus Lubeck szerte elrejtett. \u00datk\u00f6zben logikai rejtv\u00e9nyekkel, k\u00f3dolt \u00fczenetekkel \u00e9s id\u0151re men\u0151 kih\u00edv\u00e1sokkal tal\u00e1lkozhattok, amelyek tiszta kommunik\u00e1ci\u00f3t \u00e9s okos d\u00f6nt\u00e9shoz\u00e1st ig\u00e9nyelnek. Minden feladat bele van sz\u0151ve a k\u00fcldet\u00e9s narrat\u00edv\u00e1j\u00e1ba, \u00edgy egy teljesen t\u00f6rt\u00e9netvez\u00e9relt \u00e9lm\u00e9nyt ny\u00fajt, ahol a csapatmunka elengedhetetlen. A j\u00e1t\u00e9k lehet\u0151v\u00e9 teszi, hogy sz\u00fcnetet tartsatok a szakaszok k\u00f6z\u00f6tt, \u00e9s a saj\u00e1t \u00fctemtervetek szerint folytass\u00e1tok, biztos\u00edtva, hogy ti ir\u00e1ny\u00edts\u00e1tok a temp\u00f3t, mik\u00f6zben megfejtitek ezt a kibontakoz\u00f3 v\u00e1rosi akci\u00f3t.","how_to_play":"Foglalja le a City Game-et, ellen\u0151rizze az utas\u00edt\u00e1sokat tartalmaz\u00f3 e-mailt, t\u00f6ltse le a Loquiz App-et, \u00e9s kezdje meg a j\u00e1t\u00e9k\u00e9lm\u00e9nyt!","start_location":"Lubeck, Markt","available_languages":["en"],"players_per_group":"1-4","duration":"1.5-2 hours","image_overlay_color_image":"https:\/\/testwebsite.citygame.com\/wp-content\/blogs.dir\/1\/files\/sites\/62\/2026\/01\/SyndicateColor.svg","image_overlay_game_logo":"https:\/\/testwebsite.citygame.com\/wp-content\/blogs.dir\/1\/files\/sites\/62\/2026\/01\/SyndicateLogo.png","city_page":12917,"woocommerce_general_content":null},"yoast_head":"<!-- This site is optimized with the Yoast SEO Premium plugin v26.2 (Yoast SEO v26.3) - https:\/\/yoast.com\/wordpress\/plugins\/seo\/ -->\n<title>The Lubeck Syndicate - City Game<\/title>\n<meta name=\"description\" content=\"The Lubeck Syndicate. J\u00e1tsszon egy \u00f6nvezet\u0151 City Escape Game-et, oldjon meg rejtv\u00e9nyeket, teljes\u00edtsen k\u00fcldet\u00e9seket \u00e9s szerezze vissza az ellopott k\u00e9pleteket a saj\u00e1t temp\u00f3j\u00e1ban!\" \/>\n<meta name=\"robots\" content=\"noindex, follow, max-snippet:-1, max-image-preview:large, max-video-preview:-1\" \/>\n<meta property=\"og:locale\" content=\"hu_HU\" \/>\n<meta property=\"og:type\" content=\"article\" \/>\n<meta property=\"og:title\" content=\"The Lubeck Syndicate\" \/>\n<meta property=\"og:description\" content=\"The Lubeck Syndicate. J\u00e1tsszon egy \u00f6nvezet\u0151 City Escape Game-et, oldjon meg rejtv\u00e9nyeket, teljes\u00edtsen k\u00fcldet\u00e9seket \u00e9s szerezze vissza az ellopott k\u00e9pleteket a saj\u00e1t temp\u00f3j\u00e1ban!\" \/>\n<meta property=\"og:url\" content=\"https:\/\/testwebsite.citygame.com\/hu\/games\/lubeck\/the-lubeck-syndicate\/\" \/>\n<meta property=\"og:site_name\" content=\"City Game\" \/>\n<meta property=\"article:publisher\" content=\"https:\/\/www.facebook.com\/profile.php?id=100086426226253\" \/>\n<meta property=\"article:modified_time\" content=\"2026-04-08T07:49:18+00:00\" \/>\n<meta property=\"og:image\" content=\"https:\/\/testwebsite.citygame.com\/wp-content\/blogs.dir\/1\/files\/sites\/62\/2026\/02\/man-using-phone-on-street-in-lubeck-germany.jpg\" \/>\n\t<meta property=\"og:image:width\" content=\"1024\" \/>\n\t<meta property=\"og:image:height\" content=\"1024\" \/>\n\t<meta property=\"og:image:type\" content=\"image\/jpeg\" \/>\n<meta name=\"twitter:card\" content=\"summary_large_image\" \/>\n<script type=\"application\/ld+json\" class=\"yoast-schema-graph\">{\"@context\":\"https:\/\/schema.org\",\"@graph\":[{\"@type\":\"WebPage\",\"@id\":\"https:\/\/testwebsite.citygame.com\/hu\/games\/lubeck\/the-lubeck-syndicate\/\",\"url\":\"https:\/\/testwebsite.citygame.com\/hu\/games\/lubeck\/the-lubeck-syndicate\/\",\"name\":\"The Lubeck Syndicate - City Game\",\"isPartOf\":{\"@id\":\"https:\/\/testwebsite.upevents.nl\/#website\"},\"primaryImageOfPage\":{\"@id\":\"https:\/\/testwebsite.citygame.com\/hu\/games\/lubeck\/the-lubeck-syndicate\/#primaryimage\"},\"image\":{\"@id\":\"https:\/\/testwebsite.citygame.com\/hu\/games\/lubeck\/the-lubeck-syndicate\/#primaryimage\"},\"thumbnailUrl\":\"https:\/\/testwebsite.citygame.com\/wp-content\/blogs.dir\/1\/files\/sites\/62\/2026\/02\/man-using-phone-on-street-in-lubeck-germany.jpg\",\"datePublished\":\"2026-02-16T08:42:48+00:00\",\"dateModified\":\"2026-04-08T07:49:18+00:00\",\"description\":\"The Lubeck Syndicate. J\u00e1tsszon egy \u00f6nvezet\u0151 City Escape Game-et, oldjon meg rejtv\u00e9nyeket, teljes\u00edtsen k\u00fcldet\u00e9seket \u00e9s szerezze vissza az ellopott k\u00e9pleteket a saj\u00e1t temp\u00f3j\u00e1ban!\",\"breadcrumb\":{\"@id\":\"https:\/\/testwebsite.citygame.com\/hu\/games\/lubeck\/the-lubeck-syndicate\/#breadcrumb\"},\"inLanguage\":\"hu\",\"potentialAction\":[{\"@type\":\"ReadAction\",\"target\":[\"https:\/\/testwebsite.citygame.com\/hu\/games\/lubeck\/the-lubeck-syndicate\/\"]}]},{\"@type\":\"ImageObject\",\"inLanguage\":\"hu\",\"@id\":\"https:\/\/testwebsite.citygame.com\/hu\/games\/lubeck\/the-lubeck-syndicate\/#primaryimage\",\"url\":\"https:\/\/testwebsite.citygame.com\/wp-content\/blogs.dir\/1\/files\/sites\/62\/2026\/02\/man-using-phone-on-street-in-lubeck-germany.jpg\",\"contentUrl\":\"https:\/\/testwebsite.citygame.com\/wp-content\/blogs.dir\/1\/files\/sites\/62\/2026\/02\/man-using-phone-on-street-in-lubeck-germany.jpg\",\"width\":1024,\"height\":1024,\"caption\":\"A person navigates a historic street in L\u00fcbeck, Germany, with a mobile phone.\"},{\"@type\":\"BreadcrumbList\",\"@id\":\"https:\/\/testwebsite.citygame.com\/hu\/games\/lubeck\/the-lubeck-syndicate\/#breadcrumb\",\"itemListElement\":[{\"@type\":\"ListItem\",\"position\":1,\"name\":\"Home\",\"item\":\"https:\/\/testwebsite.citygame.com\/hu\/\"},{\"@type\":\"ListItem\",\"position\":2,\"name\":\"Shop\",\"item\":\"https:\/\/testwebsite.citygame.com\/shop\/\"},{\"@type\":\"ListItem\",\"position\":3,\"name\":\"The Lubeck Syndicate\"}]},{\"@type\":\"WebSite\",\"@id\":\"https:\/\/testwebsite.upevents.nl\/#website\",\"url\":\"https:\/\/testwebsite.upevents.nl\/\",\"name\":\"City Game\",\"description\":\"\",\"publisher\":{\"@id\":\"https:\/\/testwebsite.upevents.nl\/#organization\"},\"alternateName\":\"citygame.com\",\"potentialAction\":[{\"@type\":\"SearchAction\",\"target\":{\"@type\":\"EntryPoint\",\"urlTemplate\":\"https:\/\/testwebsite.upevents.nl\/?s={search_term_string}\"},\"query-input\":{\"@type\":\"PropertyValueSpecification\",\"valueRequired\":true,\"valueName\":\"search_term_string\"}}],\"inLanguage\":\"hu\"},{\"@type\":[\"Organization\",\"Place\"],\"@id\":\"https:\/\/testwebsite.upevents.nl\/#organization\",\"name\":\"City Game\",\"alternateName\":\"citygame.com\",\"url\":\"https:\/\/testwebsite.upevents.nl\/\",\"logo\":{\"@id\":\"https:\/\/testwebsite.citygame.com\/hu\/games\/lubeck\/the-lubeck-syndicate\/#local-main-organization-logo\"},\"image\":{\"@id\":\"https:\/\/testwebsite.citygame.com\/hu\/games\/lubeck\/the-lubeck-syndicate\/#local-main-organization-logo\"},\"sameAs\":[\"https:\/\/www.facebook.com\/profile.php?id=100086426226253\",\"https:\/\/www.instagram.com\/citygame_com\",\"https:\/\/www.tiktok.com\/@citygamecom\/\",\"https:\/\/www.linkedin.com\/company\/citygame-com\"],\"description\":\"Turn any city into a playground with our interactive City Games and self-guided tours. Fun, flexible, and ideal for groups and team building.\",\"telephone\":[],\"openingHoursSpecification\":[{\"@type\":\"OpeningHoursSpecification\",\"dayOfWeek\":[\"Monday\",\"Tuesday\",\"Wednesday\",\"Thursday\",\"Friday\",\"Saturday\",\"Sunday\"],\"opens\":\"09:00\",\"closes\":\"17:00\"}]},{\"@type\":\"ImageObject\",\"inLanguage\":\"hu\",\"@id\":\"https:\/\/testwebsite.citygame.com\/hu\/games\/lubeck\/the-lubeck-syndicate\/#local-main-organization-logo\",\"url\":\"https:\/\/testwebsite.citygame.com\/wp-content\/blogs.dir\/1\/files\/sites\/62\/2025\/10\/CG_LOGO-City-Game.png\",\"contentUrl\":\"https:\/\/testwebsite.citygame.com\/wp-content\/blogs.dir\/1\/files\/sites\/62\/2025\/10\/CG_LOGO-City-Game.png\",\"width\":351,\"height\":377,\"caption\":\"City Game\"}]}<\/script>\n<!-- \/ Yoast SEO Premium plugin. -->","yoast_head_json":{"title":"The Lubeck Syndicate - City Game","description":"The Lubeck Syndicate. J\u00e1tsszon egy \u00f6nvezet\u0151 City Escape Game-et, oldjon meg rejtv\u00e9nyeket, teljes\u00edtsen k\u00fcldet\u00e9seket \u00e9s szerezze vissza az ellopott k\u00e9pleteket a saj\u00e1t temp\u00f3j\u00e1ban!","robots":{"index":"noindex","follow":"follow","max-snippet":"max-snippet:-1","max-image-preview":"max-image-preview:large","max-video-preview":"max-video-preview:-1"},"og_locale":"hu_HU","og_type":"article","og_title":"The Lubeck Syndicate","og_description":"The Lubeck Syndicate. J\u00e1tsszon egy \u00f6nvezet\u0151 City Escape Game-et, oldjon meg rejtv\u00e9nyeket, teljes\u00edtsen k\u00fcldet\u00e9seket \u00e9s szerezze vissza az ellopott k\u00e9pleteket a saj\u00e1t temp\u00f3j\u00e1ban!","og_url":"https:\/\/testwebsite.citygame.com\/hu\/games\/lubeck\/the-lubeck-syndicate\/","og_site_name":"City Game","article_publisher":"https:\/\/www.facebook.com\/profile.php?id=100086426226253","article_modified_time":"2026-04-08T07:49:18+00:00","og_image":[{"width":1024,"height":1024,"url":"https:\/\/testwebsite.citygame.com\/wp-content\/blogs.dir\/1\/files\/sites\/62\/2026\/02\/man-using-phone-on-street-in-lubeck-germany.jpg","type":"image\/jpeg"}],"twitter_card":"summary_large_image","schema":{"@context":"https:\/\/schema.org","@graph":[{"@type":"WebPage","@id":"https:\/\/testwebsite.citygame.com\/hu\/games\/lubeck\/the-lubeck-syndicate\/","url":"https:\/\/testwebsite.citygame.com\/hu\/games\/lubeck\/the-lubeck-syndicate\/","name":"The Lubeck Syndicate - City Game","isPartOf":{"@id":"https:\/\/testwebsite.upevents.nl\/#website"},"primaryImageOfPage":{"@id":"https:\/\/testwebsite.citygame.com\/hu\/games\/lubeck\/the-lubeck-syndicate\/#primaryimage"},"image":{"@id":"https:\/\/testwebsite.citygame.com\/hu\/games\/lubeck\/the-lubeck-syndicate\/#primaryimage"},"thumbnailUrl":"https:\/\/testwebsite.citygame.com\/wp-content\/blogs.dir\/1\/files\/sites\/62\/2026\/02\/man-using-phone-on-street-in-lubeck-germany.jpg","datePublished":"2026-02-16T08:42:48+00:00","dateModified":"2026-04-08T07:49:18+00:00","description":"The Lubeck Syndicate. J\u00e1tsszon egy \u00f6nvezet\u0151 City Escape Game-et, oldjon meg rejtv\u00e9nyeket, teljes\u00edtsen k\u00fcldet\u00e9seket \u00e9s szerezze vissza az ellopott k\u00e9pleteket a saj\u00e1t temp\u00f3j\u00e1ban!","breadcrumb":{"@id":"https:\/\/testwebsite.citygame.com\/hu\/games\/lubeck\/the-lubeck-syndicate\/#breadcrumb"},"inLanguage":"hu","potentialAction":[{"@type":"ReadAction","target":["https:\/\/testwebsite.citygame.com\/hu\/games\/lubeck\/the-lubeck-syndicate\/"]}]},{"@type":"ImageObject","inLanguage":"hu","@id":"https:\/\/testwebsite.citygame.com\/hu\/games\/lubeck\/the-lubeck-syndicate\/#primaryimage","url":"https:\/\/testwebsite.citygame.com\/wp-content\/blogs.dir\/1\/files\/sites\/62\/2026\/02\/man-using-phone-on-street-in-lubeck-germany.jpg","contentUrl":"https:\/\/testwebsite.citygame.com\/wp-content\/blogs.dir\/1\/files\/sites\/62\/2026\/02\/man-using-phone-on-street-in-lubeck-germany.jpg","width":1024,"height":1024,"caption":"A person navigates a historic street in L\u00fcbeck, Germany, with a mobile phone."},{"@type":"BreadcrumbList","@id":"https:\/\/testwebsite.citygame.com\/hu\/games\/lubeck\/the-lubeck-syndicate\/#breadcrumb","itemListElement":[{"@type":"ListItem","position":1,"name":"Home","item":"https:\/\/testwebsite.citygame.com\/hu\/"},{"@type":"ListItem","position":2,"name":"Shop","item":"https:\/\/testwebsite.citygame.com\/shop\/"},{"@type":"ListItem","position":3,"name":"The Lubeck Syndicate"}]},{"@type":"WebSite","@id":"https:\/\/testwebsite.upevents.nl\/#website","url":"https:\/\/testwebsite.upevents.nl\/","name":"City Game","description":"","publisher":{"@id":"https:\/\/testwebsite.upevents.nl\/#organization"},"alternateName":"citygame.com","potentialAction":[{"@type":"SearchAction","target":{"@type":"EntryPoint","urlTemplate":"https:\/\/testwebsite.upevents.nl\/?s={search_term_string}"},"query-input":{"@type":"PropertyValueSpecification","valueRequired":true,"valueName":"search_term_string"}}],"inLanguage":"hu"},{"@type":["Organization","Place"],"@id":"https:\/\/testwebsite.upevents.nl\/#organization","name":"City Game","alternateName":"citygame.com","url":"https:\/\/testwebsite.upevents.nl\/","logo":{"@id":"https:\/\/testwebsite.citygame.com\/hu\/games\/lubeck\/the-lubeck-syndicate\/#local-main-organization-logo"},"image":{"@id":"https:\/\/testwebsite.citygame.com\/hu\/games\/lubeck\/the-lubeck-syndicate\/#local-main-organization-logo"},"sameAs":["https:\/\/www.facebook.com\/profile.php?id=100086426226253","https:\/\/www.instagram.com\/citygame_com","https:\/\/www.tiktok.com\/@citygamecom\/","https:\/\/www.linkedin.com\/company\/citygame-com"],"description":"Turn any city into a playground with our interactive City Games and self-guided tours. Fun, flexible, and ideal for groups and team building.","telephone":[],"openingHoursSpecification":[{"@type":"OpeningHoursSpecification","dayOfWeek":["Monday","Tuesday","Wednesday","Thursday","Friday","Saturday","Sunday"],"opens":"09:00","closes":"17:00"}]},{"@type":"ImageObject","inLanguage":"hu","@id":"https:\/\/testwebsite.citygame.com\/hu\/games\/lubeck\/the-lubeck-syndicate\/#local-main-organization-logo","url":"https:\/\/testwebsite.citygame.com\/wp-content\/blogs.dir\/1\/files\/sites\/62\/2025\/10\/CG_LOGO-City-Game.png","contentUrl":"https:\/\/testwebsite.citygame.com\/wp-content\/blogs.dir\/1\/files\/sites\/62\/2025\/10\/CG_LOGO-City-Game.png","width":351,"height":377,"caption":"City Game"}]}},"taxonomy_info":{"game-concept":[{"value":745,"label":"Syndicate"}],"location":[{"value":252,"label":"L\u00fcbeck"}],"product_cat":[{"value":27,"label":"Geen categorie"}]},"featured_image_src_large":["https:\/\/testwebsite.citygame.com\/wp-content\/blogs.dir\/1\/files\/sites\/62\/2026\/02\/man-using-phone-on-street-in-lubeck-germany.jpg",1024,1024,false],"author_info":[],"comment_info":"","_links":{"self":[{"href":"https:\/\/testwebsite.citygame.com\/hu\/wp-json\/wp\/v2\/product\/61482","targetHints":{"allow":["GET"]}}],"collection":[{"href":"https:\/\/testwebsite.citygame.com\/hu\/wp-json\/wp\/v2\/product"}],"about":[{"href":"https:\/\/testwebsite.citygame.com\/hu\/wp-json\/wp\/v2\/types\/product"}],"acf:post":[{"embeddable":true,"href":"https:\/\/testwebsite.citygame.com\/hu\/wp-json\/wp\/v2\/pages\/12917"}],"wp:featuredmedia":[{"embeddable":true,"href":"https:\/\/testwebsite.citygame.com\/hu\/wp-json\/wp\/v2\/media\/14240"}],"wp:attachment":[{"href":"https:\/\/testwebsite.citygame.com\/hu\/wp-json\/wp\/v2\/media?parent=61482"}],"wp:term":[{"taxonomy":"game-concept","embeddable":true,"href":"https:\/\/testwebsite.citygame.com\/hu\/wp-json\/wp\/v2\/game-concept?post=61482"},{"taxonomy":"location","embeddable":true,"href":"https:\/\/testwebsite.citygame.com\/hu\/wp-json\/wp\/v2\/location?post=61482"},{"taxonomy":"product_brand","embeddable":true,"href":"https:\/\/testwebsite.citygame.com\/hu\/wp-json\/wp\/v2\/product_brand?post=61482"},{"taxonomy":"product_cat","embeddable":true,"href":"https:\/\/testwebsite.citygame.com\/hu\/wp-json\/wp\/v2\/product_cat?post=61482"},{"taxonomy":"product_tag","embeddable":true,"href":"https:\/\/testwebsite.citygame.com\/hu\/wp-json\/wp\/v2\/product_tag?post=61482"}],"curies":[{"name":"wp","href":"https:\/\/api.w.org\/{rel}","templated":true}]}}