{"id":61481,"date":"2026-02-05T12:48:51","date_gmt":"2026-02-05T12:48:51","guid":{"rendered":"https:\/\/testwebsite.citygame.com\/games\/unknown-location\/sherlock-holmes-florence\/"},"modified":"2026-04-08T07:49:12","modified_gmt":"2026-04-08T07:49:12","slug":"sherlock-holmes-florence","status":"publish","type":"product","link":"https:\/\/testwebsite.citygame.com\/hu\/games\/florence\/sherlock-holmes-florence\/","title":{"rendered":"Sherlock Holmes Florence"},"content":{"rendered":"<p>L\u00e9pjen be Sherlock Holmes vil\u00e1g\u00e1ba ezzel az \u00f6nvezet\u0151, t\u00f6rt\u00e9netk\u00f6zpont\u00fa gyilkoss\u00e1gi rejt\u00e9ly V\u00e1rosi J\u00e1t\u00e9kkal, amely Firenze t\u00f6rt\u00e9nelmi belv\u00e1ros\u00e1ban j\u00e1tsz\u00f3dik. Ahogy az utc\u00e1k a nyomoz\u00e1s sz\u00ednhely\u00e9v\u00e9 v\u00e1lnak, egy izgalmas \u00fcgyet g\u00f6ngy\u00f6l\u00edthet fel, mely egy, a Liberty Festival alatt elk\u00f6vetett gyilkoss\u00e1got \u00e9rint. Egy kibontakoz\u00f3 narrat\u00edv\u00e1t k\u00f6vetve \u00d6n \u00e9s detekt\u00edvt\u00e1rsai nyomokat gy\u0171jtenek, bonyolult fejt\u00f6r\u0151ket oldanak meg \u00e9s digit\u00e1lis gyan\u00fas\u00edtottakat k\u00e9rdeznek ki a saj\u00e1t temp\u00f3jukban, teljesen elmer\u00fclve a rejt\u00e9lyben.<\/p>\n","protected":false},"excerpt":{"rendered":"<p>L\u00e9pjen a vil\u00e1gh\u00edr\u0171 detekt\u00edv, Sherlock Holmes nyom\u00e1ba ebben az \u00f6nvezet\u0151 gyilkoss\u00e1gi rejt\u00e9ly \u00e9lm\u00e9nyben, mely Firenz\u00e9ben j\u00e1tsz\u00f3dik. K\u00f6vesse a nyomokat, oldjon meg bonyolult fejt\u00f6r\u0151ket csapat\u00e1val, \u00e9s fedje fel a b\u0171nt\u00e9ny m\u00f6g\u00f6tti igazs\u00e1got, miel\u0151tt lej\u00e1r az id\u0151!<\/p>\n","protected":false},"featured_media":10783,"template":"","meta":{"_acf_changed":false,"_yoast_wpseo_focuskw":"Sherlock Holmes Florence","_yoast_wpseo_metadesc":"Sherlock Holmes Florence. J\u00e1tsszon egy \u00f6nvezet\u0151 gyilkoss\u00e1gi rejt\u00e9ly V\u00e1rosi J\u00e1t\u00e9kkal, oldjon meg fejt\u00f6r\u0151ket, k\u00f6vessen nyomokat \u00e9s fedje fel a gyilkost a saj\u00e1t temp\u00f3j\u00e1ban!","_kad_blocks_custom_css":"","_kad_blocks_head_custom_js":"","_kad_blocks_body_custom_js":"","_kad_blocks_footer_custom_js":"","ghostkit_customizer_options":"","ghostkit_custom_css":"","ghostkit_custom_js_head":"","ghostkit_custom_js_foot":"","ghostkit_typography":"","_kad_post_transparent":"","_kad_post_title":"","_kad_post_layout":"","_kad_post_sidebar_id":"","_kad_post_content_style":"","_kad_post_vertical_padding":"","_kad_post_feature":"","_kad_post_feature_position":"","_kad_post_header":false,"_kad_post_footer":false,"_kad_post_classname":"","_links_to":"","_links_to_target":""},"game-concept":[776],"location":[165],"product_brand":[],"product_cat":[27],"product_tag":[],"class_list":{"0":"post-61481","1":"product","2":"type-product","3":"status-publish","4":"has-post-thumbnail","6":"game-concept-sherlock","7":"location-florence","8":"product_cat-geen-categorie","10":"first","11":"instock","12":"shipping-taxable","13":"purchasable","14":"product-type-simple","15":"entry","16":"content-bg","17":"loop-entry"},"acf":{"full_bokun_product_name":"Florence Self-Guided Sherlock Holmes Murder Mystery Game","location_name":"Florence","bokun_calendar_widget_code":"<script type=\"text\/javascript\" src=\"https:\/\/widgets.bokun.io\/assets\/javascripts\/apps\/build\/BokunWidgetsLoader.js?bookingChannelUUID=a1e93e96-5232-4734-a595-28405f4b5a31\" async><\/script>\n     \n    <div class=\"bokunWidget\" data-src=\"https:\/\/widgets.bokun.io\/online-sales\/a1e93e96-5232-4734-a595-28405f4b5a31\/experience-calendar\/733148\"><\/div>\n    <noscript>Please enable javascript in your browser to book<\/noscript>","bokun_button_widget_code":"<script type=\"text\/javascript\" src=\"https:\/\/widgets.bokun.io\/assets\/javascripts\/apps\/build\/BokunWidgetsLoader.js?bookingChannelUUID=a1e93e96-5232-4734-a595-28405f4b5a31\" async><\/script>\n      <style> #bokun_ed001e45_5927_4f62_b470_ca766338d083 { display: inline-block; padding: .4em 1em; background: #47b82e; border-radius: 999999px; box-shadow: none; font-weight: 600; font-size: 24px; text-decoration: none; text-align: center; color: #FFFFFF; border:none; cursor: pointer; transition: background .2s ease; } #bokun_ed001e45_5927_4f62_b470_ca766338d083:hover{ background: #2f7b1f; } #bokun_ed001e45_5927_4f62_b470_ca766338d083:active{ background: #378f24; } <\/style> <button class=\"bokunButton\" disabled id=bokun_ed001e45_5927_4f62_b470_ca766338d083 data-src=\"https:\/\/widgets.bokun.io\/online-sales\/a1e93e96-5232-4734-a595-28405f4b5a31\/experience-calendar\/733148?partialView=1\" data-testid=\"widget-book-button\" > Book now <\/button> ","what_you\u2019ll_experience_during_the_game":"\u00d6n egy lebilincsel\u0151 detekt\u00edvt\u00f6rt\u00e9netbe cs\u00f6ppen Firenze sz\u00edv\u00e9ben, ahol egy sokkol\u00f3 gyilkoss\u00e1g a Liberty Festivalon a titkok \u00e9s hazugs\u00e1gok komplex h\u00e1l\u00f3j\u00e1t bontja ki. Ahogy halad a v\u00e1rosban, a nyomoz\u00e1s darabonk\u00e9nt t\u00e1rul fel, egyre m\u00e9lyebbre vonva \u00d6nt egy teljesen t\u00f6rt\u00e9netk\u00f6zpont\u00fa rejt\u00e9lybe, amely a legjobb megfigyel\u0151k\u00e9pess\u00e9g\u00e9t \u00e9s leg\u00e9lesebb \u00f6szt\u00f6neit ig\u00e9nyli.\n\nRejtett nyomok ut\u00e1n kutat, egyre bonyolultabb fejt\u00f6r\u0151ket old meg, \u00e9s digit\u00e1lis gyan\u00fas\u00edtottakkal szembes\u00fcl, mik\u00f6zben elemzi alibijeik ellentmond\u00e1sait. Az \u00fcgy fordulatok pr\u00f3b\u00e1ra teszik logik\u00e1j\u00e1t, \u00e9s minden felfedez\u00e9s egy l\u00e9p\u00e9ssel k\u00f6zelebb visz az igazs\u00e1g felder\u00edt\u00e9s\u00e9hez. A kritikus gondolkod\u00e1s \u00e9s a dedukci\u00f3 elengedhetetlen, de \u00d6n ir\u00e1ny\u00edtja a temp\u00f3t \u2013 b\u00e1rmikor meg\u00e1llhat \u00e9s folytathatja. Ak\u00e1r egyed\u00fcl nyomoz, ak\u00e1r csapatokban versenyez, Firenze rejt\u00e9lye v\u00e1rja nyomoz\u00e1s\u00e1t.","how_to_play":"Dolgozzon egyed\u00fcl vagy bar\u00e1tokkal, csal\u00e1dtagokkal, illetve koll\u00e9g\u00e1kkal, legfeljebb n\u00e9gyf\u0151s csapatokban, eszk\u00f6z\u00f6nk\u00e9nt. A foglal\u00e1s ut\u00e1n egy \u00fatmutat\u00f3 e-mailt kap, benne mindennel, amire sz\u00fcks\u00e9ge lesz.","start_location":"Florence, Piazza della Signoria","available_languages":["en","es","fr","de","it","nl"],"players_per_group":"1-4","duration":"1.5-2 hours","image_overlay_color_image":"https:\/\/testwebsite.citygame.com\/wp-content\/blogs.dir\/1\/files\/sites\/62\/2026\/01\/SherlockColor.svg","image_overlay_game_logo":"https:\/\/testwebsite.citygame.com\/wp-content\/blogs.dir\/1\/files\/sites\/62\/2026\/01\/SherlockLogo.png","city_page":7430,"woocommerce_general_content":null},"yoast_head":"<!-- This site is optimized with the Yoast SEO Premium plugin v26.2 (Yoast SEO v26.3) - https:\/\/yoast.com\/wordpress\/plugins\/seo\/ -->\n<title>Sherlock Holmes Florence - City Game<\/title>\n<meta name=\"description\" content=\"Sherlock Holmes Florence. J\u00e1tsszon egy \u00f6nvezet\u0151 gyilkoss\u00e1gi rejt\u00e9ly V\u00e1rosi J\u00e1t\u00e9kkal, oldjon meg fejt\u00f6r\u0151ket, k\u00f6vessen nyomokat \u00e9s fedje fel a gyilkost a saj\u00e1t temp\u00f3j\u00e1ban!\" \/>\n<meta name=\"robots\" content=\"noindex, follow, max-snippet:-1, max-image-preview:large, max-video-preview:-1\" \/>\n<meta property=\"og:locale\" content=\"hu_HU\" \/>\n<meta property=\"og:type\" content=\"article\" \/>\n<meta property=\"og:title\" content=\"Sherlock Holmes Florence\" \/>\n<meta property=\"og:description\" content=\"Sherlock Holmes Florence. J\u00e1tsszon egy \u00f6nvezet\u0151 gyilkoss\u00e1gi rejt\u00e9ly V\u00e1rosi J\u00e1t\u00e9kkal, oldjon meg fejt\u00f6r\u0151ket, k\u00f6vessen nyomokat \u00e9s fedje fel a gyilkost a saj\u00e1t temp\u00f3j\u00e1ban!\" \/>\n<meta property=\"og:url\" content=\"https:\/\/testwebsite.citygame.com\/hu\/games\/florence\/sherlock-holmes-florence\/\" \/>\n<meta property=\"og:site_name\" content=\"City Game\" \/>\n<meta property=\"article:publisher\" content=\"https:\/\/www.facebook.com\/profile.php?id=100086426226253\" \/>\n<meta property=\"article:modified_time\" content=\"2026-04-08T07:49:12+00:00\" \/>\n<meta property=\"og:image\" content=\"https:\/\/testwebsite.citygame.com\/wp-content\/blogs.dir\/1\/files\/sites\/62\/2026\/02\/florence-woman-playing-sherlock-city-game-on-phone.jpg\" \/>\n\t<meta property=\"og:image:width\" content=\"1344\" \/>\n\t<meta property=\"og:image:height\" content=\"768\" \/>\n\t<meta property=\"og:image:type\" content=\"image\/jpeg\" \/>\n<meta name=\"twitter:card\" content=\"summary_large_image\" \/>\n<meta name=\"twitter:label1\" content=\"Becs\u00fclt olvas\u00e1si id\u0151\" \/>\n\t<meta name=\"twitter:data1\" content=\"1 perc\" \/>\n<script type=\"application\/ld+json\" class=\"yoast-schema-graph\">{\"@context\":\"https:\/\/schema.org\",\"@graph\":[{\"@type\":\"WebPage\",\"@id\":\"https:\/\/testwebsite.citygame.com\/hu\/games\/florence\/sherlock-holmes-florence\/\",\"url\":\"https:\/\/testwebsite.citygame.com\/hu\/games\/florence\/sherlock-holmes-florence\/\",\"name\":\"Sherlock Holmes Florence - City Game\",\"isPartOf\":{\"@id\":\"https:\/\/testwebsite.upevents.nl\/#website\"},\"primaryImageOfPage\":{\"@id\":\"https:\/\/testwebsite.citygame.com\/hu\/games\/florence\/sherlock-holmes-florence\/#primaryimage\"},\"image\":{\"@id\":\"https:\/\/testwebsite.citygame.com\/hu\/games\/florence\/sherlock-holmes-florence\/#primaryimage\"},\"thumbnailUrl\":\"https:\/\/testwebsite.citygame.com\/wp-content\/blogs.dir\/1\/files\/sites\/62\/2026\/02\/florence-woman-playing-sherlock-city-game-on-phone.jpg\",\"datePublished\":\"2026-02-05T12:48:51+00:00\",\"dateModified\":\"2026-04-08T07:49:12+00:00\",\"description\":\"Sherlock Holmes Florence. J\u00e1tsszon egy \u00f6nvezet\u0151 gyilkoss\u00e1gi rejt\u00e9ly V\u00e1rosi J\u00e1t\u00e9kkal, oldjon meg fejt\u00f6r\u0151ket, k\u00f6vessen nyomokat \u00e9s fedje fel a gyilkost a saj\u00e1t temp\u00f3j\u00e1ban!\",\"breadcrumb\":{\"@id\":\"https:\/\/testwebsite.citygame.com\/hu\/games\/florence\/sherlock-holmes-florence\/#breadcrumb\"},\"inLanguage\":\"hu\",\"potentialAction\":[{\"@type\":\"ReadAction\",\"target\":[\"https:\/\/testwebsite.citygame.com\/hu\/games\/florence\/sherlock-holmes-florence\/\"]}]},{\"@type\":\"ImageObject\",\"inLanguage\":\"hu\",\"@id\":\"https:\/\/testwebsite.citygame.com\/hu\/games\/florence\/sherlock-holmes-florence\/#primaryimage\",\"url\":\"https:\/\/testwebsite.citygame.com\/wp-content\/blogs.dir\/1\/files\/sites\/62\/2026\/02\/florence-woman-playing-sherlock-city-game-on-phone.jpg\",\"contentUrl\":\"https:\/\/testwebsite.citygame.com\/wp-content\/blogs.dir\/1\/files\/sites\/62\/2026\/02\/florence-woman-playing-sherlock-city-game-on-phone.jpg\",\"width\":1344,\"height\":768,\"caption\":\"A player interacts with the Sherlock city game app while exploring the historic streets of Florence.\"},{\"@type\":\"BreadcrumbList\",\"@id\":\"https:\/\/testwebsite.citygame.com\/hu\/games\/florence\/sherlock-holmes-florence\/#breadcrumb\",\"itemListElement\":[{\"@type\":\"ListItem\",\"position\":1,\"name\":\"Home\",\"item\":\"https:\/\/testwebsite.citygame.com\/hu\/\"},{\"@type\":\"ListItem\",\"position\":2,\"name\":\"Shop\",\"item\":\"https:\/\/testwebsite.citygame.com\/shop\/\"},{\"@type\":\"ListItem\",\"position\":3,\"name\":\"Sherlock Holmes Florence\"}]},{\"@type\":\"WebSite\",\"@id\":\"https:\/\/testwebsite.upevents.nl\/#website\",\"url\":\"https:\/\/testwebsite.upevents.nl\/\",\"name\":\"City Game\",\"description\":\"\",\"publisher\":{\"@id\":\"https:\/\/testwebsite.upevents.nl\/#organization\"},\"alternateName\":\"citygame.com\",\"potentialAction\":[{\"@type\":\"SearchAction\",\"target\":{\"@type\":\"EntryPoint\",\"urlTemplate\":\"https:\/\/testwebsite.upevents.nl\/?s={search_term_string}\"},\"query-input\":{\"@type\":\"PropertyValueSpecification\",\"valueRequired\":true,\"valueName\":\"search_term_string\"}}],\"inLanguage\":\"hu\"},{\"@type\":[\"Organization\",\"Place\"],\"@id\":\"https:\/\/testwebsite.upevents.nl\/#organization\",\"name\":\"City Game\",\"alternateName\":\"citygame.com\",\"url\":\"https:\/\/testwebsite.upevents.nl\/\",\"logo\":{\"@id\":\"https:\/\/testwebsite.citygame.com\/hu\/games\/florence\/sherlock-holmes-florence\/#local-main-organization-logo\"},\"image\":{\"@id\":\"https:\/\/testwebsite.citygame.com\/hu\/games\/florence\/sherlock-holmes-florence\/#local-main-organization-logo\"},\"sameAs\":[\"https:\/\/www.facebook.com\/profile.php?id=100086426226253\",\"https:\/\/www.instagram.com\/citygame_com\",\"https:\/\/www.tiktok.com\/@citygamecom\/\",\"https:\/\/www.linkedin.com\/company\/citygame-com\"],\"description\":\"Turn any city into a playground with our interactive City Games and self-guided tours. Fun, flexible, and ideal for groups and team building.\",\"telephone\":[],\"openingHoursSpecification\":[{\"@type\":\"OpeningHoursSpecification\",\"dayOfWeek\":[\"Monday\",\"Tuesday\",\"Wednesday\",\"Thursday\",\"Friday\",\"Saturday\",\"Sunday\"],\"opens\":\"09:00\",\"closes\":\"17:00\"}]},{\"@type\":\"ImageObject\",\"inLanguage\":\"hu\",\"@id\":\"https:\/\/testwebsite.citygame.com\/hu\/games\/florence\/sherlock-holmes-florence\/#local-main-organization-logo\",\"url\":\"https:\/\/testwebsite.citygame.com\/wp-content\/blogs.dir\/1\/files\/sites\/62\/2025\/10\/CG_LOGO-City-Game.png\",\"contentUrl\":\"https:\/\/testwebsite.citygame.com\/wp-content\/blogs.dir\/1\/files\/sites\/62\/2025\/10\/CG_LOGO-City-Game.png\",\"width\":351,\"height\":377,\"caption\":\"City Game\"}]}<\/script>\n<!-- \/ Yoast SEO Premium plugin. -->","yoast_head_json":{"title":"Sherlock Holmes Florence - City Game","description":"Sherlock Holmes Florence. J\u00e1tsszon egy \u00f6nvezet\u0151 gyilkoss\u00e1gi rejt\u00e9ly V\u00e1rosi J\u00e1t\u00e9kkal, oldjon meg fejt\u00f6r\u0151ket, k\u00f6vessen nyomokat \u00e9s fedje fel a gyilkost a saj\u00e1t temp\u00f3j\u00e1ban!","robots":{"index":"noindex","follow":"follow","max-snippet":"max-snippet:-1","max-image-preview":"max-image-preview:large","max-video-preview":"max-video-preview:-1"},"og_locale":"hu_HU","og_type":"article","og_title":"Sherlock Holmes Florence","og_description":"Sherlock Holmes Florence. J\u00e1tsszon egy \u00f6nvezet\u0151 gyilkoss\u00e1gi rejt\u00e9ly V\u00e1rosi J\u00e1t\u00e9kkal, oldjon meg fejt\u00f6r\u0151ket, k\u00f6vessen nyomokat \u00e9s fedje fel a gyilkost a saj\u00e1t temp\u00f3j\u00e1ban!","og_url":"https:\/\/testwebsite.citygame.com\/hu\/games\/florence\/sherlock-holmes-florence\/","og_site_name":"City Game","article_publisher":"https:\/\/www.facebook.com\/profile.php?id=100086426226253","article_modified_time":"2026-04-08T07:49:12+00:00","og_image":[{"width":1344,"height":768,"url":"https:\/\/testwebsite.citygame.com\/wp-content\/blogs.dir\/1\/files\/sites\/62\/2026\/02\/florence-woman-playing-sherlock-city-game-on-phone.jpg","type":"image\/jpeg"}],"twitter_card":"summary_large_image","twitter_misc":{"Becs\u00fclt olvas\u00e1si id\u0151":"1 perc"},"schema":{"@context":"https:\/\/schema.org","@graph":[{"@type":"WebPage","@id":"https:\/\/testwebsite.citygame.com\/hu\/games\/florence\/sherlock-holmes-florence\/","url":"https:\/\/testwebsite.citygame.com\/hu\/games\/florence\/sherlock-holmes-florence\/","name":"Sherlock Holmes Florence - City Game","isPartOf":{"@id":"https:\/\/testwebsite.upevents.nl\/#website"},"primaryImageOfPage":{"@id":"https:\/\/testwebsite.citygame.com\/hu\/games\/florence\/sherlock-holmes-florence\/#primaryimage"},"image":{"@id":"https:\/\/testwebsite.citygame.com\/hu\/games\/florence\/sherlock-holmes-florence\/#primaryimage"},"thumbnailUrl":"https:\/\/testwebsite.citygame.com\/wp-content\/blogs.dir\/1\/files\/sites\/62\/2026\/02\/florence-woman-playing-sherlock-city-game-on-phone.jpg","datePublished":"2026-02-05T12:48:51+00:00","dateModified":"2026-04-08T07:49:12+00:00","description":"Sherlock Holmes Florence. J\u00e1tsszon egy \u00f6nvezet\u0151 gyilkoss\u00e1gi rejt\u00e9ly V\u00e1rosi J\u00e1t\u00e9kkal, oldjon meg fejt\u00f6r\u0151ket, k\u00f6vessen nyomokat \u00e9s fedje fel a gyilkost a saj\u00e1t temp\u00f3j\u00e1ban!","breadcrumb":{"@id":"https:\/\/testwebsite.citygame.com\/hu\/games\/florence\/sherlock-holmes-florence\/#breadcrumb"},"inLanguage":"hu","potentialAction":[{"@type":"ReadAction","target":["https:\/\/testwebsite.citygame.com\/hu\/games\/florence\/sherlock-holmes-florence\/"]}]},{"@type":"ImageObject","inLanguage":"hu","@id":"https:\/\/testwebsite.citygame.com\/hu\/games\/florence\/sherlock-holmes-florence\/#primaryimage","url":"https:\/\/testwebsite.citygame.com\/wp-content\/blogs.dir\/1\/files\/sites\/62\/2026\/02\/florence-woman-playing-sherlock-city-game-on-phone.jpg","contentUrl":"https:\/\/testwebsite.citygame.com\/wp-content\/blogs.dir\/1\/files\/sites\/62\/2026\/02\/florence-woman-playing-sherlock-city-game-on-phone.jpg","width":1344,"height":768,"caption":"A player interacts with the Sherlock city game app while exploring the historic streets of Florence."},{"@type":"BreadcrumbList","@id":"https:\/\/testwebsite.citygame.com\/hu\/games\/florence\/sherlock-holmes-florence\/#breadcrumb","itemListElement":[{"@type":"ListItem","position":1,"name":"Home","item":"https:\/\/testwebsite.citygame.com\/hu\/"},{"@type":"ListItem","position":2,"name":"Shop","item":"https:\/\/testwebsite.citygame.com\/shop\/"},{"@type":"ListItem","position":3,"name":"Sherlock Holmes Florence"}]},{"@type":"WebSite","@id":"https:\/\/testwebsite.upevents.nl\/#website","url":"https:\/\/testwebsite.upevents.nl\/","name":"City Game","description":"","publisher":{"@id":"https:\/\/testwebsite.upevents.nl\/#organization"},"alternateName":"citygame.com","potentialAction":[{"@type":"SearchAction","target":{"@type":"EntryPoint","urlTemplate":"https:\/\/testwebsite.upevents.nl\/?s={search_term_string}"},"query-input":{"@type":"PropertyValueSpecification","valueRequired":true,"valueName":"search_term_string"}}],"inLanguage":"hu"},{"@type":["Organization","Place"],"@id":"https:\/\/testwebsite.upevents.nl\/#organization","name":"City Game","alternateName":"citygame.com","url":"https:\/\/testwebsite.upevents.nl\/","logo":{"@id":"https:\/\/testwebsite.citygame.com\/hu\/games\/florence\/sherlock-holmes-florence\/#local-main-organization-logo"},"image":{"@id":"https:\/\/testwebsite.citygame.com\/hu\/games\/florence\/sherlock-holmes-florence\/#local-main-organization-logo"},"sameAs":["https:\/\/www.facebook.com\/profile.php?id=100086426226253","https:\/\/www.instagram.com\/citygame_com","https:\/\/www.tiktok.com\/@citygamecom\/","https:\/\/www.linkedin.com\/company\/citygame-com"],"description":"Turn any city into a playground with our interactive City Games and self-guided tours. Fun, flexible, and ideal for groups and team building.","telephone":[],"openingHoursSpecification":[{"@type":"OpeningHoursSpecification","dayOfWeek":["Monday","Tuesday","Wednesday","Thursday","Friday","Saturday","Sunday"],"opens":"09:00","closes":"17:00"}]},{"@type":"ImageObject","inLanguage":"hu","@id":"https:\/\/testwebsite.citygame.com\/hu\/games\/florence\/sherlock-holmes-florence\/#local-main-organization-logo","url":"https:\/\/testwebsite.citygame.com\/wp-content\/blogs.dir\/1\/files\/sites\/62\/2025\/10\/CG_LOGO-City-Game.png","contentUrl":"https:\/\/testwebsite.citygame.com\/wp-content\/blogs.dir\/1\/files\/sites\/62\/2025\/10\/CG_LOGO-City-Game.png","width":351,"height":377,"caption":"City Game"}]}},"taxonomy_info":{"game-concept":[{"value":776,"label":"Sherlock"}],"location":[{"value":165,"label":"Florence"}],"product_cat":[{"value":27,"label":"Geen categorie"}]},"featured_image_src_large":["https:\/\/testwebsite.citygame.com\/wp-content\/blogs.dir\/1\/files\/sites\/62\/2026\/02\/florence-woman-playing-sherlock-city-game-on-phone-1024x585.jpg",1024,585,true],"author_info":[],"comment_info":"","_links":{"self":[{"href":"https:\/\/testwebsite.citygame.com\/hu\/wp-json\/wp\/v2\/product\/61481","targetHints":{"allow":["GET"]}}],"collection":[{"href":"https:\/\/testwebsite.citygame.com\/hu\/wp-json\/wp\/v2\/product"}],"about":[{"href":"https:\/\/testwebsite.citygame.com\/hu\/wp-json\/wp\/v2\/types\/product"}],"acf:post":[{"embeddable":true,"href":"https:\/\/testwebsite.citygame.com\/hu\/wp-json\/wp\/v2\/pages\/7430"}],"wp:featuredmedia":[{"embeddable":true,"href":"https:\/\/testwebsite.citygame.com\/hu\/wp-json\/wp\/v2\/media\/10783"}],"wp:attachment":[{"href":"https:\/\/testwebsite.citygame.com\/hu\/wp-json\/wp\/v2\/media?parent=61481"}],"wp:term":[{"taxonomy":"game-concept","embeddable":true,"href":"https:\/\/testwebsite.citygame.com\/hu\/wp-json\/wp\/v2\/game-concept?post=61481"},{"taxonomy":"location","embeddable":true,"href":"https:\/\/testwebsite.citygame.com\/hu\/wp-json\/wp\/v2\/location?post=61481"},{"taxonomy":"product_brand","embeddable":true,"href":"https:\/\/testwebsite.citygame.com\/hu\/wp-json\/wp\/v2\/product_brand?post=61481"},{"taxonomy":"product_cat","embeddable":true,"href":"https:\/\/testwebsite.citygame.com\/hu\/wp-json\/wp\/v2\/product_cat?post=61481"},{"taxonomy":"product_tag","embeddable":true,"href":"https:\/\/testwebsite.citygame.com\/hu\/wp-json\/wp\/v2\/product_tag?post=61481"}],"curies":[{"name":"wp","href":"https:\/\/api.w.org\/{rel}","templated":true}]}}