{"id":61282,"date":"2026-01-27T15:05:00","date_gmt":"2026-01-27T15:05:00","guid":{"rendered":"https:\/\/testwebsite.citygame.com\/games\/unknown-location\/secrets-of-roermond\/"},"modified":"2026-04-08T07:27:36","modified_gmt":"2026-04-08T07:27:36","slug":"secrets-of-roermond","status":"publish","type":"product","link":"https:\/\/testwebsite.citygame.com\/hu\/games\/roermond\/secrets-of-roermond\/","title":{"rendered":"Secrets of Roermond"},"content":{"rendered":"<p>A Roermond V\u00e1rosi J\u00e1t\u00e9k egy \u00f6nvezet\u0151, GPS-alap\u00fa j\u00e1t\u00e9k, amely Roermond t\u00f6rt\u00e9nelmi k\u00f6zpontj\u00e1ban zajlik. Okostelefonod seg\u00edts\u00e9g\u00e9vel fedezheted fel a v\u00e1rost, mik\u00f6zben rejtv\u00e9nyeket, tal\u00e1l\u00f3s k\u00e9rd\u00e9seket \u00e9s fot\u00f3feladatokat oldasz meg, amelyek felfedik a v\u00e1ros t\u00f6rt\u00e9nelm\u00e9nek \u00e9s kult\u00far\u00e1j\u00e1nak rejtett r\u00e9szleteit. Ez a felfedez\u0151 j\u00e1t\u00e9k sz\u00f3rakoztat\u00f3 \u00e9s informat\u00edv m\u00f3dot k\u00edn\u00e1l a helyi nevezetess\u00e9gek \u00e9s kev\u00e9sb\u00e9 ismert zugok felfedez\u00e9s\u00e9re, a saj\u00e1t temp\u00f3dban. A GPS-alap\u00fa j\u00e1t\u00e9k l\u00e1togat\u00f3k \u00e9s helyiek sz\u00e1m\u00e1ra egyar\u00e1nt k\u00e9sz\u00fclt, \u00e9s egyform\u00e1n j\u00f3l m\u0171k\u00f6dik egyed\u00fcl\u00e1ll\u00f3 j\u00e1t\u00e9kosok, p\u00e1rok, csal\u00e1dok vagy bar\u00e1ti t\u00e1rsas\u00e1gok sz\u00e1m\u00e1ra. Ak\u00e1r \u00faj vagy a v\u00e1rosban, ak\u00e1r \u00fajra felfedezed Roermondot, ez az \u00f6nvezet\u0151 v\u00e1rosi j\u00e1t\u00e9k egyed\u00fcl\u00e1ll\u00f3 perspekt\u00edv\u00e1t k\u00edn\u00e1l t\u00f6rt\u00e9nelmi b\u00e1j\u00e1ra.<\/p>\n","protected":false},"excerpt":{"rendered":"<p>Fejtsd meg Roermond rejt\u00e9lyeit! Mer\u00fclj el egy v\u00e1rosi t\u00e1jban, ahol a hagyom\u00e1nyok az \u00e9vsz\u00e1zados macskak\u00f6veken vir\u00e1goznak, \u00e9s az innov\u00e1ci\u00f3 \u00e9letet lehel minden udvarba. Keress nyomokat a h\u00edres Designer Outlet, a t\u00f6rt\u00e9nelmi templomok \u00e9s a b\u00e1jos Maasplassen k\u00f6z\u00f6tt, mert Roermond j\u00f3l rejti titkait!<\/p>\n","protected":false},"featured_media":5166,"template":"","meta":{"_acf_changed":false,"_yoast_wpseo_focuskw":"Secrets of Roermond","_yoast_wpseo_metadesc":"Secrets of Roermond. J\u00e1tssz egy \u00f6nvezet\u0151 V\u00e1rosi J\u00e1t\u00e9kot, \u00e9s fedezd fel a v\u00e1rost rejtv\u00e9nyek, tal\u00e1l\u00f3s k\u00e9rd\u00e9sek \u00e9s kih\u00edv\u00e1sok seg\u00edts\u00e9g\u00e9vel. J\u00e1tssz a saj\u00e1t temp\u00f3dban, \u00e9s fedezd fel, mint egy helyi!","_kad_blocks_custom_css":"","_kad_blocks_head_custom_js":"","_kad_blocks_body_custom_js":"","_kad_blocks_footer_custom_js":"","ghostkit_customizer_options":"","ghostkit_custom_css":"","ghostkit_custom_js_head":"","ghostkit_custom_js_foot":"","ghostkit_typography":"","_kad_post_transparent":"","_kad_post_title":"","_kad_post_layout":"","_kad_post_sidebar_id":"","_kad_post_content_style":"","_kad_post_vertical_padding":"","_kad_post_feature":"","_kad_post_feature_position":"","_kad_post_header":false,"_kad_post_footer":false,"_kad_post_classname":"","_links_to":"","_links_to_target":""},"game-concept":[715],"location":[345],"product_brand":[],"product_cat":[27],"product_tag":[],"class_list":{"0":"post-61282","1":"product","2":"type-product","3":"status-publish","4":"has-post-thumbnail","6":"game-concept-secrets","7":"location-roermond","8":"product_cat-geen-categorie","10":"first","11":"instock","12":"shipping-taxable","13":"purchasable","14":"product-type-simple","15":"entry","16":"content-bg","17":"loop-entry"},"acf":{"full_bokun_product_name":"Self-Guided Secrets of Roermond Exploration Game","location_name":"Roermond","bokun_calendar_widget_code":"<script type=\"text\/javascript\" src=\"https:\/\/widgets.bokun.io\/assets\/javascripts\/apps\/build\/BokunWidgetsLoader.js?bookingChannelUUID=a1e93e96-5232-4734-a595-28405f4b5a31\" async><\/script>\n     \n    <div class=\"bokunWidget\" data-src=\"https:\/\/widgets.bokun.io\/online-sales\/a1e93e96-5232-4734-a595-28405f4b5a31\/experience-calendar\/854571\"><\/div>\n    <noscript>Please enable javascript in your browser to book<\/noscript>","bokun_button_widget_code":"<script type=\"text\/javascript\" src=\"https:\/\/widgets.bokun.io\/assets\/javascripts\/apps\/build\/BokunWidgetsLoader.js?bookingChannelUUID=a1e93e96-5232-4734-a595-28405f4b5a31\" async><\/script>\n      <style> #bokun_ed001e45_5927_4f62_b470_ca766338d083 { display: inline-block; padding: .4em 1em; background: #47b82e; border-radius: 999999px; box-shadow: none; font-weight: 600; font-size: 24px; text-decoration: none; text-align: center; color: #FFFFFF; border:none; cursor: pointer; transition: background .2s ease; } #bokun_ed001e45_5927_4f62_b470_ca766338d083:hover{ background: #2f7b1f; } #bokun_ed001e45_5927_4f62_b470_ca766338d083:active{ background: #378f24; } <\/style> <button class=\"bokunButton\" disabled id=bokun_ed001e45_5927_4f62_b470_ca766338d083 data-src=\"https:\/\/widgets.bokun.io\/online-sales\/a1e93e96-5232-4734-a595-28405f4b5a31\/experience-calendar\/854571?partialView=1\" data-testid=\"widget-book-button\" > Book now <\/button> ","what_you\u2019ll_experience_during_the_game":"Fedezd fel Roermondot \u00faj m\u00f3don ezzel a v\u00e1rosi j\u00e1t\u00e9kkal, amely \u00f6tv\u00f6zi a v\u00e1rosi felfedez\u00e9st a mag\u00e1val ragad\u00f3 t\u00f6rt\u00e9netmes\u00e9l\u00e9ssel \u00e9s interakt\u00edv kih\u00edv\u00e1sokkal. Ahogy k\u00f6veted a nyomokat, felfedezed a Munsterplein j\u00f3l ismert b\u00e1j\u00e1t \u00e9s a Roerkade k\u00f6r\u00fcli nyugodt hangulatot. Az \u00fat sor\u00e1n a t\u00f6rt\u00e9net rejtett sik\u00e1torokon, ny\u00fczsg\u0151 piacokon \u00e9s csendes, gyakran \u00e9szrev\u00e9tlen sarkokon vezet kereszt\u00fcl, r\u00e9tegzett k\u00e9pet adva a Roermondban zajl\u00f3 \u00e9letr\u0151l ma \u00e9s a m\u00faltban. A t\u00f6rt\u00e9nelmi nevezetess\u00e9gek \u00e9s a kev\u00e9sb\u00e9 ismert helyek k\u00f6z\u00f6tti egyens\u00faly gazdag h\u00e1tteret teremt a felfedez\u00e9shez.\n\nJ\u00e1t\u00e9k k\u00f6zben rejtv\u00e9nyeket oldasz meg, fejt\u00f6r\u0151ket fejezel be, \u00e9s kreat\u00edv fot\u00f3feladatokat teljes\u00edtesz, amelyek \u00e9letre keltik a v\u00e1rosi j\u00e1t\u00e9kot. Minden kih\u00edv\u00e1s pontokat szerez, seg\u00edt feloldani a nyomokat, \u00e9s k\u00f6zelebb visz a v\u00e9gs\u0151 rejt\u00e9ly megold\u00e1s\u00e1hoz, elm\u00e9ly\u00edtve a Roermondhoz f\u0171z\u0151d\u0151 kapcsolatodat minden egyes l\u00e9p\u00e9ssel. B\u00e1rmikor sz\u00fcneteltetheted a j\u00e1t\u00e9kot, \u00e9s folytathatod a v\u00e1ros felfedez\u00e9s\u00e9t a saj\u00e1t temp\u00f3dban. A verseng\u0151 j\u00e1t\u00e9kosok vagy csapatok sz\u00e1m\u00e1ra a ranglista lehet\u0151s\u00e9get k\u00edn\u00e1l, hogy nyomon k\u00f6vess\u00e9k teljes\u00edtm\u00e9ny\u00fcket m\u00e1sokkal szemben, akik ezen a lebilincsel\u0151, v\u00e1rosi alap\u00fa j\u00e1t\u00e9kon kereszt\u00fcl fedezt\u00e9k fel Roermondot.","how_to_play":"Foglald le az Exploration Game-et, ellen\u0151rizd az e-mailt, amit k\u00fcld\u00fcnk neked az egyszer\u0171 utas\u00edt\u00e1sokkal, t\u00f6ltsd le a Loquiz Appot, l\u00e9pj be az Exploration Game-be, \u00e9s m\u00e1ris k\u00e9szen \u00e1llsz a j\u00e1t\u00e9k\u00e9lm\u00e9ny megkezd\u00e9s\u00e9re!","start_location":"Roermond, Munsterkerk","available_languages":["en"],"players_per_group":"1-4","duration":"1.5-2 hours","image_overlay_color_image":"https:\/\/testwebsite.citygame.com\/wp-content\/blogs.dir\/1\/files\/sites\/62\/2026\/01\/SecretsColor.svg","image_overlay_game_logo":"https:\/\/testwebsite.citygame.com\/wp-content\/blogs.dir\/1\/files\/sites\/62\/2026\/01\/SecretsLogo.png","city_page":4820,"woocommerce_general_content":null},"yoast_head":"<!-- This site is optimized with the Yoast SEO Premium plugin v26.2 (Yoast SEO v26.3) - https:\/\/yoast.com\/wordpress\/plugins\/seo\/ -->\n<title>Secrets of Roermond - City Game<\/title>\n<meta name=\"description\" content=\"Secrets of Roermond. J\u00e1tssz egy \u00f6nvezet\u0151 V\u00e1rosi J\u00e1t\u00e9kot, \u00e9s fedezd fel a v\u00e1rost rejtv\u00e9nyek, tal\u00e1l\u00f3s k\u00e9rd\u00e9sek \u00e9s kih\u00edv\u00e1sok seg\u00edts\u00e9g\u00e9vel. J\u00e1tssz a saj\u00e1t temp\u00f3dban, \u00e9s fedezd fel, mint egy helyi!\" \/>\n<meta name=\"robots\" content=\"noindex, follow, max-snippet:-1, max-image-preview:large, max-video-preview:-1\" \/>\n<meta property=\"og:locale\" content=\"hu_HU\" \/>\n<meta property=\"og:type\" content=\"article\" \/>\n<meta property=\"og:title\" content=\"Secrets of Roermond\" \/>\n<meta property=\"og:description\" content=\"Secrets of Roermond. J\u00e1tssz egy \u00f6nvezet\u0151 V\u00e1rosi J\u00e1t\u00e9kot, \u00e9s fedezd fel a v\u00e1rost rejtv\u00e9nyek, tal\u00e1l\u00f3s k\u00e9rd\u00e9sek \u00e9s kih\u00edv\u00e1sok seg\u00edts\u00e9g\u00e9vel. J\u00e1tssz a saj\u00e1t temp\u00f3dban, \u00e9s fedezd fel, mint egy helyi!\" \/>\n<meta property=\"og:url\" content=\"https:\/\/testwebsite.citygame.com\/hu\/games\/roermond\/secrets-of-roermond\/\" \/>\n<meta property=\"og:site_name\" content=\"City Game\" \/>\n<meta property=\"article:publisher\" content=\"https:\/\/www.facebook.com\/profile.php?id=100086426226253\" \/>\n<meta property=\"article:modified_time\" content=\"2026-04-08T07:27:36+00:00\" \/>\n<meta property=\"og:image\" content=\"https:\/\/testwebsite.citygame.com\/wp-content\/blogs.dir\/1\/files\/sites\/62\/2026\/01\/roermond-man-playing-city-game-pater-noster-poort.jpg\" \/>\n\t<meta property=\"og:image:width\" content=\"1024\" \/>\n\t<meta property=\"og:image:height\" content=\"1024\" \/>\n\t<meta property=\"og:image:type\" content=\"image\/jpeg\" \/>\n<meta name=\"twitter:card\" content=\"summary_large_image\" \/>\n<meta name=\"twitter:label1\" content=\"Becs\u00fclt olvas\u00e1si id\u0151\" \/>\n\t<meta name=\"twitter:data1\" content=\"1 perc\" \/>\n<script type=\"application\/ld+json\" class=\"yoast-schema-graph\">{\"@context\":\"https:\/\/schema.org\",\"@graph\":[{\"@type\":\"WebPage\",\"@id\":\"https:\/\/testwebsite.citygame.com\/hu\/games\/roermond\/secrets-of-roermond\/\",\"url\":\"https:\/\/testwebsite.citygame.com\/hu\/games\/roermond\/secrets-of-roermond\/\",\"name\":\"Secrets of Roermond - City Game\",\"isPartOf\":{\"@id\":\"https:\/\/testwebsite.upevents.nl\/#website\"},\"primaryImageOfPage\":{\"@id\":\"https:\/\/testwebsite.citygame.com\/hu\/games\/roermond\/secrets-of-roermond\/#primaryimage\"},\"image\":{\"@id\":\"https:\/\/testwebsite.citygame.com\/hu\/games\/roermond\/secrets-of-roermond\/#primaryimage\"},\"thumbnailUrl\":\"https:\/\/testwebsite.citygame.com\/wp-content\/blogs.dir\/1\/files\/sites\/62\/2026\/01\/roermond-man-playing-city-game-pater-noster-poort.jpg\",\"datePublished\":\"2026-01-27T15:05:00+00:00\",\"dateModified\":\"2026-04-08T07:27:36+00:00\",\"description\":\"Secrets of Roermond. J\u00e1tssz egy \u00f6nvezet\u0151 V\u00e1rosi J\u00e1t\u00e9kot, \u00e9s fedezd fel a v\u00e1rost rejtv\u00e9nyek, tal\u00e1l\u00f3s k\u00e9rd\u00e9sek \u00e9s kih\u00edv\u00e1sok seg\u00edts\u00e9g\u00e9vel. J\u00e1tssz a saj\u00e1t temp\u00f3dban, \u00e9s fedezd fel, mint egy helyi!\",\"breadcrumb\":{\"@id\":\"https:\/\/testwebsite.citygame.com\/hu\/games\/roermond\/secrets-of-roermond\/#breadcrumb\"},\"inLanguage\":\"hu\",\"potentialAction\":[{\"@type\":\"ReadAction\",\"target\":[\"https:\/\/testwebsite.citygame.com\/hu\/games\/roermond\/secrets-of-roermond\/\"]}]},{\"@type\":\"ImageObject\",\"inLanguage\":\"hu\",\"@id\":\"https:\/\/testwebsite.citygame.com\/hu\/games\/roermond\/secrets-of-roermond\/#primaryimage\",\"url\":\"https:\/\/testwebsite.citygame.com\/wp-content\/blogs.dir\/1\/files\/sites\/62\/2026\/01\/roermond-man-playing-city-game-pater-noster-poort.jpg\",\"contentUrl\":\"https:\/\/testwebsite.citygame.com\/wp-content\/blogs.dir\/1\/files\/sites\/62\/2026\/01\/roermond-man-playing-city-game-pater-noster-poort.jpg\",\"width\":1024,\"height\":1024,\"caption\":\"A player navigates the historic streets of Roermond with a tablet during a city game.\"},{\"@type\":\"BreadcrumbList\",\"@id\":\"https:\/\/testwebsite.citygame.com\/hu\/games\/roermond\/secrets-of-roermond\/#breadcrumb\",\"itemListElement\":[{\"@type\":\"ListItem\",\"position\":1,\"name\":\"Home\",\"item\":\"https:\/\/testwebsite.citygame.com\/hu\/\"},{\"@type\":\"ListItem\",\"position\":2,\"name\":\"Shop\",\"item\":\"https:\/\/testwebsite.citygame.com\/shop\/\"},{\"@type\":\"ListItem\",\"position\":3,\"name\":\"Secrets of Roermond\"}]},{\"@type\":\"WebSite\",\"@id\":\"https:\/\/testwebsite.upevents.nl\/#website\",\"url\":\"https:\/\/testwebsite.upevents.nl\/\",\"name\":\"City Game\",\"description\":\"\",\"publisher\":{\"@id\":\"https:\/\/testwebsite.upevents.nl\/#organization\"},\"alternateName\":\"citygame.com\",\"potentialAction\":[{\"@type\":\"SearchAction\",\"target\":{\"@type\":\"EntryPoint\",\"urlTemplate\":\"https:\/\/testwebsite.upevents.nl\/?s={search_term_string}\"},\"query-input\":{\"@type\":\"PropertyValueSpecification\",\"valueRequired\":true,\"valueName\":\"search_term_string\"}}],\"inLanguage\":\"hu\"},{\"@type\":[\"Organization\",\"Place\"],\"@id\":\"https:\/\/testwebsite.upevents.nl\/#organization\",\"name\":\"City Game\",\"alternateName\":\"citygame.com\",\"url\":\"https:\/\/testwebsite.upevents.nl\/\",\"logo\":{\"@id\":\"https:\/\/testwebsite.citygame.com\/hu\/games\/roermond\/secrets-of-roermond\/#local-main-organization-logo\"},\"image\":{\"@id\":\"https:\/\/testwebsite.citygame.com\/hu\/games\/roermond\/secrets-of-roermond\/#local-main-organization-logo\"},\"sameAs\":[\"https:\/\/www.facebook.com\/profile.php?id=100086426226253\",\"https:\/\/www.instagram.com\/citygame_com\",\"https:\/\/www.tiktok.com\/@citygamecom\/\",\"https:\/\/www.linkedin.com\/company\/citygame-com\"],\"description\":\"Turn any city into a playground with our interactive City Games and self-guided tours. Fun, flexible, and ideal for groups and team building.\",\"telephone\":[],\"openingHoursSpecification\":[{\"@type\":\"OpeningHoursSpecification\",\"dayOfWeek\":[\"Monday\",\"Tuesday\",\"Wednesday\",\"Thursday\",\"Friday\",\"Saturday\",\"Sunday\"],\"opens\":\"09:00\",\"closes\":\"17:00\"}]},{\"@type\":\"ImageObject\",\"inLanguage\":\"hu\",\"@id\":\"https:\/\/testwebsite.citygame.com\/hu\/games\/roermond\/secrets-of-roermond\/#local-main-organization-logo\",\"url\":\"https:\/\/testwebsite.citygame.com\/wp-content\/blogs.dir\/1\/files\/sites\/62\/2025\/10\/CG_LOGO-City-Game.png\",\"contentUrl\":\"https:\/\/testwebsite.citygame.com\/wp-content\/blogs.dir\/1\/files\/sites\/62\/2025\/10\/CG_LOGO-City-Game.png\",\"width\":351,\"height\":377,\"caption\":\"City Game\"}]}<\/script>\n<!-- \/ Yoast SEO Premium plugin. -->","yoast_head_json":{"title":"Secrets of Roermond - City Game","description":"Secrets of Roermond. J\u00e1tssz egy \u00f6nvezet\u0151 V\u00e1rosi J\u00e1t\u00e9kot, \u00e9s fedezd fel a v\u00e1rost rejtv\u00e9nyek, tal\u00e1l\u00f3s k\u00e9rd\u00e9sek \u00e9s kih\u00edv\u00e1sok seg\u00edts\u00e9g\u00e9vel. J\u00e1tssz a saj\u00e1t temp\u00f3dban, \u00e9s fedezd fel, mint egy helyi!","robots":{"index":"noindex","follow":"follow","max-snippet":"max-snippet:-1","max-image-preview":"max-image-preview:large","max-video-preview":"max-video-preview:-1"},"og_locale":"hu_HU","og_type":"article","og_title":"Secrets of Roermond","og_description":"Secrets of Roermond. J\u00e1tssz egy \u00f6nvezet\u0151 V\u00e1rosi J\u00e1t\u00e9kot, \u00e9s fedezd fel a v\u00e1rost rejtv\u00e9nyek, tal\u00e1l\u00f3s k\u00e9rd\u00e9sek \u00e9s kih\u00edv\u00e1sok seg\u00edts\u00e9g\u00e9vel. J\u00e1tssz a saj\u00e1t temp\u00f3dban, \u00e9s fedezd fel, mint egy helyi!","og_url":"https:\/\/testwebsite.citygame.com\/hu\/games\/roermond\/secrets-of-roermond\/","og_site_name":"City Game","article_publisher":"https:\/\/www.facebook.com\/profile.php?id=100086426226253","article_modified_time":"2026-04-08T07:27:36+00:00","og_image":[{"width":1024,"height":1024,"url":"https:\/\/testwebsite.citygame.com\/wp-content\/blogs.dir\/1\/files\/sites\/62\/2026\/01\/roermond-man-playing-city-game-pater-noster-poort.jpg","type":"image\/jpeg"}],"twitter_card":"summary_large_image","twitter_misc":{"Becs\u00fclt olvas\u00e1si id\u0151":"1 perc"},"schema":{"@context":"https:\/\/schema.org","@graph":[{"@type":"WebPage","@id":"https:\/\/testwebsite.citygame.com\/hu\/games\/roermond\/secrets-of-roermond\/","url":"https:\/\/testwebsite.citygame.com\/hu\/games\/roermond\/secrets-of-roermond\/","name":"Secrets of Roermond - City Game","isPartOf":{"@id":"https:\/\/testwebsite.upevents.nl\/#website"},"primaryImageOfPage":{"@id":"https:\/\/testwebsite.citygame.com\/hu\/games\/roermond\/secrets-of-roermond\/#primaryimage"},"image":{"@id":"https:\/\/testwebsite.citygame.com\/hu\/games\/roermond\/secrets-of-roermond\/#primaryimage"},"thumbnailUrl":"https:\/\/testwebsite.citygame.com\/wp-content\/blogs.dir\/1\/files\/sites\/62\/2026\/01\/roermond-man-playing-city-game-pater-noster-poort.jpg","datePublished":"2026-01-27T15:05:00+00:00","dateModified":"2026-04-08T07:27:36+00:00","description":"Secrets of Roermond. J\u00e1tssz egy \u00f6nvezet\u0151 V\u00e1rosi J\u00e1t\u00e9kot, \u00e9s fedezd fel a v\u00e1rost rejtv\u00e9nyek, tal\u00e1l\u00f3s k\u00e9rd\u00e9sek \u00e9s kih\u00edv\u00e1sok seg\u00edts\u00e9g\u00e9vel. J\u00e1tssz a saj\u00e1t temp\u00f3dban, \u00e9s fedezd fel, mint egy helyi!","breadcrumb":{"@id":"https:\/\/testwebsite.citygame.com\/hu\/games\/roermond\/secrets-of-roermond\/#breadcrumb"},"inLanguage":"hu","potentialAction":[{"@type":"ReadAction","target":["https:\/\/testwebsite.citygame.com\/hu\/games\/roermond\/secrets-of-roermond\/"]}]},{"@type":"ImageObject","inLanguage":"hu","@id":"https:\/\/testwebsite.citygame.com\/hu\/games\/roermond\/secrets-of-roermond\/#primaryimage","url":"https:\/\/testwebsite.citygame.com\/wp-content\/blogs.dir\/1\/files\/sites\/62\/2026\/01\/roermond-man-playing-city-game-pater-noster-poort.jpg","contentUrl":"https:\/\/testwebsite.citygame.com\/wp-content\/blogs.dir\/1\/files\/sites\/62\/2026\/01\/roermond-man-playing-city-game-pater-noster-poort.jpg","width":1024,"height":1024,"caption":"A player navigates the historic streets of Roermond with a tablet during a city game."},{"@type":"BreadcrumbList","@id":"https:\/\/testwebsite.citygame.com\/hu\/games\/roermond\/secrets-of-roermond\/#breadcrumb","itemListElement":[{"@type":"ListItem","position":1,"name":"Home","item":"https:\/\/testwebsite.citygame.com\/hu\/"},{"@type":"ListItem","position":2,"name":"Shop","item":"https:\/\/testwebsite.citygame.com\/shop\/"},{"@type":"ListItem","position":3,"name":"Secrets of Roermond"}]},{"@type":"WebSite","@id":"https:\/\/testwebsite.upevents.nl\/#website","url":"https:\/\/testwebsite.upevents.nl\/","name":"City Game","description":"","publisher":{"@id":"https:\/\/testwebsite.upevents.nl\/#organization"},"alternateName":"citygame.com","potentialAction":[{"@type":"SearchAction","target":{"@type":"EntryPoint","urlTemplate":"https:\/\/testwebsite.upevents.nl\/?s={search_term_string}"},"query-input":{"@type":"PropertyValueSpecification","valueRequired":true,"valueName":"search_term_string"}}],"inLanguage":"hu"},{"@type":["Organization","Place"],"@id":"https:\/\/testwebsite.upevents.nl\/#organization","name":"City Game","alternateName":"citygame.com","url":"https:\/\/testwebsite.upevents.nl\/","logo":{"@id":"https:\/\/testwebsite.citygame.com\/hu\/games\/roermond\/secrets-of-roermond\/#local-main-organization-logo"},"image":{"@id":"https:\/\/testwebsite.citygame.com\/hu\/games\/roermond\/secrets-of-roermond\/#local-main-organization-logo"},"sameAs":["https:\/\/www.facebook.com\/profile.php?id=100086426226253","https:\/\/www.instagram.com\/citygame_com","https:\/\/www.tiktok.com\/@citygamecom\/","https:\/\/www.linkedin.com\/company\/citygame-com"],"description":"Turn any city into a playground with our interactive City Games and self-guided tours. Fun, flexible, and ideal for groups and team building.","telephone":[],"openingHoursSpecification":[{"@type":"OpeningHoursSpecification","dayOfWeek":["Monday","Tuesday","Wednesday","Thursday","Friday","Saturday","Sunday"],"opens":"09:00","closes":"17:00"}]},{"@type":"ImageObject","inLanguage":"hu","@id":"https:\/\/testwebsite.citygame.com\/hu\/games\/roermond\/secrets-of-roermond\/#local-main-organization-logo","url":"https:\/\/testwebsite.citygame.com\/wp-content\/blogs.dir\/1\/files\/sites\/62\/2025\/10\/CG_LOGO-City-Game.png","contentUrl":"https:\/\/testwebsite.citygame.com\/wp-content\/blogs.dir\/1\/files\/sites\/62\/2025\/10\/CG_LOGO-City-Game.png","width":351,"height":377,"caption":"City Game"}]}},"taxonomy_info":{"game-concept":[{"value":715,"label":"Secrets"}],"location":[{"value":345,"label":"Roermond"}],"product_cat":[{"value":27,"label":"Geen categorie"}]},"featured_image_src_large":["https:\/\/testwebsite.citygame.com\/wp-content\/blogs.dir\/1\/files\/sites\/62\/2026\/01\/roermond-man-playing-city-game-pater-noster-poort.jpg",1024,1024,false],"author_info":[],"comment_info":"","_links":{"self":[{"href":"https:\/\/testwebsite.citygame.com\/hu\/wp-json\/wp\/v2\/product\/61282","targetHints":{"allow":["GET"]}}],"collection":[{"href":"https:\/\/testwebsite.citygame.com\/hu\/wp-json\/wp\/v2\/product"}],"about":[{"href":"https:\/\/testwebsite.citygame.com\/hu\/wp-json\/wp\/v2\/types\/product"}],"acf:post":[{"embeddable":true,"href":"https:\/\/testwebsite.citygame.com\/hu\/wp-json\/wp\/v2\/pages\/4820"}],"wp:featuredmedia":[{"embeddable":true,"href":"https:\/\/testwebsite.citygame.com\/hu\/wp-json\/wp\/v2\/media\/5166"}],"wp:attachment":[{"href":"https:\/\/testwebsite.citygame.com\/hu\/wp-json\/wp\/v2\/media?parent=61282"}],"wp:term":[{"taxonomy":"game-concept","embeddable":true,"href":"https:\/\/testwebsite.citygame.com\/hu\/wp-json\/wp\/v2\/game-concept?post=61282"},{"taxonomy":"location","embeddable":true,"href":"https:\/\/testwebsite.citygame.com\/hu\/wp-json\/wp\/v2\/location?post=61282"},{"taxonomy":"product_brand","embeddable":true,"href":"https:\/\/testwebsite.citygame.com\/hu\/wp-json\/wp\/v2\/product_brand?post=61282"},{"taxonomy":"product_cat","embeddable":true,"href":"https:\/\/testwebsite.citygame.com\/hu\/wp-json\/wp\/v2\/product_cat?post=61282"},{"taxonomy":"product_tag","embeddable":true,"href":"https:\/\/testwebsite.citygame.com\/hu\/wp-json\/wp\/v2\/product_tag?post=61282"}],"curies":[{"name":"wp","href":"https:\/\/api.w.org\/{rel}","templated":true}]}}