{"id":60608,"date":"2026-02-16T06:38:32","date_gmt":"2026-02-16T06:38:32","guid":{"rendered":"https:\/\/testwebsite.citygame.com\/games\/unknown-location\/the-essen-syndicate\/"},"modified":"2026-04-08T06:04:09","modified_gmt":"2026-04-08T06:04:09","slug":"the-essen-syndicate","status":"publish","type":"product","link":"https:\/\/testwebsite.citygame.com\/hu\/games\/essen\/the-essen-syndicate\/","title":{"rendered":"The Essen Syndicate"},"content":{"rendered":"<p>A The Essen Syndicate egy \u00f6nvezet\u0151 V\u00e1rosi Szabadul\u00f3j\u00e1t\u00e9k Essenben, amely a v\u00e1rosk\u00f6zpontban zajlik. Csapatk\u00e9nt a j\u00e1t\u00e9kosok egy struktur\u00e1lt k\u00fcldet\u00e9st k\u00f6vetnek, hogy lenyomozz\u00e1k a megfoghatatlan Magnust, \u00e9s visszaszerezz\u00e9k a hat ellopott k\u00e9pletet, nyomok felhaszn\u00e1l\u00e1s\u00e1val, interakt\u00edv fejt\u00f6r\u0151k \u00e9s kih\u00edv\u00e1sok sorozat\u00e1nak megold\u00e1s\u00e1val. Ez az esseni v\u00e1rosi j\u00e1t\u00e9k a csapatmunk\u00e1ra, a t\u00f6rt\u00e9netalap\u00fa halad\u00e1sra \u00e9s a probl\u00e9mamegold\u00e1sra helyezi a hangs\u00falyt, f\u00f3kusz\u00e1lt \u00e9s lebilincsel\u0151 \u00f6nvezet\u0151 v\u00e1rosi j\u00e1t\u00e9k\u00e9lm\u00e9nyt k\u00edn\u00e1lva.<\/p>\n","protected":false},"excerpt":{"rendered":"<p>V\u00e1gj bele a The Essen Syndicate V\u00e1rosi Szabadul\u00f3j\u00e1t\u00e9kba, egy \u00f6nvezet\u0151 k\u00fcldet\u00e9sbe ezen az egyedi helysz\u00ednen. Dolgozz a csapatoddal, k\u00f6vess nyomokat, oldj meg lebilincsel\u0151 fejt\u00f6r\u0151ket, \u00e9s fedezz fel rejtett igazs\u00e1gokat egy izgalmas t\u00f6rt\u00e9netvezet\u00e9s \u00e9s kih\u00edv\u00e1sok sorozat\u00e1n kereszt\u00fcl!<\/p>\n","protected":false},"featured_media":14121,"template":"","meta":{"_acf_changed":false,"_yoast_wpseo_focuskw":"The Essen Syndicate","_yoast_wpseo_metadesc":"The Essen Syndicate. J\u00e1tssz egy \u00f6nvezet\u0151 V\u00e1rosi Szabadul\u00f3j\u00e1t\u00e9kot, oldj meg fejt\u00f6r\u0151ket, teljes\u00edts k\u00fcldet\u00e9seket \u00e9s szerezd vissza az ellopott k\u00e9pleteket a saj\u00e1t temp\u00f3dban!","_kad_blocks_custom_css":"","_kad_blocks_head_custom_js":"","_kad_blocks_body_custom_js":"","_kad_blocks_footer_custom_js":"","ghostkit_customizer_options":"","ghostkit_custom_css":"","ghostkit_custom_js_head":"","ghostkit_custom_js_foot":"","ghostkit_typography":"","_kad_post_transparent":"default","_kad_post_title":"","_kad_post_layout":"default","_kad_post_sidebar_id":"","_kad_post_content_style":"default","_kad_post_vertical_padding":"default","_kad_post_feature":"","_kad_post_feature_position":"","_kad_post_header":false,"_kad_post_footer":false,"_kad_post_classname":"","_links_to":"","_links_to_target":""},"game-concept":[745],"location":[158],"product_brand":[],"product_cat":[27],"product_tag":[],"class_list":{"0":"post-60608","1":"product","2":"type-product","3":"status-publish","4":"has-post-thumbnail","6":"game-concept-syndicate","7":"location-essen","8":"product_cat-geen-categorie","10":"first","11":"instock","12":"shipping-taxable","13":"purchasable","14":"product-type-simple","15":"entry","16":"content-bg","17":"loop-entry"},"acf":{"full_bokun_product_name":"Self-Guided The Essen Syndicate City Escape Game","location_name":"Essen","bokun_calendar_widget_code":"<script type=\"text\/javascript\" src=\"https:\/\/widgets.bokun.io\/assets\/javascripts\/apps\/build\/BokunWidgetsLoader.js?bookingChannelUUID=a1e93e96-5232-4734-a595-28405f4b5a31\" async><\/script>\n     \n    <div class=\"bokunWidget\" data-src=\"https:\/\/widgets.bokun.io\/online-sales\/a1e93e96-5232-4734-a595-28405f4b5a31\/experience-calendar\/861096\"><\/div>\n    <noscript>Please enable javascript in your browser to book<\/noscript>","bokun_button_widget_code":"<script type=\"text\/javascript\" src=\"https:\/\/widgets.bokun.io\/assets\/javascripts\/apps\/build\/BokunWidgetsLoader.js?bookingChannelUUID=a1e93e96-5232-4734-a595-28405f4b5a31\" async><\/script>\n      <style> #bokun_ed001e45_5927_4f62_b470_ca766338d083 { display: inline-block; padding: .4em 1em; background: #47b82e; border-radius: 999999px; box-shadow: none; font-weight: 600; font-size: 24px; text-decoration: none; text-align: center; color: #FFFFFF; border:none; cursor: pointer; transition: background .2s ease; } #bokun_ed001e45_5927_4f62_b470_ca766338d083:hover{ background: #2f7b1f; } #bokun_ed001e45_5927_4f62_b470_ca766338d083:active{ background: #378f24; } <\/style> <button class=\"bokunButton\" disabled id=bokun_ed001e45_5927_4f62_b470_ca766338d083 data-src=\"https:\/\/widgets.bokun.io\/online-sales\/a1e93e96-5232-4734-a595-28405f4b5a31\/experience-calendar\/861096?partialView=1\" data-testid=\"widget-book-button\" > Book now <\/button> ","what_you\u2019ll_experience_during_the_game":"A *The Essen Syndicate* j\u00e1t\u00e9kban te \u00e9s a csapatod egy nagyt\u00e9tes menek\u00fcl\u00e9si k\u00fcldet\u00e9sbe cs\u00f6ppentek, amely Essen v\u00e1ros\u00e1n kereszt\u00fcl zajlik. Kritikus feladatra kirendelt \u00fcgyn\u00f6k\u00f6kk\u00e9nt a c\u00e9lotok egy\u00e9rtelm\u0171: lenyomozni a megfoghatatlan Magnust, \u00e9s visszaszerezni hat ellopott k\u00e9pletet, miel\u0151tt azok v\u00e9gleg elt\u0171nnek. Essen utc\u00e1i, sik\u00e1torai \u00e9s sarkai egy teljesen t\u00f6rt\u00e9netvez\u00e9relt \u00e9lm\u00e9ny h\u00e1tter\u00e9v\u00e9 v\u00e1lnak, amely minden el\u00e9rt helysz\u00ednnel \u00e9s minden felfedezett nyommal fejl\u0151dik.\r\n\r\nA k\u00fcldet\u00e9s l\u00e9p\u00e9sr\u0151l l\u00e9p\u00e9sre halad el\u0151re, csapatodat titkos\u00edtott \u00fczenetek, interakt\u00edv fejt\u00f6r\u0151k \u00e9s val\u00f3s feladatok sorozat\u00e1val kih\u00edv\u00e1s el\u00e9 \u00e1ll\u00edtva, amelyek \u00e9les gondolkod\u00e1st \u00e9s egy\u00fcttm\u0171k\u00f6d\u00e9st ig\u00e9nyelnek. A halad\u00e1s a hat\u00e9kony kommunik\u00e1ci\u00f3t\u00f3l, a gyors d\u00f6nt\u00e9sekt\u0151l \u00e9s att\u00f3l f\u00fcgg, hogy nyom\u00e1s alatt is csapatk\u00e9nt maradjatok. Azzal a lehet\u0151s\u00e9ggel, hogy b\u00e1rmikor sz\u00fcneteltetheted \u00e9s folytathatod, ir\u00e1ny\u00edt\u00e1sod alatt tarthatod a m\u0171veletedet, mik\u00f6zben elmer\u00fclsz egy mag\u00e1val ragad\u00f3 narrat\u00edv\u00e1ban, amely a v\u00e1rost egy felejthetetlen \u00fcld\u00f6z\u00e9s helysz\u00edn\u00e9v\u00e9 v\u00e1ltoztatja.","how_to_play":"Foglalj\u00e1tok le a V\u00e1rosi J\u00e1t\u00e9kot, ellen\u0151rizz\u00e9tek az e-mailt, amit k\u00fcld\u00fcnk nektek az utas\u00edt\u00e1sokkal, t\u00f6lts\u00e9tek le a Loquiz alkalmaz\u00e1st \u00e9s kezdj\u00e9tek el a j\u00e1t\u00e9k\u00e9lm\u00e9nyt!","start_location":"Essen, Burgplatz","available_languages":["en"],"players_per_group":"1-4","duration":"1.5-2 hours","image_overlay_color_image":"https:\/\/testwebsite.citygame.com\/wp-content\/blogs.dir\/1\/files\/sites\/62\/2026\/01\/SyndicateColor.svg","image_overlay_game_logo":"https:\/\/testwebsite.citygame.com\/wp-content\/blogs.dir\/1\/files\/sites\/62\/2026\/01\/SyndicateLogo.png","city_page":4914,"woocommerce_general_content":null},"yoast_head":"<!-- This site is optimized with the Yoast SEO Premium plugin v26.2 (Yoast SEO v26.3) - https:\/\/yoast.com\/wordpress\/plugins\/seo\/ -->\n<title>The Essen Syndicate - City Game<\/title>\n<meta name=\"description\" content=\"The Essen Syndicate. J\u00e1tssz egy \u00f6nvezet\u0151 V\u00e1rosi Szabadul\u00f3j\u00e1t\u00e9kot, oldj meg fejt\u00f6r\u0151ket, teljes\u00edts k\u00fcldet\u00e9seket \u00e9s szerezd vissza az ellopott k\u00e9pleteket a saj\u00e1t temp\u00f3dban!\" \/>\n<meta name=\"robots\" content=\"noindex, follow, max-snippet:-1, max-image-preview:large, max-video-preview:-1\" \/>\n<meta property=\"og:locale\" content=\"hu_HU\" \/>\n<meta property=\"og:type\" content=\"article\" \/>\n<meta property=\"og:title\" content=\"The Essen Syndicate\" \/>\n<meta property=\"og:description\" content=\"The Essen Syndicate. J\u00e1tssz egy \u00f6nvezet\u0151 V\u00e1rosi Szabadul\u00f3j\u00e1t\u00e9kot, oldj meg fejt\u00f6r\u0151ket, teljes\u00edts k\u00fcldet\u00e9seket \u00e9s szerezd vissza az ellopott k\u00e9pleteket a saj\u00e1t temp\u00f3dban!\" \/>\n<meta property=\"og:url\" content=\"https:\/\/testwebsite.citygame.com\/hu\/games\/essen\/the-essen-syndicate\/\" \/>\n<meta property=\"og:site_name\" content=\"City Game\" \/>\n<meta property=\"article:publisher\" content=\"https:\/\/www.facebook.com\/profile.php?id=100086426226253\" \/>\n<meta property=\"article:modified_time\" content=\"2026-04-08T06:04:09+00:00\" \/>\n<meta property=\"og:image\" content=\"https:\/\/testwebsite.citygame.com\/wp-content\/blogs.dir\/1\/files\/sites\/62\/2026\/02\/essen-city-game-players-looking-at-phone-outdoors.jpg\" \/>\n\t<meta property=\"og:image:width\" content=\"1024\" \/>\n\t<meta property=\"og:image:height\" content=\"1024\" \/>\n\t<meta property=\"og:image:type\" content=\"image\/jpeg\" \/>\n<meta name=\"twitter:card\" content=\"summary_large_image\" \/>\n<meta name=\"twitter:label1\" content=\"Becs\u00fclt olvas\u00e1si id\u0151\" \/>\n\t<meta name=\"twitter:data1\" content=\"1 perc\" \/>\n<script type=\"application\/ld+json\" class=\"yoast-schema-graph\">{\"@context\":\"https:\/\/schema.org\",\"@graph\":[{\"@type\":\"WebPage\",\"@id\":\"https:\/\/testwebsite.citygame.com\/hu\/games\/essen\/the-essen-syndicate\/\",\"url\":\"https:\/\/testwebsite.citygame.com\/hu\/games\/essen\/the-essen-syndicate\/\",\"name\":\"The Essen Syndicate - City Game\",\"isPartOf\":{\"@id\":\"https:\/\/testwebsite.upevents.nl\/#website\"},\"primaryImageOfPage\":{\"@id\":\"https:\/\/testwebsite.citygame.com\/hu\/games\/essen\/the-essen-syndicate\/#primaryimage\"},\"image\":{\"@id\":\"https:\/\/testwebsite.citygame.com\/hu\/games\/essen\/the-essen-syndicate\/#primaryimage\"},\"thumbnailUrl\":\"https:\/\/testwebsite.citygame.com\/wp-content\/blogs.dir\/1\/files\/sites\/62\/2026\/02\/essen-city-game-players-looking-at-phone-outdoors.jpg\",\"datePublished\":\"2026-02-16T06:38:32+00:00\",\"dateModified\":\"2026-04-08T06:04:09+00:00\",\"description\":\"The Essen Syndicate. J\u00e1tssz egy \u00f6nvezet\u0151 V\u00e1rosi Szabadul\u00f3j\u00e1t\u00e9kot, oldj meg fejt\u00f6r\u0151ket, teljes\u00edts k\u00fcldet\u00e9seket \u00e9s szerezd vissza az ellopott k\u00e9pleteket a saj\u00e1t temp\u00f3dban!\",\"breadcrumb\":{\"@id\":\"https:\/\/testwebsite.citygame.com\/hu\/games\/essen\/the-essen-syndicate\/#breadcrumb\"},\"inLanguage\":\"hu\",\"potentialAction\":[{\"@type\":\"ReadAction\",\"target\":[\"https:\/\/testwebsite.citygame.com\/hu\/games\/essen\/the-essen-syndicate\/\"]}]},{\"@type\":\"ImageObject\",\"inLanguage\":\"hu\",\"@id\":\"https:\/\/testwebsite.citygame.com\/hu\/games\/essen\/the-essen-syndicate\/#primaryimage\",\"url\":\"https:\/\/testwebsite.citygame.com\/wp-content\/blogs.dir\/1\/files\/sites\/62\/2026\/02\/essen-city-game-players-looking-at-phone-outdoors.jpg\",\"contentUrl\":\"https:\/\/testwebsite.citygame.com\/wp-content\/blogs.dir\/1\/files\/sites\/62\/2026\/02\/essen-city-game-players-looking-at-phone-outdoors.jpg\",\"width\":1024,\"height\":1024,\"caption\":\"A group of young adults collaborates while looking at a smartphone in a park in Essen.\"},{\"@type\":\"BreadcrumbList\",\"@id\":\"https:\/\/testwebsite.citygame.com\/hu\/games\/essen\/the-essen-syndicate\/#breadcrumb\",\"itemListElement\":[{\"@type\":\"ListItem\",\"position\":1,\"name\":\"Home\",\"item\":\"https:\/\/testwebsite.citygame.com\/hu\/\"},{\"@type\":\"ListItem\",\"position\":2,\"name\":\"Shop\",\"item\":\"https:\/\/testwebsite.citygame.com\/shop\/\"},{\"@type\":\"ListItem\",\"position\":3,\"name\":\"The Essen Syndicate\"}]},{\"@type\":\"WebSite\",\"@id\":\"https:\/\/testwebsite.upevents.nl\/#website\",\"url\":\"https:\/\/testwebsite.upevents.nl\/\",\"name\":\"City Game\",\"description\":\"\",\"publisher\":{\"@id\":\"https:\/\/testwebsite.upevents.nl\/#organization\"},\"alternateName\":\"citygame.com\",\"potentialAction\":[{\"@type\":\"SearchAction\",\"target\":{\"@type\":\"EntryPoint\",\"urlTemplate\":\"https:\/\/testwebsite.upevents.nl\/?s={search_term_string}\"},\"query-input\":{\"@type\":\"PropertyValueSpecification\",\"valueRequired\":true,\"valueName\":\"search_term_string\"}}],\"inLanguage\":\"hu\"},{\"@type\":[\"Organization\",\"Place\"],\"@id\":\"https:\/\/testwebsite.upevents.nl\/#organization\",\"name\":\"City Game\",\"alternateName\":\"citygame.com\",\"url\":\"https:\/\/testwebsite.upevents.nl\/\",\"logo\":{\"@id\":\"https:\/\/testwebsite.citygame.com\/hu\/games\/essen\/the-essen-syndicate\/#local-main-organization-logo\"},\"image\":{\"@id\":\"https:\/\/testwebsite.citygame.com\/hu\/games\/essen\/the-essen-syndicate\/#local-main-organization-logo\"},\"sameAs\":[\"https:\/\/www.facebook.com\/profile.php?id=100086426226253\",\"https:\/\/www.instagram.com\/citygame_com\",\"https:\/\/www.tiktok.com\/@citygamecom\/\",\"https:\/\/www.linkedin.com\/company\/citygame-com\"],\"description\":\"Turn any city into a playground with our interactive City Games and self-guided tours. Fun, flexible, and ideal for groups and team building.\",\"telephone\":[],\"openingHoursSpecification\":[{\"@type\":\"OpeningHoursSpecification\",\"dayOfWeek\":[\"Monday\",\"Tuesday\",\"Wednesday\",\"Thursday\",\"Friday\",\"Saturday\",\"Sunday\"],\"opens\":\"09:00\",\"closes\":\"17:00\"}]},{\"@type\":\"ImageObject\",\"inLanguage\":\"hu\",\"@id\":\"https:\/\/testwebsite.citygame.com\/hu\/games\/essen\/the-essen-syndicate\/#local-main-organization-logo\",\"url\":\"https:\/\/testwebsite.citygame.com\/wp-content\/blogs.dir\/1\/files\/sites\/62\/2025\/10\/CG_LOGO-City-Game.png\",\"contentUrl\":\"https:\/\/testwebsite.citygame.com\/wp-content\/blogs.dir\/1\/files\/sites\/62\/2025\/10\/CG_LOGO-City-Game.png\",\"width\":351,\"height\":377,\"caption\":\"City Game\"}]}<\/script>\n<!-- \/ Yoast SEO Premium plugin. -->","yoast_head_json":{"title":"The Essen Syndicate - City Game","description":"The Essen Syndicate. J\u00e1tssz egy \u00f6nvezet\u0151 V\u00e1rosi Szabadul\u00f3j\u00e1t\u00e9kot, oldj meg fejt\u00f6r\u0151ket, teljes\u00edts k\u00fcldet\u00e9seket \u00e9s szerezd vissza az ellopott k\u00e9pleteket a saj\u00e1t temp\u00f3dban!","robots":{"index":"noindex","follow":"follow","max-snippet":"max-snippet:-1","max-image-preview":"max-image-preview:large","max-video-preview":"max-video-preview:-1"},"og_locale":"hu_HU","og_type":"article","og_title":"The Essen Syndicate","og_description":"The Essen Syndicate. J\u00e1tssz egy \u00f6nvezet\u0151 V\u00e1rosi Szabadul\u00f3j\u00e1t\u00e9kot, oldj meg fejt\u00f6r\u0151ket, teljes\u00edts k\u00fcldet\u00e9seket \u00e9s szerezd vissza az ellopott k\u00e9pleteket a saj\u00e1t temp\u00f3dban!","og_url":"https:\/\/testwebsite.citygame.com\/hu\/games\/essen\/the-essen-syndicate\/","og_site_name":"City Game","article_publisher":"https:\/\/www.facebook.com\/profile.php?id=100086426226253","article_modified_time":"2026-04-08T06:04:09+00:00","og_image":[{"width":1024,"height":1024,"url":"https:\/\/testwebsite.citygame.com\/wp-content\/blogs.dir\/1\/files\/sites\/62\/2026\/02\/essen-city-game-players-looking-at-phone-outdoors.jpg","type":"image\/jpeg"}],"twitter_card":"summary_large_image","twitter_misc":{"Becs\u00fclt olvas\u00e1si id\u0151":"1 perc"},"schema":{"@context":"https:\/\/schema.org","@graph":[{"@type":"WebPage","@id":"https:\/\/testwebsite.citygame.com\/hu\/games\/essen\/the-essen-syndicate\/","url":"https:\/\/testwebsite.citygame.com\/hu\/games\/essen\/the-essen-syndicate\/","name":"The Essen Syndicate - City Game","isPartOf":{"@id":"https:\/\/testwebsite.upevents.nl\/#website"},"primaryImageOfPage":{"@id":"https:\/\/testwebsite.citygame.com\/hu\/games\/essen\/the-essen-syndicate\/#primaryimage"},"image":{"@id":"https:\/\/testwebsite.citygame.com\/hu\/games\/essen\/the-essen-syndicate\/#primaryimage"},"thumbnailUrl":"https:\/\/testwebsite.citygame.com\/wp-content\/blogs.dir\/1\/files\/sites\/62\/2026\/02\/essen-city-game-players-looking-at-phone-outdoors.jpg","datePublished":"2026-02-16T06:38:32+00:00","dateModified":"2026-04-08T06:04:09+00:00","description":"The Essen Syndicate. J\u00e1tssz egy \u00f6nvezet\u0151 V\u00e1rosi Szabadul\u00f3j\u00e1t\u00e9kot, oldj meg fejt\u00f6r\u0151ket, teljes\u00edts k\u00fcldet\u00e9seket \u00e9s szerezd vissza az ellopott k\u00e9pleteket a saj\u00e1t temp\u00f3dban!","breadcrumb":{"@id":"https:\/\/testwebsite.citygame.com\/hu\/games\/essen\/the-essen-syndicate\/#breadcrumb"},"inLanguage":"hu","potentialAction":[{"@type":"ReadAction","target":["https:\/\/testwebsite.citygame.com\/hu\/games\/essen\/the-essen-syndicate\/"]}]},{"@type":"ImageObject","inLanguage":"hu","@id":"https:\/\/testwebsite.citygame.com\/hu\/games\/essen\/the-essen-syndicate\/#primaryimage","url":"https:\/\/testwebsite.citygame.com\/wp-content\/blogs.dir\/1\/files\/sites\/62\/2026\/02\/essen-city-game-players-looking-at-phone-outdoors.jpg","contentUrl":"https:\/\/testwebsite.citygame.com\/wp-content\/blogs.dir\/1\/files\/sites\/62\/2026\/02\/essen-city-game-players-looking-at-phone-outdoors.jpg","width":1024,"height":1024,"caption":"A group of young adults collaborates while looking at a smartphone in a park in Essen."},{"@type":"BreadcrumbList","@id":"https:\/\/testwebsite.citygame.com\/hu\/games\/essen\/the-essen-syndicate\/#breadcrumb","itemListElement":[{"@type":"ListItem","position":1,"name":"Home","item":"https:\/\/testwebsite.citygame.com\/hu\/"},{"@type":"ListItem","position":2,"name":"Shop","item":"https:\/\/testwebsite.citygame.com\/shop\/"},{"@type":"ListItem","position":3,"name":"The Essen Syndicate"}]},{"@type":"WebSite","@id":"https:\/\/testwebsite.upevents.nl\/#website","url":"https:\/\/testwebsite.upevents.nl\/","name":"City Game","description":"","publisher":{"@id":"https:\/\/testwebsite.upevents.nl\/#organization"},"alternateName":"citygame.com","potentialAction":[{"@type":"SearchAction","target":{"@type":"EntryPoint","urlTemplate":"https:\/\/testwebsite.upevents.nl\/?s={search_term_string}"},"query-input":{"@type":"PropertyValueSpecification","valueRequired":true,"valueName":"search_term_string"}}],"inLanguage":"hu"},{"@type":["Organization","Place"],"@id":"https:\/\/testwebsite.upevents.nl\/#organization","name":"City Game","alternateName":"citygame.com","url":"https:\/\/testwebsite.upevents.nl\/","logo":{"@id":"https:\/\/testwebsite.citygame.com\/hu\/games\/essen\/the-essen-syndicate\/#local-main-organization-logo"},"image":{"@id":"https:\/\/testwebsite.citygame.com\/hu\/games\/essen\/the-essen-syndicate\/#local-main-organization-logo"},"sameAs":["https:\/\/www.facebook.com\/profile.php?id=100086426226253","https:\/\/www.instagram.com\/citygame_com","https:\/\/www.tiktok.com\/@citygamecom\/","https:\/\/www.linkedin.com\/company\/citygame-com"],"description":"Turn any city into a playground with our interactive City Games and self-guided tours. Fun, flexible, and ideal for groups and team building.","telephone":[],"openingHoursSpecification":[{"@type":"OpeningHoursSpecification","dayOfWeek":["Monday","Tuesday","Wednesday","Thursday","Friday","Saturday","Sunday"],"opens":"09:00","closes":"17:00"}]},{"@type":"ImageObject","inLanguage":"hu","@id":"https:\/\/testwebsite.citygame.com\/hu\/games\/essen\/the-essen-syndicate\/#local-main-organization-logo","url":"https:\/\/testwebsite.citygame.com\/wp-content\/blogs.dir\/1\/files\/sites\/62\/2025\/10\/CG_LOGO-City-Game.png","contentUrl":"https:\/\/testwebsite.citygame.com\/wp-content\/blogs.dir\/1\/files\/sites\/62\/2025\/10\/CG_LOGO-City-Game.png","width":351,"height":377,"caption":"City Game"}]}},"taxonomy_info":{"game-concept":[{"value":745,"label":"Syndicate"}],"location":[{"value":158,"label":"Essen"}],"product_cat":[{"value":27,"label":"Geen categorie"}]},"featured_image_src_large":["https:\/\/testwebsite.citygame.com\/wp-content\/blogs.dir\/1\/files\/sites\/62\/2026\/02\/essen-city-game-players-looking-at-phone-outdoors.jpg",1024,1024,false],"author_info":[],"comment_info":"","_links":{"self":[{"href":"https:\/\/testwebsite.citygame.com\/hu\/wp-json\/wp\/v2\/product\/60608","targetHints":{"allow":["GET"]}}],"collection":[{"href":"https:\/\/testwebsite.citygame.com\/hu\/wp-json\/wp\/v2\/product"}],"about":[{"href":"https:\/\/testwebsite.citygame.com\/hu\/wp-json\/wp\/v2\/types\/product"}],"acf:post":[{"embeddable":true,"href":"https:\/\/testwebsite.citygame.com\/hu\/wp-json\/wp\/v2\/pages\/4914"}],"wp:featuredmedia":[{"embeddable":true,"href":"https:\/\/testwebsite.citygame.com\/hu\/wp-json\/wp\/v2\/media\/14121"}],"wp:attachment":[{"href":"https:\/\/testwebsite.citygame.com\/hu\/wp-json\/wp\/v2\/media?parent=60608"}],"wp:term":[{"taxonomy":"game-concept","embeddable":true,"href":"https:\/\/testwebsite.citygame.com\/hu\/wp-json\/wp\/v2\/game-concept?post=60608"},{"taxonomy":"location","embeddable":true,"href":"https:\/\/testwebsite.citygame.com\/hu\/wp-json\/wp\/v2\/location?post=60608"},{"taxonomy":"product_brand","embeddable":true,"href":"https:\/\/testwebsite.citygame.com\/hu\/wp-json\/wp\/v2\/product_brand?post=60608"},{"taxonomy":"product_cat","embeddable":true,"href":"https:\/\/testwebsite.citygame.com\/hu\/wp-json\/wp\/v2\/product_cat?post=60608"},{"taxonomy":"product_tag","embeddable":true,"href":"https:\/\/testwebsite.citygame.com\/hu\/wp-json\/wp\/v2\/product_tag?post=60608"}],"curies":[{"name":"wp","href":"https:\/\/api.w.org\/{rel}","templated":true}]}}