{"id":58988,"date":"2026-01-27T14:51:54","date_gmt":"2026-01-27T14:51:54","guid":{"rendered":"https:\/\/testwebsite.citygame.com\/games\/unknown-location\/secrets-of-vienna\/"},"modified":"2026-04-08T03:15:34","modified_gmt":"2026-04-08T03:15:34","slug":"secrets-of-vienna","status":"publish","type":"product","link":"https:\/\/testwebsite.citygame.com\/hu\/games\/vienna\/secrets-of-vienna\/","title":{"rendered":"Secrets of Vienna"},"content":{"rendered":"<p>A City Game Vienna egy \u00f6nvezet\u0151 v\u00e1rosi j\u00e1t\u00e9k, amely B\u00e9cs t\u00f6rt\u00e9nelmi k\u00f6zpontj\u00e1ban zajlik. Ez a GPS-alap\u00fa j\u00e1t\u00e9k gy\u00f6ny\u00f6r\u0171 utc\u00e1kon \u00e9s rejtett sarkokon vezeti kereszt\u00fcl a j\u00e1t\u00e9kosokat, mik\u00f6zben okostelefonjuk seg\u00edts\u00e9g\u00e9vel rejtv\u00e9nyeket, tal\u00e1l\u00f3s k\u00e9rd\u00e9seket \u00e9s fot\u00f3 kih\u00edv\u00e1sokat oldanak meg. \u00datk\u00f6zben a r\u00e9sztvev\u0151k leny\u0171g\u00f6z\u0151 betekint\u00e9st nyernek B\u00e9cs t\u00f6rt\u00e9nelm\u00e9be, kult\u00far\u00e1j\u00e1ba \u00e9s kev\u00e9sb\u00e9 ismert r\u00e9szleteibe. Az felfedez\u0151 j\u00e1t\u00e9k ide\u00e1lis mind a l\u00e1togat\u00f3k, mind a helyiek sz\u00e1m\u00e1ra, akik \u00faj \u00e9s interakt\u00edv m\u00f3don szeretn\u00e9k megtapasztalni a v\u00e1rost. Sz\u00f3l\u00f3j\u00e1t\u00e9kosoknak, p\u00e1roknak, csal\u00e1doknak \u00e9s bar\u00e1ti t\u00e1rsas\u00e1goknak egyar\u00e1nt alkalmas, a City Game Vienna rugalmas \u00e9s lebilincsel\u0151 m\u00f3dot k\u00edn\u00e1l a felfedez\u00e9sre.<\/p>\n","protected":false},"excerpt":{"rendered":"<p>Fedezze fel B\u00e9cs barokk pomp\u00e1j\u00e1t \u00e9s ragyog\u00e1s\u00e1t! Utazza be a v\u00e1rost, ahol a klasszikus zene harmoniz\u00e1l a modern utcai m\u0171v\u00e9szettel, \u00e9s kir\u00e1lyi t\u00f6rt\u00e9neteket suttognak a birodalmi \u00e9p\u00edt\u00e9szet k\u00f6r\u00fcl. Oldjon meg rejtv\u00e9nyeket, mik\u00f6zben \u00e1thalad a ragyog\u00f3 magj\u00e1n \u2013 B\u00e9cs tele van meglepet\u00e9sekkel minden f\u00e9ny\u0171z\u0151 sarokban!<\/p>\n","protected":false},"featured_media":5062,"template":"","meta":{"_acf_changed":false,"_yoast_wpseo_focuskw":"Secrets of Vienna","_yoast_wpseo_metadesc":"Secrets of Vienna. J\u00e1tssz egy \u00f6nvezet\u0151 V\u00e1rosi J\u00e1t\u00e9kot, \u00e9s fedezd fel a v\u00e1rost rejtv\u00e9nyek, tal\u00e1l\u00f3s k\u00e9rd\u00e9sek \u00e9s kih\u00edv\u00e1sok seg\u00edts\u00e9g\u00e9vel. J\u00e1tssz a saj\u00e1t temp\u00f3dban, \u00e9s fedezz fel, mint egy helyi!","_kad_blocks_custom_css":"","_kad_blocks_head_custom_js":"","_kad_blocks_body_custom_js":"","_kad_blocks_footer_custom_js":"","ghostkit_customizer_options":"","ghostkit_custom_css":"","ghostkit_custom_js_head":"","ghostkit_custom_js_foot":"","ghostkit_typography":"","_kad_post_transparent":"","_kad_post_title":"","_kad_post_layout":"","_kad_post_sidebar_id":"","_kad_post_content_style":"","_kad_post_vertical_padding":"","_kad_post_feature":"","_kad_post_feature_position":"","_kad_post_header":false,"_kad_post_footer":false,"_kad_post_classname":"","_links_to":"","_links_to_target":""},"game-concept":[715],"location":[420],"product_brand":[],"product_cat":[27],"product_tag":[],"class_list":{"0":"post-58988","1":"product","2":"type-product","3":"status-publish","4":"has-post-thumbnail","6":"game-concept-secrets","7":"location-vienna","8":"product_cat-geen-categorie","10":"first","11":"instock","12":"shipping-taxable","13":"purchasable","14":"product-type-simple","15":"entry","16":"content-bg","17":"loop-entry"},"acf":{"full_bokun_product_name":"Self-Guided Secrets of Vienna Exploration Game","location_name":"Vienna","bokun_calendar_widget_code":"<script type=\"text\/javascript\" src=\"https:\/\/widgets.bokun.io\/assets\/javascripts\/apps\/build\/BokunWidgetsLoader.js?bookingChannelUUID=a1e93e96-5232-4734-a595-28405f4b5a31\" async><\/script>\n     \n    <div class=\"bokunWidget\" data-src=\"https:\/\/widgets.bokun.io\/online-sales\/a1e93e96-5232-4734-a595-28405f4b5a31\/experience-calendar\/811010\"><\/div>\n    <noscript>Please enable javascript in your browser to book<\/noscript>","bokun_button_widget_code":"<script type=\"text\/javascript\" src=\"https:\/\/widgets.bokun.io\/assets\/javascripts\/apps\/build\/BokunWidgetsLoader.js?bookingChannelUUID=a1e93e96-5232-4734-a595-28405f4b5a31\" async><\/script>\n      <style> #bokun_ed001e45_5927_4f62_b470_ca766338d083 { display: inline-block; padding: .4em 1em; background: #47b82e; border-radius: 999999px; box-shadow: none; font-weight: 600; font-size: 24px; text-decoration: none; text-align: center; color: #FFFFFF; border:none; cursor: pointer; transition: background .2s ease; } #bokun_ed001e45_5927_4f62_b470_ca766338d083:hover{ background: #2f7b1f; } #bokun_ed001e45_5927_4f62_b470_ca766338d083:active{ background: #378f24; } <\/style> <button class=\"bokunButton\" disabled id=bokun_ed001e45_5927_4f62_b470_ca766338d083 data-src=\"https:\/\/widgets.bokun.io\/online-sales\/a1e93e96-5232-4734-a595-28405f4b5a31\/experience-calendar\/811010?partialView=1\" data-testid=\"widget-book-button\" > Book now <\/button> ","what_you\u2019ll_experience_during_the_game":"Fedezze fel B\u00e9cset egy v\u00e1rosi j\u00e1t\u00e9kon kereszt\u00fcl, amely \u00f6tv\u00f6zi a v\u00e1rosi felfedez\u00e9st a mag\u00e1val ragad\u00f3 t\u00f6rt\u00e9netmes\u00e9l\u00e9ssel \u00e9s interakt\u00edv feladatokkal. Helysz\u00ednekhez k\u00f6t\u00f6tt nyomok sorozat\u00e1t k\u00f6vetve ikonikus l\u00e1tnival\u00f3k \u00e9s az osztr\u00e1k f\u0151v\u00e1ros rejtett zugainak kever\u00e9k\u00e9hez jut el. \u00datk\u00f6zben tal\u00e1lkozhat a Szent Istv\u00e1n-sz\u00e9kesegyh\u00e1z dr\u00e1mai g\u00f3tikus tornyaival, els\u00e9t\u00e1lhat a B\u00e9csi \u00c1llami Operah\u00e1z d\u00edszes homlokzata el\u0151tt, vagy megl\u00e1togathatja az Albertina melletti csendes udvarokat. Ez a j\u00e1t\u00e9k m\u00e1s perspekt\u00edv\u00e1t k\u00edn\u00e1l B\u00e9csre, arra \u00f6szt\u00f6n\u00f6zve, hogy k\u00f6zelebbr\u0151l n\u00e9zze meg \u00e9s fedezze fel az utc\u00e1iban \u00e9s \u00e9p\u00edt\u00e9szet\u00e9ben rejl\u0151 t\u00f6rt\u00e9neteket.\n\nA City Game sor\u00e1n k\u00fcl\u00f6nf\u00e9le rejtv\u00e9nyeket, tal\u00e1l\u00f3s k\u00e9rd\u00e9seket \u00e9s kreat\u00edv fot\u00f3 kih\u00edv\u00e1sokat fog megoldani, amelyek c\u00e9lja, hogy elm\u00e9ly\u00edts\u00e9k kapcsolat\u00e1t a k\u00f6rnyezettel. Minden kih\u00edv\u00e1s k\u00f6zelebb viszi a v\u00e9gs\u0151 rejt\u00e9ly megold\u00e1s\u00e1hoz, mik\u00f6zben pontokat szerez \u00e9s hasznos tippeket nyit meg. Szabadon tarthat sz\u00fcneteket \u00e9s felfedezheti a v\u00e1rost a saj\u00e1t temp\u00f3j\u00e1ban, \u00edgy k\u00f6nnyed\u00e9n beillesztheti a j\u00e1t\u00e9kot a b\u00e9csi napj\u00e1ba. Azok sz\u00e1m\u00e1ra, akik szeretik a bar\u00e1ti versenyt, a pontsz\u00e1m nyomon k\u00f6vet\u00e9se a t\u00f6bbiekkel szemben a ranglist\u00e1n extra sz\u00f3rakoz\u00e1st ny\u00fajt.","how_to_play":"Foglalja le az Felfedez\u0151 J\u00e1t\u00e9kot, ellen\u0151rizze az e-mailt, amelyet egyszer\u0171 utas\u00edt\u00e1sokkal k\u00fcld\u00fcnk, t\u00f6ltse le a Loquiz Appot, l\u00e9pjen be az Felfedez\u0151 J\u00e1t\u00e9kba, \u00e9s k\u00e9szen \u00e1ll a j\u00e1t\u00e9k\u00e9lm\u00e9ny megkezd\u00e9s\u00e9re!","start_location":"Vienna, Graben","available_languages":["en"],"players_per_group":"1-4","duration":"1.5-2 hours","image_overlay_color_image":"https:\/\/testwebsite.citygame.com\/wp-content\/blogs.dir\/1\/files\/sites\/62\/2026\/01\/SecretsColor.svg","image_overlay_game_logo":"https:\/\/testwebsite.citygame.com\/wp-content\/blogs.dir\/1\/files\/sites\/62\/2026\/01\/SecretsLogo.png","city_page":5051,"woocommerce_general_content":null},"yoast_head":"<!-- This site is optimized with the Yoast SEO Premium plugin v26.2 (Yoast SEO v26.3) - https:\/\/yoast.com\/wordpress\/plugins\/seo\/ -->\n<title>Secrets of Vienna - City Game<\/title>\n<meta name=\"description\" content=\"Secrets of Vienna. J\u00e1tssz egy \u00f6nvezet\u0151 V\u00e1rosi J\u00e1t\u00e9kot, \u00e9s fedezd fel a v\u00e1rost rejtv\u00e9nyek, tal\u00e1l\u00f3s k\u00e9rd\u00e9sek \u00e9s kih\u00edv\u00e1sok seg\u00edts\u00e9g\u00e9vel. J\u00e1tssz a saj\u00e1t temp\u00f3dban, \u00e9s fedezz fel, mint egy helyi!\" \/>\n<meta name=\"robots\" content=\"noindex, follow, max-snippet:-1, max-image-preview:large, max-video-preview:-1\" \/>\n<meta property=\"og:locale\" content=\"hu_HU\" \/>\n<meta property=\"og:type\" content=\"article\" \/>\n<meta property=\"og:title\" content=\"Secrets of Vienna\" \/>\n<meta property=\"og:description\" content=\"Secrets of Vienna. J\u00e1tssz egy \u00f6nvezet\u0151 V\u00e1rosi J\u00e1t\u00e9kot, \u00e9s fedezd fel a v\u00e1rost rejtv\u00e9nyek, tal\u00e1l\u00f3s k\u00e9rd\u00e9sek \u00e9s kih\u00edv\u00e1sok seg\u00edts\u00e9g\u00e9vel. J\u00e1tssz a saj\u00e1t temp\u00f3dban, \u00e9s fedezz fel, mint egy helyi!\" \/>\n<meta property=\"og:url\" content=\"https:\/\/testwebsite.citygame.com\/hu\/games\/vienna\/secrets-of-vienna\/\" \/>\n<meta property=\"og:site_name\" content=\"City Game\" \/>\n<meta property=\"article:publisher\" content=\"https:\/\/www.facebook.com\/profile.php?id=100086426226253\" \/>\n<meta property=\"article:modified_time\" content=\"2026-04-08T03:15:34+00:00\" \/>\n<meta property=\"og:image\" content=\"https:\/\/testwebsite.citygame.com\/wp-content\/blogs.dir\/1\/files\/sites\/62\/2026\/01\/vienna-player-comics-hutterer-shop.jpg\" \/>\n\t<meta property=\"og:image:width\" content=\"1184\" \/>\n\t<meta property=\"og:image:height\" content=\"864\" \/>\n\t<meta property=\"og:image:type\" content=\"image\/jpeg\" \/>\n<meta name=\"twitter:card\" content=\"summary_large_image\" \/>\n<meta name=\"twitter:label1\" content=\"Becs\u00fclt olvas\u00e1si id\u0151\" \/>\n\t<meta name=\"twitter:data1\" content=\"1 perc\" \/>\n<script type=\"application\/ld+json\" class=\"yoast-schema-graph\">{\"@context\":\"https:\/\/schema.org\",\"@graph\":[{\"@type\":\"WebPage\",\"@id\":\"https:\/\/testwebsite.citygame.com\/hu\/games\/vienna\/secrets-of-vienna\/\",\"url\":\"https:\/\/testwebsite.citygame.com\/hu\/games\/vienna\/secrets-of-vienna\/\",\"name\":\"Secrets of Vienna - City Game\",\"isPartOf\":{\"@id\":\"https:\/\/testwebsite.upevents.nl\/#website\"},\"primaryImageOfPage\":{\"@id\":\"https:\/\/testwebsite.citygame.com\/hu\/games\/vienna\/secrets-of-vienna\/#primaryimage\"},\"image\":{\"@id\":\"https:\/\/testwebsite.citygame.com\/hu\/games\/vienna\/secrets-of-vienna\/#primaryimage\"},\"thumbnailUrl\":\"https:\/\/testwebsite.citygame.com\/wp-content\/blogs.dir\/1\/files\/sites\/62\/2026\/01\/vienna-player-comics-hutterer-shop.jpg\",\"datePublished\":\"2026-01-27T14:51:54+00:00\",\"dateModified\":\"2026-04-08T03:15:34+00:00\",\"description\":\"Secrets of Vienna. J\u00e1tssz egy \u00f6nvezet\u0151 V\u00e1rosi J\u00e1t\u00e9kot, \u00e9s fedezd fel a v\u00e1rost rejtv\u00e9nyek, tal\u00e1l\u00f3s k\u00e9rd\u00e9sek \u00e9s kih\u00edv\u00e1sok seg\u00edts\u00e9g\u00e9vel. J\u00e1tssz a saj\u00e1t temp\u00f3dban, \u00e9s fedezz fel, mint egy helyi!\",\"breadcrumb\":{\"@id\":\"https:\/\/testwebsite.citygame.com\/hu\/games\/vienna\/secrets-of-vienna\/#breadcrumb\"},\"inLanguage\":\"hu\",\"potentialAction\":[{\"@type\":\"ReadAction\",\"target\":[\"https:\/\/testwebsite.citygame.com\/hu\/games\/vienna\/secrets-of-vienna\/\"]}]},{\"@type\":\"ImageObject\",\"inLanguage\":\"hu\",\"@id\":\"https:\/\/testwebsite.citygame.com\/hu\/games\/vienna\/secrets-of-vienna\/#primaryimage\",\"url\":\"https:\/\/testwebsite.citygame.com\/wp-content\/blogs.dir\/1\/files\/sites\/62\/2026\/01\/vienna-player-comics-hutterer-shop.jpg\",\"contentUrl\":\"https:\/\/testwebsite.citygame.com\/wp-content\/blogs.dir\/1\/files\/sites\/62\/2026\/01\/vienna-player-comics-hutterer-shop.jpg\",\"width\":1184,\"height\":864,\"caption\":\"A player explores a sunny street in Vienna while standing outside a popular comic book store.\"},{\"@type\":\"BreadcrumbList\",\"@id\":\"https:\/\/testwebsite.citygame.com\/hu\/games\/vienna\/secrets-of-vienna\/#breadcrumb\",\"itemListElement\":[{\"@type\":\"ListItem\",\"position\":1,\"name\":\"Home\",\"item\":\"https:\/\/testwebsite.citygame.com\/hu\/\"},{\"@type\":\"ListItem\",\"position\":2,\"name\":\"Shop\",\"item\":\"https:\/\/testwebsite.citygame.com\/shop\/\"},{\"@type\":\"ListItem\",\"position\":3,\"name\":\"Secrets of Vienna\"}]},{\"@type\":\"WebSite\",\"@id\":\"https:\/\/testwebsite.upevents.nl\/#website\",\"url\":\"https:\/\/testwebsite.upevents.nl\/\",\"name\":\"City Game\",\"description\":\"\",\"publisher\":{\"@id\":\"https:\/\/testwebsite.upevents.nl\/#organization\"},\"alternateName\":\"citygame.com\",\"potentialAction\":[{\"@type\":\"SearchAction\",\"target\":{\"@type\":\"EntryPoint\",\"urlTemplate\":\"https:\/\/testwebsite.upevents.nl\/?s={search_term_string}\"},\"query-input\":{\"@type\":\"PropertyValueSpecification\",\"valueRequired\":true,\"valueName\":\"search_term_string\"}}],\"inLanguage\":\"hu\"},{\"@type\":[\"Organization\",\"Place\"],\"@id\":\"https:\/\/testwebsite.upevents.nl\/#organization\",\"name\":\"City Game\",\"alternateName\":\"citygame.com\",\"url\":\"https:\/\/testwebsite.upevents.nl\/\",\"logo\":{\"@id\":\"https:\/\/testwebsite.citygame.com\/hu\/games\/vienna\/secrets-of-vienna\/#local-main-organization-logo\"},\"image\":{\"@id\":\"https:\/\/testwebsite.citygame.com\/hu\/games\/vienna\/secrets-of-vienna\/#local-main-organization-logo\"},\"sameAs\":[\"https:\/\/www.facebook.com\/profile.php?id=100086426226253\",\"https:\/\/www.instagram.com\/citygame_com\",\"https:\/\/www.tiktok.com\/@citygamecom\/\",\"https:\/\/www.linkedin.com\/company\/citygame-com\"],\"description\":\"Turn any city into a playground with our interactive City Games and self-guided tours. Fun, flexible, and ideal for groups and team building.\",\"telephone\":[],\"openingHoursSpecification\":[{\"@type\":\"OpeningHoursSpecification\",\"dayOfWeek\":[\"Monday\",\"Tuesday\",\"Wednesday\",\"Thursday\",\"Friday\",\"Saturday\",\"Sunday\"],\"opens\":\"09:00\",\"closes\":\"17:00\"}]},{\"@type\":\"ImageObject\",\"inLanguage\":\"hu\",\"@id\":\"https:\/\/testwebsite.citygame.com\/hu\/games\/vienna\/secrets-of-vienna\/#local-main-organization-logo\",\"url\":\"https:\/\/testwebsite.citygame.com\/wp-content\/blogs.dir\/1\/files\/sites\/62\/2025\/10\/CG_LOGO-City-Game.png\",\"contentUrl\":\"https:\/\/testwebsite.citygame.com\/wp-content\/blogs.dir\/1\/files\/sites\/62\/2025\/10\/CG_LOGO-City-Game.png\",\"width\":351,\"height\":377,\"caption\":\"City Game\"}]}<\/script>\n<!-- \/ Yoast SEO Premium plugin. -->","yoast_head_json":{"title":"Secrets of Vienna - City Game","description":"Secrets of Vienna. J\u00e1tssz egy \u00f6nvezet\u0151 V\u00e1rosi J\u00e1t\u00e9kot, \u00e9s fedezd fel a v\u00e1rost rejtv\u00e9nyek, tal\u00e1l\u00f3s k\u00e9rd\u00e9sek \u00e9s kih\u00edv\u00e1sok seg\u00edts\u00e9g\u00e9vel. J\u00e1tssz a saj\u00e1t temp\u00f3dban, \u00e9s fedezz fel, mint egy helyi!","robots":{"index":"noindex","follow":"follow","max-snippet":"max-snippet:-1","max-image-preview":"max-image-preview:large","max-video-preview":"max-video-preview:-1"},"og_locale":"hu_HU","og_type":"article","og_title":"Secrets of Vienna","og_description":"Secrets of Vienna. J\u00e1tssz egy \u00f6nvezet\u0151 V\u00e1rosi J\u00e1t\u00e9kot, \u00e9s fedezd fel a v\u00e1rost rejtv\u00e9nyek, tal\u00e1l\u00f3s k\u00e9rd\u00e9sek \u00e9s kih\u00edv\u00e1sok seg\u00edts\u00e9g\u00e9vel. J\u00e1tssz a saj\u00e1t temp\u00f3dban, \u00e9s fedezz fel, mint egy helyi!","og_url":"https:\/\/testwebsite.citygame.com\/hu\/games\/vienna\/secrets-of-vienna\/","og_site_name":"City Game","article_publisher":"https:\/\/www.facebook.com\/profile.php?id=100086426226253","article_modified_time":"2026-04-08T03:15:34+00:00","og_image":[{"width":1184,"height":864,"url":"https:\/\/testwebsite.citygame.com\/wp-content\/blogs.dir\/1\/files\/sites\/62\/2026\/01\/vienna-player-comics-hutterer-shop.jpg","type":"image\/jpeg"}],"twitter_card":"summary_large_image","twitter_misc":{"Becs\u00fclt olvas\u00e1si id\u0151":"1 perc"},"schema":{"@context":"https:\/\/schema.org","@graph":[{"@type":"WebPage","@id":"https:\/\/testwebsite.citygame.com\/hu\/games\/vienna\/secrets-of-vienna\/","url":"https:\/\/testwebsite.citygame.com\/hu\/games\/vienna\/secrets-of-vienna\/","name":"Secrets of Vienna - City Game","isPartOf":{"@id":"https:\/\/testwebsite.upevents.nl\/#website"},"primaryImageOfPage":{"@id":"https:\/\/testwebsite.citygame.com\/hu\/games\/vienna\/secrets-of-vienna\/#primaryimage"},"image":{"@id":"https:\/\/testwebsite.citygame.com\/hu\/games\/vienna\/secrets-of-vienna\/#primaryimage"},"thumbnailUrl":"https:\/\/testwebsite.citygame.com\/wp-content\/blogs.dir\/1\/files\/sites\/62\/2026\/01\/vienna-player-comics-hutterer-shop.jpg","datePublished":"2026-01-27T14:51:54+00:00","dateModified":"2026-04-08T03:15:34+00:00","description":"Secrets of Vienna. J\u00e1tssz egy \u00f6nvezet\u0151 V\u00e1rosi J\u00e1t\u00e9kot, \u00e9s fedezd fel a v\u00e1rost rejtv\u00e9nyek, tal\u00e1l\u00f3s k\u00e9rd\u00e9sek \u00e9s kih\u00edv\u00e1sok seg\u00edts\u00e9g\u00e9vel. J\u00e1tssz a saj\u00e1t temp\u00f3dban, \u00e9s fedezz fel, mint egy helyi!","breadcrumb":{"@id":"https:\/\/testwebsite.citygame.com\/hu\/games\/vienna\/secrets-of-vienna\/#breadcrumb"},"inLanguage":"hu","potentialAction":[{"@type":"ReadAction","target":["https:\/\/testwebsite.citygame.com\/hu\/games\/vienna\/secrets-of-vienna\/"]}]},{"@type":"ImageObject","inLanguage":"hu","@id":"https:\/\/testwebsite.citygame.com\/hu\/games\/vienna\/secrets-of-vienna\/#primaryimage","url":"https:\/\/testwebsite.citygame.com\/wp-content\/blogs.dir\/1\/files\/sites\/62\/2026\/01\/vienna-player-comics-hutterer-shop.jpg","contentUrl":"https:\/\/testwebsite.citygame.com\/wp-content\/blogs.dir\/1\/files\/sites\/62\/2026\/01\/vienna-player-comics-hutterer-shop.jpg","width":1184,"height":864,"caption":"A player explores a sunny street in Vienna while standing outside a popular comic book store."},{"@type":"BreadcrumbList","@id":"https:\/\/testwebsite.citygame.com\/hu\/games\/vienna\/secrets-of-vienna\/#breadcrumb","itemListElement":[{"@type":"ListItem","position":1,"name":"Home","item":"https:\/\/testwebsite.citygame.com\/hu\/"},{"@type":"ListItem","position":2,"name":"Shop","item":"https:\/\/testwebsite.citygame.com\/shop\/"},{"@type":"ListItem","position":3,"name":"Secrets of Vienna"}]},{"@type":"WebSite","@id":"https:\/\/testwebsite.upevents.nl\/#website","url":"https:\/\/testwebsite.upevents.nl\/","name":"City Game","description":"","publisher":{"@id":"https:\/\/testwebsite.upevents.nl\/#organization"},"alternateName":"citygame.com","potentialAction":[{"@type":"SearchAction","target":{"@type":"EntryPoint","urlTemplate":"https:\/\/testwebsite.upevents.nl\/?s={search_term_string}"},"query-input":{"@type":"PropertyValueSpecification","valueRequired":true,"valueName":"search_term_string"}}],"inLanguage":"hu"},{"@type":["Organization","Place"],"@id":"https:\/\/testwebsite.upevents.nl\/#organization","name":"City Game","alternateName":"citygame.com","url":"https:\/\/testwebsite.upevents.nl\/","logo":{"@id":"https:\/\/testwebsite.citygame.com\/hu\/games\/vienna\/secrets-of-vienna\/#local-main-organization-logo"},"image":{"@id":"https:\/\/testwebsite.citygame.com\/hu\/games\/vienna\/secrets-of-vienna\/#local-main-organization-logo"},"sameAs":["https:\/\/www.facebook.com\/profile.php?id=100086426226253","https:\/\/www.instagram.com\/citygame_com","https:\/\/www.tiktok.com\/@citygamecom\/","https:\/\/www.linkedin.com\/company\/citygame-com"],"description":"Turn any city into a playground with our interactive City Games and self-guided tours. Fun, flexible, and ideal for groups and team building.","telephone":[],"openingHoursSpecification":[{"@type":"OpeningHoursSpecification","dayOfWeek":["Monday","Tuesday","Wednesday","Thursday","Friday","Saturday","Sunday"],"opens":"09:00","closes":"17:00"}]},{"@type":"ImageObject","inLanguage":"hu","@id":"https:\/\/testwebsite.citygame.com\/hu\/games\/vienna\/secrets-of-vienna\/#local-main-organization-logo","url":"https:\/\/testwebsite.citygame.com\/wp-content\/blogs.dir\/1\/files\/sites\/62\/2025\/10\/CG_LOGO-City-Game.png","contentUrl":"https:\/\/testwebsite.citygame.com\/wp-content\/blogs.dir\/1\/files\/sites\/62\/2025\/10\/CG_LOGO-City-Game.png","width":351,"height":377,"caption":"City Game"}]}},"taxonomy_info":{"game-concept":[{"value":715,"label":"Secrets"}],"location":[{"value":420,"label":"Vienna"}],"product_cat":[{"value":27,"label":"Geen categorie"}]},"featured_image_src_large":["https:\/\/testwebsite.citygame.com\/wp-content\/blogs.dir\/1\/files\/sites\/62\/2026\/01\/vienna-player-comics-hutterer-shop-1024x747.jpg",1024,747,true],"author_info":[],"comment_info":"","_links":{"self":[{"href":"https:\/\/testwebsite.citygame.com\/hu\/wp-json\/wp\/v2\/product\/58988","targetHints":{"allow":["GET"]}}],"collection":[{"href":"https:\/\/testwebsite.citygame.com\/hu\/wp-json\/wp\/v2\/product"}],"about":[{"href":"https:\/\/testwebsite.citygame.com\/hu\/wp-json\/wp\/v2\/types\/product"}],"acf:post":[{"embeddable":true,"href":"https:\/\/testwebsite.citygame.com\/hu\/wp-json\/wp\/v2\/pages\/5051"}],"wp:featuredmedia":[{"embeddable":true,"href":"https:\/\/testwebsite.citygame.com\/hu\/wp-json\/wp\/v2\/media\/5062"}],"wp:attachment":[{"href":"https:\/\/testwebsite.citygame.com\/hu\/wp-json\/wp\/v2\/media?parent=58988"}],"wp:term":[{"taxonomy":"game-concept","embeddable":true,"href":"https:\/\/testwebsite.citygame.com\/hu\/wp-json\/wp\/v2\/game-concept?post=58988"},{"taxonomy":"location","embeddable":true,"href":"https:\/\/testwebsite.citygame.com\/hu\/wp-json\/wp\/v2\/location?post=58988"},{"taxonomy":"product_brand","embeddable":true,"href":"https:\/\/testwebsite.citygame.com\/hu\/wp-json\/wp\/v2\/product_brand?post=58988"},{"taxonomy":"product_cat","embeddable":true,"href":"https:\/\/testwebsite.citygame.com\/hu\/wp-json\/wp\/v2\/product_cat?post=58988"},{"taxonomy":"product_tag","embeddable":true,"href":"https:\/\/testwebsite.citygame.com\/hu\/wp-json\/wp\/v2\/product_tag?post=58988"}],"curies":[{"name":"wp","href":"https:\/\/api.w.org\/{rel}","templated":true}]}}