{"id":58879,"date":"2026-01-27T14:48:19","date_gmt":"2026-01-27T14:48:19","guid":{"rendered":"https:\/\/testwebsite.citygame.com\/games\/unknown-location\/secrets-of-den-bosch\/"},"modified":"2026-04-08T03:01:31","modified_gmt":"2026-04-08T03:01:31","slug":"secrets-of-den-bosch","status":"publish","type":"product","link":"https:\/\/testwebsite.citygame.com\/hu\/games\/den-bosch\/secrets-of-den-bosch\/","title":{"rendered":"Secrets of Den Bosch"},"content":{"rendered":"<p>A City Game Den Bosch egy \u00f6nvezet\u0151 v\u00e1rosi j\u00e1t\u00e9k, amely Den Bosch t\u00f6rt\u00e9nelmi k\u00f6zpontj\u00e1ban zajlik. Ez a GPS-alap\u00fa j\u00e1t\u00e9k okostelefonjuk seg\u00edts\u00e9g\u00e9vel vezeti v\u00e9gig a j\u00e1t\u00e9kosokat a v\u00e1roson, mik\u00f6zben rejtv\u00e9nyeket, tal\u00e1l\u00f3s k\u00e9rd\u00e9seket \u00e9s fot\u00f3feladatokat oldanak meg. Felfedez\u00e9s k\u00f6zben rejtett zugokat fedezhet fel, megismerheti Den Bosch t\u00f6rt\u00e9nelm\u00e9t \u00e9s kult\u00far\u00e1j\u00e1t, \u00e9s olyan r\u00e9szletekre bukkanhat, amelyek gyakran rejtve maradnak. Az felfedez\u0151 j\u00e1t\u00e9kot l\u00e1togat\u00f3k \u00e9s helyiek sz\u00e1m\u00e1ra egyar\u00e1nt tervezt\u00fck, friss perspekt\u00edv\u00e1t k\u00edn\u00e1lva a v\u00e1rosra. Ak\u00e1r egyed\u00fcl, p\u00e1rban, csal\u00e1ddal vagy bar\u00e1tokkal j\u00e1tszik, a City Game Den Bosch rugalmas \u00e9s mag\u00e1val ragad\u00f3 m\u00f3dot k\u00edn\u00e1l a v\u00e1ros megismer\u00e9s\u00e9re.<\/p>\n","protected":false},"excerpt":{"rendered":"<p>Mer\u00fclj el Den Bosch t\u00f6rt\u00e9nelm\u00e9ben \u00e9s kult\u00far\u00e1j\u00e1ban! Fedezz fel egy v\u00e1rost, ahol a m\u00falt suttog\u00e1sai megeleven\u00edtik a b\u00e1jos, kanyarg\u00f3s utc\u00e1kat, \u00e9s a kort\u00e1rs kreativit\u00e1s minden sarkot felpezsd\u00edt. Fejtsd meg a k\u00f6z\u00e9pkori \u00e9p\u00edt\u00e9szet\u00e9ben \u00e9s vir\u00e1gz\u00f3 modern m\u0171v\u00e9szeti \u00e9let\u00e9ben rejl\u0151 titkokat, Den Bosch fantasztikus kalandot \u00edg\u00e9r minden fordul\u00f3ban!<\/p>\n","protected":false},"featured_media":5036,"template":"","meta":{"_acf_changed":false,"_yoast_wpseo_focuskw":"Secrets of Den Bosch","_yoast_wpseo_metadesc":"Secrets of Den Bosch. J\u00e1tsszon egy \u00f6nvezet\u0151 City Game-et, \u00e9s fedezze fel a v\u00e1rost rejtv\u00e9nyek, tal\u00e1l\u00f3s k\u00e9rd\u00e9sek \u00e9s kih\u00edv\u00e1sok seg\u00edts\u00e9g\u00e9vel. J\u00e1tsszon a saj\u00e1t temp\u00f3j\u00e1ban, \u00e9s fedezze fel a v\u00e1rost, mint egy helyi!","_kad_blocks_custom_css":"","_kad_blocks_head_custom_js":"","_kad_blocks_body_custom_js":"","_kad_blocks_footer_custom_js":"","ghostkit_customizer_options":"","ghostkit_custom_css":"","ghostkit_custom_js_head":"","ghostkit_custom_js_foot":"","ghostkit_typography":"","_kad_post_transparent":"","_kad_post_title":"","_kad_post_layout":"","_kad_post_sidebar_id":"","_kad_post_content_style":"","_kad_post_vertical_padding":"","_kad_post_feature":"","_kad_post_feature_position":"","_kad_post_header":false,"_kad_post_footer":false,"_kad_post_classname":"","_links_to":"","_links_to_target":""},"game-concept":[715],"location":[138],"product_brand":[],"product_cat":[27],"product_tag":[],"class_list":{"0":"post-58879","1":"product","2":"type-product","3":"status-publish","4":"has-post-thumbnail","6":"game-concept-secrets","7":"location-den-bosch","8":"product_cat-geen-categorie","10":"first","11":"instock","12":"shipping-taxable","13":"purchasable","14":"product-type-simple","15":"entry","16":"content-bg","17":"loop-entry"},"acf":{"full_bokun_product_name":"Self-Guided Secrets of Den Bosch Exploration Game","location_name":"Den Bosch","bokun_calendar_widget_code":"<script type=\"text\/javascript\" src=\"https:\/\/widgets.bokun.io\/assets\/javascripts\/apps\/build\/BokunWidgetsLoader.js?bookingChannelUUID=a1e93e96-5232-4734-a595-28405f4b5a31\" async><\/script>\n     \n    <div class=\"bokunWidget\" data-src=\"https:\/\/widgets.bokun.io\/online-sales\/a1e93e96-5232-4734-a595-28405f4b5a31\/experience-calendar\/810494\"><\/div>\n    <noscript>Please enable javascript in your browser to book<\/noscript>","bokun_button_widget_code":"<script type=\"text\/javascript\" src=\"https:\/\/widgets.bokun.io\/assets\/javascripts\/apps\/build\/BokunWidgetsLoader.js?bookingChannelUUID=a1e93e96-5232-4734-a595-28405f4b5a31\" async><\/script>\n      <style> #bokun_ed001e45_5927_4f62_b470_ca766338d083 { display: inline-block; padding: .4em 1em; background: #47b82e; border-radius: 999999px; box-shadow: none; font-weight: 600; font-size: 24px; text-decoration: none; text-align: center; color: #FFFFFF; border:none; cursor: pointer; transition: background .2s ease; } #bokun_ed001e45_5927_4f62_b470_ca766338d083:hover{ background: #2f7b1f; } #bokun_ed001e45_5927_4f62_b470_ca766338d083:active{ background: #378f24; } <\/style> <button class=\"bokunButton\" disabled id=bokun_ed001e45_5927_4f62_b470_ca766338d083 data-src=\"https:\/\/widgets.bokun.io\/online-sales\/a1e93e96-5232-4734-a595-28405f4b5a31\/experience-calendar\/810494?partialView=1\" data-testid=\"widget-book-button\" > Book now <\/button> ","what_you\u2019ll_experience_during_the_game":"A Secrets of Den Bosch City Game sor\u00e1n a v\u00e1rost egy mag\u00e1val ragad\u00f3 t\u00f6rt\u00e9neten kereszt\u00fcl fedezheti fel, amely a v\u00e1rosn\u00e9z\u00e9st interakt\u00edv felfedez\u00e9ssel \u00f6tv\u00f6zi. Ahogy v\u00e9gighalad a t\u00f6rt\u00e9nelmi utc\u00e1kon, a j\u00e1t\u00e9k elvezeti \u00d6nt Den Bosch n\u00e9pszer\u0171 nevezetess\u00e9geihez \u00e9s rejtett zugaihoz egyar\u00e1nt. Megcsod\u00e1lhatja a Szent J\u00e1nos-sz\u00e9kesegyh\u00e1z leny\u0171g\u00f6z\u0151 \u00e9p\u00edt\u00e9szet\u00e9t, elbolyonghat a ny\u00fczsg\u0151 Markt t\u00e9ren, \u00e9s r\u00e9szleteket fedezhet fel a Binnendieze-csatorn\u00e1k ment\u00e9n. \u00datja sor\u00e1n a v\u00e1ros karakter\u00e9t a kult\u00fara, a t\u00f6rt\u00e9nelem \u00e9s a mindennapi jelenetek \u00e1tgondolt kever\u00e9k\u00e9n kereszt\u00fcl tapasztalhatja meg.\n\nA j\u00e1t\u00e9k sor\u00e1n rejtv\u00e9nyeket, tal\u00e1l\u00f3s k\u00e9rd\u00e9seket \u00e9s fot\u00f3alap\u00fa kih\u00edv\u00e1sokat kell megoldania, amelyek arra \u00f6szt\u00f6nzik, hogy alaposabban megfigyelje k\u00f6rnyezet\u00e9t. Minden teljes\u00edtett feladat pontokat \u00e9s tippeket hoz, fokozatosan k\u00f6zelebb juttatva \u00d6nt Den Bosch sz\u00edv\u00e9ben rejl\u0151 v\u00e9gs\u0151 rejt\u00e9ly felfedez\u00e9s\u00e9hez. B\u00e1rmikor sz\u00fcneteltetheti a j\u00e1t\u00e9kot, \u00edgy k\u00f6nnyed\u00e9n felfedezheti a v\u00e1rost a saj\u00e1t temp\u00f3j\u00e1ban. Azok sz\u00e1m\u00e1ra, akik szeretik a verseng\u00e9st, lehet\u0151s\u00e9g ny\u00edlik a ranglista megm\u00e1sz\u00e1s\u00e1ra is extra kih\u00edv\u00e1sok teljes\u00edt\u00e9s\u00e9vel vagy a j\u00e1t\u00e9k hat\u00e9kony befejez\u00e9s\u00e9vel.","how_to_play":"Foglalja le az Exploration Game-et, ellen\u0151rizze az e-mailt, amit egyszer\u0171 utas\u00edt\u00e1sokkal k\u00fcld\u00fcnk, t\u00f6ltse le a Loquiz App-et, l\u00e9pjen be az Exploration Game-be, \u00e9s m\u00e1ris kezd\u0151dhet a j\u00e1t\u00e9k\u00e9lm\u00e9ny!","start_location":"Den Bosch, Markt","available_languages":["en","nl"],"players_per_group":"1-4","duration":"1.5-2 hours","image_overlay_color_image":"https:\/\/testwebsite.citygame.com\/wp-content\/blogs.dir\/1\/files\/sites\/62\/2026\/01\/SecretsColor.svg","image_overlay_game_logo":"https:\/\/testwebsite.citygame.com\/wp-content\/blogs.dir\/1\/files\/sites\/62\/2026\/01\/SecretsLogo.png","city_page":5027,"woocommerce_general_content":null},"yoast_head":"<!-- This site is optimized with the Yoast SEO Premium plugin v26.2 (Yoast SEO v26.3) - https:\/\/yoast.com\/wordpress\/plugins\/seo\/ -->\n<title>Secrets of Den Bosch - City Game<\/title>\n<meta name=\"description\" content=\"Secrets of Den Bosch. J\u00e1tsszon egy \u00f6nvezet\u0151 City Game-et, \u00e9s fedezze fel a v\u00e1rost rejtv\u00e9nyek, tal\u00e1l\u00f3s k\u00e9rd\u00e9sek \u00e9s kih\u00edv\u00e1sok seg\u00edts\u00e9g\u00e9vel. J\u00e1tsszon a saj\u00e1t temp\u00f3j\u00e1ban, \u00e9s fedezze fel a v\u00e1rost, mint egy helyi!\" \/>\n<meta name=\"robots\" content=\"noindex, follow, max-snippet:-1, max-image-preview:large, max-video-preview:-1\" \/>\n<meta property=\"og:locale\" content=\"hu_HU\" \/>\n<meta property=\"og:type\" content=\"article\" \/>\n<meta property=\"og:title\" content=\"Secrets of Den Bosch\" \/>\n<meta property=\"og:description\" content=\"Secrets of Den Bosch. J\u00e1tsszon egy \u00f6nvezet\u0151 City Game-et, \u00e9s fedezze fel a v\u00e1rost rejtv\u00e9nyek, tal\u00e1l\u00f3s k\u00e9rd\u00e9sek \u00e9s kih\u00edv\u00e1sok seg\u00edts\u00e9g\u00e9vel. J\u00e1tsszon a saj\u00e1t temp\u00f3j\u00e1ban, \u00e9s fedezze fel a v\u00e1rost, mint egy helyi!\" \/>\n<meta property=\"og:url\" content=\"https:\/\/testwebsite.citygame.com\/hu\/games\/den-bosch\/secrets-of-den-bosch\/\" \/>\n<meta property=\"og:site_name\" content=\"City Game\" \/>\n<meta property=\"article:publisher\" content=\"https:\/\/www.facebook.com\/profile.php?id=100086426226253\" \/>\n<meta property=\"article:modified_time\" content=\"2026-04-08T03:01:31+00:00\" \/>\n<meta property=\"og:image\" content=\"https:\/\/testwebsite.citygame.com\/wp-content\/blogs.dir\/1\/files\/sites\/62\/2026\/01\/woman-city-game-den-bosch-historic-street.jpg\" \/>\n\t<meta property=\"og:image:width\" content=\"1248\" \/>\n\t<meta property=\"og:image:height\" content=\"832\" \/>\n\t<meta property=\"og:image:type\" content=\"image\/jpeg\" \/>\n<meta name=\"twitter:card\" content=\"summary_large_image\" \/>\n<meta name=\"twitter:label1\" content=\"Becs\u00fclt olvas\u00e1si id\u0151\" \/>\n\t<meta name=\"twitter:data1\" content=\"1 perc\" \/>\n<script type=\"application\/ld+json\" class=\"yoast-schema-graph\">{\"@context\":\"https:\/\/schema.org\",\"@graph\":[{\"@type\":\"WebPage\",\"@id\":\"https:\/\/testwebsite.citygame.com\/hu\/games\/den-bosch\/secrets-of-den-bosch\/\",\"url\":\"https:\/\/testwebsite.citygame.com\/hu\/games\/den-bosch\/secrets-of-den-bosch\/\",\"name\":\"Secrets of Den Bosch - City Game\",\"isPartOf\":{\"@id\":\"https:\/\/testwebsite.upevents.nl\/#website\"},\"primaryImageOfPage\":{\"@id\":\"https:\/\/testwebsite.citygame.com\/hu\/games\/den-bosch\/secrets-of-den-bosch\/#primaryimage\"},\"image\":{\"@id\":\"https:\/\/testwebsite.citygame.com\/hu\/games\/den-bosch\/secrets-of-den-bosch\/#primaryimage\"},\"thumbnailUrl\":\"https:\/\/testwebsite.citygame.com\/wp-content\/blogs.dir\/1\/files\/sites\/62\/2026\/01\/woman-city-game-den-bosch-historic-street.jpg\",\"datePublished\":\"2026-01-27T14:48:19+00:00\",\"dateModified\":\"2026-04-08T03:01:31+00:00\",\"description\":\"Secrets of Den Bosch. J\u00e1tsszon egy \u00f6nvezet\u0151 City Game-et, \u00e9s fedezze fel a v\u00e1rost rejtv\u00e9nyek, tal\u00e1l\u00f3s k\u00e9rd\u00e9sek \u00e9s kih\u00edv\u00e1sok seg\u00edts\u00e9g\u00e9vel. J\u00e1tsszon a saj\u00e1t temp\u00f3j\u00e1ban, \u00e9s fedezze fel a v\u00e1rost, mint egy helyi!\",\"breadcrumb\":{\"@id\":\"https:\/\/testwebsite.citygame.com\/hu\/games\/den-bosch\/secrets-of-den-bosch\/#breadcrumb\"},\"inLanguage\":\"hu\",\"potentialAction\":[{\"@type\":\"ReadAction\",\"target\":[\"https:\/\/testwebsite.citygame.com\/hu\/games\/den-bosch\/secrets-of-den-bosch\/\"]}]},{\"@type\":\"ImageObject\",\"inLanguage\":\"hu\",\"@id\":\"https:\/\/testwebsite.citygame.com\/hu\/games\/den-bosch\/secrets-of-den-bosch\/#primaryimage\",\"url\":\"https:\/\/testwebsite.citygame.com\/wp-content\/blogs.dir\/1\/files\/sites\/62\/2026\/01\/woman-city-game-den-bosch-historic-street.jpg\",\"contentUrl\":\"https:\/\/testwebsite.citygame.com\/wp-content\/blogs.dir\/1\/files\/sites\/62\/2026\/01\/woman-city-game-den-bosch-historic-street.jpg\",\"width\":1248,\"height\":832,\"caption\":\"A tourist uses her phone to navigate a historic, tree-lined street in Den Bosch, Netherlands.\"},{\"@type\":\"BreadcrumbList\",\"@id\":\"https:\/\/testwebsite.citygame.com\/hu\/games\/den-bosch\/secrets-of-den-bosch\/#breadcrumb\",\"itemListElement\":[{\"@type\":\"ListItem\",\"position\":1,\"name\":\"Home\",\"item\":\"https:\/\/testwebsite.citygame.com\/hu\/\"},{\"@type\":\"ListItem\",\"position\":2,\"name\":\"Shop\",\"item\":\"https:\/\/testwebsite.citygame.com\/shop\/\"},{\"@type\":\"ListItem\",\"position\":3,\"name\":\"Secrets of Den Bosch\"}]},{\"@type\":\"WebSite\",\"@id\":\"https:\/\/testwebsite.upevents.nl\/#website\",\"url\":\"https:\/\/testwebsite.upevents.nl\/\",\"name\":\"City Game\",\"description\":\"\",\"publisher\":{\"@id\":\"https:\/\/testwebsite.upevents.nl\/#organization\"},\"alternateName\":\"citygame.com\",\"potentialAction\":[{\"@type\":\"SearchAction\",\"target\":{\"@type\":\"EntryPoint\",\"urlTemplate\":\"https:\/\/testwebsite.upevents.nl\/?s={search_term_string}\"},\"query-input\":{\"@type\":\"PropertyValueSpecification\",\"valueRequired\":true,\"valueName\":\"search_term_string\"}}],\"inLanguage\":\"hu\"},{\"@type\":[\"Organization\",\"Place\"],\"@id\":\"https:\/\/testwebsite.upevents.nl\/#organization\",\"name\":\"City Game\",\"alternateName\":\"citygame.com\",\"url\":\"https:\/\/testwebsite.upevents.nl\/\",\"logo\":{\"@id\":\"https:\/\/testwebsite.citygame.com\/hu\/games\/den-bosch\/secrets-of-den-bosch\/#local-main-organization-logo\"},\"image\":{\"@id\":\"https:\/\/testwebsite.citygame.com\/hu\/games\/den-bosch\/secrets-of-den-bosch\/#local-main-organization-logo\"},\"sameAs\":[\"https:\/\/www.facebook.com\/profile.php?id=100086426226253\",\"https:\/\/www.instagram.com\/citygame_com\",\"https:\/\/www.tiktok.com\/@citygamecom\/\",\"https:\/\/www.linkedin.com\/company\/citygame-com\"],\"description\":\"Turn any city into a playground with our interactive City Games and self-guided tours. Fun, flexible, and ideal for groups and team building.\",\"telephone\":[],\"openingHoursSpecification\":[{\"@type\":\"OpeningHoursSpecification\",\"dayOfWeek\":[\"Monday\",\"Tuesday\",\"Wednesday\",\"Thursday\",\"Friday\",\"Saturday\",\"Sunday\"],\"opens\":\"09:00\",\"closes\":\"17:00\"}]},{\"@type\":\"ImageObject\",\"inLanguage\":\"hu\",\"@id\":\"https:\/\/testwebsite.citygame.com\/hu\/games\/den-bosch\/secrets-of-den-bosch\/#local-main-organization-logo\",\"url\":\"https:\/\/testwebsite.citygame.com\/wp-content\/blogs.dir\/1\/files\/sites\/62\/2025\/10\/CG_LOGO-City-Game.png\",\"contentUrl\":\"https:\/\/testwebsite.citygame.com\/wp-content\/blogs.dir\/1\/files\/sites\/62\/2025\/10\/CG_LOGO-City-Game.png\",\"width\":351,\"height\":377,\"caption\":\"City Game\"}]}<\/script>\n<!-- \/ Yoast SEO Premium plugin. -->","yoast_head_json":{"title":"Secrets of Den Bosch - City Game","description":"Secrets of Den Bosch. J\u00e1tsszon egy \u00f6nvezet\u0151 City Game-et, \u00e9s fedezze fel a v\u00e1rost rejtv\u00e9nyek, tal\u00e1l\u00f3s k\u00e9rd\u00e9sek \u00e9s kih\u00edv\u00e1sok seg\u00edts\u00e9g\u00e9vel. J\u00e1tsszon a saj\u00e1t temp\u00f3j\u00e1ban, \u00e9s fedezze fel a v\u00e1rost, mint egy helyi!","robots":{"index":"noindex","follow":"follow","max-snippet":"max-snippet:-1","max-image-preview":"max-image-preview:large","max-video-preview":"max-video-preview:-1"},"og_locale":"hu_HU","og_type":"article","og_title":"Secrets of Den Bosch","og_description":"Secrets of Den Bosch. J\u00e1tsszon egy \u00f6nvezet\u0151 City Game-et, \u00e9s fedezze fel a v\u00e1rost rejtv\u00e9nyek, tal\u00e1l\u00f3s k\u00e9rd\u00e9sek \u00e9s kih\u00edv\u00e1sok seg\u00edts\u00e9g\u00e9vel. J\u00e1tsszon a saj\u00e1t temp\u00f3j\u00e1ban, \u00e9s fedezze fel a v\u00e1rost, mint egy helyi!","og_url":"https:\/\/testwebsite.citygame.com\/hu\/games\/den-bosch\/secrets-of-den-bosch\/","og_site_name":"City Game","article_publisher":"https:\/\/www.facebook.com\/profile.php?id=100086426226253","article_modified_time":"2026-04-08T03:01:31+00:00","og_image":[{"width":1248,"height":832,"url":"https:\/\/testwebsite.citygame.com\/wp-content\/blogs.dir\/1\/files\/sites\/62\/2026\/01\/woman-city-game-den-bosch-historic-street.jpg","type":"image\/jpeg"}],"twitter_card":"summary_large_image","twitter_misc":{"Becs\u00fclt olvas\u00e1si id\u0151":"1 perc"},"schema":{"@context":"https:\/\/schema.org","@graph":[{"@type":"WebPage","@id":"https:\/\/testwebsite.citygame.com\/hu\/games\/den-bosch\/secrets-of-den-bosch\/","url":"https:\/\/testwebsite.citygame.com\/hu\/games\/den-bosch\/secrets-of-den-bosch\/","name":"Secrets of Den Bosch - City Game","isPartOf":{"@id":"https:\/\/testwebsite.upevents.nl\/#website"},"primaryImageOfPage":{"@id":"https:\/\/testwebsite.citygame.com\/hu\/games\/den-bosch\/secrets-of-den-bosch\/#primaryimage"},"image":{"@id":"https:\/\/testwebsite.citygame.com\/hu\/games\/den-bosch\/secrets-of-den-bosch\/#primaryimage"},"thumbnailUrl":"https:\/\/testwebsite.citygame.com\/wp-content\/blogs.dir\/1\/files\/sites\/62\/2026\/01\/woman-city-game-den-bosch-historic-street.jpg","datePublished":"2026-01-27T14:48:19+00:00","dateModified":"2026-04-08T03:01:31+00:00","description":"Secrets of Den Bosch. J\u00e1tsszon egy \u00f6nvezet\u0151 City Game-et, \u00e9s fedezze fel a v\u00e1rost rejtv\u00e9nyek, tal\u00e1l\u00f3s k\u00e9rd\u00e9sek \u00e9s kih\u00edv\u00e1sok seg\u00edts\u00e9g\u00e9vel. J\u00e1tsszon a saj\u00e1t temp\u00f3j\u00e1ban, \u00e9s fedezze fel a v\u00e1rost, mint egy helyi!","breadcrumb":{"@id":"https:\/\/testwebsite.citygame.com\/hu\/games\/den-bosch\/secrets-of-den-bosch\/#breadcrumb"},"inLanguage":"hu","potentialAction":[{"@type":"ReadAction","target":["https:\/\/testwebsite.citygame.com\/hu\/games\/den-bosch\/secrets-of-den-bosch\/"]}]},{"@type":"ImageObject","inLanguage":"hu","@id":"https:\/\/testwebsite.citygame.com\/hu\/games\/den-bosch\/secrets-of-den-bosch\/#primaryimage","url":"https:\/\/testwebsite.citygame.com\/wp-content\/blogs.dir\/1\/files\/sites\/62\/2026\/01\/woman-city-game-den-bosch-historic-street.jpg","contentUrl":"https:\/\/testwebsite.citygame.com\/wp-content\/blogs.dir\/1\/files\/sites\/62\/2026\/01\/woman-city-game-den-bosch-historic-street.jpg","width":1248,"height":832,"caption":"A tourist uses her phone to navigate a historic, tree-lined street in Den Bosch, Netherlands."},{"@type":"BreadcrumbList","@id":"https:\/\/testwebsite.citygame.com\/hu\/games\/den-bosch\/secrets-of-den-bosch\/#breadcrumb","itemListElement":[{"@type":"ListItem","position":1,"name":"Home","item":"https:\/\/testwebsite.citygame.com\/hu\/"},{"@type":"ListItem","position":2,"name":"Shop","item":"https:\/\/testwebsite.citygame.com\/shop\/"},{"@type":"ListItem","position":3,"name":"Secrets of Den Bosch"}]},{"@type":"WebSite","@id":"https:\/\/testwebsite.upevents.nl\/#website","url":"https:\/\/testwebsite.upevents.nl\/","name":"City Game","description":"","publisher":{"@id":"https:\/\/testwebsite.upevents.nl\/#organization"},"alternateName":"citygame.com","potentialAction":[{"@type":"SearchAction","target":{"@type":"EntryPoint","urlTemplate":"https:\/\/testwebsite.upevents.nl\/?s={search_term_string}"},"query-input":{"@type":"PropertyValueSpecification","valueRequired":true,"valueName":"search_term_string"}}],"inLanguage":"hu"},{"@type":["Organization","Place"],"@id":"https:\/\/testwebsite.upevents.nl\/#organization","name":"City Game","alternateName":"citygame.com","url":"https:\/\/testwebsite.upevents.nl\/","logo":{"@id":"https:\/\/testwebsite.citygame.com\/hu\/games\/den-bosch\/secrets-of-den-bosch\/#local-main-organization-logo"},"image":{"@id":"https:\/\/testwebsite.citygame.com\/hu\/games\/den-bosch\/secrets-of-den-bosch\/#local-main-organization-logo"},"sameAs":["https:\/\/www.facebook.com\/profile.php?id=100086426226253","https:\/\/www.instagram.com\/citygame_com","https:\/\/www.tiktok.com\/@citygamecom\/","https:\/\/www.linkedin.com\/company\/citygame-com"],"description":"Turn any city into a playground with our interactive City Games and self-guided tours. Fun, flexible, and ideal for groups and team building.","telephone":[],"openingHoursSpecification":[{"@type":"OpeningHoursSpecification","dayOfWeek":["Monday","Tuesday","Wednesday","Thursday","Friday","Saturday","Sunday"],"opens":"09:00","closes":"17:00"}]},{"@type":"ImageObject","inLanguage":"hu","@id":"https:\/\/testwebsite.citygame.com\/hu\/games\/den-bosch\/secrets-of-den-bosch\/#local-main-organization-logo","url":"https:\/\/testwebsite.citygame.com\/wp-content\/blogs.dir\/1\/files\/sites\/62\/2025\/10\/CG_LOGO-City-Game.png","contentUrl":"https:\/\/testwebsite.citygame.com\/wp-content\/blogs.dir\/1\/files\/sites\/62\/2025\/10\/CG_LOGO-City-Game.png","width":351,"height":377,"caption":"City Game"}]}},"taxonomy_info":{"game-concept":[{"value":715,"label":"Secrets"}],"location":[{"value":138,"label":"Den Bosch"}],"product_cat":[{"value":27,"label":"Geen categorie"}]},"featured_image_src_large":["https:\/\/testwebsite.citygame.com\/wp-content\/blogs.dir\/1\/files\/sites\/62\/2026\/01\/woman-city-game-den-bosch-historic-street-1024x683.jpg",1024,683,true],"author_info":[],"comment_info":"","_links":{"self":[{"href":"https:\/\/testwebsite.citygame.com\/hu\/wp-json\/wp\/v2\/product\/58879","targetHints":{"allow":["GET"]}}],"collection":[{"href":"https:\/\/testwebsite.citygame.com\/hu\/wp-json\/wp\/v2\/product"}],"about":[{"href":"https:\/\/testwebsite.citygame.com\/hu\/wp-json\/wp\/v2\/types\/product"}],"acf:post":[{"embeddable":true,"href":"https:\/\/testwebsite.citygame.com\/hu\/wp-json\/wp\/v2\/pages\/5027"}],"wp:featuredmedia":[{"embeddable":true,"href":"https:\/\/testwebsite.citygame.com\/hu\/wp-json\/wp\/v2\/media\/5036"}],"wp:attachment":[{"href":"https:\/\/testwebsite.citygame.com\/hu\/wp-json\/wp\/v2\/media?parent=58879"}],"wp:term":[{"taxonomy":"game-concept","embeddable":true,"href":"https:\/\/testwebsite.citygame.com\/hu\/wp-json\/wp\/v2\/game-concept?post=58879"},{"taxonomy":"location","embeddable":true,"href":"https:\/\/testwebsite.citygame.com\/hu\/wp-json\/wp\/v2\/location?post=58879"},{"taxonomy":"product_brand","embeddable":true,"href":"https:\/\/testwebsite.citygame.com\/hu\/wp-json\/wp\/v2\/product_brand?post=58879"},{"taxonomy":"product_cat","embeddable":true,"href":"https:\/\/testwebsite.citygame.com\/hu\/wp-json\/wp\/v2\/product_cat?post=58879"},{"taxonomy":"product_tag","embeddable":true,"href":"https:\/\/testwebsite.citygame.com\/hu\/wp-json\/wp\/v2\/product_tag?post=58879"}],"curies":[{"name":"wp","href":"https:\/\/api.w.org\/{rel}","templated":true}]}}