{"id":58761,"date":"2026-01-27T11:02:57","date_gmt":"2026-01-27T11:02:57","guid":{"rendered":"https:\/\/testwebsite.citygame.com\/games\/unknown-location\/secrets-of-leiden\/"},"modified":"2026-04-08T02:47:53","modified_gmt":"2026-04-08T02:47:53","slug":"secrets-of-leiden","status":"publish","type":"product","link":"https:\/\/testwebsite.citygame.com\/hu\/games\/leiden\/secrets-of-leiden\/","title":{"rendered":"Secrets of Leiden"},"content":{"rendered":"<p>A City Game Leiden egy \u00f6nvezet\u0151, GPS-alap\u00fa j\u00e1t\u00e9k, amely Leiden t\u00f6rt\u00e9nelmi k\u00f6zpontj\u00e1ban zajlik. Csup\u00e1n egy okostelefon seg\u00edts\u00e9g\u00e9vel a j\u00e1t\u00e9kosok felfedezhetik a v\u00e1rost, mik\u00f6zben rejtv\u00e9nyeket, tal\u00e1l\u00f3s k\u00e9rd\u00e9seket \u00e9s fot\u00f3s kih\u00edv\u00e1sokat oldanak meg, amelyek felt\u00e1rj\u00e1k Leiden t\u00f6rt\u00e9nelm\u00e9nek \u00e9s kult\u00far\u00e1j\u00e1nak rejtett r\u00e9szleteit. Ez a felfedez\u0151 j\u00e1t\u00e9k mag\u00e1val ragad\u00f3 m\u00f3dot k\u00edn\u00e1l a v\u00e1ros b\u00e1jos utc\u00e1inak \u00e9s t\u00f6rt\u00e9neteinek felfedez\u00e9s\u00e9re a saj\u00e1t temp\u00f3j\u00e1ban. Helyieknek \u00e9s l\u00e1togat\u00f3knak egyar\u00e1nt alkalmas, ak\u00e1r egyed\u00fcl, ak\u00e1r partnerrel, csal\u00e1ddal vagy bar\u00e1ti t\u00e1rsas\u00e1ggal j\u00e1tszik. Az \u00f6nvezet\u0151 v\u00e1rosi j\u00e1t\u00e9k az sz\u00f3rakoz\u00e1s \u00e9s a tanul\u00e1s egyedi kever\u00e9k\u00e9t ny\u00fajtja, felejthetetlen \u00e9lm\u00e9nny\u00e9 t\u00e9ve Leiden felfedez\u00e9s\u00e9t.<\/p>\n","protected":false},"excerpt":{"rendered":"<p>Fedezze fel Leiden vonzerej\u00e9t! Mer\u00fclj\u00f6n el egy v\u00e1rosban, ahol az \u00f6r\u00f6ks\u00e9g tal\u00e1lkozik az innov\u00e1ci\u00f3val, az \u0151si egyetemekt\u0151l a ny\u00fczsg\u0151 piacterekig. Rejtett nyomokat tal\u00e1lhat, mik\u00f6zben bej\u00e1rja elb\u0171v\u00f6l\u0151 utc\u00e1it, Leiden minden sarkon izgalmakat \u00edg\u00e9r!<\/p>\n","protected":false},"featured_media":4644,"template":"","meta":{"_acf_changed":false,"_yoast_wpseo_focuskw":"Secrets of Leiden","_yoast_wpseo_metadesc":"Secrets of Leiden. J\u00e1tsszon egy \u00f6nvezet\u0151 City Game-et, \u00e9s fedezze fel a v\u00e1rost rejtv\u00e9nyek, tal\u00e1l\u00f3s k\u00e9rd\u00e9sek \u00e9s kih\u00edv\u00e1sok seg\u00edts\u00e9g\u00e9vel. J\u00e1tsszon a saj\u00e1t temp\u00f3j\u00e1ban, \u00e9s fedezze fel a v\u00e1rost, mint egy helyi!","_kad_blocks_custom_css":"","_kad_blocks_head_custom_js":"","_kad_blocks_body_custom_js":"","_kad_blocks_footer_custom_js":"","ghostkit_customizer_options":"","ghostkit_custom_css":"","ghostkit_custom_js_head":"","ghostkit_custom_js_foot":"","ghostkit_typography":"","_kad_post_transparent":"","_kad_post_title":"","_kad_post_layout":"","_kad_post_sidebar_id":"","_kad_post_content_style":"","_kad_post_vertical_padding":"","_kad_post_feature":"","_kad_post_feature_position":"","_kad_post_header":false,"_kad_post_footer":false,"_kad_post_classname":"","_links_to":"","_links_to_target":""},"game-concept":[715],"location":[239],"product_brand":[],"product_cat":[27],"product_tag":[],"class_list":{"0":"post-58761","1":"product","2":"type-product","3":"status-publish","4":"has-post-thumbnail","6":"game-concept-secrets","7":"location-leiden","8":"product_cat-geen-categorie","10":"first","11":"instock","12":"shipping-taxable","13":"purchasable","14":"product-type-simple","15":"entry","16":"content-bg","17":"loop-entry"},"acf":{"full_bokun_product_name":"Self-Guided Secrets of Leiden Exploration Game","location_name":"Leiden","bokun_calendar_widget_code":"<script type=\"text\/javascript\" src=\"https:\/\/widgets.bokun.io\/assets\/javascripts\/apps\/build\/BokunWidgetsLoader.js?bookingChannelUUID=a1e93e96-5232-4734-a595-28405f4b5a31\" async><\/script>\n     \n    <div class=\"bokunWidget\" data-src=\"https:\/\/widgets.bokun.io\/online-sales\/a1e93e96-5232-4734-a595-28405f4b5a31\/experience-calendar\/797322\"><\/div>\n    <noscript>Please enable javascript in your browser to book<\/noscript>","bokun_button_widget_code":"<script type=\"text\/javascript\" src=\"https:\/\/widgets.bokun.io\/assets\/javascripts\/apps\/build\/BokunWidgetsLoader.js?bookingChannelUUID=a1e93e96-5232-4734-a595-28405f4b5a31\" async><\/script>\n      <style> #bokun_ed001e45_5927_4f62_b470_ca766338d083 { display: inline-block; padding: .4em 1em; background: #47b82e; border-radius: 999999px; box-shadow: none; font-weight: 600; font-size: 24px; text-decoration: none; text-align: center; color: #FFFFFF; border:none; cursor: pointer; transition: background .2s ease; } #bokun_ed001e45_5927_4f62_b470_ca766338d083:hover{ background: #2f7b1f; } #bokun_ed001e45_5927_4f62_b470_ca766338d083:active{ background: #378f24; } <\/style> <button class=\"bokunButton\" disabled id=bokun_ed001e45_5927_4f62_b470_ca766338d083 data-src=\"https:\/\/widgets.bokun.io\/online-sales\/a1e93e96-5232-4734-a595-28405f4b5a31\/experience-calendar\/797322?partialView=1\" data-testid=\"widget-book-button\" > Book now <\/button> ","what_you\u2019ll_experience_during_the_game":"A Secrets of Leiden City Game sor\u00e1n a v\u00e1rost t\u00f6rt\u00e9netmes\u00e9l\u00e9s \u00e9s interakt\u00edv v\u00e1rosn\u00e9z\u00e9s \u00f6tv\u00f6z\u00e9s\u00e9vel fedezheti fel. Ahogy nyomokat k\u00f6vet a t\u00f6rt\u00e9nelmi utc\u00e1kon, eljut mind a j\u00f3l ismert nevezetess\u00e9gekhez, mind a csendes sarkokhoz, amelyek a saj\u00e1t t\u00f6rt\u00e9net\u00fcket mes\u00e9lik el. \u00datk\u00f6zben b\u00e1jos csatorn\u00e1k, \u00e9vsz\u00e1zados egyetemi \u00e9p\u00fcletek \u00e9s k\u0151falak m\u00f6g\u00f6tt rejt\u0151z\u0151 hagyom\u00e1nyos udvarok mellett haladhat el. A l\u00e9gk\u00f6r arra invit\u00e1lja, hogy mag\u00e1ba sz\u00edvja Leiden gazdag kultur\u00e1lis \u00f6r\u00f6ks\u00e9g\u00e9t, mik\u00f6zben a t\u00f6rt\u00e9net kibontakozik \u00d6n k\u00f6r\u00fcl.\n\nA j\u00e1t\u00e9k sor\u00e1n kreat\u00edv kih\u00edv\u00e1sokat kell megoldania, mint p\u00e9ld\u00e1ul tal\u00e1l\u00f3s k\u00e9rd\u00e9seket, rejtv\u00e9nyeket \u00e9s fot\u00f3s feladatokat, amelyek \u00e9letre keltik a t\u00f6rt\u00e9netet. Minden sikeres v\u00e1lasz seg\u00edt pontokat gy\u0171jteni, hasznos tippeket feloldani, \u00e9s egy l\u00e9p\u00e9ssel k\u00f6zelebb ker\u00fclni a j\u00e1t\u00e9k k\u00f6zponti rejt\u00e9ly\u00e9nek megold\u00e1s\u00e1hoz. A City Game-et b\u00e1rmikor sz\u00fcneteltetheti, \u00edgy k\u00f6nnyed\u00e9n felfedezheti Leident a saj\u00e1t temp\u00f3j\u00e1ban. Azok sz\u00e1m\u00e1ra, akik versenyel\u0151nyt keresnek, egy hely v\u00e1r a ranglist\u00e1n.","how_to_play":"Foglalja le a Felfedez\u0151 J\u00e1t\u00e9kot, ellen\u0151rizze az e-mailt, amelyet egyszer\u0171 utas\u00edt\u00e1sokkal k\u00fcld\u00fcnk \u00d6nnek, t\u00f6ltse le a Loquiz App alkalmaz\u00e1st, l\u00e9pjen be a Felfedez\u0151 J\u00e1t\u00e9kba, \u00e9s m\u00e1ris k\u00e9szen \u00e1ll, hogy elkezdje j\u00e1t\u00e9k\u00e9lm\u00e9ny\u00e9t!","start_location":"Leiden, Stadhuisplein","available_languages":["en","es","fr","de","it","nl"],"players_per_group":"1-4","duration":"1.5-2 hours","image_overlay_color_image":"https:\/\/testwebsite.citygame.com\/wp-content\/blogs.dir\/1\/files\/sites\/62\/2026\/01\/SecretsColor.svg","image_overlay_game_logo":"https:\/\/testwebsite.citygame.com\/wp-content\/blogs.dir\/1\/files\/sites\/62\/2026\/01\/SecretsLogo.png","city_page":4622,"woocommerce_general_content":null},"yoast_head":"<!-- This site is optimized with the Yoast SEO Premium plugin v26.2 (Yoast SEO v26.3) - https:\/\/yoast.com\/wordpress\/plugins\/seo\/ -->\n<title>Secrets of Leiden - City Game<\/title>\n<meta name=\"description\" content=\"Secrets of Leiden. J\u00e1tsszon egy \u00f6nvezet\u0151 City Game-et, \u00e9s fedezze fel a v\u00e1rost rejtv\u00e9nyek, tal\u00e1l\u00f3s k\u00e9rd\u00e9sek \u00e9s kih\u00edv\u00e1sok seg\u00edts\u00e9g\u00e9vel. J\u00e1tsszon a saj\u00e1t temp\u00f3j\u00e1ban, \u00e9s fedezze fel a v\u00e1rost, mint egy helyi!\" \/>\n<meta name=\"robots\" content=\"noindex, follow, max-snippet:-1, max-image-preview:large, max-video-preview:-1\" \/>\n<meta property=\"og:locale\" content=\"hu_HU\" \/>\n<meta property=\"og:type\" content=\"article\" \/>\n<meta property=\"og:title\" content=\"Secrets of Leiden\" \/>\n<meta property=\"og:description\" content=\"Secrets of Leiden. J\u00e1tsszon egy \u00f6nvezet\u0151 City Game-et, \u00e9s fedezze fel a v\u00e1rost rejtv\u00e9nyek, tal\u00e1l\u00f3s k\u00e9rd\u00e9sek \u00e9s kih\u00edv\u00e1sok seg\u00edts\u00e9g\u00e9vel. J\u00e1tsszon a saj\u00e1t temp\u00f3j\u00e1ban, \u00e9s fedezze fel a v\u00e1rost, mint egy helyi!\" \/>\n<meta property=\"og:url\" content=\"https:\/\/testwebsite.citygame.com\/hu\/games\/leiden\/secrets-of-leiden\/\" \/>\n<meta property=\"og:site_name\" content=\"City Game\" \/>\n<meta property=\"article:publisher\" content=\"https:\/\/www.facebook.com\/profile.php?id=100086426226253\" \/>\n<meta property=\"article:modified_time\" content=\"2026-04-08T02:47:53+00:00\" \/>\n<meta property=\"og:image\" content=\"https:\/\/testwebsite.citygame.com\/wp-content\/blogs.dir\/1\/files\/sites\/62\/2026\/01\/man-playing-city-game-leiden-square.jpg\" \/>\n\t<meta property=\"og:image:width\" content=\"736\" \/>\n\t<meta property=\"og:image:height\" content=\"1408\" \/>\n\t<meta property=\"og:image:type\" content=\"image\/jpeg\" \/>\n<meta name=\"twitter:card\" content=\"summary_large_image\" \/>\n<meta name=\"twitter:label1\" content=\"Becs\u00fclt olvas\u00e1si id\u0151\" \/>\n\t<meta name=\"twitter:data1\" content=\"1 perc\" \/>\n<script type=\"application\/ld+json\" class=\"yoast-schema-graph\">{\"@context\":\"https:\/\/schema.org\",\"@graph\":[{\"@type\":\"WebPage\",\"@id\":\"https:\/\/testwebsite.citygame.com\/hu\/games\/leiden\/secrets-of-leiden\/\",\"url\":\"https:\/\/testwebsite.citygame.com\/hu\/games\/leiden\/secrets-of-leiden\/\",\"name\":\"Secrets of Leiden - City Game\",\"isPartOf\":{\"@id\":\"https:\/\/testwebsite.upevents.nl\/#website\"},\"primaryImageOfPage\":{\"@id\":\"https:\/\/testwebsite.citygame.com\/hu\/games\/leiden\/secrets-of-leiden\/#primaryimage\"},\"image\":{\"@id\":\"https:\/\/testwebsite.citygame.com\/hu\/games\/leiden\/secrets-of-leiden\/#primaryimage\"},\"thumbnailUrl\":\"https:\/\/testwebsite.citygame.com\/wp-content\/blogs.dir\/1\/files\/sites\/62\/2026\/01\/man-playing-city-game-leiden-square.jpg\",\"datePublished\":\"2026-01-27T11:02:57+00:00\",\"dateModified\":\"2026-04-08T02:47:53+00:00\",\"description\":\"Secrets of Leiden. J\u00e1tsszon egy \u00f6nvezet\u0151 City Game-et, \u00e9s fedezze fel a v\u00e1rost rejtv\u00e9nyek, tal\u00e1l\u00f3s k\u00e9rd\u00e9sek \u00e9s kih\u00edv\u00e1sok seg\u00edts\u00e9g\u00e9vel. J\u00e1tsszon a saj\u00e1t temp\u00f3j\u00e1ban, \u00e9s fedezze fel a v\u00e1rost, mint egy helyi!\",\"breadcrumb\":{\"@id\":\"https:\/\/testwebsite.citygame.com\/hu\/games\/leiden\/secrets-of-leiden\/#breadcrumb\"},\"inLanguage\":\"hu\",\"potentialAction\":[{\"@type\":\"ReadAction\",\"target\":[\"https:\/\/testwebsite.citygame.com\/hu\/games\/leiden\/secrets-of-leiden\/\"]}]},{\"@type\":\"ImageObject\",\"inLanguage\":\"hu\",\"@id\":\"https:\/\/testwebsite.citygame.com\/hu\/games\/leiden\/secrets-of-leiden\/#primaryimage\",\"url\":\"https:\/\/testwebsite.citygame.com\/wp-content\/blogs.dir\/1\/files\/sites\/62\/2026\/01\/man-playing-city-game-leiden-square.jpg\",\"contentUrl\":\"https:\/\/testwebsite.citygame.com\/wp-content\/blogs.dir\/1\/files\/sites\/62\/2026\/01\/man-playing-city-game-leiden-square.jpg\",\"width\":736,\"height\":1408,\"caption\":\"A tourist uses a mobile app to explore a historic city square in Leiden, Netherlands.\"},{\"@type\":\"BreadcrumbList\",\"@id\":\"https:\/\/testwebsite.citygame.com\/hu\/games\/leiden\/secrets-of-leiden\/#breadcrumb\",\"itemListElement\":[{\"@type\":\"ListItem\",\"position\":1,\"name\":\"Home\",\"item\":\"https:\/\/testwebsite.citygame.com\/hu\/\"},{\"@type\":\"ListItem\",\"position\":2,\"name\":\"Shop\",\"item\":\"https:\/\/testwebsite.citygame.com\/shop\/\"},{\"@type\":\"ListItem\",\"position\":3,\"name\":\"Secrets of Leiden\"}]},{\"@type\":\"WebSite\",\"@id\":\"https:\/\/testwebsite.upevents.nl\/#website\",\"url\":\"https:\/\/testwebsite.upevents.nl\/\",\"name\":\"City Game\",\"description\":\"\",\"publisher\":{\"@id\":\"https:\/\/testwebsite.upevents.nl\/#organization\"},\"alternateName\":\"citygame.com\",\"potentialAction\":[{\"@type\":\"SearchAction\",\"target\":{\"@type\":\"EntryPoint\",\"urlTemplate\":\"https:\/\/testwebsite.upevents.nl\/?s={search_term_string}\"},\"query-input\":{\"@type\":\"PropertyValueSpecification\",\"valueRequired\":true,\"valueName\":\"search_term_string\"}}],\"inLanguage\":\"hu\"},{\"@type\":[\"Organization\",\"Place\"],\"@id\":\"https:\/\/testwebsite.upevents.nl\/#organization\",\"name\":\"City Game\",\"alternateName\":\"citygame.com\",\"url\":\"https:\/\/testwebsite.upevents.nl\/\",\"logo\":{\"@id\":\"https:\/\/testwebsite.citygame.com\/hu\/games\/leiden\/secrets-of-leiden\/#local-main-organization-logo\"},\"image\":{\"@id\":\"https:\/\/testwebsite.citygame.com\/hu\/games\/leiden\/secrets-of-leiden\/#local-main-organization-logo\"},\"sameAs\":[\"https:\/\/www.facebook.com\/profile.php?id=100086426226253\",\"https:\/\/www.instagram.com\/citygame_com\",\"https:\/\/www.tiktok.com\/@citygamecom\/\",\"https:\/\/www.linkedin.com\/company\/citygame-com\"],\"description\":\"Turn any city into a playground with our interactive City Games and self-guided tours. Fun, flexible, and ideal for groups and team building.\",\"telephone\":[],\"openingHoursSpecification\":[{\"@type\":\"OpeningHoursSpecification\",\"dayOfWeek\":[\"Monday\",\"Tuesday\",\"Wednesday\",\"Thursday\",\"Friday\",\"Saturday\",\"Sunday\"],\"opens\":\"09:00\",\"closes\":\"17:00\"}]},{\"@type\":\"ImageObject\",\"inLanguage\":\"hu\",\"@id\":\"https:\/\/testwebsite.citygame.com\/hu\/games\/leiden\/secrets-of-leiden\/#local-main-organization-logo\",\"url\":\"https:\/\/testwebsite.citygame.com\/wp-content\/blogs.dir\/1\/files\/sites\/62\/2025\/10\/CG_LOGO-City-Game.png\",\"contentUrl\":\"https:\/\/testwebsite.citygame.com\/wp-content\/blogs.dir\/1\/files\/sites\/62\/2025\/10\/CG_LOGO-City-Game.png\",\"width\":351,\"height\":377,\"caption\":\"City Game\"}]}<\/script>\n<!-- \/ Yoast SEO Premium plugin. -->","yoast_head_json":{"title":"Secrets of Leiden - City Game","description":"Secrets of Leiden. J\u00e1tsszon egy \u00f6nvezet\u0151 City Game-et, \u00e9s fedezze fel a v\u00e1rost rejtv\u00e9nyek, tal\u00e1l\u00f3s k\u00e9rd\u00e9sek \u00e9s kih\u00edv\u00e1sok seg\u00edts\u00e9g\u00e9vel. J\u00e1tsszon a saj\u00e1t temp\u00f3j\u00e1ban, \u00e9s fedezze fel a v\u00e1rost, mint egy helyi!","robots":{"index":"noindex","follow":"follow","max-snippet":"max-snippet:-1","max-image-preview":"max-image-preview:large","max-video-preview":"max-video-preview:-1"},"og_locale":"hu_HU","og_type":"article","og_title":"Secrets of Leiden","og_description":"Secrets of Leiden. J\u00e1tsszon egy \u00f6nvezet\u0151 City Game-et, \u00e9s fedezze fel a v\u00e1rost rejtv\u00e9nyek, tal\u00e1l\u00f3s k\u00e9rd\u00e9sek \u00e9s kih\u00edv\u00e1sok seg\u00edts\u00e9g\u00e9vel. J\u00e1tsszon a saj\u00e1t temp\u00f3j\u00e1ban, \u00e9s fedezze fel a v\u00e1rost, mint egy helyi!","og_url":"https:\/\/testwebsite.citygame.com\/hu\/games\/leiden\/secrets-of-leiden\/","og_site_name":"City Game","article_publisher":"https:\/\/www.facebook.com\/profile.php?id=100086426226253","article_modified_time":"2026-04-08T02:47:53+00:00","og_image":[{"width":736,"height":1408,"url":"https:\/\/testwebsite.citygame.com\/wp-content\/blogs.dir\/1\/files\/sites\/62\/2026\/01\/man-playing-city-game-leiden-square.jpg","type":"image\/jpeg"}],"twitter_card":"summary_large_image","twitter_misc":{"Becs\u00fclt olvas\u00e1si id\u0151":"1 perc"},"schema":{"@context":"https:\/\/schema.org","@graph":[{"@type":"WebPage","@id":"https:\/\/testwebsite.citygame.com\/hu\/games\/leiden\/secrets-of-leiden\/","url":"https:\/\/testwebsite.citygame.com\/hu\/games\/leiden\/secrets-of-leiden\/","name":"Secrets of Leiden - City Game","isPartOf":{"@id":"https:\/\/testwebsite.upevents.nl\/#website"},"primaryImageOfPage":{"@id":"https:\/\/testwebsite.citygame.com\/hu\/games\/leiden\/secrets-of-leiden\/#primaryimage"},"image":{"@id":"https:\/\/testwebsite.citygame.com\/hu\/games\/leiden\/secrets-of-leiden\/#primaryimage"},"thumbnailUrl":"https:\/\/testwebsite.citygame.com\/wp-content\/blogs.dir\/1\/files\/sites\/62\/2026\/01\/man-playing-city-game-leiden-square.jpg","datePublished":"2026-01-27T11:02:57+00:00","dateModified":"2026-04-08T02:47:53+00:00","description":"Secrets of Leiden. J\u00e1tsszon egy \u00f6nvezet\u0151 City Game-et, \u00e9s fedezze fel a v\u00e1rost rejtv\u00e9nyek, tal\u00e1l\u00f3s k\u00e9rd\u00e9sek \u00e9s kih\u00edv\u00e1sok seg\u00edts\u00e9g\u00e9vel. J\u00e1tsszon a saj\u00e1t temp\u00f3j\u00e1ban, \u00e9s fedezze fel a v\u00e1rost, mint egy helyi!","breadcrumb":{"@id":"https:\/\/testwebsite.citygame.com\/hu\/games\/leiden\/secrets-of-leiden\/#breadcrumb"},"inLanguage":"hu","potentialAction":[{"@type":"ReadAction","target":["https:\/\/testwebsite.citygame.com\/hu\/games\/leiden\/secrets-of-leiden\/"]}]},{"@type":"ImageObject","inLanguage":"hu","@id":"https:\/\/testwebsite.citygame.com\/hu\/games\/leiden\/secrets-of-leiden\/#primaryimage","url":"https:\/\/testwebsite.citygame.com\/wp-content\/blogs.dir\/1\/files\/sites\/62\/2026\/01\/man-playing-city-game-leiden-square.jpg","contentUrl":"https:\/\/testwebsite.citygame.com\/wp-content\/blogs.dir\/1\/files\/sites\/62\/2026\/01\/man-playing-city-game-leiden-square.jpg","width":736,"height":1408,"caption":"A tourist uses a mobile app to explore a historic city square in Leiden, Netherlands."},{"@type":"BreadcrumbList","@id":"https:\/\/testwebsite.citygame.com\/hu\/games\/leiden\/secrets-of-leiden\/#breadcrumb","itemListElement":[{"@type":"ListItem","position":1,"name":"Home","item":"https:\/\/testwebsite.citygame.com\/hu\/"},{"@type":"ListItem","position":2,"name":"Shop","item":"https:\/\/testwebsite.citygame.com\/shop\/"},{"@type":"ListItem","position":3,"name":"Secrets of Leiden"}]},{"@type":"WebSite","@id":"https:\/\/testwebsite.upevents.nl\/#website","url":"https:\/\/testwebsite.upevents.nl\/","name":"City Game","description":"","publisher":{"@id":"https:\/\/testwebsite.upevents.nl\/#organization"},"alternateName":"citygame.com","potentialAction":[{"@type":"SearchAction","target":{"@type":"EntryPoint","urlTemplate":"https:\/\/testwebsite.upevents.nl\/?s={search_term_string}"},"query-input":{"@type":"PropertyValueSpecification","valueRequired":true,"valueName":"search_term_string"}}],"inLanguage":"hu"},{"@type":["Organization","Place"],"@id":"https:\/\/testwebsite.upevents.nl\/#organization","name":"City Game","alternateName":"citygame.com","url":"https:\/\/testwebsite.upevents.nl\/","logo":{"@id":"https:\/\/testwebsite.citygame.com\/hu\/games\/leiden\/secrets-of-leiden\/#local-main-organization-logo"},"image":{"@id":"https:\/\/testwebsite.citygame.com\/hu\/games\/leiden\/secrets-of-leiden\/#local-main-organization-logo"},"sameAs":["https:\/\/www.facebook.com\/profile.php?id=100086426226253","https:\/\/www.instagram.com\/citygame_com","https:\/\/www.tiktok.com\/@citygamecom\/","https:\/\/www.linkedin.com\/company\/citygame-com"],"description":"Turn any city into a playground with our interactive City Games and self-guided tours. Fun, flexible, and ideal for groups and team building.","telephone":[],"openingHoursSpecification":[{"@type":"OpeningHoursSpecification","dayOfWeek":["Monday","Tuesday","Wednesday","Thursday","Friday","Saturday","Sunday"],"opens":"09:00","closes":"17:00"}]},{"@type":"ImageObject","inLanguage":"hu","@id":"https:\/\/testwebsite.citygame.com\/hu\/games\/leiden\/secrets-of-leiden\/#local-main-organization-logo","url":"https:\/\/testwebsite.citygame.com\/wp-content\/blogs.dir\/1\/files\/sites\/62\/2025\/10\/CG_LOGO-City-Game.png","contentUrl":"https:\/\/testwebsite.citygame.com\/wp-content\/blogs.dir\/1\/files\/sites\/62\/2025\/10\/CG_LOGO-City-Game.png","width":351,"height":377,"caption":"City Game"}]}},"taxonomy_info":{"game-concept":[{"value":715,"label":"Secrets"}],"location":[{"value":239,"label":"Leiden"}],"product_cat":[{"value":27,"label":"Geen categorie"}]},"featured_image_src_large":["https:\/\/testwebsite.citygame.com\/wp-content\/blogs.dir\/1\/files\/sites\/62\/2026\/01\/man-playing-city-game-leiden-square-535x1024.jpg",535,1024,true],"author_info":[],"comment_info":"","_links":{"self":[{"href":"https:\/\/testwebsite.citygame.com\/hu\/wp-json\/wp\/v2\/product\/58761","targetHints":{"allow":["GET"]}}],"collection":[{"href":"https:\/\/testwebsite.citygame.com\/hu\/wp-json\/wp\/v2\/product"}],"about":[{"href":"https:\/\/testwebsite.citygame.com\/hu\/wp-json\/wp\/v2\/types\/product"}],"acf:post":[{"embeddable":true,"href":"https:\/\/testwebsite.citygame.com\/hu\/wp-json\/wp\/v2\/pages\/4622"}],"wp:featuredmedia":[{"embeddable":true,"href":"https:\/\/testwebsite.citygame.com\/hu\/wp-json\/wp\/v2\/media\/4644"}],"wp:attachment":[{"href":"https:\/\/testwebsite.citygame.com\/hu\/wp-json\/wp\/v2\/media?parent=58761"}],"wp:term":[{"taxonomy":"game-concept","embeddable":true,"href":"https:\/\/testwebsite.citygame.com\/hu\/wp-json\/wp\/v2\/game-concept?post=58761"},{"taxonomy":"location","embeddable":true,"href":"https:\/\/testwebsite.citygame.com\/hu\/wp-json\/wp\/v2\/location?post=58761"},{"taxonomy":"product_brand","embeddable":true,"href":"https:\/\/testwebsite.citygame.com\/hu\/wp-json\/wp\/v2\/product_brand?post=58761"},{"taxonomy":"product_cat","embeddable":true,"href":"https:\/\/testwebsite.citygame.com\/hu\/wp-json\/wp\/v2\/product_cat?post=58761"},{"taxonomy":"product_tag","embeddable":true,"href":"https:\/\/testwebsite.citygame.com\/hu\/wp-json\/wp\/v2\/product_tag?post=58761"}],"curies":[{"name":"wp","href":"https:\/\/api.w.org\/{rel}","templated":true}]}}