{"id":58597,"date":"2026-02-19T13:07:57","date_gmt":"2026-02-19T13:07:57","guid":{"rendered":"https:\/\/testwebsite.citygame.com\/games\/unknown-location\/sherlock-holmes-skopje\/"},"modified":"2026-04-08T02:31:11","modified_gmt":"2026-04-08T02:31:11","slug":"sherlock-holmes-skopje","status":"publish","type":"product","link":"https:\/\/testwebsite.citygame.com\/hu\/games\/skopje\/sherlock-holmes-skopje\/","title":{"rendered":"Sherlock Holmes Skopje"},"content":{"rendered":"<p>V\u00e1gj bele egy mag\u00e1val ragad\u00f3 utaz\u00e1sba Szkopje belv\u00e1ros\u00e1ban, elmer\u00fclve Sherlock Holmes vil\u00e1g\u00e1ban, mik\u00f6zben r\u00e9szt veszel egy \u00f6nvezet\u0151, t\u00f6rt\u00e9netk\u00f6zpont\u00fa gyilkoss\u00e1gi rejt\u00e9ly City Game-ben. J\u00e1rja be a v\u00e1rost, amely egy leny\u0171g\u00f6z\u0151 nyomoz\u00e1s h\u00e1tter\u00e9\u00fcl szolg\u00e1l, k\u00f6vetve egy kibontakoz\u00f3 narrat\u00edv\u00e1t, amely \u00e9ppoly lebilincsel\u0151, mint amennyire rejt\u00e9lyes. Ahogy a Szabads\u00e1g Fesztiv\u00e1lon t\u00f6rt\u00e9nt gyilkoss\u00e1g intrik\u00e1k h\u00e1l\u00f3j\u00e1ba vonja a v\u00e1rost, nyomokat gy\u0171jtesz, elgondolkodtat\u00f3 fejt\u00f6r\u0151ket oldasz meg \u00e9s digit\u00e1lis gyan\u00fas\u00edtottakat hallgatsz ki, mik\u00f6zben elmer\u00fclsz Sherlock Holmes rejt\u00e9lyes t\u00f6rt\u00e9neteiben. A szabadon v\u00e1laszthat\u00f3 temp\u00f3val ez a City Game felejthetetlen detekt\u00edv\u00e9lm\u00e9nyt k\u00edn\u00e1l, Szkopj\u00e9t a szem\u00e9lyes b\u0171nt\u00e9ny helysz\u00edn\u00e9v\u00e9 v\u00e1ltoztatva.<\/p>\n","protected":false},"excerpt":{"rendered":"<p>L\u00e9pj Sherlock Holmes izgalmas szerep\u00e9be Szkopj\u00e9ban, belevetve magad egy izgalmas, \u00f6nvezet\u0151 gyilkoss\u00e1gi rejt\u00e9lybe, amely ebben a leny\u0171g\u00f6z\u0151 v\u00e1rosban j\u00e1tsz\u00f3dik. Navig\u00e1lj \u00e1t nyomok \u00e9s fejt\u00f6r\u0151k \u00fatveszt\u0151j\u00e9n a csapatoddal, s\u00fcrg\u0151sen \u00f6sszerakva az igazs\u00e1got az \u00e1rny\u00e9kos b\u0171ncselekm\u00e9nyek m\u00f6g\u00f6tt, a kih\u00edv\u00e1s v\u00e1r r\u00e1d!<\/p>\n","protected":false},"featured_media":14898,"template":"","meta":{"_acf_changed":false,"_yoast_wpseo_focuskw":"Sherlock Holmes Skopje","_yoast_wpseo_metadesc":"Sherlock Holmes Skopje. J\u00e1tssz egy \u00f6nvezet\u0151 gyilkoss\u00e1gi rejt\u00e9ly City Game-et, oldj meg fejt\u00f6r\u0151ket, k\u00f6vess nyomokat \u00e9s fedezd fel a gyilkost a saj\u00e1t temp\u00f3dban!","_kad_blocks_custom_css":"","_kad_blocks_head_custom_js":"","_kad_blocks_body_custom_js":"","_kad_blocks_footer_custom_js":"","ghostkit_customizer_options":"","ghostkit_custom_css":"","ghostkit_custom_js_head":"","ghostkit_custom_js_foot":"","ghostkit_typography":"","_kad_post_transparent":"","_kad_post_title":"","_kad_post_layout":"","_kad_post_sidebar_id":"","_kad_post_content_style":"","_kad_post_vertical_padding":"","_kad_post_feature":"","_kad_post_feature_position":"","_kad_post_header":false,"_kad_post_footer":false,"_kad_post_classname":"","_links_to":"","_links_to_target":""},"game-concept":[776],"location":[372],"product_brand":[],"product_cat":[27],"product_tag":[],"class_list":{"0":"post-58597","1":"product","2":"type-product","3":"status-publish","4":"has-post-thumbnail","6":"game-concept-sherlock","7":"location-skopje","8":"product_cat-geen-categorie","10":"first","11":"instock","12":"shipping-taxable","13":"purchasable","14":"product-type-simple","15":"entry","16":"content-bg","17":"loop-entry"},"acf":{"full_bokun_product_name":"Skopje Self-Guided Sherlock Holmes Murder Mystery Game","location_name":"Skopje","bokun_calendar_widget_code":"<script type=\"text\/javascript\" src=\"https:\/\/widgets.bokun.io\/assets\/javascripts\/apps\/build\/BokunWidgetsLoader.js?bookingChannelUUID=a1e93e96-5232-4734-a595-28405f4b5a31\" async><\/script>\n     \n    <div class=\"bokunWidget\" data-src=\"https:\/\/widgets.bokun.io\/online-sales\/a1e93e96-5232-4734-a595-28405f4b5a31\/experience-calendar\/771711\"><\/div>\n    <noscript>Please enable javascript in your browser to book<\/noscript>","bokun_button_widget_code":"<script type=\"text\/javascript\" src=\"https:\/\/widgets.bokun.io\/assets\/javascripts\/apps\/build\/BokunWidgetsLoader.js?bookingChannelUUID=a1e93e96-5232-4734-a595-28405f4b5a31\" async><\/script>\n      <style> #bokun_ed001e45_5927_4f62_b470_ca766338d083 { display: inline-block; padding: .4em 1em; background: #47b82e; border-radius: 999999px; box-shadow: none; font-weight: 600; font-size: 24px; text-decoration: none; text-align: center; color: #FFFFFF; border:none; cursor: pointer; transition: background .2s ease; } #bokun_ed001e45_5927_4f62_b470_ca766338d083:hover{ background: #2f7b1f; } #bokun_ed001e45_5927_4f62_b470_ca766338d083:active{ background: #378f24; } <\/style> <button class=\"bokunButton\" disabled id=bokun_ed001e45_5927_4f62_b470_ca766338d083 data-src=\"https:\/\/widgets.bokun.io\/online-sales\/a1e93e96-5232-4734-a595-28405f4b5a31\/experience-calendar\/771711?partialView=1\" data-testid=\"widget-book-button\" > Book now <\/button> ","what_you\u2019ll_experience_during_the_game":"Att\u00f3l a pillanatt\u00f3l kezdve, hogy beteszed a l\u00e1bad Szkopj\u00e9ba, egy mag\u00e1val ragad\u00f3 detekt\u00edvt\u00f6rt\u00e9netbe cs\u00f6ppensz. Navig\u00e1lj a v\u00e1ros \u00e9p\u00fcleteinek \u00fatveszt\u0151j\u00e9ben, ahol a nyomoz\u00e1sod minden utc\u00e1n \u00e9s sik\u00e1torban kibontakozik. Mik\u00f6zben egyik helysz\u00ednr\u0151l a m\u00e1sikra haladsz, csendesen elrejtett nyomokra bukkansz, elgondolkodtat\u00f3 fejt\u00f6r\u0151ket oldasz meg, \u00e9s v\u00e1ratlan fordulatokkal szembes\u00fclsz, amelyek pr\u00f3b\u00e1ra teszik kritikai gondolkod\u00e1sodat, megfigyel\u0151k\u00e9pess\u00e9gedet \u00e9s dedukci\u00f3s k\u00e9pess\u00e9geidet. A feladatod nem csup\u00e1n egy s\u00e9ta, hanem egy k\u00fcldet\u00e9s egy gyilkoss\u00e1gi \u00fcgy felder\u00edt\u00e9s\u00e9re: digit\u00e1lis gyan\u00fas\u00edtottakat hallgatsz ki, elemzed alibij\u00fcket vagy ellentmond\u00e1saikat, \u00e9s felfeded az igazs\u00e1got. \n\nA Sherlock Holmes City Game teljesen t\u00f6rt\u00e9netk\u00f6zpont\u00fa \u00e9s nem line\u00e1ris \u00e9lm\u00e9ny, amely belevon Szkopje sz\u00edv\u00e9be, ahol a Szabads\u00e1g Fesztiv\u00e1l alatt gyilkoss\u00e1g t\u00f6rt\u00e9nt. A rejt\u00e9ly megold\u00e1s\u00e1nak kulcsa mag\u00e1ban a v\u00e1rosban rejlik, mindig a fesz\u00fclts\u00e9ggel teli k\u00e9rd\u00e9ssel: mi is t\u00f6rt\u00e9nt val\u00f3j\u00e1ban? Ha csapatban szeretn\u00e9l j\u00e1tszani \u00e9s versenyszer\u0171 \u00e9lm\u00e9nny\u00e9 alak\u00edtani a nyomoz\u00e1st, szeretettel v\u00e1runk. De ne feledd, teljes m\u00e9rt\u00e9kben te ir\u00e1ny\u00edtasz, saj\u00e1t temp\u00f3dban j\u00e1tszhatsz, \u00e9s sz\u00fcks\u00e9g eset\u00e9n b\u00e1rmikor sz\u00fcneteltetheted \u00e9s folytathatod a nyomoz\u00e1st. V\u00e9g\u00fcl, ak\u00e1r egyed\u00fcl, ak\u00e1r csapatban j\u00e1tszol, te vagy a detekt\u00edv, \u00e9s Szkopje a sz\u00ednpadod. K\u00fcldet\u00e9sed, ha \u00fagy d\u00f6ntesz, elfogadod, hogy felfedd a v\u00e1ros ny\u00fczsg\u0151 utc\u00e1i k\u00f6z\u00f6tt rejl\u0151 igazs\u00e1got.","how_to_play":"J\u00e1tssz egyed\u00fcl, vagy bar\u00e1tokkal, csal\u00e1ddal, koll\u00e9g\u00e1kkal, legfeljebb n\u00e9gyf\u0151s csapatokban egy eszk\u00f6z\u00f6n. A foglal\u00e1s ut\u00e1n egy \u00fatmutat\u00f3 emailt kapsz mindennel, amire sz\u00fcks\u00e9ged lesz.","start_location":"Skopje, Museum of the City of Skopje","available_languages":["en","es","fr","de","it","nl"],"players_per_group":"1-4","duration":"1.5-2 hours","image_overlay_color_image":"https:\/\/testwebsite.citygame.com\/wp-content\/blogs.dir\/1\/files\/sites\/62\/2026\/01\/SherlockColor.svg","image_overlay_game_logo":"https:\/\/testwebsite.citygame.com\/wp-content\/blogs.dir\/1\/files\/sites\/62\/2026\/01\/SherlockLogo.png","city_page":12265,"woocommerce_general_content":null},"yoast_head":"<!-- This site is optimized with the Yoast SEO Premium plugin v26.2 (Yoast SEO v26.3) - https:\/\/yoast.com\/wordpress\/plugins\/seo\/ -->\n<title>Sherlock Holmes Skopje - City Game<\/title>\n<meta name=\"description\" content=\"Sherlock Holmes Skopje. J\u00e1tssz egy \u00f6nvezet\u0151 gyilkoss\u00e1gi rejt\u00e9ly City Game-et, oldj meg fejt\u00f6r\u0151ket, k\u00f6vess nyomokat \u00e9s fedezd fel a gyilkost a saj\u00e1t temp\u00f3dban!\" \/>\n<meta name=\"robots\" content=\"noindex, follow, max-snippet:-1, max-image-preview:large, max-video-preview:-1\" \/>\n<meta property=\"og:locale\" content=\"hu_HU\" \/>\n<meta property=\"og:type\" content=\"article\" \/>\n<meta property=\"og:title\" content=\"Sherlock Holmes Skopje\" \/>\n<meta property=\"og:description\" content=\"Sherlock Holmes Skopje. J\u00e1tssz egy \u00f6nvezet\u0151 gyilkoss\u00e1gi rejt\u00e9ly City Game-et, oldj meg fejt\u00f6r\u0151ket, k\u00f6vess nyomokat \u00e9s fedezd fel a gyilkost a saj\u00e1t temp\u00f3dban!\" \/>\n<meta property=\"og:url\" content=\"https:\/\/testwebsite.citygame.com\/hu\/games\/skopje\/sherlock-holmes-skopje\/\" \/>\n<meta property=\"og:site_name\" content=\"City Game\" \/>\n<meta property=\"article:publisher\" content=\"https:\/\/www.facebook.com\/profile.php?id=100086426226253\" \/>\n<meta property=\"article:modified_time\" content=\"2026-04-08T02:31:11+00:00\" \/>\n<meta property=\"og:image\" content=\"https:\/\/testwebsite.citygame.com\/wp-content\/blogs.dir\/1\/files\/sites\/62\/2026\/02\/woman-playing-sherlock-city-game-on-phone-in-toy-store-skopje.jpg\" \/>\n\t<meta property=\"og:image:width\" content=\"1024\" \/>\n\t<meta property=\"og:image:height\" content=\"1024\" \/>\n\t<meta property=\"og:image:type\" content=\"image\/jpeg\" \/>\n<meta name=\"twitter:card\" content=\"summary_large_image\" \/>\n<meta name=\"twitter:label1\" content=\"Becs\u00fclt olvas\u00e1si id\u0151\" \/>\n\t<meta name=\"twitter:data1\" content=\"1 perc\" \/>\n<script type=\"application\/ld+json\" class=\"yoast-schema-graph\">{\"@context\":\"https:\/\/schema.org\",\"@graph\":[{\"@type\":\"WebPage\",\"@id\":\"https:\/\/testwebsite.citygame.com\/hu\/games\/skopje\/sherlock-holmes-skopje\/\",\"url\":\"https:\/\/testwebsite.citygame.com\/hu\/games\/skopje\/sherlock-holmes-skopje\/\",\"name\":\"Sherlock Holmes Skopje - City Game\",\"isPartOf\":{\"@id\":\"https:\/\/testwebsite.upevents.nl\/#website\"},\"primaryImageOfPage\":{\"@id\":\"https:\/\/testwebsite.citygame.com\/hu\/games\/skopje\/sherlock-holmes-skopje\/#primaryimage\"},\"image\":{\"@id\":\"https:\/\/testwebsite.citygame.com\/hu\/games\/skopje\/sherlock-holmes-skopje\/#primaryimage\"},\"thumbnailUrl\":\"https:\/\/testwebsite.citygame.com\/wp-content\/blogs.dir\/1\/files\/sites\/62\/2026\/02\/woman-playing-sherlock-city-game-on-phone-in-toy-store-skopje.jpg\",\"datePublished\":\"2026-02-19T13:07:57+00:00\",\"dateModified\":\"2026-04-08T02:31:11+00:00\",\"description\":\"Sherlock Holmes Skopje. J\u00e1tssz egy \u00f6nvezet\u0151 gyilkoss\u00e1gi rejt\u00e9ly City Game-et, oldj meg fejt\u00f6r\u0151ket, k\u00f6vess nyomokat \u00e9s fedezd fel a gyilkost a saj\u00e1t temp\u00f3dban!\",\"breadcrumb\":{\"@id\":\"https:\/\/testwebsite.citygame.com\/hu\/games\/skopje\/sherlock-holmes-skopje\/#breadcrumb\"},\"inLanguage\":\"hu\",\"potentialAction\":[{\"@type\":\"ReadAction\",\"target\":[\"https:\/\/testwebsite.citygame.com\/hu\/games\/skopje\/sherlock-holmes-skopje\/\"]}]},{\"@type\":\"ImageObject\",\"inLanguage\":\"hu\",\"@id\":\"https:\/\/testwebsite.citygame.com\/hu\/games\/skopje\/sherlock-holmes-skopje\/#primaryimage\",\"url\":\"https:\/\/testwebsite.citygame.com\/wp-content\/blogs.dir\/1\/files\/sites\/62\/2026\/02\/woman-playing-sherlock-city-game-on-phone-in-toy-store-skopje.jpg\",\"contentUrl\":\"https:\/\/testwebsite.citygame.com\/wp-content\/blogs.dir\/1\/files\/sites\/62\/2026\/02\/woman-playing-sherlock-city-game-on-phone-in-toy-store-skopje.jpg\",\"width\":1024,\"height\":1024,\"caption\":\"A player uses her smartphone to solve clues while exploring a local store in Skopje.\"},{\"@type\":\"BreadcrumbList\",\"@id\":\"https:\/\/testwebsite.citygame.com\/hu\/games\/skopje\/sherlock-holmes-skopje\/#breadcrumb\",\"itemListElement\":[{\"@type\":\"ListItem\",\"position\":1,\"name\":\"Home\",\"item\":\"https:\/\/testwebsite.citygame.com\/hu\/\"},{\"@type\":\"ListItem\",\"position\":2,\"name\":\"Shop\",\"item\":\"https:\/\/testwebsite.citygame.com\/shop\/\"},{\"@type\":\"ListItem\",\"position\":3,\"name\":\"Sherlock Holmes Skopje\"}]},{\"@type\":\"WebSite\",\"@id\":\"https:\/\/testwebsite.upevents.nl\/#website\",\"url\":\"https:\/\/testwebsite.upevents.nl\/\",\"name\":\"City Game\",\"description\":\"\",\"publisher\":{\"@id\":\"https:\/\/testwebsite.upevents.nl\/#organization\"},\"alternateName\":\"citygame.com\",\"potentialAction\":[{\"@type\":\"SearchAction\",\"target\":{\"@type\":\"EntryPoint\",\"urlTemplate\":\"https:\/\/testwebsite.upevents.nl\/?s={search_term_string}\"},\"query-input\":{\"@type\":\"PropertyValueSpecification\",\"valueRequired\":true,\"valueName\":\"search_term_string\"}}],\"inLanguage\":\"hu\"},{\"@type\":[\"Organization\",\"Place\"],\"@id\":\"https:\/\/testwebsite.upevents.nl\/#organization\",\"name\":\"City Game\",\"alternateName\":\"citygame.com\",\"url\":\"https:\/\/testwebsite.upevents.nl\/\",\"logo\":{\"@id\":\"https:\/\/testwebsite.citygame.com\/hu\/games\/skopje\/sherlock-holmes-skopje\/#local-main-organization-logo\"},\"image\":{\"@id\":\"https:\/\/testwebsite.citygame.com\/hu\/games\/skopje\/sherlock-holmes-skopje\/#local-main-organization-logo\"},\"sameAs\":[\"https:\/\/www.facebook.com\/profile.php?id=100086426226253\",\"https:\/\/www.instagram.com\/citygame_com\",\"https:\/\/www.tiktok.com\/@citygamecom\/\",\"https:\/\/www.linkedin.com\/company\/citygame-com\"],\"description\":\"Turn any city into a playground with our interactive City Games and self-guided tours. Fun, flexible, and ideal for groups and team building.\",\"telephone\":[],\"openingHoursSpecification\":[{\"@type\":\"OpeningHoursSpecification\",\"dayOfWeek\":[\"Monday\",\"Tuesday\",\"Wednesday\",\"Thursday\",\"Friday\",\"Saturday\",\"Sunday\"],\"opens\":\"09:00\",\"closes\":\"17:00\"}]},{\"@type\":\"ImageObject\",\"inLanguage\":\"hu\",\"@id\":\"https:\/\/testwebsite.citygame.com\/hu\/games\/skopje\/sherlock-holmes-skopje\/#local-main-organization-logo\",\"url\":\"https:\/\/testwebsite.citygame.com\/wp-content\/blogs.dir\/1\/files\/sites\/62\/2025\/10\/CG_LOGO-City-Game.png\",\"contentUrl\":\"https:\/\/testwebsite.citygame.com\/wp-content\/blogs.dir\/1\/files\/sites\/62\/2025\/10\/CG_LOGO-City-Game.png\",\"width\":351,\"height\":377,\"caption\":\"City Game\"}]}<\/script>\n<!-- \/ Yoast SEO Premium plugin. -->","yoast_head_json":{"title":"Sherlock Holmes Skopje - City Game","description":"Sherlock Holmes Skopje. J\u00e1tssz egy \u00f6nvezet\u0151 gyilkoss\u00e1gi rejt\u00e9ly City Game-et, oldj meg fejt\u00f6r\u0151ket, k\u00f6vess nyomokat \u00e9s fedezd fel a gyilkost a saj\u00e1t temp\u00f3dban!","robots":{"index":"noindex","follow":"follow","max-snippet":"max-snippet:-1","max-image-preview":"max-image-preview:large","max-video-preview":"max-video-preview:-1"},"og_locale":"hu_HU","og_type":"article","og_title":"Sherlock Holmes Skopje","og_description":"Sherlock Holmes Skopje. J\u00e1tssz egy \u00f6nvezet\u0151 gyilkoss\u00e1gi rejt\u00e9ly City Game-et, oldj meg fejt\u00f6r\u0151ket, k\u00f6vess nyomokat \u00e9s fedezd fel a gyilkost a saj\u00e1t temp\u00f3dban!","og_url":"https:\/\/testwebsite.citygame.com\/hu\/games\/skopje\/sherlock-holmes-skopje\/","og_site_name":"City Game","article_publisher":"https:\/\/www.facebook.com\/profile.php?id=100086426226253","article_modified_time":"2026-04-08T02:31:11+00:00","og_image":[{"width":1024,"height":1024,"url":"https:\/\/testwebsite.citygame.com\/wp-content\/blogs.dir\/1\/files\/sites\/62\/2026\/02\/woman-playing-sherlock-city-game-on-phone-in-toy-store-skopje.jpg","type":"image\/jpeg"}],"twitter_card":"summary_large_image","twitter_misc":{"Becs\u00fclt olvas\u00e1si id\u0151":"1 perc"},"schema":{"@context":"https:\/\/schema.org","@graph":[{"@type":"WebPage","@id":"https:\/\/testwebsite.citygame.com\/hu\/games\/skopje\/sherlock-holmes-skopje\/","url":"https:\/\/testwebsite.citygame.com\/hu\/games\/skopje\/sherlock-holmes-skopje\/","name":"Sherlock Holmes Skopje - City Game","isPartOf":{"@id":"https:\/\/testwebsite.upevents.nl\/#website"},"primaryImageOfPage":{"@id":"https:\/\/testwebsite.citygame.com\/hu\/games\/skopje\/sherlock-holmes-skopje\/#primaryimage"},"image":{"@id":"https:\/\/testwebsite.citygame.com\/hu\/games\/skopje\/sherlock-holmes-skopje\/#primaryimage"},"thumbnailUrl":"https:\/\/testwebsite.citygame.com\/wp-content\/blogs.dir\/1\/files\/sites\/62\/2026\/02\/woman-playing-sherlock-city-game-on-phone-in-toy-store-skopje.jpg","datePublished":"2026-02-19T13:07:57+00:00","dateModified":"2026-04-08T02:31:11+00:00","description":"Sherlock Holmes Skopje. J\u00e1tssz egy \u00f6nvezet\u0151 gyilkoss\u00e1gi rejt\u00e9ly City Game-et, oldj meg fejt\u00f6r\u0151ket, k\u00f6vess nyomokat \u00e9s fedezd fel a gyilkost a saj\u00e1t temp\u00f3dban!","breadcrumb":{"@id":"https:\/\/testwebsite.citygame.com\/hu\/games\/skopje\/sherlock-holmes-skopje\/#breadcrumb"},"inLanguage":"hu","potentialAction":[{"@type":"ReadAction","target":["https:\/\/testwebsite.citygame.com\/hu\/games\/skopje\/sherlock-holmes-skopje\/"]}]},{"@type":"ImageObject","inLanguage":"hu","@id":"https:\/\/testwebsite.citygame.com\/hu\/games\/skopje\/sherlock-holmes-skopje\/#primaryimage","url":"https:\/\/testwebsite.citygame.com\/wp-content\/blogs.dir\/1\/files\/sites\/62\/2026\/02\/woman-playing-sherlock-city-game-on-phone-in-toy-store-skopje.jpg","contentUrl":"https:\/\/testwebsite.citygame.com\/wp-content\/blogs.dir\/1\/files\/sites\/62\/2026\/02\/woman-playing-sherlock-city-game-on-phone-in-toy-store-skopje.jpg","width":1024,"height":1024,"caption":"A player uses her smartphone to solve clues while exploring a local store in Skopje."},{"@type":"BreadcrumbList","@id":"https:\/\/testwebsite.citygame.com\/hu\/games\/skopje\/sherlock-holmes-skopje\/#breadcrumb","itemListElement":[{"@type":"ListItem","position":1,"name":"Home","item":"https:\/\/testwebsite.citygame.com\/hu\/"},{"@type":"ListItem","position":2,"name":"Shop","item":"https:\/\/testwebsite.citygame.com\/shop\/"},{"@type":"ListItem","position":3,"name":"Sherlock Holmes Skopje"}]},{"@type":"WebSite","@id":"https:\/\/testwebsite.upevents.nl\/#website","url":"https:\/\/testwebsite.upevents.nl\/","name":"City Game","description":"","publisher":{"@id":"https:\/\/testwebsite.upevents.nl\/#organization"},"alternateName":"citygame.com","potentialAction":[{"@type":"SearchAction","target":{"@type":"EntryPoint","urlTemplate":"https:\/\/testwebsite.upevents.nl\/?s={search_term_string}"},"query-input":{"@type":"PropertyValueSpecification","valueRequired":true,"valueName":"search_term_string"}}],"inLanguage":"hu"},{"@type":["Organization","Place"],"@id":"https:\/\/testwebsite.upevents.nl\/#organization","name":"City Game","alternateName":"citygame.com","url":"https:\/\/testwebsite.upevents.nl\/","logo":{"@id":"https:\/\/testwebsite.citygame.com\/hu\/games\/skopje\/sherlock-holmes-skopje\/#local-main-organization-logo"},"image":{"@id":"https:\/\/testwebsite.citygame.com\/hu\/games\/skopje\/sherlock-holmes-skopje\/#local-main-organization-logo"},"sameAs":["https:\/\/www.facebook.com\/profile.php?id=100086426226253","https:\/\/www.instagram.com\/citygame_com","https:\/\/www.tiktok.com\/@citygamecom\/","https:\/\/www.linkedin.com\/company\/citygame-com"],"description":"Turn any city into a playground with our interactive City Games and self-guided tours. Fun, flexible, and ideal for groups and team building.","telephone":[],"openingHoursSpecification":[{"@type":"OpeningHoursSpecification","dayOfWeek":["Monday","Tuesday","Wednesday","Thursday","Friday","Saturday","Sunday"],"opens":"09:00","closes":"17:00"}]},{"@type":"ImageObject","inLanguage":"hu","@id":"https:\/\/testwebsite.citygame.com\/hu\/games\/skopje\/sherlock-holmes-skopje\/#local-main-organization-logo","url":"https:\/\/testwebsite.citygame.com\/wp-content\/blogs.dir\/1\/files\/sites\/62\/2025\/10\/CG_LOGO-City-Game.png","contentUrl":"https:\/\/testwebsite.citygame.com\/wp-content\/blogs.dir\/1\/files\/sites\/62\/2025\/10\/CG_LOGO-City-Game.png","width":351,"height":377,"caption":"City Game"}]}},"taxonomy_info":{"game-concept":[{"value":776,"label":"Sherlock"}],"location":[{"value":372,"label":"Skopje"}],"product_cat":[{"value":27,"label":"Geen categorie"}]},"featured_image_src_large":["https:\/\/testwebsite.citygame.com\/wp-content\/blogs.dir\/1\/files\/sites\/62\/2026\/02\/woman-playing-sherlock-city-game-on-phone-in-toy-store-skopje.jpg",1024,1024,false],"author_info":[],"comment_info":"","_links":{"self":[{"href":"https:\/\/testwebsite.citygame.com\/hu\/wp-json\/wp\/v2\/product\/58597","targetHints":{"allow":["GET"]}}],"collection":[{"href":"https:\/\/testwebsite.citygame.com\/hu\/wp-json\/wp\/v2\/product"}],"about":[{"href":"https:\/\/testwebsite.citygame.com\/hu\/wp-json\/wp\/v2\/types\/product"}],"acf:post":[{"embeddable":true,"href":"https:\/\/testwebsite.citygame.com\/hu\/wp-json\/wp\/v2\/pages\/12265"}],"wp:featuredmedia":[{"embeddable":true,"href":"https:\/\/testwebsite.citygame.com\/hu\/wp-json\/wp\/v2\/media\/14898"}],"wp:attachment":[{"href":"https:\/\/testwebsite.citygame.com\/hu\/wp-json\/wp\/v2\/media?parent=58597"}],"wp:term":[{"taxonomy":"game-concept","embeddable":true,"href":"https:\/\/testwebsite.citygame.com\/hu\/wp-json\/wp\/v2\/game-concept?post=58597"},{"taxonomy":"location","embeddable":true,"href":"https:\/\/testwebsite.citygame.com\/hu\/wp-json\/wp\/v2\/location?post=58597"},{"taxonomy":"product_brand","embeddable":true,"href":"https:\/\/testwebsite.citygame.com\/hu\/wp-json\/wp\/v2\/product_brand?post=58597"},{"taxonomy":"product_cat","embeddable":true,"href":"https:\/\/testwebsite.citygame.com\/hu\/wp-json\/wp\/v2\/product_cat?post=58597"},{"taxonomy":"product_tag","embeddable":true,"href":"https:\/\/testwebsite.citygame.com\/hu\/wp-json\/wp\/v2\/product_tag?post=58597"}],"curies":[{"name":"wp","href":"https:\/\/api.w.org\/{rel}","templated":true}]}}