{"id":58360,"date":"2026-01-27T10:59:53","date_gmt":"2026-01-27T10:59:53","guid":{"rendered":"https:\/\/testwebsite.citygame.com\/games\/unknown-location\/secrets-of-nijmegen\/"},"modified":"2026-04-08T02:06:10","modified_gmt":"2026-04-08T02:06:10","slug":"secrets-of-nijmegen","status":"publish","type":"product","link":"https:\/\/testwebsite.citygame.com\/hu\/games\/nijmegen\/secrets-of-nijmegen\/","title":{"rendered":"Secrets of Nijmegen"},"content":{"rendered":"<p>A City Game Nijmegen egy \u00f6nvezet\u0151 v\u00e1rosi j\u00e1t\u00e9k, amely Nijmegen t\u00f6rt\u00e9nelmi k\u00f6zpontj\u00e1ban zajlik. Ez a GPS-alap\u00fa j\u00e1t\u00e9k arra invit\u00e1lja a j\u00e1t\u00e9kosokat, hogy okostelefonjuk seg\u00edts\u00e9g\u00e9vel fedezz\u00e9k fel a v\u00e1rost, mik\u00f6zben k\u00fcl\u00f6nf\u00e9le fejt\u00f6r\u0151ket, rejtv\u00e9nyeket \u00e9s fot\u00f3s kih\u00edv\u00e1sokat oldanak meg. \u00datk\u00f6zben a r\u00e9sztvev\u0151k r\u00e9szleteket t\u00e1rnak fel Nijmegen t\u00f6rt\u00e9nelm\u00e9r\u0151l, kult\u00far\u00e1j\u00e1r\u00f3l \u00e9s rejtett zugaib\u00f3l, \u00edgy izgalmas felfedez\u0151 j\u00e1t\u00e9kk\u00e1 v\u00e1lik a k\u00edv\u00e1ncsi elm\u00e9k sz\u00e1m\u00e1ra. Rugalmasra tervezt\u00e9k, \u00edgy egy\u00e9ni kalandoroknak, p\u00e1roknak, csal\u00e1doknak \u00e9s bar\u00e1ti t\u00e1rsas\u00e1goknak egyar\u00e1nt megfelel. Ak\u00e1r l\u00e1togat\u00f3, ak\u00e1r helyi lakos, a City Game Nijmegen egyed\u00fcl\u00e1ll\u00f3 \u00e9s interakt\u00edv m\u00f3don k\u00edn\u00e1lja a v\u00e1ros megismer\u00e9s\u00e9t.<\/p>\n","protected":false},"excerpt":{"rendered":"<p>Fedezze fel Nijmegen nosztalgi\u00e1j\u00e1t \u00e9s \u00e1rnyalatait! Mer\u00fclj\u00f6n el egy v\u00e1rosban, ahol az \u0151si r\u00f3mai t\u00f6rt\u00e9nelem \u00f6sszefon\u00f3dik a kort\u00e1rs holland kult\u00far\u00e1val, az id\u0151marta er\u0151d\u00f6kt\u0151l a pezsg\u0151 bev\u00e1s\u00e1rl\u00f3utc\u00e1kig. Rakja \u00f6ssze a fejt\u00f6r\u0151t, mik\u00f6zben bej\u00e1rja lelk\u00e9nek magj\u00e1t, Nijmegen minden sarkon meglepet\u00e9sekkel v\u00e1rja!<\/p>\n","protected":false},"featured_media":4572,"template":"","meta":{"_acf_changed":false,"_yoast_wpseo_focuskw":"Secrets of Nijmegen","_yoast_wpseo_metadesc":"Secrets of Nijmegen. J\u00e1tsszon egy \u00f6nvezet\u0151 v\u00e1rosi j\u00e1t\u00e9kot, \u00e9s fedezze fel a v\u00e1rost fejt\u00f6r\u0151k, rejtv\u00e9nyek \u00e9s kih\u00edv\u00e1sok seg\u00edts\u00e9g\u00e9vel. J\u00e1tsszon a saj\u00e1t temp\u00f3j\u00e1ban, \u00e9s fedezzen fel, mint egy helyi!","_kad_blocks_custom_css":"","_kad_blocks_head_custom_js":"","_kad_blocks_body_custom_js":"","_kad_blocks_footer_custom_js":"","ghostkit_customizer_options":"","ghostkit_custom_css":"","ghostkit_custom_js_head":"","ghostkit_custom_js_foot":"","ghostkit_typography":"","_kad_post_transparent":"","_kad_post_title":"","_kad_post_layout":"","_kad_post_sidebar_id":"","_kad_post_content_style":"","_kad_post_vertical_padding":"","_kad_post_feature":"","_kad_post_feature_position":"","_kad_post_header":false,"_kad_post_footer":false,"_kad_post_classname":"","_links_to":"","_links_to_target":""},"game-concept":[715],"location":[299],"product_brand":[],"product_cat":[27],"product_tag":[],"class_list":{"0":"post-58360","1":"product","2":"type-product","3":"status-publish","4":"has-post-thumbnail","6":"game-concept-secrets","7":"location-nijmegen","8":"product_cat-geen-categorie","10":"first","11":"instock","12":"shipping-taxable","13":"purchasable","14":"product-type-simple","15":"entry","16":"content-bg","17":"loop-entry"},"acf":{"full_bokun_product_name":"Self-Guided Secrets of Nijmegen Exploration Game","location_name":"Nijmegen","bokun_calendar_widget_code":"<script type=\"text\/javascript\" src=\"https:\/\/widgets.bokun.io\/assets\/javascripts\/apps\/build\/BokunWidgetsLoader.js?bookingChannelUUID=a1e93e96-5232-4734-a595-28405f4b5a31\" async><\/script>\n     \n    <div class=\"bokunWidget\" data-src=\"https:\/\/widgets.bokun.io\/online-sales\/a1e93e96-5232-4734-a595-28405f4b5a31\/experience-calendar\/796266\"><\/div>\n    <noscript>Please enable javascript in your browser to book<\/noscript>","bokun_button_widget_code":"<script type=\"text\/javascript\" src=\"https:\/\/widgets.bokun.io\/assets\/javascripts\/apps\/build\/BokunWidgetsLoader.js?bookingChannelUUID=a1e93e96-5232-4734-a595-28405f4b5a31\" async><\/script>\n      <style> #bokun_ed001e45_5927_4f62_b470_ca766338d083 { display: inline-block; padding: .4em 1em; background: #47b82e; border-radius: 999999px; box-shadow: none; font-weight: 600; font-size: 24px; text-decoration: none; text-align: center; color: #FFFFFF; border:none; cursor: pointer; transition: background .2s ease; } #bokun_ed001e45_5927_4f62_b470_ca766338d083:hover{ background: #2f7b1f; } #bokun_ed001e45_5927_4f62_b470_ca766338d083:active{ background: #378f24; } <\/style> <button class=\"bokunButton\" disabled id=bokun_ed001e45_5927_4f62_b470_ca766338d083 data-src=\"https:\/\/widgets.bokun.io\/online-sales\/a1e93e96-5232-4734-a595-28405f4b5a31\/experience-calendar\/796266?partialView=1\" data-testid=\"widget-book-button\" > Book now <\/button> ","what_you\u2019ll_experience_during_the_game":"A Secrets of Nijmegen v\u00e1rosi j\u00e1t\u00e9kban egy olyan t\u00f6rt\u00e9neten kereszt\u00fcl fedezheti fel a v\u00e1rost, amely \u00f6tv\u00f6zi a v\u00e1rosn\u00e9z\u00e9st az interakt\u00edv kih\u00edv\u00e1sokkal. Ahogy a helysz\u00ednek k\u00f6z\u00f6tt mozog, ikonikus nevezetess\u00e9geket \u00e9s Nijmegen csendesebb, kev\u00e9sb\u00e9 ismert zugait is felfedezi. \u00datk\u00f6zben olyan nevezetes helyek mellett halad el, mint a t\u00f6rt\u00e9nelmi romjaival b\u00fcszk\u00e9lked\u0151 Valkhofpark, az egyedi Stevenskerk \u00e9s a pezsg\u0151 Grote Markt. A t\u00f6rt\u00e9nelem \u00e9s a mindennapi \u00e9let ezen kever\u00e9ke \u00e9l\u00e9nk h\u00e1tteret teremt, mik\u00f6zben a v\u00e1ros felfedi t\u00f6rt\u00e9neteit.\n\nA j\u00e1t\u00e9k sor\u00e1n egy sor fejt\u00f6r\u0151t, rejtv\u00e9nyt \u00e9s kreat\u00edv fot\u00f3s kih\u00edv\u00e1st old meg, amelyek ir\u00e1ny\u00edtj\u00e1k a halad\u00e1s\u00e1t, \u00e9s felt\u00e1rj\u00e1k a v\u00e9gs\u0151 rejt\u00e9lyt. A kih\u00edv\u00e1sok teljes\u00edt\u00e9se pontokat szerez, \u00e9s tippeket old fel, \u00edgy az alkalmi felfedez\u0151knek \u00e9s a verseng\u0151 j\u00e1t\u00e9kosoknak egyar\u00e1nt c\u00e9ljuk van, ami\u00e9rt dolgozhatnak. A j\u00e1t\u00e9k b\u00e1rmikor sz\u00fcneteltethet\u0151, \u00edgy a saj\u00e1t temp\u00f3j\u00e1ban fedezheti fel Nijmegent. Ha csapatban j\u00e1tszik, vagy szereti a versenyt, a ranglist\u00e1n is megc\u00e9lozhat egy helyet.","how_to_play":"Foglalja le a Felfedez\u0151 J\u00e1t\u00e9kot, ellen\u0151rizze az e-mailt, amelyet k\u00fcld\u00fcnk \u00d6nnek az egyszer\u0171 utas\u00edt\u00e1sokkal, t\u00f6ltse le a Loquiz App alkalmaz\u00e1st, l\u00e9pjen be a Felfedez\u0151 J\u00e1t\u00e9kba, \u00e9s m\u00e1ris k\u00e9szen \u00e1ll a j\u00e1t\u00e9k\u00e9lm\u00e9ny megkezd\u00e9s\u00e9re!","start_location":"Nijmegen, Grote Markt","available_languages":["en"],"players_per_group":"1-4","duration":"1.5-2 hours","image_overlay_color_image":"https:\/\/testwebsite.citygame.com\/wp-content\/blogs.dir\/1\/files\/sites\/62\/2026\/01\/SecretsColor.svg","image_overlay_game_logo":"https:\/\/testwebsite.citygame.com\/wp-content\/blogs.dir\/1\/files\/sites\/62\/2026\/01\/SecretsLogo.png","city_page":4556,"woocommerce_general_content":null},"yoast_head":"<!-- This site is optimized with the Yoast SEO Premium plugin v26.2 (Yoast SEO v26.3) - https:\/\/yoast.com\/wordpress\/plugins\/seo\/ -->\n<title>Secrets of Nijmegen - City Game<\/title>\n<meta name=\"description\" content=\"Secrets of Nijmegen. J\u00e1tsszon egy \u00f6nvezet\u0151 v\u00e1rosi j\u00e1t\u00e9kot, \u00e9s fedezze fel a v\u00e1rost fejt\u00f6r\u0151k, rejtv\u00e9nyek \u00e9s kih\u00edv\u00e1sok seg\u00edts\u00e9g\u00e9vel. J\u00e1tsszon a saj\u00e1t temp\u00f3j\u00e1ban, \u00e9s fedezzen fel, mint egy helyi!\" \/>\n<meta name=\"robots\" content=\"noindex, follow, max-snippet:-1, max-image-preview:large, max-video-preview:-1\" \/>\n<meta property=\"og:locale\" content=\"hu_HU\" \/>\n<meta property=\"og:type\" content=\"article\" \/>\n<meta property=\"og:title\" content=\"Secrets of Nijmegen\" \/>\n<meta property=\"og:description\" content=\"Secrets of Nijmegen. J\u00e1tsszon egy \u00f6nvezet\u0151 v\u00e1rosi j\u00e1t\u00e9kot, \u00e9s fedezze fel a v\u00e1rost fejt\u00f6r\u0151k, rejtv\u00e9nyek \u00e9s kih\u00edv\u00e1sok seg\u00edts\u00e9g\u00e9vel. J\u00e1tsszon a saj\u00e1t temp\u00f3j\u00e1ban, \u00e9s fedezzen fel, mint egy helyi!\" \/>\n<meta property=\"og:url\" content=\"https:\/\/testwebsite.citygame.com\/hu\/games\/nijmegen\/secrets-of-nijmegen\/\" \/>\n<meta property=\"og:site_name\" content=\"City Game\" \/>\n<meta property=\"article:publisher\" content=\"https:\/\/www.facebook.com\/profile.php?id=100086426226253\" \/>\n<meta property=\"article:modified_time\" content=\"2026-04-08T02:06:10+00:00\" \/>\n<meta property=\"og:image\" content=\"https:\/\/testwebsite.citygame.com\/wp-content\/blogs.dir\/1\/files\/sites\/62\/2026\/01\/secrets-of-nijmegen-player-phone-cobblestone-street.jpg\" \/>\n\t<meta property=\"og:image:width\" content=\"704\" \/>\n\t<meta property=\"og:image:height\" content=\"1472\" \/>\n\t<meta property=\"og:image:type\" content=\"image\/jpeg\" \/>\n<meta name=\"twitter:card\" content=\"summary_large_image\" \/>\n<meta name=\"twitter:label1\" content=\"Becs\u00fclt olvas\u00e1si id\u0151\" \/>\n\t<meta name=\"twitter:data1\" content=\"1 perc\" \/>\n<script type=\"application\/ld+json\" class=\"yoast-schema-graph\">{\"@context\":\"https:\/\/schema.org\",\"@graph\":[{\"@type\":\"WebPage\",\"@id\":\"https:\/\/testwebsite.citygame.com\/hu\/games\/nijmegen\/secrets-of-nijmegen\/\",\"url\":\"https:\/\/testwebsite.citygame.com\/hu\/games\/nijmegen\/secrets-of-nijmegen\/\",\"name\":\"Secrets of Nijmegen - City Game\",\"isPartOf\":{\"@id\":\"https:\/\/testwebsite.upevents.nl\/#website\"},\"primaryImageOfPage\":{\"@id\":\"https:\/\/testwebsite.citygame.com\/hu\/games\/nijmegen\/secrets-of-nijmegen\/#primaryimage\"},\"image\":{\"@id\":\"https:\/\/testwebsite.citygame.com\/hu\/games\/nijmegen\/secrets-of-nijmegen\/#primaryimage\"},\"thumbnailUrl\":\"https:\/\/testwebsite.citygame.com\/wp-content\/blogs.dir\/1\/files\/sites\/62\/2026\/01\/secrets-of-nijmegen-player-phone-cobblestone-street.jpg\",\"datePublished\":\"2026-01-27T10:59:53+00:00\",\"dateModified\":\"2026-04-08T02:06:10+00:00\",\"description\":\"Secrets of Nijmegen. J\u00e1tsszon egy \u00f6nvezet\u0151 v\u00e1rosi j\u00e1t\u00e9kot, \u00e9s fedezze fel a v\u00e1rost fejt\u00f6r\u0151k, rejtv\u00e9nyek \u00e9s kih\u00edv\u00e1sok seg\u00edts\u00e9g\u00e9vel. J\u00e1tsszon a saj\u00e1t temp\u00f3j\u00e1ban, \u00e9s fedezzen fel, mint egy helyi!\",\"breadcrumb\":{\"@id\":\"https:\/\/testwebsite.citygame.com\/hu\/games\/nijmegen\/secrets-of-nijmegen\/#breadcrumb\"},\"inLanguage\":\"hu\",\"potentialAction\":[{\"@type\":\"ReadAction\",\"target\":[\"https:\/\/testwebsite.citygame.com\/hu\/games\/nijmegen\/secrets-of-nijmegen\/\"]}]},{\"@type\":\"ImageObject\",\"inLanguage\":\"hu\",\"@id\":\"https:\/\/testwebsite.citygame.com\/hu\/games\/nijmegen\/secrets-of-nijmegen\/#primaryimage\",\"url\":\"https:\/\/testwebsite.citygame.com\/wp-content\/blogs.dir\/1\/files\/sites\/62\/2026\/01\/secrets-of-nijmegen-player-phone-cobblestone-street.jpg\",\"contentUrl\":\"https:\/\/testwebsite.citygame.com\/wp-content\/blogs.dir\/1\/files\/sites\/62\/2026\/01\/secrets-of-nijmegen-player-phone-cobblestone-street.jpg\",\"width\":704,\"height\":1472,\"caption\":\"A player navigates the historic, narrow cobblestone streets of Nijmegen using a smartphone app.\"},{\"@type\":\"BreadcrumbList\",\"@id\":\"https:\/\/testwebsite.citygame.com\/hu\/games\/nijmegen\/secrets-of-nijmegen\/#breadcrumb\",\"itemListElement\":[{\"@type\":\"ListItem\",\"position\":1,\"name\":\"Home\",\"item\":\"https:\/\/testwebsite.citygame.com\/hu\/\"},{\"@type\":\"ListItem\",\"position\":2,\"name\":\"Shop\",\"item\":\"https:\/\/testwebsite.citygame.com\/shop\/\"},{\"@type\":\"ListItem\",\"position\":3,\"name\":\"Secrets of Nijmegen\"}]},{\"@type\":\"WebSite\",\"@id\":\"https:\/\/testwebsite.upevents.nl\/#website\",\"url\":\"https:\/\/testwebsite.upevents.nl\/\",\"name\":\"City Game\",\"description\":\"\",\"publisher\":{\"@id\":\"https:\/\/testwebsite.upevents.nl\/#organization\"},\"alternateName\":\"citygame.com\",\"potentialAction\":[{\"@type\":\"SearchAction\",\"target\":{\"@type\":\"EntryPoint\",\"urlTemplate\":\"https:\/\/testwebsite.upevents.nl\/?s={search_term_string}\"},\"query-input\":{\"@type\":\"PropertyValueSpecification\",\"valueRequired\":true,\"valueName\":\"search_term_string\"}}],\"inLanguage\":\"hu\"},{\"@type\":[\"Organization\",\"Place\"],\"@id\":\"https:\/\/testwebsite.upevents.nl\/#organization\",\"name\":\"City Game\",\"alternateName\":\"citygame.com\",\"url\":\"https:\/\/testwebsite.upevents.nl\/\",\"logo\":{\"@id\":\"https:\/\/testwebsite.citygame.com\/hu\/games\/nijmegen\/secrets-of-nijmegen\/#local-main-organization-logo\"},\"image\":{\"@id\":\"https:\/\/testwebsite.citygame.com\/hu\/games\/nijmegen\/secrets-of-nijmegen\/#local-main-organization-logo\"},\"sameAs\":[\"https:\/\/www.facebook.com\/profile.php?id=100086426226253\",\"https:\/\/www.instagram.com\/citygame_com\",\"https:\/\/www.tiktok.com\/@citygamecom\/\",\"https:\/\/www.linkedin.com\/company\/citygame-com\"],\"description\":\"Turn any city into a playground with our interactive City Games and self-guided tours. Fun, flexible, and ideal for groups and team building.\",\"telephone\":[],\"openingHoursSpecification\":[{\"@type\":\"OpeningHoursSpecification\",\"dayOfWeek\":[\"Monday\",\"Tuesday\",\"Wednesday\",\"Thursday\",\"Friday\",\"Saturday\",\"Sunday\"],\"opens\":\"09:00\",\"closes\":\"17:00\"}]},{\"@type\":\"ImageObject\",\"inLanguage\":\"hu\",\"@id\":\"https:\/\/testwebsite.citygame.com\/hu\/games\/nijmegen\/secrets-of-nijmegen\/#local-main-organization-logo\",\"url\":\"https:\/\/testwebsite.citygame.com\/wp-content\/blogs.dir\/1\/files\/sites\/62\/2025\/10\/CG_LOGO-City-Game.png\",\"contentUrl\":\"https:\/\/testwebsite.citygame.com\/wp-content\/blogs.dir\/1\/files\/sites\/62\/2025\/10\/CG_LOGO-City-Game.png\",\"width\":351,\"height\":377,\"caption\":\"City Game\"}]}<\/script>\n<!-- \/ Yoast SEO Premium plugin. -->","yoast_head_json":{"title":"Secrets of Nijmegen - City Game","description":"Secrets of Nijmegen. J\u00e1tsszon egy \u00f6nvezet\u0151 v\u00e1rosi j\u00e1t\u00e9kot, \u00e9s fedezze fel a v\u00e1rost fejt\u00f6r\u0151k, rejtv\u00e9nyek \u00e9s kih\u00edv\u00e1sok seg\u00edts\u00e9g\u00e9vel. J\u00e1tsszon a saj\u00e1t temp\u00f3j\u00e1ban, \u00e9s fedezzen fel, mint egy helyi!","robots":{"index":"noindex","follow":"follow","max-snippet":"max-snippet:-1","max-image-preview":"max-image-preview:large","max-video-preview":"max-video-preview:-1"},"og_locale":"hu_HU","og_type":"article","og_title":"Secrets of Nijmegen","og_description":"Secrets of Nijmegen. J\u00e1tsszon egy \u00f6nvezet\u0151 v\u00e1rosi j\u00e1t\u00e9kot, \u00e9s fedezze fel a v\u00e1rost fejt\u00f6r\u0151k, rejtv\u00e9nyek \u00e9s kih\u00edv\u00e1sok seg\u00edts\u00e9g\u00e9vel. J\u00e1tsszon a saj\u00e1t temp\u00f3j\u00e1ban, \u00e9s fedezzen fel, mint egy helyi!","og_url":"https:\/\/testwebsite.citygame.com\/hu\/games\/nijmegen\/secrets-of-nijmegen\/","og_site_name":"City Game","article_publisher":"https:\/\/www.facebook.com\/profile.php?id=100086426226253","article_modified_time":"2026-04-08T02:06:10+00:00","og_image":[{"width":704,"height":1472,"url":"https:\/\/testwebsite.citygame.com\/wp-content\/blogs.dir\/1\/files\/sites\/62\/2026\/01\/secrets-of-nijmegen-player-phone-cobblestone-street.jpg","type":"image\/jpeg"}],"twitter_card":"summary_large_image","twitter_misc":{"Becs\u00fclt olvas\u00e1si id\u0151":"1 perc"},"schema":{"@context":"https:\/\/schema.org","@graph":[{"@type":"WebPage","@id":"https:\/\/testwebsite.citygame.com\/hu\/games\/nijmegen\/secrets-of-nijmegen\/","url":"https:\/\/testwebsite.citygame.com\/hu\/games\/nijmegen\/secrets-of-nijmegen\/","name":"Secrets of Nijmegen - City Game","isPartOf":{"@id":"https:\/\/testwebsite.upevents.nl\/#website"},"primaryImageOfPage":{"@id":"https:\/\/testwebsite.citygame.com\/hu\/games\/nijmegen\/secrets-of-nijmegen\/#primaryimage"},"image":{"@id":"https:\/\/testwebsite.citygame.com\/hu\/games\/nijmegen\/secrets-of-nijmegen\/#primaryimage"},"thumbnailUrl":"https:\/\/testwebsite.citygame.com\/wp-content\/blogs.dir\/1\/files\/sites\/62\/2026\/01\/secrets-of-nijmegen-player-phone-cobblestone-street.jpg","datePublished":"2026-01-27T10:59:53+00:00","dateModified":"2026-04-08T02:06:10+00:00","description":"Secrets of Nijmegen. J\u00e1tsszon egy \u00f6nvezet\u0151 v\u00e1rosi j\u00e1t\u00e9kot, \u00e9s fedezze fel a v\u00e1rost fejt\u00f6r\u0151k, rejtv\u00e9nyek \u00e9s kih\u00edv\u00e1sok seg\u00edts\u00e9g\u00e9vel. J\u00e1tsszon a saj\u00e1t temp\u00f3j\u00e1ban, \u00e9s fedezzen fel, mint egy helyi!","breadcrumb":{"@id":"https:\/\/testwebsite.citygame.com\/hu\/games\/nijmegen\/secrets-of-nijmegen\/#breadcrumb"},"inLanguage":"hu","potentialAction":[{"@type":"ReadAction","target":["https:\/\/testwebsite.citygame.com\/hu\/games\/nijmegen\/secrets-of-nijmegen\/"]}]},{"@type":"ImageObject","inLanguage":"hu","@id":"https:\/\/testwebsite.citygame.com\/hu\/games\/nijmegen\/secrets-of-nijmegen\/#primaryimage","url":"https:\/\/testwebsite.citygame.com\/wp-content\/blogs.dir\/1\/files\/sites\/62\/2026\/01\/secrets-of-nijmegen-player-phone-cobblestone-street.jpg","contentUrl":"https:\/\/testwebsite.citygame.com\/wp-content\/blogs.dir\/1\/files\/sites\/62\/2026\/01\/secrets-of-nijmegen-player-phone-cobblestone-street.jpg","width":704,"height":1472,"caption":"A player navigates the historic, narrow cobblestone streets of Nijmegen using a smartphone app."},{"@type":"BreadcrumbList","@id":"https:\/\/testwebsite.citygame.com\/hu\/games\/nijmegen\/secrets-of-nijmegen\/#breadcrumb","itemListElement":[{"@type":"ListItem","position":1,"name":"Home","item":"https:\/\/testwebsite.citygame.com\/hu\/"},{"@type":"ListItem","position":2,"name":"Shop","item":"https:\/\/testwebsite.citygame.com\/shop\/"},{"@type":"ListItem","position":3,"name":"Secrets of Nijmegen"}]},{"@type":"WebSite","@id":"https:\/\/testwebsite.upevents.nl\/#website","url":"https:\/\/testwebsite.upevents.nl\/","name":"City Game","description":"","publisher":{"@id":"https:\/\/testwebsite.upevents.nl\/#organization"},"alternateName":"citygame.com","potentialAction":[{"@type":"SearchAction","target":{"@type":"EntryPoint","urlTemplate":"https:\/\/testwebsite.upevents.nl\/?s={search_term_string}"},"query-input":{"@type":"PropertyValueSpecification","valueRequired":true,"valueName":"search_term_string"}}],"inLanguage":"hu"},{"@type":["Organization","Place"],"@id":"https:\/\/testwebsite.upevents.nl\/#organization","name":"City Game","alternateName":"citygame.com","url":"https:\/\/testwebsite.upevents.nl\/","logo":{"@id":"https:\/\/testwebsite.citygame.com\/hu\/games\/nijmegen\/secrets-of-nijmegen\/#local-main-organization-logo"},"image":{"@id":"https:\/\/testwebsite.citygame.com\/hu\/games\/nijmegen\/secrets-of-nijmegen\/#local-main-organization-logo"},"sameAs":["https:\/\/www.facebook.com\/profile.php?id=100086426226253","https:\/\/www.instagram.com\/citygame_com","https:\/\/www.tiktok.com\/@citygamecom\/","https:\/\/www.linkedin.com\/company\/citygame-com"],"description":"Turn any city into a playground with our interactive City Games and self-guided tours. Fun, flexible, and ideal for groups and team building.","telephone":[],"openingHoursSpecification":[{"@type":"OpeningHoursSpecification","dayOfWeek":["Monday","Tuesday","Wednesday","Thursday","Friday","Saturday","Sunday"],"opens":"09:00","closes":"17:00"}]},{"@type":"ImageObject","inLanguage":"hu","@id":"https:\/\/testwebsite.citygame.com\/hu\/games\/nijmegen\/secrets-of-nijmegen\/#local-main-organization-logo","url":"https:\/\/testwebsite.citygame.com\/wp-content\/blogs.dir\/1\/files\/sites\/62\/2025\/10\/CG_LOGO-City-Game.png","contentUrl":"https:\/\/testwebsite.citygame.com\/wp-content\/blogs.dir\/1\/files\/sites\/62\/2025\/10\/CG_LOGO-City-Game.png","width":351,"height":377,"caption":"City Game"}]}},"taxonomy_info":{"game-concept":[{"value":715,"label":"Secrets"}],"location":[{"value":299,"label":"Nijmegen"}],"product_cat":[{"value":27,"label":"Geen categorie"}]},"featured_image_src_large":["https:\/\/testwebsite.citygame.com\/wp-content\/blogs.dir\/1\/files\/sites\/62\/2026\/01\/secrets-of-nijmegen-player-phone-cobblestone-street-490x1024.jpg",490,1024,true],"author_info":[],"comment_info":"","_links":{"self":[{"href":"https:\/\/testwebsite.citygame.com\/hu\/wp-json\/wp\/v2\/product\/58360","targetHints":{"allow":["GET"]}}],"collection":[{"href":"https:\/\/testwebsite.citygame.com\/hu\/wp-json\/wp\/v2\/product"}],"about":[{"href":"https:\/\/testwebsite.citygame.com\/hu\/wp-json\/wp\/v2\/types\/product"}],"acf:post":[{"embeddable":true,"href":"https:\/\/testwebsite.citygame.com\/hu\/wp-json\/wp\/v2\/pages\/4556"}],"wp:featuredmedia":[{"embeddable":true,"href":"https:\/\/testwebsite.citygame.com\/hu\/wp-json\/wp\/v2\/media\/4572"}],"wp:attachment":[{"href":"https:\/\/testwebsite.citygame.com\/hu\/wp-json\/wp\/v2\/media?parent=58360"}],"wp:term":[{"taxonomy":"game-concept","embeddable":true,"href":"https:\/\/testwebsite.citygame.com\/hu\/wp-json\/wp\/v2\/game-concept?post=58360"},{"taxonomy":"location","embeddable":true,"href":"https:\/\/testwebsite.citygame.com\/hu\/wp-json\/wp\/v2\/location?post=58360"},{"taxonomy":"product_brand","embeddable":true,"href":"https:\/\/testwebsite.citygame.com\/hu\/wp-json\/wp\/v2\/product_brand?post=58360"},{"taxonomy":"product_cat","embeddable":true,"href":"https:\/\/testwebsite.citygame.com\/hu\/wp-json\/wp\/v2\/product_cat?post=58360"},{"taxonomy":"product_tag","embeddable":true,"href":"https:\/\/testwebsite.citygame.com\/hu\/wp-json\/wp\/v2\/product_tag?post=58360"}],"curies":[{"name":"wp","href":"https:\/\/api.w.org\/{rel}","templated":true}]}}