{"id":58121,"date":"2026-02-19T12:53:19","date_gmt":"2026-02-19T12:53:19","guid":{"rendered":"https:\/\/testwebsite.citygame.com\/games\/unknown-location\/sherlock-holmes-brasov\/"},"modified":"2026-04-08T01:41:46","modified_gmt":"2026-04-08T01:41:46","slug":"sherlock-holmes-brasov","status":"publish","type":"product","link":"https:\/\/testwebsite.citygame.com\/hu\/games\/brasov\/sherlock-holmes-brasov\/","title":{"rendered":"Sherlock Holmes Brasov"},"content":{"rendered":"<p>Mer\u00fclj el Brass\u00f3 t\u00f6rt\u00e9nelmi belv\u00e1ros\u00e1nak sz\u00edv\u00e9ben az \u00f6nvezet\u0151, t\u00f6rt\u00e9netk\u00f6zpont\u00fa Sherlock Holmes V\u00e1rosi J\u00e1t\u00e9kunkkal. K\u00e9pzeld el, ahogy a v\u00e1ros k\u00f6z\u00e9pkori h\u00e1ttere mag\u00e1val ragad\u00f3 helysz\u00edn\u00e9\u00fcl szolg\u00e1l egy izgalmas nyomoz\u00e1shoz, egy h\u00e1tborzongat\u00f3 t\u00f6rt\u00e9netet kibontakoztatva egy gyilkoss\u00e1gr\u00f3l a Liberty Festival idej\u00e9n. \u00c9rezd magad igazi detekt\u00edvnek, ahogy a macskak\u00f6ves utc\u00e1kon haladsz, nyomokat gy\u0171jtesz, elk\u00e9peszt\u0151 fejt\u00f6r\u0151ket oldasz meg, \u00e9s digit\u00e1lis gyan\u00fas\u00edtottakat hallgatsz ki, mindezt a saj\u00e1t temp\u00f3dban. Mer\u00fclj el Sherlock Holmes bonyolult vil\u00e1g\u00e1ban, tapasztald meg az izgalmas fesz\u00fclts\u00e9get \u00e9s rejt\u00e9lyt an\u00e9lk\u00fcl, hogy felfedn\u00e9nk a megold\u00e1st. \u00c9lvezd a szabads\u00e1got, hogy a saj\u00e1t ritmusodban fedezd fel egy sherlocki rejt\u00e9lyt, m\u00e9lys\u00e9get adva a detekt\u00edv \u00e9lm\u00e9nynek.<\/p>\n","protected":false},"excerpt":{"rendered":"<p>L\u00e9pj Sherlock Holmes elb\u0171v\u00f6l\u0151 szerep\u00e9be egy izgalmas, \u00f6nvezet\u0151 gyilkoss\u00e1gi rejt\u00e9lyben, Brass\u00f3 sz\u00edv\u00e9ben. A csapatodnak el kell rejtett nyomokat k\u00f6vetnie, \u00e9rdekes fejt\u00f6r\u0151ket megfejtenie, \u00e9s intenz\u00edven versenyt futnia az id\u0151vel, hogy felfedje az igazs\u00e1got, miel\u0151tt t\u00fal k\u00e9s\u0151 lenne!<\/p>\n","protected":false},"featured_media":14885,"template":"","meta":{"_acf_changed":false,"_yoast_wpseo_focuskw":"Sherlock Holmes Brasov","_yoast_wpseo_metadesc":"Sherlock Holmes Brasov. J\u00e1tssz egy \u00f6nvezet\u0151 gyilkoss\u00e1gi rejt\u00e9ly V\u00e1rosi J\u00e1t\u00e9kot, oldj meg fejt\u00f6r\u0151ket, k\u00f6vess nyomokat \u00e9s leplezd le a gyilkost a saj\u00e1t temp\u00f3dban!","_kad_blocks_custom_css":"","_kad_blocks_head_custom_js":"","_kad_blocks_body_custom_js":"","_kad_blocks_footer_custom_js":"","ghostkit_customizer_options":"","ghostkit_custom_css":"","ghostkit_custom_js_head":"","ghostkit_custom_js_foot":"","ghostkit_typography":"","_kad_post_transparent":"","_kad_post_title":"","_kad_post_layout":"","_kad_post_sidebar_id":"","_kad_post_content_style":"","_kad_post_vertical_padding":"","_kad_post_feature":"","_kad_post_feature_position":"","_kad_post_header":false,"_kad_post_footer":false,"_kad_post_classname":"","_links_to":"","_links_to_target":""},"game-concept":[776],"location":[98],"product_brand":[],"product_cat":[27],"product_tag":[],"class_list":{"0":"post-58121","1":"product","2":"type-product","3":"status-publish","4":"has-post-thumbnail","6":"game-concept-sherlock","7":"location-brasov","8":"product_cat-geen-categorie","10":"first","11":"instock","12":"shipping-taxable","13":"purchasable","14":"product-type-simple","15":"entry","16":"content-bg","17":"loop-entry"},"acf":{"full_bokun_product_name":"Brasov Self-Guided Sherlock Holmes Murder Mystery Game","location_name":"Brasov","bokun_calendar_widget_code":"<script type=\"text\/javascript\" src=\"https:\/\/widgets.bokun.io\/assets\/javascripts\/apps\/build\/BokunWidgetsLoader.js?bookingChannelUUID=a1e93e96-5232-4734-a595-28405f4b5a31\" async><\/script>\n     \n    <div class=\"bokunWidget\" data-src=\"https:\/\/widgets.bokun.io\/online-sales\/a1e93e96-5232-4734-a595-28405f4b5a31\/experience-calendar\/771678\"><\/div>\n    <noscript>Please enable javascript in your browser to book<\/noscript>","bokun_button_widget_code":"<script type=\"text\/javascript\" src=\"https:\/\/widgets.bokun.io\/assets\/javascripts\/apps\/build\/BokunWidgetsLoader.js?bookingChannelUUID=a1e93e96-5232-4734-a595-28405f4b5a31\" async><\/script>\n      <style> #bokun_ed001e45_5927_4f62_b470_ca766338d083 { display: inline-block; padding: .4em 1em; background: #47b82e; border-radius: 999999px; box-shadow: none; font-weight: 600; font-size: 24px; text-decoration: none; text-align: center; color: #FFFFFF; border:none; cursor: pointer; transition: background .2s ease; } #bokun_ed001e45_5927_4f62_b470_ca766338d083:hover{ background: #2f7b1f; } #bokun_ed001e45_5927_4f62_b470_ca766338d083:active{ background: #378f24; } <\/style> <button class=\"bokunButton\" disabled id=bokun_ed001e45_5927_4f62_b470_ca766338d083 data-src=\"https:\/\/widgets.bokun.io\/online-sales\/a1e93e96-5232-4734-a595-28405f4b5a31\/experience-calendar\/771678?partialView=1\" data-testid=\"widget-book-button\" > Book now <\/button> ","what_you\u2019ll_experience_during_the_game":"K\u00e9pzeld el, hogy mag\u00e1val ragad egy izgalmas detekt\u00edvt\u00f6rt\u00e9net forgataga, mely Brass\u00f3 sz\u00edv\u00e9ben j\u00e1tsz\u00f3dik. Minden l\u00e9p\u00e9s, amit a v\u00e1ros utc\u00e1in teszel, a rejt\u00e9ly egy \u00fajabb r\u00e9teg\u00e9t t\u00e1rja fel, k\u00f6zelebb vezetve az igazs\u00e1ghoz. Nyomokat vizsg\u00e1lsz, kih\u00edv\u00e1st jelent\u0151 fejt\u00f6r\u0151ket oldasz meg, \u00e9s v\u00e1ratlan fordulatokkal tal\u00e1lkozol, amelyek feszegetik a nyomoz\u00e1sod hat\u00e1rait. \n\nA digit\u00e1lis gyan\u00fas\u00edtottakkal val\u00f3 besz\u00e9lget\u00e9s, az alibikben l\u00e9v\u0151 k\u00f6vetkezetlens\u00e9gek felfedez\u00e9se, a k\u00fcl\u00f6nb\u00f6z\u0151 vallom\u00e1sok \u00f6sszehasonl\u00edt\u00e1sa \u00e9s kontraszt\u00e1l\u00e1sa \u2013 mindezek a m\u00f3dszerek k\u00f6zelebb visznek a rejtett titkok leleplez\u00e9s\u00e9hez. Ahogy a t\u00f6rt\u00e9net kibontakozik, az a feladatod, hogy f\u00e9nyt der\u00edts egy, a Liberty Festival idej\u00e9n elk\u00f6vetett b\u0171nt\u00e9nyre. Ne feledd, ez az \u00e9lm\u00e9ny kritikus gondolkod\u00e1st, megfigyel\u0151k\u00e9pess\u00e9get \u00e9s a dedukci\u00f3 erej\u00e9t ig\u00e9nyli. Ez egy teljesen t\u00f6rt\u00e9netk\u00f6zpont\u00fa \u00e9lm\u00e9ny, amely lehet\u0151v\u00e9 teszi, hogy a saj\u00e1t temp\u00f3dban j\u00e1tssz, s\u0151t, csapatok sz\u00e1m\u00e1ra versenyelemet is k\u00edn\u00e1l. Ragadd meg ezt a lehet\u0151s\u00e9get, hogy szabadj\u00e1ra engedd bels\u0151 detekt\u00edvedet!","how_to_play":"J\u00e1tssz egyed\u00fcl, vagy bar\u00e1tokkal, csal\u00e1ddal, koll\u00e9g\u00e1kkal, eszk\u00f6z\u00f6nk\u00e9nt legfeljebb n\u00e9gyf\u0151s csapatokban. A foglal\u00e1s ut\u00e1n egy \u00fatmutat\u00f3 emailt fogsz kapni mindennel, amire sz\u00fcks\u00e9ged van.","start_location":"Brasov, Prim\u0103ria Bra\u0219ov","available_languages":["en","nl","it","de","fr","es"],"players_per_group":"1-4","duration":"1.5-2 hours","image_overlay_color_image":"https:\/\/testwebsite.citygame.com\/wp-content\/blogs.dir\/1\/files\/sites\/62\/2026\/01\/SherlockColor.svg","image_overlay_game_logo":"https:\/\/testwebsite.citygame.com\/wp-content\/blogs.dir\/1\/files\/sites\/62\/2026\/01\/SherlockLogo.png","city_page":12185,"woocommerce_general_content":null},"yoast_head":"<!-- This site is optimized with the Yoast SEO Premium plugin v26.2 (Yoast SEO v26.3) - https:\/\/yoast.com\/wordpress\/plugins\/seo\/ -->\n<title>Sherlock Holmes Brasov - City Game<\/title>\n<meta name=\"description\" content=\"Sherlock Holmes Brasov. J\u00e1tssz egy \u00f6nvezet\u0151 gyilkoss\u00e1gi rejt\u00e9ly V\u00e1rosi J\u00e1t\u00e9kot, oldj meg fejt\u00f6r\u0151ket, k\u00f6vess nyomokat \u00e9s leplezd le a gyilkost a saj\u00e1t temp\u00f3dban!\" \/>\n<meta name=\"robots\" content=\"noindex, follow, max-snippet:-1, max-image-preview:large, max-video-preview:-1\" \/>\n<meta property=\"og:locale\" content=\"hu_HU\" \/>\n<meta property=\"og:type\" content=\"article\" \/>\n<meta property=\"og:title\" content=\"Sherlock Holmes Brasov\" \/>\n<meta property=\"og:description\" content=\"Sherlock Holmes Brasov. J\u00e1tssz egy \u00f6nvezet\u0151 gyilkoss\u00e1gi rejt\u00e9ly V\u00e1rosi J\u00e1t\u00e9kot, oldj meg fejt\u00f6r\u0151ket, k\u00f6vess nyomokat \u00e9s leplezd le a gyilkost a saj\u00e1t temp\u00f3dban!\" \/>\n<meta property=\"og:url\" content=\"https:\/\/testwebsite.citygame.com\/hu\/games\/brasov\/sherlock-holmes-brasov\/\" \/>\n<meta property=\"og:site_name\" content=\"City Game\" \/>\n<meta property=\"article:publisher\" content=\"https:\/\/www.facebook.com\/profile.php?id=100086426226253\" \/>\n<meta property=\"article:modified_time\" content=\"2026-04-08T01:41:46+00:00\" \/>\n<meta property=\"og:image\" content=\"https:\/\/testwebsite.citygame.com\/wp-content\/blogs.dir\/1\/files\/sites\/62\/2026\/02\/brasov-sherlock-game-player-in-park.jpg\" \/>\n\t<meta property=\"og:image:width\" content=\"1024\" \/>\n\t<meta property=\"og:image:height\" content=\"1024\" \/>\n\t<meta property=\"og:image:type\" content=\"image\/jpeg\" \/>\n<meta name=\"twitter:card\" content=\"summary_large_image\" \/>\n<meta name=\"twitter:label1\" content=\"Becs\u00fclt olvas\u00e1si id\u0151\" \/>\n\t<meta name=\"twitter:data1\" content=\"1 perc\" \/>\n<script type=\"application\/ld+json\" class=\"yoast-schema-graph\">{\"@context\":\"https:\/\/schema.org\",\"@graph\":[{\"@type\":\"WebPage\",\"@id\":\"https:\/\/testwebsite.citygame.com\/hu\/games\/brasov\/sherlock-holmes-brasov\/\",\"url\":\"https:\/\/testwebsite.citygame.com\/hu\/games\/brasov\/sherlock-holmes-brasov\/\",\"name\":\"Sherlock Holmes Brasov - City Game\",\"isPartOf\":{\"@id\":\"https:\/\/testwebsite.upevents.nl\/#website\"},\"primaryImageOfPage\":{\"@id\":\"https:\/\/testwebsite.citygame.com\/hu\/games\/brasov\/sherlock-holmes-brasov\/#primaryimage\"},\"image\":{\"@id\":\"https:\/\/testwebsite.citygame.com\/hu\/games\/brasov\/sherlock-holmes-brasov\/#primaryimage\"},\"thumbnailUrl\":\"https:\/\/testwebsite.citygame.com\/wp-content\/blogs.dir\/1\/files\/sites\/62\/2026\/02\/brasov-sherlock-game-player-in-park.jpg\",\"datePublished\":\"2026-02-19T12:53:19+00:00\",\"dateModified\":\"2026-04-08T01:41:46+00:00\",\"description\":\"Sherlock Holmes Brasov. J\u00e1tssz egy \u00f6nvezet\u0151 gyilkoss\u00e1gi rejt\u00e9ly V\u00e1rosi J\u00e1t\u00e9kot, oldj meg fejt\u00f6r\u0151ket, k\u00f6vess nyomokat \u00e9s leplezd le a gyilkost a saj\u00e1t temp\u00f3dban!\",\"breadcrumb\":{\"@id\":\"https:\/\/testwebsite.citygame.com\/hu\/games\/brasov\/sherlock-holmes-brasov\/#breadcrumb\"},\"inLanguage\":\"hu\",\"potentialAction\":[{\"@type\":\"ReadAction\",\"target\":[\"https:\/\/testwebsite.citygame.com\/hu\/games\/brasov\/sherlock-holmes-brasov\/\"]}]},{\"@type\":\"ImageObject\",\"inLanguage\":\"hu\",\"@id\":\"https:\/\/testwebsite.citygame.com\/hu\/games\/brasov\/sherlock-holmes-brasov\/#primaryimage\",\"url\":\"https:\/\/testwebsite.citygame.com\/wp-content\/blogs.dir\/1\/files\/sites\/62\/2026\/02\/brasov-sherlock-game-player-in-park.jpg\",\"contentUrl\":\"https:\/\/testwebsite.citygame.com\/wp-content\/blogs.dir\/1\/files\/sites\/62\/2026\/02\/brasov-sherlock-game-player-in-park.jpg\",\"width\":1024,\"height\":1024,\"caption\":\"A young woman interacts with the Sherlock city game on her smartphone in a park in Brasov.\"},{\"@type\":\"BreadcrumbList\",\"@id\":\"https:\/\/testwebsite.citygame.com\/hu\/games\/brasov\/sherlock-holmes-brasov\/#breadcrumb\",\"itemListElement\":[{\"@type\":\"ListItem\",\"position\":1,\"name\":\"Home\",\"item\":\"https:\/\/testwebsite.citygame.com\/hu\/\"},{\"@type\":\"ListItem\",\"position\":2,\"name\":\"Shop\",\"item\":\"https:\/\/testwebsite.citygame.com\/shop\/\"},{\"@type\":\"ListItem\",\"position\":3,\"name\":\"Sherlock Holmes Brasov\"}]},{\"@type\":\"WebSite\",\"@id\":\"https:\/\/testwebsite.upevents.nl\/#website\",\"url\":\"https:\/\/testwebsite.upevents.nl\/\",\"name\":\"City Game\",\"description\":\"\",\"publisher\":{\"@id\":\"https:\/\/testwebsite.upevents.nl\/#organization\"},\"alternateName\":\"citygame.com\",\"potentialAction\":[{\"@type\":\"SearchAction\",\"target\":{\"@type\":\"EntryPoint\",\"urlTemplate\":\"https:\/\/testwebsite.upevents.nl\/?s={search_term_string}\"},\"query-input\":{\"@type\":\"PropertyValueSpecification\",\"valueRequired\":true,\"valueName\":\"search_term_string\"}}],\"inLanguage\":\"hu\"},{\"@type\":[\"Organization\",\"Place\"],\"@id\":\"https:\/\/testwebsite.upevents.nl\/#organization\",\"name\":\"City Game\",\"alternateName\":\"citygame.com\",\"url\":\"https:\/\/testwebsite.upevents.nl\/\",\"logo\":{\"@id\":\"https:\/\/testwebsite.citygame.com\/hu\/games\/brasov\/sherlock-holmes-brasov\/#local-main-organization-logo\"},\"image\":{\"@id\":\"https:\/\/testwebsite.citygame.com\/hu\/games\/brasov\/sherlock-holmes-brasov\/#local-main-organization-logo\"},\"sameAs\":[\"https:\/\/www.facebook.com\/profile.php?id=100086426226253\",\"https:\/\/www.instagram.com\/citygame_com\",\"https:\/\/www.tiktok.com\/@citygamecom\/\",\"https:\/\/www.linkedin.com\/company\/citygame-com\"],\"description\":\"Turn any city into a playground with our interactive City Games and self-guided tours. Fun, flexible, and ideal for groups and team building.\",\"telephone\":[],\"openingHoursSpecification\":[{\"@type\":\"OpeningHoursSpecification\",\"dayOfWeek\":[\"Monday\",\"Tuesday\",\"Wednesday\",\"Thursday\",\"Friday\",\"Saturday\",\"Sunday\"],\"opens\":\"09:00\",\"closes\":\"17:00\"}]},{\"@type\":\"ImageObject\",\"inLanguage\":\"hu\",\"@id\":\"https:\/\/testwebsite.citygame.com\/hu\/games\/brasov\/sherlock-holmes-brasov\/#local-main-organization-logo\",\"url\":\"https:\/\/testwebsite.citygame.com\/wp-content\/blogs.dir\/1\/files\/sites\/62\/2025\/10\/CG_LOGO-City-Game.png\",\"contentUrl\":\"https:\/\/testwebsite.citygame.com\/wp-content\/blogs.dir\/1\/files\/sites\/62\/2025\/10\/CG_LOGO-City-Game.png\",\"width\":351,\"height\":377,\"caption\":\"City Game\"}]}<\/script>\n<!-- \/ Yoast SEO Premium plugin. -->","yoast_head_json":{"title":"Sherlock Holmes Brasov - City Game","description":"Sherlock Holmes Brasov. J\u00e1tssz egy \u00f6nvezet\u0151 gyilkoss\u00e1gi rejt\u00e9ly V\u00e1rosi J\u00e1t\u00e9kot, oldj meg fejt\u00f6r\u0151ket, k\u00f6vess nyomokat \u00e9s leplezd le a gyilkost a saj\u00e1t temp\u00f3dban!","robots":{"index":"noindex","follow":"follow","max-snippet":"max-snippet:-1","max-image-preview":"max-image-preview:large","max-video-preview":"max-video-preview:-1"},"og_locale":"hu_HU","og_type":"article","og_title":"Sherlock Holmes Brasov","og_description":"Sherlock Holmes Brasov. J\u00e1tssz egy \u00f6nvezet\u0151 gyilkoss\u00e1gi rejt\u00e9ly V\u00e1rosi J\u00e1t\u00e9kot, oldj meg fejt\u00f6r\u0151ket, k\u00f6vess nyomokat \u00e9s leplezd le a gyilkost a saj\u00e1t temp\u00f3dban!","og_url":"https:\/\/testwebsite.citygame.com\/hu\/games\/brasov\/sherlock-holmes-brasov\/","og_site_name":"City Game","article_publisher":"https:\/\/www.facebook.com\/profile.php?id=100086426226253","article_modified_time":"2026-04-08T01:41:46+00:00","og_image":[{"width":1024,"height":1024,"url":"https:\/\/testwebsite.citygame.com\/wp-content\/blogs.dir\/1\/files\/sites\/62\/2026\/02\/brasov-sherlock-game-player-in-park.jpg","type":"image\/jpeg"}],"twitter_card":"summary_large_image","twitter_misc":{"Becs\u00fclt olvas\u00e1si id\u0151":"1 perc"},"schema":{"@context":"https:\/\/schema.org","@graph":[{"@type":"WebPage","@id":"https:\/\/testwebsite.citygame.com\/hu\/games\/brasov\/sherlock-holmes-brasov\/","url":"https:\/\/testwebsite.citygame.com\/hu\/games\/brasov\/sherlock-holmes-brasov\/","name":"Sherlock Holmes Brasov - City Game","isPartOf":{"@id":"https:\/\/testwebsite.upevents.nl\/#website"},"primaryImageOfPage":{"@id":"https:\/\/testwebsite.citygame.com\/hu\/games\/brasov\/sherlock-holmes-brasov\/#primaryimage"},"image":{"@id":"https:\/\/testwebsite.citygame.com\/hu\/games\/brasov\/sherlock-holmes-brasov\/#primaryimage"},"thumbnailUrl":"https:\/\/testwebsite.citygame.com\/wp-content\/blogs.dir\/1\/files\/sites\/62\/2026\/02\/brasov-sherlock-game-player-in-park.jpg","datePublished":"2026-02-19T12:53:19+00:00","dateModified":"2026-04-08T01:41:46+00:00","description":"Sherlock Holmes Brasov. J\u00e1tssz egy \u00f6nvezet\u0151 gyilkoss\u00e1gi rejt\u00e9ly V\u00e1rosi J\u00e1t\u00e9kot, oldj meg fejt\u00f6r\u0151ket, k\u00f6vess nyomokat \u00e9s leplezd le a gyilkost a saj\u00e1t temp\u00f3dban!","breadcrumb":{"@id":"https:\/\/testwebsite.citygame.com\/hu\/games\/brasov\/sherlock-holmes-brasov\/#breadcrumb"},"inLanguage":"hu","potentialAction":[{"@type":"ReadAction","target":["https:\/\/testwebsite.citygame.com\/hu\/games\/brasov\/sherlock-holmes-brasov\/"]}]},{"@type":"ImageObject","inLanguage":"hu","@id":"https:\/\/testwebsite.citygame.com\/hu\/games\/brasov\/sherlock-holmes-brasov\/#primaryimage","url":"https:\/\/testwebsite.citygame.com\/wp-content\/blogs.dir\/1\/files\/sites\/62\/2026\/02\/brasov-sherlock-game-player-in-park.jpg","contentUrl":"https:\/\/testwebsite.citygame.com\/wp-content\/blogs.dir\/1\/files\/sites\/62\/2026\/02\/brasov-sherlock-game-player-in-park.jpg","width":1024,"height":1024,"caption":"A young woman interacts with the Sherlock city game on her smartphone in a park in Brasov."},{"@type":"BreadcrumbList","@id":"https:\/\/testwebsite.citygame.com\/hu\/games\/brasov\/sherlock-holmes-brasov\/#breadcrumb","itemListElement":[{"@type":"ListItem","position":1,"name":"Home","item":"https:\/\/testwebsite.citygame.com\/hu\/"},{"@type":"ListItem","position":2,"name":"Shop","item":"https:\/\/testwebsite.citygame.com\/shop\/"},{"@type":"ListItem","position":3,"name":"Sherlock Holmes Brasov"}]},{"@type":"WebSite","@id":"https:\/\/testwebsite.upevents.nl\/#website","url":"https:\/\/testwebsite.upevents.nl\/","name":"City Game","description":"","publisher":{"@id":"https:\/\/testwebsite.upevents.nl\/#organization"},"alternateName":"citygame.com","potentialAction":[{"@type":"SearchAction","target":{"@type":"EntryPoint","urlTemplate":"https:\/\/testwebsite.upevents.nl\/?s={search_term_string}"},"query-input":{"@type":"PropertyValueSpecification","valueRequired":true,"valueName":"search_term_string"}}],"inLanguage":"hu"},{"@type":["Organization","Place"],"@id":"https:\/\/testwebsite.upevents.nl\/#organization","name":"City Game","alternateName":"citygame.com","url":"https:\/\/testwebsite.upevents.nl\/","logo":{"@id":"https:\/\/testwebsite.citygame.com\/hu\/games\/brasov\/sherlock-holmes-brasov\/#local-main-organization-logo"},"image":{"@id":"https:\/\/testwebsite.citygame.com\/hu\/games\/brasov\/sherlock-holmes-brasov\/#local-main-organization-logo"},"sameAs":["https:\/\/www.facebook.com\/profile.php?id=100086426226253","https:\/\/www.instagram.com\/citygame_com","https:\/\/www.tiktok.com\/@citygamecom\/","https:\/\/www.linkedin.com\/company\/citygame-com"],"description":"Turn any city into a playground with our interactive City Games and self-guided tours. Fun, flexible, and ideal for groups and team building.","telephone":[],"openingHoursSpecification":[{"@type":"OpeningHoursSpecification","dayOfWeek":["Monday","Tuesday","Wednesday","Thursday","Friday","Saturday","Sunday"],"opens":"09:00","closes":"17:00"}]},{"@type":"ImageObject","inLanguage":"hu","@id":"https:\/\/testwebsite.citygame.com\/hu\/games\/brasov\/sherlock-holmes-brasov\/#local-main-organization-logo","url":"https:\/\/testwebsite.citygame.com\/wp-content\/blogs.dir\/1\/files\/sites\/62\/2025\/10\/CG_LOGO-City-Game.png","contentUrl":"https:\/\/testwebsite.citygame.com\/wp-content\/blogs.dir\/1\/files\/sites\/62\/2025\/10\/CG_LOGO-City-Game.png","width":351,"height":377,"caption":"City Game"}]}},"taxonomy_info":{"game-concept":[{"value":776,"label":"Sherlock"}],"location":[{"value":98,"label":"Brasov"}],"product_cat":[{"value":27,"label":"Geen categorie"}]},"featured_image_src_large":["https:\/\/testwebsite.citygame.com\/wp-content\/blogs.dir\/1\/files\/sites\/62\/2026\/02\/brasov-sherlock-game-player-in-park.jpg",1024,1024,false],"author_info":[],"comment_info":"","_links":{"self":[{"href":"https:\/\/testwebsite.citygame.com\/hu\/wp-json\/wp\/v2\/product\/58121","targetHints":{"allow":["GET"]}}],"collection":[{"href":"https:\/\/testwebsite.citygame.com\/hu\/wp-json\/wp\/v2\/product"}],"about":[{"href":"https:\/\/testwebsite.citygame.com\/hu\/wp-json\/wp\/v2\/types\/product"}],"acf:post":[{"embeddable":true,"href":"https:\/\/testwebsite.citygame.com\/hu\/wp-json\/wp\/v2\/pages\/12185"}],"wp:featuredmedia":[{"embeddable":true,"href":"https:\/\/testwebsite.citygame.com\/hu\/wp-json\/wp\/v2\/media\/14885"}],"wp:attachment":[{"href":"https:\/\/testwebsite.citygame.com\/hu\/wp-json\/wp\/v2\/media?parent=58121"}],"wp:term":[{"taxonomy":"game-concept","embeddable":true,"href":"https:\/\/testwebsite.citygame.com\/hu\/wp-json\/wp\/v2\/game-concept?post=58121"},{"taxonomy":"location","embeddable":true,"href":"https:\/\/testwebsite.citygame.com\/hu\/wp-json\/wp\/v2\/location?post=58121"},{"taxonomy":"product_brand","embeddable":true,"href":"https:\/\/testwebsite.citygame.com\/hu\/wp-json\/wp\/v2\/product_brand?post=58121"},{"taxonomy":"product_cat","embeddable":true,"href":"https:\/\/testwebsite.citygame.com\/hu\/wp-json\/wp\/v2\/product_cat?post=58121"},{"taxonomy":"product_tag","embeddable":true,"href":"https:\/\/testwebsite.citygame.com\/hu\/wp-json\/wp\/v2\/product_tag?post=58121"}],"curies":[{"name":"wp","href":"https:\/\/api.w.org\/{rel}","templated":true}]}}