{"id":57554,"date":"2026-02-15T19:05:12","date_gmt":"2026-02-15T19:05:12","guid":{"rendered":"https:\/\/testwebsite.citygame.com\/games\/unknown-location\/the-emmen-syndicate\/"},"modified":"2026-04-08T00:43:04","modified_gmt":"2026-04-08T00:43:04","slug":"the-emmen-syndicate","status":"publish","type":"product","link":"https:\/\/testwebsite.citygame.com\/hu\/games\/emmen\/the-emmen-syndicate\/","title":{"rendered":"The Emmen Syndicate"},"content":{"rendered":"<p>A The Emmen Syndicate egy \u00f6nvezet\u0151 V\u00e1rosi Szabadul\u00f3szoba J\u00e1t\u00e9k Emmenben, amely Emmen v\u00e1rosk\u00f6zpontj\u00e1ban j\u00e1tsz\u00f3dik. Ebben az immersz\u00edv Emmeni V\u00e1rosi J\u00e1t\u00e9kban csapata egy\u00fctt dolgozik azon, hogy felkutassa a megfoghatatlan Magnust, \u00e9s visszaszerezzen hat ellopott formul\u00e1t egy sor rejtv\u00e9ny, feladat \u00e9s kih\u00edv\u00e1s seg\u00edts\u00e9g\u00e9vel. Az er\u0151s csapatmunk\u00e1ra, a t\u00f6rt\u00e9netmes\u00e9l\u00e9sre \u00e9s a l\u00e9p\u00e9sr\u0151l l\u00e9p\u00e9sre halad\u00f3 k\u00fcldet\u00e9sre f\u00f3kusz\u00e1lva ez az \u00f6nvezet\u0151 v\u00e1rosi j\u00e1t\u00e9k mag\u00e1val ragad\u00f3 v\u00e1rosi szabadul\u00e1si \u00e9lm\u00e9nyt ny\u00fajt.<\/p>\n","protected":false},"excerpt":{"rendered":"<p>L\u00e9pjen be Emmen intrik\u00e1kkal teli utc\u00e1iba a The Emmen Syndicate City Escape Game j\u00e1t\u00e9kkal, amely egy \u00f6nvezet\u0151 utaz\u00e1s egy leny\u0171g\u00f6z\u0151 t\u00f6rt\u00e9neten kereszt\u00fcl. Oldjon meg kih\u00edv\u00e1st jelent\u0151 rejtv\u00e9nyeket, k\u00f6vesse az izgalmas nyomokat, \u00e9s m\u0171k\u00f6dj\u00f6n egy\u00fctt csapat\u00e1val, hogy felfedje az igazs\u00e1got \u2013 az \u00f3ra ketyeg, kezd\u0151dj\u00f6n a kaland!<\/p>\n","protected":false},"featured_media":13815,"template":"","meta":{"_acf_changed":false,"_yoast_wpseo_focuskw":"The Emmen Syndicate","_yoast_wpseo_metadesc":"The Emmen Syndicate. J\u00e1tsszon egy \u00f6nvezet\u0151 V\u00e1rosi Szabadul\u00f3szoba J\u00e1t\u00e9kot, oldjon meg rejtv\u00e9nyeket, teljes\u00edtsen k\u00fcldet\u00e9seket, \u00e9s szerezze vissza az ellopott formul\u00e1kat a saj\u00e1t temp\u00f3j\u00e1ban!","_kad_blocks_custom_css":"","_kad_blocks_head_custom_js":"","_kad_blocks_body_custom_js":"","_kad_blocks_footer_custom_js":"","ghostkit_customizer_options":"","ghostkit_custom_css":"","ghostkit_custom_js_head":"","ghostkit_custom_js_foot":"","ghostkit_typography":"","_kad_post_transparent":"default","_kad_post_title":"","_kad_post_layout":"default","_kad_post_sidebar_id":"","_kad_post_content_style":"default","_kad_post_vertical_padding":"default","_kad_post_feature":"","_kad_post_feature_position":"","_kad_post_header":false,"_kad_post_footer":false,"_kad_post_classname":"","_links_to":"","_links_to_target":""},"game-concept":[745],"location":[156],"product_brand":[],"product_cat":[27],"product_tag":[],"class_list":{"0":"post-57554","1":"product","2":"type-product","3":"status-publish","4":"has-post-thumbnail","6":"game-concept-syndicate","7":"location-emmen","8":"product_cat-geen-categorie","10":"first","11":"instock","12":"shipping-taxable","13":"purchasable","14":"product-type-simple","15":"entry","16":"content-bg","17":"loop-entry"},"acf":{"full_bokun_product_name":"Self-Guided The Emmen Syndicate City Escape Game","location_name":"Emmen","bokun_calendar_widget_code":"<script type=\"text\/javascript\" src=\"https:\/\/widgets.bokun.io\/assets\/javascripts\/apps\/build\/BokunWidgetsLoader.js?bookingChannelUUID=a1e93e96-5232-4734-a595-28405f4b5a31\" async><\/script>\n     \n    <div class=\"bokunWidget\" data-src=\"https:\/\/widgets.bokun.io\/online-sales\/a1e93e96-5232-4734-a595-28405f4b5a31\/experience-calendar\/797851\"><\/div>\n    <noscript>Please enable javascript in your browser to book<\/noscript>","bokun_button_widget_code":"<script type=\"text\/javascript\" src=\"https:\/\/widgets.bokun.io\/assets\/javascripts\/apps\/build\/BokunWidgetsLoader.js?bookingChannelUUID=a1e93e96-5232-4734-a595-28405f4b5a31\" async><\/script>\n      <style> #bokun_ed001e45_5927_4f62_b470_ca766338d083 { display: inline-block; padding: .4em 1em; background: #47b82e; border-radius: 999999px; box-shadow: none; font-weight: 600; font-size: 24px; text-decoration: none; text-align: center; color: #FFFFFF; border:none; cursor: pointer; transition: background .2s ease; } #bokun_ed001e45_5927_4f62_b470_ca766338d083:hover{ background: #2f7b1f; } #bokun_ed001e45_5927_4f62_b470_ca766338d083:active{ background: #378f24; } <\/style> <button class=\"bokunButton\" disabled id=bokun_ed001e45_5927_4f62_b470_ca766338d083 data-src=\"https:\/\/widgets.bokun.io\/online-sales\/a1e93e96-5232-4734-a595-28405f4b5a31\/experience-calendar\/797851?partialView=1\" data-testid=\"widget-book-button\" > Book now <\/button> ","what_you\u2019ll_experience_during_the_game":"L\u00e9pjen be egy nagyt\u00e9t\u0171 szabadul\u00e1si k\u00fcldet\u00e9sbe Emmenben, ahol \u00d6n \u00e9s csapata azzal a feladattal szembes\u00fcl, hogy felkutassa Magnust, egy sz\u00f6kev\u00e9ny zsenit, \u00e9s visszaszerezzen hat ellopott k\u00e9miai formul\u00e1t, miel\u0151tt lej\u00e1r az id\u0151.\r\n\r\nA t\u00f6rt\u00e9net fokozatosan bontakozik ki, ahogy halad a v\u00e1rosban, felfedezve kritikus nyomokat, megfejtve \u00fczeneteket, \u00e9s r\u00e9szt v\u00e9ve egy sor mag\u00e1val ragad\u00f3, t\u00f6rt\u00e9netk\u00f6zpont\u00fa kih\u00edv\u00e1sban, amelyek egyed\u00fcl\u00e1ll\u00f3 m\u00f3don illeszkednek a k\u00f6rnyezet\u00e9be.\r\n\r\nMinden szakasz \u00e9les gondolkod\u00e1st, z\u00f6kken\u0151mentes egy\u00fcttm\u0171k\u00f6d\u00e9st \u00e9s strat\u00e9giai d\u00f6nt\u00e9shozatalt ig\u00e9nyel. A rejtv\u00e9nyek \u00e9s feladatok c\u00e9lja, hogy pr\u00f3b\u00e1ra tegy\u00e9k a csapatmunk\u00e1ban val\u00f3 nyom\u00e1s alatti teljes\u00edt\u0151k\u00e9pess\u00e9g\u00e9t, mik\u00f6zben rugalmass\u00e1got biztos\u00edtanak a k\u00fcldet\u00e9s sz\u00fcneteltet\u00e9s\u00e9re \u00e9s folytat\u00e1s\u00e1ra, amikor csak a csapatnak sz\u00fcks\u00e9ge van egy pihen\u0151re. Emmennel, mint \u00e9l\u0151 h\u00e1tt\u00e9rrel, minden d\u00f6nt\u00e9se el\u0151reviszi a cselekm\u00e9nyt, m\u00e9lyebbre vonva \u00d6nt a The Emmen Syndicate titkaiba.","how_to_play":"Foglalja le a V\u00e1rosi J\u00e1t\u00e9kot, ellen\u0151rizze az e-mailt, amelyet az utas\u00edt\u00e1sokkal k\u00fcld\u00fcnk \u00d6nnek, t\u00f6ltse le a Loquiz App alkalmaz\u00e1st, \u00e9s kezdje meg a j\u00e1t\u00e9k\u00e9lm\u00e9nyt!","start_location":"Emmen, Grote of Pancratiuskerk","available_languages":["nl","en"],"players_per_group":"1-4","duration":"1.5-2 hours","image_overlay_color_image":"https:\/\/testwebsite.citygame.com\/wp-content\/blogs.dir\/1\/files\/sites\/62\/2026\/01\/SyndicateColor.svg","image_overlay_game_logo":"https:\/\/testwebsite.citygame.com\/wp-content\/blogs.dir\/1\/files\/sites\/62\/2026\/01\/SyndicateLogo.png","city_page":4850,"woocommerce_general_content":null},"yoast_head":"<!-- This site is optimized with the Yoast SEO Premium plugin v26.2 (Yoast SEO v26.3) - https:\/\/yoast.com\/wordpress\/plugins\/seo\/ -->\n<title>The Emmen Syndicate - City Game<\/title>\n<meta name=\"description\" content=\"The Emmen Syndicate. J\u00e1tsszon egy \u00f6nvezet\u0151 V\u00e1rosi Szabadul\u00f3szoba J\u00e1t\u00e9kot, oldjon meg rejtv\u00e9nyeket, teljes\u00edtsen k\u00fcldet\u00e9seket, \u00e9s szerezze vissza az ellopott formul\u00e1kat a saj\u00e1t temp\u00f3j\u00e1ban!\" \/>\n<meta name=\"robots\" content=\"noindex, follow, max-snippet:-1, max-image-preview:large, max-video-preview:-1\" \/>\n<meta property=\"og:locale\" content=\"hu_HU\" \/>\n<meta property=\"og:type\" content=\"article\" \/>\n<meta property=\"og:title\" content=\"The Emmen Syndicate\" \/>\n<meta property=\"og:description\" content=\"The Emmen Syndicate. J\u00e1tsszon egy \u00f6nvezet\u0151 V\u00e1rosi Szabadul\u00f3szoba J\u00e1t\u00e9kot, oldjon meg rejtv\u00e9nyeket, teljes\u00edtsen k\u00fcldet\u00e9seket, \u00e9s szerezze vissza az ellopott formul\u00e1kat a saj\u00e1t temp\u00f3j\u00e1ban!\" \/>\n<meta property=\"og:url\" content=\"https:\/\/testwebsite.citygame.com\/hu\/games\/emmen\/the-emmen-syndicate\/\" \/>\n<meta property=\"og:site_name\" content=\"City Game\" \/>\n<meta property=\"article:publisher\" content=\"https:\/\/www.facebook.com\/profile.php?id=100086426226253\" \/>\n<meta property=\"article:modified_time\" content=\"2026-04-08T00:43:04+00:00\" \/>\n<meta property=\"og:image\" content=\"https:\/\/testwebsite.citygame.com\/wp-content\/blogs.dir\/1\/files\/sites\/62\/2026\/02\/secrets-of-emmen-player-grote-kerk-market-square.jpg\" \/>\n\t<meta property=\"og:image:width\" content=\"1024\" \/>\n\t<meta property=\"og:image:height\" content=\"1024\" \/>\n\t<meta property=\"og:image:type\" content=\"image\/jpeg\" \/>\n<meta name=\"twitter:card\" content=\"summary_large_image\" \/>\n<meta name=\"twitter:label1\" content=\"Becs\u00fclt olvas\u00e1si id\u0151\" \/>\n\t<meta name=\"twitter:data1\" content=\"1 perc\" \/>\n<script type=\"application\/ld+json\" class=\"yoast-schema-graph\">{\"@context\":\"https:\/\/schema.org\",\"@graph\":[{\"@type\":\"WebPage\",\"@id\":\"https:\/\/testwebsite.citygame.com\/hu\/games\/emmen\/the-emmen-syndicate\/\",\"url\":\"https:\/\/testwebsite.citygame.com\/hu\/games\/emmen\/the-emmen-syndicate\/\",\"name\":\"The Emmen Syndicate - City Game\",\"isPartOf\":{\"@id\":\"https:\/\/testwebsite.upevents.nl\/#website\"},\"primaryImageOfPage\":{\"@id\":\"https:\/\/testwebsite.citygame.com\/hu\/games\/emmen\/the-emmen-syndicate\/#primaryimage\"},\"image\":{\"@id\":\"https:\/\/testwebsite.citygame.com\/hu\/games\/emmen\/the-emmen-syndicate\/#primaryimage\"},\"thumbnailUrl\":\"https:\/\/testwebsite.citygame.com\/wp-content\/blogs.dir\/1\/files\/sites\/62\/2026\/02\/secrets-of-emmen-player-grote-kerk-market-square.jpg\",\"datePublished\":\"2026-02-15T19:05:12+00:00\",\"dateModified\":\"2026-04-08T00:43:04+00:00\",\"description\":\"The Emmen Syndicate. J\u00e1tsszon egy \u00f6nvezet\u0151 V\u00e1rosi Szabadul\u00f3szoba J\u00e1t\u00e9kot, oldjon meg rejtv\u00e9nyeket, teljes\u00edtsen k\u00fcldet\u00e9seket, \u00e9s szerezze vissza az ellopott formul\u00e1kat a saj\u00e1t temp\u00f3j\u00e1ban!\",\"breadcrumb\":{\"@id\":\"https:\/\/testwebsite.citygame.com\/hu\/games\/emmen\/the-emmen-syndicate\/#breadcrumb\"},\"inLanguage\":\"hu\",\"potentialAction\":[{\"@type\":\"ReadAction\",\"target\":[\"https:\/\/testwebsite.citygame.com\/hu\/games\/emmen\/the-emmen-syndicate\/\"]}]},{\"@type\":\"ImageObject\",\"inLanguage\":\"hu\",\"@id\":\"https:\/\/testwebsite.citygame.com\/hu\/games\/emmen\/the-emmen-syndicate\/#primaryimage\",\"url\":\"https:\/\/testwebsite.citygame.com\/wp-content\/blogs.dir\/1\/files\/sites\/62\/2026\/02\/secrets-of-emmen-player-grote-kerk-market-square.jpg\",\"contentUrl\":\"https:\/\/testwebsite.citygame.com\/wp-content\/blogs.dir\/1\/files\/sites\/62\/2026\/02\/secrets-of-emmen-player-grote-kerk-market-square.jpg\",\"width\":1024,\"height\":1024,\"caption\":\"A view of the market square and the Grote Kerk tower in Emmen, Netherlands.\"},{\"@type\":\"BreadcrumbList\",\"@id\":\"https:\/\/testwebsite.citygame.com\/hu\/games\/emmen\/the-emmen-syndicate\/#breadcrumb\",\"itemListElement\":[{\"@type\":\"ListItem\",\"position\":1,\"name\":\"Home\",\"item\":\"https:\/\/testwebsite.citygame.com\/hu\/\"},{\"@type\":\"ListItem\",\"position\":2,\"name\":\"Shop\",\"item\":\"https:\/\/testwebsite.citygame.com\/shop\/\"},{\"@type\":\"ListItem\",\"position\":3,\"name\":\"The Emmen Syndicate\"}]},{\"@type\":\"WebSite\",\"@id\":\"https:\/\/testwebsite.upevents.nl\/#website\",\"url\":\"https:\/\/testwebsite.upevents.nl\/\",\"name\":\"City Game\",\"description\":\"\",\"publisher\":{\"@id\":\"https:\/\/testwebsite.upevents.nl\/#organization\"},\"alternateName\":\"citygame.com\",\"potentialAction\":[{\"@type\":\"SearchAction\",\"target\":{\"@type\":\"EntryPoint\",\"urlTemplate\":\"https:\/\/testwebsite.upevents.nl\/?s={search_term_string}\"},\"query-input\":{\"@type\":\"PropertyValueSpecification\",\"valueRequired\":true,\"valueName\":\"search_term_string\"}}],\"inLanguage\":\"hu\"},{\"@type\":[\"Organization\",\"Place\"],\"@id\":\"https:\/\/testwebsite.upevents.nl\/#organization\",\"name\":\"City Game\",\"alternateName\":\"citygame.com\",\"url\":\"https:\/\/testwebsite.upevents.nl\/\",\"logo\":{\"@id\":\"https:\/\/testwebsite.citygame.com\/hu\/games\/emmen\/the-emmen-syndicate\/#local-main-organization-logo\"},\"image\":{\"@id\":\"https:\/\/testwebsite.citygame.com\/hu\/games\/emmen\/the-emmen-syndicate\/#local-main-organization-logo\"},\"sameAs\":[\"https:\/\/www.facebook.com\/profile.php?id=100086426226253\",\"https:\/\/www.instagram.com\/citygame_com\",\"https:\/\/www.tiktok.com\/@citygamecom\/\",\"https:\/\/www.linkedin.com\/company\/citygame-com\"],\"description\":\"Turn any city into a playground with our interactive City Games and self-guided tours. Fun, flexible, and ideal for groups and team building.\",\"telephone\":[],\"openingHoursSpecification\":[{\"@type\":\"OpeningHoursSpecification\",\"dayOfWeek\":[\"Monday\",\"Tuesday\",\"Wednesday\",\"Thursday\",\"Friday\",\"Saturday\",\"Sunday\"],\"opens\":\"09:00\",\"closes\":\"17:00\"}]},{\"@type\":\"ImageObject\",\"inLanguage\":\"hu\",\"@id\":\"https:\/\/testwebsite.citygame.com\/hu\/games\/emmen\/the-emmen-syndicate\/#local-main-organization-logo\",\"url\":\"https:\/\/testwebsite.citygame.com\/wp-content\/blogs.dir\/1\/files\/sites\/62\/2025\/10\/CG_LOGO-City-Game.png\",\"contentUrl\":\"https:\/\/testwebsite.citygame.com\/wp-content\/blogs.dir\/1\/files\/sites\/62\/2025\/10\/CG_LOGO-City-Game.png\",\"width\":351,\"height\":377,\"caption\":\"City Game\"}]}<\/script>\n<!-- \/ Yoast SEO Premium plugin. -->","yoast_head_json":{"title":"The Emmen Syndicate - City Game","description":"The Emmen Syndicate. J\u00e1tsszon egy \u00f6nvezet\u0151 V\u00e1rosi Szabadul\u00f3szoba J\u00e1t\u00e9kot, oldjon meg rejtv\u00e9nyeket, teljes\u00edtsen k\u00fcldet\u00e9seket, \u00e9s szerezze vissza az ellopott formul\u00e1kat a saj\u00e1t temp\u00f3j\u00e1ban!","robots":{"index":"noindex","follow":"follow","max-snippet":"max-snippet:-1","max-image-preview":"max-image-preview:large","max-video-preview":"max-video-preview:-1"},"og_locale":"hu_HU","og_type":"article","og_title":"The Emmen Syndicate","og_description":"The Emmen Syndicate. J\u00e1tsszon egy \u00f6nvezet\u0151 V\u00e1rosi Szabadul\u00f3szoba J\u00e1t\u00e9kot, oldjon meg rejtv\u00e9nyeket, teljes\u00edtsen k\u00fcldet\u00e9seket, \u00e9s szerezze vissza az ellopott formul\u00e1kat a saj\u00e1t temp\u00f3j\u00e1ban!","og_url":"https:\/\/testwebsite.citygame.com\/hu\/games\/emmen\/the-emmen-syndicate\/","og_site_name":"City Game","article_publisher":"https:\/\/www.facebook.com\/profile.php?id=100086426226253","article_modified_time":"2026-04-08T00:43:04+00:00","og_image":[{"width":1024,"height":1024,"url":"https:\/\/testwebsite.citygame.com\/wp-content\/blogs.dir\/1\/files\/sites\/62\/2026\/02\/secrets-of-emmen-player-grote-kerk-market-square.jpg","type":"image\/jpeg"}],"twitter_card":"summary_large_image","twitter_misc":{"Becs\u00fclt olvas\u00e1si id\u0151":"1 perc"},"schema":{"@context":"https:\/\/schema.org","@graph":[{"@type":"WebPage","@id":"https:\/\/testwebsite.citygame.com\/hu\/games\/emmen\/the-emmen-syndicate\/","url":"https:\/\/testwebsite.citygame.com\/hu\/games\/emmen\/the-emmen-syndicate\/","name":"The Emmen Syndicate - City Game","isPartOf":{"@id":"https:\/\/testwebsite.upevents.nl\/#website"},"primaryImageOfPage":{"@id":"https:\/\/testwebsite.citygame.com\/hu\/games\/emmen\/the-emmen-syndicate\/#primaryimage"},"image":{"@id":"https:\/\/testwebsite.citygame.com\/hu\/games\/emmen\/the-emmen-syndicate\/#primaryimage"},"thumbnailUrl":"https:\/\/testwebsite.citygame.com\/wp-content\/blogs.dir\/1\/files\/sites\/62\/2026\/02\/secrets-of-emmen-player-grote-kerk-market-square.jpg","datePublished":"2026-02-15T19:05:12+00:00","dateModified":"2026-04-08T00:43:04+00:00","description":"The Emmen Syndicate. J\u00e1tsszon egy \u00f6nvezet\u0151 V\u00e1rosi Szabadul\u00f3szoba J\u00e1t\u00e9kot, oldjon meg rejtv\u00e9nyeket, teljes\u00edtsen k\u00fcldet\u00e9seket, \u00e9s szerezze vissza az ellopott formul\u00e1kat a saj\u00e1t temp\u00f3j\u00e1ban!","breadcrumb":{"@id":"https:\/\/testwebsite.citygame.com\/hu\/games\/emmen\/the-emmen-syndicate\/#breadcrumb"},"inLanguage":"hu","potentialAction":[{"@type":"ReadAction","target":["https:\/\/testwebsite.citygame.com\/hu\/games\/emmen\/the-emmen-syndicate\/"]}]},{"@type":"ImageObject","inLanguage":"hu","@id":"https:\/\/testwebsite.citygame.com\/hu\/games\/emmen\/the-emmen-syndicate\/#primaryimage","url":"https:\/\/testwebsite.citygame.com\/wp-content\/blogs.dir\/1\/files\/sites\/62\/2026\/02\/secrets-of-emmen-player-grote-kerk-market-square.jpg","contentUrl":"https:\/\/testwebsite.citygame.com\/wp-content\/blogs.dir\/1\/files\/sites\/62\/2026\/02\/secrets-of-emmen-player-grote-kerk-market-square.jpg","width":1024,"height":1024,"caption":"A view of the market square and the Grote Kerk tower in Emmen, Netherlands."},{"@type":"BreadcrumbList","@id":"https:\/\/testwebsite.citygame.com\/hu\/games\/emmen\/the-emmen-syndicate\/#breadcrumb","itemListElement":[{"@type":"ListItem","position":1,"name":"Home","item":"https:\/\/testwebsite.citygame.com\/hu\/"},{"@type":"ListItem","position":2,"name":"Shop","item":"https:\/\/testwebsite.citygame.com\/shop\/"},{"@type":"ListItem","position":3,"name":"The Emmen Syndicate"}]},{"@type":"WebSite","@id":"https:\/\/testwebsite.upevents.nl\/#website","url":"https:\/\/testwebsite.upevents.nl\/","name":"City Game","description":"","publisher":{"@id":"https:\/\/testwebsite.upevents.nl\/#organization"},"alternateName":"citygame.com","potentialAction":[{"@type":"SearchAction","target":{"@type":"EntryPoint","urlTemplate":"https:\/\/testwebsite.upevents.nl\/?s={search_term_string}"},"query-input":{"@type":"PropertyValueSpecification","valueRequired":true,"valueName":"search_term_string"}}],"inLanguage":"hu"},{"@type":["Organization","Place"],"@id":"https:\/\/testwebsite.upevents.nl\/#organization","name":"City Game","alternateName":"citygame.com","url":"https:\/\/testwebsite.upevents.nl\/","logo":{"@id":"https:\/\/testwebsite.citygame.com\/hu\/games\/emmen\/the-emmen-syndicate\/#local-main-organization-logo"},"image":{"@id":"https:\/\/testwebsite.citygame.com\/hu\/games\/emmen\/the-emmen-syndicate\/#local-main-organization-logo"},"sameAs":["https:\/\/www.facebook.com\/profile.php?id=100086426226253","https:\/\/www.instagram.com\/citygame_com","https:\/\/www.tiktok.com\/@citygamecom\/","https:\/\/www.linkedin.com\/company\/citygame-com"],"description":"Turn any city into a playground with our interactive City Games and self-guided tours. Fun, flexible, and ideal for groups and team building.","telephone":[],"openingHoursSpecification":[{"@type":"OpeningHoursSpecification","dayOfWeek":["Monday","Tuesday","Wednesday","Thursday","Friday","Saturday","Sunday"],"opens":"09:00","closes":"17:00"}]},{"@type":"ImageObject","inLanguage":"hu","@id":"https:\/\/testwebsite.citygame.com\/hu\/games\/emmen\/the-emmen-syndicate\/#local-main-organization-logo","url":"https:\/\/testwebsite.citygame.com\/wp-content\/blogs.dir\/1\/files\/sites\/62\/2025\/10\/CG_LOGO-City-Game.png","contentUrl":"https:\/\/testwebsite.citygame.com\/wp-content\/blogs.dir\/1\/files\/sites\/62\/2025\/10\/CG_LOGO-City-Game.png","width":351,"height":377,"caption":"City Game"}]}},"taxonomy_info":{"game-concept":[{"value":745,"label":"Syndicate"}],"location":[{"value":156,"label":"Emmen"}],"product_cat":[{"value":27,"label":"Geen categorie"}]},"featured_image_src_large":["https:\/\/testwebsite.citygame.com\/wp-content\/blogs.dir\/1\/files\/sites\/62\/2026\/02\/secrets-of-emmen-player-grote-kerk-market-square.jpg",1024,1024,false],"author_info":[],"comment_info":"","_links":{"self":[{"href":"https:\/\/testwebsite.citygame.com\/hu\/wp-json\/wp\/v2\/product\/57554","targetHints":{"allow":["GET"]}}],"collection":[{"href":"https:\/\/testwebsite.citygame.com\/hu\/wp-json\/wp\/v2\/product"}],"about":[{"href":"https:\/\/testwebsite.citygame.com\/hu\/wp-json\/wp\/v2\/types\/product"}],"acf:post":[{"embeddable":true,"href":"https:\/\/testwebsite.citygame.com\/hu\/wp-json\/wp\/v2\/pages\/4850"}],"wp:featuredmedia":[{"embeddable":true,"href":"https:\/\/testwebsite.citygame.com\/hu\/wp-json\/wp\/v2\/media\/13815"}],"wp:attachment":[{"href":"https:\/\/testwebsite.citygame.com\/hu\/wp-json\/wp\/v2\/media?parent=57554"}],"wp:term":[{"taxonomy":"game-concept","embeddable":true,"href":"https:\/\/testwebsite.citygame.com\/hu\/wp-json\/wp\/v2\/game-concept?post=57554"},{"taxonomy":"location","embeddable":true,"href":"https:\/\/testwebsite.citygame.com\/hu\/wp-json\/wp\/v2\/location?post=57554"},{"taxonomy":"product_brand","embeddable":true,"href":"https:\/\/testwebsite.citygame.com\/hu\/wp-json\/wp\/v2\/product_brand?post=57554"},{"taxonomy":"product_cat","embeddable":true,"href":"https:\/\/testwebsite.citygame.com\/hu\/wp-json\/wp\/v2\/product_cat?post=57554"},{"taxonomy":"product_tag","embeddable":true,"href":"https:\/\/testwebsite.citygame.com\/hu\/wp-json\/wp\/v2\/product_tag?post=57554"}],"curies":[{"name":"wp","href":"https:\/\/api.w.org\/{rel}","templated":true}]}}