{"id":57441,"date":"2026-02-04T16:43:20","date_gmt":"2026-02-04T16:43:20","guid":{"rendered":"https:\/\/testwebsite.citygame.com\/games\/unknown-location\/sherlock-holmes-ciudad-juarez\/"},"modified":"2026-04-08T00:28:44","modified_gmt":"2026-04-08T00:28:44","slug":"sherlock-holmes-ciudad-juarez","status":"publish","type":"product","link":"https:\/\/testwebsite.citygame.com\/hu\/games\/ciudad-juarez\/sherlock-holmes-ciudad-juarez\/","title":{"rendered":"Sherlock Holmes Ciudad Juarez"},"content":{"rendered":"<p>L\u00e9pj be Sherlock Holmes vil\u00e1g\u00e1ba ezzel az \u00f6nvezet\u0151, t\u00f6rt\u00e9netk\u00f6zpont\u00fa gyilkoss\u00e1gi rejt\u00e9ly v\u00e1rosi j\u00e1t\u00e9kkal, amely Ciudad Juarez belv\u00e1ros\u00e1ban j\u00e1tsz\u00f3dik. Mik\u00f6zben az utc\u00e1kon haladsz, a v\u00e1ros lesz a h\u00e1ttere a kibontakoz\u00f3 nyomoz\u00e1sodnak egy sokkol\u00f3 gyilkoss\u00e1g \u00fcgy\u00e9ben, amely a Szabads\u00e1g Fesztiv\u00e1l idej\u00e9n t\u00f6rt\u00e9nt. Nyomokat k\u00f6vetve, fejt\u00f6r\u0151ket megoldva \u00e9s digit\u00e1lis gyan\u00fas\u00edtottakat kihallgatva a saj\u00e1t temp\u00f3dban, darabonk\u00e9nt \u00f6ssze\u00e1ll\u00edtod az igazs\u00e1got egy mag\u00e1val ragad\u00f3 detekt\u00edv\u00e9lm\u00e9nyben, amelyet a legend\u00e1s Holmes ihletett.<\/p>\n","protected":false},"excerpt":{"rendered":"<p>Mer\u00fclj el Sherlock Holmes dinamikus szerep\u00e9be ebben a mag\u00e1val ragad\u00f3, \u00f6nvezet\u0151 gyilkoss\u00e1gi rejt\u00e9lyben, amely Ciudad Juarez utc\u00e1in bontakozik ki. Versenyezz az id\u0151vel, mik\u00f6zben csapatoddal megtal\u00e1lj\u00e1tok a rejtett nyomokat, megfejtitek a bonyolult fejt\u00f6r\u0151ket, \u00e9s minden akad\u00e1ly ellen\u00e9re felfeditek a puszta igazs\u00e1got!<\/p>\n","protected":false},"featured_media":10378,"template":"","meta":{"_acf_changed":false,"_yoast_wpseo_focuskw":"Sherlock Holmes Ciudad Juarez","_yoast_wpseo_metadesc":"Sherlock Holmes Ciudad Juarez. J\u00e1tssz egy \u00f6nvezet\u0151 gyilkoss\u00e1gi rejt\u00e9ly v\u00e1rosi j\u00e1t\u00e9kkal, oldj meg fejt\u00f6r\u0151ket, k\u00f6vess nyomokat \u00e9s fedezd fel a gyilkost a saj\u00e1t temp\u00f3dban!","_kad_blocks_custom_css":"","_kad_blocks_head_custom_js":"","_kad_blocks_body_custom_js":"","_kad_blocks_footer_custom_js":"","ghostkit_customizer_options":"","ghostkit_custom_css":"","ghostkit_custom_js_head":"","ghostkit_custom_js_foot":"","ghostkit_typography":"","_kad_post_transparent":"","_kad_post_title":"","_kad_post_layout":"","_kad_post_sidebar_id":"","_kad_post_content_style":"","_kad_post_vertical_padding":"","_kad_post_feature":"","_kad_post_feature_position":"","_kad_post_header":false,"_kad_post_footer":false,"_kad_post_classname":"","_links_to":"","_links_to_target":""},"game-concept":[776],"location":[123],"product_brand":[],"product_cat":[27],"product_tag":[],"class_list":{"0":"post-57441","1":"product","2":"type-product","3":"status-publish","4":"has-post-thumbnail","6":"game-concept-sherlock","7":"location-ciudad-juarez","8":"product_cat-geen-categorie","10":"first","11":"instock","12":"shipping-taxable","13":"purchasable","14":"product-type-simple","15":"entry","16":"content-bg","17":"loop-entry"},"acf":{"full_bokun_product_name":"Ciudad Juarez Self-Guided Sherlock Holmes Murder Mystery Game","location_name":"Ciudad Juarez","bokun_calendar_widget_code":"<script type=\"text\/javascript\" src=\"https:\/\/widgets.bokun.io\/assets\/javascripts\/apps\/build\/BokunWidgetsLoader.js?bookingChannelUUID=a1e93e96-5232-4734-a595-28405f4b5a31\" async><\/script>\n     \n    <div class=\"bokunWidget\" data-src=\"https:\/\/widgets.bokun.io\/online-sales\/a1e93e96-5232-4734-a595-28405f4b5a31\/experience-calendar\/731108\"><\/div>\n    <noscript>Please enable javascript in your browser to book<\/noscript>","bokun_button_widget_code":"<script type=\"text\/javascript\" src=\"https:\/\/widgets.bokun.io\/assets\/javascripts\/apps\/build\/BokunWidgetsLoader.js?bookingChannelUUID=a1e93e96-5232-4734-a595-28405f4b5a31\" async><\/script>\n      <style> #bokun_ed001e45_5927_4f62_b470_ca766338d083 { display: inline-block; padding: .4em 1em; background: #47b82e; border-radius: 999999px; box-shadow: none; font-weight: 600; font-size: 24px; text-decoration: none; text-align: center; color: #FFFFFF; border:none; cursor: pointer; transition: background .2s ease; } #bokun_ed001e45_5927_4f62_b470_ca766338d083:hover{ background: #2f7b1f; } #bokun_ed001e45_5927_4f62_b470_ca766338d083:active{ background: #378f24; } <\/style> <button class=\"bokunButton\" disabled id=bokun_ed001e45_5927_4f62_b470_ca766338d083 data-src=\"https:\/\/widgets.bokun.io\/online-sales\/a1e93e96-5232-4734-a595-28405f4b5a31\/experience-calendar\/731108?partialView=1\" data-testid=\"widget-book-button\" > Book now <\/button> ","what_you\u2019ll_experience_during_the_game":"Egy mag\u00e1val ragad\u00f3 detekt\u00edvt\u00f6rt\u00e9netbe cs\u00f6ppensz Ciudad Juarez sz\u00edv\u00e9ben, ahol minden d\u00f6nt\u00e9s \u00e9s felfedez\u00e9s k\u00f6zelebb visz az igazs\u00e1ghoz. Ahogy haladsz a v\u00e1roson kereszt\u00fcl, a rejt\u00e9ly darabonk\u00e9nt bontakozik ki, egyre m\u00e9lyebbre vonva t\u00e9ged egy gyilkoss\u00e1g nyomoz\u00e1s\u00e1ba, amely mindenkit sokkolt a Szabads\u00e1g Fesztiv\u00e1l alatt. Nyomokat fogsz k\u00f6vetni, amelyek rejtve vannak, bonyolult fejt\u00f6r\u0151ket oldasz meg \u00e9s v\u00e1ratlan fordulatokkal szembes\u00fclsz, amelyek megk\u00e9rd\u0151jelezik minden felt\u00e9telez\u00e9sedet.\n\n\u00datk\u00f6zben digit\u00e1lis gyan\u00fas\u00edtottakat hallgatsz ki, ellen\u0151rz\u00f6d az alibiket \u00e9s leleplezed az ellentmond\u00e1sokat a t\u00f6rt\u00e9neteikben. A megfigyel\u00e9sed, a dedukci\u00f3d \u00e9s a kritikus gondolkod\u00e1sod alapvet\u0151 fontoss\u00e1g\u00fa, mivel minden interakci\u00f3 m\u00e9lys\u00e9get ad a kibontakoz\u00f3 narrat\u00edv\u00e1nak. Az \u00e9lm\u00e9ny teljesen t\u00f6rt\u00e9netk\u00f6zpont\u00fa, lehet\u0151v\u00e9 t\u00e9ve, hogy a saj\u00e1t temp\u00f3dban mer\u00fclj el az \u00fcgyben \u2014 b\u00e1rmikor sz\u00fcneteltetheted, gondolkodhatsz \u00e9s folytathatod. Ak\u00e1r egyed\u00fcl dolgozol, ak\u00e1r m\u00e1s csapatokkal hasonl\u00edtod \u00f6ssze a halad\u00e1sodat, minden l\u00e9p\u00e9s r\u00e9sze az utadnak, hogy felfedd, mi is t\u00f6rt\u00e9nt val\u00f3j\u00e1ban azon az \u00e9jszak\u00e1n Ciudad Juarezben.","how_to_play":"Dolgozz egyed\u00fcl vagy bar\u00e1tokkal, csal\u00e1ddal, koll\u00e9g\u00e1kkal, legfeljebb n\u00e9gyf\u0151s csapatokban, eszk\u00f6z\u00f6nk\u00e9nt. A foglal\u00e1s ut\u00e1n kapsz egy e-mailt utas\u00edt\u00e1sokkal, amelyben minden sz\u00fcks\u00e9ges inform\u00e1ci\u00f3t megtal\u00e1lsz.","start_location":"Ciudad Juarez, Cathedral of Ciudad Juarez","available_languages":["en","es","fr","de","it","nl"],"players_per_group":"1-4","duration":"1.5-2 hours","image_overlay_color_image":"https:\/\/testwebsite.citygame.com\/wp-content\/blogs.dir\/1\/files\/sites\/62\/2026\/01\/SherlockColor.svg","image_overlay_game_logo":"https:\/\/testwebsite.citygame.com\/wp-content\/blogs.dir\/1\/files\/sites\/62\/2026\/01\/SherlockLogo.png","city_page":6450,"woocommerce_general_content":null},"yoast_head":"<!-- This site is optimized with the Yoast SEO Premium plugin v26.2 (Yoast SEO v26.3) - https:\/\/yoast.com\/wordpress\/plugins\/seo\/ -->\n<title>Sherlock Holmes Ciudad Juarez - City Game<\/title>\n<meta name=\"description\" content=\"Sherlock Holmes Ciudad Juarez. J\u00e1tssz egy \u00f6nvezet\u0151 gyilkoss\u00e1gi rejt\u00e9ly v\u00e1rosi j\u00e1t\u00e9kkal, oldj meg fejt\u00f6r\u0151ket, k\u00f6vess nyomokat \u00e9s fedezd fel a gyilkost a saj\u00e1t temp\u00f3dban!\" \/>\n<meta name=\"robots\" content=\"noindex, follow, max-snippet:-1, max-image-preview:large, max-video-preview:-1\" \/>\n<meta property=\"og:locale\" content=\"hu_HU\" \/>\n<meta property=\"og:type\" content=\"article\" \/>\n<meta property=\"og:title\" content=\"Sherlock Holmes Ciudad Juarez\" \/>\n<meta property=\"og:description\" content=\"Sherlock Holmes Ciudad Juarez. J\u00e1tssz egy \u00f6nvezet\u0151 gyilkoss\u00e1gi rejt\u00e9ly v\u00e1rosi j\u00e1t\u00e9kkal, oldj meg fejt\u00f6r\u0151ket, k\u00f6vess nyomokat \u00e9s fedezd fel a gyilkost a saj\u00e1t temp\u00f3dban!\" \/>\n<meta property=\"og:url\" content=\"https:\/\/testwebsite.citygame.com\/hu\/games\/ciudad-juarez\/sherlock-holmes-ciudad-juarez\/\" \/>\n<meta property=\"og:site_name\" content=\"City Game\" \/>\n<meta property=\"article:publisher\" content=\"https:\/\/www.facebook.com\/profile.php?id=100086426226253\" \/>\n<meta property=\"article:modified_time\" content=\"2026-04-08T00:28:44+00:00\" \/>\n<meta property=\"og:image\" content=\"https:\/\/testwebsite.citygame.com\/wp-content\/blogs.dir\/1\/files\/sites\/62\/2026\/02\/group-of-friends-playing-city-game-ciudad-juarez.jpg\" \/>\n\t<meta property=\"og:image:width\" content=\"1344\" \/>\n\t<meta property=\"og:image:height\" content=\"768\" \/>\n\t<meta property=\"og:image:type\" content=\"image\/jpeg\" \/>\n<meta name=\"twitter:card\" content=\"summary_large_image\" \/>\n<meta name=\"twitter:label1\" content=\"Becs\u00fclt olvas\u00e1si id\u0151\" \/>\n\t<meta name=\"twitter:data1\" content=\"1 perc\" \/>\n<script type=\"application\/ld+json\" class=\"yoast-schema-graph\">{\"@context\":\"https:\/\/schema.org\",\"@graph\":[{\"@type\":\"WebPage\",\"@id\":\"https:\/\/testwebsite.citygame.com\/hu\/games\/ciudad-juarez\/sherlock-holmes-ciudad-juarez\/\",\"url\":\"https:\/\/testwebsite.citygame.com\/hu\/games\/ciudad-juarez\/sherlock-holmes-ciudad-juarez\/\",\"name\":\"Sherlock Holmes Ciudad Juarez - City Game\",\"isPartOf\":{\"@id\":\"https:\/\/testwebsite.upevents.nl\/#website\"},\"primaryImageOfPage\":{\"@id\":\"https:\/\/testwebsite.citygame.com\/hu\/games\/ciudad-juarez\/sherlock-holmes-ciudad-juarez\/#primaryimage\"},\"image\":{\"@id\":\"https:\/\/testwebsite.citygame.com\/hu\/games\/ciudad-juarez\/sherlock-holmes-ciudad-juarez\/#primaryimage\"},\"thumbnailUrl\":\"https:\/\/testwebsite.citygame.com\/wp-content\/blogs.dir\/1\/files\/sites\/62\/2026\/02\/group-of-friends-playing-city-game-ciudad-juarez.jpg\",\"datePublished\":\"2026-02-04T16:43:20+00:00\",\"dateModified\":\"2026-04-08T00:28:44+00:00\",\"description\":\"Sherlock Holmes Ciudad Juarez. J\u00e1tssz egy \u00f6nvezet\u0151 gyilkoss\u00e1gi rejt\u00e9ly v\u00e1rosi j\u00e1t\u00e9kkal, oldj meg fejt\u00f6r\u0151ket, k\u00f6vess nyomokat \u00e9s fedezd fel a gyilkost a saj\u00e1t temp\u00f3dban!\",\"breadcrumb\":{\"@id\":\"https:\/\/testwebsite.citygame.com\/hu\/games\/ciudad-juarez\/sherlock-holmes-ciudad-juarez\/#breadcrumb\"},\"inLanguage\":\"hu\",\"potentialAction\":[{\"@type\":\"ReadAction\",\"target\":[\"https:\/\/testwebsite.citygame.com\/hu\/games\/ciudad-juarez\/sherlock-holmes-ciudad-juarez\/\"]}]},{\"@type\":\"ImageObject\",\"inLanguage\":\"hu\",\"@id\":\"https:\/\/testwebsite.citygame.com\/hu\/games\/ciudad-juarez\/sherlock-holmes-ciudad-juarez\/#primaryimage\",\"url\":\"https:\/\/testwebsite.citygame.com\/wp-content\/blogs.dir\/1\/files\/sites\/62\/2026\/02\/group-of-friends-playing-city-game-ciudad-juarez.jpg\",\"contentUrl\":\"https:\/\/testwebsite.citygame.com\/wp-content\/blogs.dir\/1\/files\/sites\/62\/2026\/02\/group-of-friends-playing-city-game-ciudad-juarez.jpg\",\"width\":1344,\"height\":768,\"caption\":\"A group of friends navigate the streets of a city with a mobile app. Photo: Pavel Danilyuk (Pexels)\"},{\"@type\":\"BreadcrumbList\",\"@id\":\"https:\/\/testwebsite.citygame.com\/hu\/games\/ciudad-juarez\/sherlock-holmes-ciudad-juarez\/#breadcrumb\",\"itemListElement\":[{\"@type\":\"ListItem\",\"position\":1,\"name\":\"Home\",\"item\":\"https:\/\/testwebsite.citygame.com\/hu\/\"},{\"@type\":\"ListItem\",\"position\":2,\"name\":\"Shop\",\"item\":\"https:\/\/testwebsite.citygame.com\/shop\/\"},{\"@type\":\"ListItem\",\"position\":3,\"name\":\"Sherlock Holmes Ciudad Juarez\"}]},{\"@type\":\"WebSite\",\"@id\":\"https:\/\/testwebsite.upevents.nl\/#website\",\"url\":\"https:\/\/testwebsite.upevents.nl\/\",\"name\":\"City Game\",\"description\":\"\",\"publisher\":{\"@id\":\"https:\/\/testwebsite.upevents.nl\/#organization\"},\"alternateName\":\"citygame.com\",\"potentialAction\":[{\"@type\":\"SearchAction\",\"target\":{\"@type\":\"EntryPoint\",\"urlTemplate\":\"https:\/\/testwebsite.upevents.nl\/?s={search_term_string}\"},\"query-input\":{\"@type\":\"PropertyValueSpecification\",\"valueRequired\":true,\"valueName\":\"search_term_string\"}}],\"inLanguage\":\"hu\"},{\"@type\":[\"Organization\",\"Place\"],\"@id\":\"https:\/\/testwebsite.upevents.nl\/#organization\",\"name\":\"City Game\",\"alternateName\":\"citygame.com\",\"url\":\"https:\/\/testwebsite.upevents.nl\/\",\"logo\":{\"@id\":\"https:\/\/testwebsite.citygame.com\/hu\/games\/ciudad-juarez\/sherlock-holmes-ciudad-juarez\/#local-main-organization-logo\"},\"image\":{\"@id\":\"https:\/\/testwebsite.citygame.com\/hu\/games\/ciudad-juarez\/sherlock-holmes-ciudad-juarez\/#local-main-organization-logo\"},\"sameAs\":[\"https:\/\/www.facebook.com\/profile.php?id=100086426226253\",\"https:\/\/www.instagram.com\/citygame_com\",\"https:\/\/www.tiktok.com\/@citygamecom\/\",\"https:\/\/www.linkedin.com\/company\/citygame-com\"],\"description\":\"Turn any city into a playground with our interactive City Games and self-guided tours. Fun, flexible, and ideal for groups and team building.\",\"telephone\":[],\"openingHoursSpecification\":[{\"@type\":\"OpeningHoursSpecification\",\"dayOfWeek\":[\"Monday\",\"Tuesday\",\"Wednesday\",\"Thursday\",\"Friday\",\"Saturday\",\"Sunday\"],\"opens\":\"09:00\",\"closes\":\"17:00\"}]},{\"@type\":\"ImageObject\",\"inLanguage\":\"hu\",\"@id\":\"https:\/\/testwebsite.citygame.com\/hu\/games\/ciudad-juarez\/sherlock-holmes-ciudad-juarez\/#local-main-organization-logo\",\"url\":\"https:\/\/testwebsite.citygame.com\/wp-content\/blogs.dir\/1\/files\/sites\/62\/2025\/10\/CG_LOGO-City-Game.png\",\"contentUrl\":\"https:\/\/testwebsite.citygame.com\/wp-content\/blogs.dir\/1\/files\/sites\/62\/2025\/10\/CG_LOGO-City-Game.png\",\"width\":351,\"height\":377,\"caption\":\"City Game\"}]}<\/script>\n<!-- \/ Yoast SEO Premium plugin. -->","yoast_head_json":{"title":"Sherlock Holmes Ciudad Juarez - City Game","description":"Sherlock Holmes Ciudad Juarez. J\u00e1tssz egy \u00f6nvezet\u0151 gyilkoss\u00e1gi rejt\u00e9ly v\u00e1rosi j\u00e1t\u00e9kkal, oldj meg fejt\u00f6r\u0151ket, k\u00f6vess nyomokat \u00e9s fedezd fel a gyilkost a saj\u00e1t temp\u00f3dban!","robots":{"index":"noindex","follow":"follow","max-snippet":"max-snippet:-1","max-image-preview":"max-image-preview:large","max-video-preview":"max-video-preview:-1"},"og_locale":"hu_HU","og_type":"article","og_title":"Sherlock Holmes Ciudad Juarez","og_description":"Sherlock Holmes Ciudad Juarez. J\u00e1tssz egy \u00f6nvezet\u0151 gyilkoss\u00e1gi rejt\u00e9ly v\u00e1rosi j\u00e1t\u00e9kkal, oldj meg fejt\u00f6r\u0151ket, k\u00f6vess nyomokat \u00e9s fedezd fel a gyilkost a saj\u00e1t temp\u00f3dban!","og_url":"https:\/\/testwebsite.citygame.com\/hu\/games\/ciudad-juarez\/sherlock-holmes-ciudad-juarez\/","og_site_name":"City Game","article_publisher":"https:\/\/www.facebook.com\/profile.php?id=100086426226253","article_modified_time":"2026-04-08T00:28:44+00:00","og_image":[{"width":1344,"height":768,"url":"https:\/\/testwebsite.citygame.com\/wp-content\/blogs.dir\/1\/files\/sites\/62\/2026\/02\/group-of-friends-playing-city-game-ciudad-juarez.jpg","type":"image\/jpeg"}],"twitter_card":"summary_large_image","twitter_misc":{"Becs\u00fclt olvas\u00e1si id\u0151":"1 perc"},"schema":{"@context":"https:\/\/schema.org","@graph":[{"@type":"WebPage","@id":"https:\/\/testwebsite.citygame.com\/hu\/games\/ciudad-juarez\/sherlock-holmes-ciudad-juarez\/","url":"https:\/\/testwebsite.citygame.com\/hu\/games\/ciudad-juarez\/sherlock-holmes-ciudad-juarez\/","name":"Sherlock Holmes Ciudad Juarez - City Game","isPartOf":{"@id":"https:\/\/testwebsite.upevents.nl\/#website"},"primaryImageOfPage":{"@id":"https:\/\/testwebsite.citygame.com\/hu\/games\/ciudad-juarez\/sherlock-holmes-ciudad-juarez\/#primaryimage"},"image":{"@id":"https:\/\/testwebsite.citygame.com\/hu\/games\/ciudad-juarez\/sherlock-holmes-ciudad-juarez\/#primaryimage"},"thumbnailUrl":"https:\/\/testwebsite.citygame.com\/wp-content\/blogs.dir\/1\/files\/sites\/62\/2026\/02\/group-of-friends-playing-city-game-ciudad-juarez.jpg","datePublished":"2026-02-04T16:43:20+00:00","dateModified":"2026-04-08T00:28:44+00:00","description":"Sherlock Holmes Ciudad Juarez. J\u00e1tssz egy \u00f6nvezet\u0151 gyilkoss\u00e1gi rejt\u00e9ly v\u00e1rosi j\u00e1t\u00e9kkal, oldj meg fejt\u00f6r\u0151ket, k\u00f6vess nyomokat \u00e9s fedezd fel a gyilkost a saj\u00e1t temp\u00f3dban!","breadcrumb":{"@id":"https:\/\/testwebsite.citygame.com\/hu\/games\/ciudad-juarez\/sherlock-holmes-ciudad-juarez\/#breadcrumb"},"inLanguage":"hu","potentialAction":[{"@type":"ReadAction","target":["https:\/\/testwebsite.citygame.com\/hu\/games\/ciudad-juarez\/sherlock-holmes-ciudad-juarez\/"]}]},{"@type":"ImageObject","inLanguage":"hu","@id":"https:\/\/testwebsite.citygame.com\/hu\/games\/ciudad-juarez\/sherlock-holmes-ciudad-juarez\/#primaryimage","url":"https:\/\/testwebsite.citygame.com\/wp-content\/blogs.dir\/1\/files\/sites\/62\/2026\/02\/group-of-friends-playing-city-game-ciudad-juarez.jpg","contentUrl":"https:\/\/testwebsite.citygame.com\/wp-content\/blogs.dir\/1\/files\/sites\/62\/2026\/02\/group-of-friends-playing-city-game-ciudad-juarez.jpg","width":1344,"height":768,"caption":"A group of friends navigate the streets of a city with a mobile app. Photo: Pavel Danilyuk (Pexels)"},{"@type":"BreadcrumbList","@id":"https:\/\/testwebsite.citygame.com\/hu\/games\/ciudad-juarez\/sherlock-holmes-ciudad-juarez\/#breadcrumb","itemListElement":[{"@type":"ListItem","position":1,"name":"Home","item":"https:\/\/testwebsite.citygame.com\/hu\/"},{"@type":"ListItem","position":2,"name":"Shop","item":"https:\/\/testwebsite.citygame.com\/shop\/"},{"@type":"ListItem","position":3,"name":"Sherlock Holmes Ciudad Juarez"}]},{"@type":"WebSite","@id":"https:\/\/testwebsite.upevents.nl\/#website","url":"https:\/\/testwebsite.upevents.nl\/","name":"City Game","description":"","publisher":{"@id":"https:\/\/testwebsite.upevents.nl\/#organization"},"alternateName":"citygame.com","potentialAction":[{"@type":"SearchAction","target":{"@type":"EntryPoint","urlTemplate":"https:\/\/testwebsite.upevents.nl\/?s={search_term_string}"},"query-input":{"@type":"PropertyValueSpecification","valueRequired":true,"valueName":"search_term_string"}}],"inLanguage":"hu"},{"@type":["Organization","Place"],"@id":"https:\/\/testwebsite.upevents.nl\/#organization","name":"City Game","alternateName":"citygame.com","url":"https:\/\/testwebsite.upevents.nl\/","logo":{"@id":"https:\/\/testwebsite.citygame.com\/hu\/games\/ciudad-juarez\/sherlock-holmes-ciudad-juarez\/#local-main-organization-logo"},"image":{"@id":"https:\/\/testwebsite.citygame.com\/hu\/games\/ciudad-juarez\/sherlock-holmes-ciudad-juarez\/#local-main-organization-logo"},"sameAs":["https:\/\/www.facebook.com\/profile.php?id=100086426226253","https:\/\/www.instagram.com\/citygame_com","https:\/\/www.tiktok.com\/@citygamecom\/","https:\/\/www.linkedin.com\/company\/citygame-com"],"description":"Turn any city into a playground with our interactive City Games and self-guided tours. Fun, flexible, and ideal for groups and team building.","telephone":[],"openingHoursSpecification":[{"@type":"OpeningHoursSpecification","dayOfWeek":["Monday","Tuesday","Wednesday","Thursday","Friday","Saturday","Sunday"],"opens":"09:00","closes":"17:00"}]},{"@type":"ImageObject","inLanguage":"hu","@id":"https:\/\/testwebsite.citygame.com\/hu\/games\/ciudad-juarez\/sherlock-holmes-ciudad-juarez\/#local-main-organization-logo","url":"https:\/\/testwebsite.citygame.com\/wp-content\/blogs.dir\/1\/files\/sites\/62\/2025\/10\/CG_LOGO-City-Game.png","contentUrl":"https:\/\/testwebsite.citygame.com\/wp-content\/blogs.dir\/1\/files\/sites\/62\/2025\/10\/CG_LOGO-City-Game.png","width":351,"height":377,"caption":"City Game"}]}},"taxonomy_info":{"game-concept":[{"value":776,"label":"Sherlock"}],"location":[{"value":123,"label":"Ciudad Juarez"}],"product_cat":[{"value":27,"label":"Geen categorie"}]},"featured_image_src_large":["https:\/\/testwebsite.citygame.com\/wp-content\/blogs.dir\/1\/files\/sites\/62\/2026\/02\/group-of-friends-playing-city-game-ciudad-juarez-1024x585.jpg",1024,585,true],"author_info":[],"comment_info":"","_links":{"self":[{"href":"https:\/\/testwebsite.citygame.com\/hu\/wp-json\/wp\/v2\/product\/57441","targetHints":{"allow":["GET"]}}],"collection":[{"href":"https:\/\/testwebsite.citygame.com\/hu\/wp-json\/wp\/v2\/product"}],"about":[{"href":"https:\/\/testwebsite.citygame.com\/hu\/wp-json\/wp\/v2\/types\/product"}],"acf:post":[{"embeddable":true,"href":"https:\/\/testwebsite.citygame.com\/hu\/wp-json\/wp\/v2\/pages\/6450"}],"wp:featuredmedia":[{"embeddable":true,"href":"https:\/\/testwebsite.citygame.com\/hu\/wp-json\/wp\/v2\/media\/10378"}],"wp:attachment":[{"href":"https:\/\/testwebsite.citygame.com\/hu\/wp-json\/wp\/v2\/media?parent=57441"}],"wp:term":[{"taxonomy":"game-concept","embeddable":true,"href":"https:\/\/testwebsite.citygame.com\/hu\/wp-json\/wp\/v2\/game-concept?post=57441"},{"taxonomy":"location","embeddable":true,"href":"https:\/\/testwebsite.citygame.com\/hu\/wp-json\/wp\/v2\/location?post=57441"},{"taxonomy":"product_brand","embeddable":true,"href":"https:\/\/testwebsite.citygame.com\/hu\/wp-json\/wp\/v2\/product_brand?post=57441"},{"taxonomy":"product_cat","embeddable":true,"href":"https:\/\/testwebsite.citygame.com\/hu\/wp-json\/wp\/v2\/product_cat?post=57441"},{"taxonomy":"product_tag","embeddable":true,"href":"https:\/\/testwebsite.citygame.com\/hu\/wp-json\/wp\/v2\/product_tag?post=57441"}],"curies":[{"name":"wp","href":"https:\/\/api.w.org\/{rel}","templated":true}]}}