{"id":57290,"date":"2026-02-04T16:14:31","date_gmt":"2026-02-04T16:14:31","guid":{"rendered":"https:\/\/testwebsite.citygame.com\/games\/unknown-location\/sherlock-holmes-cancun\/"},"modified":"2026-04-08T00:10:54","modified_gmt":"2026-04-08T00:10:54","slug":"sherlock-holmes-cancun","status":"publish","type":"product","link":"https:\/\/testwebsite.citygame.com\/hu\/games\/cancun\/sherlock-holmes-cancun\/","title":{"rendered":"Sherlock Holmes Cancun"},"content":{"rendered":"<p>L\u00e9pj be Sherlock Holmes vil\u00e1g\u00e1ba ezzel az \u00f6nvezet\u0151, t\u00f6rt\u00e9netk\u00f6zpont\u00fa gyilkoss\u00e1gi rejt\u00e9ly v\u00e1rosi j\u00e1t\u00e9kkal, amely Canc\u00fan belv\u00e1ros\u00e1ban j\u00e1tsz\u00f3dik. Mik\u00f6zben egy gyilkoss\u00e1g t\u00f6rt\u00e9nik a Szabads\u00e1g Fesztiv\u00e1l alatt, Canc\u00fan utc\u00e1i egy mag\u00e1val ragad\u00f3 detekt\u00edvnyomoz\u00e1s h\u00e1tter\u00e9v\u00e9 v\u00e1lnak, ahol nyomokat gy\u0171jtesz, bonyolult rejtv\u00e9nyeket oldasz meg \u00e9s digit\u00e1lis gyan\u00fas\u00edtottakat hallgatsz ki. K\u00f6vesd a narrat\u00edv\u00e1t a saj\u00e1t temp\u00f3dban, l\u00e9p\u00e9sr\u0151l l\u00e9p\u00e9sre rakd \u00f6ssze az \u00fcgyet, mik\u00f6zben titkokat fedezel fel \u00e9s k\u00f6zelebb ker\u00fclsz a gyilkos elfog\u00e1s\u00e1hoz.<\/p>\n","protected":false},"excerpt":{"rendered":"<p>L\u00e9pj be Sherlock Holmes elmeborzol\u00f3 vil\u00e1g\u00e1ba, \u00e9s vezess egy izgalmas, \u00f6nvezet\u0151 gyilkoss\u00e1gi rejt\u00e9lyt Canc\u00fan sz\u00edv\u00e9ben. Minden megfejtett nyom \u00e9s megoldott feladv\u00e1ny k\u00f6zelebb visz t\u00e9ged \u00e9s csapatodat az igazs\u00e1g felder\u00edt\u00e9s\u00e9hez, mik\u00f6zben el\u00f6nt a s\u00fcrg\u0151ss\u00e9g \u00e9s a hajsza izgalm\u00e1nak tapinthat\u00f3 \u00e9rz\u00e9se!<\/p>\n","protected":false},"featured_media":10356,"template":"","meta":{"_acf_changed":false,"_yoast_wpseo_focuskw":"Sherlock Holmes Cancun","_yoast_wpseo_metadesc":"Sherlock Holmes Cancun. J\u00e1tssz egy \u00f6nvezet\u0151 gyilkoss\u00e1gi rejt\u00e9ly v\u00e1rosi j\u00e1t\u00e9kot, oldj meg rejtv\u00e9nyeket, k\u00f6vesd a nyomokat \u00e9s der\u00edtsd fel a gyilkost a saj\u00e1t temp\u00f3dban!","_kad_blocks_custom_css":"","_kad_blocks_head_custom_js":"","_kad_blocks_body_custom_js":"","_kad_blocks_footer_custom_js":"","ghostkit_customizer_options":"","ghostkit_custom_css":"","ghostkit_custom_js_head":"","ghostkit_custom_js_foot":"","ghostkit_typography":"","_kad_post_transparent":"","_kad_post_title":"","_kad_post_layout":"","_kad_post_sidebar_id":"","_kad_post_content_style":"","_kad_post_vertical_padding":"","_kad_post_feature":"","_kad_post_feature_position":"","_kad_post_header":false,"_kad_post_footer":false,"_kad_post_classname":"","_links_to":"","_links_to_target":""},"game-concept":[776],"location":[114],"product_brand":[],"product_cat":[27],"product_tag":[],"class_list":{"0":"post-57290","1":"product","2":"type-product","3":"status-publish","4":"has-post-thumbnail","6":"game-concept-sherlock","7":"location-cancun","8":"product_cat-geen-categorie","10":"first","11":"instock","12":"shipping-taxable","13":"purchasable","14":"product-type-simple","15":"entry","16":"content-bg","17":"loop-entry"},"acf":{"full_bokun_product_name":"Cancun Self-Guided Sherlock Holmes Murder Mystery Game","location_name":"Cancun","bokun_calendar_widget_code":"<script type=\"text\/javascript\" src=\"https:\/\/widgets.bokun.io\/assets\/javascripts\/apps\/build\/BokunWidgetsLoader.js?bookingChannelUUID=a1e93e96-5232-4734-a595-28405f4b5a31\" async><\/script>\n     \n    <div class=\"bokunWidget\" data-src=\"https:\/\/widgets.bokun.io\/online-sales\/a1e93e96-5232-4734-a595-28405f4b5a31\/experience-calendar\/731101\"><\/div>\n    <noscript>Please enable javascript in your browser to book<\/noscript>","bokun_button_widget_code":"<script type=\"text\/javascript\" src=\"https:\/\/widgets.bokun.io\/assets\/javascripts\/apps\/build\/BokunWidgetsLoader.js?bookingChannelUUID=a1e93e96-5232-4734-a595-28405f4b5a31\" async><\/script>\n      <style> #bokun_ed001e45_5927_4f62_b470_ca766338d083 { display: inline-block; padding: .4em 1em; background: #47b82e; border-radius: 999999px; box-shadow: none; font-weight: 600; font-size: 24px; text-decoration: none; text-align: center; color: #FFFFFF; border:none; cursor: pointer; transition: background .2s ease; } #bokun_ed001e45_5927_4f62_b470_ca766338d083:hover{ background: #2f7b1f; } #bokun_ed001e45_5927_4f62_b470_ca766338d083:active{ background: #378f24; } <\/style> <button class=\"bokunButton\" disabled id=bokun_ed001e45_5927_4f62_b470_ca766338d083 data-src=\"https:\/\/widgets.bokun.io\/online-sales\/a1e93e96-5232-4734-a595-28405f4b5a31\/experience-calendar\/731101?partialView=1\" data-testid=\"widget-book-button\" > Book now <\/button> ","what_you\u2019ll_experience_during_the_game":"L\u00e9pj be egy lebilincsel\u0151 detekt\u00edvt\u00f6rt\u00e9netbe, amely Canc\u00fan sz\u00edv\u00e9ben j\u00e1tsz\u00f3dik. Ahogy haladsz a v\u00e1roson kereszt\u00fcl, a gyilkoss\u00e1gi rejt\u00e9ly minden egyes helysz\u00ednnel kibontakozik. A Szabads\u00e1g Fesztiv\u00e1l trag\u00e9di\u00e1val v\u00e9gz\u0151d\u00f6tt, \u00e9s rajtad m\u00falik, hogy kider\u00edtsd, mi is t\u00f6rt\u00e9nt val\u00f3j\u00e1ban. Telefonodat detekt\u00edv eszk\u00f6zt\u00e1rk\u00e9nt haszn\u00e1lva rejtett nyomokat fedezhetsz fel, bonyolult rejtv\u00e9nyeket oldhatsz meg, \u00e9s v\u00e1ratlan fordulatokkal tal\u00e1lkozhatsz, amelyek kih\u00edv\u00e1s el\u00e9 \u00e1ll\u00edtj\u00e1k \u00f6szt\u00f6neidet \u00e9s logik\u00e1dat.\n\nKihallgathatsz digit\u00e1lis gyan\u00fas\u00edtottakat, elemezheted alibijeiket \u00e9s kibogozhatod az ellentmond\u00e1sokat, hogy k\u00f6zelebb ker\u00fclj az igazs\u00e1ghoz. Minden megtett l\u00e9p\u00e9sed a t\u00f6rt\u00e9net egy m\u00e9lyebb r\u00e9teg\u00e9t t\u00e1rja fel, teljes m\u00e9rt\u00e9kben a d\u00f6nt\u00e9seid \u00e9s az \u00fcgyh\u00f6z val\u00f3 hozz\u00e1\u00e1ll\u00e1sod \u00e1ltal vez\u00e9relve. A kritikus gondolkod\u00e1s, az \u00e9les megfigyel\u00e9s \u00e9s a kifinomult dedukci\u00f3 a legnagyobb er\u00e9nyeid. B\u00e1rmikor sz\u00fcneteltetheted, folytathatod onnan, ahol abbahagytad, vagy versenyezhetsz m\u00e1s csapatokkal, hogy kider\u00fclj\u00f6n, ki oldja meg a rejt\u00e9lyt a leghat\u00e9konyabban.","how_to_play":"Dolgozz egyed\u00fcl, vagy bar\u00e1tokkal, csal\u00e1ddal, illetve koll\u00e9g\u00e1kkal, ak\u00e1r n\u00e9gyf\u0151s csapatokban, eszk\u00f6z\u00f6nk\u00e9nt. A foglal\u00e1s ut\u00e1n egy \u00fatmutat\u00f3 e-mailt kapsz minden sz\u00fcks\u00e9ges inform\u00e1ci\u00f3val.","start_location":"Cancun, Centro de Canc\u00fan","available_languages":["en","es","fr","de","it","nl"],"players_per_group":"1-4","duration":"1.5-2 hours","image_overlay_color_image":"https:\/\/testwebsite.citygame.com\/wp-content\/blogs.dir\/1\/files\/sites\/62\/2026\/01\/SherlockColor.svg","image_overlay_game_logo":"https:\/\/testwebsite.citygame.com\/wp-content\/blogs.dir\/1\/files\/sites\/62\/2026\/01\/SherlockLogo.png","city_page":6453,"woocommerce_general_content":null},"yoast_head":"<!-- This site is optimized with the Yoast SEO Premium plugin v26.2 (Yoast SEO v26.3) - https:\/\/yoast.com\/wordpress\/plugins\/seo\/ -->\n<title>Sherlock Holmes Cancun - City Game<\/title>\n<meta name=\"description\" content=\"Sherlock Holmes Cancun. J\u00e1tssz egy \u00f6nvezet\u0151 gyilkoss\u00e1gi rejt\u00e9ly v\u00e1rosi j\u00e1t\u00e9kot, oldj meg rejtv\u00e9nyeket, k\u00f6vesd a nyomokat \u00e9s der\u00edtsd fel a gyilkost a saj\u00e1t temp\u00f3dban!\" \/>\n<meta name=\"robots\" content=\"noindex, follow, max-snippet:-1, max-image-preview:large, max-video-preview:-1\" \/>\n<meta property=\"og:locale\" content=\"hu_HU\" \/>\n<meta property=\"og:type\" content=\"article\" \/>\n<meta property=\"og:title\" content=\"Sherlock Holmes Cancun\" \/>\n<meta property=\"og:description\" content=\"Sherlock Holmes Cancun. J\u00e1tssz egy \u00f6nvezet\u0151 gyilkoss\u00e1gi rejt\u00e9ly v\u00e1rosi j\u00e1t\u00e9kot, oldj meg rejtv\u00e9nyeket, k\u00f6vesd a nyomokat \u00e9s der\u00edtsd fel a gyilkost a saj\u00e1t temp\u00f3dban!\" \/>\n<meta property=\"og:url\" content=\"https:\/\/testwebsite.citygame.com\/hu\/games\/cancun\/sherlock-holmes-cancun\/\" \/>\n<meta property=\"og:site_name\" content=\"City Game\" \/>\n<meta property=\"article:publisher\" content=\"https:\/\/www.facebook.com\/profile.php?id=100086426226253\" \/>\n<meta property=\"article:modified_time\" content=\"2026-04-08T00:10:54+00:00\" \/>\n<meta property=\"og:image\" content=\"https:\/\/testwebsite.citygame.com\/wp-content\/blogs.dir\/1\/files\/sites\/62\/2026\/02\/woman-playing-city-game-on-phone-in-cancun.jpg\" \/>\n\t<meta property=\"og:image:width\" content=\"1344\" \/>\n\t<meta property=\"og:image:height\" content=\"768\" \/>\n\t<meta property=\"og:image:type\" content=\"image\/jpeg\" \/>\n<meta name=\"twitter:card\" content=\"summary_large_image\" \/>\n<meta name=\"twitter:label1\" content=\"Becs\u00fclt olvas\u00e1si id\u0151\" \/>\n\t<meta name=\"twitter:data1\" content=\"1 perc\" \/>\n<script type=\"application\/ld+json\" class=\"yoast-schema-graph\">{\"@context\":\"https:\/\/schema.org\",\"@graph\":[{\"@type\":\"WebPage\",\"@id\":\"https:\/\/testwebsite.citygame.com\/hu\/games\/cancun\/sherlock-holmes-cancun\/\",\"url\":\"https:\/\/testwebsite.citygame.com\/hu\/games\/cancun\/sherlock-holmes-cancun\/\",\"name\":\"Sherlock Holmes Cancun - City Game\",\"isPartOf\":{\"@id\":\"https:\/\/testwebsite.upevents.nl\/#website\"},\"primaryImageOfPage\":{\"@id\":\"https:\/\/testwebsite.citygame.com\/hu\/games\/cancun\/sherlock-holmes-cancun\/#primaryimage\"},\"image\":{\"@id\":\"https:\/\/testwebsite.citygame.com\/hu\/games\/cancun\/sherlock-holmes-cancun\/#primaryimage\"},\"thumbnailUrl\":\"https:\/\/testwebsite.citygame.com\/wp-content\/blogs.dir\/1\/files\/sites\/62\/2026\/02\/woman-playing-city-game-on-phone-in-cancun.jpg\",\"datePublished\":\"2026-02-04T16:14:31+00:00\",\"dateModified\":\"2026-04-08T00:10:54+00:00\",\"description\":\"Sherlock Holmes Cancun. J\u00e1tssz egy \u00f6nvezet\u0151 gyilkoss\u00e1gi rejt\u00e9ly v\u00e1rosi j\u00e1t\u00e9kot, oldj meg rejtv\u00e9nyeket, k\u00f6vesd a nyomokat \u00e9s der\u00edtsd fel a gyilkost a saj\u00e1t temp\u00f3dban!\",\"breadcrumb\":{\"@id\":\"https:\/\/testwebsite.citygame.com\/hu\/games\/cancun\/sherlock-holmes-cancun\/#breadcrumb\"},\"inLanguage\":\"hu\",\"potentialAction\":[{\"@type\":\"ReadAction\",\"target\":[\"https:\/\/testwebsite.citygame.com\/hu\/games\/cancun\/sherlock-holmes-cancun\/\"]}]},{\"@type\":\"ImageObject\",\"inLanguage\":\"hu\",\"@id\":\"https:\/\/testwebsite.citygame.com\/hu\/games\/cancun\/sherlock-holmes-cancun\/#primaryimage\",\"url\":\"https:\/\/testwebsite.citygame.com\/wp-content\/blogs.dir\/1\/files\/sites\/62\/2026\/02\/woman-playing-city-game-on-phone-in-cancun.jpg\",\"contentUrl\":\"https:\/\/testwebsite.citygame.com\/wp-content\/blogs.dir\/1\/files\/sites\/62\/2026\/02\/woman-playing-city-game-on-phone-in-cancun.jpg\",\"width\":1344,\"height\":768,\"caption\":\"A young woman explores the city streets of Cancun while playing a game on her smartphone.\"},{\"@type\":\"BreadcrumbList\",\"@id\":\"https:\/\/testwebsite.citygame.com\/hu\/games\/cancun\/sherlock-holmes-cancun\/#breadcrumb\",\"itemListElement\":[{\"@type\":\"ListItem\",\"position\":1,\"name\":\"Home\",\"item\":\"https:\/\/testwebsite.citygame.com\/hu\/\"},{\"@type\":\"ListItem\",\"position\":2,\"name\":\"Shop\",\"item\":\"https:\/\/testwebsite.citygame.com\/shop\/\"},{\"@type\":\"ListItem\",\"position\":3,\"name\":\"Sherlock Holmes Cancun\"}]},{\"@type\":\"WebSite\",\"@id\":\"https:\/\/testwebsite.upevents.nl\/#website\",\"url\":\"https:\/\/testwebsite.upevents.nl\/\",\"name\":\"City Game\",\"description\":\"\",\"publisher\":{\"@id\":\"https:\/\/testwebsite.upevents.nl\/#organization\"},\"alternateName\":\"citygame.com\",\"potentialAction\":[{\"@type\":\"SearchAction\",\"target\":{\"@type\":\"EntryPoint\",\"urlTemplate\":\"https:\/\/testwebsite.upevents.nl\/?s={search_term_string}\"},\"query-input\":{\"@type\":\"PropertyValueSpecification\",\"valueRequired\":true,\"valueName\":\"search_term_string\"}}],\"inLanguage\":\"hu\"},{\"@type\":[\"Organization\",\"Place\"],\"@id\":\"https:\/\/testwebsite.upevents.nl\/#organization\",\"name\":\"City Game\",\"alternateName\":\"citygame.com\",\"url\":\"https:\/\/testwebsite.upevents.nl\/\",\"logo\":{\"@id\":\"https:\/\/testwebsite.citygame.com\/hu\/games\/cancun\/sherlock-holmes-cancun\/#local-main-organization-logo\"},\"image\":{\"@id\":\"https:\/\/testwebsite.citygame.com\/hu\/games\/cancun\/sherlock-holmes-cancun\/#local-main-organization-logo\"},\"sameAs\":[\"https:\/\/www.facebook.com\/profile.php?id=100086426226253\",\"https:\/\/www.instagram.com\/citygame_com\",\"https:\/\/www.tiktok.com\/@citygamecom\/\",\"https:\/\/www.linkedin.com\/company\/citygame-com\"],\"description\":\"Turn any city into a playground with our interactive City Games and self-guided tours. Fun, flexible, and ideal for groups and team building.\",\"telephone\":[],\"openingHoursSpecification\":[{\"@type\":\"OpeningHoursSpecification\",\"dayOfWeek\":[\"Monday\",\"Tuesday\",\"Wednesday\",\"Thursday\",\"Friday\",\"Saturday\",\"Sunday\"],\"opens\":\"09:00\",\"closes\":\"17:00\"}]},{\"@type\":\"ImageObject\",\"inLanguage\":\"hu\",\"@id\":\"https:\/\/testwebsite.citygame.com\/hu\/games\/cancun\/sherlock-holmes-cancun\/#local-main-organization-logo\",\"url\":\"https:\/\/testwebsite.citygame.com\/wp-content\/blogs.dir\/1\/files\/sites\/62\/2025\/10\/CG_LOGO-City-Game.png\",\"contentUrl\":\"https:\/\/testwebsite.citygame.com\/wp-content\/blogs.dir\/1\/files\/sites\/62\/2025\/10\/CG_LOGO-City-Game.png\",\"width\":351,\"height\":377,\"caption\":\"City Game\"}]}<\/script>\n<!-- \/ Yoast SEO Premium plugin. -->","yoast_head_json":{"title":"Sherlock Holmes Cancun - City Game","description":"Sherlock Holmes Cancun. J\u00e1tssz egy \u00f6nvezet\u0151 gyilkoss\u00e1gi rejt\u00e9ly v\u00e1rosi j\u00e1t\u00e9kot, oldj meg rejtv\u00e9nyeket, k\u00f6vesd a nyomokat \u00e9s der\u00edtsd fel a gyilkost a saj\u00e1t temp\u00f3dban!","robots":{"index":"noindex","follow":"follow","max-snippet":"max-snippet:-1","max-image-preview":"max-image-preview:large","max-video-preview":"max-video-preview:-1"},"og_locale":"hu_HU","og_type":"article","og_title":"Sherlock Holmes Cancun","og_description":"Sherlock Holmes Cancun. J\u00e1tssz egy \u00f6nvezet\u0151 gyilkoss\u00e1gi rejt\u00e9ly v\u00e1rosi j\u00e1t\u00e9kot, oldj meg rejtv\u00e9nyeket, k\u00f6vesd a nyomokat \u00e9s der\u00edtsd fel a gyilkost a saj\u00e1t temp\u00f3dban!","og_url":"https:\/\/testwebsite.citygame.com\/hu\/games\/cancun\/sherlock-holmes-cancun\/","og_site_name":"City Game","article_publisher":"https:\/\/www.facebook.com\/profile.php?id=100086426226253","article_modified_time":"2026-04-08T00:10:54+00:00","og_image":[{"width":1344,"height":768,"url":"https:\/\/testwebsite.citygame.com\/wp-content\/blogs.dir\/1\/files\/sites\/62\/2026\/02\/woman-playing-city-game-on-phone-in-cancun.jpg","type":"image\/jpeg"}],"twitter_card":"summary_large_image","twitter_misc":{"Becs\u00fclt olvas\u00e1si id\u0151":"1 perc"},"schema":{"@context":"https:\/\/schema.org","@graph":[{"@type":"WebPage","@id":"https:\/\/testwebsite.citygame.com\/hu\/games\/cancun\/sherlock-holmes-cancun\/","url":"https:\/\/testwebsite.citygame.com\/hu\/games\/cancun\/sherlock-holmes-cancun\/","name":"Sherlock Holmes Cancun - City Game","isPartOf":{"@id":"https:\/\/testwebsite.upevents.nl\/#website"},"primaryImageOfPage":{"@id":"https:\/\/testwebsite.citygame.com\/hu\/games\/cancun\/sherlock-holmes-cancun\/#primaryimage"},"image":{"@id":"https:\/\/testwebsite.citygame.com\/hu\/games\/cancun\/sherlock-holmes-cancun\/#primaryimage"},"thumbnailUrl":"https:\/\/testwebsite.citygame.com\/wp-content\/blogs.dir\/1\/files\/sites\/62\/2026\/02\/woman-playing-city-game-on-phone-in-cancun.jpg","datePublished":"2026-02-04T16:14:31+00:00","dateModified":"2026-04-08T00:10:54+00:00","description":"Sherlock Holmes Cancun. J\u00e1tssz egy \u00f6nvezet\u0151 gyilkoss\u00e1gi rejt\u00e9ly v\u00e1rosi j\u00e1t\u00e9kot, oldj meg rejtv\u00e9nyeket, k\u00f6vesd a nyomokat \u00e9s der\u00edtsd fel a gyilkost a saj\u00e1t temp\u00f3dban!","breadcrumb":{"@id":"https:\/\/testwebsite.citygame.com\/hu\/games\/cancun\/sherlock-holmes-cancun\/#breadcrumb"},"inLanguage":"hu","potentialAction":[{"@type":"ReadAction","target":["https:\/\/testwebsite.citygame.com\/hu\/games\/cancun\/sherlock-holmes-cancun\/"]}]},{"@type":"ImageObject","inLanguage":"hu","@id":"https:\/\/testwebsite.citygame.com\/hu\/games\/cancun\/sherlock-holmes-cancun\/#primaryimage","url":"https:\/\/testwebsite.citygame.com\/wp-content\/blogs.dir\/1\/files\/sites\/62\/2026\/02\/woman-playing-city-game-on-phone-in-cancun.jpg","contentUrl":"https:\/\/testwebsite.citygame.com\/wp-content\/blogs.dir\/1\/files\/sites\/62\/2026\/02\/woman-playing-city-game-on-phone-in-cancun.jpg","width":1344,"height":768,"caption":"A young woman explores the city streets of Cancun while playing a game on her smartphone."},{"@type":"BreadcrumbList","@id":"https:\/\/testwebsite.citygame.com\/hu\/games\/cancun\/sherlock-holmes-cancun\/#breadcrumb","itemListElement":[{"@type":"ListItem","position":1,"name":"Home","item":"https:\/\/testwebsite.citygame.com\/hu\/"},{"@type":"ListItem","position":2,"name":"Shop","item":"https:\/\/testwebsite.citygame.com\/shop\/"},{"@type":"ListItem","position":3,"name":"Sherlock Holmes Cancun"}]},{"@type":"WebSite","@id":"https:\/\/testwebsite.upevents.nl\/#website","url":"https:\/\/testwebsite.upevents.nl\/","name":"City Game","description":"","publisher":{"@id":"https:\/\/testwebsite.upevents.nl\/#organization"},"alternateName":"citygame.com","potentialAction":[{"@type":"SearchAction","target":{"@type":"EntryPoint","urlTemplate":"https:\/\/testwebsite.upevents.nl\/?s={search_term_string}"},"query-input":{"@type":"PropertyValueSpecification","valueRequired":true,"valueName":"search_term_string"}}],"inLanguage":"hu"},{"@type":["Organization","Place"],"@id":"https:\/\/testwebsite.upevents.nl\/#organization","name":"City Game","alternateName":"citygame.com","url":"https:\/\/testwebsite.upevents.nl\/","logo":{"@id":"https:\/\/testwebsite.citygame.com\/hu\/games\/cancun\/sherlock-holmes-cancun\/#local-main-organization-logo"},"image":{"@id":"https:\/\/testwebsite.citygame.com\/hu\/games\/cancun\/sherlock-holmes-cancun\/#local-main-organization-logo"},"sameAs":["https:\/\/www.facebook.com\/profile.php?id=100086426226253","https:\/\/www.instagram.com\/citygame_com","https:\/\/www.tiktok.com\/@citygamecom\/","https:\/\/www.linkedin.com\/company\/citygame-com"],"description":"Turn any city into a playground with our interactive City Games and self-guided tours. Fun, flexible, and ideal for groups and team building.","telephone":[],"openingHoursSpecification":[{"@type":"OpeningHoursSpecification","dayOfWeek":["Monday","Tuesday","Wednesday","Thursday","Friday","Saturday","Sunday"],"opens":"09:00","closes":"17:00"}]},{"@type":"ImageObject","inLanguage":"hu","@id":"https:\/\/testwebsite.citygame.com\/hu\/games\/cancun\/sherlock-holmes-cancun\/#local-main-organization-logo","url":"https:\/\/testwebsite.citygame.com\/wp-content\/blogs.dir\/1\/files\/sites\/62\/2025\/10\/CG_LOGO-City-Game.png","contentUrl":"https:\/\/testwebsite.citygame.com\/wp-content\/blogs.dir\/1\/files\/sites\/62\/2025\/10\/CG_LOGO-City-Game.png","width":351,"height":377,"caption":"City Game"}]}},"taxonomy_info":{"game-concept":[{"value":776,"label":"Sherlock"}],"location":[{"value":114,"label":"Cancun"}],"product_cat":[{"value":27,"label":"Geen categorie"}]},"featured_image_src_large":["https:\/\/testwebsite.citygame.com\/wp-content\/blogs.dir\/1\/files\/sites\/62\/2026\/02\/woman-playing-city-game-on-phone-in-cancun-1024x585.jpg",1024,585,true],"author_info":[],"comment_info":"","_links":{"self":[{"href":"https:\/\/testwebsite.citygame.com\/hu\/wp-json\/wp\/v2\/product\/57290","targetHints":{"allow":["GET"]}}],"collection":[{"href":"https:\/\/testwebsite.citygame.com\/hu\/wp-json\/wp\/v2\/product"}],"about":[{"href":"https:\/\/testwebsite.citygame.com\/hu\/wp-json\/wp\/v2\/types\/product"}],"acf:post":[{"embeddable":true,"href":"https:\/\/testwebsite.citygame.com\/hu\/wp-json\/wp\/v2\/pages\/6453"}],"wp:featuredmedia":[{"embeddable":true,"href":"https:\/\/testwebsite.citygame.com\/hu\/wp-json\/wp\/v2\/media\/10356"}],"wp:attachment":[{"href":"https:\/\/testwebsite.citygame.com\/hu\/wp-json\/wp\/v2\/media?parent=57290"}],"wp:term":[{"taxonomy":"game-concept","embeddable":true,"href":"https:\/\/testwebsite.citygame.com\/hu\/wp-json\/wp\/v2\/game-concept?post=57290"},{"taxonomy":"location","embeddable":true,"href":"https:\/\/testwebsite.citygame.com\/hu\/wp-json\/wp\/v2\/location?post=57290"},{"taxonomy":"product_brand","embeddable":true,"href":"https:\/\/testwebsite.citygame.com\/hu\/wp-json\/wp\/v2\/product_brand?post=57290"},{"taxonomy":"product_cat","embeddable":true,"href":"https:\/\/testwebsite.citygame.com\/hu\/wp-json\/wp\/v2\/product_cat?post=57290"},{"taxonomy":"product_tag","embeddable":true,"href":"https:\/\/testwebsite.citygame.com\/hu\/wp-json\/wp\/v2\/product_tag?post=57290"}],"curies":[{"name":"wp","href":"https:\/\/api.w.org\/{rel}","templated":true}]}}