{"id":56647,"date":"2026-01-27T10:52:47","date_gmt":"2026-01-27T10:52:47","guid":{"rendered":"https:\/\/testwebsite.citygame.com\/games\/unknown-location\/secrets-of-eindhoven\/"},"modified":"2026-04-07T23:02:51","modified_gmt":"2026-04-07T23:02:51","slug":"secrets-of-eindhoven","status":"publish","type":"product","link":"https:\/\/testwebsite.citygame.com\/hu\/games\/eindhoven\/secrets-of-eindhoven\/","title":{"rendered":"Secrets of Eindhoven"},"content":{"rendered":"<p>A City Game Eindhoven egy \u00f6nvezet\u0151 v\u00e1rosi j\u00e1t\u00e9k, amely Eindhoven v\u00e1rosk\u00f6zpontj\u00e1ban zajlik. Ez a GPS-alap\u00fa j\u00e1t\u00e9k interakt\u00edv j\u00e1tsz\u00f3t\u00e9rr\u00e9 v\u00e1ltoztatja a v\u00e1rost, ahol a j\u00e1t\u00e9kosok okostelefonjukkal fedezik fel a helysz\u00edneket, mik\u00f6zben fejt\u00f6r\u0151ket, rejtv\u00e9nyeket \u00e9s fot\u00f3s kih\u00edv\u00e1sokat oldanak meg. Az \u00fat sor\u00e1n a r\u00e9sztvev\u0151k felfedezik Eindhoven t\u00f6rt\u00e9nelm\u00e9t, helyi kult\u00far\u00e1j\u00e1t \u00e9s rejtett r\u00e9szleteit, amelyeket egy tipikus l\u00e1togat\u00e1s sor\u00e1n gyakran \u00e9szre sem vesznek. A felfedez\u0151 j\u00e1t\u00e9k l\u00e1togat\u00f3knak \u00e9s helyieknek egyar\u00e1nt alkalmas, rugalmas \u00e9s mag\u00e1val ragad\u00f3 \u00e9lm\u00e9nyt ny\u00fajt. Ak\u00e1r egyed\u00fcl, p\u00e1rban, csal\u00e1ddal vagy bar\u00e1ti t\u00e1rsas\u00e1gban j\u00e1tssz\u00e1k, a City Game Eindhoven sz\u00f3rakoztat\u00f3 \u00e9s informat\u00edv m\u00f3don seg\u00edt felfedezni a v\u00e1rost.<\/p>\n","protected":false},"excerpt":{"rendered":"<p>Mer\u00fclj el Eindhoven&#8217;s innov\u00e1ci\u00f3j\u00e1ban \u00e9s lelem\u00e9nyess\u00e9g\u00e9ben! Utazz \u00e1t egy v\u00e1roson, ahol a m\u0171v\u00e9szet tal\u00e1lkozik a technol\u00f3gi\u00e1val, \u00f6tv\u00f6zve a r\u00e9gi ipari forradalom eml\u00e9keit az ultramodern diz\u00e1jnnal. Fejts fel titkokat, mik\u00f6zben kalandozol \u00e9l\u00e9nk, eklektikus l\u00e9nyeg\u00e9n kereszt\u00fcl, Eindhoven minden sarkon meglepet\u00e9seket rejt!<\/p>\n","protected":false},"featured_media":4468,"template":"","meta":{"_acf_changed":false,"_yoast_wpseo_focuskw":"Secrets of Eindhoven","_yoast_wpseo_metadesc":"Secrets of Eindhoven. J\u00e1tssz egy \u00f6nvezet\u0151 City Game-et, \u00e9s fedezd fel a v\u00e1rost rejtv\u00e9nyek, fejt\u00f6r\u0151k \u00e9s kih\u00edv\u00e1sok seg\u00edts\u00e9g\u00e9vel. J\u00e1tszd a saj\u00e1t temp\u00f3dban, \u00e9s fedezd fel, mint egy helyi!","_kad_blocks_custom_css":"","_kad_blocks_head_custom_js":"","_kad_blocks_body_custom_js":"","_kad_blocks_footer_custom_js":"","ghostkit_customizer_options":"","ghostkit_custom_css":"","ghostkit_custom_js_head":"","ghostkit_custom_js_foot":"","ghostkit_typography":"","_kad_post_transparent":"","_kad_post_title":"","_kad_post_layout":"","_kad_post_sidebar_id":"","_kad_post_content_style":"","_kad_post_vertical_padding":"","_kad_post_feature":"","_kad_post_feature_position":"","_kad_post_header":false,"_kad_post_footer":false,"_kad_post_classname":"","_links_to":"","_links_to_target":""},"game-concept":[715],"location":[154],"product_brand":[],"product_cat":[27],"product_tag":[],"class_list":{"0":"post-56647","1":"product","2":"type-product","3":"status-publish","4":"has-post-thumbnail","6":"game-concept-secrets","7":"location-eindhoven","8":"product_cat-geen-categorie","10":"first","11":"instock","12":"shipping-taxable","13":"purchasable","14":"product-type-simple","15":"entry","16":"content-bg","17":"loop-entry"},"acf":{"full_bokun_product_name":"Self-Guided Secrets of Eindhoven Exploration Game","location_name":"Eindhoven","bokun_calendar_widget_code":"<script type=\"text\/javascript\" src=\"https:\/\/widgets.bokun.io\/assets\/javascripts\/apps\/build\/BokunWidgetsLoader.js?bookingChannelUUID=a1e93e96-5232-4734-a595-28405f4b5a31\" async><\/script>\n     \n    <div class=\"bokunWidget\" data-src=\"https:\/\/widgets.bokun.io\/online-sales\/a1e93e96-5232-4734-a595-28405f4b5a31\/experience-calendar\/723363\"><\/div>\n    <noscript>Please enable javascript in your browser to book<\/noscript>","bokun_button_widget_code":"<script type=\"text\/javascript\" src=\"https:\/\/widgets.bokun.io\/assets\/javascripts\/apps\/build\/BokunWidgetsLoader.js?bookingChannelUUID=a1e93e96-5232-4734-a595-28405f4b5a31\" async><\/script>\n      <style> #bokun_ed001e45_5927_4f62_b470_ca766338d083 { display: inline-block; padding: .4em 1em; background: #47b82e; border-radius: 999999px; box-shadow: none; font-weight: 600; font-size: 24px; text-decoration: none; text-align: center; color: #FFFFFF; border:none; cursor: pointer; transition: background .2s ease; } #bokun_ed001e45_5927_4f62_b470_ca766338d083:hover{ background: #2f7b1f; } #bokun_ed001e45_5927_4f62_b470_ca766338d083:active{ background: #378f24; } <\/style> <button class=\"bokunButton\" disabled id=bokun_ed001e45_5927_4f62_b470_ca766338d083 data-src=\"https:\/\/widgets.bokun.io\/online-sales\/a1e93e96-5232-4734-a595-28405f4b5a31\/experience-calendar\/723363?partialView=1\" data-testid=\"widget-book-button\" > Book now <\/button> ","what_you\u2019ll_experience_during_the_game":"A Secrets of Eindhoven City Game sor\u00e1n a v\u00e1rost t\u00f6rt\u00e9netmes\u00e9l\u00e9s \u00e9s interakt\u00edv v\u00e1rosn\u00e9z\u00e9s kever\u00e9k\u00e9vel fedezheted fel. A j\u00e1t\u00e9k mind a kiemelked\u0151 nevezetess\u00e9gekhez, mind a rejtett zugokhoz elvezet, friss perspekt\u00edv\u00e1t k\u00edn\u00e1lva Eindhovenre. \u00datk\u00f6zben olyan helyekkel tal\u00e1lkozhatsz, mint a futurisztikus Evoluon, a b\u00e9k\u00e9s Stadswandelpark \u00e9s a leny\u0171g\u00f6z\u0151 MU Hybrid Art House. Ahogy ezeken a helysz\u00edneken s\u00e9t\u00e1lsz, a v\u00e1ros hangulata gazdag\u00edtja a kibontakoz\u00f3 t\u00f6rt\u00e9netet.\n\nA j\u00e1t\u00e9k sor\u00e1n kreat\u00edv fejt\u00f6r\u0151ket oldasz meg, rejtv\u00e9nyekre v\u00e1laszolsz, kv\u00edzk\u00e9rd\u00e9seket teljes\u00edtesz, \u00e9s fot\u00f3s kih\u00edv\u00e1sokat oldasz meg, amelyek m\u00e9g jobban elmer\u00edtenek a rejt\u00e9lyben. Minden helyes v\u00e1lasz pontokat \u00e9r, \u00faj nyomokat fedez fel, \u00e9s seg\u00edt k\u00f6zelebb ker\u00fclni a j\u00e1t\u00e9k v\u00e9gs\u0151 megold\u00e1s\u00e1hoz. Ak\u00e1r a saj\u00e1t temp\u00f3dban fedezed fel, ak\u00e1r bar\u00e1tok k\u00f6z\u00f6tt versengve, az eindhoveni City Game b\u00e1rmikor lehet\u0151v\u00e9 teszi a sz\u00fcneteket. A verseng\u0151 j\u00e1t\u00e9kosok nyomon k\u00f6vethetik halad\u00e1sukat a ranglist\u00e1n, \u00e9s a legjobb pontsz\u00e1mra t\u00f6rekedhetnek.","how_to_play":"Foglald le a Felfedez\u0151 J\u00e1t\u00e9kot, ellen\u0151rizd az e-mailt, amelyet egyszer\u0171 utas\u00edt\u00e1sokkal k\u00fcld\u00fcnk, t\u00f6ltsd le a Loquiz App alkalmaz\u00e1st, nyisd meg a Felfedez\u0151 J\u00e1t\u00e9kot, \u00e9s m\u00e1ris k\u00e9szen \u00e1llsz a j\u00e1t\u00e9k\u00e9lm\u00e9ny megkezd\u00e9s\u00e9re!","start_location":"Eindhoven, Markt","available_languages":["en","de","nl"],"players_per_group":"1-4","duration":"1.5-2 hours","image_overlay_color_image":"https:\/\/testwebsite.citygame.com\/wp-content\/blogs.dir\/1\/files\/sites\/62\/2026\/01\/SecretsColor.svg","image_overlay_game_logo":"https:\/\/testwebsite.citygame.com\/wp-content\/blogs.dir\/1\/files\/sites\/62\/2026\/01\/SecretsLogo.png","city_page":4444,"woocommerce_general_content":null},"yoast_head":"<!-- This site is optimized with the Yoast SEO Premium plugin v26.2 (Yoast SEO v26.3) - https:\/\/yoast.com\/wordpress\/plugins\/seo\/ -->\n<title>Secrets of Eindhoven - City Game<\/title>\n<meta name=\"description\" content=\"Secrets of Eindhoven. J\u00e1tssz egy \u00f6nvezet\u0151 City Game-et, \u00e9s fedezd fel a v\u00e1rost rejtv\u00e9nyek, fejt\u00f6r\u0151k \u00e9s kih\u00edv\u00e1sok seg\u00edts\u00e9g\u00e9vel. J\u00e1tszd a saj\u00e1t temp\u00f3dban, \u00e9s fedezd fel, mint egy helyi!\" \/>\n<meta name=\"robots\" content=\"noindex, follow, max-snippet:-1, max-image-preview:large, max-video-preview:-1\" \/>\n<meta property=\"og:locale\" content=\"hu_HU\" \/>\n<meta property=\"og:type\" content=\"article\" \/>\n<meta property=\"og:title\" content=\"Secrets of Eindhoven\" \/>\n<meta property=\"og:description\" content=\"Secrets of Eindhoven. J\u00e1tssz egy \u00f6nvezet\u0151 City Game-et, \u00e9s fedezd fel a v\u00e1rost rejtv\u00e9nyek, fejt\u00f6r\u0151k \u00e9s kih\u00edv\u00e1sok seg\u00edts\u00e9g\u00e9vel. J\u00e1tszd a saj\u00e1t temp\u00f3dban, \u00e9s fedezd fel, mint egy helyi!\" \/>\n<meta property=\"og:url\" content=\"https:\/\/testwebsite.citygame.com\/hu\/games\/eindhoven\/secrets-of-eindhoven\/\" \/>\n<meta property=\"og:site_name\" content=\"City Game\" \/>\n<meta property=\"article:publisher\" content=\"https:\/\/www.facebook.com\/profile.php?id=100086426226253\" \/>\n<meta property=\"article:modified_time\" content=\"2026-04-07T23:02:51+00:00\" \/>\n<meta property=\"og:image\" content=\"https:\/\/testwebsite.citygame.com\/wp-content\/blogs.dir\/1\/files\/sites\/62\/2026\/01\/group-of-friends-playing-city-game-eindhoven.jpg\" \/>\n\t<meta property=\"og:image:width\" content=\"1248\" \/>\n\t<meta property=\"og:image:height\" content=\"832\" \/>\n\t<meta property=\"og:image:type\" content=\"image\/jpeg\" \/>\n<meta name=\"twitter:card\" content=\"summary_large_image\" \/>\n<meta name=\"twitter:label1\" content=\"Becs\u00fclt olvas\u00e1si id\u0151\" \/>\n\t<meta name=\"twitter:data1\" content=\"1 perc\" \/>\n<script type=\"application\/ld+json\" class=\"yoast-schema-graph\">{\"@context\":\"https:\/\/schema.org\",\"@graph\":[{\"@type\":\"WebPage\",\"@id\":\"https:\/\/testwebsite.citygame.com\/hu\/games\/eindhoven\/secrets-of-eindhoven\/\",\"url\":\"https:\/\/testwebsite.citygame.com\/hu\/games\/eindhoven\/secrets-of-eindhoven\/\",\"name\":\"Secrets of Eindhoven - City Game\",\"isPartOf\":{\"@id\":\"https:\/\/testwebsite.upevents.nl\/#website\"},\"primaryImageOfPage\":{\"@id\":\"https:\/\/testwebsite.citygame.com\/hu\/games\/eindhoven\/secrets-of-eindhoven\/#primaryimage\"},\"image\":{\"@id\":\"https:\/\/testwebsite.citygame.com\/hu\/games\/eindhoven\/secrets-of-eindhoven\/#primaryimage\"},\"thumbnailUrl\":\"https:\/\/testwebsite.citygame.com\/wp-content\/blogs.dir\/1\/files\/sites\/62\/2026\/01\/group-of-friends-playing-city-game-eindhoven.jpg\",\"datePublished\":\"2026-01-27T10:52:47+00:00\",\"dateModified\":\"2026-04-07T23:02:51+00:00\",\"description\":\"Secrets of Eindhoven. J\u00e1tssz egy \u00f6nvezet\u0151 City Game-et, \u00e9s fedezd fel a v\u00e1rost rejtv\u00e9nyek, fejt\u00f6r\u0151k \u00e9s kih\u00edv\u00e1sok seg\u00edts\u00e9g\u00e9vel. J\u00e1tszd a saj\u00e1t temp\u00f3dban, \u00e9s fedezd fel, mint egy helyi!\",\"breadcrumb\":{\"@id\":\"https:\/\/testwebsite.citygame.com\/hu\/games\/eindhoven\/secrets-of-eindhoven\/#breadcrumb\"},\"inLanguage\":\"hu\",\"potentialAction\":[{\"@type\":\"ReadAction\",\"target\":[\"https:\/\/testwebsite.citygame.com\/hu\/games\/eindhoven\/secrets-of-eindhoven\/\"]}]},{\"@type\":\"ImageObject\",\"inLanguage\":\"hu\",\"@id\":\"https:\/\/testwebsite.citygame.com\/hu\/games\/eindhoven\/secrets-of-eindhoven\/#primaryimage\",\"url\":\"https:\/\/testwebsite.citygame.com\/wp-content\/blogs.dir\/1\/files\/sites\/62\/2026\/01\/group-of-friends-playing-city-game-eindhoven.jpg\",\"contentUrl\":\"https:\/\/testwebsite.citygame.com\/wp-content\/blogs.dir\/1\/files\/sites\/62\/2026\/01\/group-of-friends-playing-city-game-eindhoven.jpg\",\"width\":1248,\"height\":832,\"caption\":\"A group of friends laughing together while looking at a smartphone on a street in Eindhoven.\"},{\"@type\":\"BreadcrumbList\",\"@id\":\"https:\/\/testwebsite.citygame.com\/hu\/games\/eindhoven\/secrets-of-eindhoven\/#breadcrumb\",\"itemListElement\":[{\"@type\":\"ListItem\",\"position\":1,\"name\":\"Home\",\"item\":\"https:\/\/testwebsite.citygame.com\/hu\/\"},{\"@type\":\"ListItem\",\"position\":2,\"name\":\"Shop\",\"item\":\"https:\/\/testwebsite.citygame.com\/shop\/\"},{\"@type\":\"ListItem\",\"position\":3,\"name\":\"Secrets of Eindhoven\"}]},{\"@type\":\"WebSite\",\"@id\":\"https:\/\/testwebsite.upevents.nl\/#website\",\"url\":\"https:\/\/testwebsite.upevents.nl\/\",\"name\":\"City Game\",\"description\":\"\",\"publisher\":{\"@id\":\"https:\/\/testwebsite.upevents.nl\/#organization\"},\"alternateName\":\"citygame.com\",\"potentialAction\":[{\"@type\":\"SearchAction\",\"target\":{\"@type\":\"EntryPoint\",\"urlTemplate\":\"https:\/\/testwebsite.upevents.nl\/?s={search_term_string}\"},\"query-input\":{\"@type\":\"PropertyValueSpecification\",\"valueRequired\":true,\"valueName\":\"search_term_string\"}}],\"inLanguage\":\"hu\"},{\"@type\":[\"Organization\",\"Place\"],\"@id\":\"https:\/\/testwebsite.upevents.nl\/#organization\",\"name\":\"City Game\",\"alternateName\":\"citygame.com\",\"url\":\"https:\/\/testwebsite.upevents.nl\/\",\"logo\":{\"@id\":\"https:\/\/testwebsite.citygame.com\/hu\/games\/eindhoven\/secrets-of-eindhoven\/#local-main-organization-logo\"},\"image\":{\"@id\":\"https:\/\/testwebsite.citygame.com\/hu\/games\/eindhoven\/secrets-of-eindhoven\/#local-main-organization-logo\"},\"sameAs\":[\"https:\/\/www.facebook.com\/profile.php?id=100086426226253\",\"https:\/\/www.instagram.com\/citygame_com\",\"https:\/\/www.tiktok.com\/@citygamecom\/\",\"https:\/\/www.linkedin.com\/company\/citygame-com\"],\"description\":\"Turn any city into a playground with our interactive City Games and self-guided tours. Fun, flexible, and ideal for groups and team building.\",\"telephone\":[],\"openingHoursSpecification\":[{\"@type\":\"OpeningHoursSpecification\",\"dayOfWeek\":[\"Monday\",\"Tuesday\",\"Wednesday\",\"Thursday\",\"Friday\",\"Saturday\",\"Sunday\"],\"opens\":\"09:00\",\"closes\":\"17:00\"}]},{\"@type\":\"ImageObject\",\"inLanguage\":\"hu\",\"@id\":\"https:\/\/testwebsite.citygame.com\/hu\/games\/eindhoven\/secrets-of-eindhoven\/#local-main-organization-logo\",\"url\":\"https:\/\/testwebsite.citygame.com\/wp-content\/blogs.dir\/1\/files\/sites\/62\/2025\/10\/CG_LOGO-City-Game.png\",\"contentUrl\":\"https:\/\/testwebsite.citygame.com\/wp-content\/blogs.dir\/1\/files\/sites\/62\/2025\/10\/CG_LOGO-City-Game.png\",\"width\":351,\"height\":377,\"caption\":\"City Game\"}]}<\/script>\n<!-- \/ Yoast SEO Premium plugin. -->","yoast_head_json":{"title":"Secrets of Eindhoven - City Game","description":"Secrets of Eindhoven. J\u00e1tssz egy \u00f6nvezet\u0151 City Game-et, \u00e9s fedezd fel a v\u00e1rost rejtv\u00e9nyek, fejt\u00f6r\u0151k \u00e9s kih\u00edv\u00e1sok seg\u00edts\u00e9g\u00e9vel. J\u00e1tszd a saj\u00e1t temp\u00f3dban, \u00e9s fedezd fel, mint egy helyi!","robots":{"index":"noindex","follow":"follow","max-snippet":"max-snippet:-1","max-image-preview":"max-image-preview:large","max-video-preview":"max-video-preview:-1"},"og_locale":"hu_HU","og_type":"article","og_title":"Secrets of Eindhoven","og_description":"Secrets of Eindhoven. J\u00e1tssz egy \u00f6nvezet\u0151 City Game-et, \u00e9s fedezd fel a v\u00e1rost rejtv\u00e9nyek, fejt\u00f6r\u0151k \u00e9s kih\u00edv\u00e1sok seg\u00edts\u00e9g\u00e9vel. J\u00e1tszd a saj\u00e1t temp\u00f3dban, \u00e9s fedezd fel, mint egy helyi!","og_url":"https:\/\/testwebsite.citygame.com\/hu\/games\/eindhoven\/secrets-of-eindhoven\/","og_site_name":"City Game","article_publisher":"https:\/\/www.facebook.com\/profile.php?id=100086426226253","article_modified_time":"2026-04-07T23:02:51+00:00","og_image":[{"width":1248,"height":832,"url":"https:\/\/testwebsite.citygame.com\/wp-content\/blogs.dir\/1\/files\/sites\/62\/2026\/01\/group-of-friends-playing-city-game-eindhoven.jpg","type":"image\/jpeg"}],"twitter_card":"summary_large_image","twitter_misc":{"Becs\u00fclt olvas\u00e1si id\u0151":"1 perc"},"schema":{"@context":"https:\/\/schema.org","@graph":[{"@type":"WebPage","@id":"https:\/\/testwebsite.citygame.com\/hu\/games\/eindhoven\/secrets-of-eindhoven\/","url":"https:\/\/testwebsite.citygame.com\/hu\/games\/eindhoven\/secrets-of-eindhoven\/","name":"Secrets of Eindhoven - City Game","isPartOf":{"@id":"https:\/\/testwebsite.upevents.nl\/#website"},"primaryImageOfPage":{"@id":"https:\/\/testwebsite.citygame.com\/hu\/games\/eindhoven\/secrets-of-eindhoven\/#primaryimage"},"image":{"@id":"https:\/\/testwebsite.citygame.com\/hu\/games\/eindhoven\/secrets-of-eindhoven\/#primaryimage"},"thumbnailUrl":"https:\/\/testwebsite.citygame.com\/wp-content\/blogs.dir\/1\/files\/sites\/62\/2026\/01\/group-of-friends-playing-city-game-eindhoven.jpg","datePublished":"2026-01-27T10:52:47+00:00","dateModified":"2026-04-07T23:02:51+00:00","description":"Secrets of Eindhoven. J\u00e1tssz egy \u00f6nvezet\u0151 City Game-et, \u00e9s fedezd fel a v\u00e1rost rejtv\u00e9nyek, fejt\u00f6r\u0151k \u00e9s kih\u00edv\u00e1sok seg\u00edts\u00e9g\u00e9vel. J\u00e1tszd a saj\u00e1t temp\u00f3dban, \u00e9s fedezd fel, mint egy helyi!","breadcrumb":{"@id":"https:\/\/testwebsite.citygame.com\/hu\/games\/eindhoven\/secrets-of-eindhoven\/#breadcrumb"},"inLanguage":"hu","potentialAction":[{"@type":"ReadAction","target":["https:\/\/testwebsite.citygame.com\/hu\/games\/eindhoven\/secrets-of-eindhoven\/"]}]},{"@type":"ImageObject","inLanguage":"hu","@id":"https:\/\/testwebsite.citygame.com\/hu\/games\/eindhoven\/secrets-of-eindhoven\/#primaryimage","url":"https:\/\/testwebsite.citygame.com\/wp-content\/blogs.dir\/1\/files\/sites\/62\/2026\/01\/group-of-friends-playing-city-game-eindhoven.jpg","contentUrl":"https:\/\/testwebsite.citygame.com\/wp-content\/blogs.dir\/1\/files\/sites\/62\/2026\/01\/group-of-friends-playing-city-game-eindhoven.jpg","width":1248,"height":832,"caption":"A group of friends laughing together while looking at a smartphone on a street in Eindhoven."},{"@type":"BreadcrumbList","@id":"https:\/\/testwebsite.citygame.com\/hu\/games\/eindhoven\/secrets-of-eindhoven\/#breadcrumb","itemListElement":[{"@type":"ListItem","position":1,"name":"Home","item":"https:\/\/testwebsite.citygame.com\/hu\/"},{"@type":"ListItem","position":2,"name":"Shop","item":"https:\/\/testwebsite.citygame.com\/shop\/"},{"@type":"ListItem","position":3,"name":"Secrets of Eindhoven"}]},{"@type":"WebSite","@id":"https:\/\/testwebsite.upevents.nl\/#website","url":"https:\/\/testwebsite.upevents.nl\/","name":"City Game","description":"","publisher":{"@id":"https:\/\/testwebsite.upevents.nl\/#organization"},"alternateName":"citygame.com","potentialAction":[{"@type":"SearchAction","target":{"@type":"EntryPoint","urlTemplate":"https:\/\/testwebsite.upevents.nl\/?s={search_term_string}"},"query-input":{"@type":"PropertyValueSpecification","valueRequired":true,"valueName":"search_term_string"}}],"inLanguage":"hu"},{"@type":["Organization","Place"],"@id":"https:\/\/testwebsite.upevents.nl\/#organization","name":"City Game","alternateName":"citygame.com","url":"https:\/\/testwebsite.upevents.nl\/","logo":{"@id":"https:\/\/testwebsite.citygame.com\/hu\/games\/eindhoven\/secrets-of-eindhoven\/#local-main-organization-logo"},"image":{"@id":"https:\/\/testwebsite.citygame.com\/hu\/games\/eindhoven\/secrets-of-eindhoven\/#local-main-organization-logo"},"sameAs":["https:\/\/www.facebook.com\/profile.php?id=100086426226253","https:\/\/www.instagram.com\/citygame_com","https:\/\/www.tiktok.com\/@citygamecom\/","https:\/\/www.linkedin.com\/company\/citygame-com"],"description":"Turn any city into a playground with our interactive City Games and self-guided tours. Fun, flexible, and ideal for groups and team building.","telephone":[],"openingHoursSpecification":[{"@type":"OpeningHoursSpecification","dayOfWeek":["Monday","Tuesday","Wednesday","Thursday","Friday","Saturday","Sunday"],"opens":"09:00","closes":"17:00"}]},{"@type":"ImageObject","inLanguage":"hu","@id":"https:\/\/testwebsite.citygame.com\/hu\/games\/eindhoven\/secrets-of-eindhoven\/#local-main-organization-logo","url":"https:\/\/testwebsite.citygame.com\/wp-content\/blogs.dir\/1\/files\/sites\/62\/2025\/10\/CG_LOGO-City-Game.png","contentUrl":"https:\/\/testwebsite.citygame.com\/wp-content\/blogs.dir\/1\/files\/sites\/62\/2025\/10\/CG_LOGO-City-Game.png","width":351,"height":377,"caption":"City Game"}]}},"taxonomy_info":{"game-concept":[{"value":715,"label":"Secrets"}],"location":[{"value":154,"label":"Eindhoven"}],"product_cat":[{"value":27,"label":"Geen categorie"}]},"featured_image_src_large":["https:\/\/testwebsite.citygame.com\/wp-content\/blogs.dir\/1\/files\/sites\/62\/2026\/01\/group-of-friends-playing-city-game-eindhoven-1024x683.jpg",1024,683,true],"author_info":[],"comment_info":"","_links":{"self":[{"href":"https:\/\/testwebsite.citygame.com\/hu\/wp-json\/wp\/v2\/product\/56647","targetHints":{"allow":["GET"]}}],"collection":[{"href":"https:\/\/testwebsite.citygame.com\/hu\/wp-json\/wp\/v2\/product"}],"about":[{"href":"https:\/\/testwebsite.citygame.com\/hu\/wp-json\/wp\/v2\/types\/product"}],"acf:post":[{"embeddable":true,"href":"https:\/\/testwebsite.citygame.com\/hu\/wp-json\/wp\/v2\/pages\/4444"}],"wp:featuredmedia":[{"embeddable":true,"href":"https:\/\/testwebsite.citygame.com\/hu\/wp-json\/wp\/v2\/media\/4468"}],"wp:attachment":[{"href":"https:\/\/testwebsite.citygame.com\/hu\/wp-json\/wp\/v2\/media?parent=56647"}],"wp:term":[{"taxonomy":"game-concept","embeddable":true,"href":"https:\/\/testwebsite.citygame.com\/hu\/wp-json\/wp\/v2\/game-concept?post=56647"},{"taxonomy":"location","embeddable":true,"href":"https:\/\/testwebsite.citygame.com\/hu\/wp-json\/wp\/v2\/location?post=56647"},{"taxonomy":"product_brand","embeddable":true,"href":"https:\/\/testwebsite.citygame.com\/hu\/wp-json\/wp\/v2\/product_brand?post=56647"},{"taxonomy":"product_cat","embeddable":true,"href":"https:\/\/testwebsite.citygame.com\/hu\/wp-json\/wp\/v2\/product_cat?post=56647"},{"taxonomy":"product_tag","embeddable":true,"href":"https:\/\/testwebsite.citygame.com\/hu\/wp-json\/wp\/v2\/product_tag?post=56647"}],"curies":[{"name":"wp","href":"https:\/\/api.w.org\/{rel}","templated":true}]}}