{"id":56560,"date":"2026-02-10T16:58:32","date_gmt":"2026-02-10T16:58:32","guid":{"rendered":"https:\/\/testwebsite.citygame.com\/games\/unknown-location\/sherlock-holmes-rhodes\/"},"modified":"2026-04-07T22:54:16","modified_gmt":"2026-04-07T22:54:16","slug":"sherlock-holmes-rhodes","status":"publish","type":"product","link":"https:\/\/testwebsite.citygame.com\/hu\/games\/rhodes\/sherlock-holmes-rhodes\/","title":{"rendered":"Sherlock Holmes Rhodes"},"content":{"rendered":"<p>L\u00e9pjen be Sherlock Holmes vil\u00e1g\u00e1ba egy \u00f6nvezet\u0151, t\u00f6rt\u00e9netk\u00f6zpont\u00fa gyilkoss\u00e1gi rejt\u00e9ly City Game-mel, amely Rodosz t\u00f6rt\u00e9nelmi v\u00e1rosk\u00f6zpontj\u00e1ban j\u00e1tsz\u00f3dik. Mik\u00f6zben az utc\u00e1kon halad egy kibontakoz\u00f3 nyomoz\u00e1s k\u00f6zepette, \u00d6n nyomokat gy\u0171jt, bonyolult rejtv\u00e9nyeket old meg, \u00e9s digit\u00e1lis gyan\u00fas\u00edtottakat k\u00e9rdez ki, hogy felt\u00e1rja az igazs\u00e1got egy gyilkoss\u00e1g m\u00f6g\u00f6tt, amely a Szabads\u00e1g Fesztiv\u00e1l sor\u00e1n t\u00f6rt\u00e9nt. Az \u00e9lm\u00e9nyt ny\u00fajt\u00f3 nyomoz\u00f3i j\u00e1t\u00e9k lehet\u0151v\u00e9 teszi, hogy saj\u00e1t temp\u00f3j\u00e1ban fedezze fel az \u00fcgyet, mik\u00f6zben a rejt\u00e9ly k\u00f6zponti figur\u00e1j\u00e1v\u00e1 v\u00e1lik.<\/p>\n","protected":false},"excerpt":{"rendered":"<p>V\u00e1gjon bele egy izgalmas utaz\u00e1sba, l\u00e9pjen Sherlock Holmes szerep\u00e9be egy lebilincsel\u0151, \u00f6nvezet\u0151 gyilkoss\u00e1gi rejt\u00e9lyben Rodoszon. Az \u00d6n feladata, hogy nyomokat k\u00f6vessen, kih\u00edv\u00e1st jelent\u0151 feladv\u00e1nyokat oldjon meg, \u00e9s csapat\u00e1val az oldal\u00e1n fedezze fel az igazs\u00e1got \u2013 az id\u0151 s\u00fcrget!<\/p>\n","protected":false},"featured_media":11943,"template":"","meta":{"_acf_changed":false,"_yoast_wpseo_focuskw":"Sherlock Holmes Rhodes","_yoast_wpseo_metadesc":"Sherlock Holmes Rhodes. J\u00e1tsszon egy \u00f6nvezet\u0151 gyilkoss\u00e1gi rejt\u00e9ly City Game-et, oldjon meg fejt\u00f6r\u0151ket, k\u00f6vessen nyomokat \u00e9s fedezze fel a gyilkost a saj\u00e1t temp\u00f3j\u00e1ban!","_kad_blocks_custom_css":"","_kad_blocks_head_custom_js":"","_kad_blocks_body_custom_js":"","_kad_blocks_footer_custom_js":"","ghostkit_customizer_options":"","ghostkit_custom_css":"","ghostkit_custom_js_head":"","ghostkit_custom_js_foot":"","ghostkit_typography":"","_kad_post_transparent":"","_kad_post_title":"","_kad_post_layout":"","_kad_post_sidebar_id":"","_kad_post_content_style":"","_kad_post_vertical_padding":"","_kad_post_feature":"","_kad_post_feature_position":"","_kad_post_header":false,"_kad_post_footer":false,"_kad_post_classname":"","_links_to":"","_links_to_target":""},"game-concept":[776],"location":[342],"product_brand":[],"product_cat":[27],"product_tag":[],"class_list":{"0":"post-56560","1":"product","2":"type-product","3":"status-publish","4":"has-post-thumbnail","6":"game-concept-sherlock","7":"location-rhodes","8":"product_cat-geen-categorie","10":"first","11":"instock","12":"shipping-taxable","13":"purchasable","14":"product-type-simple","15":"entry","16":"content-bg","17":"loop-entry"},"acf":{"full_bokun_product_name":"Rhodes Self-Guided Sherlock Holmes Murder Mystery Game","location_name":"Rhodes","bokun_calendar_widget_code":"<script type=\"text\/javascript\" src=\"https:\/\/widgets.bokun.io\/assets\/javascripts\/apps\/build\/BokunWidgetsLoader.js?bookingChannelUUID=a1e93e96-5232-4734-a595-28405f4b5a31\" async><\/script>\n     \n    <div class=\"bokunWidget\" data-src=\"https:\/\/widgets.bokun.io\/online-sales\/a1e93e96-5232-4734-a595-28405f4b5a31\/experience-calendar\/771576\"><\/div>\n    <noscript>Please enable javascript in your browser to book<\/noscript>","bokun_button_widget_code":"<script type=\"text\/javascript\" src=\"https:\/\/widgets.bokun.io\/assets\/javascripts\/apps\/build\/BokunWidgetsLoader.js?bookingChannelUUID=a1e93e96-5232-4734-a595-28405f4b5a31\" async><\/script>\n      <style> #bokun_ed001e45_5927_4f62_b470_ca766338d083 { display: inline-block; padding: .4em 1em; background: #47b82e; border-radius: 999999px; box-shadow: none; font-weight: 600; font-size: 24px; text-decoration: none; text-align: center; color: #FFFFFF; border:none; cursor: pointer; transition: background .2s ease; } #bokun_ed001e45_5927_4f62_b470_ca766338d083:hover{ background: #2f7b1f; } #bokun_ed001e45_5927_4f62_b470_ca766338d083:active{ background: #378f24; } <\/style> <button class=\"bokunButton\" disabled id=bokun_ed001e45_5927_4f62_b470_ca766338d083 data-src=\"https:\/\/widgets.bokun.io\/online-sales\/a1e93e96-5232-4734-a595-28405f4b5a31\/experience-calendar\/771576?partialView=1\" data-testid=\"widget-book-button\" > Book now <\/button> ","what_you\u2019ll_experience_during_the_game":"Bel\u00e9p egy lebilincsel\u0151 detekt\u00edvt\u00f6rt\u00e9netbe Rodosz sz\u00edv\u00e9ben, ahol minden utca titkot rejthet, \u00e9s minden nyom k\u00f6zelebb vihet az \u00fcgy megold\u00e1s\u00e1hoz. Ahogy a Szabads\u00e1g Fesztiv\u00e1lon t\u00f6rt\u00e9nt gyilkoss\u00e1g h\u00e1tborzongat\u00f3 rejt\u00e9lye kibontakozik, \u00d6n v\u00e9gighalad a v\u00e1roson, \u00faj fejt\u00f6r\u0151ket, rejtett bizony\u00edt\u00e9kokat \u00e9s v\u00e1ratlan fordulatokat t\u00e1rva fel, amelyek minden l\u00e9p\u00e9ssel elm\u00e9ly\u00edtik az intrik\u00e1t.\n\nKihallgat digit\u00e1lis gyan\u00fas\u00edtottakat, megvizsg\u00e1lja az ellentmond\u00e1sos alibiket, \u00e9s \u00e9les megfigyel\u00e9ssel leplezi le a hazugs\u00e1gokat vagy k\u00f6vetkezetlens\u00e9geket. Az \u00e9lm\u00e9ny teljes m\u00e9rt\u00e9kben t\u00f6rt\u00e9netk\u00f6zpont\u00fa, arra \u00f6szt\u00f6n\u00f6zve \u00d6nt, hogy kritikusan gondolkodjon \u00e9s levon\u00e1sokat tegyen, mint egy igazi nyomoz\u00f3. Ak\u00e1r egyed\u00fcl, ak\u00e1r csapat r\u00e9szek\u00e9nt dolgozik, \u00d6n szabja meg a temp\u00f3t \u2013 sz\u00fcneteltetheti \u00e9s folytathatja az \u00fcgyet, amikor csak akarja. Maradjon koncentr\u00e1lt, rakja \u00f6ssze az igazs\u00e1got, \u00e9s bizony\u00edtsa be, hogy megvan \u00d6nben, ami ahhoz kell, hogy lez\u00e1rja az \u00fcgyet Rodoszon.","how_to_play":"Dolgozzon egyed\u00fcl, vagy bar\u00e1taival, csal\u00e1dj\u00e1val, illetve koll\u00e9g\u00e1ival legfeljebb n\u00e9gyf\u0151s csapatokban, eszk\u00f6z\u00f6nk\u00e9nt. A foglal\u00e1s ut\u00e1n e-mailben megkapja az \u00f6sszes sz\u00fcks\u00e9ges utas\u00edt\u00e1st.","start_location":"Rhodes, Modern Greek Art Museum of Rhodes","available_languages":["en","es","fr","de","it","nl"],"players_per_group":"1-4","duration":"1.5-2 hours","image_overlay_color_image":"https:\/\/testwebsite.citygame.com\/wp-content\/blogs.dir\/1\/files\/sites\/62\/2026\/01\/SherlockColor.svg","image_overlay_game_logo":"https:\/\/testwebsite.citygame.com\/wp-content\/blogs.dir\/1\/files\/sites\/62\/2026\/01\/SherlockLogo.png","city_page":8875,"woocommerce_general_content":null},"yoast_head":"<!-- This site is optimized with the Yoast SEO Premium plugin v26.2 (Yoast SEO v26.3) - https:\/\/yoast.com\/wordpress\/plugins\/seo\/ -->\n<title>Sherlock Holmes Rhodes - City Game<\/title>\n<meta name=\"description\" content=\"Sherlock Holmes Rhodes. J\u00e1tsszon egy \u00f6nvezet\u0151 gyilkoss\u00e1gi rejt\u00e9ly City Game-et, oldjon meg fejt\u00f6r\u0151ket, k\u00f6vessen nyomokat \u00e9s fedezze fel a gyilkost a saj\u00e1t temp\u00f3j\u00e1ban!\" \/>\n<meta name=\"robots\" content=\"noindex, follow, max-snippet:-1, max-image-preview:large, max-video-preview:-1\" \/>\n<meta property=\"og:locale\" content=\"hu_HU\" \/>\n<meta property=\"og:type\" content=\"article\" \/>\n<meta property=\"og:title\" content=\"Sherlock Holmes Rhodes\" \/>\n<meta property=\"og:description\" content=\"Sherlock Holmes Rhodes. J\u00e1tsszon egy \u00f6nvezet\u0151 gyilkoss\u00e1gi rejt\u00e9ly City Game-et, oldjon meg fejt\u00f6r\u0151ket, k\u00f6vessen nyomokat \u00e9s fedezze fel a gyilkost a saj\u00e1t temp\u00f3j\u00e1ban!\" \/>\n<meta property=\"og:url\" content=\"https:\/\/testwebsite.citygame.com\/hu\/games\/rhodes\/sherlock-holmes-rhodes\/\" \/>\n<meta property=\"og:site_name\" content=\"City Game\" \/>\n<meta property=\"article:publisher\" content=\"https:\/\/www.facebook.com\/profile.php?id=100086426226253\" \/>\n<meta property=\"article:modified_time\" content=\"2026-04-07T22:54:16+00:00\" \/>\n<meta property=\"og:image\" content=\"https:\/\/testwebsite.citygame.com\/wp-content\/blogs.dir\/1\/files\/sites\/62\/2026\/02\/man-exploring-rhodes-old-town-street-with-phone.jpg\" \/>\n\t<meta property=\"og:image:width\" content=\"1344\" \/>\n\t<meta property=\"og:image:height\" content=\"768\" \/>\n\t<meta property=\"og:image:type\" content=\"image\/jpeg\" \/>\n<meta name=\"twitter:card\" content=\"summary_large_image\" \/>\n<meta name=\"twitter:label1\" content=\"Becs\u00fclt olvas\u00e1si id\u0151\" \/>\n\t<meta name=\"twitter:data1\" content=\"1 perc\" \/>\n<script type=\"application\/ld+json\" class=\"yoast-schema-graph\">{\"@context\":\"https:\/\/schema.org\",\"@graph\":[{\"@type\":\"WebPage\",\"@id\":\"https:\/\/testwebsite.citygame.com\/hu\/games\/rhodes\/sherlock-holmes-rhodes\/\",\"url\":\"https:\/\/testwebsite.citygame.com\/hu\/games\/rhodes\/sherlock-holmes-rhodes\/\",\"name\":\"Sherlock Holmes Rhodes - City Game\",\"isPartOf\":{\"@id\":\"https:\/\/testwebsite.upevents.nl\/#website\"},\"primaryImageOfPage\":{\"@id\":\"https:\/\/testwebsite.citygame.com\/hu\/games\/rhodes\/sherlock-holmes-rhodes\/#primaryimage\"},\"image\":{\"@id\":\"https:\/\/testwebsite.citygame.com\/hu\/games\/rhodes\/sherlock-holmes-rhodes\/#primaryimage\"},\"thumbnailUrl\":\"https:\/\/testwebsite.citygame.com\/wp-content\/blogs.dir\/1\/files\/sites\/62\/2026\/02\/man-exploring-rhodes-old-town-street-with-phone.jpg\",\"datePublished\":\"2026-02-10T16:58:32+00:00\",\"dateModified\":\"2026-04-07T22:54:16+00:00\",\"description\":\"Sherlock Holmes Rhodes. J\u00e1tsszon egy \u00f6nvezet\u0151 gyilkoss\u00e1gi rejt\u00e9ly City Game-et, oldjon meg fejt\u00f6r\u0151ket, k\u00f6vessen nyomokat \u00e9s fedezze fel a gyilkost a saj\u00e1t temp\u00f3j\u00e1ban!\",\"breadcrumb\":{\"@id\":\"https:\/\/testwebsite.citygame.com\/hu\/games\/rhodes\/sherlock-holmes-rhodes\/#breadcrumb\"},\"inLanguage\":\"hu\",\"potentialAction\":[{\"@type\":\"ReadAction\",\"target\":[\"https:\/\/testwebsite.citygame.com\/hu\/games\/rhodes\/sherlock-holmes-rhodes\/\"]}]},{\"@type\":\"ImageObject\",\"inLanguage\":\"hu\",\"@id\":\"https:\/\/testwebsite.citygame.com\/hu\/games\/rhodes\/sherlock-holmes-rhodes\/#primaryimage\",\"url\":\"https:\/\/testwebsite.citygame.com\/wp-content\/blogs.dir\/1\/files\/sites\/62\/2026\/02\/man-exploring-rhodes-old-town-street-with-phone.jpg\",\"contentUrl\":\"https:\/\/testwebsite.citygame.com\/wp-content\/blogs.dir\/1\/files\/sites\/62\/2026\/02\/man-exploring-rhodes-old-town-street-with-phone.jpg\",\"width\":1344,\"height\":768,\"caption\":\"A visitor navigates the narrow, historic streets of the Old Town of Rhodes with a smartphone.\"},{\"@type\":\"BreadcrumbList\",\"@id\":\"https:\/\/testwebsite.citygame.com\/hu\/games\/rhodes\/sherlock-holmes-rhodes\/#breadcrumb\",\"itemListElement\":[{\"@type\":\"ListItem\",\"position\":1,\"name\":\"Home\",\"item\":\"https:\/\/testwebsite.citygame.com\/hu\/\"},{\"@type\":\"ListItem\",\"position\":2,\"name\":\"Shop\",\"item\":\"https:\/\/testwebsite.citygame.com\/shop\/\"},{\"@type\":\"ListItem\",\"position\":3,\"name\":\"Sherlock Holmes Rhodes\"}]},{\"@type\":\"WebSite\",\"@id\":\"https:\/\/testwebsite.upevents.nl\/#website\",\"url\":\"https:\/\/testwebsite.upevents.nl\/\",\"name\":\"City Game\",\"description\":\"\",\"publisher\":{\"@id\":\"https:\/\/testwebsite.upevents.nl\/#organization\"},\"alternateName\":\"citygame.com\",\"potentialAction\":[{\"@type\":\"SearchAction\",\"target\":{\"@type\":\"EntryPoint\",\"urlTemplate\":\"https:\/\/testwebsite.upevents.nl\/?s={search_term_string}\"},\"query-input\":{\"@type\":\"PropertyValueSpecification\",\"valueRequired\":true,\"valueName\":\"search_term_string\"}}],\"inLanguage\":\"hu\"},{\"@type\":[\"Organization\",\"Place\"],\"@id\":\"https:\/\/testwebsite.upevents.nl\/#organization\",\"name\":\"City Game\",\"alternateName\":\"citygame.com\",\"url\":\"https:\/\/testwebsite.upevents.nl\/\",\"logo\":{\"@id\":\"https:\/\/testwebsite.citygame.com\/hu\/games\/rhodes\/sherlock-holmes-rhodes\/#local-main-organization-logo\"},\"image\":{\"@id\":\"https:\/\/testwebsite.citygame.com\/hu\/games\/rhodes\/sherlock-holmes-rhodes\/#local-main-organization-logo\"},\"sameAs\":[\"https:\/\/www.facebook.com\/profile.php?id=100086426226253\",\"https:\/\/www.instagram.com\/citygame_com\",\"https:\/\/www.tiktok.com\/@citygamecom\/\",\"https:\/\/www.linkedin.com\/company\/citygame-com\"],\"description\":\"Turn any city into a playground with our interactive City Games and self-guided tours. Fun, flexible, and ideal for groups and team building.\",\"telephone\":[],\"openingHoursSpecification\":[{\"@type\":\"OpeningHoursSpecification\",\"dayOfWeek\":[\"Monday\",\"Tuesday\",\"Wednesday\",\"Thursday\",\"Friday\",\"Saturday\",\"Sunday\"],\"opens\":\"09:00\",\"closes\":\"17:00\"}]},{\"@type\":\"ImageObject\",\"inLanguage\":\"hu\",\"@id\":\"https:\/\/testwebsite.citygame.com\/hu\/games\/rhodes\/sherlock-holmes-rhodes\/#local-main-organization-logo\",\"url\":\"https:\/\/testwebsite.citygame.com\/wp-content\/blogs.dir\/1\/files\/sites\/62\/2025\/10\/CG_LOGO-City-Game.png\",\"contentUrl\":\"https:\/\/testwebsite.citygame.com\/wp-content\/blogs.dir\/1\/files\/sites\/62\/2025\/10\/CG_LOGO-City-Game.png\",\"width\":351,\"height\":377,\"caption\":\"City Game\"}]}<\/script>\n<!-- \/ Yoast SEO Premium plugin. -->","yoast_head_json":{"title":"Sherlock Holmes Rhodes - City Game","description":"Sherlock Holmes Rhodes. J\u00e1tsszon egy \u00f6nvezet\u0151 gyilkoss\u00e1gi rejt\u00e9ly City Game-et, oldjon meg fejt\u00f6r\u0151ket, k\u00f6vessen nyomokat \u00e9s fedezze fel a gyilkost a saj\u00e1t temp\u00f3j\u00e1ban!","robots":{"index":"noindex","follow":"follow","max-snippet":"max-snippet:-1","max-image-preview":"max-image-preview:large","max-video-preview":"max-video-preview:-1"},"og_locale":"hu_HU","og_type":"article","og_title":"Sherlock Holmes Rhodes","og_description":"Sherlock Holmes Rhodes. J\u00e1tsszon egy \u00f6nvezet\u0151 gyilkoss\u00e1gi rejt\u00e9ly City Game-et, oldjon meg fejt\u00f6r\u0151ket, k\u00f6vessen nyomokat \u00e9s fedezze fel a gyilkost a saj\u00e1t temp\u00f3j\u00e1ban!","og_url":"https:\/\/testwebsite.citygame.com\/hu\/games\/rhodes\/sherlock-holmes-rhodes\/","og_site_name":"City Game","article_publisher":"https:\/\/www.facebook.com\/profile.php?id=100086426226253","article_modified_time":"2026-04-07T22:54:16+00:00","og_image":[{"width":1344,"height":768,"url":"https:\/\/testwebsite.citygame.com\/wp-content\/blogs.dir\/1\/files\/sites\/62\/2026\/02\/man-exploring-rhodes-old-town-street-with-phone.jpg","type":"image\/jpeg"}],"twitter_card":"summary_large_image","twitter_misc":{"Becs\u00fclt olvas\u00e1si id\u0151":"1 perc"},"schema":{"@context":"https:\/\/schema.org","@graph":[{"@type":"WebPage","@id":"https:\/\/testwebsite.citygame.com\/hu\/games\/rhodes\/sherlock-holmes-rhodes\/","url":"https:\/\/testwebsite.citygame.com\/hu\/games\/rhodes\/sherlock-holmes-rhodes\/","name":"Sherlock Holmes Rhodes - City Game","isPartOf":{"@id":"https:\/\/testwebsite.upevents.nl\/#website"},"primaryImageOfPage":{"@id":"https:\/\/testwebsite.citygame.com\/hu\/games\/rhodes\/sherlock-holmes-rhodes\/#primaryimage"},"image":{"@id":"https:\/\/testwebsite.citygame.com\/hu\/games\/rhodes\/sherlock-holmes-rhodes\/#primaryimage"},"thumbnailUrl":"https:\/\/testwebsite.citygame.com\/wp-content\/blogs.dir\/1\/files\/sites\/62\/2026\/02\/man-exploring-rhodes-old-town-street-with-phone.jpg","datePublished":"2026-02-10T16:58:32+00:00","dateModified":"2026-04-07T22:54:16+00:00","description":"Sherlock Holmes Rhodes. J\u00e1tsszon egy \u00f6nvezet\u0151 gyilkoss\u00e1gi rejt\u00e9ly City Game-et, oldjon meg fejt\u00f6r\u0151ket, k\u00f6vessen nyomokat \u00e9s fedezze fel a gyilkost a saj\u00e1t temp\u00f3j\u00e1ban!","breadcrumb":{"@id":"https:\/\/testwebsite.citygame.com\/hu\/games\/rhodes\/sherlock-holmes-rhodes\/#breadcrumb"},"inLanguage":"hu","potentialAction":[{"@type":"ReadAction","target":["https:\/\/testwebsite.citygame.com\/hu\/games\/rhodes\/sherlock-holmes-rhodes\/"]}]},{"@type":"ImageObject","inLanguage":"hu","@id":"https:\/\/testwebsite.citygame.com\/hu\/games\/rhodes\/sherlock-holmes-rhodes\/#primaryimage","url":"https:\/\/testwebsite.citygame.com\/wp-content\/blogs.dir\/1\/files\/sites\/62\/2026\/02\/man-exploring-rhodes-old-town-street-with-phone.jpg","contentUrl":"https:\/\/testwebsite.citygame.com\/wp-content\/blogs.dir\/1\/files\/sites\/62\/2026\/02\/man-exploring-rhodes-old-town-street-with-phone.jpg","width":1344,"height":768,"caption":"A visitor navigates the narrow, historic streets of the Old Town of Rhodes with a smartphone."},{"@type":"BreadcrumbList","@id":"https:\/\/testwebsite.citygame.com\/hu\/games\/rhodes\/sherlock-holmes-rhodes\/#breadcrumb","itemListElement":[{"@type":"ListItem","position":1,"name":"Home","item":"https:\/\/testwebsite.citygame.com\/hu\/"},{"@type":"ListItem","position":2,"name":"Shop","item":"https:\/\/testwebsite.citygame.com\/shop\/"},{"@type":"ListItem","position":3,"name":"Sherlock Holmes Rhodes"}]},{"@type":"WebSite","@id":"https:\/\/testwebsite.upevents.nl\/#website","url":"https:\/\/testwebsite.upevents.nl\/","name":"City Game","description":"","publisher":{"@id":"https:\/\/testwebsite.upevents.nl\/#organization"},"alternateName":"citygame.com","potentialAction":[{"@type":"SearchAction","target":{"@type":"EntryPoint","urlTemplate":"https:\/\/testwebsite.upevents.nl\/?s={search_term_string}"},"query-input":{"@type":"PropertyValueSpecification","valueRequired":true,"valueName":"search_term_string"}}],"inLanguage":"hu"},{"@type":["Organization","Place"],"@id":"https:\/\/testwebsite.upevents.nl\/#organization","name":"City Game","alternateName":"citygame.com","url":"https:\/\/testwebsite.upevents.nl\/","logo":{"@id":"https:\/\/testwebsite.citygame.com\/hu\/games\/rhodes\/sherlock-holmes-rhodes\/#local-main-organization-logo"},"image":{"@id":"https:\/\/testwebsite.citygame.com\/hu\/games\/rhodes\/sherlock-holmes-rhodes\/#local-main-organization-logo"},"sameAs":["https:\/\/www.facebook.com\/profile.php?id=100086426226253","https:\/\/www.instagram.com\/citygame_com","https:\/\/www.tiktok.com\/@citygamecom\/","https:\/\/www.linkedin.com\/company\/citygame-com"],"description":"Turn any city into a playground with our interactive City Games and self-guided tours. Fun, flexible, and ideal for groups and team building.","telephone":[],"openingHoursSpecification":[{"@type":"OpeningHoursSpecification","dayOfWeek":["Monday","Tuesday","Wednesday","Thursday","Friday","Saturday","Sunday"],"opens":"09:00","closes":"17:00"}]},{"@type":"ImageObject","inLanguage":"hu","@id":"https:\/\/testwebsite.citygame.com\/hu\/games\/rhodes\/sherlock-holmes-rhodes\/#local-main-organization-logo","url":"https:\/\/testwebsite.citygame.com\/wp-content\/blogs.dir\/1\/files\/sites\/62\/2025\/10\/CG_LOGO-City-Game.png","contentUrl":"https:\/\/testwebsite.citygame.com\/wp-content\/blogs.dir\/1\/files\/sites\/62\/2025\/10\/CG_LOGO-City-Game.png","width":351,"height":377,"caption":"City Game"}]}},"taxonomy_info":{"game-concept":[{"value":776,"label":"Sherlock"}],"location":[{"value":342,"label":"Rhodes"}],"product_cat":[{"value":27,"label":"Geen categorie"}]},"featured_image_src_large":["https:\/\/testwebsite.citygame.com\/wp-content\/blogs.dir\/1\/files\/sites\/62\/2026\/02\/man-exploring-rhodes-old-town-street-with-phone-1024x585.jpg",1024,585,true],"author_info":[],"comment_info":"","_links":{"self":[{"href":"https:\/\/testwebsite.citygame.com\/hu\/wp-json\/wp\/v2\/product\/56560","targetHints":{"allow":["GET"]}}],"collection":[{"href":"https:\/\/testwebsite.citygame.com\/hu\/wp-json\/wp\/v2\/product"}],"about":[{"href":"https:\/\/testwebsite.citygame.com\/hu\/wp-json\/wp\/v2\/types\/product"}],"acf:post":[{"embeddable":true,"href":"https:\/\/testwebsite.citygame.com\/hu\/wp-json\/wp\/v2\/pages\/8875"}],"wp:featuredmedia":[{"embeddable":true,"href":"https:\/\/testwebsite.citygame.com\/hu\/wp-json\/wp\/v2\/media\/11943"}],"wp:attachment":[{"href":"https:\/\/testwebsite.citygame.com\/hu\/wp-json\/wp\/v2\/media?parent=56560"}],"wp:term":[{"taxonomy":"game-concept","embeddable":true,"href":"https:\/\/testwebsite.citygame.com\/hu\/wp-json\/wp\/v2\/game-concept?post=56560"},{"taxonomy":"location","embeddable":true,"href":"https:\/\/testwebsite.citygame.com\/hu\/wp-json\/wp\/v2\/location?post=56560"},{"taxonomy":"product_brand","embeddable":true,"href":"https:\/\/testwebsite.citygame.com\/hu\/wp-json\/wp\/v2\/product_brand?post=56560"},{"taxonomy":"product_cat","embeddable":true,"href":"https:\/\/testwebsite.citygame.com\/hu\/wp-json\/wp\/v2\/product_cat?post=56560"},{"taxonomy":"product_tag","embeddable":true,"href":"https:\/\/testwebsite.citygame.com\/hu\/wp-json\/wp\/v2\/product_tag?post=56560"}],"curies":[{"name":"wp","href":"https:\/\/api.w.org\/{rel}","templated":true}]}}